{"id":25207,"date":"2025-09-10T12:40:02","date_gmt":"2025-09-10T09:40:02","guid":{"rendered":"https:\/\/www.facecorner.lv\/?post_type=product&#038;p=25207"},"modified":"2025-09-10T12:40:06","modified_gmt":"2025-09-10T09:40:06","slug":"sungboon-editor-apple-peel-glow-skin-soothing-ampoule-30ml","status":"publish","type":"product","link":"https:\/\/www.facecorner.lv\/en\/shop\/sungboon-editor-apple-peel-glow-skin-soothing-ampoule-30ml\/","title":{"rendered":"SUNGBOON EDITOR Apple Peel Glow Skin Soothing Ampoule 30ml"},"content":{"rendered":"<p>SUNGBOON EDITOR Apple Peel Glow Skin Soothing Ampoule nomierino\u0161s ampulas ar AHA un \u0101bolu ekstraktu, kas pie\u0161\u0137ir \u0101dai mirdzumu.<\/p>\n<p>Intens\u012bva ampulu seruma, kas apvieno maigu p\u012blingu un dzi\u013cu \u0101das nomierin\u0101\u0161anu. Formula, kuras pamat\u0101 ir aug\u013cu sk\u0101bes (AHA) un za\u013co \u0101bolu ekstrakts, maigi atjauno \u0101du, uzlabo t\u0101s tekst\u016bru, izl\u012bdzina toni un pie\u0161\u0137ir dabisku mirdzumu.<\/p>\n<p>Nomierino\u0161o sast\u0101vda\u013cu komplekss samazina kairin\u0101jumu, atjauno mitruma l\u012bdzsvaru un padara \u0101du maigu un gludu jau p\u0113c pirm\u0101s lieto\u0161anas reizes.<\/p>\n<p><strong>Galven\u0101s \u012bpa\u0161\u012bbas:<\/strong><\/p>\n<ul>\n<li>\u00a0Maiga \u0101das atjauno\u0161ana pateicoties AHA<\/li>\n<li>\u00a0Nomierino\u0161a iedarb\u012bba \u2013 ide\u0101li piem\u0113rota jut\u012bgai \u0101dai<\/li>\n<li>\u00a0Vesel\u012bga mirdzuma efekts un izl\u012bdzin\u0101ts tonis<\/li>\n<li>\u00a0Intens\u012bva mitrin\u0101\u0161ana bez lip\u012bgas saj\u016btas<\/li>\n<li>\u00a0Viegla tekst\u016bra, \u0101tri uzs\u016bcas un neaizsprosto poras<\/li>\n<\/ul>\n<p><strong>How to use:\nAfter cleansing and toning, place the mask sheet on your face and let it rest for 30 minutes. <\/strong>P\u0113c tonika uzkl\u0101jiet 2\u20133 pilienus uz att\u012br\u012btas sejas \u0101das. Viegli izl\u012bdziniet un \u013caujiet ies\u016bkties. Lietojiet no r\u012bta un\/vai vakar\u0101.<\/p>\n<p><strong>Sast\u0101vs:<\/strong> Pyrus Malus (Apple) Fruit Water, Dipropylene Glycol, Glycerin, Butylene Glycol, Betaine, Methylpropanediol, Niacinamide, Pentylene Glycol, 1,2-Hexanediol, Water, Methyl Gluceth-20, Panthenol, Carbomer, Caprylic\/Capric Triglyceride, Ammonium Acryloyldimethyltaurate\/VP Copolymer, Tromethamine, Hydrogenated Lecithin, Propanediol, Ethylhexylglycerin, Xanthan Gum, Adenosine, Sodium Hyaluronate Crosspolymer, Limnanthes Alba (Meadowfoam) Seed Oil, Macadamia Ternifolia Seed Oil, Sodium Phytate, Succinic Acid, Squalane, Glyceryl Acrylate\/Acrylic Acid Copolymer, Hydrogenated Polydecene, Hydrolyzed Glycosaminoglycans, Ceramide NP, Triisostearin, Pyrus Malus (Apple) Fruit Extract, Sodium Hyaluronate, Butyrospermum Parkii (Shea) Butter, Benzyl Glycol, Polyglyceryl-10 Laurate, Polyglyceryl-3 Methylglucose Distearate, Beta-Glucan, Hydrolyzed Hyaluronic Acid, Cyanocobalamin, Sodium Ascorbyl Phosphate, Hydroxypropyltrimonium Hyaluronate, Allantoin, Hyaluronic Acid, Gluconolactone, Madecassoside, Tocopherol, Hydrolyzed Collagen, Soluble Collagen, Simmondsia Chinensis (Jojoba) Seed Oil, Dimethylsilanol Hyaluronate, Hydrolyzed Sodium Hyaluronate, Potassium Hyaluronate, Solanum Lycopersicum (Tomato) Fruit Extract, Sodium Hyaluronate Dimethylsilanol, Sodium Acetylated Hyaluronate<\/p>","protected":false},"excerpt":{"rendered":"<p>SUNGBOON EDITOR Apple Peel Glow Skin Soothing Ampoule nomierino\u0161s ampulas ar AHA un \u0101bolu ekstraktu, kas pie\u0161\u0137ir \u0101dai mirdzumu<\/p>","protected":false},"featured_media":25208,"comment_status":"open","ping_status":"closed","template":"","meta":{"site-sidebar-layout":"default","site-content-layout":"","ast-site-content-layout":"default","site-content-style":"default","site-sidebar-style":"default","ast-global-header-display":"","ast-banner-title-visibility":"","ast-main-header-display":"","ast-hfb-above-header-display":"","ast-hfb-below-header-display":"","ast-hfb-mobile-header-display":"","site-post-title":"","ast-breadcrumbs-content":"","ast-featured-img":"","footer-sml-layout":"","theme-transparent-header-meta":"default","adv-header-id-meta":"","stick-header-meta":"","header-above-stick-meta":"","header-main-stick-meta":"","header-below-stick-meta":"","astra-migrate-meta-layouts":"set","ast-page-background-enabled":"default","ast-page-background-meta":{"desktop":{"background-color":"var(--ast-global-color-4)","background-image":"","background-repeat":"repeat","background-position":"center center","background-size":"auto","background-attachment":"scroll","background-type":"","background-media":"","overlay-type":"","overlay-color":"","overlay-opacity":"","overlay-gradient":""},"tablet":{"background-color":"","background-image":"","background-repeat":"repeat","background-position":"center center","background-size":"auto","background-attachment":"scroll","background-type":"","background-media":"","overlay-type":"","overlay-color":"","overlay-opacity":"","overlay-gradient":""},"mobile":{"background-color":"","background-image":"","background-repeat":"repeat","background-position":"center center","background-size":"auto","background-attachment":"scroll","background-type":"","background-media":"","overlay-type":"","overlay-color":"","overlay-opacity":"","overlay-gradient":""}},"ast-content-background-meta":{"desktop":{"background-color":"var(--ast-global-color-5)","background-image":"","background-repeat":"repeat","background-position":"center center","background-size":"auto","background-attachment":"scroll","background-type":"","background-media":"","overlay-type":"","overlay-color":"","overlay-opacity":"","overlay-gradient":""},"tablet":{"background-color":"var(--ast-global-color-5)","background-image":"","background-repeat":"repeat","background-position":"center center","background-size":"auto","background-attachment":"scroll","background-type":"","background-media":"","overlay-type":"","overlay-color":"","overlay-opacity":"","overlay-gradient":""},"mobile":{"background-color":"var(--ast-global-color-5)","background-image":"","background-repeat":"repeat","background-position":"center center","background-size":"auto","background-attachment":"scroll","background-type":"","background-media":"","overlay-type":"","overlay-color":"","overlay-opacity":"","overlay-gradient":""}}},"product_brand":[],"product_cat":[370,373,374,363],"product_tag":[],"berocket_brand":[651],"class_list":{"0":"post-25207","1":"product","2":"type-product","3":"status-publish","4":"has-post-thumbnail","6":"product_cat-adas-mirdzumam","7":"product_cat-poras-sasaurinoss","8":"product_cat-pret-pinnem","9":"product_cat-serumi","10":"berocket_brand-sungboon-editor","11":"desktop-align-left","12":"tablet-align-left","13":"mobile-align-left","15":"first","16":"instock","17":"taxable","18":"shipping-taxable","19":"purchasable","20":"product-type-simple","21":"add-to-wishlist-before_image"},"yoast_head":"<!-- This site is optimized with the Yoast SEO plugin v27.4 - https:\/\/yoast.com\/product\/yoast-seo-wordpress\/ -->\n<title>SUNGBOON EDITOR Apple Peel Glow Skin Soothing Ampoule 30ml - FACECORNER<\/title>\n<meta name=\"description\" content=\"SUNGBOON EDITOR Apple Peel Glow Skin Soothing Ampoule nomierino\u0161s ampulas ar AHA un \u0101bolu ekstraktu, kas pie\u0161\u0137ir \u0101dai mirdzumu\" \/>\n<meta name=\"robots\" content=\"index, follow, max-snippet:-1, max-image-preview:large, max-video-preview:-1\" \/>\n<link rel=\"canonical\" href=\"https:\/\/www.facecorner.lv\/en\/shop\/sungboon-editor-apple-peel-glow-skin-soothing-ampoule-30ml\/\" \/>\n<meta property=\"og:locale\" content=\"en_US\" \/>\n<meta property=\"og:type\" content=\"article\" \/>\n<meta property=\"og:title\" content=\"SUNGBOON EDITOR Apple Peel Glow Skin Soothing Ampoule 30ml - FACECORNER\" \/>\n<meta property=\"og:description\" content=\"SUNGBOON EDITOR Apple Peel Glow Skin Soothing Ampoule nomierino\u0161s ampulas ar AHA un \u0101bolu ekstraktu, kas pie\u0161\u0137ir \u0101dai mirdzumu\" \/>\n<meta property=\"og:url\" content=\"https:\/\/www.facecorner.lv\/en\/shop\/sungboon-editor-apple-peel-glow-skin-soothing-ampoule-30ml\/\" \/>\n<meta property=\"og:site_name\" content=\"FACECORNER\" \/>\n<meta property=\"article:publisher\" content=\"https:\/\/www.facebook.com\/profile.php?id=100063824551839\" \/>\n<meta property=\"article:modified_time\" content=\"2025-09-10T09:40:06+00:00\" \/>\n<meta property=\"og:image\" content=\"https:\/\/www.facecorner.lv\/wp-content\/uploads\/2025\/09\/s-l1200-2.jpg\" \/>\n\t<meta property=\"og:image:width\" content=\"1000\" \/>\n\t<meta property=\"og:image:height\" content=\"1000\" \/>\n\t<meta property=\"og:image:type\" content=\"image\/jpeg\" \/>\n<meta name=\"twitter:card\" content=\"summary_large_image\" \/>\n<meta name=\"twitter:label1\" content=\"Price\" \/>\n\t<meta name=\"twitter:data1\" content=\"&euro;22.99\" \/>\n\t<meta name=\"twitter:label2\" content=\"Availability\" \/>\n\t<meta name=\"twitter:data2\" content=\"In stock\" \/>\n<script type=\"application\/ld+json\" class=\"yoast-schema-graph\">{\"@context\":\"https:\\\/\\\/schema.org\",\"@graph\":[{\"@type\":\"WebPage\",\"@id\":\"https:\\\/\\\/www.facecorner.lv\\\/shop\\\/sungboon-editor-apple-peel-glow-skin-soothing-ampoule-30ml\\\/\",\"url\":\"https:\\\/\\\/www.facecorner.lv\\\/shop\\\/sungboon-editor-apple-peel-glow-skin-soothing-ampoule-30ml\\\/\",\"name\":\"SUNGBOON EDITOR Apple Peel Glow Skin Soothing Ampoule 30ml - FACECORNER\",\"isPartOf\":{\"@id\":\"https:\\\/\\\/www.facecorner.lv\\\/#website\"},\"primaryImageOfPage\":{\"@id\":\"https:\\\/\\\/www.facecorner.lv\\\/shop\\\/sungboon-editor-apple-peel-glow-skin-soothing-ampoule-30ml\\\/#primaryimage\"},\"image\":{\"@id\":\"https:\\\/\\\/www.facecorner.lv\\\/shop\\\/sungboon-editor-apple-peel-glow-skin-soothing-ampoule-30ml\\\/#primaryimage\"},\"thumbnailUrl\":\"https:\\\/\\\/www.facecorner.lv\\\/wp-content\\\/uploads\\\/2025\\\/09\\\/s-l1200-2.jpg\",\"datePublished\":\"2025-09-10T09:40:02+00:00\",\"dateModified\":\"2025-09-10T09:40:06+00:00\",\"description\":\"SUNGBOON EDITOR Apple Peel Glow Skin Soothing Ampoule nomierino\u0161s ampulas ar AHA un \u0101bolu ekstraktu, kas pie\u0161\u0137ir \u0101dai mirdzumu\",\"breadcrumb\":{\"@id\":\"https:\\\/\\\/www.facecorner.lv\\\/shop\\\/sungboon-editor-apple-peel-glow-skin-soothing-ampoule-30ml\\\/#breadcrumb\"},\"inLanguage\":\"en-US\",\"potentialAction\":[{\"@type\":\"ReadAction\",\"target\":[\"https:\\\/\\\/www.facecorner.lv\\\/shop\\\/sungboon-editor-apple-peel-glow-skin-soothing-ampoule-30ml\\\/\"]}]},{\"@type\":\"ImageObject\",\"inLanguage\":\"en-US\",\"@id\":\"https:\\\/\\\/www.facecorner.lv\\\/shop\\\/sungboon-editor-apple-peel-glow-skin-soothing-ampoule-30ml\\\/#primaryimage\",\"url\":\"https:\\\/\\\/www.facecorner.lv\\\/wp-content\\\/uploads\\\/2025\\\/09\\\/s-l1200-2.jpg\",\"contentUrl\":\"https:\\\/\\\/www.facecorner.lv\\\/wp-content\\\/uploads\\\/2025\\\/09\\\/s-l1200-2.jpg\",\"width\":1000,\"height\":1000,\"caption\":\"SUNGBOON EDITOR Apple Peel Glow Skin Soothing Ampoule\"},{\"@type\":\"BreadcrumbList\",\"@id\":\"https:\\\/\\\/www.facecorner.lv\\\/shop\\\/sungboon-editor-apple-peel-glow-skin-soothing-ampoule-30ml\\\/#breadcrumb\",\"itemListElement\":[{\"@type\":\"ListItem\",\"position\":1,\"name\":\"Home\",\"item\":\"https:\\\/\\\/www.facecorner.lv\\\/\"},{\"@type\":\"ListItem\",\"position\":2,\"name\":\"Veikals\",\"item\":\"https:\\\/\\\/www.facecorner.lv\\\/shop\\\/\"},{\"@type\":\"ListItem\",\"position\":3,\"name\":\"SUNGBOON EDITOR Apple Peel Glow Skin Soothing Ampoule 30ml\"}]},{\"@type\":\"WebSite\",\"@id\":\"https:\\\/\\\/www.facecorner.lv\\\/#website\",\"url\":\"https:\\\/\\\/www.facecorner.lv\\\/\",\"name\":\"Facecorner\",\"description\":\"\",\"publisher\":{\"@id\":\"https:\\\/\\\/www.facecorner.lv\\\/#organization\"},\"potentialAction\":[{\"@type\":\"SearchAction\",\"target\":{\"@type\":\"EntryPoint\",\"urlTemplate\":\"https:\\\/\\\/www.facecorner.lv\\\/?s={search_term_string}\"},\"query-input\":{\"@type\":\"PropertyValueSpecification\",\"valueRequired\":true,\"valueName\":\"search_term_string\"}}],\"inLanguage\":\"en-US\"},{\"@type\":\"Organization\",\"@id\":\"https:\\\/\\\/www.facecorner.lv\\\/#organization\",\"name\":\"Facecorner\",\"url\":\"https:\\\/\\\/www.facecorner.lv\\\/\",\"logo\":{\"@type\":\"ImageObject\",\"inLanguage\":\"en-US\",\"@id\":\"https:\\\/\\\/www.facecorner.lv\\\/#\\\/schema\\\/logo\\\/image\\\/\",\"url\":\"https:\\\/\\\/www.facecorner.lv\\\/wp-content\\\/uploads\\\/2024\\\/04\\\/fc-logo.jpg\",\"contentUrl\":\"https:\\\/\\\/www.facecorner.lv\\\/wp-content\\\/uploads\\\/2024\\\/04\\\/fc-logo.jpg\",\"width\":174,\"height\":28,\"caption\":\"Facecorner\"},\"image\":{\"@id\":\"https:\\\/\\\/www.facecorner.lv\\\/#\\\/schema\\\/logo\\\/image\\\/\"},\"sameAs\":[\"https:\\\/\\\/www.facebook.com\\\/profile.php?id=100063824551839\",\"https:\\\/\\\/www.instagram.com\\\/facecorner_shop\\\/\"]}]}<\/script>\n<meta property=\"product:price:amount\" content=\"22.99\" \/>\n<meta property=\"product:price:currency\" content=\"EUR\" \/>\n<meta property=\"og:availability\" content=\"instock\" \/>\n<meta property=\"product:availability\" content=\"instock\" \/>\n<meta property=\"product:condition\" content=\"new\" \/>\n<!-- \/ Yoast SEO plugin. -->","yoast_head_json":{"title":"SUNGBOON EDITOR Apple Peel Glow Skin Soothing Ampoule 30ml - FACECORNER","description":"SUNGBOON EDITOR Apple Peel Glow Skin Soothing Ampoule nomierino\u0161s ampulas ar AHA un \u0101bolu ekstraktu, kas pie\u0161\u0137ir \u0101dai mirdzumu","robots":{"index":"index","follow":"follow","max-snippet":"max-snippet:-1","max-image-preview":"max-image-preview:large","max-video-preview":"max-video-preview:-1"},"canonical":"https:\/\/www.facecorner.lv\/en\/shop\/sungboon-editor-apple-peel-glow-skin-soothing-ampoule-30ml\/","og_locale":"en_US","og_type":"article","og_title":"SUNGBOON EDITOR Apple Peel Glow Skin Soothing Ampoule 30ml - FACECORNER","og_description":"SUNGBOON EDITOR Apple Peel Glow Skin Soothing Ampoule nomierino\u0161s ampulas ar AHA un \u0101bolu ekstraktu, kas pie\u0161\u0137ir \u0101dai mirdzumu","og_url":"https:\/\/www.facecorner.lv\/en\/shop\/sungboon-editor-apple-peel-glow-skin-soothing-ampoule-30ml\/","og_site_name":"FACECORNER","article_publisher":"https:\/\/www.facebook.com\/profile.php?id=100063824551839","article_modified_time":"2025-09-10T09:40:06+00:00","og_image":[{"width":1000,"height":1000,"url":"https:\/\/www.facecorner.lv\/wp-content\/uploads\/2025\/09\/s-l1200-2.jpg","type":"image\/jpeg"}],"twitter_card":"summary_large_image","twitter_misc":{"Price":"&euro;22.99","Availability":"In stock"},"schema":{"@context":"https:\/\/schema.org","@graph":[{"@type":"WebPage","@id":"https:\/\/www.facecorner.lv\/shop\/sungboon-editor-apple-peel-glow-skin-soothing-ampoule-30ml\/","url":"https:\/\/www.facecorner.lv\/shop\/sungboon-editor-apple-peel-glow-skin-soothing-ampoule-30ml\/","name":"SUNGBOON EDITOR Apple Peel Glow Skin Soothing Ampoule 30ml - FACECORNER","isPartOf":{"@id":"https:\/\/www.facecorner.lv\/#website"},"primaryImageOfPage":{"@id":"https:\/\/www.facecorner.lv\/shop\/sungboon-editor-apple-peel-glow-skin-soothing-ampoule-30ml\/#primaryimage"},"image":{"@id":"https:\/\/www.facecorner.lv\/shop\/sungboon-editor-apple-peel-glow-skin-soothing-ampoule-30ml\/#primaryimage"},"thumbnailUrl":"https:\/\/www.facecorner.lv\/wp-content\/uploads\/2025\/09\/s-l1200-2.jpg","datePublished":"2025-09-10T09:40:02+00:00","dateModified":"2025-09-10T09:40:06+00:00","description":"SUNGBOON EDITOR Apple Peel Glow Skin Soothing Ampoule nomierino\u0161s ampulas ar AHA un \u0101bolu ekstraktu, kas pie\u0161\u0137ir \u0101dai mirdzumu","breadcrumb":{"@id":"https:\/\/www.facecorner.lv\/shop\/sungboon-editor-apple-peel-glow-skin-soothing-ampoule-30ml\/#breadcrumb"},"inLanguage":"en-US","potentialAction":[{"@type":"ReadAction","target":["https:\/\/www.facecorner.lv\/shop\/sungboon-editor-apple-peel-glow-skin-soothing-ampoule-30ml\/"]}]},{"@type":"ImageObject","inLanguage":"en-US","@id":"https:\/\/www.facecorner.lv\/shop\/sungboon-editor-apple-peel-glow-skin-soothing-ampoule-30ml\/#primaryimage","url":"https:\/\/www.facecorner.lv\/wp-content\/uploads\/2025\/09\/s-l1200-2.jpg","contentUrl":"https:\/\/www.facecorner.lv\/wp-content\/uploads\/2025\/09\/s-l1200-2.jpg","width":1000,"height":1000,"caption":"SUNGBOON EDITOR Apple Peel Glow Skin Soothing Ampoule"},{"@type":"BreadcrumbList","@id":"https:\/\/www.facecorner.lv\/shop\/sungboon-editor-apple-peel-glow-skin-soothing-ampoule-30ml\/#breadcrumb","itemListElement":[{"@type":"ListItem","position":1,"name":"Home","item":"https:\/\/www.facecorner.lv\/"},{"@type":"ListItem","position":2,"name":"Veikals","item":"https:\/\/www.facecorner.lv\/shop\/"},{"@type":"ListItem","position":3,"name":"SUNGBOON EDITOR Apple Peel Glow Skin Soothing Ampoule 30ml"}]},{"@type":"WebSite","@id":"https:\/\/www.facecorner.lv\/#website","url":"https:\/\/www.facecorner.lv\/","name":"Facecorner","description":"","publisher":{"@id":"https:\/\/www.facecorner.lv\/#organization"},"potentialAction":[{"@type":"SearchAction","target":{"@type":"EntryPoint","urlTemplate":"https:\/\/www.facecorner.lv\/?s={search_term_string}"},"query-input":{"@type":"PropertyValueSpecification","valueRequired":true,"valueName":"search_term_string"}}],"inLanguage":"en-US"},{"@type":"Organization","@id":"https:\/\/www.facecorner.lv\/#organization","name":"Facecorner","url":"https:\/\/www.facecorner.lv\/","logo":{"@type":"ImageObject","inLanguage":"en-US","@id":"https:\/\/www.facecorner.lv\/#\/schema\/logo\/image\/","url":"https:\/\/www.facecorner.lv\/wp-content\/uploads\/2024\/04\/fc-logo.jpg","contentUrl":"https:\/\/www.facecorner.lv\/wp-content\/uploads\/2024\/04\/fc-logo.jpg","width":174,"height":28,"caption":"Facecorner"},"image":{"@id":"https:\/\/www.facecorner.lv\/#\/schema\/logo\/image\/"},"sameAs":["https:\/\/www.facebook.com\/profile.php?id=100063824551839","https:\/\/www.instagram.com\/facecorner_shop\/"]}]},"product_price_amount":"22.99","product_price_currency":"EUR","og_availability":"instock","product_availability":"instock","product_condition":"new"},"_links":{"self":[{"href":"https:\/\/www.facecorner.lv\/en\/wp-json\/wp\/v2\/product\/25207","targetHints":{"allow":["GET"]}}],"collection":[{"href":"https:\/\/www.facecorner.lv\/en\/wp-json\/wp\/v2\/product"}],"about":[{"href":"https:\/\/www.facecorner.lv\/en\/wp-json\/wp\/v2\/types\/product"}],"replies":[{"embeddable":true,"href":"https:\/\/www.facecorner.lv\/en\/wp-json\/wp\/v2\/comments?post=25207"}],"wp:featuredmedia":[{"embeddable":true,"href":"https:\/\/www.facecorner.lv\/en\/wp-json\/wp\/v2\/media\/25208"}],"wp:attachment":[{"href":"https:\/\/www.facecorner.lv\/en\/wp-json\/wp\/v2\/media?parent=25207"}],"wp:term":[{"taxonomy":"product_brand","embeddable":true,"href":"https:\/\/www.facecorner.lv\/en\/wp-json\/wp\/v2\/product_brand?post=25207"},{"taxonomy":"product_cat","embeddable":true,"href":"https:\/\/www.facecorner.lv\/en\/wp-json\/wp\/v2\/product_cat?post=25207"},{"taxonomy":"product_tag","embeddable":true,"href":"https:\/\/www.facecorner.lv\/en\/wp-json\/wp\/v2\/product_tag?post=25207"},{"taxonomy":"berocket_brand","embeddable":true,"href":"https:\/\/www.facecorner.lv\/en\/wp-json\/wp\/v2\/berocket_brand?post=25207"}],"curies":[{"name":"wp","href":"https:\/\/api.w.org\/{rel}","templated":true}]}}