{"id":25146,"date":"2025-09-02T11:28:27","date_gmt":"2025-09-02T08:28:27","guid":{"rendered":"https:\/\/www.facecorner.lv\/?post_type=product&#038;p=25146"},"modified":"2025-09-23T09:52:05","modified_gmt":"2025-09-23T06:52:05","slug":"dalba-white-truffle-mild-skin-balancing-vegan-cleanser-200ml","status":"publish","type":"product","link":"https:\/\/www.facecorner.lv\/en\/shop\/dalba-white-truffle-mild-skin-balancing-vegan-cleanser-200ml\/","title":{"rendered":"d\u2019Alba White Truffle Mild Skin\u202fBalancing Vegan Cleanser 200ml"},"content":{"rendered":"<p>d\u2019Alba White Truffle Mild Skin\u202fBalancing Vegan Cleanser maigs att\u012bro\u0161ais g\u0113ls ar firmas sast\u0101vda\u013cu Trufferol\u2122 apvieno it\u0101\u013cu baltos trife\u013cus un E vitam\u012bnu, nodro\u0161inot sp\u0113c\u012bgu antioksidantu efektu un maigu att\u012br\u012b\u0161anu, nesaboj\u0101jot \u0101das barjeru.<\/p>\n<p>Pateicoties l\u012bdzsvarotam pH (4,7\u20136,7), kas ir tuvu dabiskajam \u0101das l\u012bmenim, l\u012bdzeklis efekt\u012bvi no\u0146em net\u012brumus un kosm\u0113tiku, atst\u0101jot \u0101du mitrin\u0101tu un komfortablu p\u0113c lieto\u0161anas.<\/p>\n<ul>\n<li>Trufferol\u2122 \u2013 balto trife\u013cu un E vitam\u012bna antioksidantu kombin\u0101cija, kas efektivit\u0101tes zi\u0146\u0101 p\u0101rsp\u0113j propolisu.<\/li>\n<li>TruPair (CICA komplekss) \u2013 satur madekaso\u012bdu, aziatiko\u012bdu, aziatisko sk\u0101bi un Centella asiatica ekstraktu, kas nomierina \u0101du un atjauno t\u0101s barjeru.<\/li>\n<li>Phyto Green Peeling Complex \u2013 augu ekstrakti no aug\u013ciem (papaja, \u0101bols, pl\u016bme, v\u012bnogas) nodro\u0161ina maigu p\u012blingu un \u0101das mirdzumu.<\/li>\n<li>Ceramide NP \u2013 nostiprina lip\u012bdu barjeru un nov\u0113r\u0161 mitruma zudumu.<\/li>\n<li>Panthenols (provitam\u012bns B5) \u2013 mitrina un nomierina \u0101du.<\/li>\n<\/ul>\n<p><strong>How to use:<\/strong>: Samitriniet seju ar siltu \u016bdeni.Uzkl\u0101jiet nelielu daudzumu g\u0113la uz plaukstas un uzputiniet, pievienojot nedaudz \u016bdens.Ar mas\u0101\u017eas kust\u012bb\u0101m izl\u012bdziniet putas uz \u0101das apm\u0113ram 60 sekundes, piev\u0113r\u0161ot uzman\u012bbu deguna, pieres un zoda zonai.R\u016bp\u012bgi noskalojiet ar siltu \u016bdeni.Lietojiet no r\u012bta un vakar\u0101 k\u0101 pirmo kop\u0161anas posmu p\u0113c att\u012br\u012b\u0161anas.<\/p>\n<p><strong>Sast\u0101vs:<\/strong> Water (Aqua), Glycerin, Disodium Cocoamphodiacetate, Coco-glucoside, Lauryl Glucoside, Sodium Chloride, TEA\u2011Cocoyl Glutamate, <strong data-start=\"406\" data-end=\"432\">Tuber Magnatum Extract<\/strong> (\u044d\u043a\u0441\u0442\u0440\u0430\u043a\u0442 \u0431\u0435\u043b\u043e\u0433\u043e \u0442\u0440\u044e\u0444\u0435\u043b\u044f), <strong data-start=\"460\" data-end=\"489\">Centella Asiatica Extract<\/strong>, Madecassoside, Asiaticoside, Asiatic Acid, Acrylates\/C10-30 Alkyl Acrylate Crosspolymer, Citric Acid, Chlorphenesin, Melaleuca Alternifolia (Tea Tree) Extract, Ethylhexylglycerin, Xanthan Gum, Butylene Glycol, Carica Papaya (Papaya) Fruit Extract, Pyrus Malus (Apple) Fruit Extract, Prunus Mume Fruit Extract, Vitis Vinifera (Grape) Fruit Extract, Panthenol, Melia Azadirachta Leaf Extract, Saccharide Isomerate, 1,2\u2011Hexanediol, Melia Azadirachta Flower Extract, Caramel, <strong data-start=\"963\" data-end=\"978\">Ceramide NP<\/strong>, Myristic Acid, Stearic Acid, Sodium Citrate, Palmitic Acid, Arachidic Acid, Lauric Acid, Oleic Acid, Lavandula Angustifolia (Lavender) Oil, Linalool<\/p>","protected":false},"excerpt":{"rendered":"<p>d\u2019Alba White Truffle Mild Skin\u202fBalancing Vegan Cleanser maigs att\u012bro\u0161ais g\u0113ls ar firmas sast\u0101vda\u013cu Trufferol\u2122 apvieno it\u0101\u013cu baltos trife\u013cus un E vitam\u012bnu, nodro\u0161inot sp\u0113c\u012bgu antioksidantu efektu un maigu att\u012br\u012b\u0161anu, nesaboj\u0101jot \u0101das barjeru.<\/p>","protected":false},"featured_media":25148,"comment_status":"open","ping_status":"closed","template":"","meta":{"site-sidebar-layout":"default","site-content-layout":"","ast-site-content-layout":"default","site-content-style":"default","site-sidebar-style":"default","ast-global-header-display":"","ast-banner-title-visibility":"","ast-main-header-display":"","ast-hfb-above-header-display":"","ast-hfb-below-header-display":"","ast-hfb-mobile-header-display":"","site-post-title":"","ast-breadcrumbs-content":"","ast-featured-img":"","footer-sml-layout":"","theme-transparent-header-meta":"default","adv-header-id-meta":"","stick-header-meta":"","header-above-stick-meta":"","header-main-stick-meta":"","header-below-stick-meta":"","astra-migrate-meta-layouts":"set","ast-page-background-enabled":"default","ast-page-background-meta":{"desktop":{"background-color":"var(--ast-global-color-4)","background-image":"","background-repeat":"repeat","background-position":"center center","background-size":"auto","background-attachment":"scroll","background-type":"","background-media":"","overlay-type":"","overlay-color":"","overlay-opacity":"","overlay-gradient":""},"tablet":{"background-color":"","background-image":"","background-repeat":"repeat","background-position":"center center","background-size":"auto","background-attachment":"scroll","background-type":"","background-media":"","overlay-type":"","overlay-color":"","overlay-opacity":"","overlay-gradient":""},"mobile":{"background-color":"","background-image":"","background-repeat":"repeat","background-position":"center center","background-size":"auto","background-attachment":"scroll","background-type":"","background-media":"","overlay-type":"","overlay-color":"","overlay-opacity":"","overlay-gradient":""}},"ast-content-background-meta":{"desktop":{"background-color":"var(--ast-global-color-5)","background-image":"","background-repeat":"repeat","background-position":"center center","background-size":"auto","background-attachment":"scroll","background-type":"","background-media":"","overlay-type":"","overlay-color":"","overlay-opacity":"","overlay-gradient":""},"tablet":{"background-color":"var(--ast-global-color-5)","background-image":"","background-repeat":"repeat","background-position":"center center","background-size":"auto","background-attachment":"scroll","background-type":"","background-media":"","overlay-type":"","overlay-color":"","overlay-opacity":"","overlay-gradient":""},"mobile":{"background-color":"var(--ast-global-color-5)","background-image":"","background-repeat":"repeat","background-position":"center center","background-size":"auto","background-attachment":"scroll","background-type":"","background-media":"","overlay-type":"","overlay-color":"","overlay-opacity":"","overlay-gradient":""}}},"product_brand":[],"product_cat":[511,310,311,312,317,314],"product_tag":[],"berocket_brand":[572],"class_list":{"0":"post-25146","1":"product","2":"type-product","3":"status-publish","4":"has-post-thumbnail","6":"product_cat-atlaides","7":"product_cat-attirisana","8":"product_cat-jutigai-adai-attirisana","9":"product_cat-kombinetai-adai-attirisana","10":"product_cat-sausai-adai-attirisana","11":"product_cat-taukainai-adai-attirisana","12":"berocket_brand-dalba","13":"desktop-align-left","14":"tablet-align-left","15":"mobile-align-left","17":"first","18":"outofstock","19":"sale","20":"taxable","21":"shipping-taxable","22":"purchasable","23":"product-type-simple","24":"add-to-wishlist-before_image"},"yoast_head":"<!-- This site is optimized with the Yoast SEO plugin v27.4 - https:\/\/yoast.com\/product\/yoast-seo-wordpress\/ -->\n<title>d\u2019Alba White Truffle Mild Skin\u202fBalancing Vegan Cleanser 200ml - FACECORNER<\/title>\n<meta name=\"description\" content=\"d\u2019Alba White Truffle Mild Skin\u202fBalancing Vegan Cleanser maigs att\u012bro\u0161ais g\u0113ls ar firmas sast\u0101vda\u013cu Trufferol\u2122 apvieno it\u0101\u013cu baltos trife\u013cus un E vitam\u012bnu\" \/>\n<meta name=\"robots\" content=\"index, follow, max-snippet:-1, max-image-preview:large, max-video-preview:-1\" \/>\n<link rel=\"canonical\" href=\"https:\/\/www.facecorner.lv\/en\/shop\/dalba-white-truffle-mild-skin-balancing-vegan-cleanser-200ml\/\" \/>\n<meta property=\"og:locale\" content=\"en_US\" \/>\n<meta property=\"og:type\" content=\"article\" \/>\n<meta property=\"og:title\" content=\"d\u2019Alba White Truffle Mild Skin\u202fBalancing Vegan Cleanser 200ml - FACECORNER\" \/>\n<meta property=\"og:description\" content=\"d\u2019Alba White Truffle Mild Skin\u202fBalancing Vegan Cleanser maigs att\u012bro\u0161ais g\u0113ls ar firmas sast\u0101vda\u013cu Trufferol\u2122 apvieno it\u0101\u013cu baltos trife\u013cus un E vitam\u012bnu\" \/>\n<meta property=\"og:url\" content=\"https:\/\/www.facecorner.lv\/en\/shop\/dalba-white-truffle-mild-skin-balancing-vegan-cleanser-200ml\/\" \/>\n<meta property=\"og:site_name\" content=\"FACECORNER\" \/>\n<meta property=\"article:publisher\" content=\"https:\/\/www.facebook.com\/profile.php?id=100063824551839\" \/>\n<meta property=\"article:modified_time\" content=\"2025-09-23T06:52:05+00:00\" \/>\n<meta name=\"twitter:card\" content=\"summary_large_image\" \/>\n<meta name=\"twitter:label1\" content=\"Price\" \/>\n\t<meta name=\"twitter:data1\" content=\"&euro;29.90\" \/>\n\t<meta name=\"twitter:label2\" content=\"Availability\" \/>\n\t<meta name=\"twitter:data2\" content=\"Out of stock\" \/>\n<script type=\"application\/ld+json\" class=\"yoast-schema-graph\">{\"@context\":\"https:\\\/\\\/schema.org\",\"@graph\":[{\"@type\":\"WebPage\",\"@id\":\"https:\\\/\\\/www.facecorner.lv\\\/shop\\\/dalba-white-truffle-mild-skin-balancing-vegan-cleanser-200ml\\\/\",\"url\":\"https:\\\/\\\/www.facecorner.lv\\\/shop\\\/dalba-white-truffle-mild-skin-balancing-vegan-cleanser-200ml\\\/\",\"name\":\"d\u2019Alba White Truffle Mild Skin\u202fBalancing Vegan Cleanser 200ml - FACECORNER\",\"isPartOf\":{\"@id\":\"https:\\\/\\\/www.facecorner.lv\\\/#website\"},\"primaryImageOfPage\":{\"@id\":\"https:\\\/\\\/www.facecorner.lv\\\/shop\\\/dalba-white-truffle-mild-skin-balancing-vegan-cleanser-200ml\\\/#primaryimage\"},\"image\":{\"@id\":\"https:\\\/\\\/www.facecorner.lv\\\/shop\\\/dalba-white-truffle-mild-skin-balancing-vegan-cleanser-200ml\\\/#primaryimage\"},\"thumbnailUrl\":\"https:\\\/\\\/www.facecorner.lv\\\/wp-content\\\/uploads\\\/2025\\\/09\\\/34.avif\",\"datePublished\":\"2025-09-02T08:28:27+00:00\",\"dateModified\":\"2025-09-23T06:52:05+00:00\",\"description\":\"d\u2019Alba White Truffle Mild Skin\u202fBalancing Vegan Cleanser maigs att\u012bro\u0161ais g\u0113ls ar firmas sast\u0101vda\u013cu Trufferol\u2122 apvieno it\u0101\u013cu baltos trife\u013cus un E vitam\u012bnu\",\"breadcrumb\":{\"@id\":\"https:\\\/\\\/www.facecorner.lv\\\/shop\\\/dalba-white-truffle-mild-skin-balancing-vegan-cleanser-200ml\\\/#breadcrumb\"},\"inLanguage\":\"en-US\",\"potentialAction\":[{\"@type\":\"ReadAction\",\"target\":[\"https:\\\/\\\/www.facecorner.lv\\\/shop\\\/dalba-white-truffle-mild-skin-balancing-vegan-cleanser-200ml\\\/\"]}]},{\"@type\":\"ImageObject\",\"inLanguage\":\"en-US\",\"@id\":\"https:\\\/\\\/www.facecorner.lv\\\/shop\\\/dalba-white-truffle-mild-skin-balancing-vegan-cleanser-200ml\\\/#primaryimage\",\"url\":\"https:\\\/\\\/www.facecorner.lv\\\/wp-content\\\/uploads\\\/2025\\\/09\\\/34.avif\",\"contentUrl\":\"https:\\\/\\\/www.facecorner.lv\\\/wp-content\\\/uploads\\\/2025\\\/09\\\/34.avif\",\"width\":1600,\"height\":1600,\"caption\":\"d\u2019Alba White Truffle Mild Skin\u202fBalancing Vegan Cleanser\"},{\"@type\":\"BreadcrumbList\",\"@id\":\"https:\\\/\\\/www.facecorner.lv\\\/shop\\\/dalba-white-truffle-mild-skin-balancing-vegan-cleanser-200ml\\\/#breadcrumb\",\"itemListElement\":[{\"@type\":\"ListItem\",\"position\":1,\"name\":\"Home\",\"item\":\"https:\\\/\\\/www.facecorner.lv\\\/\"},{\"@type\":\"ListItem\",\"position\":2,\"name\":\"Veikals\",\"item\":\"https:\\\/\\\/www.facecorner.lv\\\/shop\\\/\"},{\"@type\":\"ListItem\",\"position\":3,\"name\":\"d\u2019Alba White Truffle Mild Skin\u202fBalancing Vegan Cleanser 200ml\"}]},{\"@type\":\"WebSite\",\"@id\":\"https:\\\/\\\/www.facecorner.lv\\\/#website\",\"url\":\"https:\\\/\\\/www.facecorner.lv\\\/\",\"name\":\"Facecorner\",\"description\":\"\",\"publisher\":{\"@id\":\"https:\\\/\\\/www.facecorner.lv\\\/#organization\"},\"potentialAction\":[{\"@type\":\"SearchAction\",\"target\":{\"@type\":\"EntryPoint\",\"urlTemplate\":\"https:\\\/\\\/www.facecorner.lv\\\/?s={search_term_string}\"},\"query-input\":{\"@type\":\"PropertyValueSpecification\",\"valueRequired\":true,\"valueName\":\"search_term_string\"}}],\"inLanguage\":\"en-US\"},{\"@type\":\"Organization\",\"@id\":\"https:\\\/\\\/www.facecorner.lv\\\/#organization\",\"name\":\"Facecorner\",\"url\":\"https:\\\/\\\/www.facecorner.lv\\\/\",\"logo\":{\"@type\":\"ImageObject\",\"inLanguage\":\"en-US\",\"@id\":\"https:\\\/\\\/www.facecorner.lv\\\/#\\\/schema\\\/logo\\\/image\\\/\",\"url\":\"https:\\\/\\\/www.facecorner.lv\\\/wp-content\\\/uploads\\\/2024\\\/04\\\/fc-logo.jpg\",\"contentUrl\":\"https:\\\/\\\/www.facecorner.lv\\\/wp-content\\\/uploads\\\/2024\\\/04\\\/fc-logo.jpg\",\"width\":174,\"height\":28,\"caption\":\"Facecorner\"},\"image\":{\"@id\":\"https:\\\/\\\/www.facecorner.lv\\\/#\\\/schema\\\/logo\\\/image\\\/\"},\"sameAs\":[\"https:\\\/\\\/www.facebook.com\\\/profile.php?id=100063824551839\",\"https:\\\/\\\/www.instagram.com\\\/facecorner_shop\\\/\"]}]}<\/script>\n<meta property=\"product:price:amount\" content=\"29.90\" \/>\n<meta property=\"product:price:currency\" content=\"EUR\" \/>\n<meta property=\"og:availability\" content=\"out of stock\" \/>\n<meta property=\"product:availability\" content=\"out of stock\" \/>\n<meta property=\"product:condition\" content=\"new\" \/>\n<!-- \/ Yoast SEO plugin. -->","yoast_head_json":{"title":"d\u2019Alba White Truffle Mild Skin\u202fBalancing Vegan Cleanser 200ml - FACECORNER","description":"d\u2019Alba White Truffle Mild Skin\u202fBalancing Vegan Cleanser maigs att\u012bro\u0161ais g\u0113ls ar firmas sast\u0101vda\u013cu Trufferol\u2122 apvieno it\u0101\u013cu baltos trife\u013cus un E vitam\u012bnu","robots":{"index":"index","follow":"follow","max-snippet":"max-snippet:-1","max-image-preview":"max-image-preview:large","max-video-preview":"max-video-preview:-1"},"canonical":"https:\/\/www.facecorner.lv\/en\/shop\/dalba-white-truffle-mild-skin-balancing-vegan-cleanser-200ml\/","og_locale":"en_US","og_type":"article","og_title":"d\u2019Alba White Truffle Mild Skin\u202fBalancing Vegan Cleanser 200ml - FACECORNER","og_description":"d\u2019Alba White Truffle Mild Skin\u202fBalancing Vegan Cleanser maigs att\u012bro\u0161ais g\u0113ls ar firmas sast\u0101vda\u013cu Trufferol\u2122 apvieno it\u0101\u013cu baltos trife\u013cus un E vitam\u012bnu","og_url":"https:\/\/www.facecorner.lv\/en\/shop\/dalba-white-truffle-mild-skin-balancing-vegan-cleanser-200ml\/","og_site_name":"FACECORNER","article_publisher":"https:\/\/www.facebook.com\/profile.php?id=100063824551839","article_modified_time":"2025-09-23T06:52:05+00:00","twitter_card":"summary_large_image","twitter_misc":{"Price":"&euro;29.90","Availability":"Out of stock"},"schema":{"@context":"https:\/\/schema.org","@graph":[{"@type":"WebPage","@id":"https:\/\/www.facecorner.lv\/shop\/dalba-white-truffle-mild-skin-balancing-vegan-cleanser-200ml\/","url":"https:\/\/www.facecorner.lv\/shop\/dalba-white-truffle-mild-skin-balancing-vegan-cleanser-200ml\/","name":"d\u2019Alba White Truffle Mild Skin\u202fBalancing Vegan Cleanser 200ml - FACECORNER","isPartOf":{"@id":"https:\/\/www.facecorner.lv\/#website"},"primaryImageOfPage":{"@id":"https:\/\/www.facecorner.lv\/shop\/dalba-white-truffle-mild-skin-balancing-vegan-cleanser-200ml\/#primaryimage"},"image":{"@id":"https:\/\/www.facecorner.lv\/shop\/dalba-white-truffle-mild-skin-balancing-vegan-cleanser-200ml\/#primaryimage"},"thumbnailUrl":"https:\/\/www.facecorner.lv\/wp-content\/uploads\/2025\/09\/34.avif","datePublished":"2025-09-02T08:28:27+00:00","dateModified":"2025-09-23T06:52:05+00:00","description":"d\u2019Alba White Truffle Mild Skin\u202fBalancing Vegan Cleanser maigs att\u012bro\u0161ais g\u0113ls ar firmas sast\u0101vda\u013cu Trufferol\u2122 apvieno it\u0101\u013cu baltos trife\u013cus un E vitam\u012bnu","breadcrumb":{"@id":"https:\/\/www.facecorner.lv\/shop\/dalba-white-truffle-mild-skin-balancing-vegan-cleanser-200ml\/#breadcrumb"},"inLanguage":"en-US","potentialAction":[{"@type":"ReadAction","target":["https:\/\/www.facecorner.lv\/shop\/dalba-white-truffle-mild-skin-balancing-vegan-cleanser-200ml\/"]}]},{"@type":"ImageObject","inLanguage":"en-US","@id":"https:\/\/www.facecorner.lv\/shop\/dalba-white-truffle-mild-skin-balancing-vegan-cleanser-200ml\/#primaryimage","url":"https:\/\/www.facecorner.lv\/wp-content\/uploads\/2025\/09\/34.avif","contentUrl":"https:\/\/www.facecorner.lv\/wp-content\/uploads\/2025\/09\/34.avif","width":1600,"height":1600,"caption":"d\u2019Alba White Truffle Mild Skin\u202fBalancing Vegan Cleanser"},{"@type":"BreadcrumbList","@id":"https:\/\/www.facecorner.lv\/shop\/dalba-white-truffle-mild-skin-balancing-vegan-cleanser-200ml\/#breadcrumb","itemListElement":[{"@type":"ListItem","position":1,"name":"Home","item":"https:\/\/www.facecorner.lv\/"},{"@type":"ListItem","position":2,"name":"Veikals","item":"https:\/\/www.facecorner.lv\/shop\/"},{"@type":"ListItem","position":3,"name":"d\u2019Alba White Truffle Mild Skin\u202fBalancing Vegan Cleanser 200ml"}]},{"@type":"WebSite","@id":"https:\/\/www.facecorner.lv\/#website","url":"https:\/\/www.facecorner.lv\/","name":"Facecorner","description":"","publisher":{"@id":"https:\/\/www.facecorner.lv\/#organization"},"potentialAction":[{"@type":"SearchAction","target":{"@type":"EntryPoint","urlTemplate":"https:\/\/www.facecorner.lv\/?s={search_term_string}"},"query-input":{"@type":"PropertyValueSpecification","valueRequired":true,"valueName":"search_term_string"}}],"inLanguage":"en-US"},{"@type":"Organization","@id":"https:\/\/www.facecorner.lv\/#organization","name":"Facecorner","url":"https:\/\/www.facecorner.lv\/","logo":{"@type":"ImageObject","inLanguage":"en-US","@id":"https:\/\/www.facecorner.lv\/#\/schema\/logo\/image\/","url":"https:\/\/www.facecorner.lv\/wp-content\/uploads\/2024\/04\/fc-logo.jpg","contentUrl":"https:\/\/www.facecorner.lv\/wp-content\/uploads\/2024\/04\/fc-logo.jpg","width":174,"height":28,"caption":"Facecorner"},"image":{"@id":"https:\/\/www.facecorner.lv\/#\/schema\/logo\/image\/"},"sameAs":["https:\/\/www.facebook.com\/profile.php?id=100063824551839","https:\/\/www.instagram.com\/facecorner_shop\/"]}]},"product_price_amount":"29.90","product_price_currency":"EUR","og_availability":"out of stock","product_availability":"out of stock","product_condition":"new"},"_links":{"self":[{"href":"https:\/\/www.facecorner.lv\/en\/wp-json\/wp\/v2\/product\/25146","targetHints":{"allow":["GET"]}}],"collection":[{"href":"https:\/\/www.facecorner.lv\/en\/wp-json\/wp\/v2\/product"}],"about":[{"href":"https:\/\/www.facecorner.lv\/en\/wp-json\/wp\/v2\/types\/product"}],"replies":[{"embeddable":true,"href":"https:\/\/www.facecorner.lv\/en\/wp-json\/wp\/v2\/comments?post=25146"}],"wp:featuredmedia":[{"embeddable":true,"href":"https:\/\/www.facecorner.lv\/en\/wp-json\/wp\/v2\/media\/25148"}],"wp:attachment":[{"href":"https:\/\/www.facecorner.lv\/en\/wp-json\/wp\/v2\/media?parent=25146"}],"wp:term":[{"taxonomy":"product_brand","embeddable":true,"href":"https:\/\/www.facecorner.lv\/en\/wp-json\/wp\/v2\/product_brand?post=25146"},{"taxonomy":"product_cat","embeddable":true,"href":"https:\/\/www.facecorner.lv\/en\/wp-json\/wp\/v2\/product_cat?post=25146"},{"taxonomy":"product_tag","embeddable":true,"href":"https:\/\/www.facecorner.lv\/en\/wp-json\/wp\/v2\/product_tag?post=25146"},{"taxonomy":"berocket_brand","embeddable":true,"href":"https:\/\/www.facecorner.lv\/en\/wp-json\/wp\/v2\/berocket_brand?post=25146"}],"curies":[{"name":"wp","href":"https:\/\/api.w.org\/{rel}","templated":true}]}}