{"id":25126,"date":"2025-08-29T16:11:09","date_gmt":"2025-08-29T13:11:09","guid":{"rendered":"https:\/\/www.facecorner.lv\/?post_type=product&#038;p=25126"},"modified":"2025-11-02T16:12:41","modified_gmt":"2025-11-02T13:12:41","slug":"house-of-hur-midnight-soothing-cleansing-balm-50ml","status":"publish","type":"product","link":"https:\/\/www.facecorner.lv\/en\/shop\/house-of-hur-midnight-soothing-cleansing-balm-50ml\/","title":{"rendered":"House of Hur Midnight Soothing Cleansing Balm 50ml"},"content":{"rendered":"<p>House of Hur Midnight Soothing Cleansing Balm tas ir mitrino\u0161s daudzf\u0101zu balzams grima no\u0146em\u0161anai un \u0101das att\u012br\u012b\u0161anai.<\/p>\n<p>Viegla tekst\u016bra pak\u0101peniski p\u0101rv\u0113r\u0161as no \u0161\u0137idruma par z\u012bdainu e\u013c\u013cu, kas iz\u0161\u0137\u012bdina grimu, SPF un net\u012brumus, bet, pievienojot \u016bdeni, veido maigu pienu, kas viegli noskalojams, neradot lip\u012bguma vai saspringuma saj\u016btu.<\/p>\n<p>Ide\u0101la izv\u0113le jut\u012bgai un sausai \u0101dai \u2014 dzi\u013ci un delik\u0101ti att\u012bra vienlaikus.<\/p>\n<ul>\n<li>Melno r\u012bsu ekstrakts \u2014 nomierina, dzi\u013ci mitrina, stiprina \u0101das barjeru.<\/li>\n<li>\u010cia s\u0113klu ekstrakts (meksik\u0101\u0146u chia) \u2014 saglab\u0101 mitrumu, uztur \u0101das sp\u012bdumu un bl\u012bvumu.<\/li>\n<li>Kasta\u0146u \u010daumalu ekstrakts \u2014 uzlabo elast\u012bbu, izl\u012bdzina tekst\u016bru, veicina stingr\u012bbu.<\/li>\n<\/ul>\n<p><strong>How to use:<\/strong><\/p>\n<ol>\n<li>Pagrieziet v\u0101ci\u0146u l\u012bdz maksim\u0101lajai poz\u012bcijai \u2014 dozators izdos optim\u0101lo daudzumu.<\/li>\n<li>Uzkl\u0101jiet uz sausas \u0101das ar mas\u0101\u017eas kust\u012bb\u0101m, lai izkaus\u0113tu kosm\u0113tiku un net\u012brumus.<\/li>\n<li>Pievienojiet nedaudz \u016bdens \u2014 un tekst\u016bra p\u0101rv\u0113rt\u012bsies viegli uzkl\u0101jam\u0101 pien\u0101.<\/li>\n<li>R\u016bp\u012bgi noskalojiet ar siltu \u016bdeni.<\/li>\n<li>Ja nepiecie\u0161ams, turpiniet att\u012br\u012b\u0161anu \u2014 piem\u0113ram, ar vieglu g\u0113lu.<\/li>\n<\/ol>\n<p><strong>Sast\u0101vs: <\/strong>Caprylic\/Capric Triglyceride, C13-15 Alkane, PEG-20 Glyceryl Triisostearate, Ricinus Communis (Castor) Seed Oil, Helianthus Annuus (Sunflower) Seed Oil, Synthetic Wax, Silica Dimethyl Silylate, Polysorbate 85, Oryza Sativa (Rice) Extract, Salvia Hispanica Seed Extract, Castanea Crenata (Chestnut) Shell Extract, Dipropylene Glycol, 1,2-Hexanediol, Trihydroxystearin, Tocopheryl Acetate, Pentaerythrityl Tetra-Di-T-Butyl Hydroxyhydrocinnamate, Aqua, Butylene Glycol, Iron Oxides (CI 77499)<\/p>","protected":false},"excerpt":{"rendered":"<p>House of Hur Midnight Soothing Cleansing Balm tas ir mitrino\u0161s daudzf\u0101zu balzams grima no\u0146em\u0161anai un \u0101das att\u012br\u012b\u0161anai.<\/p>","protected":false},"featured_media":25127,"comment_status":"open","ping_status":"closed","template":"","meta":{"site-sidebar-layout":"default","site-content-layout":"","ast-site-content-layout":"default","site-content-style":"default","site-sidebar-style":"default","ast-global-header-display":"","ast-banner-title-visibility":"","ast-main-header-display":"","ast-hfb-above-header-display":"","ast-hfb-below-header-display":"","ast-hfb-mobile-header-display":"","site-post-title":"","ast-breadcrumbs-content":"","ast-featured-img":"","footer-sml-layout":"","theme-transparent-header-meta":"default","adv-header-id-meta":"","stick-header-meta":"","header-above-stick-meta":"","header-main-stick-meta":"","header-below-stick-meta":"","astra-migrate-meta-layouts":"set","ast-page-background-enabled":"default","ast-page-background-meta":{"desktop":{"background-color":"var(--ast-global-color-4)","background-image":"","background-repeat":"repeat","background-position":"center center","background-size":"auto","background-attachment":"scroll","background-type":"","background-media":"","overlay-type":"","overlay-color":"","overlay-opacity":"","overlay-gradient":""},"tablet":{"background-color":"","background-image":"","background-repeat":"repeat","background-position":"center center","background-size":"auto","background-attachment":"scroll","background-type":"","background-media":"","overlay-type":"","overlay-color":"","overlay-opacity":"","overlay-gradient":""},"mobile":{"background-color":"","background-image":"","background-repeat":"repeat","background-position":"center center","background-size":"auto","background-attachment":"scroll","background-type":"","background-media":"","overlay-type":"","overlay-color":"","overlay-opacity":"","overlay-gradient":""}},"ast-content-background-meta":{"desktop":{"background-color":"var(--ast-global-color-5)","background-image":"","background-repeat":"repeat","background-position":"center center","background-size":"auto","background-attachment":"scroll","background-type":"","background-media":"","overlay-type":"","overlay-color":"","overlay-opacity":"","overlay-gradient":""},"tablet":{"background-color":"var(--ast-global-color-5)","background-image":"","background-repeat":"repeat","background-position":"center center","background-size":"auto","background-attachment":"scroll","background-type":"","background-media":"","overlay-type":"","overlay-color":"","overlay-opacity":"","overlay-gradient":""},"mobile":{"background-color":"var(--ast-global-color-5)","background-image":"","background-repeat":"repeat","background-position":"center center","background-size":"auto","background-attachment":"scroll","background-type":"","background-media":"","overlay-type":"","overlay-color":"","overlay-opacity":"","overlay-gradient":""}}},"product_brand":[],"product_cat":[321],"product_tag":[],"berocket_brand":[650],"class_list":{"0":"post-25126","1":"product","2":"type-product","3":"status-publish","4":"has-post-thumbnail","6":"product_cat-hidrofila-ella","7":"berocket_brand-house-of-hur","8":"desktop-align-left","9":"tablet-align-left","10":"mobile-align-left","12":"first","13":"instock","14":"taxable","15":"shipping-taxable","16":"purchasable","17":"product-type-simple","18":"add-to-wishlist-before_image"},"yoast_head":"<!-- This site is optimized with the Yoast SEO plugin v27.4 - https:\/\/yoast.com\/product\/yoast-seo-wordpress\/ -->\n<title>House of Hur Midnight Soothing Cleansing Balm 50ml - FACECORNER<\/title>\n<meta name=\"description\" content=\"House of Hur Midnight Soothing Cleansing Balm tas ir mitrino\u0161s daudzf\u0101zu balzams grima no\u0146em\u0161anai un \u0101das att\u012br\u012b\u0161anai.\" \/>\n<meta name=\"robots\" content=\"index, follow, max-snippet:-1, max-image-preview:large, max-video-preview:-1\" \/>\n<link rel=\"canonical\" href=\"https:\/\/www.facecorner.lv\/en\/shop\/house-of-hur-midnight-soothing-cleansing-balm-50ml\/\" \/>\n<meta property=\"og:locale\" content=\"en_US\" \/>\n<meta property=\"og:type\" content=\"article\" \/>\n<meta property=\"og:title\" content=\"House of Hur Midnight Soothing Cleansing Balm 50ml - FACECORNER\" \/>\n<meta property=\"og:description\" content=\"House of Hur Midnight Soothing Cleansing Balm tas ir mitrino\u0161s daudzf\u0101zu balzams grima no\u0146em\u0161anai un \u0101das att\u012br\u012b\u0161anai.\" \/>\n<meta property=\"og:url\" content=\"https:\/\/www.facecorner.lv\/en\/shop\/house-of-hur-midnight-soothing-cleansing-balm-50ml\/\" \/>\n<meta property=\"og:site_name\" content=\"FACECORNER\" \/>\n<meta property=\"article:publisher\" content=\"https:\/\/www.facebook.com\/profile.php?id=100063824551839\" \/>\n<meta property=\"article:modified_time\" content=\"2025-11-02T13:12:41+00:00\" \/>\n<meta property=\"og:image\" content=\"https:\/\/www.facecorner.lv\/wp-content\/uploads\/2025\/08\/XXL_p0215386599.webp\" \/>\n\t<meta property=\"og:image:width\" content=\"640\" \/>\n\t<meta property=\"og:image:height\" content=\"640\" \/>\n\t<meta property=\"og:image:type\" content=\"image\/webp\" \/>\n<meta name=\"twitter:card\" content=\"summary_large_image\" \/>\n<meta name=\"twitter:label1\" content=\"Price\" \/>\n\t<meta name=\"twitter:data1\" content=\"&euro;26.50\" \/>\n\t<meta name=\"twitter:label2\" content=\"Availability\" \/>\n\t<meta name=\"twitter:data2\" content=\"In stock\" \/>\n<script type=\"application\/ld+json\" class=\"yoast-schema-graph\">{\"@context\":\"https:\\\/\\\/schema.org\",\"@graph\":[{\"@type\":\"WebPage\",\"@id\":\"https:\\\/\\\/www.facecorner.lv\\\/shop\\\/house-of-hur-midnight-soothing-cleansing-balm-50ml\\\/\",\"url\":\"https:\\\/\\\/www.facecorner.lv\\\/shop\\\/house-of-hur-midnight-soothing-cleansing-balm-50ml\\\/\",\"name\":\"House of Hur Midnight Soothing Cleansing Balm 50ml - FACECORNER\",\"isPartOf\":{\"@id\":\"https:\\\/\\\/www.facecorner.lv\\\/#website\"},\"primaryImageOfPage\":{\"@id\":\"https:\\\/\\\/www.facecorner.lv\\\/shop\\\/house-of-hur-midnight-soothing-cleansing-balm-50ml\\\/#primaryimage\"},\"image\":{\"@id\":\"https:\\\/\\\/www.facecorner.lv\\\/shop\\\/house-of-hur-midnight-soothing-cleansing-balm-50ml\\\/#primaryimage\"},\"thumbnailUrl\":\"https:\\\/\\\/www.facecorner.lv\\\/wp-content\\\/uploads\\\/2025\\\/08\\\/XXL_p0215386599.webp\",\"datePublished\":\"2025-08-29T13:11:09+00:00\",\"dateModified\":\"2025-11-02T13:12:41+00:00\",\"description\":\"House of Hur Midnight Soothing Cleansing Balm tas ir mitrino\u0161s daudzf\u0101zu balzams grima no\u0146em\u0161anai un \u0101das att\u012br\u012b\u0161anai.\",\"breadcrumb\":{\"@id\":\"https:\\\/\\\/www.facecorner.lv\\\/shop\\\/house-of-hur-midnight-soothing-cleansing-balm-50ml\\\/#breadcrumb\"},\"inLanguage\":\"en-US\",\"potentialAction\":[{\"@type\":\"ReadAction\",\"target\":[\"https:\\\/\\\/www.facecorner.lv\\\/shop\\\/house-of-hur-midnight-soothing-cleansing-balm-50ml\\\/\"]}]},{\"@type\":\"ImageObject\",\"inLanguage\":\"en-US\",\"@id\":\"https:\\\/\\\/www.facecorner.lv\\\/shop\\\/house-of-hur-midnight-soothing-cleansing-balm-50ml\\\/#primaryimage\",\"url\":\"https:\\\/\\\/www.facecorner.lv\\\/wp-content\\\/uploads\\\/2025\\\/08\\\/XXL_p0215386599.webp\",\"contentUrl\":\"https:\\\/\\\/www.facecorner.lv\\\/wp-content\\\/uploads\\\/2025\\\/08\\\/XXL_p0215386599.webp\",\"width\":640,\"height\":640,\"caption\":\"House of Hur Midnight Soothing Cleansing Balm\"},{\"@type\":\"BreadcrumbList\",\"@id\":\"https:\\\/\\\/www.facecorner.lv\\\/shop\\\/house-of-hur-midnight-soothing-cleansing-balm-50ml\\\/#breadcrumb\",\"itemListElement\":[{\"@type\":\"ListItem\",\"position\":1,\"name\":\"Home\",\"item\":\"https:\\\/\\\/www.facecorner.lv\\\/\"},{\"@type\":\"ListItem\",\"position\":2,\"name\":\"Veikals\",\"item\":\"https:\\\/\\\/www.facecorner.lv\\\/shop\\\/\"},{\"@type\":\"ListItem\",\"position\":3,\"name\":\"House of Hur Midnight Soothing Cleansing Balm 50ml\"}]},{\"@type\":\"WebSite\",\"@id\":\"https:\\\/\\\/www.facecorner.lv\\\/#website\",\"url\":\"https:\\\/\\\/www.facecorner.lv\\\/\",\"name\":\"Facecorner\",\"description\":\"\",\"publisher\":{\"@id\":\"https:\\\/\\\/www.facecorner.lv\\\/#organization\"},\"potentialAction\":[{\"@type\":\"SearchAction\",\"target\":{\"@type\":\"EntryPoint\",\"urlTemplate\":\"https:\\\/\\\/www.facecorner.lv\\\/?s={search_term_string}\"},\"query-input\":{\"@type\":\"PropertyValueSpecification\",\"valueRequired\":true,\"valueName\":\"search_term_string\"}}],\"inLanguage\":\"en-US\"},{\"@type\":\"Organization\",\"@id\":\"https:\\\/\\\/www.facecorner.lv\\\/#organization\",\"name\":\"Facecorner\",\"url\":\"https:\\\/\\\/www.facecorner.lv\\\/\",\"logo\":{\"@type\":\"ImageObject\",\"inLanguage\":\"en-US\",\"@id\":\"https:\\\/\\\/www.facecorner.lv\\\/#\\\/schema\\\/logo\\\/image\\\/\",\"url\":\"https:\\\/\\\/www.facecorner.lv\\\/wp-content\\\/uploads\\\/2024\\\/04\\\/fc-logo.jpg\",\"contentUrl\":\"https:\\\/\\\/www.facecorner.lv\\\/wp-content\\\/uploads\\\/2024\\\/04\\\/fc-logo.jpg\",\"width\":174,\"height\":28,\"caption\":\"Facecorner\"},\"image\":{\"@id\":\"https:\\\/\\\/www.facecorner.lv\\\/#\\\/schema\\\/logo\\\/image\\\/\"},\"sameAs\":[\"https:\\\/\\\/www.facebook.com\\\/profile.php?id=100063824551839\",\"https:\\\/\\\/www.instagram.com\\\/facecorner_shop\\\/\"]}]}<\/script>\n<meta property=\"product:price:amount\" content=\"26.50\" \/>\n<meta property=\"product:price:currency\" content=\"EUR\" \/>\n<meta property=\"og:availability\" content=\"instock\" \/>\n<meta property=\"product:availability\" content=\"instock\" \/>\n<meta property=\"product:condition\" content=\"new\" \/>\n<!-- \/ Yoast SEO plugin. -->","yoast_head_json":{"title":"House of Hur Midnight Soothing Cleansing Balm 50ml - FACECORNER","description":"House of Hur Midnight Soothing Cleansing Balm tas ir mitrino\u0161s daudzf\u0101zu balzams grima no\u0146em\u0161anai un \u0101das att\u012br\u012b\u0161anai.","robots":{"index":"index","follow":"follow","max-snippet":"max-snippet:-1","max-image-preview":"max-image-preview:large","max-video-preview":"max-video-preview:-1"},"canonical":"https:\/\/www.facecorner.lv\/en\/shop\/house-of-hur-midnight-soothing-cleansing-balm-50ml\/","og_locale":"en_US","og_type":"article","og_title":"House of Hur Midnight Soothing Cleansing Balm 50ml - FACECORNER","og_description":"House of Hur Midnight Soothing Cleansing Balm tas ir mitrino\u0161s daudzf\u0101zu balzams grima no\u0146em\u0161anai un \u0101das att\u012br\u012b\u0161anai.","og_url":"https:\/\/www.facecorner.lv\/en\/shop\/house-of-hur-midnight-soothing-cleansing-balm-50ml\/","og_site_name":"FACECORNER","article_publisher":"https:\/\/www.facebook.com\/profile.php?id=100063824551839","article_modified_time":"2025-11-02T13:12:41+00:00","og_image":[{"width":640,"height":640,"url":"https:\/\/www.facecorner.lv\/wp-content\/uploads\/2025\/08\/XXL_p0215386599.webp","type":"image\/webp"}],"twitter_card":"summary_large_image","twitter_misc":{"Price":"&euro;26.50","Availability":"In stock"},"schema":{"@context":"https:\/\/schema.org","@graph":[{"@type":"WebPage","@id":"https:\/\/www.facecorner.lv\/shop\/house-of-hur-midnight-soothing-cleansing-balm-50ml\/","url":"https:\/\/www.facecorner.lv\/shop\/house-of-hur-midnight-soothing-cleansing-balm-50ml\/","name":"House of Hur Midnight Soothing Cleansing Balm 50ml - FACECORNER","isPartOf":{"@id":"https:\/\/www.facecorner.lv\/#website"},"primaryImageOfPage":{"@id":"https:\/\/www.facecorner.lv\/shop\/house-of-hur-midnight-soothing-cleansing-balm-50ml\/#primaryimage"},"image":{"@id":"https:\/\/www.facecorner.lv\/shop\/house-of-hur-midnight-soothing-cleansing-balm-50ml\/#primaryimage"},"thumbnailUrl":"https:\/\/www.facecorner.lv\/wp-content\/uploads\/2025\/08\/XXL_p0215386599.webp","datePublished":"2025-08-29T13:11:09+00:00","dateModified":"2025-11-02T13:12:41+00:00","description":"House of Hur Midnight Soothing Cleansing Balm tas ir mitrino\u0161s daudzf\u0101zu balzams grima no\u0146em\u0161anai un \u0101das att\u012br\u012b\u0161anai.","breadcrumb":{"@id":"https:\/\/www.facecorner.lv\/shop\/house-of-hur-midnight-soothing-cleansing-balm-50ml\/#breadcrumb"},"inLanguage":"en-US","potentialAction":[{"@type":"ReadAction","target":["https:\/\/www.facecorner.lv\/shop\/house-of-hur-midnight-soothing-cleansing-balm-50ml\/"]}]},{"@type":"ImageObject","inLanguage":"en-US","@id":"https:\/\/www.facecorner.lv\/shop\/house-of-hur-midnight-soothing-cleansing-balm-50ml\/#primaryimage","url":"https:\/\/www.facecorner.lv\/wp-content\/uploads\/2025\/08\/XXL_p0215386599.webp","contentUrl":"https:\/\/www.facecorner.lv\/wp-content\/uploads\/2025\/08\/XXL_p0215386599.webp","width":640,"height":640,"caption":"House of Hur Midnight Soothing Cleansing Balm"},{"@type":"BreadcrumbList","@id":"https:\/\/www.facecorner.lv\/shop\/house-of-hur-midnight-soothing-cleansing-balm-50ml\/#breadcrumb","itemListElement":[{"@type":"ListItem","position":1,"name":"Home","item":"https:\/\/www.facecorner.lv\/"},{"@type":"ListItem","position":2,"name":"Veikals","item":"https:\/\/www.facecorner.lv\/shop\/"},{"@type":"ListItem","position":3,"name":"House of Hur Midnight Soothing Cleansing Balm 50ml"}]},{"@type":"WebSite","@id":"https:\/\/www.facecorner.lv\/#website","url":"https:\/\/www.facecorner.lv\/","name":"Facecorner","description":"","publisher":{"@id":"https:\/\/www.facecorner.lv\/#organization"},"potentialAction":[{"@type":"SearchAction","target":{"@type":"EntryPoint","urlTemplate":"https:\/\/www.facecorner.lv\/?s={search_term_string}"},"query-input":{"@type":"PropertyValueSpecification","valueRequired":true,"valueName":"search_term_string"}}],"inLanguage":"en-US"},{"@type":"Organization","@id":"https:\/\/www.facecorner.lv\/#organization","name":"Facecorner","url":"https:\/\/www.facecorner.lv\/","logo":{"@type":"ImageObject","inLanguage":"en-US","@id":"https:\/\/www.facecorner.lv\/#\/schema\/logo\/image\/","url":"https:\/\/www.facecorner.lv\/wp-content\/uploads\/2024\/04\/fc-logo.jpg","contentUrl":"https:\/\/www.facecorner.lv\/wp-content\/uploads\/2024\/04\/fc-logo.jpg","width":174,"height":28,"caption":"Facecorner"},"image":{"@id":"https:\/\/www.facecorner.lv\/#\/schema\/logo\/image\/"},"sameAs":["https:\/\/www.facebook.com\/profile.php?id=100063824551839","https:\/\/www.instagram.com\/facecorner_shop\/"]}]},"product_price_amount":"26.50","product_price_currency":"EUR","og_availability":"instock","product_availability":"instock","product_condition":"new"},"_links":{"self":[{"href":"https:\/\/www.facecorner.lv\/en\/wp-json\/wp\/v2\/product\/25126","targetHints":{"allow":["GET"]}}],"collection":[{"href":"https:\/\/www.facecorner.lv\/en\/wp-json\/wp\/v2\/product"}],"about":[{"href":"https:\/\/www.facecorner.lv\/en\/wp-json\/wp\/v2\/types\/product"}],"replies":[{"embeddable":true,"href":"https:\/\/www.facecorner.lv\/en\/wp-json\/wp\/v2\/comments?post=25126"}],"wp:featuredmedia":[{"embeddable":true,"href":"https:\/\/www.facecorner.lv\/en\/wp-json\/wp\/v2\/media\/25127"}],"wp:attachment":[{"href":"https:\/\/www.facecorner.lv\/en\/wp-json\/wp\/v2\/media?parent=25126"}],"wp:term":[{"taxonomy":"product_brand","embeddable":true,"href":"https:\/\/www.facecorner.lv\/en\/wp-json\/wp\/v2\/product_brand?post=25126"},{"taxonomy":"product_cat","embeddable":true,"href":"https:\/\/www.facecorner.lv\/en\/wp-json\/wp\/v2\/product_cat?post=25126"},{"taxonomy":"product_tag","embeddable":true,"href":"https:\/\/www.facecorner.lv\/en\/wp-json\/wp\/v2\/product_tag?post=25126"},{"taxonomy":"berocket_brand","embeddable":true,"href":"https:\/\/www.facecorner.lv\/en\/wp-json\/wp\/v2\/berocket_brand?post=25126"}],"curies":[{"name":"wp","href":"https:\/\/api.w.org\/{rel}","templated":true}]}}