{"id":25123,"date":"2025-08-29T15:55:37","date_gmt":"2025-08-29T12:55:37","guid":{"rendered":"https:\/\/www.facecorner.lv\/?post_type=product&#038;p=25123"},"modified":"2025-11-23T20:24:20","modified_gmt":"2025-11-23T17:24:20","slug":"house-of-hur-purifying-cleansing-balm-50ml","status":"publish","type":"product","link":"https:\/\/www.facecorner.lv\/en\/shop\/house-of-hur-purifying-cleansing-balm-50ml\/","title":{"rendered":"House of Hur Purifying Cleansing Balm  50ml"},"content":{"rendered":"<p>House of Hur Purifying Cleansing Balm\u00a0 att\u012bro\u0161ais hidrofilais balzams lieliski att\u012bra \u0101du no da\u017e\u0101diem net\u012brumiem un lieliski tiek gal\u0101 pat ar notur\u012bgu grimu, un saules aizsargl\u012bdzek\u013ciem, vienlaikus mitrina, baro un m\u012bkstina epidermu, neatst\u0101jot sausuma vai saspringuma saj\u016btu p\u0113c sejas mazg\u0101\u0161anas.<\/p>\n<p>Att\u012bro\u0161ais balzams maigi no\u0146em atmiru\u0161\u0101s \u0101das \u0161\u016bnas, pal\u012bdz regul\u0113t tauku dziedzeru darb\u012bbu un nov\u0113r\u0161 papla\u0161in\u0101tas poras.<\/p>\n<p>Sast\u0101v\u0101 eso\u0161ais savva\u013cas zeme\u0146u ekstrakts darbojas k\u0101 antioksidants, veicina kolag\u0113na veido\u0161anos, baro, mitrina un toniz\u0113, dzied\u0113 nelielus boj\u0101jumus. Bag\u0101tina ar vitam\u012bniem, veicina \u0161\u016bnu re\u0123ener\u0101ciju, no\u0146em atmiru\u0161\u0101s \u0161\u016bnas, pie\u0161\u0137ir dabisku mirdzumu.<\/p>\n<p>Balzams ir iepakots \u012bpa\u0161\u0101 gr\u012bndinga iepakojum\u0101 ar meh\u0101nismu, kas \u013cauj higi\u0113niski un doz\u0113ti iz\u0146emt nepiecie\u0161amo daudzumu l\u012bdzek\u013ca bez riska, ka taj\u0101 iek\u013c\u016bs gaiss.<\/p>\n<p><strong>How to use:\u00a0<\/strong> Izspiediet nepiecie\u0161amo daudzumu, pagrie\u017eot v\u0101ci\u0146u, uzkl\u0101jiet balzamu uz sausas \u0101das, izl\u012bdziniet ar ap\u013cveida mas\u0113jo\u0161\u0101m kust\u012bb\u0101m, noskalojiet ar \u016bdeni. Nomazg\u0101jieties ar put\u0101m.<\/p>\n<p><strong>Sast\u0101vs:<\/strong> Caprylic\/capric Triglyceride, C13-15 Alkane, PEG-20 Glyceryl Triisostearate, Synthetic Wax, Ricinus Communis (Castor) Seed Oil, Helianthus Annuus (Sunflower) Seed Oil, Silica Dimethyl Silylate, Polysorbate 85, Lithospermum Erythrorhizon Root Extract, Punica Granatum Fruit Extract, Ribes Nigrum (Black Currant) Fruit Extract, Hippophae Rhamnoides Fruit Extract, Fragaria Vesca (Strawberry) Fruit Extract, Malpighia Emarginata (Acerola) Fruit Extract, Euterpe Oleracea Fruit Extract, Terminalia Ferdinandiana Fruit Extract, 1,2-hexanediol, Vaccinium Macrocarpon (Cranberry) Fruit Powder, Trihydroxystearin, Tocopheryl Acetate, Zea Mays (Corn) Germ Oil, Pentaerythrityl Tetra-di-t-butyl Hydroxyhydrocinnamate, Water, Butylene Glycol<\/p>","protected":false},"excerpt":{"rendered":"<p>House of Hur Purifying Cleansing Balm\u00a0 att\u012bro\u0161ais hidrofilais balzams lieliski att\u012bra \u0101du no da\u017e\u0101diem net\u012brumiem un lieliski tiek gal\u0101 pat ar notur\u012bgu grimu, un saules aizsargl\u012bdzek\u013ciem, vienlaikus mitrina, baro un m\u012bkstina epidermu, neatst\u0101jot sausuma vai saspringuma saj\u016btu p\u0113c sejas mazg\u0101\u0161anas.<\/p>","protected":false},"featured_media":25124,"comment_status":"open","ping_status":"closed","template":"","meta":{"site-sidebar-layout":"default","site-content-layout":"","ast-site-content-layout":"default","site-content-style":"default","site-sidebar-style":"default","ast-global-header-display":"","ast-banner-title-visibility":"","ast-main-header-display":"","ast-hfb-above-header-display":"","ast-hfb-below-header-display":"","ast-hfb-mobile-header-display":"","site-post-title":"","ast-breadcrumbs-content":"","ast-featured-img":"","footer-sml-layout":"","theme-transparent-header-meta":"default","adv-header-id-meta":"","stick-header-meta":"","header-above-stick-meta":"","header-main-stick-meta":"","header-below-stick-meta":"","astra-migrate-meta-layouts":"set","ast-page-background-enabled":"default","ast-page-background-meta":{"desktop":{"background-color":"var(--ast-global-color-4)","background-image":"","background-repeat":"repeat","background-position":"center center","background-size":"auto","background-attachment":"scroll","background-type":"","background-media":"","overlay-type":"","overlay-color":"","overlay-opacity":"","overlay-gradient":""},"tablet":{"background-color":"","background-image":"","background-repeat":"repeat","background-position":"center center","background-size":"auto","background-attachment":"scroll","background-type":"","background-media":"","overlay-type":"","overlay-color":"","overlay-opacity":"","overlay-gradient":""},"mobile":{"background-color":"","background-image":"","background-repeat":"repeat","background-position":"center center","background-size":"auto","background-attachment":"scroll","background-type":"","background-media":"","overlay-type":"","overlay-color":"","overlay-opacity":"","overlay-gradient":""}},"ast-content-background-meta":{"desktop":{"background-color":"var(--ast-global-color-5)","background-image":"","background-repeat":"repeat","background-position":"center center","background-size":"auto","background-attachment":"scroll","background-type":"","background-media":"","overlay-type":"","overlay-color":"","overlay-opacity":"","overlay-gradient":""},"tablet":{"background-color":"var(--ast-global-color-5)","background-image":"","background-repeat":"repeat","background-position":"center center","background-size":"auto","background-attachment":"scroll","background-type":"","background-media":"","overlay-type":"","overlay-color":"","overlay-opacity":"","overlay-gradient":""},"mobile":{"background-color":"var(--ast-global-color-5)","background-image":"","background-repeat":"repeat","background-position":"center center","background-size":"auto","background-attachment":"scroll","background-type":"","background-media":"","overlay-type":"","overlay-color":"","overlay-opacity":"","overlay-gradient":""}}},"product_brand":[],"product_cat":[321],"product_tag":[],"berocket_brand":[650],"class_list":{"0":"post-25123","1":"product","2":"type-product","3":"status-publish","4":"has-post-thumbnail","6":"product_cat-hidrofila-ella","7":"berocket_brand-house-of-hur","8":"desktop-align-left","9":"tablet-align-left","10":"mobile-align-left","12":"first","13":"instock","14":"taxable","15":"shipping-taxable","16":"purchasable","17":"product-type-simple","18":"add-to-wishlist-before_image"},"yoast_head":"<!-- This site is optimized with the Yoast SEO plugin v27.4 - https:\/\/yoast.com\/product\/yoast-seo-wordpress\/ -->\n<title>House of Hur Purifying Cleansing Balm 50ml - FACECORNER<\/title>\n<meta name=\"description\" content=\"House of Hur Purifying Cleansing Balm\u00a0 att\u012bro\u0161ais hidrofilais balzams lieliski att\u012bra \u0101du no da\u017e\u0101diem net\u012brumiem un lieliski tiek gal\u0101 pat ar notur\u012bgu grimu\" \/>\n<meta name=\"robots\" content=\"index, follow, max-snippet:-1, max-image-preview:large, max-video-preview:-1\" \/>\n<link rel=\"canonical\" href=\"https:\/\/www.facecorner.lv\/en\/shop\/house-of-hur-purifying-cleansing-balm-50ml\/\" \/>\n<meta property=\"og:locale\" content=\"en_US\" \/>\n<meta property=\"og:type\" content=\"article\" \/>\n<meta property=\"og:title\" content=\"House of Hur Purifying Cleansing Balm 50ml - FACECORNER\" \/>\n<meta property=\"og:description\" content=\"House of Hur Purifying Cleansing Balm\u00a0 att\u012bro\u0161ais hidrofilais balzams lieliski att\u012bra \u0101du no da\u017e\u0101diem net\u012brumiem un lieliski tiek gal\u0101 pat ar notur\u012bgu grimu\" \/>\n<meta property=\"og:url\" content=\"https:\/\/www.facecorner.lv\/en\/shop\/house-of-hur-purifying-cleansing-balm-50ml\/\" \/>\n<meta property=\"og:site_name\" content=\"FACECORNER\" \/>\n<meta property=\"article:publisher\" content=\"https:\/\/www.facebook.com\/profile.php?id=100063824551839\" \/>\n<meta property=\"article:modified_time\" content=\"2025-11-23T17:24:20+00:00\" \/>\n<meta property=\"og:image\" content=\"https:\/\/www.facecorner.lv\/wp-content\/uploads\/2025\/08\/house-of-hur-purifying-cleansing-balm-50-e17c8_reference.jpg\" \/>\n\t<meta property=\"og:image:width\" content=\"1024\" \/>\n\t<meta property=\"og:image:height\" content=\"1024\" \/>\n\t<meta property=\"og:image:type\" content=\"image\/jpeg\" \/>\n<meta name=\"twitter:card\" content=\"summary_large_image\" \/>\n<meta name=\"twitter:label1\" content=\"Price\" \/>\n\t<meta name=\"twitter:data1\" content=\"&euro;26.50\" \/>\n\t<meta name=\"twitter:label2\" content=\"Availability\" \/>\n\t<meta name=\"twitter:data2\" content=\"In stock\" \/>\n<script type=\"application\/ld+json\" class=\"yoast-schema-graph\">{\"@context\":\"https:\\\/\\\/schema.org\",\"@graph\":[{\"@type\":\"WebPage\",\"@id\":\"https:\\\/\\\/www.facecorner.lv\\\/shop\\\/house-of-hur-purifying-cleansing-balm-50ml\\\/\",\"url\":\"https:\\\/\\\/www.facecorner.lv\\\/shop\\\/house-of-hur-purifying-cleansing-balm-50ml\\\/\",\"name\":\"House of Hur Purifying Cleansing Balm 50ml - FACECORNER\",\"isPartOf\":{\"@id\":\"https:\\\/\\\/www.facecorner.lv\\\/#website\"},\"primaryImageOfPage\":{\"@id\":\"https:\\\/\\\/www.facecorner.lv\\\/shop\\\/house-of-hur-purifying-cleansing-balm-50ml\\\/#primaryimage\"},\"image\":{\"@id\":\"https:\\\/\\\/www.facecorner.lv\\\/shop\\\/house-of-hur-purifying-cleansing-balm-50ml\\\/#primaryimage\"},\"thumbnailUrl\":\"https:\\\/\\\/www.facecorner.lv\\\/wp-content\\\/uploads\\\/2025\\\/08\\\/house-of-hur-purifying-cleansing-balm-50-e17c8_reference.jpg\",\"datePublished\":\"2025-08-29T12:55:37+00:00\",\"dateModified\":\"2025-11-23T17:24:20+00:00\",\"description\":\"House of Hur Purifying Cleansing Balm\u00a0 att\u012bro\u0161ais hidrofilais balzams lieliski att\u012bra \u0101du no da\u017e\u0101diem net\u012brumiem un lieliski tiek gal\u0101 pat ar notur\u012bgu grimu\",\"breadcrumb\":{\"@id\":\"https:\\\/\\\/www.facecorner.lv\\\/shop\\\/house-of-hur-purifying-cleansing-balm-50ml\\\/#breadcrumb\"},\"inLanguage\":\"en-US\",\"potentialAction\":[{\"@type\":\"ReadAction\",\"target\":[\"https:\\\/\\\/www.facecorner.lv\\\/shop\\\/house-of-hur-purifying-cleansing-balm-50ml\\\/\"]}]},{\"@type\":\"ImageObject\",\"inLanguage\":\"en-US\",\"@id\":\"https:\\\/\\\/www.facecorner.lv\\\/shop\\\/house-of-hur-purifying-cleansing-balm-50ml\\\/#primaryimage\",\"url\":\"https:\\\/\\\/www.facecorner.lv\\\/wp-content\\\/uploads\\\/2025\\\/08\\\/house-of-hur-purifying-cleansing-balm-50-e17c8_reference.jpg\",\"contentUrl\":\"https:\\\/\\\/www.facecorner.lv\\\/wp-content\\\/uploads\\\/2025\\\/08\\\/house-of-hur-purifying-cleansing-balm-50-e17c8_reference.jpg\",\"width\":1024,\"height\":1024,\"caption\":\"House of Hur Purifying Cleansing Balm\"},{\"@type\":\"BreadcrumbList\",\"@id\":\"https:\\\/\\\/www.facecorner.lv\\\/shop\\\/house-of-hur-purifying-cleansing-balm-50ml\\\/#breadcrumb\",\"itemListElement\":[{\"@type\":\"ListItem\",\"position\":1,\"name\":\"Home\",\"item\":\"https:\\\/\\\/www.facecorner.lv\\\/\"},{\"@type\":\"ListItem\",\"position\":2,\"name\":\"Veikals\",\"item\":\"https:\\\/\\\/www.facecorner.lv\\\/shop\\\/\"},{\"@type\":\"ListItem\",\"position\":3,\"name\":\"House of Hur Purifying Cleansing Balm 50ml\"}]},{\"@type\":\"WebSite\",\"@id\":\"https:\\\/\\\/www.facecorner.lv\\\/#website\",\"url\":\"https:\\\/\\\/www.facecorner.lv\\\/\",\"name\":\"Facecorner\",\"description\":\"\",\"publisher\":{\"@id\":\"https:\\\/\\\/www.facecorner.lv\\\/#organization\"},\"potentialAction\":[{\"@type\":\"SearchAction\",\"target\":{\"@type\":\"EntryPoint\",\"urlTemplate\":\"https:\\\/\\\/www.facecorner.lv\\\/?s={search_term_string}\"},\"query-input\":{\"@type\":\"PropertyValueSpecification\",\"valueRequired\":true,\"valueName\":\"search_term_string\"}}],\"inLanguage\":\"en-US\"},{\"@type\":\"Organization\",\"@id\":\"https:\\\/\\\/www.facecorner.lv\\\/#organization\",\"name\":\"Facecorner\",\"url\":\"https:\\\/\\\/www.facecorner.lv\\\/\",\"logo\":{\"@type\":\"ImageObject\",\"inLanguage\":\"en-US\",\"@id\":\"https:\\\/\\\/www.facecorner.lv\\\/#\\\/schema\\\/logo\\\/image\\\/\",\"url\":\"https:\\\/\\\/www.facecorner.lv\\\/wp-content\\\/uploads\\\/2024\\\/04\\\/fc-logo.jpg\",\"contentUrl\":\"https:\\\/\\\/www.facecorner.lv\\\/wp-content\\\/uploads\\\/2024\\\/04\\\/fc-logo.jpg\",\"width\":174,\"height\":28,\"caption\":\"Facecorner\"},\"image\":{\"@id\":\"https:\\\/\\\/www.facecorner.lv\\\/#\\\/schema\\\/logo\\\/image\\\/\"},\"sameAs\":[\"https:\\\/\\\/www.facebook.com\\\/profile.php?id=100063824551839\",\"https:\\\/\\\/www.instagram.com\\\/facecorner_shop\\\/\"]}]}<\/script>\n<meta property=\"product:price:amount\" content=\"26.50\" \/>\n<meta property=\"product:price:currency\" content=\"EUR\" \/>\n<meta property=\"og:availability\" content=\"instock\" \/>\n<meta property=\"product:availability\" content=\"instock\" \/>\n<meta property=\"product:condition\" content=\"new\" \/>\n<!-- \/ Yoast SEO plugin. -->","yoast_head_json":{"title":"House of Hur Purifying Cleansing Balm 50ml - FACECORNER","description":"House of Hur Purifying Cleansing Balm\u00a0 att\u012bro\u0161ais hidrofilais balzams lieliski att\u012bra \u0101du no da\u017e\u0101diem net\u012brumiem un lieliski tiek gal\u0101 pat ar notur\u012bgu grimu","robots":{"index":"index","follow":"follow","max-snippet":"max-snippet:-1","max-image-preview":"max-image-preview:large","max-video-preview":"max-video-preview:-1"},"canonical":"https:\/\/www.facecorner.lv\/en\/shop\/house-of-hur-purifying-cleansing-balm-50ml\/","og_locale":"en_US","og_type":"article","og_title":"House of Hur Purifying Cleansing Balm 50ml - FACECORNER","og_description":"House of Hur Purifying Cleansing Balm\u00a0 att\u012bro\u0161ais hidrofilais balzams lieliski att\u012bra \u0101du no da\u017e\u0101diem net\u012brumiem un lieliski tiek gal\u0101 pat ar notur\u012bgu grimu","og_url":"https:\/\/www.facecorner.lv\/en\/shop\/house-of-hur-purifying-cleansing-balm-50ml\/","og_site_name":"FACECORNER","article_publisher":"https:\/\/www.facebook.com\/profile.php?id=100063824551839","article_modified_time":"2025-11-23T17:24:20+00:00","og_image":[{"width":1024,"height":1024,"url":"https:\/\/www.facecorner.lv\/wp-content\/uploads\/2025\/08\/house-of-hur-purifying-cleansing-balm-50-e17c8_reference.jpg","type":"image\/jpeg"}],"twitter_card":"summary_large_image","twitter_misc":{"Price":"&euro;26.50","Availability":"In stock"},"schema":{"@context":"https:\/\/schema.org","@graph":[{"@type":"WebPage","@id":"https:\/\/www.facecorner.lv\/shop\/house-of-hur-purifying-cleansing-balm-50ml\/","url":"https:\/\/www.facecorner.lv\/shop\/house-of-hur-purifying-cleansing-balm-50ml\/","name":"House of Hur Purifying Cleansing Balm 50ml - FACECORNER","isPartOf":{"@id":"https:\/\/www.facecorner.lv\/#website"},"primaryImageOfPage":{"@id":"https:\/\/www.facecorner.lv\/shop\/house-of-hur-purifying-cleansing-balm-50ml\/#primaryimage"},"image":{"@id":"https:\/\/www.facecorner.lv\/shop\/house-of-hur-purifying-cleansing-balm-50ml\/#primaryimage"},"thumbnailUrl":"https:\/\/www.facecorner.lv\/wp-content\/uploads\/2025\/08\/house-of-hur-purifying-cleansing-balm-50-e17c8_reference.jpg","datePublished":"2025-08-29T12:55:37+00:00","dateModified":"2025-11-23T17:24:20+00:00","description":"House of Hur Purifying Cleansing Balm\u00a0 att\u012bro\u0161ais hidrofilais balzams lieliski att\u012bra \u0101du no da\u017e\u0101diem net\u012brumiem un lieliski tiek gal\u0101 pat ar notur\u012bgu grimu","breadcrumb":{"@id":"https:\/\/www.facecorner.lv\/shop\/house-of-hur-purifying-cleansing-balm-50ml\/#breadcrumb"},"inLanguage":"en-US","potentialAction":[{"@type":"ReadAction","target":["https:\/\/www.facecorner.lv\/shop\/house-of-hur-purifying-cleansing-balm-50ml\/"]}]},{"@type":"ImageObject","inLanguage":"en-US","@id":"https:\/\/www.facecorner.lv\/shop\/house-of-hur-purifying-cleansing-balm-50ml\/#primaryimage","url":"https:\/\/www.facecorner.lv\/wp-content\/uploads\/2025\/08\/house-of-hur-purifying-cleansing-balm-50-e17c8_reference.jpg","contentUrl":"https:\/\/www.facecorner.lv\/wp-content\/uploads\/2025\/08\/house-of-hur-purifying-cleansing-balm-50-e17c8_reference.jpg","width":1024,"height":1024,"caption":"House of Hur Purifying Cleansing Balm"},{"@type":"BreadcrumbList","@id":"https:\/\/www.facecorner.lv\/shop\/house-of-hur-purifying-cleansing-balm-50ml\/#breadcrumb","itemListElement":[{"@type":"ListItem","position":1,"name":"Home","item":"https:\/\/www.facecorner.lv\/"},{"@type":"ListItem","position":2,"name":"Veikals","item":"https:\/\/www.facecorner.lv\/shop\/"},{"@type":"ListItem","position":3,"name":"House of Hur Purifying Cleansing Balm 50ml"}]},{"@type":"WebSite","@id":"https:\/\/www.facecorner.lv\/#website","url":"https:\/\/www.facecorner.lv\/","name":"Facecorner","description":"","publisher":{"@id":"https:\/\/www.facecorner.lv\/#organization"},"potentialAction":[{"@type":"SearchAction","target":{"@type":"EntryPoint","urlTemplate":"https:\/\/www.facecorner.lv\/?s={search_term_string}"},"query-input":{"@type":"PropertyValueSpecification","valueRequired":true,"valueName":"search_term_string"}}],"inLanguage":"en-US"},{"@type":"Organization","@id":"https:\/\/www.facecorner.lv\/#organization","name":"Facecorner","url":"https:\/\/www.facecorner.lv\/","logo":{"@type":"ImageObject","inLanguage":"en-US","@id":"https:\/\/www.facecorner.lv\/#\/schema\/logo\/image\/","url":"https:\/\/www.facecorner.lv\/wp-content\/uploads\/2024\/04\/fc-logo.jpg","contentUrl":"https:\/\/www.facecorner.lv\/wp-content\/uploads\/2024\/04\/fc-logo.jpg","width":174,"height":28,"caption":"Facecorner"},"image":{"@id":"https:\/\/www.facecorner.lv\/#\/schema\/logo\/image\/"},"sameAs":["https:\/\/www.facebook.com\/profile.php?id=100063824551839","https:\/\/www.instagram.com\/facecorner_shop\/"]}]},"product_price_amount":"26.50","product_price_currency":"EUR","og_availability":"instock","product_availability":"instock","product_condition":"new"},"_links":{"self":[{"href":"https:\/\/www.facecorner.lv\/en\/wp-json\/wp\/v2\/product\/25123","targetHints":{"allow":["GET"]}}],"collection":[{"href":"https:\/\/www.facecorner.lv\/en\/wp-json\/wp\/v2\/product"}],"about":[{"href":"https:\/\/www.facecorner.lv\/en\/wp-json\/wp\/v2\/types\/product"}],"replies":[{"embeddable":true,"href":"https:\/\/www.facecorner.lv\/en\/wp-json\/wp\/v2\/comments?post=25123"}],"wp:featuredmedia":[{"embeddable":true,"href":"https:\/\/www.facecorner.lv\/en\/wp-json\/wp\/v2\/media\/25124"}],"wp:attachment":[{"href":"https:\/\/www.facecorner.lv\/en\/wp-json\/wp\/v2\/media?parent=25123"}],"wp:term":[{"taxonomy":"product_brand","embeddable":true,"href":"https:\/\/www.facecorner.lv\/en\/wp-json\/wp\/v2\/product_brand?post=25123"},{"taxonomy":"product_cat","embeddable":true,"href":"https:\/\/www.facecorner.lv\/en\/wp-json\/wp\/v2\/product_cat?post=25123"},{"taxonomy":"product_tag","embeddable":true,"href":"https:\/\/www.facecorner.lv\/en\/wp-json\/wp\/v2\/product_tag?post=25123"},{"taxonomy":"berocket_brand","embeddable":true,"href":"https:\/\/www.facecorner.lv\/en\/wp-json\/wp\/v2\/berocket_brand?post=25123"}],"curies":[{"name":"wp","href":"https:\/\/api.w.org\/{rel}","templated":true}]}}