{"id":25109,"date":"2025-08-29T15:25:30","date_gmt":"2025-08-29T12:25:30","guid":{"rendered":"https:\/\/www.facecorner.lv\/?post_type=product&#038;p=25109"},"modified":"2025-11-13T15:35:50","modified_gmt":"2025-11-13T12:35:50","slug":"laneige-lip-sleeping-mask-mango-20g","status":"publish","type":"product","link":"https:\/\/www.facecorner.lv\/en\/shop\/laneige-lip-sleeping-mask-mango-20g\/","title":{"rendered":"Laneige Lip Sleeping Mask Mango 20g"},"content":{"rendered":"<p>Laneige Lip Sleeping Mask Mango ir intens\u012bva nakts maska ar apburo\u0161u mango arom\u0101tu, kas risina probl\u0113mas, ar kur\u0101m nevar tikt gal\u0101 parastie balzami. T\u0101 dzi\u013ci atjauno sausas un saplais\u0101ju\u0161as l\u016bpas, padarot t\u0101s m\u012bkstas, gludas un atjaunotas.<\/p>\n<p><strong>Sast\u0101vs:<\/strong> Diisostearyl Malate, Hydrogenated Polyisobutene, Phyto- Steryl\/Isostearyl\/Cetyl\/Stearyl\/Behenyl Dimer Dilinoleate, Hydrogenated Poly(C6-14 Olefin), Polybutene, Microcrystalline Wax \/ Cera Microcristallina \/ Cire Microcri Stalline, Butyrospermum Parkii (Shea) Butter, Synthetic Wax, Ethylene\/Propylene\/Styrene Copolymer, Sucrose Tetrastearate Triacetate, Mica, Euphorbia Cerifera (Candelilla) Wax \/ Candelilla Cera Hydrocarbons \/ Cire De Candelilla, Candelilla Wax Esters, Astrocaryum Murumuru Seed Butter, Titanium Dioxide (Ci 77891), Fragrance \/ Parfum, Glyceryl Caprylate, Polyglyceryl-2 Diisostearate, Butylene\/Ethylene\/Styrene Copolymer, Copernicia Cerifera (Carnauba) Wax \/ Copernicia Cerifera Cera \/ Cire De Carnauba, Methicone, Polyglyceryl-2 Triisostearate, Cocos Nucifera (Coconut) Oil, Yellow 6 Lake (Ci 15985), Pentaerythrityl Tetra-Di-T-Butyl Hydroxyhydrocinnamate, Red 6 (Ci 15850), Ascorbic Acid, Water \/ Aqua \/ Eau, Glycerin, Propanediol, Bht, Punica Granatum Fruit Juice, Rubus Idaeus (Raspberry) Juice, Vitis Vinifera (Grape) Juice<strong>.<\/strong><\/p>","protected":false},"excerpt":{"rendered":"<p>Laneige Lip Sleeping Mask Mango ir intens\u012bva nakts maska ar apburo\u0161u mango arom\u0101tu, kas risina probl\u0113mas, ar kur\u0101m nevar tikt gal\u0101 parastie balzami. T\u0101 dzi\u013ci atjauno sausas un saplais\u0101ju\u0161as l\u016bpas, padarot t\u0101s m\u012bkstas, gludas un atjaunotas.<\/p>","protected":false},"featured_media":25110,"comment_status":"open","ping_status":"closed","template":"","meta":{"site-sidebar-layout":"default","site-content-layout":"","ast-site-content-layout":"default","site-content-style":"default","site-sidebar-style":"default","ast-global-header-display":"","ast-banner-title-visibility":"","ast-main-header-display":"","ast-hfb-above-header-display":"","ast-hfb-below-header-display":"","ast-hfb-mobile-header-display":"","site-post-title":"","ast-breadcrumbs-content":"","ast-featured-img":"","footer-sml-layout":"","theme-transparent-header-meta":"default","adv-header-id-meta":"","stick-header-meta":"","header-above-stick-meta":"","header-main-stick-meta":"","header-below-stick-meta":"","astra-migrate-meta-layouts":"set","ast-page-background-enabled":"default","ast-page-background-meta":{"desktop":{"background-color":"var(--ast-global-color-4)","background-image":"","background-repeat":"repeat","background-position":"center center","background-size":"auto","background-attachment":"scroll","background-type":"","background-media":"","overlay-type":"","overlay-color":"","overlay-opacity":"","overlay-gradient":""},"tablet":{"background-color":"","background-image":"","background-repeat":"repeat","background-position":"center center","background-size":"auto","background-attachment":"scroll","background-type":"","background-media":"","overlay-type":"","overlay-color":"","overlay-opacity":"","overlay-gradient":""},"mobile":{"background-color":"","background-image":"","background-repeat":"repeat","background-position":"center center","background-size":"auto","background-attachment":"scroll","background-type":"","background-media":"","overlay-type":"","overlay-color":"","overlay-opacity":"","overlay-gradient":""}},"ast-content-background-meta":{"desktop":{"background-color":"var(--ast-global-color-5)","background-image":"","background-repeat":"repeat","background-position":"center center","background-size":"auto","background-attachment":"scroll","background-type":"","background-media":"","overlay-type":"","overlay-color":"","overlay-opacity":"","overlay-gradient":""},"tablet":{"background-color":"var(--ast-global-color-5)","background-image":"","background-repeat":"repeat","background-position":"center center","background-size":"auto","background-attachment":"scroll","background-type":"","background-media":"","overlay-type":"","overlay-color":"","overlay-opacity":"","overlay-gradient":""},"mobile":{"background-color":"var(--ast-global-color-5)","background-image":"","background-repeat":"repeat","background-position":"center center","background-size":"auto","background-attachment":"scroll","background-type":"","background-media":"","overlay-type":"","overlay-color":"","overlay-opacity":"","overlay-gradient":""}}},"product_brand":[],"product_cat":[320],"product_tag":[],"berocket_brand":[641],"class_list":{"0":"post-25109","1":"product","2":"type-product","3":"status-publish","4":"has-post-thumbnail","6":"product_cat-lupu-kopsana","7":"berocket_brand-laneige","8":"desktop-align-left","9":"tablet-align-left","10":"mobile-align-left","12":"first","13":"outofstock","14":"taxable","15":"shipping-taxable","16":"purchasable","17":"product-type-simple","18":"add-to-wishlist-before_image"},"yoast_head":"<!-- This site is optimized with the Yoast SEO plugin v27.4 - https:\/\/yoast.com\/product\/yoast-seo-wordpress\/ -->\n<title>Laneige Lip Sleeping Mask Mango 20g - FACECORNER<\/title>\n<meta name=\"description\" content=\"Laneige Lip Sleeping Mask Mango ir intens\u012bva nakts maska ar apburo\u0161u mango arom\u0101tu, kas risina probl\u0113mas, ar kur\u0101m nevar tikt gal\u0101 parastie balzami.\" \/>\n<meta name=\"robots\" content=\"index, follow, max-snippet:-1, max-image-preview:large, max-video-preview:-1\" \/>\n<link rel=\"canonical\" href=\"https:\/\/www.facecorner.lv\/en\/shop\/laneige-lip-sleeping-mask-mango-20g\/\" \/>\n<meta property=\"og:locale\" content=\"en_US\" \/>\n<meta property=\"og:type\" content=\"article\" \/>\n<meta property=\"og:title\" content=\"Laneige Lip Sleeping Mask Mango 20g - FACECORNER\" \/>\n<meta property=\"og:description\" content=\"Laneige Lip Sleeping Mask Mango ir intens\u012bva nakts maska ar apburo\u0161u mango arom\u0101tu, kas risina probl\u0113mas, ar kur\u0101m nevar tikt gal\u0101 parastie balzami.\" \/>\n<meta property=\"og:url\" content=\"https:\/\/www.facecorner.lv\/en\/shop\/laneige-lip-sleeping-mask-mango-20g\/\" \/>\n<meta property=\"og:site_name\" content=\"FACECORNER\" \/>\n<meta property=\"article:publisher\" content=\"https:\/\/www.facebook.com\/profile.php?id=100063824551839\" \/>\n<meta property=\"article:modified_time\" content=\"2025-11-13T12:35:50+00:00\" \/>\n<meta name=\"twitter:card\" content=\"summary_large_image\" \/>\n<meta name=\"twitter:label1\" content=\"Price\" \/>\n\t<meta name=\"twitter:data1\" content=\"&euro;26.00\" \/>\n\t<meta name=\"twitter:label2\" content=\"Availability\" \/>\n\t<meta name=\"twitter:data2\" content=\"Out of stock\" \/>\n<script type=\"application\/ld+json\" class=\"yoast-schema-graph\">{\"@context\":\"https:\\\/\\\/schema.org\",\"@graph\":[{\"@type\":\"WebPage\",\"@id\":\"https:\\\/\\\/www.facecorner.lv\\\/shop\\\/laneige-lip-sleeping-mask-mango-20g\\\/\",\"url\":\"https:\\\/\\\/www.facecorner.lv\\\/shop\\\/laneige-lip-sleeping-mask-mango-20g\\\/\",\"name\":\"Laneige Lip Sleeping Mask Mango 20g - FACECORNER\",\"isPartOf\":{\"@id\":\"https:\\\/\\\/www.facecorner.lv\\\/#website\"},\"primaryImageOfPage\":{\"@id\":\"https:\\\/\\\/www.facecorner.lv\\\/shop\\\/laneige-lip-sleeping-mask-mango-20g\\\/#primaryimage\"},\"image\":{\"@id\":\"https:\\\/\\\/www.facecorner.lv\\\/shop\\\/laneige-lip-sleeping-mask-mango-20g\\\/#primaryimage\"},\"thumbnailUrl\":\"https:\\\/\\\/www.facecorner.lv\\\/wp-content\\\/uploads\\\/2025\\\/08\\\/38179d7LANEI00000208_2.avif\",\"datePublished\":\"2025-08-29T12:25:30+00:00\",\"dateModified\":\"2025-11-13T12:35:50+00:00\",\"description\":\"Laneige Lip Sleeping Mask Mango ir intens\u012bva nakts maska ar apburo\u0161u mango arom\u0101tu, kas risina probl\u0113mas, ar kur\u0101m nevar tikt gal\u0101 parastie balzami.\",\"breadcrumb\":{\"@id\":\"https:\\\/\\\/www.facecorner.lv\\\/shop\\\/laneige-lip-sleeping-mask-mango-20g\\\/#breadcrumb\"},\"inLanguage\":\"en-US\",\"potentialAction\":[{\"@type\":\"ReadAction\",\"target\":[\"https:\\\/\\\/www.facecorner.lv\\\/shop\\\/laneige-lip-sleeping-mask-mango-20g\\\/\"]}]},{\"@type\":\"ImageObject\",\"inLanguage\":\"en-US\",\"@id\":\"https:\\\/\\\/www.facecorner.lv\\\/shop\\\/laneige-lip-sleeping-mask-mango-20g\\\/#primaryimage\",\"url\":\"https:\\\/\\\/www.facecorner.lv\\\/wp-content\\\/uploads\\\/2025\\\/08\\\/38179d7LANEI00000208_2.avif\",\"contentUrl\":\"https:\\\/\\\/www.facecorner.lv\\\/wp-content\\\/uploads\\\/2025\\\/08\\\/38179d7LANEI00000208_2.avif\",\"width\":500,\"height\":500,\"caption\":\"Laneige Lip Sleeping Mask Mango\"},{\"@type\":\"BreadcrumbList\",\"@id\":\"https:\\\/\\\/www.facecorner.lv\\\/shop\\\/laneige-lip-sleeping-mask-mango-20g\\\/#breadcrumb\",\"itemListElement\":[{\"@type\":\"ListItem\",\"position\":1,\"name\":\"Home\",\"item\":\"https:\\\/\\\/www.facecorner.lv\\\/\"},{\"@type\":\"ListItem\",\"position\":2,\"name\":\"Veikals\",\"item\":\"https:\\\/\\\/www.facecorner.lv\\\/shop\\\/\"},{\"@type\":\"ListItem\",\"position\":3,\"name\":\"Laneige Lip Sleeping Mask Mango 20g\"}]},{\"@type\":\"WebSite\",\"@id\":\"https:\\\/\\\/www.facecorner.lv\\\/#website\",\"url\":\"https:\\\/\\\/www.facecorner.lv\\\/\",\"name\":\"Facecorner\",\"description\":\"\",\"publisher\":{\"@id\":\"https:\\\/\\\/www.facecorner.lv\\\/#organization\"},\"potentialAction\":[{\"@type\":\"SearchAction\",\"target\":{\"@type\":\"EntryPoint\",\"urlTemplate\":\"https:\\\/\\\/www.facecorner.lv\\\/?s={search_term_string}\"},\"query-input\":{\"@type\":\"PropertyValueSpecification\",\"valueRequired\":true,\"valueName\":\"search_term_string\"}}],\"inLanguage\":\"en-US\"},{\"@type\":\"Organization\",\"@id\":\"https:\\\/\\\/www.facecorner.lv\\\/#organization\",\"name\":\"Facecorner\",\"url\":\"https:\\\/\\\/www.facecorner.lv\\\/\",\"logo\":{\"@type\":\"ImageObject\",\"inLanguage\":\"en-US\",\"@id\":\"https:\\\/\\\/www.facecorner.lv\\\/#\\\/schema\\\/logo\\\/image\\\/\",\"url\":\"https:\\\/\\\/www.facecorner.lv\\\/wp-content\\\/uploads\\\/2024\\\/04\\\/fc-logo.jpg\",\"contentUrl\":\"https:\\\/\\\/www.facecorner.lv\\\/wp-content\\\/uploads\\\/2024\\\/04\\\/fc-logo.jpg\",\"width\":174,\"height\":28,\"caption\":\"Facecorner\"},\"image\":{\"@id\":\"https:\\\/\\\/www.facecorner.lv\\\/#\\\/schema\\\/logo\\\/image\\\/\"},\"sameAs\":[\"https:\\\/\\\/www.facebook.com\\\/profile.php?id=100063824551839\",\"https:\\\/\\\/www.instagram.com\\\/facecorner_shop\\\/\"]}]}<\/script>\n<meta property=\"product:price:amount\" content=\"26.00\" \/>\n<meta property=\"product:price:currency\" content=\"EUR\" \/>\n<meta property=\"og:availability\" content=\"out of stock\" \/>\n<meta property=\"product:availability\" content=\"out of stock\" \/>\n<meta property=\"product:condition\" content=\"new\" \/>\n<!-- \/ Yoast SEO plugin. -->","yoast_head_json":{"title":"Laneige Lip Sleeping Mask Mango 20g - FACECORNER","description":"Laneige Lip Sleeping Mask Mango ir intens\u012bva nakts maska ar apburo\u0161u mango arom\u0101tu, kas risina probl\u0113mas, ar kur\u0101m nevar tikt gal\u0101 parastie balzami.","robots":{"index":"index","follow":"follow","max-snippet":"max-snippet:-1","max-image-preview":"max-image-preview:large","max-video-preview":"max-video-preview:-1"},"canonical":"https:\/\/www.facecorner.lv\/en\/shop\/laneige-lip-sleeping-mask-mango-20g\/","og_locale":"en_US","og_type":"article","og_title":"Laneige Lip Sleeping Mask Mango 20g - FACECORNER","og_description":"Laneige Lip Sleeping Mask Mango ir intens\u012bva nakts maska ar apburo\u0161u mango arom\u0101tu, kas risina probl\u0113mas, ar kur\u0101m nevar tikt gal\u0101 parastie balzami.","og_url":"https:\/\/www.facecorner.lv\/en\/shop\/laneige-lip-sleeping-mask-mango-20g\/","og_site_name":"FACECORNER","article_publisher":"https:\/\/www.facebook.com\/profile.php?id=100063824551839","article_modified_time":"2025-11-13T12:35:50+00:00","twitter_card":"summary_large_image","twitter_misc":{"Price":"&euro;26.00","Availability":"Out of stock"},"schema":{"@context":"https:\/\/schema.org","@graph":[{"@type":"WebPage","@id":"https:\/\/www.facecorner.lv\/shop\/laneige-lip-sleeping-mask-mango-20g\/","url":"https:\/\/www.facecorner.lv\/shop\/laneige-lip-sleeping-mask-mango-20g\/","name":"Laneige Lip Sleeping Mask Mango 20g - FACECORNER","isPartOf":{"@id":"https:\/\/www.facecorner.lv\/#website"},"primaryImageOfPage":{"@id":"https:\/\/www.facecorner.lv\/shop\/laneige-lip-sleeping-mask-mango-20g\/#primaryimage"},"image":{"@id":"https:\/\/www.facecorner.lv\/shop\/laneige-lip-sleeping-mask-mango-20g\/#primaryimage"},"thumbnailUrl":"https:\/\/www.facecorner.lv\/wp-content\/uploads\/2025\/08\/38179d7LANEI00000208_2.avif","datePublished":"2025-08-29T12:25:30+00:00","dateModified":"2025-11-13T12:35:50+00:00","description":"Laneige Lip Sleeping Mask Mango ir intens\u012bva nakts maska ar apburo\u0161u mango arom\u0101tu, kas risina probl\u0113mas, ar kur\u0101m nevar tikt gal\u0101 parastie balzami.","breadcrumb":{"@id":"https:\/\/www.facecorner.lv\/shop\/laneige-lip-sleeping-mask-mango-20g\/#breadcrumb"},"inLanguage":"en-US","potentialAction":[{"@type":"ReadAction","target":["https:\/\/www.facecorner.lv\/shop\/laneige-lip-sleeping-mask-mango-20g\/"]}]},{"@type":"ImageObject","inLanguage":"en-US","@id":"https:\/\/www.facecorner.lv\/shop\/laneige-lip-sleeping-mask-mango-20g\/#primaryimage","url":"https:\/\/www.facecorner.lv\/wp-content\/uploads\/2025\/08\/38179d7LANEI00000208_2.avif","contentUrl":"https:\/\/www.facecorner.lv\/wp-content\/uploads\/2025\/08\/38179d7LANEI00000208_2.avif","width":500,"height":500,"caption":"Laneige Lip Sleeping Mask Mango"},{"@type":"BreadcrumbList","@id":"https:\/\/www.facecorner.lv\/shop\/laneige-lip-sleeping-mask-mango-20g\/#breadcrumb","itemListElement":[{"@type":"ListItem","position":1,"name":"Home","item":"https:\/\/www.facecorner.lv\/"},{"@type":"ListItem","position":2,"name":"Veikals","item":"https:\/\/www.facecorner.lv\/shop\/"},{"@type":"ListItem","position":3,"name":"Laneige Lip Sleeping Mask Mango 20g"}]},{"@type":"WebSite","@id":"https:\/\/www.facecorner.lv\/#website","url":"https:\/\/www.facecorner.lv\/","name":"Facecorner","description":"","publisher":{"@id":"https:\/\/www.facecorner.lv\/#organization"},"potentialAction":[{"@type":"SearchAction","target":{"@type":"EntryPoint","urlTemplate":"https:\/\/www.facecorner.lv\/?s={search_term_string}"},"query-input":{"@type":"PropertyValueSpecification","valueRequired":true,"valueName":"search_term_string"}}],"inLanguage":"en-US"},{"@type":"Organization","@id":"https:\/\/www.facecorner.lv\/#organization","name":"Facecorner","url":"https:\/\/www.facecorner.lv\/","logo":{"@type":"ImageObject","inLanguage":"en-US","@id":"https:\/\/www.facecorner.lv\/#\/schema\/logo\/image\/","url":"https:\/\/www.facecorner.lv\/wp-content\/uploads\/2024\/04\/fc-logo.jpg","contentUrl":"https:\/\/www.facecorner.lv\/wp-content\/uploads\/2024\/04\/fc-logo.jpg","width":174,"height":28,"caption":"Facecorner"},"image":{"@id":"https:\/\/www.facecorner.lv\/#\/schema\/logo\/image\/"},"sameAs":["https:\/\/www.facebook.com\/profile.php?id=100063824551839","https:\/\/www.instagram.com\/facecorner_shop\/"]}]},"product_price_amount":"26.00","product_price_currency":"EUR","og_availability":"out of stock","product_availability":"out of stock","product_condition":"new"},"_links":{"self":[{"href":"https:\/\/www.facecorner.lv\/en\/wp-json\/wp\/v2\/product\/25109","targetHints":{"allow":["GET"]}}],"collection":[{"href":"https:\/\/www.facecorner.lv\/en\/wp-json\/wp\/v2\/product"}],"about":[{"href":"https:\/\/www.facecorner.lv\/en\/wp-json\/wp\/v2\/types\/product"}],"replies":[{"embeddable":true,"href":"https:\/\/www.facecorner.lv\/en\/wp-json\/wp\/v2\/comments?post=25109"}],"wp:featuredmedia":[{"embeddable":true,"href":"https:\/\/www.facecorner.lv\/en\/wp-json\/wp\/v2\/media\/25110"}],"wp:attachment":[{"href":"https:\/\/www.facecorner.lv\/en\/wp-json\/wp\/v2\/media?parent=25109"}],"wp:term":[{"taxonomy":"product_brand","embeddable":true,"href":"https:\/\/www.facecorner.lv\/en\/wp-json\/wp\/v2\/product_brand?post=25109"},{"taxonomy":"product_cat","embeddable":true,"href":"https:\/\/www.facecorner.lv\/en\/wp-json\/wp\/v2\/product_cat?post=25109"},{"taxonomy":"product_tag","embeddable":true,"href":"https:\/\/www.facecorner.lv\/en\/wp-json\/wp\/v2\/product_tag?post=25109"},{"taxonomy":"berocket_brand","embeddable":true,"href":"https:\/\/www.facecorner.lv\/en\/wp-json\/wp\/v2\/berocket_brand?post=25109"}],"curies":[{"name":"wp","href":"https:\/\/api.w.org\/{rel}","templated":true}]}}