{"id":25097,"date":"2025-08-29T14:31:12","date_gmt":"2025-08-29T11:31:12","guid":{"rendered":"https:\/\/www.facecorner.lv\/?post_type=product&#038;p=25097"},"modified":"2026-01-28T13:23:39","modified_gmt":"2026-01-28T10:23:39","slug":"vt-pdrn-glow-cream-50ml","status":"publish","type":"product","link":"https:\/\/www.facecorner.lv\/en\/shop\/vt-pdrn-glow-cream-50ml\/","title":{"rendered":"VT PDRN Glow Cream 50ml"},"content":{"rendered":"<p>VT PDRN Glow Cream ir ultra mitrino\u0161s un atjaunojo\u0161s kr\u0113ms ar \u201cglass skin\u201d (stikla \u0101das) efektu.<\/p>\n<p>Formula ar 100 000 ppm augu PDRN, kas ieg\u016bts no savva\u013cas \u017een\u0161e\u0146a, veicina dzi\u013cu atjauno\u0161anos, elast\u012bbas palielin\u0101\u0161anu un vesel\u012bga mirdzuma pie\u0161\u0137ir\u0161anu. Papildin\u0101ts ar zil\u0101m kapsul\u0101m ar azul\u0113nu, kas saudz\u0113 \u0101du un pie\u0161\u0137ir tai maigumu. Pateicoties tekst\u016brai bez smaguma efekta un bez smar\u017eviel\u0101m, kr\u0113ms ir ide\u0101li piem\u0113rots visiem \u0101das tipiem, ieskaitot jut\u012bgu \u0101du.<\/p>\n<ul>\n<li>Intens\u012bva mitrin\u0101\u0161ana un mirdzums \u2014 saglab\u0101 \u0101du maigu un gludu visas dienas un nakts garum\u0101<\/li>\n<li>Regener\u0101cija un elast\u012bba \u2014 pastiprin\u0101ta pateicoties 100 000 ppm PDRN (augu izcelsmes)<\/li>\n<li>Nomierino\u0161s efekts \u2014 azul\u0113ns nodro\u0161ina maigumu un pal\u012bdz atjaunot kairin\u0101tu \u0101du<\/li>\n<li>Viegla un \u0101tri uzs\u016bco\u0161a tekst\u016bra \u2014 \u0113rta lieto\u0161anai zem grima vai nakts laik\u0101, neatst\u0101jot lip\u012bgumu<\/li>\n<li>Bez smar\u017eviel\u0101m un dro\u0161a jut\u012bgai \u0101dai<\/li>\n<\/ul>\n<p><strong>How to use:<\/strong> Uzkl\u0101jiet kr\u0113mu p\u0113c att\u012br\u012b\u0161anas un mitrin\u0101\u0161anas posma. Vienm\u0113r\u012bgi izl\u012bdziniet uz sejas ar viegliem mas\u0113jo\u0161iem kust\u012bb\u0101m \u2014 tas ir lielisks pamats grima uzkl\u0101\u0161anai, bet nakt\u012b veido aizsarg\u0101jo\u0161u barjeru. Lietojiet no r\u012bta un vakar\u0101, lai sasniegtu maksim\u0101lu efektu.<\/p>\n<p><strong>Sast\u0101vs:<\/strong> Water, Glycerin, Butylene Glycol, Hyaluronic Acid, Methyl Hydrogenated Rosinate, C12\u201115 Alkyl Benzoate, Polyglycerin\u20113, Caprylic\/Capric Triglyceride, 1,2\u2011Hexanediol, Niacinamide, Caprylic\/Capric\/Myristic\/Stearic Triglyceride, C14\u201122 Alcohols, Bis\u2011Diglyceryl Polyacyladipate\u20112, Vinyl Dimethicone, Macadamia Ternifolia Seed Oil, Hydrogenated Vegetable Oil, Panax Ginseng Root Extract, Solanum Melongena Fruit Extract, Eclipta Prostrata Extract, Ocimum Sanctum Leaf Extract, Corallina Officinalis Extract, Simmondsia Chinensis Seed Oil, Curcuma Longa (Turmeric) Root Extract, Amber Powder, Cetearyl Alcohol, Palmitic Acid, Hydrolyzed Sodium Hyaluronate, Hydroxypropyltrimonium Hyaluronate, Hydrolyzed Hyaluronic Acid, Potassium Hyaluronate, Hyaluronic Acid, Moringa Oleifera Seed Oil, Ceramide NP, Melia Azadirachta Leaf &amp; Flower Extracts, Glucose, Coccinia Indica Fruit Extract, Sodium Hyaluronate, Pentylene Glycol, Sodium DNA (PDRN), Ceramide NS, Sodium Acetylated Hyaluronate, Cholesterol, Phytosphingosine, Ceramide AS, Ceramide AP, Sodium Guaiazulene Sulfonate, Ceramide EOP, Panthenol, Betaine, Glyceryl Stearate, Polyacrylate\u201113, Stearic Acid, C12\u201120 Alkyl Glucoside, Cetearyl Glucoside, Hydrogenated Polyisobutene, Glyceryl Acrylate\/Acrylic Acid Copolymer, Polyglyceryl\u201110 Laurate, Ethylhexyl Palmitate, Sorbitan Isostearate, Guar Gum, Agar, Hydrogenated Lecithin, Carbomer, Tromethamine, Xanthan Gum, Allantoin, Adenosine, Disodium EDTA, Ethylhexylglycerin<\/p>","protected":false},"excerpt":{"rendered":"<p>VT PDRN Glow Cream ir ultra mitrino\u0161s un atjaunojo\u0161s kr\u0113ms ar \u201cglass skin\u201d (stikla \u0101das) efektu. Formula ar 100 000 ppm augu PDRN, kas ieg\u016bts no savva\u013cas \u017een\u0161e\u0146a, veicina dzi\u013cu atjauno\u0161anos, elast\u012bbas palielin\u0101\u0161anu un vesel\u012bga mirdzuma pie\u0161\u0137ir\u0161anu. Papildin\u0101ts ar zil\u0101m kapsul\u0101m ar azul\u0113nu, kas saudz\u0113 \u0101du un pie\u0161\u0137ir tai maigumu. Pateicoties tekst\u016brai bez smaguma efekta [&hellip;]<\/p>\n","protected":false},"featured_media":25099,"comment_status":"open","ping_status":"closed","template":"","meta":{"site-sidebar-layout":"default","site-content-layout":"","ast-site-content-layout":"default","site-content-style":"default","site-sidebar-style":"default","ast-global-header-display":"","ast-banner-title-visibility":"","ast-main-header-display":"","ast-hfb-above-header-display":"","ast-hfb-below-header-display":"","ast-hfb-mobile-header-display":"","site-post-title":"","ast-breadcrumbs-content":"","ast-featured-img":"","footer-sml-layout":"","theme-transparent-header-meta":"default","adv-header-id-meta":"","stick-header-meta":"","header-above-stick-meta":"","header-main-stick-meta":"","header-below-stick-meta":"","astra-migrate-meta-layouts":"set","ast-page-background-enabled":"default","ast-page-background-meta":{"desktop":{"background-color":"var(--ast-global-color-4)","background-image":"","background-repeat":"repeat","background-position":"center center","background-size":"auto","background-attachment":"scroll","background-type":"","background-media":"","overlay-type":"","overlay-color":"","overlay-opacity":"","overlay-gradient":""},"tablet":{"background-color":"","background-image":"","background-repeat":"repeat","background-position":"center center","background-size":"auto","background-attachment":"scroll","background-type":"","background-media":"","overlay-type":"","overlay-color":"","overlay-opacity":"","overlay-gradient":""},"mobile":{"background-color":"","background-image":"","background-repeat":"repeat","background-position":"center center","background-size":"auto","background-attachment":"scroll","background-type":"","background-media":"","overlay-type":"","overlay-color":"","overlay-opacity":"","overlay-gradient":""}},"ast-content-background-meta":{"desktop":{"background-color":"var(--ast-global-color-5)","background-image":"","background-repeat":"repeat","background-position":"center center","background-size":"auto","background-attachment":"scroll","background-type":"","background-media":"","overlay-type":"","overlay-color":"","overlay-opacity":"","overlay-gradient":""},"tablet":{"background-color":"var(--ast-global-color-5)","background-image":"","background-repeat":"repeat","background-position":"center center","background-size":"auto","background-attachment":"scroll","background-type":"","background-media":"","overlay-type":"","overlay-color":"","overlay-opacity":"","overlay-gradient":""},"mobile":{"background-color":"var(--ast-global-color-5)","background-image":"","background-repeat":"repeat","background-position":"center center","background-size":"auto","background-attachment":"scroll","background-type":"","background-media":"","overlay-type":"","overlay-color":"","overlay-opacity":"","overlay-gradient":""}}},"product_brand":[],"product_cat":[366,367,652,362],"product_tag":[],"berocket_brand":[582],"class_list":{"0":"post-25097","1":"product","2":"type-product","3":"status-publish","4":"has-post-thumbnail","6":"product_cat-mitrinoss","7":"product_cat-nomierinoss","8":"product_cat-pdrn","9":"product_cat-sejas-krems","10":"berocket_brand-vt","11":"desktop-align-left","12":"tablet-align-left","13":"mobile-align-left","15":"first","16":"outofstock","17":"taxable","18":"shipping-taxable","19":"purchasable","20":"product-type-simple","21":"add-to-wishlist-before_image"},"yoast_head":"<!-- This site is optimized with the Yoast SEO plugin v27.4 - https:\/\/yoast.com\/product\/yoast-seo-wordpress\/ -->\n<title>VT PDRN Glow Cream 50ml - FACECORNER<\/title>\n<meta name=\"description\" content=\"VT PDRN Glow Cream ir ultra mitrino\u0161s un atjaunojo\u0161s kr\u0113ms ar \u201cglass skin\u201d (stikla \u0101das) efektu.Formula ar 100 000 ppm augu PDRN\" \/>\n<meta name=\"robots\" content=\"index, follow, max-snippet:-1, max-image-preview:large, max-video-preview:-1\" \/>\n<link rel=\"canonical\" href=\"https:\/\/www.facecorner.lv\/en\/shop\/vt-pdrn-glow-cream-50ml\/\" \/>\n<meta property=\"og:locale\" content=\"en_US\" \/>\n<meta property=\"og:type\" content=\"article\" \/>\n<meta property=\"og:title\" content=\"VT PDRN Glow Cream 50ml - FACECORNER\" \/>\n<meta property=\"og:description\" content=\"VT PDRN Glow Cream ir ultra mitrino\u0161s un atjaunojo\u0161s kr\u0113ms ar \u201cglass skin\u201d (stikla \u0101das) efektu.Formula ar 100 000 ppm augu PDRN\" \/>\n<meta property=\"og:url\" content=\"https:\/\/www.facecorner.lv\/en\/shop\/vt-pdrn-glow-cream-50ml\/\" \/>\n<meta property=\"og:site_name\" content=\"FACECORNER\" \/>\n<meta property=\"article:publisher\" content=\"https:\/\/www.facebook.com\/profile.php?id=100063824551839\" \/>\n<meta property=\"article:modified_time\" content=\"2026-01-28T10:23:39+00:00\" \/>\n<meta property=\"og:image\" content=\"https:\/\/www.facecorner.lv\/wp-content\/uploads\/2025\/08\/1_d407d4ae-3f6f-48b0-a5bf-a78d59fd5028.webp\" \/>\n\t<meta property=\"og:image:width\" content=\"1946\" \/>\n\t<meta property=\"og:image:height\" content=\"1946\" \/>\n\t<meta property=\"og:image:type\" content=\"image\/webp\" \/>\n<meta name=\"twitter:card\" content=\"summary_large_image\" \/>\n<meta name=\"twitter:label1\" content=\"Price\" \/>\n\t<meta name=\"twitter:data1\" content=\"&euro;28.00\" \/>\n\t<meta name=\"twitter:label2\" content=\"Availability\" \/>\n\t<meta name=\"twitter:data2\" content=\"Out of stock\" \/>\n<script type=\"application\/ld+json\" class=\"yoast-schema-graph\">{\"@context\":\"https:\\\/\\\/schema.org\",\"@graph\":[{\"@type\":\"WebPage\",\"@id\":\"https:\\\/\\\/www.facecorner.lv\\\/shop\\\/vt-pdrn-glow-cream-50ml\\\/\",\"url\":\"https:\\\/\\\/www.facecorner.lv\\\/shop\\\/vt-pdrn-glow-cream-50ml\\\/\",\"name\":\"VT PDRN Glow Cream 50ml - FACECORNER\",\"isPartOf\":{\"@id\":\"https:\\\/\\\/www.facecorner.lv\\\/#website\"},\"primaryImageOfPage\":{\"@id\":\"https:\\\/\\\/www.facecorner.lv\\\/shop\\\/vt-pdrn-glow-cream-50ml\\\/#primaryimage\"},\"image\":{\"@id\":\"https:\\\/\\\/www.facecorner.lv\\\/shop\\\/vt-pdrn-glow-cream-50ml\\\/#primaryimage\"},\"thumbnailUrl\":\"https:\\\/\\\/www.facecorner.lv\\\/wp-content\\\/uploads\\\/2025\\\/08\\\/1_d407d4ae-3f6f-48b0-a5bf-a78d59fd5028.webp\",\"datePublished\":\"2025-08-29T11:31:12+00:00\",\"dateModified\":\"2026-01-28T10:23:39+00:00\",\"description\":\"VT PDRN Glow Cream ir ultra mitrino\u0161s un atjaunojo\u0161s kr\u0113ms ar \u201cglass skin\u201d (stikla \u0101das) efektu.Formula ar 100 000 ppm augu PDRN\",\"breadcrumb\":{\"@id\":\"https:\\\/\\\/www.facecorner.lv\\\/shop\\\/vt-pdrn-glow-cream-50ml\\\/#breadcrumb\"},\"inLanguage\":\"en-US\",\"potentialAction\":[{\"@type\":\"ReadAction\",\"target\":[\"https:\\\/\\\/www.facecorner.lv\\\/shop\\\/vt-pdrn-glow-cream-50ml\\\/\"]}]},{\"@type\":\"ImageObject\",\"inLanguage\":\"en-US\",\"@id\":\"https:\\\/\\\/www.facecorner.lv\\\/shop\\\/vt-pdrn-glow-cream-50ml\\\/#primaryimage\",\"url\":\"https:\\\/\\\/www.facecorner.lv\\\/wp-content\\\/uploads\\\/2025\\\/08\\\/1_d407d4ae-3f6f-48b0-a5bf-a78d59fd5028.webp\",\"contentUrl\":\"https:\\\/\\\/www.facecorner.lv\\\/wp-content\\\/uploads\\\/2025\\\/08\\\/1_d407d4ae-3f6f-48b0-a5bf-a78d59fd5028.webp\",\"width\":1946,\"height\":1946,\"caption\":\"VT PDRN Glow Cream\"},{\"@type\":\"BreadcrumbList\",\"@id\":\"https:\\\/\\\/www.facecorner.lv\\\/shop\\\/vt-pdrn-glow-cream-50ml\\\/#breadcrumb\",\"itemListElement\":[{\"@type\":\"ListItem\",\"position\":1,\"name\":\"Home\",\"item\":\"https:\\\/\\\/www.facecorner.lv\\\/\"},{\"@type\":\"ListItem\",\"position\":2,\"name\":\"Veikals\",\"item\":\"https:\\\/\\\/www.facecorner.lv\\\/shop\\\/\"},{\"@type\":\"ListItem\",\"position\":3,\"name\":\"VT PDRN Glow Cream 50ml\"}]},{\"@type\":\"WebSite\",\"@id\":\"https:\\\/\\\/www.facecorner.lv\\\/#website\",\"url\":\"https:\\\/\\\/www.facecorner.lv\\\/\",\"name\":\"Facecorner\",\"description\":\"\",\"publisher\":{\"@id\":\"https:\\\/\\\/www.facecorner.lv\\\/#organization\"},\"potentialAction\":[{\"@type\":\"SearchAction\",\"target\":{\"@type\":\"EntryPoint\",\"urlTemplate\":\"https:\\\/\\\/www.facecorner.lv\\\/?s={search_term_string}\"},\"query-input\":{\"@type\":\"PropertyValueSpecification\",\"valueRequired\":true,\"valueName\":\"search_term_string\"}}],\"inLanguage\":\"en-US\"},{\"@type\":\"Organization\",\"@id\":\"https:\\\/\\\/www.facecorner.lv\\\/#organization\",\"name\":\"Facecorner\",\"url\":\"https:\\\/\\\/www.facecorner.lv\\\/\",\"logo\":{\"@type\":\"ImageObject\",\"inLanguage\":\"en-US\",\"@id\":\"https:\\\/\\\/www.facecorner.lv\\\/#\\\/schema\\\/logo\\\/image\\\/\",\"url\":\"https:\\\/\\\/www.facecorner.lv\\\/wp-content\\\/uploads\\\/2024\\\/04\\\/fc-logo.jpg\",\"contentUrl\":\"https:\\\/\\\/www.facecorner.lv\\\/wp-content\\\/uploads\\\/2024\\\/04\\\/fc-logo.jpg\",\"width\":174,\"height\":28,\"caption\":\"Facecorner\"},\"image\":{\"@id\":\"https:\\\/\\\/www.facecorner.lv\\\/#\\\/schema\\\/logo\\\/image\\\/\"},\"sameAs\":[\"https:\\\/\\\/www.facebook.com\\\/profile.php?id=100063824551839\",\"https:\\\/\\\/www.instagram.com\\\/facecorner_shop\\\/\"]}]}<\/script>\n<meta property=\"product:price:amount\" content=\"28.00\" \/>\n<meta property=\"product:price:currency\" content=\"EUR\" \/>\n<meta property=\"og:availability\" content=\"out of stock\" \/>\n<meta property=\"product:availability\" content=\"out of stock\" \/>\n<meta property=\"product:condition\" content=\"new\" \/>\n<!-- \/ Yoast SEO plugin. -->","yoast_head_json":{"title":"VT PDRN Glow Cream 50ml - FACECORNER","description":"VT PDRN Glow Cream ir ultra mitrino\u0161s un atjaunojo\u0161s kr\u0113ms ar \u201cglass skin\u201d (stikla \u0101das) efektu.Formula ar 100 000 ppm augu PDRN","robots":{"index":"index","follow":"follow","max-snippet":"max-snippet:-1","max-image-preview":"max-image-preview:large","max-video-preview":"max-video-preview:-1"},"canonical":"https:\/\/www.facecorner.lv\/en\/shop\/vt-pdrn-glow-cream-50ml\/","og_locale":"en_US","og_type":"article","og_title":"VT PDRN Glow Cream 50ml - FACECORNER","og_description":"VT PDRN Glow Cream ir ultra mitrino\u0161s un atjaunojo\u0161s kr\u0113ms ar \u201cglass skin\u201d (stikla \u0101das) efektu.Formula ar 100 000 ppm augu PDRN","og_url":"https:\/\/www.facecorner.lv\/en\/shop\/vt-pdrn-glow-cream-50ml\/","og_site_name":"FACECORNER","article_publisher":"https:\/\/www.facebook.com\/profile.php?id=100063824551839","article_modified_time":"2026-01-28T10:23:39+00:00","og_image":[{"width":1946,"height":1946,"url":"https:\/\/www.facecorner.lv\/wp-content\/uploads\/2025\/08\/1_d407d4ae-3f6f-48b0-a5bf-a78d59fd5028.webp","type":"image\/webp"}],"twitter_card":"summary_large_image","twitter_misc":{"Price":"&euro;28.00","Availability":"Out of stock"},"schema":{"@context":"https:\/\/schema.org","@graph":[{"@type":"WebPage","@id":"https:\/\/www.facecorner.lv\/shop\/vt-pdrn-glow-cream-50ml\/","url":"https:\/\/www.facecorner.lv\/shop\/vt-pdrn-glow-cream-50ml\/","name":"VT PDRN Glow Cream 50ml - FACECORNER","isPartOf":{"@id":"https:\/\/www.facecorner.lv\/#website"},"primaryImageOfPage":{"@id":"https:\/\/www.facecorner.lv\/shop\/vt-pdrn-glow-cream-50ml\/#primaryimage"},"image":{"@id":"https:\/\/www.facecorner.lv\/shop\/vt-pdrn-glow-cream-50ml\/#primaryimage"},"thumbnailUrl":"https:\/\/www.facecorner.lv\/wp-content\/uploads\/2025\/08\/1_d407d4ae-3f6f-48b0-a5bf-a78d59fd5028.webp","datePublished":"2025-08-29T11:31:12+00:00","dateModified":"2026-01-28T10:23:39+00:00","description":"VT PDRN Glow Cream ir ultra mitrino\u0161s un atjaunojo\u0161s kr\u0113ms ar \u201cglass skin\u201d (stikla \u0101das) efektu.Formula ar 100 000 ppm augu PDRN","breadcrumb":{"@id":"https:\/\/www.facecorner.lv\/shop\/vt-pdrn-glow-cream-50ml\/#breadcrumb"},"inLanguage":"en-US","potentialAction":[{"@type":"ReadAction","target":["https:\/\/www.facecorner.lv\/shop\/vt-pdrn-glow-cream-50ml\/"]}]},{"@type":"ImageObject","inLanguage":"en-US","@id":"https:\/\/www.facecorner.lv\/shop\/vt-pdrn-glow-cream-50ml\/#primaryimage","url":"https:\/\/www.facecorner.lv\/wp-content\/uploads\/2025\/08\/1_d407d4ae-3f6f-48b0-a5bf-a78d59fd5028.webp","contentUrl":"https:\/\/www.facecorner.lv\/wp-content\/uploads\/2025\/08\/1_d407d4ae-3f6f-48b0-a5bf-a78d59fd5028.webp","width":1946,"height":1946,"caption":"VT PDRN Glow Cream"},{"@type":"BreadcrumbList","@id":"https:\/\/www.facecorner.lv\/shop\/vt-pdrn-glow-cream-50ml\/#breadcrumb","itemListElement":[{"@type":"ListItem","position":1,"name":"Home","item":"https:\/\/www.facecorner.lv\/"},{"@type":"ListItem","position":2,"name":"Veikals","item":"https:\/\/www.facecorner.lv\/shop\/"},{"@type":"ListItem","position":3,"name":"VT PDRN Glow Cream 50ml"}]},{"@type":"WebSite","@id":"https:\/\/www.facecorner.lv\/#website","url":"https:\/\/www.facecorner.lv\/","name":"Facecorner","description":"","publisher":{"@id":"https:\/\/www.facecorner.lv\/#organization"},"potentialAction":[{"@type":"SearchAction","target":{"@type":"EntryPoint","urlTemplate":"https:\/\/www.facecorner.lv\/?s={search_term_string}"},"query-input":{"@type":"PropertyValueSpecification","valueRequired":true,"valueName":"search_term_string"}}],"inLanguage":"en-US"},{"@type":"Organization","@id":"https:\/\/www.facecorner.lv\/#organization","name":"Facecorner","url":"https:\/\/www.facecorner.lv\/","logo":{"@type":"ImageObject","inLanguage":"en-US","@id":"https:\/\/www.facecorner.lv\/#\/schema\/logo\/image\/","url":"https:\/\/www.facecorner.lv\/wp-content\/uploads\/2024\/04\/fc-logo.jpg","contentUrl":"https:\/\/www.facecorner.lv\/wp-content\/uploads\/2024\/04\/fc-logo.jpg","width":174,"height":28,"caption":"Facecorner"},"image":{"@id":"https:\/\/www.facecorner.lv\/#\/schema\/logo\/image\/"},"sameAs":["https:\/\/www.facebook.com\/profile.php?id=100063824551839","https:\/\/www.instagram.com\/facecorner_shop\/"]}]},"product_price_amount":"28.00","product_price_currency":"EUR","og_availability":"out of stock","product_availability":"out of stock","product_condition":"new"},"_links":{"self":[{"href":"https:\/\/www.facecorner.lv\/en\/wp-json\/wp\/v2\/product\/25097","targetHints":{"allow":["GET"]}}],"collection":[{"href":"https:\/\/www.facecorner.lv\/en\/wp-json\/wp\/v2\/product"}],"about":[{"href":"https:\/\/www.facecorner.lv\/en\/wp-json\/wp\/v2\/types\/product"}],"replies":[{"embeddable":true,"href":"https:\/\/www.facecorner.lv\/en\/wp-json\/wp\/v2\/comments?post=25097"}],"wp:featuredmedia":[{"embeddable":true,"href":"https:\/\/www.facecorner.lv\/en\/wp-json\/wp\/v2\/media\/25099"}],"wp:attachment":[{"href":"https:\/\/www.facecorner.lv\/en\/wp-json\/wp\/v2\/media?parent=25097"}],"wp:term":[{"taxonomy":"product_brand","embeddable":true,"href":"https:\/\/www.facecorner.lv\/en\/wp-json\/wp\/v2\/product_brand?post=25097"},{"taxonomy":"product_cat","embeddable":true,"href":"https:\/\/www.facecorner.lv\/en\/wp-json\/wp\/v2\/product_cat?post=25097"},{"taxonomy":"product_tag","embeddable":true,"href":"https:\/\/www.facecorner.lv\/en\/wp-json\/wp\/v2\/product_tag?post=25097"},{"taxonomy":"berocket_brand","embeddable":true,"href":"https:\/\/www.facecorner.lv\/en\/wp-json\/wp\/v2\/berocket_brand?post=25097"}],"curies":[{"name":"wp","href":"https:\/\/api.w.org\/{rel}","templated":true}]}}