{"id":25030,"date":"2025-08-18T21:51:44","date_gmt":"2025-08-18T18:51:44","guid":{"rendered":"https:\/\/www.facecorner.lv\/?post_type=product&#038;p=25030"},"modified":"2026-03-03T17:20:03","modified_gmt":"2026-03-03T14:20:03","slug":"vt-pdrn-hydrogel-mask","status":"publish","type":"product","link":"https:\/\/www.facecorner.lv\/en\/shop\/vt-pdrn-hydrogel-mask\/","title":{"rendered":"VT PDRN Hydrogel Mask"},"content":{"rendered":"<p>D\u0101vini savai \u0101dai intens\u012bvu kop\u0161anu ar VT PDRN Hydrogel Mask hidro\u0123elmasku, kas izstr\u0101d\u0101ta dzi\u013cai atjauno\u0161anai, baro\u0161anai un liftingam.<\/p>\n<p>Pateicoties augstam PDRN (polideoksiribonukleot\u012bda) saturam un mitrino\u0161u un pretnoveco\u0161an\u0101s komponentu kompleksam, maska uzreiz p\u0101rveido \u0101du, pie\u0161\u0137irot tai gludumu, svaigumu un mirdzumu.<\/p>\n<ul>\n<li>PDRN (polinukleot\u012bds no la\u0161u DNS) \u2014 stimul\u0113 \u0161\u016bnu re\u0123ener\u0101ciju, palielina elast\u012bbu un uzlabo \u0101das tekst\u016bru.<\/li>\n<li>Hialuronsk\u0101be \u2014 nodro\u0161ina daudzsl\u0101\u0146u mitrin\u0101\u0161anu un saglab\u0101 mitrumu \u0101d\u0101.<\/li>\n<li>Adenoz\u012bns \u2014 c\u012bn\u0101s ar noveco\u0161an\u0101s paz\u012bm\u0113m, izl\u012bdzina grumbi\u0146as.<\/li>\n<li>Ceram\u012bdi \u2014 stiprina \u0101das aizsargbarjeru, samazina sausumu un lob\u012b\u0161anos.<\/li>\n<li>Niac\u012bnam\u012bds \u2014 izl\u012bdzina \u0101das toni, pie\u0161\u0137ir vesel\u012bgu mirdzumu.<\/li>\n<li>Kolag\u0113ns \u2014 palielina \u0101das elast\u012bbu un elast\u012bgumu.<\/li>\n<\/ul>\n<p><strong>How to use:<\/strong>Not\u012briet \u0101du un uzkl\u0101jiet toniku.Izpakojiet masku un uzman\u012bgi uzkl\u0101jiet uz sejas.Atst\u0101jiet uz 15\u201320 min\u016bt\u0113m.No\u0146emiet masku un maigi iemas\u0113jiet atliku\u0161o esenci \u0101d\u0101.<strong>Padoms:<\/strong> Lai pan\u0101ktu sp\u0113c\u012bg\u0101ku efektu, pirms lieto\u0161anas masku atdzes\u0113jiet ledusskap\u012b.<\/p>\n<p><strong>Sast\u0101vs:<\/strong> Water, Dipropylene Glycol, Glycerin, Methylpropanediol, Cetyl Ethylhexanoate, Niacinamide, Carob Gum, Chondrus Crispus Powder, Chondrus Crispus Extract, Glyceryl Stearate, Betaine, PEG\u2011100 Stearate, Panthenol, Butylene Glycol, Paeonia Suffruticosa Root Extract, Centella Asiatica Extract, Cellulose Gum, Butyrospermum Parkii (Shea) Butter, 1,2\u2011Hexanediol, Sodium Polyacrylate, Potassium Chloride, Polysorbate 60, Chamomilla Recutita (Matricaria) Flower Extract, Ethylhexylglycerin, Glyceryl Caprylate, Hydrogenated Polydecene, Dextrin, Sucrose, Disodium EDTA, Adenosine, Gardenia Florida Fruit Extract, Carthamus Tinctorius (Safflower) Flower Extract, Trideceth\u20116, Pantolactone, Squalane, Lactobacillus Ferment, Panax Ginseng Root Extract, Sodium DNA (0.05\u202fppm), Polyglucuronic Acid<\/p>","protected":false},"excerpt":{"rendered":"<p>D\u0101vini savai \u0101dai intens\u012bvu kop\u0161anu ar VT PDRN Hydrogel Mask hidro\u0123elmasku, kas izstr\u0101d\u0101ta dzi\u013cai atjauno\u0161anai, baro\u0161anai un liftingam.<\/p>","protected":false},"featured_media":25031,"comment_status":"open","ping_status":"closed","template":"","meta":{"site-sidebar-layout":"default","site-content-layout":"","ast-site-content-layout":"default","site-content-style":"default","site-sidebar-style":"default","ast-global-header-display":"","ast-banner-title-visibility":"","ast-main-header-display":"","ast-hfb-above-header-display":"","ast-hfb-below-header-display":"","ast-hfb-mobile-header-display":"","site-post-title":"","ast-breadcrumbs-content":"","ast-featured-img":"","footer-sml-layout":"","theme-transparent-header-meta":"default","adv-header-id-meta":"","stick-header-meta":"","header-above-stick-meta":"","header-main-stick-meta":"","header-below-stick-meta":"","astra-migrate-meta-layouts":"set","ast-page-background-enabled":"default","ast-page-background-meta":{"desktop":{"background-color":"var(--ast-global-color-4)","background-image":"","background-repeat":"repeat","background-position":"center center","background-size":"auto","background-attachment":"scroll","background-type":"","background-media":"","overlay-type":"","overlay-color":"","overlay-opacity":"","overlay-gradient":""},"tablet":{"background-color":"","background-image":"","background-repeat":"repeat","background-position":"center center","background-size":"auto","background-attachment":"scroll","background-type":"","background-media":"","overlay-type":"","overlay-color":"","overlay-opacity":"","overlay-gradient":""},"mobile":{"background-color":"","background-image":"","background-repeat":"repeat","background-position":"center center","background-size":"auto","background-attachment":"scroll","background-type":"","background-media":"","overlay-type":"","overlay-color":"","overlay-opacity":"","overlay-gradient":""}},"ast-content-background-meta":{"desktop":{"background-color":"var(--ast-global-color-5)","background-image":"","background-repeat":"repeat","background-position":"center center","background-size":"auto","background-attachment":"scroll","background-type":"","background-media":"","overlay-type":"","overlay-color":"","overlay-opacity":"","overlay-gradient":""},"tablet":{"background-color":"var(--ast-global-color-5)","background-image":"","background-repeat":"repeat","background-position":"center center","background-size":"auto","background-attachment":"scroll","background-type":"","background-media":"","overlay-type":"","overlay-color":"","overlay-opacity":"","overlay-gradient":""},"mobile":{"background-color":"var(--ast-global-color-5)","background-image":"","background-repeat":"repeat","background-position":"center center","background-size":"auto","background-attachment":"scroll","background-type":"","background-media":"","overlay-type":"","overlay-color":"","overlay-opacity":"","overlay-gradient":""}}},"product_brand":[],"product_cat":[511,325,315,326,322,652],"product_tag":[],"berocket_brand":[582],"class_list":{"0":"post-25030","1":"product","2":"type-product","3":"status-publish","4":"has-post-thumbnail","6":"product_cat-atlaides","7":"product_cat-hidrogela","8":"product_cat-maskas","9":"product_cat-mitrinosas","10":"product_cat-nakts","11":"product_cat-pdrn","12":"berocket_brand-vt","13":"desktop-align-left","14":"tablet-align-left","15":"mobile-align-left","17":"first","18":"outofstock","19":"sale","20":"taxable","21":"shipping-taxable","22":"purchasable","23":"product-type-simple","24":"add-to-wishlist-before_image"},"yoast_head":"<!-- This site is optimized with the Yoast SEO plugin v27.4 - https:\/\/yoast.com\/product\/yoast-seo-wordpress\/ -->\n<title>VT PDRN Hydrogel Mask - FACECORNER<\/title>\n<meta name=\"description\" content=\"D\u0101vini savai \u0101dai intens\u012bvu kop\u0161anu ar VT PDRN Hydrogel Mask hidro\u0123elmasku, kas izstr\u0101d\u0101ta dzi\u013cai atjauno\u0161anai, baro\u0161anai un liftingam.\" \/>\n<meta name=\"robots\" content=\"index, follow, max-snippet:-1, max-image-preview:large, max-video-preview:-1\" \/>\n<link rel=\"canonical\" href=\"https:\/\/www.facecorner.lv\/en\/shop\/vt-pdrn-hydrogel-mask\/\" \/>\n<meta property=\"og:locale\" content=\"en_US\" \/>\n<meta property=\"og:type\" content=\"article\" \/>\n<meta property=\"og:title\" content=\"VT PDRN Hydrogel Mask - FACECORNER\" \/>\n<meta property=\"og:description\" content=\"D\u0101vini savai \u0101dai intens\u012bvu kop\u0161anu ar VT PDRN Hydrogel Mask hidro\u0123elmasku, kas izstr\u0101d\u0101ta dzi\u013cai atjauno\u0161anai, baro\u0161anai un liftingam.\" \/>\n<meta property=\"og:url\" content=\"https:\/\/www.facecorner.lv\/en\/shop\/vt-pdrn-hydrogel-mask\/\" \/>\n<meta property=\"og:site_name\" content=\"FACECORNER\" \/>\n<meta property=\"article:publisher\" content=\"https:\/\/www.facebook.com\/profile.php?id=100063824551839\" \/>\n<meta property=\"article:modified_time\" content=\"2026-03-03T14:20:03+00:00\" \/>\n<meta property=\"og:image\" content=\"https:\/\/www.facecorner.lv\/wp-content\/uploads\/2025\/08\/pdrn-hydrogel-mask-r-scaled.webp\" \/>\n\t<meta property=\"og:image:width\" content=\"2560\" \/>\n\t<meta property=\"og:image:height\" content=\"2560\" \/>\n\t<meta property=\"og:image:type\" content=\"image\/webp\" \/>\n<meta name=\"twitter:card\" content=\"summary_large_image\" \/>\n<meta name=\"twitter:label1\" content=\"Price\" \/>\n\t<meta name=\"twitter:data1\" content=\"&euro;5.50\" \/>\n\t<meta name=\"twitter:label2\" content=\"Availability\" \/>\n\t<meta name=\"twitter:data2\" content=\"Out of stock\" \/>\n<script type=\"application\/ld+json\" class=\"yoast-schema-graph\">{\"@context\":\"https:\\\/\\\/schema.org\",\"@graph\":[{\"@type\":\"WebPage\",\"@id\":\"https:\\\/\\\/www.facecorner.lv\\\/shop\\\/vt-pdrn-hydrogel-mask\\\/\",\"url\":\"https:\\\/\\\/www.facecorner.lv\\\/shop\\\/vt-pdrn-hydrogel-mask\\\/\",\"name\":\"VT PDRN Hydrogel Mask - FACECORNER\",\"isPartOf\":{\"@id\":\"https:\\\/\\\/www.facecorner.lv\\\/#website\"},\"primaryImageOfPage\":{\"@id\":\"https:\\\/\\\/www.facecorner.lv\\\/shop\\\/vt-pdrn-hydrogel-mask\\\/#primaryimage\"},\"image\":{\"@id\":\"https:\\\/\\\/www.facecorner.lv\\\/shop\\\/vt-pdrn-hydrogel-mask\\\/#primaryimage\"},\"thumbnailUrl\":\"https:\\\/\\\/www.facecorner.lv\\\/wp-content\\\/uploads\\\/2025\\\/08\\\/pdrn-hydrogel-mask-r-scaled.webp\",\"datePublished\":\"2025-08-18T18:51:44+00:00\",\"dateModified\":\"2026-03-03T14:20:03+00:00\",\"description\":\"D\u0101vini savai \u0101dai intens\u012bvu kop\u0161anu ar VT PDRN Hydrogel Mask hidro\u0123elmasku, kas izstr\u0101d\u0101ta dzi\u013cai atjauno\u0161anai, baro\u0161anai un liftingam.\",\"breadcrumb\":{\"@id\":\"https:\\\/\\\/www.facecorner.lv\\\/shop\\\/vt-pdrn-hydrogel-mask\\\/#breadcrumb\"},\"inLanguage\":\"en-US\",\"potentialAction\":[{\"@type\":\"ReadAction\",\"target\":[\"https:\\\/\\\/www.facecorner.lv\\\/shop\\\/vt-pdrn-hydrogel-mask\\\/\"]}]},{\"@type\":\"ImageObject\",\"inLanguage\":\"en-US\",\"@id\":\"https:\\\/\\\/www.facecorner.lv\\\/shop\\\/vt-pdrn-hydrogel-mask\\\/#primaryimage\",\"url\":\"https:\\\/\\\/www.facecorner.lv\\\/wp-content\\\/uploads\\\/2025\\\/08\\\/pdrn-hydrogel-mask-r-scaled.webp\",\"contentUrl\":\"https:\\\/\\\/www.facecorner.lv\\\/wp-content\\\/uploads\\\/2025\\\/08\\\/pdrn-hydrogel-mask-r-scaled.webp\",\"width\":2560,\"height\":2560,\"caption\":\"VT PDRN Hydrogel Mask\"},{\"@type\":\"BreadcrumbList\",\"@id\":\"https:\\\/\\\/www.facecorner.lv\\\/shop\\\/vt-pdrn-hydrogel-mask\\\/#breadcrumb\",\"itemListElement\":[{\"@type\":\"ListItem\",\"position\":1,\"name\":\"Home\",\"item\":\"https:\\\/\\\/www.facecorner.lv\\\/\"},{\"@type\":\"ListItem\",\"position\":2,\"name\":\"Veikals\",\"item\":\"https:\\\/\\\/www.facecorner.lv\\\/shop\\\/\"},{\"@type\":\"ListItem\",\"position\":3,\"name\":\"VT PDRN Hydrogel Mask\"}]},{\"@type\":\"WebSite\",\"@id\":\"https:\\\/\\\/www.facecorner.lv\\\/#website\",\"url\":\"https:\\\/\\\/www.facecorner.lv\\\/\",\"name\":\"Facecorner\",\"description\":\"\",\"publisher\":{\"@id\":\"https:\\\/\\\/www.facecorner.lv\\\/#organization\"},\"potentialAction\":[{\"@type\":\"SearchAction\",\"target\":{\"@type\":\"EntryPoint\",\"urlTemplate\":\"https:\\\/\\\/www.facecorner.lv\\\/?s={search_term_string}\"},\"query-input\":{\"@type\":\"PropertyValueSpecification\",\"valueRequired\":true,\"valueName\":\"search_term_string\"}}],\"inLanguage\":\"en-US\"},{\"@type\":\"Organization\",\"@id\":\"https:\\\/\\\/www.facecorner.lv\\\/#organization\",\"name\":\"Facecorner\",\"url\":\"https:\\\/\\\/www.facecorner.lv\\\/\",\"logo\":{\"@type\":\"ImageObject\",\"inLanguage\":\"en-US\",\"@id\":\"https:\\\/\\\/www.facecorner.lv\\\/#\\\/schema\\\/logo\\\/image\\\/\",\"url\":\"https:\\\/\\\/www.facecorner.lv\\\/wp-content\\\/uploads\\\/2024\\\/04\\\/fc-logo.jpg\",\"contentUrl\":\"https:\\\/\\\/www.facecorner.lv\\\/wp-content\\\/uploads\\\/2024\\\/04\\\/fc-logo.jpg\",\"width\":174,\"height\":28,\"caption\":\"Facecorner\"},\"image\":{\"@id\":\"https:\\\/\\\/www.facecorner.lv\\\/#\\\/schema\\\/logo\\\/image\\\/\"},\"sameAs\":[\"https:\\\/\\\/www.facebook.com\\\/profile.php?id=100063824551839\",\"https:\\\/\\\/www.instagram.com\\\/facecorner_shop\\\/\"]}]}<\/script>\n<meta property=\"product:price:amount\" content=\"5.50\" \/>\n<meta property=\"product:price:currency\" content=\"EUR\" \/>\n<meta property=\"og:availability\" content=\"out of stock\" \/>\n<meta property=\"product:availability\" content=\"out of stock\" \/>\n<meta property=\"product:condition\" content=\"new\" \/>\n<!-- \/ Yoast SEO plugin. -->","yoast_head_json":{"title":"VT PDRN Hydrogel Mask - FACECORNER","description":"D\u0101vini savai \u0101dai intens\u012bvu kop\u0161anu ar VT PDRN Hydrogel Mask hidro\u0123elmasku, kas izstr\u0101d\u0101ta dzi\u013cai atjauno\u0161anai, baro\u0161anai un liftingam.","robots":{"index":"index","follow":"follow","max-snippet":"max-snippet:-1","max-image-preview":"max-image-preview:large","max-video-preview":"max-video-preview:-1"},"canonical":"https:\/\/www.facecorner.lv\/en\/shop\/vt-pdrn-hydrogel-mask\/","og_locale":"en_US","og_type":"article","og_title":"VT PDRN Hydrogel Mask - FACECORNER","og_description":"D\u0101vini savai \u0101dai intens\u012bvu kop\u0161anu ar VT PDRN Hydrogel Mask hidro\u0123elmasku, kas izstr\u0101d\u0101ta dzi\u013cai atjauno\u0161anai, baro\u0161anai un liftingam.","og_url":"https:\/\/www.facecorner.lv\/en\/shop\/vt-pdrn-hydrogel-mask\/","og_site_name":"FACECORNER","article_publisher":"https:\/\/www.facebook.com\/profile.php?id=100063824551839","article_modified_time":"2026-03-03T14:20:03+00:00","og_image":[{"width":2560,"height":2560,"url":"https:\/\/www.facecorner.lv\/wp-content\/uploads\/2025\/08\/pdrn-hydrogel-mask-r-scaled.webp","type":"image\/webp"}],"twitter_card":"summary_large_image","twitter_misc":{"Price":"&euro;5.50","Availability":"Out of stock"},"schema":{"@context":"https:\/\/schema.org","@graph":[{"@type":"WebPage","@id":"https:\/\/www.facecorner.lv\/shop\/vt-pdrn-hydrogel-mask\/","url":"https:\/\/www.facecorner.lv\/shop\/vt-pdrn-hydrogel-mask\/","name":"VT PDRN Hydrogel Mask - FACECORNER","isPartOf":{"@id":"https:\/\/www.facecorner.lv\/#website"},"primaryImageOfPage":{"@id":"https:\/\/www.facecorner.lv\/shop\/vt-pdrn-hydrogel-mask\/#primaryimage"},"image":{"@id":"https:\/\/www.facecorner.lv\/shop\/vt-pdrn-hydrogel-mask\/#primaryimage"},"thumbnailUrl":"https:\/\/www.facecorner.lv\/wp-content\/uploads\/2025\/08\/pdrn-hydrogel-mask-r-scaled.webp","datePublished":"2025-08-18T18:51:44+00:00","dateModified":"2026-03-03T14:20:03+00:00","description":"D\u0101vini savai \u0101dai intens\u012bvu kop\u0161anu ar VT PDRN Hydrogel Mask hidro\u0123elmasku, kas izstr\u0101d\u0101ta dzi\u013cai atjauno\u0161anai, baro\u0161anai un liftingam.","breadcrumb":{"@id":"https:\/\/www.facecorner.lv\/shop\/vt-pdrn-hydrogel-mask\/#breadcrumb"},"inLanguage":"en-US","potentialAction":[{"@type":"ReadAction","target":["https:\/\/www.facecorner.lv\/shop\/vt-pdrn-hydrogel-mask\/"]}]},{"@type":"ImageObject","inLanguage":"en-US","@id":"https:\/\/www.facecorner.lv\/shop\/vt-pdrn-hydrogel-mask\/#primaryimage","url":"https:\/\/www.facecorner.lv\/wp-content\/uploads\/2025\/08\/pdrn-hydrogel-mask-r-scaled.webp","contentUrl":"https:\/\/www.facecorner.lv\/wp-content\/uploads\/2025\/08\/pdrn-hydrogel-mask-r-scaled.webp","width":2560,"height":2560,"caption":"VT PDRN Hydrogel Mask"},{"@type":"BreadcrumbList","@id":"https:\/\/www.facecorner.lv\/shop\/vt-pdrn-hydrogel-mask\/#breadcrumb","itemListElement":[{"@type":"ListItem","position":1,"name":"Home","item":"https:\/\/www.facecorner.lv\/"},{"@type":"ListItem","position":2,"name":"Veikals","item":"https:\/\/www.facecorner.lv\/shop\/"},{"@type":"ListItem","position":3,"name":"VT PDRN Hydrogel Mask"}]},{"@type":"WebSite","@id":"https:\/\/www.facecorner.lv\/#website","url":"https:\/\/www.facecorner.lv\/","name":"Facecorner","description":"","publisher":{"@id":"https:\/\/www.facecorner.lv\/#organization"},"potentialAction":[{"@type":"SearchAction","target":{"@type":"EntryPoint","urlTemplate":"https:\/\/www.facecorner.lv\/?s={search_term_string}"},"query-input":{"@type":"PropertyValueSpecification","valueRequired":true,"valueName":"search_term_string"}}],"inLanguage":"en-US"},{"@type":"Organization","@id":"https:\/\/www.facecorner.lv\/#organization","name":"Facecorner","url":"https:\/\/www.facecorner.lv\/","logo":{"@type":"ImageObject","inLanguage":"en-US","@id":"https:\/\/www.facecorner.lv\/#\/schema\/logo\/image\/","url":"https:\/\/www.facecorner.lv\/wp-content\/uploads\/2024\/04\/fc-logo.jpg","contentUrl":"https:\/\/www.facecorner.lv\/wp-content\/uploads\/2024\/04\/fc-logo.jpg","width":174,"height":28,"caption":"Facecorner"},"image":{"@id":"https:\/\/www.facecorner.lv\/#\/schema\/logo\/image\/"},"sameAs":["https:\/\/www.facebook.com\/profile.php?id=100063824551839","https:\/\/www.instagram.com\/facecorner_shop\/"]}]},"product_price_amount":"5.50","product_price_currency":"EUR","og_availability":"out of stock","product_availability":"out of stock","product_condition":"new"},"_links":{"self":[{"href":"https:\/\/www.facecorner.lv\/en\/wp-json\/wp\/v2\/product\/25030","targetHints":{"allow":["GET"]}}],"collection":[{"href":"https:\/\/www.facecorner.lv\/en\/wp-json\/wp\/v2\/product"}],"about":[{"href":"https:\/\/www.facecorner.lv\/en\/wp-json\/wp\/v2\/types\/product"}],"replies":[{"embeddable":true,"href":"https:\/\/www.facecorner.lv\/en\/wp-json\/wp\/v2\/comments?post=25030"}],"wp:featuredmedia":[{"embeddable":true,"href":"https:\/\/www.facecorner.lv\/en\/wp-json\/wp\/v2\/media\/25031"}],"wp:attachment":[{"href":"https:\/\/www.facecorner.lv\/en\/wp-json\/wp\/v2\/media?parent=25030"}],"wp:term":[{"taxonomy":"product_brand","embeddable":true,"href":"https:\/\/www.facecorner.lv\/en\/wp-json\/wp\/v2\/product_brand?post=25030"},{"taxonomy":"product_cat","embeddable":true,"href":"https:\/\/www.facecorner.lv\/en\/wp-json\/wp\/v2\/product_cat?post=25030"},{"taxonomy":"product_tag","embeddable":true,"href":"https:\/\/www.facecorner.lv\/en\/wp-json\/wp\/v2\/product_tag?post=25030"},{"taxonomy":"berocket_brand","embeddable":true,"href":"https:\/\/www.facecorner.lv\/en\/wp-json\/wp\/v2\/berocket_brand?post=25030"}],"curies":[{"name":"wp","href":"https:\/\/api.w.org\/{rel}","templated":true}]}}