{"id":25027,"date":"2025-08-18T21:42:01","date_gmt":"2025-08-18T18:42:01","guid":{"rendered":"https:\/\/www.facecorner.lv\/?post_type=product&#038;p=25027"},"modified":"2026-03-26T14:36:57","modified_gmt":"2026-03-26T11:36:57","slug":"vt-pdrn-glow-ampoule-100ml","status":"publish","type":"product","link":"https:\/\/www.facecorner.lv\/en\/shop\/vt-pdrn-glow-ampoule-100ml\/","title":{"rendered":"VT PDRN Glow Ampoule 100ml"},"content":{"rendered":"<p>Atdz\u012bvini noguru\u0161o un bl\u0101vo \u0101du ar VT PDRN Glow Ampoule \u2014 koncentr\u0113tu ampulu, kas rad\u012bta intens\u012bvai atjauno\u0161anai, mirdzumam un pretnoveco\u0161an\u0101s kop\u0161anai. Pateicoties augstam PDRN (polideoksiribonukleot\u012bdu) un pept\u012bdu kompleksa saturam, serums veicina pa\u0101trin\u0101tu \u0161\u016bnu atjauno\u0161anos un \u0101das to\u0146a izl\u012bdzin\u0101\u0161anu.<\/p>\n<ul>\n<li>PDRN (satur la\u0161u DNS) \u2014 aktiviz\u0113 \u0161\u016bnu re\u0123ener\u0101ciju, uzlabo \u0101das elast\u012bbu un c\u012bn\u0101s ar noveco\u0161an\u0101s paz\u012bm\u0113m.<\/li>\n<li>Niac\u012bnam\u012bds \u2014 izl\u012bdzina \u0101das toni, samazina pigment\u0101ciju un pie\u0161\u0137ir \u0101dai vesel\u012bgu mirdzumu.<\/li>\n<li>Adenoz\u012bns \u2014 izl\u012bdzina s\u012bk\u0101s grumbi\u0146as un palielina \u0101das elast\u012bbu.<\/li>\n<li>Pept\u012bdu komplekss \u2014 stimul\u0113 kolag\u0113na ra\u017eo\u0161anu un stiprina \u0101das barjeru.<\/li>\n<li>Hialuronsk\u0101be \u2014 dzi\u013ci mitrina un nov\u0113r\u0161 mitruma zudumu.<\/li>\n<\/ul>\n<p><strong>Rezult\u0101ts:<\/strong><\/p>\n<ul>\n<li>Starojo\u0161a, gluda un vienm\u0113r\u012bga \u0101da.<\/li>\n<li>Redzams grumbu un noguruma paz\u012bmju samazin\u0101jums.<\/li>\n<li>Sejas tekst\u016bras un kr\u0101sas uzlabo\u0161an\u0101s.<\/li>\n<li>\u0100das stiprin\u0101\u0161ana un baro\u0161ana \u0161\u016bnu l\u012bmen\u012b.<\/li>\n<\/ul>\n<p><strong>How to use:<\/strong> Not\u012briet seju un uzkl\u0101jiet toniku.Iespiediet 1\u20132 pilienus ampulas uz plaukstas.Vienm\u0113r\u012bgi izl\u012bdziniet pa sejas \u0101du, viegli ieberz\u0113jot ar pirkstu galiem.Pabeidziet kop\u0161anu ar kr\u0113mu.<\/p>\n<p><strong>Sast\u0101vs:<\/strong> Aqua (Water), Methylpropanediol, Limnanthes Alba (Meadowfoam) Seed Oil, Niacinamide, Butylene Glycol, Glycerin, Triethylhexanoin, Polyglycerin\u20113, Dipropylene Glycol, 1,2\u2011Hexanediol, Hydroxyacetophenone, Sodium Citrate, Polyglyceryl\u201110 Myristate, Ethylhexylglycerin, Citric Acid, Adenosine, Sodium Phytate, Panthenol, Allantoin, Disodium EDTA, Squalane, Caprylic\/Capric Triglyceride, Ceramide NP, Adansonia Digitata (Baobab) Seed Oil, Hydrogenated Lecithin, Polyglucuronic Acid, Tocopherol (Vitamin\u202fE), Sodium Hyaluronate, Ceramide AOS, Ceramide NS, Ceramide AP, Ceramide EP, Panax Ginseng Root Extract, Sodium DNA (5\u202fppb)<\/p>","protected":false},"excerpt":{"rendered":"<p>Atdz\u012bvini noguru\u0161o un bl\u0101vo \u0101du ar VT PDRN Glow Ampoule \u2014 koncentr\u0113tu ampulu, kas rad\u012bta intens\u012bvai atjauno\u0161anai, mirdzumam un pretnoveco\u0161an\u0101s kop\u0161anai.<\/p>","protected":false},"featured_media":25028,"comment_status":"open","ping_status":"closed","template":"","meta":{"site-sidebar-layout":"default","site-content-layout":"","ast-site-content-layout":"default","site-content-style":"default","site-sidebar-style":"default","ast-global-header-display":"","ast-banner-title-visibility":"","ast-main-header-display":"","ast-hfb-above-header-display":"","ast-hfb-below-header-display":"","ast-hfb-mobile-header-display":"","site-post-title":"","ast-breadcrumbs-content":"","ast-featured-img":"","footer-sml-layout":"","theme-transparent-header-meta":"default","adv-header-id-meta":"","stick-header-meta":"","header-above-stick-meta":"","header-main-stick-meta":"","header-below-stick-meta":"","astra-migrate-meta-layouts":"set","ast-page-background-enabled":"default","ast-page-background-meta":{"desktop":{"background-color":"var(--ast-global-color-4)","background-image":"","background-repeat":"repeat","background-position":"center center","background-size":"auto","background-attachment":"scroll","background-type":"","background-media":"","overlay-type":"","overlay-color":"","overlay-opacity":"","overlay-gradient":""},"tablet":{"background-color":"","background-image":"","background-repeat":"repeat","background-position":"center center","background-size":"auto","background-attachment":"scroll","background-type":"","background-media":"","overlay-type":"","overlay-color":"","overlay-opacity":"","overlay-gradient":""},"mobile":{"background-color":"","background-image":"","background-repeat":"repeat","background-position":"center center","background-size":"auto","background-attachment":"scroll","background-type":"","background-media":"","overlay-type":"","overlay-color":"","overlay-opacity":"","overlay-gradient":""}},"ast-content-background-meta":{"desktop":{"background-color":"var(--ast-global-color-5)","background-image":"","background-repeat":"repeat","background-position":"center center","background-size":"auto","background-attachment":"scroll","background-type":"","background-media":"","overlay-type":"","overlay-color":"","overlay-opacity":"","overlay-gradient":""},"tablet":{"background-color":"var(--ast-global-color-5)","background-image":"","background-repeat":"repeat","background-position":"center center","background-size":"auto","background-attachment":"scroll","background-type":"","background-media":"","overlay-type":"","overlay-color":"","overlay-opacity":"","overlay-gradient":""},"mobile":{"background-color":"var(--ast-global-color-5)","background-image":"","background-repeat":"repeat","background-position":"center center","background-size":"auto","background-attachment":"scroll","background-type":"","background-media":"","overlay-type":"","overlay-color":"","overlay-opacity":"","overlay-gradient":""}}},"product_brand":[],"product_cat":[370,371,372,375,378,363,364,376],"product_tag":[],"berocket_brand":[582],"class_list":{"0":"post-25027","1":"product","2":"type-product","3":"status-publish","4":"has-post-thumbnail","6":"product_cat-adas-mirdzumam","7":"product_cat-anti-age","8":"product_cat-jutigai-adai-serumi","9":"product_cat-jutigai-adai-toneri","10":"product_cat-sausai-adai-toneri","11":"product_cat-serumi","12":"product_cat-toneri","13":"product_cat-kombinetai-adai-toneri","14":"berocket_brand-vt","15":"desktop-align-left","16":"tablet-align-left","17":"mobile-align-left","19":"first","20":"outofstock","21":"taxable","22":"shipping-taxable","23":"purchasable","24":"product-type-simple","25":"add-to-wishlist-before_image"},"yoast_head":"<!-- This site is optimized with the Yoast SEO plugin v27.3 - https:\/\/yoast.com\/product\/yoast-seo-wordpress\/ -->\n<title>VT PDRN Glow Ampoule 100ml - FACECORNER<\/title>\n<meta name=\"description\" content=\"Atdz\u012bvini noguru\u0161o un bl\u0101vo \u0101du ar VT PDRN Glow Ampoule \u2014 koncentr\u0113tu ampulu, kas rad\u012bta intens\u012bvai atjauno\u0161anai, mirdzumam un pretnoveco\u0161an\u0101s kop\u0161anai.\" \/>\n<meta name=\"robots\" content=\"index, follow, max-snippet:-1, max-image-preview:large, max-video-preview:-1\" \/>\n<link rel=\"canonical\" href=\"https:\/\/www.facecorner.lv\/en\/shop\/vt-pdrn-glow-ampoule-100ml\/\" \/>\n<meta property=\"og:locale\" content=\"en_US\" \/>\n<meta property=\"og:type\" content=\"article\" \/>\n<meta property=\"og:title\" content=\"VT PDRN Glow Ampoule 100ml - FACECORNER\" \/>\n<meta property=\"og:description\" content=\"Atdz\u012bvini noguru\u0161o un bl\u0101vo \u0101du ar VT PDRN Glow Ampoule \u2014 koncentr\u0113tu ampulu, kas rad\u012bta intens\u012bvai atjauno\u0161anai, mirdzumam un pretnoveco\u0161an\u0101s kop\u0161anai.\" \/>\n<meta property=\"og:url\" content=\"https:\/\/www.facecorner.lv\/en\/shop\/vt-pdrn-glow-ampoule-100ml\/\" \/>\n<meta property=\"og:site_name\" content=\"FACECORNER\" \/>\n<meta property=\"article:publisher\" content=\"https:\/\/www.facebook.com\/profile.php?id=100063824551839\" \/>\n<meta property=\"article:modified_time\" content=\"2026-03-26T11:36:57+00:00\" \/>\n<meta property=\"og:image\" content=\"https:\/\/www.facecorner.lv\/wp-content\/uploads\/2025\/08\/1_4c89da90-cf29-4c05-bc5b-fd87d0dc7810.webp\" \/>\n\t<meta property=\"og:image:width\" content=\"1946\" \/>\n\t<meta property=\"og:image:height\" content=\"1946\" \/>\n\t<meta property=\"og:image:type\" content=\"image\/webp\" \/>\n<meta name=\"twitter:card\" content=\"summary_large_image\" \/>\n<meta name=\"twitter:label1\" content=\"Price\" \/>\n\t<meta name=\"twitter:data1\" content=\"&euro;29.00\" \/>\n\t<meta name=\"twitter:label2\" content=\"Availability\" \/>\n\t<meta name=\"twitter:data2\" content=\"Out of stock\" \/>\n<script type=\"application\/ld+json\" class=\"yoast-schema-graph\">{\"@context\":\"https:\\\/\\\/schema.org\",\"@graph\":[{\"@type\":\"WebPage\",\"@id\":\"https:\\\/\\\/www.facecorner.lv\\\/shop\\\/vt-pdrn-glow-ampoule-100ml\\\/\",\"url\":\"https:\\\/\\\/www.facecorner.lv\\\/shop\\\/vt-pdrn-glow-ampoule-100ml\\\/\",\"name\":\"VT PDRN Glow Ampoule 100ml - FACECORNER\",\"isPartOf\":{\"@id\":\"https:\\\/\\\/www.facecorner.lv\\\/#website\"},\"primaryImageOfPage\":{\"@id\":\"https:\\\/\\\/www.facecorner.lv\\\/shop\\\/vt-pdrn-glow-ampoule-100ml\\\/#primaryimage\"},\"image\":{\"@id\":\"https:\\\/\\\/www.facecorner.lv\\\/shop\\\/vt-pdrn-glow-ampoule-100ml\\\/#primaryimage\"},\"thumbnailUrl\":\"https:\\\/\\\/www.facecorner.lv\\\/wp-content\\\/uploads\\\/2025\\\/08\\\/1_4c89da90-cf29-4c05-bc5b-fd87d0dc7810.webp\",\"datePublished\":\"2025-08-18T18:42:01+00:00\",\"dateModified\":\"2026-03-26T11:36:57+00:00\",\"description\":\"Atdz\u012bvini noguru\u0161o un bl\u0101vo \u0101du ar VT PDRN Glow Ampoule \u2014 koncentr\u0113tu ampulu, kas rad\u012bta intens\u012bvai atjauno\u0161anai, mirdzumam un pretnoveco\u0161an\u0101s kop\u0161anai.\",\"breadcrumb\":{\"@id\":\"https:\\\/\\\/www.facecorner.lv\\\/shop\\\/vt-pdrn-glow-ampoule-100ml\\\/#breadcrumb\"},\"inLanguage\":\"en-US\",\"potentialAction\":[{\"@type\":\"ReadAction\",\"target\":[\"https:\\\/\\\/www.facecorner.lv\\\/shop\\\/vt-pdrn-glow-ampoule-100ml\\\/\"]}]},{\"@type\":\"ImageObject\",\"inLanguage\":\"en-US\",\"@id\":\"https:\\\/\\\/www.facecorner.lv\\\/shop\\\/vt-pdrn-glow-ampoule-100ml\\\/#primaryimage\",\"url\":\"https:\\\/\\\/www.facecorner.lv\\\/wp-content\\\/uploads\\\/2025\\\/08\\\/1_4c89da90-cf29-4c05-bc5b-fd87d0dc7810.webp\",\"contentUrl\":\"https:\\\/\\\/www.facecorner.lv\\\/wp-content\\\/uploads\\\/2025\\\/08\\\/1_4c89da90-cf29-4c05-bc5b-fd87d0dc7810.webp\",\"width\":1946,\"height\":1946,\"caption\":\"VT PDRN Glow Ampoule\"},{\"@type\":\"BreadcrumbList\",\"@id\":\"https:\\\/\\\/www.facecorner.lv\\\/shop\\\/vt-pdrn-glow-ampoule-100ml\\\/#breadcrumb\",\"itemListElement\":[{\"@type\":\"ListItem\",\"position\":1,\"name\":\"Home\",\"item\":\"https:\\\/\\\/www.facecorner.lv\\\/\"},{\"@type\":\"ListItem\",\"position\":2,\"name\":\"Veikals\",\"item\":\"https:\\\/\\\/www.facecorner.lv\\\/shop\\\/\"},{\"@type\":\"ListItem\",\"position\":3,\"name\":\"VT PDRN Glow Ampoule 100ml\"}]},{\"@type\":\"WebSite\",\"@id\":\"https:\\\/\\\/www.facecorner.lv\\\/#website\",\"url\":\"https:\\\/\\\/www.facecorner.lv\\\/\",\"name\":\"Facecorner\",\"description\":\"\",\"publisher\":{\"@id\":\"https:\\\/\\\/www.facecorner.lv\\\/#organization\"},\"potentialAction\":[{\"@type\":\"SearchAction\",\"target\":{\"@type\":\"EntryPoint\",\"urlTemplate\":\"https:\\\/\\\/www.facecorner.lv\\\/?s={search_term_string}\"},\"query-input\":{\"@type\":\"PropertyValueSpecification\",\"valueRequired\":true,\"valueName\":\"search_term_string\"}}],\"inLanguage\":\"en-US\"},{\"@type\":\"Organization\",\"@id\":\"https:\\\/\\\/www.facecorner.lv\\\/#organization\",\"name\":\"Facecorner\",\"url\":\"https:\\\/\\\/www.facecorner.lv\\\/\",\"logo\":{\"@type\":\"ImageObject\",\"inLanguage\":\"en-US\",\"@id\":\"https:\\\/\\\/www.facecorner.lv\\\/#\\\/schema\\\/logo\\\/image\\\/\",\"url\":\"https:\\\/\\\/www.facecorner.lv\\\/wp-content\\\/uploads\\\/2024\\\/04\\\/fc-logo.jpg\",\"contentUrl\":\"https:\\\/\\\/www.facecorner.lv\\\/wp-content\\\/uploads\\\/2024\\\/04\\\/fc-logo.jpg\",\"width\":174,\"height\":28,\"caption\":\"Facecorner\"},\"image\":{\"@id\":\"https:\\\/\\\/www.facecorner.lv\\\/#\\\/schema\\\/logo\\\/image\\\/\"},\"sameAs\":[\"https:\\\/\\\/www.facebook.com\\\/profile.php?id=100063824551839\",\"https:\\\/\\\/www.instagram.com\\\/facecorner_shop\\\/\"]}]}<\/script>\n<meta property=\"product:price:amount\" content=\"29.00\" \/>\n<meta property=\"product:price:currency\" content=\"EUR\" \/>\n<meta property=\"og:availability\" content=\"out of stock\" \/>\n<meta property=\"product:availability\" content=\"out of stock\" \/>\n<meta property=\"product:condition\" content=\"new\" \/>\n<!-- \/ Yoast SEO plugin. -->","yoast_head_json":{"title":"VT PDRN Glow Ampoule 100ml - FACECORNER","description":"Atdz\u012bvini noguru\u0161o un bl\u0101vo \u0101du ar VT PDRN Glow Ampoule \u2014 koncentr\u0113tu ampulu, kas rad\u012bta intens\u012bvai atjauno\u0161anai, mirdzumam un pretnoveco\u0161an\u0101s kop\u0161anai.","robots":{"index":"index","follow":"follow","max-snippet":"max-snippet:-1","max-image-preview":"max-image-preview:large","max-video-preview":"max-video-preview:-1"},"canonical":"https:\/\/www.facecorner.lv\/en\/shop\/vt-pdrn-glow-ampoule-100ml\/","og_locale":"en_US","og_type":"article","og_title":"VT PDRN Glow Ampoule 100ml - FACECORNER","og_description":"Atdz\u012bvini noguru\u0161o un bl\u0101vo \u0101du ar VT PDRN Glow Ampoule \u2014 koncentr\u0113tu ampulu, kas rad\u012bta intens\u012bvai atjauno\u0161anai, mirdzumam un pretnoveco\u0161an\u0101s kop\u0161anai.","og_url":"https:\/\/www.facecorner.lv\/en\/shop\/vt-pdrn-glow-ampoule-100ml\/","og_site_name":"FACECORNER","article_publisher":"https:\/\/www.facebook.com\/profile.php?id=100063824551839","article_modified_time":"2026-03-26T11:36:57+00:00","og_image":[{"width":1946,"height":1946,"url":"https:\/\/www.facecorner.lv\/wp-content\/uploads\/2025\/08\/1_4c89da90-cf29-4c05-bc5b-fd87d0dc7810.webp","type":"image\/webp"}],"twitter_card":"summary_large_image","twitter_misc":{"Price":"&euro;29.00","Availability":"Out of stock"},"schema":{"@context":"https:\/\/schema.org","@graph":[{"@type":"WebPage","@id":"https:\/\/www.facecorner.lv\/shop\/vt-pdrn-glow-ampoule-100ml\/","url":"https:\/\/www.facecorner.lv\/shop\/vt-pdrn-glow-ampoule-100ml\/","name":"VT PDRN Glow Ampoule 100ml - FACECORNER","isPartOf":{"@id":"https:\/\/www.facecorner.lv\/#website"},"primaryImageOfPage":{"@id":"https:\/\/www.facecorner.lv\/shop\/vt-pdrn-glow-ampoule-100ml\/#primaryimage"},"image":{"@id":"https:\/\/www.facecorner.lv\/shop\/vt-pdrn-glow-ampoule-100ml\/#primaryimage"},"thumbnailUrl":"https:\/\/www.facecorner.lv\/wp-content\/uploads\/2025\/08\/1_4c89da90-cf29-4c05-bc5b-fd87d0dc7810.webp","datePublished":"2025-08-18T18:42:01+00:00","dateModified":"2026-03-26T11:36:57+00:00","description":"Atdz\u012bvini noguru\u0161o un bl\u0101vo \u0101du ar VT PDRN Glow Ampoule \u2014 koncentr\u0113tu ampulu, kas rad\u012bta intens\u012bvai atjauno\u0161anai, mirdzumam un pretnoveco\u0161an\u0101s kop\u0161anai.","breadcrumb":{"@id":"https:\/\/www.facecorner.lv\/shop\/vt-pdrn-glow-ampoule-100ml\/#breadcrumb"},"inLanguage":"en-US","potentialAction":[{"@type":"ReadAction","target":["https:\/\/www.facecorner.lv\/shop\/vt-pdrn-glow-ampoule-100ml\/"]}]},{"@type":"ImageObject","inLanguage":"en-US","@id":"https:\/\/www.facecorner.lv\/shop\/vt-pdrn-glow-ampoule-100ml\/#primaryimage","url":"https:\/\/www.facecorner.lv\/wp-content\/uploads\/2025\/08\/1_4c89da90-cf29-4c05-bc5b-fd87d0dc7810.webp","contentUrl":"https:\/\/www.facecorner.lv\/wp-content\/uploads\/2025\/08\/1_4c89da90-cf29-4c05-bc5b-fd87d0dc7810.webp","width":1946,"height":1946,"caption":"VT PDRN Glow Ampoule"},{"@type":"BreadcrumbList","@id":"https:\/\/www.facecorner.lv\/shop\/vt-pdrn-glow-ampoule-100ml\/#breadcrumb","itemListElement":[{"@type":"ListItem","position":1,"name":"Home","item":"https:\/\/www.facecorner.lv\/"},{"@type":"ListItem","position":2,"name":"Veikals","item":"https:\/\/www.facecorner.lv\/shop\/"},{"@type":"ListItem","position":3,"name":"VT PDRN Glow Ampoule 100ml"}]},{"@type":"WebSite","@id":"https:\/\/www.facecorner.lv\/#website","url":"https:\/\/www.facecorner.lv\/","name":"Facecorner","description":"","publisher":{"@id":"https:\/\/www.facecorner.lv\/#organization"},"potentialAction":[{"@type":"SearchAction","target":{"@type":"EntryPoint","urlTemplate":"https:\/\/www.facecorner.lv\/?s={search_term_string}"},"query-input":{"@type":"PropertyValueSpecification","valueRequired":true,"valueName":"search_term_string"}}],"inLanguage":"en-US"},{"@type":"Organization","@id":"https:\/\/www.facecorner.lv\/#organization","name":"Facecorner","url":"https:\/\/www.facecorner.lv\/","logo":{"@type":"ImageObject","inLanguage":"en-US","@id":"https:\/\/www.facecorner.lv\/#\/schema\/logo\/image\/","url":"https:\/\/www.facecorner.lv\/wp-content\/uploads\/2024\/04\/fc-logo.jpg","contentUrl":"https:\/\/www.facecorner.lv\/wp-content\/uploads\/2024\/04\/fc-logo.jpg","width":174,"height":28,"caption":"Facecorner"},"image":{"@id":"https:\/\/www.facecorner.lv\/#\/schema\/logo\/image\/"},"sameAs":["https:\/\/www.facebook.com\/profile.php?id=100063824551839","https:\/\/www.instagram.com\/facecorner_shop\/"]}]},"product_price_amount":"29.00","product_price_currency":"EUR","og_availability":"out of stock","product_availability":"out of stock","product_condition":"new"},"_links":{"self":[{"href":"https:\/\/www.facecorner.lv\/en\/wp-json\/wp\/v2\/product\/25027","targetHints":{"allow":["GET"]}}],"collection":[{"href":"https:\/\/www.facecorner.lv\/en\/wp-json\/wp\/v2\/product"}],"about":[{"href":"https:\/\/www.facecorner.lv\/en\/wp-json\/wp\/v2\/types\/product"}],"replies":[{"embeddable":true,"href":"https:\/\/www.facecorner.lv\/en\/wp-json\/wp\/v2\/comments?post=25027"}],"wp:featuredmedia":[{"embeddable":true,"href":"https:\/\/www.facecorner.lv\/en\/wp-json\/wp\/v2\/media\/25028"}],"wp:attachment":[{"href":"https:\/\/www.facecorner.lv\/en\/wp-json\/wp\/v2\/media?parent=25027"}],"wp:term":[{"taxonomy":"product_brand","embeddable":true,"href":"https:\/\/www.facecorner.lv\/en\/wp-json\/wp\/v2\/product_brand?post=25027"},{"taxonomy":"product_cat","embeddable":true,"href":"https:\/\/www.facecorner.lv\/en\/wp-json\/wp\/v2\/product_cat?post=25027"},{"taxonomy":"product_tag","embeddable":true,"href":"https:\/\/www.facecorner.lv\/en\/wp-json\/wp\/v2\/product_tag?post=25027"},{"taxonomy":"berocket_brand","embeddable":true,"href":"https:\/\/www.facecorner.lv\/en\/wp-json\/wp\/v2\/berocket_brand?post=25027"}],"curies":[{"name":"wp","href":"https:\/\/api.w.org\/{rel}","templated":true}]}}