{"id":24998,"date":"2025-08-13T10:24:10","date_gmt":"2025-08-13T07:24:10","guid":{"rendered":"https:\/\/www.facecorner.lv\/?post_type=product&#038;p=24998"},"modified":"2026-03-18T13:51:15","modified_gmt":"2026-03-18T10:51:15","slug":"medicube-deep-vita-c-capsule-cream-55g","status":"publish","type":"product","link":"https:\/\/www.facecorner.lv\/en\/shop\/medicube-deep-vita-c-capsule-cream-55g\/","title":{"rendered":"Medicube Deep Vita C Capsule Cream 55g"},"content":{"rendered":"<p>Medicube Deep Vita C Capsule Cream izgaismojo\u0161s kr\u0113ms ar C vitam\u012bnu, kas padara \u0101du mirdzo\u0161u un elast\u012bgu.<\/p>\n<p>L\u012bdzeklis satur kapsulas ar augsti akt\u012bvu vitam\u012bnu C, kas atveras uzkl\u0101jot, dzi\u013ci ies\u016bcas \u0101d\u0101 un pal\u012bdz efekt\u012bvi c\u012bn\u012bties pret bl\u0101vo toni, pigment\u0101ciju un pirm\u0101s noveco\u0161an\u0101s paz\u012bmes.<\/p>\n<p><strong>Galven\u0101s \u012bpa\u0161\u012bbas:<\/strong><\/p>\n<ul>\n<li>Toniz\u0113\u0161ana un izl\u012bdzin\u0101\u0161ana \u2013 C vitam\u012bns c\u012bn\u0101s ar pigment\u0101ciju, pinnes p\u0113d\u0101m un bl\u0101vu sejas kr\u0101su.<\/li>\n<li>Dzi\u013ci mitrina \u2013 kr\u0113mveida b\u0101ze baro un mitrina \u0101du, neradot lip\u012bguma saj\u016btu.<\/li>\n<li>Antioksidantu aizsardz\u012bba \u2013 aizsarg\u0101 pret negat\u012bvo vides ietekmi un pal\u0113nina noveco\u0161anos.<\/li>\n<li>Kapsulu tehnolo\u0123ija \u2013 C vitam\u012bns saglab\u0101 stabilu formu l\u012bdz br\u012bdim, kad tiek uzkl\u0101ts, nodro\u0161inot maksim\u0101lu efektivit\u0101ti.<\/li>\n<\/ul>\n<p><strong>How to use:<\/strong> Kremu uzkl\u0101jiet uz att\u012br\u012btas un toniz\u0113tas sejas \u0101das no r\u012bta un\/vai vakar\u0101. Iemas\u0113jiet l\u012bdz piln\u012bgai uzs\u016bk\u0161anai, kapsulas iz\u0161\u0137\u012bst saskaroties ar \u0101du.<\/p>\n<p><strong>Sast\u0101vs:<\/strong> Hippophae rhamnoides water, glycerin, water, niacinamide, methylpropanediol, propanediol, 1,2\u2011hexanediol, butylene glycol, dipropylene glycol, caprylic\/capric triglyceride, glycereth\u201126, ethylhexyl palmitate, cetearyl alcohol, arginine, carbomer, ammonium acryloyldimethyltaurate\/VP copolymer, cetearyl olivate, helianthus annuus (sunflower) seed oil, sorbitan olivate, simethicone, polyglyceryl\u201110 laurate, ethylhexylglycerin, adenosine, fragrance (\u043f\u0430\u0440\u0444\u044e\u043c), polyacrylate\u201113, glycine soja (soybean) oil, disodium EDTA, polyisobutene, hydrolyzed sclerotium gum, glyceryl stearate, gluconolactone, polysorbate\u202f20, sorbitan isostearate, hydrogenated lecithin, bixa orellana seed oil, polyglyceryl\u201110 stearate, alpha-arbutin, panthenol, sodium ascorbyl phosphate, pentylene glycol, ferulic acid, tocopherol, ascorbyl glucoside, 3\u2011O\u2011ethyl ascorbic acid, bisabolol, ascorbic acid, hydroxyphenyl propamidobenzoic acid, pyridoxine (B6), ubiquinone (Q10), biotin (B7), folic acid (B9), sodium hyaluronate, ascorbyl propyl hyaluronate, ascorbyl palmitate, cyanocobalamin (B12), thiamine HCl (B1), riboflavin (B2), linoleic acid, beta\u2011carotene, rutin (\u0432\u0438\u0442\u0430\u043c\u0438\u043d\u202fP), hydroxycinnamic acid.<\/p>\n<p>&nbsp;<\/p>","protected":false},"excerpt":{"rendered":"<p>Medicube Deep Vita C Capsule Cream izgaismojo\u0161s kr\u0113ms ar C vitam\u012bnu, kas padara \u0101du mirdzo\u0161u un elast\u012bgu.<\/p>","protected":false},"featured_media":24999,"comment_status":"open","ping_status":"closed","template":"","meta":{"site-sidebar-layout":"default","site-content-layout":"","ast-site-content-layout":"default","site-content-style":"default","site-sidebar-style":"default","ast-global-header-display":"","ast-banner-title-visibility":"","ast-main-header-display":"","ast-hfb-above-header-display":"","ast-hfb-below-header-display":"","ast-hfb-mobile-header-display":"","site-post-title":"","ast-breadcrumbs-content":"","ast-featured-img":"","footer-sml-layout":"","theme-transparent-header-meta":"default","adv-header-id-meta":"","stick-header-meta":"","header-above-stick-meta":"","header-main-stick-meta":"","header-below-stick-meta":"","astra-migrate-meta-layouts":"set","ast-page-background-enabled":"default","ast-page-background-meta":{"desktop":{"background-color":"var(--ast-global-color-4)","background-image":"","background-repeat":"repeat","background-position":"center center","background-size":"auto","background-attachment":"scroll","background-type":"","background-media":"","overlay-type":"","overlay-color":"","overlay-opacity":"","overlay-gradient":""},"tablet":{"background-color":"","background-image":"","background-repeat":"repeat","background-position":"center center","background-size":"auto","background-attachment":"scroll","background-type":"","background-media":"","overlay-type":"","overlay-color":"","overlay-opacity":"","overlay-gradient":""},"mobile":{"background-color":"","background-image":"","background-repeat":"repeat","background-position":"center center","background-size":"auto","background-attachment":"scroll","background-type":"","background-media":"","overlay-type":"","overlay-color":"","overlay-opacity":"","overlay-gradient":""}},"ast-content-background-meta":{"desktop":{"background-color":"var(--ast-global-color-5)","background-image":"","background-repeat":"repeat","background-position":"center center","background-size":"auto","background-attachment":"scroll","background-type":"","background-media":"","overlay-type":"","overlay-color":"","overlay-opacity":"","overlay-gradient":""},"tablet":{"background-color":"var(--ast-global-color-5)","background-image":"","background-repeat":"repeat","background-position":"center center","background-size":"auto","background-attachment":"scroll","background-type":"","background-media":"","overlay-type":"","overlay-color":"","overlay-opacity":"","overlay-gradient":""},"mobile":{"background-color":"var(--ast-global-color-5)","background-image":"","background-repeat":"repeat","background-position":"center center","background-size":"auto","background-attachment":"scroll","background-type":"","background-media":"","overlay-type":"","overlay-color":"","overlay-opacity":"","overlay-gradient":""}}},"product_brand":[],"product_cat":[511,362,366,368,369],"product_tag":[],"berocket_brand":[579],"class_list":{"0":"post-24998","1":"product","2":"type-product","3":"status-publish","4":"has-post-thumbnail","6":"product_cat-atlaides","7":"product_cat-sejas-krems","8":"product_cat-mitrinoss","9":"product_cat-pret-grumbam","10":"product_cat-problematiskai-adai-sejas-krems","11":"berocket_brand-medicube","12":"desktop-align-left","13":"tablet-align-left","14":"mobile-align-left","16":"first","17":"instock","18":"sale","19":"taxable","20":"shipping-taxable","21":"purchasable","22":"product-type-simple","23":"add-to-wishlist-before_image"},"yoast_head":"<!-- This site is optimized with the Yoast SEO plugin v27.1.1 - https:\/\/yoast.com\/product\/yoast-seo-wordpress\/ -->\n<title>Medicube Deep Vita C Capsule Cream 55g - FACECORNER<\/title>\n<meta name=\"description\" content=\"Medicube Deep Vita C Capsule Cream izgaismojo\u0161s kr\u0113ms ar C vitam\u012bnu, kas padara \u0101du mirdzo\u0161u un elast\u012bgu.\" \/>\n<meta name=\"robots\" content=\"index, follow, max-snippet:-1, max-image-preview:large, max-video-preview:-1\" \/>\n<link rel=\"canonical\" href=\"https:\/\/www.facecorner.lv\/en\/shop\/medicube-deep-vita-c-capsule-cream-55g\/\" \/>\n<meta property=\"og:locale\" content=\"en_US\" \/>\n<meta property=\"og:type\" content=\"article\" \/>\n<meta property=\"og:title\" content=\"Medicube Deep Vita C Capsule Cream 55g - FACECORNER\" \/>\n<meta property=\"og:description\" content=\"Medicube Deep Vita C Capsule Cream izgaismojo\u0161s kr\u0113ms ar C vitam\u012bnu, kas padara \u0101du mirdzo\u0161u un elast\u012bgu.\" \/>\n<meta property=\"og:url\" content=\"https:\/\/www.facecorner.lv\/en\/shop\/medicube-deep-vita-c-capsule-cream-55g\/\" \/>\n<meta property=\"og:site_name\" content=\"FACECORNER\" \/>\n<meta property=\"article:publisher\" content=\"https:\/\/www.facebook.com\/profile.php?id=100063824551839\" \/>\n<meta property=\"article:modified_time\" content=\"2026-03-18T10:51:15+00:00\" \/>\n<meta property=\"og:image\" content=\"https:\/\/www.facecorner.lv\/wp-content\/uploads\/2025\/08\/Medicube-Deep-Vita-C-Capsule-Cream_b31de20e-c6e3-4343-895f-9928e2fe57c9.webp\" \/>\n\t<meta property=\"og:image:width\" content=\"2000\" \/>\n\t<meta property=\"og:image:height\" content=\"2000\" \/>\n\t<meta property=\"og:image:type\" content=\"image\/webp\" \/>\n<meta name=\"twitter:card\" content=\"summary_large_image\" \/>\n<meta name=\"twitter:label1\" content=\"Price\" \/>\n\t<meta name=\"twitter:data1\" content=\"&euro;29.95\" \/>\n\t<meta name=\"twitter:label2\" content=\"Availability\" \/>\n\t<meta name=\"twitter:data2\" content=\"In stock\" \/>\n<script type=\"application\/ld+json\" class=\"yoast-schema-graph\">{\"@context\":\"https:\/\/schema.org\",\"@graph\":[{\"@type\":\"WebPage\",\"@id\":\"https:\/\/www.facecorner.lv\/shop\/medicube-deep-vita-c-capsule-cream-55g\/\",\"url\":\"https:\/\/www.facecorner.lv\/shop\/medicube-deep-vita-c-capsule-cream-55g\/\",\"name\":\"Medicube Deep Vita C Capsule Cream 55g - FACECORNER\",\"isPartOf\":{\"@id\":\"https:\/\/www.facecorner.lv\/#website\"},\"primaryImageOfPage\":{\"@id\":\"https:\/\/www.facecorner.lv\/shop\/medicube-deep-vita-c-capsule-cream-55g\/#primaryimage\"},\"image\":{\"@id\":\"https:\/\/www.facecorner.lv\/shop\/medicube-deep-vita-c-capsule-cream-55g\/#primaryimage\"},\"thumbnailUrl\":\"https:\/\/www.facecorner.lv\/wp-content\/uploads\/2025\/08\/Medicube-Deep-Vita-C-Capsule-Cream_b31de20e-c6e3-4343-895f-9928e2fe57c9.webp\",\"datePublished\":\"2025-08-13T07:24:10+00:00\",\"dateModified\":\"2026-03-18T10:51:15+00:00\",\"description\":\"Medicube Deep Vita C Capsule Cream izgaismojo\u0161s kr\u0113ms ar C vitam\u012bnu, kas padara \u0101du mirdzo\u0161u un elast\u012bgu.\",\"breadcrumb\":{\"@id\":\"https:\/\/www.facecorner.lv\/shop\/medicube-deep-vita-c-capsule-cream-55g\/#breadcrumb\"},\"inLanguage\":\"en-US\",\"potentialAction\":[{\"@type\":\"ReadAction\",\"target\":[\"https:\/\/www.facecorner.lv\/shop\/medicube-deep-vita-c-capsule-cream-55g\/\"]}]},{\"@type\":\"ImageObject\",\"inLanguage\":\"en-US\",\"@id\":\"https:\/\/www.facecorner.lv\/shop\/medicube-deep-vita-c-capsule-cream-55g\/#primaryimage\",\"url\":\"https:\/\/www.facecorner.lv\/wp-content\/uploads\/2025\/08\/Medicube-Deep-Vita-C-Capsule-Cream_b31de20e-c6e3-4343-895f-9928e2fe57c9.webp\",\"contentUrl\":\"https:\/\/www.facecorner.lv\/wp-content\/uploads\/2025\/08\/Medicube-Deep-Vita-C-Capsule-Cream_b31de20e-c6e3-4343-895f-9928e2fe57c9.webp\",\"width\":2000,\"height\":2000,\"caption\":\"Medicube Deep Vita C Capsule Cream\"},{\"@type\":\"BreadcrumbList\",\"@id\":\"https:\/\/www.facecorner.lv\/shop\/medicube-deep-vita-c-capsule-cream-55g\/#breadcrumb\",\"itemListElement\":[{\"@type\":\"ListItem\",\"position\":1,\"name\":\"Home\",\"item\":\"https:\/\/www.facecorner.lv\/\"},{\"@type\":\"ListItem\",\"position\":2,\"name\":\"Veikals\",\"item\":\"https:\/\/www.facecorner.lv\/shop\/\"},{\"@type\":\"ListItem\",\"position\":3,\"name\":\"Medicube Deep Vita C Capsule Cream 55g\"}]},{\"@type\":\"WebSite\",\"@id\":\"https:\/\/www.facecorner.lv\/#website\",\"url\":\"https:\/\/www.facecorner.lv\/\",\"name\":\"Facecorner\",\"description\":\"\",\"publisher\":{\"@id\":\"https:\/\/www.facecorner.lv\/#organization\"},\"potentialAction\":[{\"@type\":\"SearchAction\",\"target\":{\"@type\":\"EntryPoint\",\"urlTemplate\":\"https:\/\/www.facecorner.lv\/?s={search_term_string}\"},\"query-input\":{\"@type\":\"PropertyValueSpecification\",\"valueRequired\":true,\"valueName\":\"search_term_string\"}}],\"inLanguage\":\"en-US\"},{\"@type\":\"Organization\",\"@id\":\"https:\/\/www.facecorner.lv\/#organization\",\"name\":\"Facecorner\",\"url\":\"https:\/\/www.facecorner.lv\/\",\"logo\":{\"@type\":\"ImageObject\",\"inLanguage\":\"en-US\",\"@id\":\"https:\/\/www.facecorner.lv\/#\/schema\/logo\/image\/\",\"url\":\"https:\/\/www.facecorner.lv\/wp-content\/uploads\/2024\/04\/fc-logo.jpg\",\"contentUrl\":\"https:\/\/www.facecorner.lv\/wp-content\/uploads\/2024\/04\/fc-logo.jpg\",\"width\":174,\"height\":28,\"caption\":\"Facecorner\"},\"image\":{\"@id\":\"https:\/\/www.facecorner.lv\/#\/schema\/logo\/image\/\"},\"sameAs\":[\"https:\/\/www.facebook.com\/profile.php?id=100063824551839\",\"https:\/\/www.instagram.com\/facecorner_shop\/\"]}]}<\/script>\n<meta property=\"product:price:amount\" content=\"29.95\" \/>\n<meta property=\"product:price:currency\" content=\"EUR\" \/>\n<meta property=\"og:availability\" content=\"instock\" \/>\n<meta property=\"product:availability\" content=\"instock\" \/>\n<meta property=\"product:condition\" content=\"new\" \/>\n<!-- \/ Yoast SEO plugin. -->","yoast_head_json":{"title":"Medicube Deep Vita C Capsule Cream 55g - FACECORNER","description":"Medicube Deep Vita C Capsule Cream izgaismojo\u0161s kr\u0113ms ar C vitam\u012bnu, kas padara \u0101du mirdzo\u0161u un elast\u012bgu.","robots":{"index":"index","follow":"follow","max-snippet":"max-snippet:-1","max-image-preview":"max-image-preview:large","max-video-preview":"max-video-preview:-1"},"canonical":"https:\/\/www.facecorner.lv\/en\/shop\/medicube-deep-vita-c-capsule-cream-55g\/","og_locale":"en_US","og_type":"article","og_title":"Medicube Deep Vita C Capsule Cream 55g - FACECORNER","og_description":"Medicube Deep Vita C Capsule Cream izgaismojo\u0161s kr\u0113ms ar C vitam\u012bnu, kas padara \u0101du mirdzo\u0161u un elast\u012bgu.","og_url":"https:\/\/www.facecorner.lv\/en\/shop\/medicube-deep-vita-c-capsule-cream-55g\/","og_site_name":"FACECORNER","article_publisher":"https:\/\/www.facebook.com\/profile.php?id=100063824551839","article_modified_time":"2026-03-18T10:51:15+00:00","og_image":[{"width":2000,"height":2000,"url":"https:\/\/www.facecorner.lv\/wp-content\/uploads\/2025\/08\/Medicube-Deep-Vita-C-Capsule-Cream_b31de20e-c6e3-4343-895f-9928e2fe57c9.webp","type":"image\/webp"}],"twitter_card":"summary_large_image","twitter_misc":{"Price":"&euro;29.95","Availability":"In stock"},"schema":{"@context":"https:\/\/schema.org","@graph":[{"@type":"WebPage","@id":"https:\/\/www.facecorner.lv\/shop\/medicube-deep-vita-c-capsule-cream-55g\/","url":"https:\/\/www.facecorner.lv\/shop\/medicube-deep-vita-c-capsule-cream-55g\/","name":"Medicube Deep Vita C Capsule Cream 55g - FACECORNER","isPartOf":{"@id":"https:\/\/www.facecorner.lv\/#website"},"primaryImageOfPage":{"@id":"https:\/\/www.facecorner.lv\/shop\/medicube-deep-vita-c-capsule-cream-55g\/#primaryimage"},"image":{"@id":"https:\/\/www.facecorner.lv\/shop\/medicube-deep-vita-c-capsule-cream-55g\/#primaryimage"},"thumbnailUrl":"https:\/\/www.facecorner.lv\/wp-content\/uploads\/2025\/08\/Medicube-Deep-Vita-C-Capsule-Cream_b31de20e-c6e3-4343-895f-9928e2fe57c9.webp","datePublished":"2025-08-13T07:24:10+00:00","dateModified":"2026-03-18T10:51:15+00:00","description":"Medicube Deep Vita C Capsule Cream izgaismojo\u0161s kr\u0113ms ar C vitam\u012bnu, kas padara \u0101du mirdzo\u0161u un elast\u012bgu.","breadcrumb":{"@id":"https:\/\/www.facecorner.lv\/shop\/medicube-deep-vita-c-capsule-cream-55g\/#breadcrumb"},"inLanguage":"en-US","potentialAction":[{"@type":"ReadAction","target":["https:\/\/www.facecorner.lv\/shop\/medicube-deep-vita-c-capsule-cream-55g\/"]}]},{"@type":"ImageObject","inLanguage":"en-US","@id":"https:\/\/www.facecorner.lv\/shop\/medicube-deep-vita-c-capsule-cream-55g\/#primaryimage","url":"https:\/\/www.facecorner.lv\/wp-content\/uploads\/2025\/08\/Medicube-Deep-Vita-C-Capsule-Cream_b31de20e-c6e3-4343-895f-9928e2fe57c9.webp","contentUrl":"https:\/\/www.facecorner.lv\/wp-content\/uploads\/2025\/08\/Medicube-Deep-Vita-C-Capsule-Cream_b31de20e-c6e3-4343-895f-9928e2fe57c9.webp","width":2000,"height":2000,"caption":"Medicube Deep Vita C Capsule Cream"},{"@type":"BreadcrumbList","@id":"https:\/\/www.facecorner.lv\/shop\/medicube-deep-vita-c-capsule-cream-55g\/#breadcrumb","itemListElement":[{"@type":"ListItem","position":1,"name":"Home","item":"https:\/\/www.facecorner.lv\/"},{"@type":"ListItem","position":2,"name":"Veikals","item":"https:\/\/www.facecorner.lv\/shop\/"},{"@type":"ListItem","position":3,"name":"Medicube Deep Vita C Capsule Cream 55g"}]},{"@type":"WebSite","@id":"https:\/\/www.facecorner.lv\/#website","url":"https:\/\/www.facecorner.lv\/","name":"Facecorner","description":"","publisher":{"@id":"https:\/\/www.facecorner.lv\/#organization"},"potentialAction":[{"@type":"SearchAction","target":{"@type":"EntryPoint","urlTemplate":"https:\/\/www.facecorner.lv\/?s={search_term_string}"},"query-input":{"@type":"PropertyValueSpecification","valueRequired":true,"valueName":"search_term_string"}}],"inLanguage":"en-US"},{"@type":"Organization","@id":"https:\/\/www.facecorner.lv\/#organization","name":"Facecorner","url":"https:\/\/www.facecorner.lv\/","logo":{"@type":"ImageObject","inLanguage":"en-US","@id":"https:\/\/www.facecorner.lv\/#\/schema\/logo\/image\/","url":"https:\/\/www.facecorner.lv\/wp-content\/uploads\/2024\/04\/fc-logo.jpg","contentUrl":"https:\/\/www.facecorner.lv\/wp-content\/uploads\/2024\/04\/fc-logo.jpg","width":174,"height":28,"caption":"Facecorner"},"image":{"@id":"https:\/\/www.facecorner.lv\/#\/schema\/logo\/image\/"},"sameAs":["https:\/\/www.facebook.com\/profile.php?id=100063824551839","https:\/\/www.instagram.com\/facecorner_shop\/"]}]},"product_price_amount":"29.95","product_price_currency":"EUR","og_availability":"instock","product_availability":"instock","product_condition":"new"},"_links":{"self":[{"href":"https:\/\/www.facecorner.lv\/en\/wp-json\/wp\/v2\/product\/24998","targetHints":{"allow":["GET"]}}],"collection":[{"href":"https:\/\/www.facecorner.lv\/en\/wp-json\/wp\/v2\/product"}],"about":[{"href":"https:\/\/www.facecorner.lv\/en\/wp-json\/wp\/v2\/types\/product"}],"replies":[{"embeddable":true,"href":"https:\/\/www.facecorner.lv\/en\/wp-json\/wp\/v2\/comments?post=24998"}],"wp:featuredmedia":[{"embeddable":true,"href":"https:\/\/www.facecorner.lv\/en\/wp-json\/wp\/v2\/media\/24999"}],"wp:attachment":[{"href":"https:\/\/www.facecorner.lv\/en\/wp-json\/wp\/v2\/media?parent=24998"}],"wp:term":[{"taxonomy":"product_brand","embeddable":true,"href":"https:\/\/www.facecorner.lv\/en\/wp-json\/wp\/v2\/product_brand?post=24998"},{"taxonomy":"product_cat","embeddable":true,"href":"https:\/\/www.facecorner.lv\/en\/wp-json\/wp\/v2\/product_cat?post=24998"},{"taxonomy":"product_tag","embeddable":true,"href":"https:\/\/www.facecorner.lv\/en\/wp-json\/wp\/v2\/product_tag?post=24998"},{"taxonomy":"berocket_brand","embeddable":true,"href":"https:\/\/www.facecorner.lv\/en\/wp-json\/wp\/v2\/berocket_brand?post=24998"}],"curies":[{"name":"wp","href":"https:\/\/api.w.org\/{rel}","templated":true}]}}