{"id":24979,"date":"2025-08-12T14:57:01","date_gmt":"2025-08-12T11:57:01","guid":{"rendered":"https:\/\/www.facecorner.lv\/?post_type=product&#038;p=24979"},"modified":"2026-02-28T01:37:03","modified_gmt":"2026-02-27T22:37:03","slug":"medicube-pdrn-pink-caffeine-night-wrapping-mask","status":"publish","type":"product","link":"https:\/\/www.facecorner.lv\/en\/shop\/medicube-pdrn-pink-caffeine-night-wrapping-mask\/","title":{"rendered":"Medicube PDRN Pink Caffeine Night Wrapping Mask"},"content":{"rendered":"<p>Medicube PDRN Pink Caffeine Night Wrapping Mask atjauno \u0101du nakts laik\u0101 ar unik\u0101lu PDRN un kofe\u012bna mais\u012bjumu, uzlabojot \u0101das elast\u012bbu un nodro\u0161inot dzi\u013cu mitrin\u0101\u0161anu. Viegla formula veido barojo\u0161u masku, uzlabojot \u0101das starojumu, kam\u0113r j\u016bs gu\u013cat.<\/p>\n<p><strong>Galven\u0101s priek\u0161roc\u012bbas:<\/strong><\/p>\n<ul>\n<li>Uzlabo \u0101das elast\u012bbu: atbalsta \u0101das strukt\u016bru un stingr\u012bbu, nodro\u0161inot jaunekl\u012bgu izskatu.<\/li>\n<li>Nodro\u0161ina dzi\u013cu mitrin\u0101\u0161anu: pieg\u0101d\u0101 mitrumu, lai saglab\u0101tu \u0101das elast\u012bbu un gludumu.<\/li>\n<li>Uzlabo \u0101das starojumu: uzlabo kop\u0113jo toni un spo\u017eumu, nodro\u0161inot vesel\u012bgu mirdzumu.<\/li>\n<\/ul>\n<p><strong>How to use:<\/strong> K\u0101 p\u0113d\u0113jo soli sav\u0101 \u0101das kop\u0161anas rut\u012bn\u0101 izmantojiet silikona otu, lai vienm\u0113r\u012bgi uzkl\u0101tu masku, uzman\u012bgi izvairoties no ac\u012bm, l\u016bp\u0101m, uzac\u012bm un matu l\u012bnijas. \u013baujiet masku piln\u012bb\u0101 no\u017e\u016bt, p\u0113c tam maigi no\u0146emiet masku vai, ja nepiecie\u0161ams, noskalojiet seju ar \u016bdeni.<\/p>\n<p>Sast\u0101vs: Water; Glycerin; Glycereth\u201126; Polyvinyl Alcohol; Niacinamide; Benzyl Glycol; Xanthan Gum; Algin; C12\u201114 Alketh\u201112; Allantoin; Synthetic Fluorphlogopite; Ethylhexylglycerin; Adenosine; Cyanocobalamin (B12); 1,2\u2011Hexanediol; Disodium EDTA; CI 77891 (Titanium Dioxide); Sodium DNA; Butylene Glycol; Rosa Damascena Flower Oil; Caffeine; Propanediol; Ascorbic Acid (Vit\u202fC); Tocopheryl Acetate (Vit\u202fE); Chondrus Crispus Extract; Glycine; multiple hyaluronic acid types; Collagen Extract; Hydrolyzed Elastin; peptides including Acetyl\u2011Hexapeptide\u20118, Copper Tripeptide\u20111, Palmitoyl Pentapeptide\u20111<\/p>","protected":false},"excerpt":{"rendered":"<p>Medicube PDRN Pink Caffeine Night Wrapping Mask atjauno \u0101du nakts laik\u0101 ar unik\u0101lu PDRN un kofe\u012bna mais\u012bjumu, uzlabojot \u0101das elast\u012bbu un nodro\u0161inot dzi\u013cu mitrin\u0101\u0161anu.<\/p>","protected":false},"featured_media":24980,"comment_status":"open","ping_status":"closed","template":"","meta":{"site-sidebar-layout":"default","site-content-layout":"","ast-site-content-layout":"default","site-content-style":"default","site-sidebar-style":"default","ast-global-header-display":"","ast-banner-title-visibility":"","ast-main-header-display":"","ast-hfb-above-header-display":"","ast-hfb-below-header-display":"","ast-hfb-mobile-header-display":"","site-post-title":"","ast-breadcrumbs-content":"","ast-featured-img":"","footer-sml-layout":"","theme-transparent-header-meta":"default","adv-header-id-meta":"","stick-header-meta":"","header-above-stick-meta":"","header-main-stick-meta":"","header-below-stick-meta":"","astra-migrate-meta-layouts":"set","ast-page-background-enabled":"default","ast-page-background-meta":{"desktop":{"background-color":"var(--ast-global-color-4)","background-image":"","background-repeat":"repeat","background-position":"center center","background-size":"auto","background-attachment":"scroll","background-type":"","background-media":"","overlay-type":"","overlay-color":"","overlay-opacity":"","overlay-gradient":""},"tablet":{"background-color":"","background-image":"","background-repeat":"repeat","background-position":"center center","background-size":"auto","background-attachment":"scroll","background-type":"","background-media":"","overlay-type":"","overlay-color":"","overlay-opacity":"","overlay-gradient":""},"mobile":{"background-color":"","background-image":"","background-repeat":"repeat","background-position":"center center","background-size":"auto","background-attachment":"scroll","background-type":"","background-media":"","overlay-type":"","overlay-color":"","overlay-opacity":"","overlay-gradient":""}},"ast-content-background-meta":{"desktop":{"background-color":"var(--ast-global-color-5)","background-image":"","background-repeat":"repeat","background-position":"center center","background-size":"auto","background-attachment":"scroll","background-type":"","background-media":"","overlay-type":"","overlay-color":"","overlay-opacity":"","overlay-gradient":""},"tablet":{"background-color":"var(--ast-global-color-5)","background-image":"","background-repeat":"repeat","background-position":"center center","background-size":"auto","background-attachment":"scroll","background-type":"","background-media":"","overlay-type":"","overlay-color":"","overlay-opacity":"","overlay-gradient":""},"mobile":{"background-color":"var(--ast-global-color-5)","background-image":"","background-repeat":"repeat","background-position":"center center","background-size":"auto","background-attachment":"scroll","background-type":"","background-media":"","overlay-type":"","overlay-color":"","overlay-opacity":"","overlay-gradient":""}}},"product_brand":[],"product_cat":[315,326,322,652],"product_tag":[],"berocket_brand":[579],"class_list":{"0":"post-24979","1":"product","2":"type-product","3":"status-publish","4":"has-post-thumbnail","6":"product_cat-maskas","7":"product_cat-mitrinosas","8":"product_cat-nakts","9":"product_cat-pdrn","10":"berocket_brand-medicube","11":"desktop-align-left","12":"tablet-align-left","13":"mobile-align-left","15":"first","16":"instock","17":"taxable","18":"shipping-taxable","19":"purchasable","20":"product-type-simple","21":"add-to-wishlist-before_image"},"yoast_head":"<!-- This site is optimized with the Yoast SEO plugin v27.3 - https:\/\/yoast.com\/product\/yoast-seo-wordpress\/ -->\n<title>Medicube PDRN Pink Caffeine Night Wrapping Mask - FACECORNER<\/title>\n<meta name=\"description\" content=\"Medicube PDRN Pink Caffeine Night Wrapping Mask atjauno \u0101du nakts laik\u0101 ar unik\u0101lu PDRN un kofe\u012bna mais\u012bjumu, uzlabojot \u0101das elast\u012bbu\" \/>\n<meta name=\"robots\" content=\"index, follow, max-snippet:-1, max-image-preview:large, max-video-preview:-1\" \/>\n<link rel=\"canonical\" href=\"https:\/\/www.facecorner.lv\/en\/shop\/medicube-pdrn-pink-caffeine-night-wrapping-mask\/\" \/>\n<meta property=\"og:locale\" content=\"en_US\" \/>\n<meta property=\"og:type\" content=\"article\" \/>\n<meta property=\"og:title\" content=\"Medicube PDRN Pink Caffeine Night Wrapping Mask - FACECORNER\" \/>\n<meta property=\"og:description\" content=\"Medicube PDRN Pink Caffeine Night Wrapping Mask atjauno \u0101du nakts laik\u0101 ar unik\u0101lu PDRN un kofe\u012bna mais\u012bjumu, uzlabojot \u0101das elast\u012bbu\" \/>\n<meta property=\"og:url\" content=\"https:\/\/www.facecorner.lv\/en\/shop\/medicube-pdrn-pink-caffeine-night-wrapping-mask\/\" \/>\n<meta property=\"og:site_name\" content=\"FACECORNER\" \/>\n<meta property=\"article:publisher\" content=\"https:\/\/www.facebook.com\/profile.php?id=100063824551839\" \/>\n<meta property=\"article:modified_time\" content=\"2026-02-27T22:37:03+00:00\" \/>\n<meta property=\"og:image\" content=\"https:\/\/www.facecorner.lv\/wp-content\/uploads\/2025\/08\/81IunZS-NWL._UF10001000_QL80_.jpg\" \/>\n\t<meta property=\"og:image:width\" content=\"1000\" \/>\n\t<meta property=\"og:image:height\" content=\"1000\" \/>\n\t<meta property=\"og:image:type\" content=\"image\/jpeg\" \/>\n<meta name=\"twitter:card\" content=\"summary_large_image\" \/>\n<meta name=\"twitter:label1\" content=\"Price\" \/>\n\t<meta name=\"twitter:data1\" content=\"&euro;46.00\" \/>\n\t<meta name=\"twitter:label2\" content=\"Availability\" \/>\n\t<meta name=\"twitter:data2\" content=\"In stock\" \/>\n<script type=\"application\/ld+json\" class=\"yoast-schema-graph\">{\"@context\":\"https:\\\/\\\/schema.org\",\"@graph\":[{\"@type\":\"WebPage\",\"@id\":\"https:\\\/\\\/www.facecorner.lv\\\/shop\\\/medicube-pdrn-pink-caffeine-night-wrapping-mask\\\/\",\"url\":\"https:\\\/\\\/www.facecorner.lv\\\/shop\\\/medicube-pdrn-pink-caffeine-night-wrapping-mask\\\/\",\"name\":\"Medicube PDRN Pink Caffeine Night Wrapping Mask - FACECORNER\",\"isPartOf\":{\"@id\":\"https:\\\/\\\/www.facecorner.lv\\\/#website\"},\"primaryImageOfPage\":{\"@id\":\"https:\\\/\\\/www.facecorner.lv\\\/shop\\\/medicube-pdrn-pink-caffeine-night-wrapping-mask\\\/#primaryimage\"},\"image\":{\"@id\":\"https:\\\/\\\/www.facecorner.lv\\\/shop\\\/medicube-pdrn-pink-caffeine-night-wrapping-mask\\\/#primaryimage\"},\"thumbnailUrl\":\"https:\\\/\\\/www.facecorner.lv\\\/wp-content\\\/uploads\\\/2025\\\/08\\\/81IunZS-NWL._UF10001000_QL80_.jpg\",\"datePublished\":\"2025-08-12T11:57:01+00:00\",\"dateModified\":\"2026-02-27T22:37:03+00:00\",\"description\":\"Medicube PDRN Pink Caffeine Night Wrapping Mask atjauno \u0101du nakts laik\u0101 ar unik\u0101lu PDRN un kofe\u012bna mais\u012bjumu, uzlabojot \u0101das elast\u012bbu\",\"breadcrumb\":{\"@id\":\"https:\\\/\\\/www.facecorner.lv\\\/shop\\\/medicube-pdrn-pink-caffeine-night-wrapping-mask\\\/#breadcrumb\"},\"inLanguage\":\"en-US\",\"potentialAction\":[{\"@type\":\"ReadAction\",\"target\":[\"https:\\\/\\\/www.facecorner.lv\\\/shop\\\/medicube-pdrn-pink-caffeine-night-wrapping-mask\\\/\"]}]},{\"@type\":\"ImageObject\",\"inLanguage\":\"en-US\",\"@id\":\"https:\\\/\\\/www.facecorner.lv\\\/shop\\\/medicube-pdrn-pink-caffeine-night-wrapping-mask\\\/#primaryimage\",\"url\":\"https:\\\/\\\/www.facecorner.lv\\\/wp-content\\\/uploads\\\/2025\\\/08\\\/81IunZS-NWL._UF10001000_QL80_.jpg\",\"contentUrl\":\"https:\\\/\\\/www.facecorner.lv\\\/wp-content\\\/uploads\\\/2025\\\/08\\\/81IunZS-NWL._UF10001000_QL80_.jpg\",\"width\":1000,\"height\":1000,\"caption\":\"Medicube PDRN Pink Caffeine Night Wrapping Mask 75ml\"},{\"@type\":\"BreadcrumbList\",\"@id\":\"https:\\\/\\\/www.facecorner.lv\\\/shop\\\/medicube-pdrn-pink-caffeine-night-wrapping-mask\\\/#breadcrumb\",\"itemListElement\":[{\"@type\":\"ListItem\",\"position\":1,\"name\":\"Home\",\"item\":\"https:\\\/\\\/www.facecorner.lv\\\/\"},{\"@type\":\"ListItem\",\"position\":2,\"name\":\"Veikals\",\"item\":\"https:\\\/\\\/www.facecorner.lv\\\/shop\\\/\"},{\"@type\":\"ListItem\",\"position\":3,\"name\":\"Medicube PDRN Pink Caffeine Night Wrapping Mask\"}]},{\"@type\":\"WebSite\",\"@id\":\"https:\\\/\\\/www.facecorner.lv\\\/#website\",\"url\":\"https:\\\/\\\/www.facecorner.lv\\\/\",\"name\":\"Facecorner\",\"description\":\"\",\"publisher\":{\"@id\":\"https:\\\/\\\/www.facecorner.lv\\\/#organization\"},\"potentialAction\":[{\"@type\":\"SearchAction\",\"target\":{\"@type\":\"EntryPoint\",\"urlTemplate\":\"https:\\\/\\\/www.facecorner.lv\\\/?s={search_term_string}\"},\"query-input\":{\"@type\":\"PropertyValueSpecification\",\"valueRequired\":true,\"valueName\":\"search_term_string\"}}],\"inLanguage\":\"en-US\"},{\"@type\":\"Organization\",\"@id\":\"https:\\\/\\\/www.facecorner.lv\\\/#organization\",\"name\":\"Facecorner\",\"url\":\"https:\\\/\\\/www.facecorner.lv\\\/\",\"logo\":{\"@type\":\"ImageObject\",\"inLanguage\":\"en-US\",\"@id\":\"https:\\\/\\\/www.facecorner.lv\\\/#\\\/schema\\\/logo\\\/image\\\/\",\"url\":\"https:\\\/\\\/www.facecorner.lv\\\/wp-content\\\/uploads\\\/2024\\\/04\\\/fc-logo.jpg\",\"contentUrl\":\"https:\\\/\\\/www.facecorner.lv\\\/wp-content\\\/uploads\\\/2024\\\/04\\\/fc-logo.jpg\",\"width\":174,\"height\":28,\"caption\":\"Facecorner\"},\"image\":{\"@id\":\"https:\\\/\\\/www.facecorner.lv\\\/#\\\/schema\\\/logo\\\/image\\\/\"},\"sameAs\":[\"https:\\\/\\\/www.facebook.com\\\/profile.php?id=100063824551839\",\"https:\\\/\\\/www.instagram.com\\\/facecorner_shop\\\/\"]}]}<\/script>\n<meta property=\"product:price:amount\" content=\"46.00\" \/>\n<meta property=\"product:price:currency\" content=\"EUR\" \/>\n<meta property=\"og:availability\" content=\"instock\" \/>\n<meta property=\"product:availability\" content=\"instock\" \/>\n<meta property=\"product:condition\" content=\"new\" \/>\n<!-- \/ Yoast SEO plugin. -->","yoast_head_json":{"title":"Medicube PDRN Pink Caffeine Night Wrapping Mask - FACECORNER","description":"Medicube PDRN Pink Caffeine Night Wrapping Mask atjauno \u0101du nakts laik\u0101 ar unik\u0101lu PDRN un kofe\u012bna mais\u012bjumu, uzlabojot \u0101das elast\u012bbu","robots":{"index":"index","follow":"follow","max-snippet":"max-snippet:-1","max-image-preview":"max-image-preview:large","max-video-preview":"max-video-preview:-1"},"canonical":"https:\/\/www.facecorner.lv\/en\/shop\/medicube-pdrn-pink-caffeine-night-wrapping-mask\/","og_locale":"en_US","og_type":"article","og_title":"Medicube PDRN Pink Caffeine Night Wrapping Mask - FACECORNER","og_description":"Medicube PDRN Pink Caffeine Night Wrapping Mask atjauno \u0101du nakts laik\u0101 ar unik\u0101lu PDRN un kofe\u012bna mais\u012bjumu, uzlabojot \u0101das elast\u012bbu","og_url":"https:\/\/www.facecorner.lv\/en\/shop\/medicube-pdrn-pink-caffeine-night-wrapping-mask\/","og_site_name":"FACECORNER","article_publisher":"https:\/\/www.facebook.com\/profile.php?id=100063824551839","article_modified_time":"2026-02-27T22:37:03+00:00","og_image":[{"width":1000,"height":1000,"url":"https:\/\/www.facecorner.lv\/wp-content\/uploads\/2025\/08\/81IunZS-NWL._UF10001000_QL80_.jpg","type":"image\/jpeg"}],"twitter_card":"summary_large_image","twitter_misc":{"Price":"&euro;46.00","Availability":"In stock"},"schema":{"@context":"https:\/\/schema.org","@graph":[{"@type":"WebPage","@id":"https:\/\/www.facecorner.lv\/shop\/medicube-pdrn-pink-caffeine-night-wrapping-mask\/","url":"https:\/\/www.facecorner.lv\/shop\/medicube-pdrn-pink-caffeine-night-wrapping-mask\/","name":"Medicube PDRN Pink Caffeine Night Wrapping Mask - FACECORNER","isPartOf":{"@id":"https:\/\/www.facecorner.lv\/#website"},"primaryImageOfPage":{"@id":"https:\/\/www.facecorner.lv\/shop\/medicube-pdrn-pink-caffeine-night-wrapping-mask\/#primaryimage"},"image":{"@id":"https:\/\/www.facecorner.lv\/shop\/medicube-pdrn-pink-caffeine-night-wrapping-mask\/#primaryimage"},"thumbnailUrl":"https:\/\/www.facecorner.lv\/wp-content\/uploads\/2025\/08\/81IunZS-NWL._UF10001000_QL80_.jpg","datePublished":"2025-08-12T11:57:01+00:00","dateModified":"2026-02-27T22:37:03+00:00","description":"Medicube PDRN Pink Caffeine Night Wrapping Mask atjauno \u0101du nakts laik\u0101 ar unik\u0101lu PDRN un kofe\u012bna mais\u012bjumu, uzlabojot \u0101das elast\u012bbu","breadcrumb":{"@id":"https:\/\/www.facecorner.lv\/shop\/medicube-pdrn-pink-caffeine-night-wrapping-mask\/#breadcrumb"},"inLanguage":"en-US","potentialAction":[{"@type":"ReadAction","target":["https:\/\/www.facecorner.lv\/shop\/medicube-pdrn-pink-caffeine-night-wrapping-mask\/"]}]},{"@type":"ImageObject","inLanguage":"en-US","@id":"https:\/\/www.facecorner.lv\/shop\/medicube-pdrn-pink-caffeine-night-wrapping-mask\/#primaryimage","url":"https:\/\/www.facecorner.lv\/wp-content\/uploads\/2025\/08\/81IunZS-NWL._UF10001000_QL80_.jpg","contentUrl":"https:\/\/www.facecorner.lv\/wp-content\/uploads\/2025\/08\/81IunZS-NWL._UF10001000_QL80_.jpg","width":1000,"height":1000,"caption":"Medicube PDRN Pink Caffeine Night Wrapping Mask 75ml"},{"@type":"BreadcrumbList","@id":"https:\/\/www.facecorner.lv\/shop\/medicube-pdrn-pink-caffeine-night-wrapping-mask\/#breadcrumb","itemListElement":[{"@type":"ListItem","position":1,"name":"Home","item":"https:\/\/www.facecorner.lv\/"},{"@type":"ListItem","position":2,"name":"Veikals","item":"https:\/\/www.facecorner.lv\/shop\/"},{"@type":"ListItem","position":3,"name":"Medicube PDRN Pink Caffeine Night Wrapping Mask"}]},{"@type":"WebSite","@id":"https:\/\/www.facecorner.lv\/#website","url":"https:\/\/www.facecorner.lv\/","name":"Facecorner","description":"","publisher":{"@id":"https:\/\/www.facecorner.lv\/#organization"},"potentialAction":[{"@type":"SearchAction","target":{"@type":"EntryPoint","urlTemplate":"https:\/\/www.facecorner.lv\/?s={search_term_string}"},"query-input":{"@type":"PropertyValueSpecification","valueRequired":true,"valueName":"search_term_string"}}],"inLanguage":"en-US"},{"@type":"Organization","@id":"https:\/\/www.facecorner.lv\/#organization","name":"Facecorner","url":"https:\/\/www.facecorner.lv\/","logo":{"@type":"ImageObject","inLanguage":"en-US","@id":"https:\/\/www.facecorner.lv\/#\/schema\/logo\/image\/","url":"https:\/\/www.facecorner.lv\/wp-content\/uploads\/2024\/04\/fc-logo.jpg","contentUrl":"https:\/\/www.facecorner.lv\/wp-content\/uploads\/2024\/04\/fc-logo.jpg","width":174,"height":28,"caption":"Facecorner"},"image":{"@id":"https:\/\/www.facecorner.lv\/#\/schema\/logo\/image\/"},"sameAs":["https:\/\/www.facebook.com\/profile.php?id=100063824551839","https:\/\/www.instagram.com\/facecorner_shop\/"]}]},"product_price_amount":"46.00","product_price_currency":"EUR","og_availability":"instock","product_availability":"instock","product_condition":"new"},"_links":{"self":[{"href":"https:\/\/www.facecorner.lv\/en\/wp-json\/wp\/v2\/product\/24979","targetHints":{"allow":["GET"]}}],"collection":[{"href":"https:\/\/www.facecorner.lv\/en\/wp-json\/wp\/v2\/product"}],"about":[{"href":"https:\/\/www.facecorner.lv\/en\/wp-json\/wp\/v2\/types\/product"}],"replies":[{"embeddable":true,"href":"https:\/\/www.facecorner.lv\/en\/wp-json\/wp\/v2\/comments?post=24979"}],"wp:featuredmedia":[{"embeddable":true,"href":"https:\/\/www.facecorner.lv\/en\/wp-json\/wp\/v2\/media\/24980"}],"wp:attachment":[{"href":"https:\/\/www.facecorner.lv\/en\/wp-json\/wp\/v2\/media?parent=24979"}],"wp:term":[{"taxonomy":"product_brand","embeddable":true,"href":"https:\/\/www.facecorner.lv\/en\/wp-json\/wp\/v2\/product_brand?post=24979"},{"taxonomy":"product_cat","embeddable":true,"href":"https:\/\/www.facecorner.lv\/en\/wp-json\/wp\/v2\/product_cat?post=24979"},{"taxonomy":"product_tag","embeddable":true,"href":"https:\/\/www.facecorner.lv\/en\/wp-json\/wp\/v2\/product_tag?post=24979"},{"taxonomy":"berocket_brand","embeddable":true,"href":"https:\/\/www.facecorner.lv\/en\/wp-json\/wp\/v2\/berocket_brand?post=24979"}],"curies":[{"name":"wp","href":"https:\/\/api.w.org\/{rel}","templated":true}]}}