{"id":24975,"date":"2025-08-11T16:04:54","date_gmt":"2025-08-11T13:04:54","guid":{"rendered":"https:\/\/www.facecorner.lv\/?post_type=product&#038;p=24975"},"modified":"2025-08-22T15:02:25","modified_gmt":"2025-08-22T12:02:25","slug":"acropass-retinol-microcone-patch-slim-type-3sets","status":"publish","type":"product","link":"https:\/\/www.facecorner.lv\/en\/shop\/acropass-retinol-microcone-patch-slim-type-3sets\/","title":{"rendered":"Acropass Retinol Microcone Patch Slim Type 3sets"},"content":{"rendered":"<p>Acropass Retinol Microcone Patch Slim Type aizraujo\u0161i testa rezult\u0101ti apstiprin\u0101ja: grumbu redzam\u012bba samazin\u0101j\u0101s par 23 % jau p\u0113c vienas lieto\u0161anas reizes.<\/p>\n<p><strong>Galven\u0101s \u012bpa\u0161\u012bbas:<\/strong><\/p>\n<ul>\n<li>Pretnoveco\u0161an\u0101s sast\u0101vda\u013cas: pl\u0101ksteris ir bag\u0101tin\u0101ts ar t\u0101diem sast\u0101vda\u013c\u0101m k\u0101 retinols, hialuronsk\u0101be, askorb\u012bna glikoz\u012bds un acetiloktapept\u012bds-3, kas ir paz\u012bstami ar savu sp\u0113ju c\u012bn\u012bties pret noveco\u0161an\u0101s paz\u012bm\u0113m un stimul\u0113t kolag\u0113na ra\u017eo\u0161anu, lai \u0101da b\u016btu elast\u012bg\u0101ka.<\/li>\n<li>Mikroadatu tehnolo\u0123ija: pl\u0101kster\u012b izmantotas mikroadatas, kas saskaroties ar \u0101du iz\u0161\u0137\u012bst, veicinot akt\u012bvo sast\u0101vda\u013cu dzi\u013cu iek\u013c\u016b\u0161anu \u0101das virs\u0113j\u0101 sl\u0101n\u012b, lai sasniegtu \u0101tru un efekt\u012bvu rezult\u0101tu.<\/li>\n<li>Redzama dzi\u013co grumbu samazin\u0101\u0161an\u0101s: Tas ir \u012bpa\u0161i izstr\u0101d\u0101ts, lai samazin\u0101tu dzi\u013c\u0101s grumbas, un testi ir par\u0101d\u012bju\u0161i 23 % uzlabojumu p\u0113c vienas lieto\u0161anas reizes, kas liecina par iev\u0113rojamu efektivit\u0101ti.<\/li>\n<li>\u0100das elast\u012bbas atjauno\u0161ana: Papildus c\u012b\u0146ai ar grumb\u0101m, \u0161is pl\u0101ksteris pal\u012bdz atjaunot \u0101das elast\u012bbu un nodro\u0161ina liftinga efektu.<\/li>\n<\/ul>\n<p><strong>It is a total care mask that tightens the skin.<\/strong><\/p>\n<ul>\n<li>Retinols: tas ir A vitam\u012bna atvasin\u0101jums, kas paz\u012bstams ar savu sp\u0113ju stimul\u0113t \u0161\u016bnu re\u0123ener\u0101ciju, samazin\u0101t grumbu redzam\u012bbu un uzlabot \u0101das tekst\u016bru.<\/li>\n<li>Hialuronsk\u0101be: sp\u0113c\u012bgs mitrino\u0161s komponents, kas sp\u0113j piesaist\u012bt un notur\u0113t mitrumu \u0101d\u0101, pal\u012bdzot to dzi\u013ci mitrin\u0101t un saglab\u0101t t\u0101s elast\u012bbu.<\/li>\n<\/ul>\n<p><strong>How to use:\nAfter cleansing and toning, place the mask sheet on your face and let it rest for 30 minutes.<\/strong><\/p>\n<p>Uzkl\u0101jiet pl\u0101ksteru uz problem\u0101tiskaj\u0101m viet\u0101m. No\u0146emiet pl\u0101kstera aizsargpl\u0113vi, nepieskaroties mikroadati\u0146\u0101m. Uzkl\u0101jiet uz t\u012bras, sausas \u0101das, piespiediet, lai tas lab\u0101k pieliptu.<\/p>\n<p>Atst\u0101jiet uz 2 stund\u0101m, p\u0113c tam izmantojiet esenci un kr\u0113mu.<br \/>\nLai sasniegtu optim\u0101lus rezult\u0101tus, ieteicams lietot 3-4 reizes ned\u0113\u013c\u0101.<\/p>\n<p><strong>Sast\u0101vs<\/strong>: Sodium Hyaluronate, Sucrose, Ascorbyl Glucoside, Cyclodextrin, Purified Water, Glycine Soja Oil, Sodium Hydroxide, Propylene Glycol, Allantoin, Polysorbate 80, Retinol(3,300IU\/g), Panthenol, Acetyl Octapeptide-3, Capsicum Frutescens Fruit Extract, Arginine\/Lysine Polypeptide, BHT<\/p>","protected":false},"excerpt":{"rendered":"<p>Acropass Retinol Microcone Patch Slim Type aizraujo\u0161i testa rezult\u0101ti apstiprin\u0101ja: grumbu redzam\u012bba samazin\u0101j\u0101s par 23 % jau p\u0113c vienas lieto\u0161anas reizes.<\/p>","protected":false},"featured_media":24976,"comment_status":"open","ping_status":"closed","template":"","meta":{"site-sidebar-layout":"default","site-content-layout":"","ast-site-content-layout":"default","site-content-style":"default","site-sidebar-style":"default","ast-global-header-display":"","ast-banner-title-visibility":"","ast-main-header-display":"","ast-hfb-above-header-display":"","ast-hfb-below-header-display":"","ast-hfb-mobile-header-display":"","site-post-title":"","ast-breadcrumbs-content":"","ast-featured-img":"","footer-sml-layout":"","theme-transparent-header-meta":"default","adv-header-id-meta":"","stick-header-meta":"","header-above-stick-meta":"","header-main-stick-meta":"","header-below-stick-meta":"","astra-migrate-meta-layouts":"set","ast-page-background-enabled":"default","ast-page-background-meta":{"desktop":{"background-color":"var(--ast-global-color-4)","background-image":"","background-repeat":"repeat","background-position":"center center","background-size":"auto","background-attachment":"scroll","background-type":"","background-media":"","overlay-type":"","overlay-color":"","overlay-opacity":"","overlay-gradient":""},"tablet":{"background-color":"","background-image":"","background-repeat":"repeat","background-position":"center center","background-size":"auto","background-attachment":"scroll","background-type":"","background-media":"","overlay-type":"","overlay-color":"","overlay-opacity":"","overlay-gradient":""},"mobile":{"background-color":"","background-image":"","background-repeat":"repeat","background-position":"center center","background-size":"auto","background-attachment":"scroll","background-type":"","background-media":"","overlay-type":"","overlay-color":"","overlay-opacity":"","overlay-gradient":""}},"ast-content-background-meta":{"desktop":{"background-color":"var(--ast-global-color-5)","background-image":"","background-repeat":"repeat","background-position":"center center","background-size":"auto","background-attachment":"scroll","background-type":"","background-media":"","overlay-type":"","overlay-color":"","overlay-opacity":"","overlay-gradient":""},"tablet":{"background-color":"var(--ast-global-color-5)","background-image":"","background-repeat":"repeat","background-position":"center center","background-size":"auto","background-attachment":"scroll","background-type":"","background-media":"","overlay-type":"","overlay-color":"","overlay-opacity":"","overlay-gradient":""},"mobile":{"background-color":"var(--ast-global-color-5)","background-image":"","background-repeat":"repeat","background-position":"center center","background-size":"auto","background-attachment":"scroll","background-type":"","background-media":"","overlay-type":"","overlay-color":"","overlay-opacity":"","overlay-gradient":""}}},"product_brand":[],"product_cat":[327],"product_tag":[],"berocket_brand":[],"class_list":{"0":"post-24975","1":"product","2":"type-product","3":"status-publish","4":"has-post-thumbnail","6":"product_cat-patci","7":"desktop-align-left","8":"tablet-align-left","9":"mobile-align-left","11":"first","12":"outofstock","13":"taxable","14":"shipping-taxable","15":"purchasable","16":"product-type-simple","17":"add-to-wishlist-before_image"},"yoast_head":"<!-- This site is optimized with the Yoast SEO plugin v27.4 - https:\/\/yoast.com\/product\/yoast-seo-wordpress\/ -->\n<title>Acropass Retinol Microcone Patch Slim Type 3sets - FACECORNER<\/title>\n<meta name=\"description\" content=\"Acropass Retinol Microcone Patch Slim Type aizraujo\u0161i testa rezult\u0101ti apstiprin\u0101ja: grumbu redzam\u012bba samazin\u0101j\u0101s par 23 % jau p\u0113c vienas lieto\u0161anas reizes.\" \/>\n<meta name=\"robots\" content=\"index, follow, max-snippet:-1, max-image-preview:large, max-video-preview:-1\" \/>\n<link rel=\"canonical\" href=\"https:\/\/www.facecorner.lv\/en\/shop\/acropass-retinol-microcone-patch-slim-type-3sets\/\" \/>\n<meta property=\"og:locale\" content=\"en_US\" \/>\n<meta property=\"og:type\" content=\"article\" \/>\n<meta property=\"og:title\" content=\"Acropass Retinol Microcone Patch Slim Type 3sets - FACECORNER\" \/>\n<meta property=\"og:description\" content=\"Acropass Retinol Microcone Patch Slim Type aizraujo\u0161i testa rezult\u0101ti apstiprin\u0101ja: grumbu redzam\u012bba samazin\u0101j\u0101s par 23 % jau p\u0113c vienas lieto\u0161anas reizes.\" \/>\n<meta property=\"og:url\" content=\"https:\/\/www.facecorner.lv\/en\/shop\/acropass-retinol-microcone-patch-slim-type-3sets\/\" \/>\n<meta property=\"og:site_name\" content=\"FACECORNER\" \/>\n<meta property=\"article:publisher\" content=\"https:\/\/www.facebook.com\/profile.php?id=100063824551839\" \/>\n<meta property=\"article:modified_time\" content=\"2025-08-22T12:02:25+00:00\" \/>\n<meta property=\"og:image\" content=\"https:\/\/www.facecorner.lv\/wp-content\/uploads\/2025\/08\/ACROPASS-Retinol-Microcone-Patch-3pouches_01.jpg\" \/>\n\t<meta property=\"og:image:width\" content=\"780\" \/>\n\t<meta property=\"og:image:height\" content=\"780\" \/>\n\t<meta property=\"og:image:type\" content=\"image\/jpeg\" \/>\n<meta name=\"twitter:card\" content=\"summary_large_image\" \/>\n<meta name=\"twitter:label1\" content=\"Price\" \/>\n\t<meta name=\"twitter:data1\" content=\"&euro;26.50\" \/>\n\t<meta name=\"twitter:label2\" content=\"Availability\" \/>\n\t<meta name=\"twitter:data2\" content=\"Out of stock\" \/>\n<script type=\"application\/ld+json\" class=\"yoast-schema-graph\">{\"@context\":\"https:\\\/\\\/schema.org\",\"@graph\":[{\"@type\":\"WebPage\",\"@id\":\"https:\\\/\\\/www.facecorner.lv\\\/shop\\\/acropass-retinol-microcone-patch-slim-type-3sets\\\/\",\"url\":\"https:\\\/\\\/www.facecorner.lv\\\/shop\\\/acropass-retinol-microcone-patch-slim-type-3sets\\\/\",\"name\":\"Acropass Retinol Microcone Patch Slim Type 3sets - FACECORNER\",\"isPartOf\":{\"@id\":\"https:\\\/\\\/www.facecorner.lv\\\/#website\"},\"primaryImageOfPage\":{\"@id\":\"https:\\\/\\\/www.facecorner.lv\\\/shop\\\/acropass-retinol-microcone-patch-slim-type-3sets\\\/#primaryimage\"},\"image\":{\"@id\":\"https:\\\/\\\/www.facecorner.lv\\\/shop\\\/acropass-retinol-microcone-patch-slim-type-3sets\\\/#primaryimage\"},\"thumbnailUrl\":\"https:\\\/\\\/www.facecorner.lv\\\/wp-content\\\/uploads\\\/2025\\\/08\\\/ACROPASS-Retinol-Microcone-Patch-3pouches_01.jpg\",\"datePublished\":\"2025-08-11T13:04:54+00:00\",\"dateModified\":\"2025-08-22T12:02:25+00:00\",\"description\":\"Acropass Retinol Microcone Patch Slim Type aizraujo\u0161i testa rezult\u0101ti apstiprin\u0101ja: grumbu redzam\u012bba samazin\u0101j\u0101s par 23 % jau p\u0113c vienas lieto\u0161anas reizes.\",\"breadcrumb\":{\"@id\":\"https:\\\/\\\/www.facecorner.lv\\\/shop\\\/acropass-retinol-microcone-patch-slim-type-3sets\\\/#breadcrumb\"},\"inLanguage\":\"en-US\",\"potentialAction\":[{\"@type\":\"ReadAction\",\"target\":[\"https:\\\/\\\/www.facecorner.lv\\\/shop\\\/acropass-retinol-microcone-patch-slim-type-3sets\\\/\"]}]},{\"@type\":\"ImageObject\",\"inLanguage\":\"en-US\",\"@id\":\"https:\\\/\\\/www.facecorner.lv\\\/shop\\\/acropass-retinol-microcone-patch-slim-type-3sets\\\/#primaryimage\",\"url\":\"https:\\\/\\\/www.facecorner.lv\\\/wp-content\\\/uploads\\\/2025\\\/08\\\/ACROPASS-Retinol-Microcone-Patch-3pouches_01.jpg\",\"contentUrl\":\"https:\\\/\\\/www.facecorner.lv\\\/wp-content\\\/uploads\\\/2025\\\/08\\\/ACROPASS-Retinol-Microcone-Patch-3pouches_01.jpg\",\"width\":780,\"height\":780,\"caption\":\"Acropass Retinol Microcone Patch Slim Type\"},{\"@type\":\"BreadcrumbList\",\"@id\":\"https:\\\/\\\/www.facecorner.lv\\\/shop\\\/acropass-retinol-microcone-patch-slim-type-3sets\\\/#breadcrumb\",\"itemListElement\":[{\"@type\":\"ListItem\",\"position\":1,\"name\":\"Home\",\"item\":\"https:\\\/\\\/www.facecorner.lv\\\/\"},{\"@type\":\"ListItem\",\"position\":2,\"name\":\"Veikals\",\"item\":\"https:\\\/\\\/www.facecorner.lv\\\/shop\\\/\"},{\"@type\":\"ListItem\",\"position\":3,\"name\":\"Acropass Retinol Microcone Patch Slim Type 3sets\"}]},{\"@type\":\"WebSite\",\"@id\":\"https:\\\/\\\/www.facecorner.lv\\\/#website\",\"url\":\"https:\\\/\\\/www.facecorner.lv\\\/\",\"name\":\"Facecorner\",\"description\":\"\",\"publisher\":{\"@id\":\"https:\\\/\\\/www.facecorner.lv\\\/#organization\"},\"potentialAction\":[{\"@type\":\"SearchAction\",\"target\":{\"@type\":\"EntryPoint\",\"urlTemplate\":\"https:\\\/\\\/www.facecorner.lv\\\/?s={search_term_string}\"},\"query-input\":{\"@type\":\"PropertyValueSpecification\",\"valueRequired\":true,\"valueName\":\"search_term_string\"}}],\"inLanguage\":\"en-US\"},{\"@type\":\"Organization\",\"@id\":\"https:\\\/\\\/www.facecorner.lv\\\/#organization\",\"name\":\"Facecorner\",\"url\":\"https:\\\/\\\/www.facecorner.lv\\\/\",\"logo\":{\"@type\":\"ImageObject\",\"inLanguage\":\"en-US\",\"@id\":\"https:\\\/\\\/www.facecorner.lv\\\/#\\\/schema\\\/logo\\\/image\\\/\",\"url\":\"https:\\\/\\\/www.facecorner.lv\\\/wp-content\\\/uploads\\\/2024\\\/04\\\/fc-logo.jpg\",\"contentUrl\":\"https:\\\/\\\/www.facecorner.lv\\\/wp-content\\\/uploads\\\/2024\\\/04\\\/fc-logo.jpg\",\"width\":174,\"height\":28,\"caption\":\"Facecorner\"},\"image\":{\"@id\":\"https:\\\/\\\/www.facecorner.lv\\\/#\\\/schema\\\/logo\\\/image\\\/\"},\"sameAs\":[\"https:\\\/\\\/www.facebook.com\\\/profile.php?id=100063824551839\",\"https:\\\/\\\/www.instagram.com\\\/facecorner_shop\\\/\"]}]}<\/script>\n<meta property=\"product:price:amount\" content=\"26.50\" \/>\n<meta property=\"product:price:currency\" content=\"EUR\" \/>\n<meta property=\"og:availability\" content=\"out of stock\" \/>\n<meta property=\"product:availability\" content=\"out of stock\" \/>\n<meta property=\"product:condition\" content=\"new\" \/>\n<!-- \/ Yoast SEO plugin. -->","yoast_head_json":{"title":"Acropass Retinol Microcone Patch Slim Type 3sets - FACECORNER","description":"Acropass Retinol Microcone Patch Slim Type aizraujo\u0161i testa rezult\u0101ti apstiprin\u0101ja: grumbu redzam\u012bba samazin\u0101j\u0101s par 23 % jau p\u0113c vienas lieto\u0161anas reizes.","robots":{"index":"index","follow":"follow","max-snippet":"max-snippet:-1","max-image-preview":"max-image-preview:large","max-video-preview":"max-video-preview:-1"},"canonical":"https:\/\/www.facecorner.lv\/en\/shop\/acropass-retinol-microcone-patch-slim-type-3sets\/","og_locale":"en_US","og_type":"article","og_title":"Acropass Retinol Microcone Patch Slim Type 3sets - FACECORNER","og_description":"Acropass Retinol Microcone Patch Slim Type aizraujo\u0161i testa rezult\u0101ti apstiprin\u0101ja: grumbu redzam\u012bba samazin\u0101j\u0101s par 23 % jau p\u0113c vienas lieto\u0161anas reizes.","og_url":"https:\/\/www.facecorner.lv\/en\/shop\/acropass-retinol-microcone-patch-slim-type-3sets\/","og_site_name":"FACECORNER","article_publisher":"https:\/\/www.facebook.com\/profile.php?id=100063824551839","article_modified_time":"2025-08-22T12:02:25+00:00","og_image":[{"width":780,"height":780,"url":"https:\/\/www.facecorner.lv\/wp-content\/uploads\/2025\/08\/ACROPASS-Retinol-Microcone-Patch-3pouches_01.jpg","type":"image\/jpeg"}],"twitter_card":"summary_large_image","twitter_misc":{"Price":"&euro;26.50","Availability":"Out of stock"},"schema":{"@context":"https:\/\/schema.org","@graph":[{"@type":"WebPage","@id":"https:\/\/www.facecorner.lv\/shop\/acropass-retinol-microcone-patch-slim-type-3sets\/","url":"https:\/\/www.facecorner.lv\/shop\/acropass-retinol-microcone-patch-slim-type-3sets\/","name":"Acropass Retinol Microcone Patch Slim Type 3sets - FACECORNER","isPartOf":{"@id":"https:\/\/www.facecorner.lv\/#website"},"primaryImageOfPage":{"@id":"https:\/\/www.facecorner.lv\/shop\/acropass-retinol-microcone-patch-slim-type-3sets\/#primaryimage"},"image":{"@id":"https:\/\/www.facecorner.lv\/shop\/acropass-retinol-microcone-patch-slim-type-3sets\/#primaryimage"},"thumbnailUrl":"https:\/\/www.facecorner.lv\/wp-content\/uploads\/2025\/08\/ACROPASS-Retinol-Microcone-Patch-3pouches_01.jpg","datePublished":"2025-08-11T13:04:54+00:00","dateModified":"2025-08-22T12:02:25+00:00","description":"Acropass Retinol Microcone Patch Slim Type aizraujo\u0161i testa rezult\u0101ti apstiprin\u0101ja: grumbu redzam\u012bba samazin\u0101j\u0101s par 23 % jau p\u0113c vienas lieto\u0161anas reizes.","breadcrumb":{"@id":"https:\/\/www.facecorner.lv\/shop\/acropass-retinol-microcone-patch-slim-type-3sets\/#breadcrumb"},"inLanguage":"en-US","potentialAction":[{"@type":"ReadAction","target":["https:\/\/www.facecorner.lv\/shop\/acropass-retinol-microcone-patch-slim-type-3sets\/"]}]},{"@type":"ImageObject","inLanguage":"en-US","@id":"https:\/\/www.facecorner.lv\/shop\/acropass-retinol-microcone-patch-slim-type-3sets\/#primaryimage","url":"https:\/\/www.facecorner.lv\/wp-content\/uploads\/2025\/08\/ACROPASS-Retinol-Microcone-Patch-3pouches_01.jpg","contentUrl":"https:\/\/www.facecorner.lv\/wp-content\/uploads\/2025\/08\/ACROPASS-Retinol-Microcone-Patch-3pouches_01.jpg","width":780,"height":780,"caption":"Acropass Retinol Microcone Patch Slim Type"},{"@type":"BreadcrumbList","@id":"https:\/\/www.facecorner.lv\/shop\/acropass-retinol-microcone-patch-slim-type-3sets\/#breadcrumb","itemListElement":[{"@type":"ListItem","position":1,"name":"Home","item":"https:\/\/www.facecorner.lv\/"},{"@type":"ListItem","position":2,"name":"Veikals","item":"https:\/\/www.facecorner.lv\/shop\/"},{"@type":"ListItem","position":3,"name":"Acropass Retinol Microcone Patch Slim Type 3sets"}]},{"@type":"WebSite","@id":"https:\/\/www.facecorner.lv\/#website","url":"https:\/\/www.facecorner.lv\/","name":"Facecorner","description":"","publisher":{"@id":"https:\/\/www.facecorner.lv\/#organization"},"potentialAction":[{"@type":"SearchAction","target":{"@type":"EntryPoint","urlTemplate":"https:\/\/www.facecorner.lv\/?s={search_term_string}"},"query-input":{"@type":"PropertyValueSpecification","valueRequired":true,"valueName":"search_term_string"}}],"inLanguage":"en-US"},{"@type":"Organization","@id":"https:\/\/www.facecorner.lv\/#organization","name":"Facecorner","url":"https:\/\/www.facecorner.lv\/","logo":{"@type":"ImageObject","inLanguage":"en-US","@id":"https:\/\/www.facecorner.lv\/#\/schema\/logo\/image\/","url":"https:\/\/www.facecorner.lv\/wp-content\/uploads\/2024\/04\/fc-logo.jpg","contentUrl":"https:\/\/www.facecorner.lv\/wp-content\/uploads\/2024\/04\/fc-logo.jpg","width":174,"height":28,"caption":"Facecorner"},"image":{"@id":"https:\/\/www.facecorner.lv\/#\/schema\/logo\/image\/"},"sameAs":["https:\/\/www.facebook.com\/profile.php?id=100063824551839","https:\/\/www.instagram.com\/facecorner_shop\/"]}]},"product_price_amount":"26.50","product_price_currency":"EUR","og_availability":"out of stock","product_availability":"out of stock","product_condition":"new"},"_links":{"self":[{"href":"https:\/\/www.facecorner.lv\/en\/wp-json\/wp\/v2\/product\/24975","targetHints":{"allow":["GET"]}}],"collection":[{"href":"https:\/\/www.facecorner.lv\/en\/wp-json\/wp\/v2\/product"}],"about":[{"href":"https:\/\/www.facecorner.lv\/en\/wp-json\/wp\/v2\/types\/product"}],"replies":[{"embeddable":true,"href":"https:\/\/www.facecorner.lv\/en\/wp-json\/wp\/v2\/comments?post=24975"}],"wp:featuredmedia":[{"embeddable":true,"href":"https:\/\/www.facecorner.lv\/en\/wp-json\/wp\/v2\/media\/24976"}],"wp:attachment":[{"href":"https:\/\/www.facecorner.lv\/en\/wp-json\/wp\/v2\/media?parent=24975"}],"wp:term":[{"taxonomy":"product_brand","embeddable":true,"href":"https:\/\/www.facecorner.lv\/en\/wp-json\/wp\/v2\/product_brand?post=24975"},{"taxonomy":"product_cat","embeddable":true,"href":"https:\/\/www.facecorner.lv\/en\/wp-json\/wp\/v2\/product_cat?post=24975"},{"taxonomy":"product_tag","embeddable":true,"href":"https:\/\/www.facecorner.lv\/en\/wp-json\/wp\/v2\/product_tag?post=24975"},{"taxonomy":"berocket_brand","embeddable":true,"href":"https:\/\/www.facecorner.lv\/en\/wp-json\/wp\/v2\/berocket_brand?post=24975"}],"curies":[{"name":"wp","href":"https:\/\/api.w.org\/{rel}","templated":true}]}}