{"id":24905,"date":"2025-07-28T21:39:27","date_gmt":"2025-07-28T18:39:27","guid":{"rendered":"https:\/\/www.facecorner.lv\/?post_type=product&#038;p=24905"},"modified":"2026-05-05T13:08:30","modified_gmt":"2026-05-05T10:08:30","slug":"numbuzin-no-9-eye-patches-5-pairs","status":"publish","type":"product","link":"https:\/\/www.facecorner.lv\/en\/shop\/numbuzin-no-9-eye-patches-5-pairs\/","title":{"rendered":"numbuzin No.9 Eye Patches 5 pairs"},"content":{"rendered":"<p>numbuzin No.9 Eye Patches Kolag\u0113na pat\u010di ac\u012bm, kas iev\u0113rojami nostiepina nok\u0101ru\u0161o \u0101du zem ac\u012bm un palielina t\u0101s elast\u012bbu.<\/p>\n<ul>\n<li>\u00a0Sniedz t\u016bl\u012bt\u0113ju dzes\u0113jo\u0161u efektu, samazinot piet\u016bkumu un pal\u012bdzot izgaismot tum\u0161os lokus zem ac\u012bm, padarot \u0101du zem ac\u012bm elast\u012bg\u0101ku un nostiepta.<\/li>\n<li>Elast\u012bgi, bl\u012bvi pl\u0101ksteri saglab\u0101 mitrumu pat nakts laik\u0101, nodro\u0161inot intens\u012bvu kop\u0161anu.<\/li>\n<\/ul>\n<p>Sast\u0101v\u0101 ir \u0101tri uzs\u016bco\u0161s zivju kolag\u0113ns ar zemu molekul\u0101ro svaru, kas uzlabo \u0101das elast\u012bbu un stingr\u012bbu, bet kofe\u012bns un atv\u0113sino\u0161as sast\u0101vda\u013cas pal\u012bdz samazin\u0101t piet\u016bkumu un atsvaidzin\u0101t zonu zem ac\u012bm.<\/p>\n<p>Niac\u012bnam\u012bds izgaismo tum\u0161os lokus un atjauno visu acu zonu, atgrie\u017eot tai vitalit\u0101ti un mirdzumu. NAD+, sp\u0113c\u012bga pretnoveco\u0161an\u0101s sast\u0101vda\u013ca, atbalsta kolag\u0113na ra\u017eo\u0161anu un \u0101das atjauno\u0161anos, bet 50 veidu pept\u012bdi redzami piepilda un nostiprina \u0101du.<\/p>\n<p><strong>Sast\u0101vs:<\/strong> <span style=\"font-size: 16px;\">Water, Glycerin, Butylene Glycol, Niacinamide, Chondrus Crispus Extract, 1,2-Hexanediol, Chondrus Crispus, Hydroxyacetophenone, Ceratonia Siliqua (Carob) Gum, Agar, Allantoin, Sucrose, Ultramarines, Ethylhexylglycerin, Adenosine, Dipotassium Glycyrrhizate, Maltodextrin, Potassium Chloride, Polyglyceryl-10 Laurate, Polyglyceryl-10 Myristate, Benzophenone-4, Titanium Dioxide, Calcium Aluminum Borosilicate, Caffeine, Sodium Citrate, Calcium Titanium Borosilicate, Synthetic Fluorphlogopite, Dipropylene Glycol, Methyl Diisopropyl Propionamide, Sodium Hyaluronate, Carmine, Tin Oxide, Hydrolyzed Collagen, Propanediol, Ferric Ferrocyanide, Hyaluronic Acid, Hydrolyzed Hyaluronic Acid, Ascorbic Acid, Polyglyceryl-6 Laurate, Caprylic\/Capric Triglyceride, Hydrogenated Lecithin, Adenosine Triphosphate, Nicotinamide Adenine Dinucleotide, Resveratrol, sh-Octapeptide-4, sh-Decapeptide-7, Acetyl Hexapeptide-8, Glutathione, Oligopeptide-29, Oligopeptide-32, Palmitoyl Pentapeptide-4, Palmitoyl Tripeptide-1, Acetyl Tetrapeptide-5, Acetyl Tetrapeptide-9, Acetyl Tetrapeptide-2, Acetyl Octapeptide-3, Acetyl Hexapeptide-1, Alanine\/Histidine\/Lysine Polypeptide Copper HCl, Acetyl Dipeptide-1 Cetyl Ester, Acetyl sh-Pentapeptide-1, Biotinoyl Tripeptide-1, Copper Tripeptide-1, Dipeptide-4, Hexapeptide-9, Hexapeptide-11, Hexapeptide-12, Myristoyl Pentapeptide-17, Myristoyl Hexapeptide-16, Myristoyl Pentapeptide-4, Nonapeptide-1, Nicotinoyl Tripeptide-1, Nonapeptide-7, Nicotinoyl Tripeptide-35, Nicotinoyl Dipeptide-26, Nicotinoyl Dipeptide-23, Octapeptide-2, Palmitoyl Tripeptide-5, Palmitoyl Hexapeptide-12, Pentapeptide-13, Palmitoyl Tetrapeptide-10, Palmitoyl Tripeptide-38, Palmitoyl Tripeptide-29, Palmitoyl Tripeptide-8, Tripeptide-1, Tetrapeptide-44, Tetrapeptide-30, Tripeptide-10 Citrulline, Tripeptide-32, Tripeptide-29, sh-Polypeptide-22, sh-Oligopeptide-1, sh-Polypeptide-1, sh-Polypeptide-9, sh-Oligopeptide-2, sh-Polypeptide-11, sh-Polypeptide-3, sh-Polypeptide-16, sh-Polypeptide-62<\/span><\/p>\n<div id=\"importantInformation_feature_div\" class=\"celwidget\" data-feature-name=\"importantInformation\" data-csa-c-type=\"widget\" data-csa-c-content-id=\"importantInformation\" data-csa-c-slot-id=\"importantInformation_feature_div\" data-csa-c-asin=\"\" data-csa-c-is-in-initial-active-row=\"false\" data-csa-c-id=\"9369fq-iimmof-902937-tss7pw\" data-cel-widget=\"importantInformation_feature_div\">\n<div id=\"important-information\" class=\"a-section a-spacing-extra-large bucket\">\n<div class=\"a-section content\">\n<p>&nbsp;<\/p>\n<\/div>\n<\/div>\n<\/div>\n<div id=\"services-widget-1_feature_div\" class=\"celwidget\" data-feature-name=\"services-widget-1\" data-csa-c-type=\"widget\" data-csa-c-content-id=\"services-widget-1\" data-csa-c-slot-id=\"services-widget-1_feature_div\" data-csa-c-asin=\"\" data-csa-c-is-in-initial-active-row=\"false\" data-csa-c-id=\"y31cpo-4f9s5f-qi895i-roy5co\" data-cel-widget=\"services-widget-1_feature_div\"><\/div>\n<div id=\"services-widget-2_feature_div\" class=\"celwidget\" data-feature-name=\"services-widget-2\" data-csa-c-type=\"widget\" data-csa-c-content-id=\"services-widget-2\" data-csa-c-slot-id=\"services-widget-2_feature_div\" data-csa-c-asin=\"\" data-csa-c-is-in-initial-active-row=\"false\" data-csa-c-id=\"wsyf70-5f35yr-tjiaqq-e3ewkp\" data-cel-widget=\"services-widget-2_feature_div\"><\/div>\n<div id=\"click-to-call_feature_div\" class=\"celwidget\" data-feature-name=\"click-to-call\" data-csa-c-type=\"widget\" data-csa-c-content-id=\"click-to-call\" data-csa-c-slot-id=\"click-to-call_feature_div\" data-csa-c-asin=\"\" data-csa-c-is-in-initial-active-row=\"false\" data-csa-c-id=\"q3vlys-cqo7el-s4cyj6-y7kbxl\" data-cel-widget=\"click-to-call_feature_div\"><\/div>\n<div id=\"sponsoredProducts2_feature_div\" class=\"celwidget\" data-feature-name=\"sponsoredProducts2\" data-csa-c-type=\"widget\" data-csa-c-content-id=\"sponsoredProducts2\" data-csa-c-slot-id=\"sponsoredProducts2_feature_div\" data-csa-c-asin=\"\" data-csa-c-is-in-initial-active-row=\"false\" data-csa-c-id=\"u8nbbv-5w5szq-cl4yi1-pecvnd\" data-cel-widget=\"sponsoredProducts2_feature_div\"><\/div>\n<div id=\"sims-sponsoredProducts2_feature_div_01\" class=\"celwidget\" data-feature-name=\"sims-sponsoredProducts2\" data-csa-c-type=\"widget\" data-csa-c-content-id=\"sims-sponsoredProducts2\" data-csa-c-slot-id=\"sims-sponsoredProducts2_feature_div_01\" data-csa-c-asin=\"\" data-csa-c-is-in-initial-active-row=\"false\" data-csa-c-id=\"8ezrqm-p287gi-6fy72z-e0i1oh\" data-cel-widget=\"sims-sponsoredProducts2_feature_div_01\">\n<div class=\"celwidget pd_rd_w-q7ILx content-id-amzn1.sym.953c7d66-4120-4d22-a777-f19dbfa69309 pf_rd_p-953c7d66-4120-4d22-a777-f19dbfa69309 pf_rd_r-TD4FY736WG2M5C3Z5M5E pd_rd_wg-H0kLK pd_rd_r-e30d8e14-7a24-421c-9d31-e472c7abf988\" data-csa-op-log-render=\"\" data-csa-c-content-id=\"amzn1.sym.953c7d66-4120-4d22-a777-f19dbfa69309\" data-csa-c-slot-id=\"sponsored-products-1\" data-csa-c-type=\"widget\" data-csa-c-painter=\"FirebirdPainter\" data-csa-c-id=\"1iszx-qvmwti-5oxsyw-wgkum8\" data-cel-widget=\"desktop-dp-sims_SponsoredProductsSimsDp2Desktop\">\n<div data-csa-c-type=\"widget\" data-csa-c-slot-id=\"sp_detail2\" data-csa-c-id=\"xd6asy-xxcnak-agvrdb-yjr22u\"><\/div>\n<\/div>\n<\/div>","protected":false},"excerpt":{"rendered":"<p>numbuzin No.9 Eye Patches Kolag\u0113na pat\u010di ac\u012bm, kas iev\u0113rojami nostiepina nok\u0101ru\u0161o \u0101du zem ac\u012bm un palielina t\u0101s elast\u012bbu.<\/p>","protected":false},"featured_media":24906,"comment_status":"open","ping_status":"closed","template":"","meta":{"site-sidebar-layout":"default","site-content-layout":"","ast-site-content-layout":"default","site-content-style":"default","site-sidebar-style":"default","ast-global-header-display":"","ast-banner-title-visibility":"","ast-main-header-display":"","ast-hfb-above-header-display":"","ast-hfb-below-header-display":"","ast-hfb-mobile-header-display":"","site-post-title":"","ast-breadcrumbs-content":"","ast-featured-img":"","footer-sml-layout":"","theme-transparent-header-meta":"default","adv-header-id-meta":"","stick-header-meta":"","header-above-stick-meta":"","header-main-stick-meta":"","header-below-stick-meta":"","astra-migrate-meta-layouts":"set","ast-page-background-enabled":"default","ast-page-background-meta":{"desktop":{"background-color":"var(--ast-global-color-4)","background-image":"","background-repeat":"repeat","background-position":"center center","background-size":"auto","background-attachment":"scroll","background-type":"","background-media":"","overlay-type":"","overlay-color":"","overlay-opacity":"","overlay-gradient":""},"tablet":{"background-color":"","background-image":"","background-repeat":"repeat","background-position":"center center","background-size":"auto","background-attachment":"scroll","background-type":"","background-media":"","overlay-type":"","overlay-color":"","overlay-opacity":"","overlay-gradient":""},"mobile":{"background-color":"","background-image":"","background-repeat":"repeat","background-position":"center center","background-size":"auto","background-attachment":"scroll","background-type":"","background-media":"","overlay-type":"","overlay-color":"","overlay-opacity":"","overlay-gradient":""}},"ast-content-background-meta":{"desktop":{"background-color":"var(--ast-global-color-5)","background-image":"","background-repeat":"repeat","background-position":"center center","background-size":"auto","background-attachment":"scroll","background-type":"","background-media":"","overlay-type":"","overlay-color":"","overlay-opacity":"","overlay-gradient":""},"tablet":{"background-color":"var(--ast-global-color-5)","background-image":"","background-repeat":"repeat","background-position":"center center","background-size":"auto","background-attachment":"scroll","background-type":"","background-media":"","overlay-type":"","overlay-color":"","overlay-opacity":"","overlay-gradient":""},"mobile":{"background-color":"var(--ast-global-color-5)","background-image":"","background-repeat":"repeat","background-position":"center center","background-size":"auto","background-attachment":"scroll","background-type":"","background-media":"","overlay-type":"","overlay-color":"","overlay-opacity":"","overlay-gradient":""}}},"product_brand":[],"product_cat":[511,327],"product_tag":[],"berocket_brand":[595],"class_list":{"0":"post-24905","1":"product","2":"type-product","3":"status-publish","4":"has-post-thumbnail","6":"product_cat-atlaides","7":"product_cat-patci","8":"berocket_brand-numbuzin","9":"desktop-align-left","10":"tablet-align-left","11":"mobile-align-left","13":"first","14":"instock","15":"sale","16":"taxable","17":"shipping-taxable","18":"purchasable","19":"product-type-simple","20":"add-to-wishlist-before_image"},"yoast_head":"<!-- This site is optimized with the Yoast SEO plugin v27.4 - https:\/\/yoast.com\/product\/yoast-seo-wordpress\/ -->\n<title>numbuzin No.9 Eye Patches 5 pairs - FACECORNER<\/title>\n<meta name=\"description\" content=\"numbuzin No.9 Eye Patches Kolag\u0113na pat\u010di ac\u012bm, kas iev\u0113rojami nostiepina nok\u0101ru\u0161o \u0101du zem ac\u012bm un palielina t\u0101s elast\u012bbu.\" \/>\n<meta name=\"robots\" content=\"index, follow, max-snippet:-1, max-image-preview:large, max-video-preview:-1\" \/>\n<link rel=\"canonical\" href=\"https:\/\/www.facecorner.lv\/en\/shop\/numbuzin-no-9-eye-patches-5-pairs\/\" \/>\n<meta property=\"og:locale\" content=\"en_US\" \/>\n<meta property=\"og:type\" content=\"article\" \/>\n<meta property=\"og:title\" content=\"numbuzin No.9 Eye Patches 5 pairs - FACECORNER\" \/>\n<meta property=\"og:description\" content=\"numbuzin No.9 Eye Patches Kolag\u0113na pat\u010di ac\u012bm, kas iev\u0113rojami nostiepina nok\u0101ru\u0161o \u0101du zem ac\u012bm un palielina t\u0101s elast\u012bbu.\" \/>\n<meta property=\"og:url\" content=\"https:\/\/www.facecorner.lv\/en\/shop\/numbuzin-no-9-eye-patches-5-pairs\/\" \/>\n<meta property=\"og:site_name\" content=\"FACECORNER\" \/>\n<meta property=\"article:publisher\" content=\"https:\/\/www.facebook.com\/profile.php?id=100063824551839\" \/>\n<meta property=\"article:modified_time\" content=\"2026-05-05T10:08:30+00:00\" \/>\n<meta property=\"og:image\" content=\"https:\/\/www.facecorner.lv\/wp-content\/uploads\/2025\/07\/XXL_p0219611631.webp\" \/>\n\t<meta property=\"og:image:width\" content=\"640\" \/>\n\t<meta property=\"og:image:height\" content=\"640\" \/>\n\t<meta property=\"og:image:type\" content=\"image\/webp\" \/>\n<meta name=\"twitter:card\" content=\"summary_large_image\" \/>\n<meta name=\"twitter:label1\" content=\"Price\" \/>\n\t<meta name=\"twitter:data1\" content=\"&euro;21.00\" \/>\n\t<meta name=\"twitter:label2\" content=\"Availability\" \/>\n\t<meta name=\"twitter:data2\" content=\"In stock\" \/>\n<script type=\"application\/ld+json\" class=\"yoast-schema-graph\">{\"@context\":\"https:\\\/\\\/schema.org\",\"@graph\":[{\"@type\":\"WebPage\",\"@id\":\"https:\\\/\\\/www.facecorner.lv\\\/shop\\\/numbuzin-no-9-eye-patches-5-pairs\\\/\",\"url\":\"https:\\\/\\\/www.facecorner.lv\\\/shop\\\/numbuzin-no-9-eye-patches-5-pairs\\\/\",\"name\":\"numbuzin No.9 Eye Patches 5 pairs - FACECORNER\",\"isPartOf\":{\"@id\":\"https:\\\/\\\/www.facecorner.lv\\\/#website\"},\"primaryImageOfPage\":{\"@id\":\"https:\\\/\\\/www.facecorner.lv\\\/shop\\\/numbuzin-no-9-eye-patches-5-pairs\\\/#primaryimage\"},\"image\":{\"@id\":\"https:\\\/\\\/www.facecorner.lv\\\/shop\\\/numbuzin-no-9-eye-patches-5-pairs\\\/#primaryimage\"},\"thumbnailUrl\":\"https:\\\/\\\/www.facecorner.lv\\\/wp-content\\\/uploads\\\/2025\\\/07\\\/XXL_p0219611631.webp\",\"datePublished\":\"2025-07-28T18:39:27+00:00\",\"dateModified\":\"2026-05-05T10:08:30+00:00\",\"description\":\"numbuzin No.9 Eye Patches Kolag\u0113na pat\u010di ac\u012bm, kas iev\u0113rojami nostiepina nok\u0101ru\u0161o \u0101du zem ac\u012bm un palielina t\u0101s elast\u012bbu.\",\"breadcrumb\":{\"@id\":\"https:\\\/\\\/www.facecorner.lv\\\/shop\\\/numbuzin-no-9-eye-patches-5-pairs\\\/#breadcrumb\"},\"inLanguage\":\"en-US\",\"potentialAction\":[{\"@type\":\"ReadAction\",\"target\":[\"https:\\\/\\\/www.facecorner.lv\\\/shop\\\/numbuzin-no-9-eye-patches-5-pairs\\\/\"]}]},{\"@type\":\"ImageObject\",\"inLanguage\":\"en-US\",\"@id\":\"https:\\\/\\\/www.facecorner.lv\\\/shop\\\/numbuzin-no-9-eye-patches-5-pairs\\\/#primaryimage\",\"url\":\"https:\\\/\\\/www.facecorner.lv\\\/wp-content\\\/uploads\\\/2025\\\/07\\\/XXL_p0219611631.webp\",\"contentUrl\":\"https:\\\/\\\/www.facecorner.lv\\\/wp-content\\\/uploads\\\/2025\\\/07\\\/XXL_p0219611631.webp\",\"width\":640,\"height\":640,\"caption\":\"numbuzin No.9 Eye Patches\"},{\"@type\":\"BreadcrumbList\",\"@id\":\"https:\\\/\\\/www.facecorner.lv\\\/shop\\\/numbuzin-no-9-eye-patches-5-pairs\\\/#breadcrumb\",\"itemListElement\":[{\"@type\":\"ListItem\",\"position\":1,\"name\":\"Home\",\"item\":\"https:\\\/\\\/www.facecorner.lv\\\/\"},{\"@type\":\"ListItem\",\"position\":2,\"name\":\"Veikals\",\"item\":\"https:\\\/\\\/www.facecorner.lv\\\/shop\\\/\"},{\"@type\":\"ListItem\",\"position\":3,\"name\":\"numbuzin No.9 Eye Patches 5 pairs\"}]},{\"@type\":\"WebSite\",\"@id\":\"https:\\\/\\\/www.facecorner.lv\\\/#website\",\"url\":\"https:\\\/\\\/www.facecorner.lv\\\/\",\"name\":\"Facecorner\",\"description\":\"\",\"publisher\":{\"@id\":\"https:\\\/\\\/www.facecorner.lv\\\/#organization\"},\"potentialAction\":[{\"@type\":\"SearchAction\",\"target\":{\"@type\":\"EntryPoint\",\"urlTemplate\":\"https:\\\/\\\/www.facecorner.lv\\\/?s={search_term_string}\"},\"query-input\":{\"@type\":\"PropertyValueSpecification\",\"valueRequired\":true,\"valueName\":\"search_term_string\"}}],\"inLanguage\":\"en-US\"},{\"@type\":\"Organization\",\"@id\":\"https:\\\/\\\/www.facecorner.lv\\\/#organization\",\"name\":\"Facecorner\",\"url\":\"https:\\\/\\\/www.facecorner.lv\\\/\",\"logo\":{\"@type\":\"ImageObject\",\"inLanguage\":\"en-US\",\"@id\":\"https:\\\/\\\/www.facecorner.lv\\\/#\\\/schema\\\/logo\\\/image\\\/\",\"url\":\"https:\\\/\\\/www.facecorner.lv\\\/wp-content\\\/uploads\\\/2024\\\/04\\\/fc-logo.jpg\",\"contentUrl\":\"https:\\\/\\\/www.facecorner.lv\\\/wp-content\\\/uploads\\\/2024\\\/04\\\/fc-logo.jpg\",\"width\":174,\"height\":28,\"caption\":\"Facecorner\"},\"image\":{\"@id\":\"https:\\\/\\\/www.facecorner.lv\\\/#\\\/schema\\\/logo\\\/image\\\/\"},\"sameAs\":[\"https:\\\/\\\/www.facebook.com\\\/profile.php?id=100063824551839\",\"https:\\\/\\\/www.instagram.com\\\/facecorner_shop\\\/\"]}]}<\/script>\n<meta property=\"product:price:amount\" content=\"21.00\" \/>\n<meta property=\"product:price:currency\" content=\"EUR\" \/>\n<meta property=\"og:availability\" content=\"instock\" \/>\n<meta property=\"product:availability\" content=\"instock\" \/>\n<meta property=\"product:condition\" content=\"new\" \/>\n<!-- \/ Yoast SEO plugin. -->","yoast_head_json":{"title":"numbuzin No.9 Eye Patches 5 pairs - FACECORNER","description":"numbuzin No.9 Eye Patches Kolag\u0113na pat\u010di ac\u012bm, kas iev\u0113rojami nostiepina nok\u0101ru\u0161o \u0101du zem ac\u012bm un palielina t\u0101s elast\u012bbu.","robots":{"index":"index","follow":"follow","max-snippet":"max-snippet:-1","max-image-preview":"max-image-preview:large","max-video-preview":"max-video-preview:-1"},"canonical":"https:\/\/www.facecorner.lv\/en\/shop\/numbuzin-no-9-eye-patches-5-pairs\/","og_locale":"en_US","og_type":"article","og_title":"numbuzin No.9 Eye Patches 5 pairs - FACECORNER","og_description":"numbuzin No.9 Eye Patches Kolag\u0113na pat\u010di ac\u012bm, kas iev\u0113rojami nostiepina nok\u0101ru\u0161o \u0101du zem ac\u012bm un palielina t\u0101s elast\u012bbu.","og_url":"https:\/\/www.facecorner.lv\/en\/shop\/numbuzin-no-9-eye-patches-5-pairs\/","og_site_name":"FACECORNER","article_publisher":"https:\/\/www.facebook.com\/profile.php?id=100063824551839","article_modified_time":"2026-05-05T10:08:30+00:00","og_image":[{"width":640,"height":640,"url":"https:\/\/www.facecorner.lv\/wp-content\/uploads\/2025\/07\/XXL_p0219611631.webp","type":"image\/webp"}],"twitter_card":"summary_large_image","twitter_misc":{"Price":"&euro;21.00","Availability":"In stock"},"schema":{"@context":"https:\/\/schema.org","@graph":[{"@type":"WebPage","@id":"https:\/\/www.facecorner.lv\/shop\/numbuzin-no-9-eye-patches-5-pairs\/","url":"https:\/\/www.facecorner.lv\/shop\/numbuzin-no-9-eye-patches-5-pairs\/","name":"numbuzin No.9 Eye Patches 5 pairs - FACECORNER","isPartOf":{"@id":"https:\/\/www.facecorner.lv\/#website"},"primaryImageOfPage":{"@id":"https:\/\/www.facecorner.lv\/shop\/numbuzin-no-9-eye-patches-5-pairs\/#primaryimage"},"image":{"@id":"https:\/\/www.facecorner.lv\/shop\/numbuzin-no-9-eye-patches-5-pairs\/#primaryimage"},"thumbnailUrl":"https:\/\/www.facecorner.lv\/wp-content\/uploads\/2025\/07\/XXL_p0219611631.webp","datePublished":"2025-07-28T18:39:27+00:00","dateModified":"2026-05-05T10:08:30+00:00","description":"numbuzin No.9 Eye Patches Kolag\u0113na pat\u010di ac\u012bm, kas iev\u0113rojami nostiepina nok\u0101ru\u0161o \u0101du zem ac\u012bm un palielina t\u0101s elast\u012bbu.","breadcrumb":{"@id":"https:\/\/www.facecorner.lv\/shop\/numbuzin-no-9-eye-patches-5-pairs\/#breadcrumb"},"inLanguage":"en-US","potentialAction":[{"@type":"ReadAction","target":["https:\/\/www.facecorner.lv\/shop\/numbuzin-no-9-eye-patches-5-pairs\/"]}]},{"@type":"ImageObject","inLanguage":"en-US","@id":"https:\/\/www.facecorner.lv\/shop\/numbuzin-no-9-eye-patches-5-pairs\/#primaryimage","url":"https:\/\/www.facecorner.lv\/wp-content\/uploads\/2025\/07\/XXL_p0219611631.webp","contentUrl":"https:\/\/www.facecorner.lv\/wp-content\/uploads\/2025\/07\/XXL_p0219611631.webp","width":640,"height":640,"caption":"numbuzin No.9 Eye Patches"},{"@type":"BreadcrumbList","@id":"https:\/\/www.facecorner.lv\/shop\/numbuzin-no-9-eye-patches-5-pairs\/#breadcrumb","itemListElement":[{"@type":"ListItem","position":1,"name":"Home","item":"https:\/\/www.facecorner.lv\/"},{"@type":"ListItem","position":2,"name":"Veikals","item":"https:\/\/www.facecorner.lv\/shop\/"},{"@type":"ListItem","position":3,"name":"numbuzin No.9 Eye Patches 5 pairs"}]},{"@type":"WebSite","@id":"https:\/\/www.facecorner.lv\/#website","url":"https:\/\/www.facecorner.lv\/","name":"Facecorner","description":"","publisher":{"@id":"https:\/\/www.facecorner.lv\/#organization"},"potentialAction":[{"@type":"SearchAction","target":{"@type":"EntryPoint","urlTemplate":"https:\/\/www.facecorner.lv\/?s={search_term_string}"},"query-input":{"@type":"PropertyValueSpecification","valueRequired":true,"valueName":"search_term_string"}}],"inLanguage":"en-US"},{"@type":"Organization","@id":"https:\/\/www.facecorner.lv\/#organization","name":"Facecorner","url":"https:\/\/www.facecorner.lv\/","logo":{"@type":"ImageObject","inLanguage":"en-US","@id":"https:\/\/www.facecorner.lv\/#\/schema\/logo\/image\/","url":"https:\/\/www.facecorner.lv\/wp-content\/uploads\/2024\/04\/fc-logo.jpg","contentUrl":"https:\/\/www.facecorner.lv\/wp-content\/uploads\/2024\/04\/fc-logo.jpg","width":174,"height":28,"caption":"Facecorner"},"image":{"@id":"https:\/\/www.facecorner.lv\/#\/schema\/logo\/image\/"},"sameAs":["https:\/\/www.facebook.com\/profile.php?id=100063824551839","https:\/\/www.instagram.com\/facecorner_shop\/"]}]},"product_price_amount":"21.00","product_price_currency":"EUR","og_availability":"instock","product_availability":"instock","product_condition":"new"},"_links":{"self":[{"href":"https:\/\/www.facecorner.lv\/en\/wp-json\/wp\/v2\/product\/24905","targetHints":{"allow":["GET"]}}],"collection":[{"href":"https:\/\/www.facecorner.lv\/en\/wp-json\/wp\/v2\/product"}],"about":[{"href":"https:\/\/www.facecorner.lv\/en\/wp-json\/wp\/v2\/types\/product"}],"replies":[{"embeddable":true,"href":"https:\/\/www.facecorner.lv\/en\/wp-json\/wp\/v2\/comments?post=24905"}],"wp:featuredmedia":[{"embeddable":true,"href":"https:\/\/www.facecorner.lv\/en\/wp-json\/wp\/v2\/media\/24906"}],"wp:attachment":[{"href":"https:\/\/www.facecorner.lv\/en\/wp-json\/wp\/v2\/media?parent=24905"}],"wp:term":[{"taxonomy":"product_brand","embeddable":true,"href":"https:\/\/www.facecorner.lv\/en\/wp-json\/wp\/v2\/product_brand?post=24905"},{"taxonomy":"product_cat","embeddable":true,"href":"https:\/\/www.facecorner.lv\/en\/wp-json\/wp\/v2\/product_cat?post=24905"},{"taxonomy":"product_tag","embeddable":true,"href":"https:\/\/www.facecorner.lv\/en\/wp-json\/wp\/v2\/product_tag?post=24905"},{"taxonomy":"berocket_brand","embeddable":true,"href":"https:\/\/www.facecorner.lv\/en\/wp-json\/wp\/v2\/berocket_brand?post=24905"}],"curies":[{"name":"wp","href":"https:\/\/api.w.org\/{rel}","templated":true}]}}