{"id":24884,"date":"2025-07-25T15:21:04","date_gmt":"2025-07-25T12:21:04","guid":{"rendered":"https:\/\/www.facecorner.lv\/?post_type=product&#038;p=24884"},"modified":"2025-09-16T14:10:02","modified_gmt":"2025-09-16T11:10:02","slug":"medicube-pdrn-pink-niacinamide-milky-toner-150ml","status":"publish","type":"product","link":"https:\/\/www.facecorner.lv\/en\/shop\/medicube-pdrn-pink-niacinamide-milky-toner-150ml\/","title":{"rendered":"Medicube PDRN Pink Niacinamide Milky Toner 150ml"},"content":{"rendered":"<p>Medicube PDRN Pink Niacinamide Milky Toner grezns piena toniks ar roz\u0101 nokr\u0101su, kas rada \u201cglass glow skin\u201d efektu \u2013 \u0101das mirdzumu un svaigumu uzreiz p\u0113c uzkl\u0101\u0161anas.<\/p>\n<p>Piem\u0113rots visiem \u0101das tipiem, ieskaitot jut\u012bgu un uz akni tend\u0113tu \u0101du; p\u0101rbaud\u012bts k\u0101 nekomedog\u0113ns (neaizsprosto poras)<\/p>\n<ul>\n<li>PDRN (no la\u0161u DNS ekstrakta)<br \/>\nPal\u012bdz izgaismot \u0101das toni, uzlabot tekst\u016bru, pa\u0101trina \u0101das re\u0123ener\u0101cijas procesus.<\/li>\n<li>Niacinamide (5 %)<br \/>\nVitam\u012bns B3 nostiprina barjeru, izl\u012bdzina \u0101das toni un tekst\u016bru, pie\u0161\u0137ir gludumu un vesel\u012bgu mirdzumu.<\/li>\n<li>Pantenols (nomierina un mitrina) un ksilitilglikoz\u012bds (mitrino\u0161ais komplekss Aquaxyl) uzlabo barjeru un mitruma saglab\u0101\u0161anu.<\/li>\n<\/ul>\n<p><strong>Piem\u0113rots, ja:<\/strong><\/p>\n<ul>\n<li>V\u0113laties mirdzo\u0161u un mitrin\u0101tu \u0101du;<\/li>\n<li>Cie\u0161at no \u0101das bl\u0101vuma, pigment\u0101cijas, nevienm\u0113r\u012bga to\u0146a;<\/li>\n<li>Mekl\u0113jat produktu ar re\u0123ener\u0113jo\u0161u un stiprino\u0161u iedarb\u012bbu, \u012bpa\u0161i jut\u012bgai \u0101dai.<\/li>\n<\/ul>\n<p><strong>Sast\u0101vs:<\/strong> Water(Aqua), Glycerin, Niacinamide, Cetyl Ethylhexanoate, Caprylic\/Capric Triglyceride, 1,2-Hexanediol, Pentaerythrityl Tetraethylhexanoate, Ethylhexyl Palmitate, Polyglyceryl-3 Distearate, Octyldodecanol, Diisostearyl Malate, C12-14 Alketh-12, Acrylates\/C10-30 Alkyl Acrylate Crosspolymer, Tromethamine, Glyceryl Stearate, Ethylhexylglycerin, Trehalose, Glyceryl Stearate Citrate, Adenosine, Disodium EDTA, Cyanocobalamin, Saccharide Hydrolysate, Oryza Sativa (Rice) Bran Oil, Oryza Sativa (Rice) Bran Water, Butylene Glycol, Prunus Amygdalus Amara (Bitter Almond) Kernel Oil, Camellia Sinensis Leaf Extract, Pyrus Malus (Apple) Leaf Extract, Sorbitol, Panthenol, Propanediol, Vanilla Planifolia Fruit Extract, Jasminum Officinale (Jasmine) Flower Water, Xylitylglucoside, Anhydroxylitol, Helianthus Annuus (Sunflower) Seed Oil, Dipropylene Glycol, Sucrose Stearate, Xylitol, Beta-Carotene, Sodium DNA, Polyglyceryl-10 Oleate, Vaccinium Myrtillus Fruit Extract, Centella Asiatica Root Extract, Centella Asiatica Leaf Extract, Centella Asiatica Extract, Tocopherol, Pueraria Lobata Root Extract, Pentylene Glycol, Madecassoside, Milk Protein Extract, Lycopodium Clavatum Extract, Equisetum Arvense Extract, Phragmites Communis Extract, Prunus Amygdalus Dulcis (Sweet Almond) Fruit Extract, Lecithin, Tremella Fuciformis (Mushroom) Extract, Tabebuia Impetiginosa Bark Extract, Trifolium Pratense (Clover) Extract, Acetyl Glutamine, Asiatic Acid, Bacillus\/Soybean Ferment Extract, Madecassic Acid, Asiaticoside, Hydrolyzed Wheat Protein, Hydrolyzed Soy Protein, Hydrolyzed Rice Protein, Hydrolyzed Rice Bran Protein, Hydrolyzed Corn Protein, Caprylyl Glycol, Sodium Hyaluronate, Folic Acid, Palmitoyl Pentapeptide-4, Ceramide NS, Ceramide NP, Ceramide EOP, Ceramide AP, Oligopeptide-3, Oligopeptide-2, Oligopeptide-1, Hexapeptide-11<\/p>\n<p>&nbsp;<\/p>","protected":false},"excerpt":{"rendered":"<p>Medicube PDRN Pink Niacinamide Milky Toner grezns piena toniks ar roz\u0101 nokr\u0101su, kas rada \u201cglass glow skin\u201d efektu \u2013 \u0101das mirdzumu un svaigumu uzreiz p\u0113c uzkl\u0101\u0161anas.<\/p>","protected":false},"featured_media":24885,"comment_status":"open","ping_status":"closed","template":"","meta":{"site-sidebar-layout":"default","site-content-layout":"","ast-site-content-layout":"default","site-content-style":"default","site-sidebar-style":"default","ast-global-header-display":"","ast-banner-title-visibility":"","ast-main-header-display":"","ast-hfb-above-header-display":"","ast-hfb-below-header-display":"","ast-hfb-mobile-header-display":"","site-post-title":"","ast-breadcrumbs-content":"","ast-featured-img":"","footer-sml-layout":"","theme-transparent-header-meta":"default","adv-header-id-meta":"","stick-header-meta":"","header-above-stick-meta":"","header-main-stick-meta":"","header-below-stick-meta":"","astra-migrate-meta-layouts":"set","ast-page-background-enabled":"default","ast-page-background-meta":{"desktop":{"background-color":"var(--ast-global-color-4)","background-image":"","background-repeat":"repeat","background-position":"center center","background-size":"auto","background-attachment":"scroll","background-type":"","background-media":"","overlay-type":"","overlay-color":"","overlay-opacity":"","overlay-gradient":""},"tablet":{"background-color":"","background-image":"","background-repeat":"repeat","background-position":"center center","background-size":"auto","background-attachment":"scroll","background-type":"","background-media":"","overlay-type":"","overlay-color":"","overlay-opacity":"","overlay-gradient":""},"mobile":{"background-color":"","background-image":"","background-repeat":"repeat","background-position":"center center","background-size":"auto","background-attachment":"scroll","background-type":"","background-media":"","overlay-type":"","overlay-color":"","overlay-opacity":"","overlay-gradient":""}},"ast-content-background-meta":{"desktop":{"background-color":"var(--ast-global-color-5)","background-image":"","background-repeat":"repeat","background-position":"center center","background-size":"auto","background-attachment":"scroll","background-type":"","background-media":"","overlay-type":"","overlay-color":"","overlay-opacity":"","overlay-gradient":""},"tablet":{"background-color":"var(--ast-global-color-5)","background-image":"","background-repeat":"repeat","background-position":"center center","background-size":"auto","background-attachment":"scroll","background-type":"","background-media":"","overlay-type":"","overlay-color":"","overlay-opacity":"","overlay-gradient":""},"mobile":{"background-color":"var(--ast-global-color-5)","background-image":"","background-repeat":"repeat","background-position":"center center","background-size":"auto","background-attachment":"scroll","background-type":"","background-media":"","overlay-type":"","overlay-color":"","overlay-opacity":"","overlay-gradient":""}}},"product_brand":[],"product_cat":[375,652,377,378,364,376],"product_tag":[],"berocket_brand":[579],"class_list":{"0":"post-24884","1":"product","2":"type-product","3":"status-publish","4":"has-post-thumbnail","6":"product_cat-jutigai-adai-toneri","7":"product_cat-pdrn","8":"product_cat-problematiskai-adai-toneri","9":"product_cat-sausai-adai-toneri","10":"product_cat-toneri","11":"product_cat-kombinetai-adai-toneri","12":"berocket_brand-medicube","13":"desktop-align-left","14":"tablet-align-left","15":"mobile-align-left","17":"first","18":"outofstock","19":"taxable","20":"shipping-taxable","21":"purchasable","22":"product-type-simple","23":"add-to-wishlist-before_image"},"yoast_head":"<!-- This site is optimized with the Yoast SEO plugin v27.4 - https:\/\/yoast.com\/product\/yoast-seo-wordpress\/ -->\n<title>Medicube PDRN Pink Niacinamide Milky Toner 150ml - FACECORNER<\/title>\n<meta name=\"description\" content=\"Medicube PDRN Pink Niacinamide Milky Toner grezns piena toniks ar roz\u0101 nokr\u0101su, kas rada \u201cglass glow skin\u201d efektu \u2013 \u0101das mirdzumu un svaigumu\" \/>\n<meta name=\"robots\" content=\"index, follow, max-snippet:-1, max-image-preview:large, max-video-preview:-1\" \/>\n<link rel=\"canonical\" href=\"https:\/\/www.facecorner.lv\/en\/shop\/medicube-pdrn-pink-niacinamide-milky-toner-150ml\/\" \/>\n<meta property=\"og:locale\" content=\"en_US\" \/>\n<meta property=\"og:type\" content=\"article\" \/>\n<meta property=\"og:title\" content=\"Medicube PDRN Pink Niacinamide Milky Toner 150ml - FACECORNER\" \/>\n<meta property=\"og:description\" content=\"Medicube PDRN Pink Niacinamide Milky Toner grezns piena toniks ar roz\u0101 nokr\u0101su, kas rada \u201cglass glow skin\u201d efektu \u2013 \u0101das mirdzumu un svaigumu\" \/>\n<meta property=\"og:url\" content=\"https:\/\/www.facecorner.lv\/en\/shop\/medicube-pdrn-pink-niacinamide-milky-toner-150ml\/\" \/>\n<meta property=\"og:site_name\" content=\"FACECORNER\" \/>\n<meta property=\"article:publisher\" content=\"https:\/\/www.facebook.com\/profile.php?id=100063824551839\" \/>\n<meta property=\"article:modified_time\" content=\"2025-09-16T11:10:02+00:00\" \/>\n<meta property=\"og:image\" content=\"https:\/\/www.facecorner.lv\/wp-content\/uploads\/2025\/07\/51okCIlpC-L.jpg\" \/>\n\t<meta property=\"og:image:width\" content=\"2000\" \/>\n\t<meta property=\"og:image:height\" content=\"2000\" \/>\n\t<meta property=\"og:image:type\" content=\"image\/jpeg\" \/>\n<meta name=\"twitter:card\" content=\"summary_large_image\" \/>\n<meta name=\"twitter:label1\" content=\"Price\" \/>\n\t<meta name=\"twitter:data1\" content=\"&euro;28.00\" \/>\n\t<meta name=\"twitter:label2\" content=\"Availability\" \/>\n\t<meta name=\"twitter:data2\" content=\"Out of stock\" \/>\n<script type=\"application\/ld+json\" class=\"yoast-schema-graph\">{\"@context\":\"https:\\\/\\\/schema.org\",\"@graph\":[{\"@type\":\"WebPage\",\"@id\":\"https:\\\/\\\/www.facecorner.lv\\\/shop\\\/medicube-pdrn-pink-niacinamide-milky-toner-150ml\\\/\",\"url\":\"https:\\\/\\\/www.facecorner.lv\\\/shop\\\/medicube-pdrn-pink-niacinamide-milky-toner-150ml\\\/\",\"name\":\"Medicube PDRN Pink Niacinamide Milky Toner 150ml - FACECORNER\",\"isPartOf\":{\"@id\":\"https:\\\/\\\/www.facecorner.lv\\\/#website\"},\"primaryImageOfPage\":{\"@id\":\"https:\\\/\\\/www.facecorner.lv\\\/shop\\\/medicube-pdrn-pink-niacinamide-milky-toner-150ml\\\/#primaryimage\"},\"image\":{\"@id\":\"https:\\\/\\\/www.facecorner.lv\\\/shop\\\/medicube-pdrn-pink-niacinamide-milky-toner-150ml\\\/#primaryimage\"},\"thumbnailUrl\":\"https:\\\/\\\/www.facecorner.lv\\\/wp-content\\\/uploads\\\/2025\\\/07\\\/51okCIlpC-L.jpg\",\"datePublished\":\"2025-07-25T12:21:04+00:00\",\"dateModified\":\"2025-09-16T11:10:02+00:00\",\"description\":\"Medicube PDRN Pink Niacinamide Milky Toner grezns piena toniks ar roz\u0101 nokr\u0101su, kas rada \u201cglass glow skin\u201d efektu \u2013 \u0101das mirdzumu un svaigumu\",\"breadcrumb\":{\"@id\":\"https:\\\/\\\/www.facecorner.lv\\\/shop\\\/medicube-pdrn-pink-niacinamide-milky-toner-150ml\\\/#breadcrumb\"},\"inLanguage\":\"en-US\",\"potentialAction\":[{\"@type\":\"ReadAction\",\"target\":[\"https:\\\/\\\/www.facecorner.lv\\\/shop\\\/medicube-pdrn-pink-niacinamide-milky-toner-150ml\\\/\"]}]},{\"@type\":\"ImageObject\",\"inLanguage\":\"en-US\",\"@id\":\"https:\\\/\\\/www.facecorner.lv\\\/shop\\\/medicube-pdrn-pink-niacinamide-milky-toner-150ml\\\/#primaryimage\",\"url\":\"https:\\\/\\\/www.facecorner.lv\\\/wp-content\\\/uploads\\\/2025\\\/07\\\/51okCIlpC-L.jpg\",\"contentUrl\":\"https:\\\/\\\/www.facecorner.lv\\\/wp-content\\\/uploads\\\/2025\\\/07\\\/51okCIlpC-L.jpg\",\"width\":2000,\"height\":2000,\"caption\":\"Medicube PDRN Pink Niacinamide Milky Toner\"},{\"@type\":\"BreadcrumbList\",\"@id\":\"https:\\\/\\\/www.facecorner.lv\\\/shop\\\/medicube-pdrn-pink-niacinamide-milky-toner-150ml\\\/#breadcrumb\",\"itemListElement\":[{\"@type\":\"ListItem\",\"position\":1,\"name\":\"Home\",\"item\":\"https:\\\/\\\/www.facecorner.lv\\\/\"},{\"@type\":\"ListItem\",\"position\":2,\"name\":\"Veikals\",\"item\":\"https:\\\/\\\/www.facecorner.lv\\\/shop\\\/\"},{\"@type\":\"ListItem\",\"position\":3,\"name\":\"Medicube PDRN Pink Niacinamide Milky Toner 150ml\"}]},{\"@type\":\"WebSite\",\"@id\":\"https:\\\/\\\/www.facecorner.lv\\\/#website\",\"url\":\"https:\\\/\\\/www.facecorner.lv\\\/\",\"name\":\"Facecorner\",\"description\":\"\",\"publisher\":{\"@id\":\"https:\\\/\\\/www.facecorner.lv\\\/#organization\"},\"potentialAction\":[{\"@type\":\"SearchAction\",\"target\":{\"@type\":\"EntryPoint\",\"urlTemplate\":\"https:\\\/\\\/www.facecorner.lv\\\/?s={search_term_string}\"},\"query-input\":{\"@type\":\"PropertyValueSpecification\",\"valueRequired\":true,\"valueName\":\"search_term_string\"}}],\"inLanguage\":\"en-US\"},{\"@type\":\"Organization\",\"@id\":\"https:\\\/\\\/www.facecorner.lv\\\/#organization\",\"name\":\"Facecorner\",\"url\":\"https:\\\/\\\/www.facecorner.lv\\\/\",\"logo\":{\"@type\":\"ImageObject\",\"inLanguage\":\"en-US\",\"@id\":\"https:\\\/\\\/www.facecorner.lv\\\/#\\\/schema\\\/logo\\\/image\\\/\",\"url\":\"https:\\\/\\\/www.facecorner.lv\\\/wp-content\\\/uploads\\\/2024\\\/04\\\/fc-logo.jpg\",\"contentUrl\":\"https:\\\/\\\/www.facecorner.lv\\\/wp-content\\\/uploads\\\/2024\\\/04\\\/fc-logo.jpg\",\"width\":174,\"height\":28,\"caption\":\"Facecorner\"},\"image\":{\"@id\":\"https:\\\/\\\/www.facecorner.lv\\\/#\\\/schema\\\/logo\\\/image\\\/\"},\"sameAs\":[\"https:\\\/\\\/www.facebook.com\\\/profile.php?id=100063824551839\",\"https:\\\/\\\/www.instagram.com\\\/facecorner_shop\\\/\"]}]}<\/script>\n<meta property=\"product:price:amount\" content=\"28.00\" \/>\n<meta property=\"product:price:currency\" content=\"EUR\" \/>\n<meta property=\"og:availability\" content=\"out of stock\" \/>\n<meta property=\"product:availability\" content=\"out of stock\" \/>\n<meta property=\"product:condition\" content=\"new\" \/>\n<!-- \/ Yoast SEO plugin. -->","yoast_head_json":{"title":"Medicube PDRN Pink Niacinamide Milky Toner 150ml - FACECORNER","description":"Medicube PDRN Pink Niacinamide Milky Toner grezns piena toniks ar roz\u0101 nokr\u0101su, kas rada \u201cglass glow skin\u201d efektu \u2013 \u0101das mirdzumu un svaigumu","robots":{"index":"index","follow":"follow","max-snippet":"max-snippet:-1","max-image-preview":"max-image-preview:large","max-video-preview":"max-video-preview:-1"},"canonical":"https:\/\/www.facecorner.lv\/en\/shop\/medicube-pdrn-pink-niacinamide-milky-toner-150ml\/","og_locale":"en_US","og_type":"article","og_title":"Medicube PDRN Pink Niacinamide Milky Toner 150ml - FACECORNER","og_description":"Medicube PDRN Pink Niacinamide Milky Toner grezns piena toniks ar roz\u0101 nokr\u0101su, kas rada \u201cglass glow skin\u201d efektu \u2013 \u0101das mirdzumu un svaigumu","og_url":"https:\/\/www.facecorner.lv\/en\/shop\/medicube-pdrn-pink-niacinamide-milky-toner-150ml\/","og_site_name":"FACECORNER","article_publisher":"https:\/\/www.facebook.com\/profile.php?id=100063824551839","article_modified_time":"2025-09-16T11:10:02+00:00","og_image":[{"width":2000,"height":2000,"url":"https:\/\/www.facecorner.lv\/wp-content\/uploads\/2025\/07\/51okCIlpC-L.jpg","type":"image\/jpeg"}],"twitter_card":"summary_large_image","twitter_misc":{"Price":"&euro;28.00","Availability":"Out of stock"},"schema":{"@context":"https:\/\/schema.org","@graph":[{"@type":"WebPage","@id":"https:\/\/www.facecorner.lv\/shop\/medicube-pdrn-pink-niacinamide-milky-toner-150ml\/","url":"https:\/\/www.facecorner.lv\/shop\/medicube-pdrn-pink-niacinamide-milky-toner-150ml\/","name":"Medicube PDRN Pink Niacinamide Milky Toner 150ml - FACECORNER","isPartOf":{"@id":"https:\/\/www.facecorner.lv\/#website"},"primaryImageOfPage":{"@id":"https:\/\/www.facecorner.lv\/shop\/medicube-pdrn-pink-niacinamide-milky-toner-150ml\/#primaryimage"},"image":{"@id":"https:\/\/www.facecorner.lv\/shop\/medicube-pdrn-pink-niacinamide-milky-toner-150ml\/#primaryimage"},"thumbnailUrl":"https:\/\/www.facecorner.lv\/wp-content\/uploads\/2025\/07\/51okCIlpC-L.jpg","datePublished":"2025-07-25T12:21:04+00:00","dateModified":"2025-09-16T11:10:02+00:00","description":"Medicube PDRN Pink Niacinamide Milky Toner grezns piena toniks ar roz\u0101 nokr\u0101su, kas rada \u201cglass glow skin\u201d efektu \u2013 \u0101das mirdzumu un svaigumu","breadcrumb":{"@id":"https:\/\/www.facecorner.lv\/shop\/medicube-pdrn-pink-niacinamide-milky-toner-150ml\/#breadcrumb"},"inLanguage":"en-US","potentialAction":[{"@type":"ReadAction","target":["https:\/\/www.facecorner.lv\/shop\/medicube-pdrn-pink-niacinamide-milky-toner-150ml\/"]}]},{"@type":"ImageObject","inLanguage":"en-US","@id":"https:\/\/www.facecorner.lv\/shop\/medicube-pdrn-pink-niacinamide-milky-toner-150ml\/#primaryimage","url":"https:\/\/www.facecorner.lv\/wp-content\/uploads\/2025\/07\/51okCIlpC-L.jpg","contentUrl":"https:\/\/www.facecorner.lv\/wp-content\/uploads\/2025\/07\/51okCIlpC-L.jpg","width":2000,"height":2000,"caption":"Medicube PDRN Pink Niacinamide Milky Toner"},{"@type":"BreadcrumbList","@id":"https:\/\/www.facecorner.lv\/shop\/medicube-pdrn-pink-niacinamide-milky-toner-150ml\/#breadcrumb","itemListElement":[{"@type":"ListItem","position":1,"name":"Home","item":"https:\/\/www.facecorner.lv\/"},{"@type":"ListItem","position":2,"name":"Veikals","item":"https:\/\/www.facecorner.lv\/shop\/"},{"@type":"ListItem","position":3,"name":"Medicube PDRN Pink Niacinamide Milky Toner 150ml"}]},{"@type":"WebSite","@id":"https:\/\/www.facecorner.lv\/#website","url":"https:\/\/www.facecorner.lv\/","name":"Facecorner","description":"","publisher":{"@id":"https:\/\/www.facecorner.lv\/#organization"},"potentialAction":[{"@type":"SearchAction","target":{"@type":"EntryPoint","urlTemplate":"https:\/\/www.facecorner.lv\/?s={search_term_string}"},"query-input":{"@type":"PropertyValueSpecification","valueRequired":true,"valueName":"search_term_string"}}],"inLanguage":"en-US"},{"@type":"Organization","@id":"https:\/\/www.facecorner.lv\/#organization","name":"Facecorner","url":"https:\/\/www.facecorner.lv\/","logo":{"@type":"ImageObject","inLanguage":"en-US","@id":"https:\/\/www.facecorner.lv\/#\/schema\/logo\/image\/","url":"https:\/\/www.facecorner.lv\/wp-content\/uploads\/2024\/04\/fc-logo.jpg","contentUrl":"https:\/\/www.facecorner.lv\/wp-content\/uploads\/2024\/04\/fc-logo.jpg","width":174,"height":28,"caption":"Facecorner"},"image":{"@id":"https:\/\/www.facecorner.lv\/#\/schema\/logo\/image\/"},"sameAs":["https:\/\/www.facebook.com\/profile.php?id=100063824551839","https:\/\/www.instagram.com\/facecorner_shop\/"]}]},"product_price_amount":"28.00","product_price_currency":"EUR","og_availability":"out of stock","product_availability":"out of stock","product_condition":"new"},"_links":{"self":[{"href":"https:\/\/www.facecorner.lv\/en\/wp-json\/wp\/v2\/product\/24884","targetHints":{"allow":["GET"]}}],"collection":[{"href":"https:\/\/www.facecorner.lv\/en\/wp-json\/wp\/v2\/product"}],"about":[{"href":"https:\/\/www.facecorner.lv\/en\/wp-json\/wp\/v2\/types\/product"}],"replies":[{"embeddable":true,"href":"https:\/\/www.facecorner.lv\/en\/wp-json\/wp\/v2\/comments?post=24884"}],"wp:featuredmedia":[{"embeddable":true,"href":"https:\/\/www.facecorner.lv\/en\/wp-json\/wp\/v2\/media\/24885"}],"wp:attachment":[{"href":"https:\/\/www.facecorner.lv\/en\/wp-json\/wp\/v2\/media?parent=24884"}],"wp:term":[{"taxonomy":"product_brand","embeddable":true,"href":"https:\/\/www.facecorner.lv\/en\/wp-json\/wp\/v2\/product_brand?post=24884"},{"taxonomy":"product_cat","embeddable":true,"href":"https:\/\/www.facecorner.lv\/en\/wp-json\/wp\/v2\/product_cat?post=24884"},{"taxonomy":"product_tag","embeddable":true,"href":"https:\/\/www.facecorner.lv\/en\/wp-json\/wp\/v2\/product_tag?post=24884"},{"taxonomy":"berocket_brand","embeddable":true,"href":"https:\/\/www.facecorner.lv\/en\/wp-json\/wp\/v2\/berocket_brand?post=24884"}],"curies":[{"name":"wp","href":"https:\/\/api.w.org\/{rel}","templated":true}]}}