{"id":24760,"date":"2025-07-13T22:05:29","date_gmt":"2025-07-13T19:05:29","guid":{"rendered":"https:\/\/www.facecorner.lv\/?post_type=product&#038;p=24760"},"modified":"2025-10-01T13:11:42","modified_gmt":"2025-10-01T10:11:42","slug":"vt-cosmetics-tx-toning-essence-1000-shot-30ml","status":"publish","type":"product","link":"https:\/\/www.facecorner.lv\/en\/shop\/vt-cosmetics-tx-toning-essence-1000-shot-30ml\/","title":{"rendered":"VT Cosmetics Tx-toning Essence 1000 shot 30ml"},"content":{"rendered":"<p>VT Cosmetics Tx-toning Essence 1000 shot toniz\u0113jo\u0161\u0101 esence ir piem\u0113rota visiem \u0101das tipiem ikdienas lieto\u0161anai.<br \/>\nT\u0101 samazina hiperpigment\u0101ciju un pal\u012bdz pan\u0101kt vienm\u0113r\u012bgu \u0101das toni.<\/p>\n<p>TX-Toning l\u012bnijas produkti satur VT patent\u0113tu sast\u0101vda\u013cu TX Capsule, kas nodro\u0161ina nevainojamu melan\u012bna kop\u0161anu, nov\u0113r\u0161ot \u0101das boj\u0101jumus, hiperpigment\u0101ciju, tum\u0161os plankumus un citus \u0101das boj\u0101jumus.<\/p>\n<ul>\n<li>Sast\u0101v no patent\u0113t\u0101m TX kapsul\u0101m, kas efekt\u012bvi pieg\u0101d\u0101 akt\u012bv\u0101s sast\u0101vda\u013cas dzi\u013ci \u0101d\u0101, lai nodro\u0161in\u0101tu \u0101das mirdzumu.<\/li>\n<li>Viegla \u016bdens pilienu tekst\u016bra: \u0101tri uzs\u016bco\u0161s serums palielina \u0101das mirdzumu un nodro\u0161ina baro\u0161anu, padarot \u0101du gludu, vesel\u012bgu un dabiski ro\u017eainu.<\/li>\n<li>\u0160\u012b nomierino\u0161\u0101 formula, kas izstr\u0101d\u0101ta visiem \u0101das tipiem, tostarp jut\u012bgai \u0101dai, viegli kl\u0101jas uz \u0101das un atst\u0101j svaigu, nelip\u012bgu fini\u0161u.<\/li>\n<li>100 % bez smar\u017eviel\u0101m un bez arom\u0101ta, t\u0101p\u0113c tas ir ide\u0101li piem\u0113rots jut\u012bgai \u0101dai un tiem, kas dod priek\u0161roku \u0101das kop\u0161anai bez pievienot\u0101m smar\u017eviel\u0101m.<\/li>\n<\/ul>\n<p><strong>How to use:<\/strong>: P\u0113c att\u012br\u012b\u0161anas vienm\u0113r\u012bgi uzkl\u0101jiet uz sejas no r\u012bta un vakar\u0101.<\/p>\n<p><strong>Sast\u0101vs<\/strong>: Water, Glycerin, Tranexamic Acid, Niacinamide, 1,2-Hexanediol, Allantoin, Xanthan Gum, Acrylates\/C10-30 Alkyl Acrylate Crosspolymer, Carbomer, Ethylhexylglycerin, Dipotassium Glycyrrhizate, Adenosine, Disodium EDTA, Sodium Hyaluronate, Hydrogenated Lecithin, Macadamia Ternifolia Seed Oil, Squalane, Glutathione, Glycyrrhizic Acid, Ceramide NP, Stearic Acid, Cholesterol, Hydrolyzed Hyaluronic Acid<\/p>\n<p>&nbsp;<\/p>","protected":false},"excerpt":{"rendered":"<p>VT Cosmetics Tx-toning Essence 1000 shot toniz\u0113jo\u0161\u0101 esence ir piem\u0113rota visiem \u0101das tipiem ikdienas lieto\u0161anai.<\/p>","protected":false},"featured_media":24761,"comment_status":"open","ping_status":"closed","template":"","meta":{"site-sidebar-layout":"default","site-content-layout":"","ast-site-content-layout":"default","site-content-style":"default","site-sidebar-style":"default","ast-global-header-display":"","ast-banner-title-visibility":"","ast-main-header-display":"","ast-hfb-above-header-display":"","ast-hfb-below-header-display":"","ast-hfb-mobile-header-display":"","site-post-title":"","ast-breadcrumbs-content":"","ast-featured-img":"","footer-sml-layout":"","theme-transparent-header-meta":"default","adv-header-id-meta":"","stick-header-meta":"","header-above-stick-meta":"","header-main-stick-meta":"","header-below-stick-meta":"","astra-migrate-meta-layouts":"set","ast-page-background-enabled":"default","ast-page-background-meta":{"desktop":{"background-color":"var(--ast-global-color-4)","background-image":"","background-repeat":"repeat","background-position":"center center","background-size":"auto","background-attachment":"scroll","background-type":"","background-media":"","overlay-type":"","overlay-color":"","overlay-opacity":"","overlay-gradient":""},"tablet":{"background-color":"","background-image":"","background-repeat":"repeat","background-position":"center center","background-size":"auto","background-attachment":"scroll","background-type":"","background-media":"","overlay-type":"","overlay-color":"","overlay-opacity":"","overlay-gradient":""},"mobile":{"background-color":"","background-image":"","background-repeat":"repeat","background-position":"center center","background-size":"auto","background-attachment":"scroll","background-type":"","background-media":"","overlay-type":"","overlay-color":"","overlay-opacity":"","overlay-gradient":""}},"ast-content-background-meta":{"desktop":{"background-color":"var(--ast-global-color-5)","background-image":"","background-repeat":"repeat","background-position":"center center","background-size":"auto","background-attachment":"scroll","background-type":"","background-media":"","overlay-type":"","overlay-color":"","overlay-opacity":"","overlay-gradient":""},"tablet":{"background-color":"var(--ast-global-color-5)","background-image":"","background-repeat":"repeat","background-position":"center center","background-size":"auto","background-attachment":"scroll","background-type":"","background-media":"","overlay-type":"","overlay-color":"","overlay-opacity":"","overlay-gradient":""},"mobile":{"background-color":"var(--ast-global-color-5)","background-image":"","background-repeat":"repeat","background-position":"center center","background-size":"auto","background-attachment":"scroll","background-type":"","background-media":"","overlay-type":"","overlay-color":"","overlay-opacity":"","overlay-gradient":""}}},"product_brand":[],"product_cat":[370,371,363],"product_tag":[],"berocket_brand":[582],"class_list":{"0":"post-24760","1":"product","2":"type-product","3":"status-publish","4":"has-post-thumbnail","6":"product_cat-adas-mirdzumam","7":"product_cat-anti-age","8":"product_cat-serumi","9":"berocket_brand-vt","10":"desktop-align-left","11":"tablet-align-left","12":"mobile-align-left","14":"first","15":"instock","16":"taxable","17":"shipping-taxable","18":"purchasable","19":"product-type-simple","20":"add-to-wishlist-before_image"},"yoast_head":"<!-- This site is optimized with the Yoast SEO plugin v27.4 - https:\/\/yoast.com\/product\/yoast-seo-wordpress\/ -->\n<title>VT Cosmetics Tx-toning Essence 1000 shot 30ml - FACECORNER<\/title>\n<meta name=\"description\" content=\"VT Cosmetics Tx-toning Essence 1000 shot toniz\u0113jo\u0161\u0101 esence ir piem\u0113rota visiem \u0101das tipiem ikdienas lieto\u0161anai.T\u0101 samazina hiperpigment\u0101ciju\" \/>\n<meta name=\"robots\" content=\"index, follow, max-snippet:-1, max-image-preview:large, max-video-preview:-1\" \/>\n<link rel=\"canonical\" href=\"https:\/\/www.facecorner.lv\/en\/shop\/vt-cosmetics-tx-toning-essence-1000-shot-30ml\/\" \/>\n<meta property=\"og:locale\" content=\"en_US\" \/>\n<meta property=\"og:type\" content=\"article\" \/>\n<meta property=\"og:title\" content=\"VT Cosmetics Tx-toning Essence 1000 shot 30ml - FACECORNER\" \/>\n<meta property=\"og:description\" content=\"VT Cosmetics Tx-toning Essence 1000 shot toniz\u0113jo\u0161\u0101 esence ir piem\u0113rota visiem \u0101das tipiem ikdienas lieto\u0161anai.T\u0101 samazina hiperpigment\u0101ciju\" \/>\n<meta property=\"og:url\" content=\"https:\/\/www.facecorner.lv\/en\/shop\/vt-cosmetics-tx-toning-essence-1000-shot-30ml\/\" \/>\n<meta property=\"og:site_name\" content=\"FACECORNER\" \/>\n<meta property=\"article:publisher\" content=\"https:\/\/www.facebook.com\/profile.php?id=100063824551839\" \/>\n<meta property=\"article:modified_time\" content=\"2025-10-01T10:11:42+00:00\" \/>\n<meta property=\"og:image\" content=\"https:\/\/www.facecorner.lv\/wp-content\/uploads\/2025\/07\/1_ed4102c5-1dca-463f-a42a-c8e2779c96c9.webp\" \/>\n\t<meta property=\"og:image:width\" content=\"1946\" \/>\n\t<meta property=\"og:image:height\" content=\"1946\" \/>\n\t<meta property=\"og:image:type\" content=\"image\/webp\" \/>\n<meta name=\"twitter:card\" content=\"summary_large_image\" \/>\n<meta name=\"twitter:label1\" content=\"Price\" \/>\n\t<meta name=\"twitter:data1\" content=\"&euro;23.90\" \/>\n\t<meta name=\"twitter:label2\" content=\"Availability\" \/>\n\t<meta name=\"twitter:data2\" content=\"In stock\" \/>\n<script type=\"application\/ld+json\" class=\"yoast-schema-graph\">{\"@context\":\"https:\\\/\\\/schema.org\",\"@graph\":[{\"@type\":\"WebPage\",\"@id\":\"https:\\\/\\\/www.facecorner.lv\\\/shop\\\/vt-cosmetics-tx-toning-essence-1000-shot-30ml\\\/\",\"url\":\"https:\\\/\\\/www.facecorner.lv\\\/shop\\\/vt-cosmetics-tx-toning-essence-1000-shot-30ml\\\/\",\"name\":\"VT Cosmetics Tx-toning Essence 1000 shot 30ml - FACECORNER\",\"isPartOf\":{\"@id\":\"https:\\\/\\\/www.facecorner.lv\\\/#website\"},\"primaryImageOfPage\":{\"@id\":\"https:\\\/\\\/www.facecorner.lv\\\/shop\\\/vt-cosmetics-tx-toning-essence-1000-shot-30ml\\\/#primaryimage\"},\"image\":{\"@id\":\"https:\\\/\\\/www.facecorner.lv\\\/shop\\\/vt-cosmetics-tx-toning-essence-1000-shot-30ml\\\/#primaryimage\"},\"thumbnailUrl\":\"https:\\\/\\\/www.facecorner.lv\\\/wp-content\\\/uploads\\\/2025\\\/07\\\/1_ed4102c5-1dca-463f-a42a-c8e2779c96c9.webp\",\"datePublished\":\"2025-07-13T19:05:29+00:00\",\"dateModified\":\"2025-10-01T10:11:42+00:00\",\"description\":\"VT Cosmetics Tx-toning Essence 1000 shot toniz\u0113jo\u0161\u0101 esence ir piem\u0113rota visiem \u0101das tipiem ikdienas lieto\u0161anai.T\u0101 samazina hiperpigment\u0101ciju\",\"breadcrumb\":{\"@id\":\"https:\\\/\\\/www.facecorner.lv\\\/shop\\\/vt-cosmetics-tx-toning-essence-1000-shot-30ml\\\/#breadcrumb\"},\"inLanguage\":\"en-US\",\"potentialAction\":[{\"@type\":\"ReadAction\",\"target\":[\"https:\\\/\\\/www.facecorner.lv\\\/shop\\\/vt-cosmetics-tx-toning-essence-1000-shot-30ml\\\/\"]}]},{\"@type\":\"ImageObject\",\"inLanguage\":\"en-US\",\"@id\":\"https:\\\/\\\/www.facecorner.lv\\\/shop\\\/vt-cosmetics-tx-toning-essence-1000-shot-30ml\\\/#primaryimage\",\"url\":\"https:\\\/\\\/www.facecorner.lv\\\/wp-content\\\/uploads\\\/2025\\\/07\\\/1_ed4102c5-1dca-463f-a42a-c8e2779c96c9.webp\",\"contentUrl\":\"https:\\\/\\\/www.facecorner.lv\\\/wp-content\\\/uploads\\\/2025\\\/07\\\/1_ed4102c5-1dca-463f-a42a-c8e2779c96c9.webp\",\"width\":1946,\"height\":1946,\"caption\":\"VT Cosmetics Tx-toning Essence 1000 shot\"},{\"@type\":\"BreadcrumbList\",\"@id\":\"https:\\\/\\\/www.facecorner.lv\\\/shop\\\/vt-cosmetics-tx-toning-essence-1000-shot-30ml\\\/#breadcrumb\",\"itemListElement\":[{\"@type\":\"ListItem\",\"position\":1,\"name\":\"Home\",\"item\":\"https:\\\/\\\/www.facecorner.lv\\\/\"},{\"@type\":\"ListItem\",\"position\":2,\"name\":\"Veikals\",\"item\":\"https:\\\/\\\/www.facecorner.lv\\\/shop\\\/\"},{\"@type\":\"ListItem\",\"position\":3,\"name\":\"VT Cosmetics Tx-toning Essence 1000 shot 30ml\"}]},{\"@type\":\"WebSite\",\"@id\":\"https:\\\/\\\/www.facecorner.lv\\\/#website\",\"url\":\"https:\\\/\\\/www.facecorner.lv\\\/\",\"name\":\"Facecorner\",\"description\":\"\",\"publisher\":{\"@id\":\"https:\\\/\\\/www.facecorner.lv\\\/#organization\"},\"potentialAction\":[{\"@type\":\"SearchAction\",\"target\":{\"@type\":\"EntryPoint\",\"urlTemplate\":\"https:\\\/\\\/www.facecorner.lv\\\/?s={search_term_string}\"},\"query-input\":{\"@type\":\"PropertyValueSpecification\",\"valueRequired\":true,\"valueName\":\"search_term_string\"}}],\"inLanguage\":\"en-US\"},{\"@type\":\"Organization\",\"@id\":\"https:\\\/\\\/www.facecorner.lv\\\/#organization\",\"name\":\"Facecorner\",\"url\":\"https:\\\/\\\/www.facecorner.lv\\\/\",\"logo\":{\"@type\":\"ImageObject\",\"inLanguage\":\"en-US\",\"@id\":\"https:\\\/\\\/www.facecorner.lv\\\/#\\\/schema\\\/logo\\\/image\\\/\",\"url\":\"https:\\\/\\\/www.facecorner.lv\\\/wp-content\\\/uploads\\\/2024\\\/04\\\/fc-logo.jpg\",\"contentUrl\":\"https:\\\/\\\/www.facecorner.lv\\\/wp-content\\\/uploads\\\/2024\\\/04\\\/fc-logo.jpg\",\"width\":174,\"height\":28,\"caption\":\"Facecorner\"},\"image\":{\"@id\":\"https:\\\/\\\/www.facecorner.lv\\\/#\\\/schema\\\/logo\\\/image\\\/\"},\"sameAs\":[\"https:\\\/\\\/www.facebook.com\\\/profile.php?id=100063824551839\",\"https:\\\/\\\/www.instagram.com\\\/facecorner_shop\\\/\"]}]}<\/script>\n<meta property=\"product:price:amount\" content=\"23.90\" \/>\n<meta property=\"product:price:currency\" content=\"EUR\" \/>\n<meta property=\"og:availability\" content=\"instock\" \/>\n<meta property=\"product:availability\" content=\"instock\" \/>\n<meta property=\"product:condition\" content=\"new\" \/>\n<!-- \/ Yoast SEO plugin. -->","yoast_head_json":{"title":"VT Cosmetics Tx-toning Essence 1000 shot 30ml - FACECORNER","description":"VT Cosmetics Tx-toning Essence 1000 shot toniz\u0113jo\u0161\u0101 esence ir piem\u0113rota visiem \u0101das tipiem ikdienas lieto\u0161anai.T\u0101 samazina hiperpigment\u0101ciju","robots":{"index":"index","follow":"follow","max-snippet":"max-snippet:-1","max-image-preview":"max-image-preview:large","max-video-preview":"max-video-preview:-1"},"canonical":"https:\/\/www.facecorner.lv\/en\/shop\/vt-cosmetics-tx-toning-essence-1000-shot-30ml\/","og_locale":"en_US","og_type":"article","og_title":"VT Cosmetics Tx-toning Essence 1000 shot 30ml - FACECORNER","og_description":"VT Cosmetics Tx-toning Essence 1000 shot toniz\u0113jo\u0161\u0101 esence ir piem\u0113rota visiem \u0101das tipiem ikdienas lieto\u0161anai.T\u0101 samazina hiperpigment\u0101ciju","og_url":"https:\/\/www.facecorner.lv\/en\/shop\/vt-cosmetics-tx-toning-essence-1000-shot-30ml\/","og_site_name":"FACECORNER","article_publisher":"https:\/\/www.facebook.com\/profile.php?id=100063824551839","article_modified_time":"2025-10-01T10:11:42+00:00","og_image":[{"width":1946,"height":1946,"url":"https:\/\/www.facecorner.lv\/wp-content\/uploads\/2025\/07\/1_ed4102c5-1dca-463f-a42a-c8e2779c96c9.webp","type":"image\/webp"}],"twitter_card":"summary_large_image","twitter_misc":{"Price":"&euro;23.90","Availability":"In stock"},"schema":{"@context":"https:\/\/schema.org","@graph":[{"@type":"WebPage","@id":"https:\/\/www.facecorner.lv\/shop\/vt-cosmetics-tx-toning-essence-1000-shot-30ml\/","url":"https:\/\/www.facecorner.lv\/shop\/vt-cosmetics-tx-toning-essence-1000-shot-30ml\/","name":"VT Cosmetics Tx-toning Essence 1000 shot 30ml - FACECORNER","isPartOf":{"@id":"https:\/\/www.facecorner.lv\/#website"},"primaryImageOfPage":{"@id":"https:\/\/www.facecorner.lv\/shop\/vt-cosmetics-tx-toning-essence-1000-shot-30ml\/#primaryimage"},"image":{"@id":"https:\/\/www.facecorner.lv\/shop\/vt-cosmetics-tx-toning-essence-1000-shot-30ml\/#primaryimage"},"thumbnailUrl":"https:\/\/www.facecorner.lv\/wp-content\/uploads\/2025\/07\/1_ed4102c5-1dca-463f-a42a-c8e2779c96c9.webp","datePublished":"2025-07-13T19:05:29+00:00","dateModified":"2025-10-01T10:11:42+00:00","description":"VT Cosmetics Tx-toning Essence 1000 shot toniz\u0113jo\u0161\u0101 esence ir piem\u0113rota visiem \u0101das tipiem ikdienas lieto\u0161anai.T\u0101 samazina hiperpigment\u0101ciju","breadcrumb":{"@id":"https:\/\/www.facecorner.lv\/shop\/vt-cosmetics-tx-toning-essence-1000-shot-30ml\/#breadcrumb"},"inLanguage":"en-US","potentialAction":[{"@type":"ReadAction","target":["https:\/\/www.facecorner.lv\/shop\/vt-cosmetics-tx-toning-essence-1000-shot-30ml\/"]}]},{"@type":"ImageObject","inLanguage":"en-US","@id":"https:\/\/www.facecorner.lv\/shop\/vt-cosmetics-tx-toning-essence-1000-shot-30ml\/#primaryimage","url":"https:\/\/www.facecorner.lv\/wp-content\/uploads\/2025\/07\/1_ed4102c5-1dca-463f-a42a-c8e2779c96c9.webp","contentUrl":"https:\/\/www.facecorner.lv\/wp-content\/uploads\/2025\/07\/1_ed4102c5-1dca-463f-a42a-c8e2779c96c9.webp","width":1946,"height":1946,"caption":"VT Cosmetics Tx-toning Essence 1000 shot"},{"@type":"BreadcrumbList","@id":"https:\/\/www.facecorner.lv\/shop\/vt-cosmetics-tx-toning-essence-1000-shot-30ml\/#breadcrumb","itemListElement":[{"@type":"ListItem","position":1,"name":"Home","item":"https:\/\/www.facecorner.lv\/"},{"@type":"ListItem","position":2,"name":"Veikals","item":"https:\/\/www.facecorner.lv\/shop\/"},{"@type":"ListItem","position":3,"name":"VT Cosmetics Tx-toning Essence 1000 shot 30ml"}]},{"@type":"WebSite","@id":"https:\/\/www.facecorner.lv\/#website","url":"https:\/\/www.facecorner.lv\/","name":"Facecorner","description":"","publisher":{"@id":"https:\/\/www.facecorner.lv\/#organization"},"potentialAction":[{"@type":"SearchAction","target":{"@type":"EntryPoint","urlTemplate":"https:\/\/www.facecorner.lv\/?s={search_term_string}"},"query-input":{"@type":"PropertyValueSpecification","valueRequired":true,"valueName":"search_term_string"}}],"inLanguage":"en-US"},{"@type":"Organization","@id":"https:\/\/www.facecorner.lv\/#organization","name":"Facecorner","url":"https:\/\/www.facecorner.lv\/","logo":{"@type":"ImageObject","inLanguage":"en-US","@id":"https:\/\/www.facecorner.lv\/#\/schema\/logo\/image\/","url":"https:\/\/www.facecorner.lv\/wp-content\/uploads\/2024\/04\/fc-logo.jpg","contentUrl":"https:\/\/www.facecorner.lv\/wp-content\/uploads\/2024\/04\/fc-logo.jpg","width":174,"height":28,"caption":"Facecorner"},"image":{"@id":"https:\/\/www.facecorner.lv\/#\/schema\/logo\/image\/"},"sameAs":["https:\/\/www.facebook.com\/profile.php?id=100063824551839","https:\/\/www.instagram.com\/facecorner_shop\/"]}]},"product_price_amount":"23.90","product_price_currency":"EUR","og_availability":"instock","product_availability":"instock","product_condition":"new"},"_links":{"self":[{"href":"https:\/\/www.facecorner.lv\/en\/wp-json\/wp\/v2\/product\/24760","targetHints":{"allow":["GET"]}}],"collection":[{"href":"https:\/\/www.facecorner.lv\/en\/wp-json\/wp\/v2\/product"}],"about":[{"href":"https:\/\/www.facecorner.lv\/en\/wp-json\/wp\/v2\/types\/product"}],"replies":[{"embeddable":true,"href":"https:\/\/www.facecorner.lv\/en\/wp-json\/wp\/v2\/comments?post=24760"}],"wp:featuredmedia":[{"embeddable":true,"href":"https:\/\/www.facecorner.lv\/en\/wp-json\/wp\/v2\/media\/24761"}],"wp:attachment":[{"href":"https:\/\/www.facecorner.lv\/en\/wp-json\/wp\/v2\/media?parent=24760"}],"wp:term":[{"taxonomy":"product_brand","embeddable":true,"href":"https:\/\/www.facecorner.lv\/en\/wp-json\/wp\/v2\/product_brand?post=24760"},{"taxonomy":"product_cat","embeddable":true,"href":"https:\/\/www.facecorner.lv\/en\/wp-json\/wp\/v2\/product_cat?post=24760"},{"taxonomy":"product_tag","embeddable":true,"href":"https:\/\/www.facecorner.lv\/en\/wp-json\/wp\/v2\/product_tag?post=24760"},{"taxonomy":"berocket_brand","embeddable":true,"href":"https:\/\/www.facecorner.lv\/en\/wp-json\/wp\/v2\/berocket_brand?post=24760"}],"curies":[{"name":"wp","href":"https:\/\/api.w.org\/{rel}","templated":true}]}}