{"id":24741,"date":"2025-07-11T15:14:50","date_gmt":"2025-07-11T12:14:50","guid":{"rendered":"https:\/\/www.facecorner.lv\/?post_type=product&#038;p=24741"},"modified":"2026-03-09T14:27:42","modified_gmt":"2026-03-09T11:27:42","slug":"arencia-fresh-calendula-mochi-cleanser-120g","status":"publish","type":"product","link":"https:\/\/www.facecorner.lv\/en\/shop\/arencia-fresh-calendula-mochi-cleanser-120g\/","title":{"rendered":"Arencia Fresh Calendula Mochi Cleanser 120g"},"content":{"rendered":"<p>Arencia Fresh Calendula Mochi Cleanser nomierino\u0161s ikdienas putojo\u0161s t\u012br\u012b\u0161anas l\u012bdzeklis, kas paredz\u0113ts jut\u012bgas vai iekaisu\u0161as \u0101das nomierin\u0101\u0161anai un atjauno\u0161anai.<\/p>\n<p>Ar nomierino\u0161iem kli\u0146\u0123er\u012b\u0161u, sirds lapu un r\u012bsu eksfoliatoriem \u0161is att\u012bro\u0161ais l\u012bdzeklis maigi no\u0146em net\u012brumus, vienlaikus saglab\u0101jot mitrumu, lai \u0101da b\u016btu gluda un starojo\u0161a.<\/p>\n<ul>\n<li>Lieliski piem\u0113rots sausai, jut\u012bgai vai raupjai \u0101dai, kurai nepiecie\u0161ama maiga ikdienas kop\u0161an<\/li>\n<li>Pal\u012bdz mazin\u0101t redzamu aps\u0101rtumu un stiprina \u0101das barjeru.<\/li>\n<li>Kli\u0146\u0123er\u012b\u0161u ekstrakts Nomierino\u0161a augu izcelsmes viela, kas pal\u012bdz nomierin\u0101t un ac\u012bmredzami mazina aps\u0101rtumu, ide\u0101li piem\u0113rota jut\u012bgai \u0101dai.<\/li>\n<\/ul>\n<p>&nbsp;<\/p>\n<ul>\n<li>Sirds lapu ekstrakts Popul\u0101ra K-beauty sast\u0101vda\u013ca, kas paz\u012bstama ar sav\u0101m antibakteri\u0101laj\u0101m un pretiekaisuma \u012bpa\u0161\u012bb\u0101m &#8211; lieliski pal\u012bdz saglab\u0101t jut\u012bgu \u0101du t\u012bru un mier\u012bgu.<\/li>\n<li>Kaktusa stubl\u0101ja ekstrakts Aizsarg\u0101 \u0101du pret mitruma zudumu un stiprina \u0101das barjeru.<\/li>\n<li>R\u012bsu pulveris Dabiski att\u012bra \u0101du no atmiru\u0161aj\u0101m \u0161\u016bn\u0101m un net\u012brumiem, lai sejas \u0101da b\u016btu glud\u0101ka un t\u012br\u0101ka.<\/li>\n<\/ul>\n<p><strong>How to use:<\/strong>: Uz\u0146emiet nelielu daudzumu un saputojiet ar \u016bdeni, lai veidotos maigas putas<br \/>\nAr ap\u013cveida kust\u012bb\u0101m maigi iemas\u0113jiet seju, piev\u0113r\u0161ot uzman\u012bbu saus\u0101m vai lobo\u0161\u0101m viet\u0101m<br \/>\nR\u016bp\u012bgi noskalojiet ar remdenu \u016bdeni un nosusiniet.<\/p>\n<p><strong>Sast\u0101vs:<\/strong> Glycerin, Water, Sodium Cocoyl Isethionate, Sodium Cocoyl Glycinate, Prunus Amygdalus Dulcis (Sweet Almond) Seedcake Extract, 1,2-Hexanediol, Coconut Acid, Sodium Methyl Cocoyl Taurate, Cellulose, Oryza Sativa (Rice) Powder, Sodium Isethionate, Pyrus Malus (Apple) Fiber, Hamamelis Virginiana (Witch Hazel) Extract, Glyceryl Stearate, Hydroxypropyl Starch Phosphate, Sodium Chloride, Xanthan Gum, Fragrance, Gardenia Florida Fruit Extract, Ethylhexylglycerin, Dextrin, Disodium EDTA, Calendula Officinalis Flower Extract (1ppm), Houttuynia Cordata Extract, Opuntia Ficus-Indica Stem Extract<\/p>","protected":false},"excerpt":{"rendered":"<p>Arencia Fresh Calendula Mochi Cleanser nomierino\u0161s ikdienas putojo\u0161s t\u012br\u012b\u0161anas l\u012bdzeklis, kas paredz\u0113ts jut\u012bgas vai iekaisu\u0161as \u0101das nomierin\u0101\u0161anai un atjauno\u0161anai.<\/p>","protected":false},"featured_media":25711,"comment_status":"open","ping_status":"closed","template":"","meta":{"site-sidebar-layout":"default","site-content-layout":"","ast-site-content-layout":"default","site-content-style":"default","site-sidebar-style":"default","ast-global-header-display":"","ast-banner-title-visibility":"","ast-main-header-display":"","ast-hfb-above-header-display":"","ast-hfb-below-header-display":"","ast-hfb-mobile-header-display":"","site-post-title":"","ast-breadcrumbs-content":"","ast-featured-img":"","footer-sml-layout":"","theme-transparent-header-meta":"default","adv-header-id-meta":"","stick-header-meta":"","header-above-stick-meta":"","header-main-stick-meta":"","header-below-stick-meta":"","astra-migrate-meta-layouts":"set","ast-page-background-enabled":"default","ast-page-background-meta":{"desktop":{"background-color":"var(--ast-global-color-4)","background-image":"","background-repeat":"repeat","background-position":"center center","background-size":"auto","background-attachment":"scroll","background-type":"","background-media":"","overlay-type":"","overlay-color":"","overlay-opacity":"","overlay-gradient":""},"tablet":{"background-color":"","background-image":"","background-repeat":"repeat","background-position":"center center","background-size":"auto","background-attachment":"scroll","background-type":"","background-media":"","overlay-type":"","overlay-color":"","overlay-opacity":"","overlay-gradient":""},"mobile":{"background-color":"","background-image":"","background-repeat":"repeat","background-position":"center center","background-size":"auto","background-attachment":"scroll","background-type":"","background-media":"","overlay-type":"","overlay-color":"","overlay-opacity":"","overlay-gradient":""}},"ast-content-background-meta":{"desktop":{"background-color":"var(--ast-global-color-5)","background-image":"","background-repeat":"repeat","background-position":"center center","background-size":"auto","background-attachment":"scroll","background-type":"","background-media":"","overlay-type":"","overlay-color":"","overlay-opacity":"","overlay-gradient":""},"tablet":{"background-color":"var(--ast-global-color-5)","background-image":"","background-repeat":"repeat","background-position":"center center","background-size":"auto","background-attachment":"scroll","background-type":"","background-media":"","overlay-type":"","overlay-color":"","overlay-opacity":"","overlay-gradient":""},"mobile":{"background-color":"var(--ast-global-color-5)","background-image":"","background-repeat":"repeat","background-position":"center center","background-size":"auto","background-attachment":"scroll","background-type":"","background-media":"","overlay-type":"","overlay-color":"","overlay-opacity":"","overlay-gradient":""}}},"product_brand":[],"product_cat":[511,310,321,435,311,313,317],"product_tag":[],"berocket_brand":[635],"class_list":{"0":"post-24741","1":"product","2":"type-product","3":"status-publish","4":"has-post-thumbnail","6":"product_cat-atlaides","7":"product_cat-attirisana","8":"product_cat-hidrofila-ella","9":"product_cat-jaunumi","10":"product_cat-jutigai-adai-attirisana","11":"product_cat-problematiskai-adai-attirisana","12":"product_cat-sausai-adai-attirisana","13":"berocket_brand-arencia","14":"desktop-align-left","15":"tablet-align-left","16":"mobile-align-left","18":"first","19":"outofstock","20":"sale","21":"taxable","22":"shipping-taxable","23":"purchasable","24":"product-type-simple","25":"add-to-wishlist-before_image"},"yoast_head":"<!-- This site is optimized with the Yoast SEO plugin v27.4 - https:\/\/yoast.com\/product\/yoast-seo-wordpress\/ -->\n<title>Arencia Fresh Calendula Mochi Cleanser 120g - FACECORNER<\/title>\n<meta name=\"description\" content=\"Arencia Fresh Calendula Mochi Cleanser nomierino\u0161s ikdienas putojo\u0161s t\u012br\u012b\u0161anas l\u012bdzeklis, kas paredz\u0113ts jut\u012bgas vai iekaisu\u0161as \u0101das nomierin\u0101\u0161anai\" \/>\n<meta name=\"robots\" content=\"index, follow, max-snippet:-1, max-image-preview:large, max-video-preview:-1\" \/>\n<link rel=\"canonical\" href=\"https:\/\/www.facecorner.lv\/en\/shop\/arencia-fresh-calendula-mochi-cleanser-120g\/\" \/>\n<meta property=\"og:locale\" content=\"en_US\" \/>\n<meta property=\"og:type\" content=\"article\" \/>\n<meta property=\"og:title\" content=\"Arencia Fresh Calendula Mochi Cleanser 120g - FACECORNER\" \/>\n<meta property=\"og:description\" content=\"Arencia Fresh Calendula Mochi Cleanser nomierino\u0161s ikdienas putojo\u0161s t\u012br\u012b\u0161anas l\u012bdzeklis, kas paredz\u0113ts jut\u012bgas vai iekaisu\u0161as \u0101das nomierin\u0101\u0161anai\" \/>\n<meta property=\"og:url\" content=\"https:\/\/www.facecorner.lv\/en\/shop\/arencia-fresh-calendula-mochi-cleanser-120g\/\" \/>\n<meta property=\"og:site_name\" content=\"FACECORNER\" \/>\n<meta property=\"article:publisher\" content=\"https:\/\/www.facebook.com\/profile.php?id=100063824551839\" \/>\n<meta property=\"article:modified_time\" content=\"2026-03-09T11:27:42+00:00\" \/>\n<meta property=\"og:image\" content=\"https:\/\/www.facecorner.lv\/wp-content\/uploads\/2025\/07\/Arencia-Calendula-Rice-Mochi-Cleanser-500x500-1.webp\" \/>\n\t<meta property=\"og:image:width\" content=\"500\" \/>\n\t<meta property=\"og:image:height\" content=\"500\" \/>\n\t<meta property=\"og:image:type\" content=\"image\/webp\" \/>\n<meta name=\"twitter:card\" content=\"summary_large_image\" \/>\n<meta name=\"twitter:label1\" content=\"Price\" \/>\n\t<meta name=\"twitter:data1\" content=\"&euro;28.90\" \/>\n\t<meta name=\"twitter:label2\" content=\"Availability\" \/>\n\t<meta name=\"twitter:data2\" content=\"Out of stock\" \/>\n<script type=\"application\/ld+json\" class=\"yoast-schema-graph\">{\"@context\":\"https:\\\/\\\/schema.org\",\"@graph\":[{\"@type\":\"WebPage\",\"@id\":\"https:\\\/\\\/www.facecorner.lv\\\/shop\\\/arencia-fresh-calendula-mochi-cleanser-120g\\\/\",\"url\":\"https:\\\/\\\/www.facecorner.lv\\\/shop\\\/arencia-fresh-calendula-mochi-cleanser-120g\\\/\",\"name\":\"Arencia Fresh Calendula Mochi Cleanser 120g - FACECORNER\",\"isPartOf\":{\"@id\":\"https:\\\/\\\/www.facecorner.lv\\\/#website\"},\"primaryImageOfPage\":{\"@id\":\"https:\\\/\\\/www.facecorner.lv\\\/shop\\\/arencia-fresh-calendula-mochi-cleanser-120g\\\/#primaryimage\"},\"image\":{\"@id\":\"https:\\\/\\\/www.facecorner.lv\\\/shop\\\/arencia-fresh-calendula-mochi-cleanser-120g\\\/#primaryimage\"},\"thumbnailUrl\":\"https:\\\/\\\/www.facecorner.lv\\\/wp-content\\\/uploads\\\/2025\\\/07\\\/Arencia-Calendula-Rice-Mochi-Cleanser-500x500-1.webp\",\"datePublished\":\"2025-07-11T12:14:50+00:00\",\"dateModified\":\"2026-03-09T11:27:42+00:00\",\"description\":\"Arencia Fresh Calendula Mochi Cleanser nomierino\u0161s ikdienas putojo\u0161s t\u012br\u012b\u0161anas l\u012bdzeklis, kas paredz\u0113ts jut\u012bgas vai iekaisu\u0161as \u0101das nomierin\u0101\u0161anai\",\"breadcrumb\":{\"@id\":\"https:\\\/\\\/www.facecorner.lv\\\/shop\\\/arencia-fresh-calendula-mochi-cleanser-120g\\\/#breadcrumb\"},\"inLanguage\":\"en-US\",\"potentialAction\":[{\"@type\":\"ReadAction\",\"target\":[\"https:\\\/\\\/www.facecorner.lv\\\/shop\\\/arencia-fresh-calendula-mochi-cleanser-120g\\\/\"]}]},{\"@type\":\"ImageObject\",\"inLanguage\":\"en-US\",\"@id\":\"https:\\\/\\\/www.facecorner.lv\\\/shop\\\/arencia-fresh-calendula-mochi-cleanser-120g\\\/#primaryimage\",\"url\":\"https:\\\/\\\/www.facecorner.lv\\\/wp-content\\\/uploads\\\/2025\\\/07\\\/Arencia-Calendula-Rice-Mochi-Cleanser-500x500-1.webp\",\"contentUrl\":\"https:\\\/\\\/www.facecorner.lv\\\/wp-content\\\/uploads\\\/2025\\\/07\\\/Arencia-Calendula-Rice-Mochi-Cleanser-500x500-1.webp\",\"width\":500,\"height\":500,\"caption\":\"Arencia Fresh Calendula Mochi Cleanser 120g\"},{\"@type\":\"BreadcrumbList\",\"@id\":\"https:\\\/\\\/www.facecorner.lv\\\/shop\\\/arencia-fresh-calendula-mochi-cleanser-120g\\\/#breadcrumb\",\"itemListElement\":[{\"@type\":\"ListItem\",\"position\":1,\"name\":\"Home\",\"item\":\"https:\\\/\\\/www.facecorner.lv\\\/\"},{\"@type\":\"ListItem\",\"position\":2,\"name\":\"Veikals\",\"item\":\"https:\\\/\\\/www.facecorner.lv\\\/shop\\\/\"},{\"@type\":\"ListItem\",\"position\":3,\"name\":\"Arencia Fresh Calendula Mochi Cleanser 120g\"}]},{\"@type\":\"WebSite\",\"@id\":\"https:\\\/\\\/www.facecorner.lv\\\/#website\",\"url\":\"https:\\\/\\\/www.facecorner.lv\\\/\",\"name\":\"Facecorner\",\"description\":\"\",\"publisher\":{\"@id\":\"https:\\\/\\\/www.facecorner.lv\\\/#organization\"},\"potentialAction\":[{\"@type\":\"SearchAction\",\"target\":{\"@type\":\"EntryPoint\",\"urlTemplate\":\"https:\\\/\\\/www.facecorner.lv\\\/?s={search_term_string}\"},\"query-input\":{\"@type\":\"PropertyValueSpecification\",\"valueRequired\":true,\"valueName\":\"search_term_string\"}}],\"inLanguage\":\"en-US\"},{\"@type\":\"Organization\",\"@id\":\"https:\\\/\\\/www.facecorner.lv\\\/#organization\",\"name\":\"Facecorner\",\"url\":\"https:\\\/\\\/www.facecorner.lv\\\/\",\"logo\":{\"@type\":\"ImageObject\",\"inLanguage\":\"en-US\",\"@id\":\"https:\\\/\\\/www.facecorner.lv\\\/#\\\/schema\\\/logo\\\/image\\\/\",\"url\":\"https:\\\/\\\/www.facecorner.lv\\\/wp-content\\\/uploads\\\/2024\\\/04\\\/fc-logo.jpg\",\"contentUrl\":\"https:\\\/\\\/www.facecorner.lv\\\/wp-content\\\/uploads\\\/2024\\\/04\\\/fc-logo.jpg\",\"width\":174,\"height\":28,\"caption\":\"Facecorner\"},\"image\":{\"@id\":\"https:\\\/\\\/www.facecorner.lv\\\/#\\\/schema\\\/logo\\\/image\\\/\"},\"sameAs\":[\"https:\\\/\\\/www.facebook.com\\\/profile.php?id=100063824551839\",\"https:\\\/\\\/www.instagram.com\\\/facecorner_shop\\\/\"]}]}<\/script>\n<meta property=\"product:price:amount\" content=\"28.90\" \/>\n<meta property=\"product:price:currency\" content=\"EUR\" \/>\n<meta property=\"og:availability\" content=\"out of stock\" \/>\n<meta property=\"product:availability\" content=\"out of stock\" \/>\n<meta property=\"product:condition\" content=\"new\" \/>\n<!-- \/ Yoast SEO plugin. -->","yoast_head_json":{"title":"Arencia Fresh Calendula Mochi Cleanser 120g - FACECORNER","description":"Arencia Fresh Calendula Mochi Cleanser nomierino\u0161s ikdienas putojo\u0161s t\u012br\u012b\u0161anas l\u012bdzeklis, kas paredz\u0113ts jut\u012bgas vai iekaisu\u0161as \u0101das nomierin\u0101\u0161anai","robots":{"index":"index","follow":"follow","max-snippet":"max-snippet:-1","max-image-preview":"max-image-preview:large","max-video-preview":"max-video-preview:-1"},"canonical":"https:\/\/www.facecorner.lv\/en\/shop\/arencia-fresh-calendula-mochi-cleanser-120g\/","og_locale":"en_US","og_type":"article","og_title":"Arencia Fresh Calendula Mochi Cleanser 120g - FACECORNER","og_description":"Arencia Fresh Calendula Mochi Cleanser nomierino\u0161s ikdienas putojo\u0161s t\u012br\u012b\u0161anas l\u012bdzeklis, kas paredz\u0113ts jut\u012bgas vai iekaisu\u0161as \u0101das nomierin\u0101\u0161anai","og_url":"https:\/\/www.facecorner.lv\/en\/shop\/arencia-fresh-calendula-mochi-cleanser-120g\/","og_site_name":"FACECORNER","article_publisher":"https:\/\/www.facebook.com\/profile.php?id=100063824551839","article_modified_time":"2026-03-09T11:27:42+00:00","og_image":[{"width":500,"height":500,"url":"https:\/\/www.facecorner.lv\/wp-content\/uploads\/2025\/07\/Arencia-Calendula-Rice-Mochi-Cleanser-500x500-1.webp","type":"image\/webp"}],"twitter_card":"summary_large_image","twitter_misc":{"Price":"&euro;28.90","Availability":"Out of stock"},"schema":{"@context":"https:\/\/schema.org","@graph":[{"@type":"WebPage","@id":"https:\/\/www.facecorner.lv\/shop\/arencia-fresh-calendula-mochi-cleanser-120g\/","url":"https:\/\/www.facecorner.lv\/shop\/arencia-fresh-calendula-mochi-cleanser-120g\/","name":"Arencia Fresh Calendula Mochi Cleanser 120g - FACECORNER","isPartOf":{"@id":"https:\/\/www.facecorner.lv\/#website"},"primaryImageOfPage":{"@id":"https:\/\/www.facecorner.lv\/shop\/arencia-fresh-calendula-mochi-cleanser-120g\/#primaryimage"},"image":{"@id":"https:\/\/www.facecorner.lv\/shop\/arencia-fresh-calendula-mochi-cleanser-120g\/#primaryimage"},"thumbnailUrl":"https:\/\/www.facecorner.lv\/wp-content\/uploads\/2025\/07\/Arencia-Calendula-Rice-Mochi-Cleanser-500x500-1.webp","datePublished":"2025-07-11T12:14:50+00:00","dateModified":"2026-03-09T11:27:42+00:00","description":"Arencia Fresh Calendula Mochi Cleanser nomierino\u0161s ikdienas putojo\u0161s t\u012br\u012b\u0161anas l\u012bdzeklis, kas paredz\u0113ts jut\u012bgas vai iekaisu\u0161as \u0101das nomierin\u0101\u0161anai","breadcrumb":{"@id":"https:\/\/www.facecorner.lv\/shop\/arencia-fresh-calendula-mochi-cleanser-120g\/#breadcrumb"},"inLanguage":"en-US","potentialAction":[{"@type":"ReadAction","target":["https:\/\/www.facecorner.lv\/shop\/arencia-fresh-calendula-mochi-cleanser-120g\/"]}]},{"@type":"ImageObject","inLanguage":"en-US","@id":"https:\/\/www.facecorner.lv\/shop\/arencia-fresh-calendula-mochi-cleanser-120g\/#primaryimage","url":"https:\/\/www.facecorner.lv\/wp-content\/uploads\/2025\/07\/Arencia-Calendula-Rice-Mochi-Cleanser-500x500-1.webp","contentUrl":"https:\/\/www.facecorner.lv\/wp-content\/uploads\/2025\/07\/Arencia-Calendula-Rice-Mochi-Cleanser-500x500-1.webp","width":500,"height":500,"caption":"Arencia Fresh Calendula Mochi Cleanser 120g"},{"@type":"BreadcrumbList","@id":"https:\/\/www.facecorner.lv\/shop\/arencia-fresh-calendula-mochi-cleanser-120g\/#breadcrumb","itemListElement":[{"@type":"ListItem","position":1,"name":"Home","item":"https:\/\/www.facecorner.lv\/"},{"@type":"ListItem","position":2,"name":"Veikals","item":"https:\/\/www.facecorner.lv\/shop\/"},{"@type":"ListItem","position":3,"name":"Arencia Fresh Calendula Mochi Cleanser 120g"}]},{"@type":"WebSite","@id":"https:\/\/www.facecorner.lv\/#website","url":"https:\/\/www.facecorner.lv\/","name":"Facecorner","description":"","publisher":{"@id":"https:\/\/www.facecorner.lv\/#organization"},"potentialAction":[{"@type":"SearchAction","target":{"@type":"EntryPoint","urlTemplate":"https:\/\/www.facecorner.lv\/?s={search_term_string}"},"query-input":{"@type":"PropertyValueSpecification","valueRequired":true,"valueName":"search_term_string"}}],"inLanguage":"en-US"},{"@type":"Organization","@id":"https:\/\/www.facecorner.lv\/#organization","name":"Facecorner","url":"https:\/\/www.facecorner.lv\/","logo":{"@type":"ImageObject","inLanguage":"en-US","@id":"https:\/\/www.facecorner.lv\/#\/schema\/logo\/image\/","url":"https:\/\/www.facecorner.lv\/wp-content\/uploads\/2024\/04\/fc-logo.jpg","contentUrl":"https:\/\/www.facecorner.lv\/wp-content\/uploads\/2024\/04\/fc-logo.jpg","width":174,"height":28,"caption":"Facecorner"},"image":{"@id":"https:\/\/www.facecorner.lv\/#\/schema\/logo\/image\/"},"sameAs":["https:\/\/www.facebook.com\/profile.php?id=100063824551839","https:\/\/www.instagram.com\/facecorner_shop\/"]}]},"product_price_amount":"28.90","product_price_currency":"EUR","og_availability":"out of stock","product_availability":"out of stock","product_condition":"new"},"_links":{"self":[{"href":"https:\/\/www.facecorner.lv\/en\/wp-json\/wp\/v2\/product\/24741","targetHints":{"allow":["GET"]}}],"collection":[{"href":"https:\/\/www.facecorner.lv\/en\/wp-json\/wp\/v2\/product"}],"about":[{"href":"https:\/\/www.facecorner.lv\/en\/wp-json\/wp\/v2\/types\/product"}],"replies":[{"embeddable":true,"href":"https:\/\/www.facecorner.lv\/en\/wp-json\/wp\/v2\/comments?post=24741"}],"wp:featuredmedia":[{"embeddable":true,"href":"https:\/\/www.facecorner.lv\/en\/wp-json\/wp\/v2\/media\/25711"}],"wp:attachment":[{"href":"https:\/\/www.facecorner.lv\/en\/wp-json\/wp\/v2\/media?parent=24741"}],"wp:term":[{"taxonomy":"product_brand","embeddable":true,"href":"https:\/\/www.facecorner.lv\/en\/wp-json\/wp\/v2\/product_brand?post=24741"},{"taxonomy":"product_cat","embeddable":true,"href":"https:\/\/www.facecorner.lv\/en\/wp-json\/wp\/v2\/product_cat?post=24741"},{"taxonomy":"product_tag","embeddable":true,"href":"https:\/\/www.facecorner.lv\/en\/wp-json\/wp\/v2\/product_tag?post=24741"},{"taxonomy":"berocket_brand","embeddable":true,"href":"https:\/\/www.facecorner.lv\/en\/wp-json\/wp\/v2\/berocket_brand?post=24741"}],"curies":[{"name":"wp","href":"https:\/\/api.w.org\/{rel}","templated":true}]}}