{"id":24685,"date":"2025-06-30T17:27:44","date_gmt":"2025-06-30T14:27:44","guid":{"rendered":"https:\/\/www.facecorner.lv\/?post_type=product&#038;p=24685"},"modified":"2026-03-19T16:49:23","modified_gmt":"2026-03-19T13:49:23","slug":"vt-cosmetics-pdrn-essence-stick-balm","status":"publish","type":"product","link":"https:\/\/www.facecorner.lv\/en\/shop\/vt-cosmetics-pdrn-essence-stick-balm\/","title":{"rendered":"VT Cosmetics  PDRN Essence Stick Balm"},"content":{"rendered":"<p>VT Cosmetics PDRN Essence Stick Balm \u0101das mirdzumam efekt\u012bvi uzlabo \u0101das tvirtumu un elast\u012bbu, pal\u0113nina vecuma izmai\u0146as, nodro\u0161ina dzi\u013cu mitrin\u0101\u0161anu, atjauno un uztur ide\u0101lu hidrolip\u012bdu l\u012bdzsvaru, dro\u0161i aizsarg\u0101 pret iz\u017e\u016b\u0161anu. Tas pie\u0161\u0137ir \u0101dai vesel\u012bgu un starojo\u0161u izskatu: izz\u016bd bl\u0101vums, rodas vesel\u012bgs iek\u0161\u0113jais mirdzums un komforta saj\u016bta.<\/p>\n<p>Formulas sast\u0101v\u0101 ir Phyto PDRN\u00ae &#8211; patent\u0113ts komplekss uz savva\u013cas \u017ee\u0146\u0161e\u0146a ekstrakta b\u0101zes, kas pa\u0101trina \u0161\u016bnu re\u0123ener\u0101ciju, stimul\u0113 elast\u012bna un kolag\u0113na sint\u0113zi, efekt\u012bvi c\u012bn\u0101s ar pirmaj\u0101m noveco\u0161an\u0101s paz\u012bm\u0113m, redzami savelk sejas ov\u0101lu un izl\u012bdzina mikroreljefu.<\/p>\n<p>Balzama maig\u0101 tekst\u016bra viegli sl\u012bd pa \u0101du, acumirkl\u012b radot skaistu, nelip\u012bgu mirdzumu.<\/p>\n<ul>\n<li>atjaunojo\u0161a iedarb\u012bba<\/li>\n<li>intens\u012bva baro\u0161ana un mitrin\u0101\u0161ana<\/li>\n<li>pa\u0101trin\u0101ta boj\u0101jumu nov\u0113r\u0161ana<\/li>\n<li>vienm\u0113r\u012bgs tonis un skaists mirdzums no iek\u0161puses<\/li>\n<li>epidermas barjeras nostiprin\u0101\u0161ana.<\/li>\n<\/ul>\n<p>Ceram\u012bds NP &#8211; atjauno starp\u0161\u016bnu saites raga sl\u0101n\u012b, uzreiz samazina sausumu un lob\u012b\u0161anos, samazina transepiderm\u0101lo mitruma zudumu, redzami uzlabo \u0101das elast\u012bbu un tvirtumu un samazina grumbu dzi\u013cumu.<\/p>\n<p>Zemmolekul\u0101rais kolag\u0113ns &#8211; izl\u012bdzina grumbas un citus mikroreljefa nel\u012bdzenumus, m\u012bkstina raupjas zonas, nodro\u0161ina uzp\u016b\u0161anas efektu, piepilda ar mitrumu un pie\u0161\u0137ir br\u012bni\u0161\u0137\u012bgu mirdzumu no iek\u0161puses.<\/p>\n<p><strong>How to use:<\/strong> K\u0101 p\u0113d\u0113jo kop\u0161anas soli uzkl\u0101jiet uz \u0101das vajadz\u012bgo l\u012bdzek\u013ca daudzumu.<\/p>\n<p><strong>Sast\u0101vs:<\/strong> <span style=\"font-size: 16px;\">Octyldodecanol, Helianthus Annuus (Sunflower) Seed Oil, Phytosteryl\/Isostearyl\/Cetyl\/Stearyl\/Behenyl Dimer Dilinoleate, Butyrospermum Parkii (Shea) Butter, Synthetic Wax, Microcrystalline Wax, Dipentaerythrityl Hexahydroxystearate\/Hexastearate\/Hexarosinate, Glycerin, Alpha-Bisabolol, Caprylyl Glycol, Glyceryl Caprylate, Adenosine, Aqua, Squalane, Butylene Glycol, Ceramide NP, 1,2-Hexanediol, Polyglyceryl-10 Laurate, Ethylhexylglycerin, Copper Tripeptide-1, Hexapeptide-9, Acetyl Hexapeptide-8, Palmitoyl Pentapeptide-4, Tripeptide-1, Panax Ginseng Root Extract, Collagen Extract, Sodium DNA.<\/span><\/p>\n<div class=\"info_ext_block ordered-block char\"><\/div>\n<p>&nbsp;<\/p>","protected":false},"excerpt":{"rendered":"<p>VT Cosmetics PDRN Essence Stick Balm \u0101das mirdzumam efekt\u012bvi uzlabo \u0101das tvirtumu un elast\u012bbu, pal\u0113nina vecuma izmai\u0146as, nodro\u0161ina dzi\u013cu mitrin\u0101\u0161anu, atjauno un uztur ide\u0101lu hidrolip\u012bdu l\u012bdzsvaru, dro\u0161i aizsarg\u0101 pret iz\u017e\u016b\u0161anu.<\/p>","protected":false},"featured_media":24686,"comment_status":"open","ping_status":"closed","template":"","meta":{"site-sidebar-layout":"default","site-content-layout":"","ast-site-content-layout":"default","site-content-style":"default","site-sidebar-style":"default","ast-global-header-display":"","ast-banner-title-visibility":"","ast-main-header-display":"","ast-hfb-above-header-display":"","ast-hfb-below-header-display":"","ast-hfb-mobile-header-display":"","site-post-title":"","ast-breadcrumbs-content":"","ast-featured-img":"","footer-sml-layout":"","theme-transparent-header-meta":"default","adv-header-id-meta":"","stick-header-meta":"","header-above-stick-meta":"","header-main-stick-meta":"","header-below-stick-meta":"","astra-migrate-meta-layouts":"set","ast-page-background-enabled":"default","ast-page-background-meta":{"desktop":{"background-color":"var(--ast-global-color-4)","background-image":"","background-repeat":"repeat","background-position":"center center","background-size":"auto","background-attachment":"scroll","background-type":"","background-media":"","overlay-type":"","overlay-color":"","overlay-opacity":"","overlay-gradient":""},"tablet":{"background-color":"","background-image":"","background-repeat":"repeat","background-position":"center center","background-size":"auto","background-attachment":"scroll","background-type":"","background-media":"","overlay-type":"","overlay-color":"","overlay-opacity":"","overlay-gradient":""},"mobile":{"background-color":"","background-image":"","background-repeat":"repeat","background-position":"center center","background-size":"auto","background-attachment":"scroll","background-type":"","background-media":"","overlay-type":"","overlay-color":"","overlay-opacity":"","overlay-gradient":""}},"ast-content-background-meta":{"desktop":{"background-color":"var(--ast-global-color-5)","background-image":"","background-repeat":"repeat","background-position":"center center","background-size":"auto","background-attachment":"scroll","background-type":"","background-media":"","overlay-type":"","overlay-color":"","overlay-opacity":"","overlay-gradient":""},"tablet":{"background-color":"var(--ast-global-color-5)","background-image":"","background-repeat":"repeat","background-position":"center center","background-size":"auto","background-attachment":"scroll","background-type":"","background-media":"","overlay-type":"","overlay-color":"","overlay-opacity":"","overlay-gradient":""},"mobile":{"background-color":"var(--ast-global-color-5)","background-image":"","background-repeat":"repeat","background-position":"center center","background-size":"auto","background-attachment":"scroll","background-type":"","background-media":"","overlay-type":"","overlay-color":"","overlay-opacity":"","overlay-gradient":""}}},"product_brand":[],"product_cat":[435,652],"product_tag":[],"berocket_brand":[582],"class_list":{"0":"post-24685","1":"product","2":"type-product","3":"status-publish","4":"has-post-thumbnail","6":"product_cat-jaunumi","7":"product_cat-pdrn","8":"berocket_brand-vt","9":"desktop-align-left","10":"tablet-align-left","11":"mobile-align-left","13":"first","14":"instock","15":"taxable","16":"shipping-taxable","17":"purchasable","18":"product-type-simple","19":"add-to-wishlist-before_image"},"yoast_head":"<!-- This site is optimized with the Yoast SEO plugin v27.4 - https:\/\/yoast.com\/product\/yoast-seo-wordpress\/ -->\n<title>VT Cosmetics PDRN Essence Stick Balm - FACECORNER<\/title>\n<meta name=\"description\" content=\"VT Cosmetics PDRN Essence Stick Balm \u0101das mirdzumam efekt\u012bvi uzlabo \u0101das tvirtumu un elast\u012bbu, pal\u0113nina vecuma izmai\u0146as, nodro\u0161ina dzi\u013cu mitrin\u0101\u0161anu\" \/>\n<meta name=\"robots\" content=\"index, follow, max-snippet:-1, max-image-preview:large, max-video-preview:-1\" \/>\n<link rel=\"canonical\" href=\"https:\/\/www.facecorner.lv\/en\/shop\/vt-cosmetics-pdrn-essence-stick-balm\/\" \/>\n<meta property=\"og:locale\" content=\"en_US\" \/>\n<meta property=\"og:type\" content=\"article\" \/>\n<meta property=\"og:title\" content=\"VT Cosmetics PDRN Essence Stick Balm - FACECORNER\" \/>\n<meta property=\"og:description\" content=\"VT Cosmetics PDRN Essence Stick Balm \u0101das mirdzumam efekt\u012bvi uzlabo \u0101das tvirtumu un elast\u012bbu, pal\u0113nina vecuma izmai\u0146as, nodro\u0161ina dzi\u013cu mitrin\u0101\u0161anu\" \/>\n<meta property=\"og:url\" content=\"https:\/\/www.facecorner.lv\/en\/shop\/vt-cosmetics-pdrn-essence-stick-balm\/\" \/>\n<meta property=\"og:site_name\" content=\"FACECORNER\" \/>\n<meta property=\"article:publisher\" content=\"https:\/\/www.facebook.com\/profile.php?id=100063824551839\" \/>\n<meta property=\"article:modified_time\" content=\"2026-03-19T13:49:23+00:00\" \/>\n<meta property=\"og:image\" content=\"https:\/\/www.facecorner.lv\/wp-content\/uploads\/2025\/06\/1_91018086-6bde-4edf-a28f-a8035fbd240e.webp\" \/>\n\t<meta property=\"og:image:width\" content=\"2000\" \/>\n\t<meta property=\"og:image:height\" content=\"2000\" \/>\n\t<meta property=\"og:image:type\" content=\"image\/webp\" \/>\n<meta name=\"twitter:card\" content=\"summary_large_image\" \/>\n<meta name=\"twitter:label1\" content=\"Price\" \/>\n\t<meta name=\"twitter:data1\" content=\"&euro;26.50\" \/>\n\t<meta name=\"twitter:label2\" content=\"Availability\" \/>\n\t<meta name=\"twitter:data2\" content=\"In stock\" \/>\n<script type=\"application\/ld+json\" class=\"yoast-schema-graph\">{\"@context\":\"https:\\\/\\\/schema.org\",\"@graph\":[{\"@type\":\"WebPage\",\"@id\":\"https:\\\/\\\/www.facecorner.lv\\\/shop\\\/vt-cosmetics-pdrn-essence-stick-balm\\\/\",\"url\":\"https:\\\/\\\/www.facecorner.lv\\\/shop\\\/vt-cosmetics-pdrn-essence-stick-balm\\\/\",\"name\":\"VT Cosmetics PDRN Essence Stick Balm - FACECORNER\",\"isPartOf\":{\"@id\":\"https:\\\/\\\/www.facecorner.lv\\\/#website\"},\"primaryImageOfPage\":{\"@id\":\"https:\\\/\\\/www.facecorner.lv\\\/shop\\\/vt-cosmetics-pdrn-essence-stick-balm\\\/#primaryimage\"},\"image\":{\"@id\":\"https:\\\/\\\/www.facecorner.lv\\\/shop\\\/vt-cosmetics-pdrn-essence-stick-balm\\\/#primaryimage\"},\"thumbnailUrl\":\"https:\\\/\\\/www.facecorner.lv\\\/wp-content\\\/uploads\\\/2025\\\/06\\\/1_91018086-6bde-4edf-a28f-a8035fbd240e.webp\",\"datePublished\":\"2025-06-30T14:27:44+00:00\",\"dateModified\":\"2026-03-19T13:49:23+00:00\",\"description\":\"VT Cosmetics PDRN Essence Stick Balm \u0101das mirdzumam efekt\u012bvi uzlabo \u0101das tvirtumu un elast\u012bbu, pal\u0113nina vecuma izmai\u0146as, nodro\u0161ina dzi\u013cu mitrin\u0101\u0161anu\",\"breadcrumb\":{\"@id\":\"https:\\\/\\\/www.facecorner.lv\\\/shop\\\/vt-cosmetics-pdrn-essence-stick-balm\\\/#breadcrumb\"},\"inLanguage\":\"en-US\",\"potentialAction\":[{\"@type\":\"ReadAction\",\"target\":[\"https:\\\/\\\/www.facecorner.lv\\\/shop\\\/vt-cosmetics-pdrn-essence-stick-balm\\\/\"]}]},{\"@type\":\"ImageObject\",\"inLanguage\":\"en-US\",\"@id\":\"https:\\\/\\\/www.facecorner.lv\\\/shop\\\/vt-cosmetics-pdrn-essence-stick-balm\\\/#primaryimage\",\"url\":\"https:\\\/\\\/www.facecorner.lv\\\/wp-content\\\/uploads\\\/2025\\\/06\\\/1_91018086-6bde-4edf-a28f-a8035fbd240e.webp\",\"contentUrl\":\"https:\\\/\\\/www.facecorner.lv\\\/wp-content\\\/uploads\\\/2025\\\/06\\\/1_91018086-6bde-4edf-a28f-a8035fbd240e.webp\",\"width\":2000,\"height\":2000,\"caption\":\"VT Cosmetics PDRN Essence Stick Balm\"},{\"@type\":\"BreadcrumbList\",\"@id\":\"https:\\\/\\\/www.facecorner.lv\\\/shop\\\/vt-cosmetics-pdrn-essence-stick-balm\\\/#breadcrumb\",\"itemListElement\":[{\"@type\":\"ListItem\",\"position\":1,\"name\":\"Home\",\"item\":\"https:\\\/\\\/www.facecorner.lv\\\/\"},{\"@type\":\"ListItem\",\"position\":2,\"name\":\"Veikals\",\"item\":\"https:\\\/\\\/www.facecorner.lv\\\/shop\\\/\"},{\"@type\":\"ListItem\",\"position\":3,\"name\":\"VT Cosmetics PDRN Essence Stick Balm\"}]},{\"@type\":\"WebSite\",\"@id\":\"https:\\\/\\\/www.facecorner.lv\\\/#website\",\"url\":\"https:\\\/\\\/www.facecorner.lv\\\/\",\"name\":\"Facecorner\",\"description\":\"\",\"publisher\":{\"@id\":\"https:\\\/\\\/www.facecorner.lv\\\/#organization\"},\"potentialAction\":[{\"@type\":\"SearchAction\",\"target\":{\"@type\":\"EntryPoint\",\"urlTemplate\":\"https:\\\/\\\/www.facecorner.lv\\\/?s={search_term_string}\"},\"query-input\":{\"@type\":\"PropertyValueSpecification\",\"valueRequired\":true,\"valueName\":\"search_term_string\"}}],\"inLanguage\":\"en-US\"},{\"@type\":\"Organization\",\"@id\":\"https:\\\/\\\/www.facecorner.lv\\\/#organization\",\"name\":\"Facecorner\",\"url\":\"https:\\\/\\\/www.facecorner.lv\\\/\",\"logo\":{\"@type\":\"ImageObject\",\"inLanguage\":\"en-US\",\"@id\":\"https:\\\/\\\/www.facecorner.lv\\\/#\\\/schema\\\/logo\\\/image\\\/\",\"url\":\"https:\\\/\\\/www.facecorner.lv\\\/wp-content\\\/uploads\\\/2024\\\/04\\\/fc-logo.jpg\",\"contentUrl\":\"https:\\\/\\\/www.facecorner.lv\\\/wp-content\\\/uploads\\\/2024\\\/04\\\/fc-logo.jpg\",\"width\":174,\"height\":28,\"caption\":\"Facecorner\"},\"image\":{\"@id\":\"https:\\\/\\\/www.facecorner.lv\\\/#\\\/schema\\\/logo\\\/image\\\/\"},\"sameAs\":[\"https:\\\/\\\/www.facebook.com\\\/profile.php?id=100063824551839\",\"https:\\\/\\\/www.instagram.com\\\/facecorner_shop\\\/\"]}]}<\/script>\n<meta property=\"product:price:amount\" content=\"26.50\" \/>\n<meta property=\"product:price:currency\" content=\"EUR\" \/>\n<meta property=\"og:availability\" content=\"instock\" \/>\n<meta property=\"product:availability\" content=\"instock\" \/>\n<meta property=\"product:condition\" content=\"new\" \/>\n<!-- \/ Yoast SEO plugin. -->","yoast_head_json":{"title":"VT Cosmetics PDRN Essence Stick Balm - FACECORNER","description":"VT Cosmetics PDRN Essence Stick Balm \u0101das mirdzumam efekt\u012bvi uzlabo \u0101das tvirtumu un elast\u012bbu, pal\u0113nina vecuma izmai\u0146as, nodro\u0161ina dzi\u013cu mitrin\u0101\u0161anu","robots":{"index":"index","follow":"follow","max-snippet":"max-snippet:-1","max-image-preview":"max-image-preview:large","max-video-preview":"max-video-preview:-1"},"canonical":"https:\/\/www.facecorner.lv\/en\/shop\/vt-cosmetics-pdrn-essence-stick-balm\/","og_locale":"en_US","og_type":"article","og_title":"VT Cosmetics PDRN Essence Stick Balm - FACECORNER","og_description":"VT Cosmetics PDRN Essence Stick Balm \u0101das mirdzumam efekt\u012bvi uzlabo \u0101das tvirtumu un elast\u012bbu, pal\u0113nina vecuma izmai\u0146as, nodro\u0161ina dzi\u013cu mitrin\u0101\u0161anu","og_url":"https:\/\/www.facecorner.lv\/en\/shop\/vt-cosmetics-pdrn-essence-stick-balm\/","og_site_name":"FACECORNER","article_publisher":"https:\/\/www.facebook.com\/profile.php?id=100063824551839","article_modified_time":"2026-03-19T13:49:23+00:00","og_image":[{"width":2000,"height":2000,"url":"https:\/\/www.facecorner.lv\/wp-content\/uploads\/2025\/06\/1_91018086-6bde-4edf-a28f-a8035fbd240e.webp","type":"image\/webp"}],"twitter_card":"summary_large_image","twitter_misc":{"Price":"&euro;26.50","Availability":"In stock"},"schema":{"@context":"https:\/\/schema.org","@graph":[{"@type":"WebPage","@id":"https:\/\/www.facecorner.lv\/shop\/vt-cosmetics-pdrn-essence-stick-balm\/","url":"https:\/\/www.facecorner.lv\/shop\/vt-cosmetics-pdrn-essence-stick-balm\/","name":"VT Cosmetics PDRN Essence Stick Balm - FACECORNER","isPartOf":{"@id":"https:\/\/www.facecorner.lv\/#website"},"primaryImageOfPage":{"@id":"https:\/\/www.facecorner.lv\/shop\/vt-cosmetics-pdrn-essence-stick-balm\/#primaryimage"},"image":{"@id":"https:\/\/www.facecorner.lv\/shop\/vt-cosmetics-pdrn-essence-stick-balm\/#primaryimage"},"thumbnailUrl":"https:\/\/www.facecorner.lv\/wp-content\/uploads\/2025\/06\/1_91018086-6bde-4edf-a28f-a8035fbd240e.webp","datePublished":"2025-06-30T14:27:44+00:00","dateModified":"2026-03-19T13:49:23+00:00","description":"VT Cosmetics PDRN Essence Stick Balm \u0101das mirdzumam efekt\u012bvi uzlabo \u0101das tvirtumu un elast\u012bbu, pal\u0113nina vecuma izmai\u0146as, nodro\u0161ina dzi\u013cu mitrin\u0101\u0161anu","breadcrumb":{"@id":"https:\/\/www.facecorner.lv\/shop\/vt-cosmetics-pdrn-essence-stick-balm\/#breadcrumb"},"inLanguage":"en-US","potentialAction":[{"@type":"ReadAction","target":["https:\/\/www.facecorner.lv\/shop\/vt-cosmetics-pdrn-essence-stick-balm\/"]}]},{"@type":"ImageObject","inLanguage":"en-US","@id":"https:\/\/www.facecorner.lv\/shop\/vt-cosmetics-pdrn-essence-stick-balm\/#primaryimage","url":"https:\/\/www.facecorner.lv\/wp-content\/uploads\/2025\/06\/1_91018086-6bde-4edf-a28f-a8035fbd240e.webp","contentUrl":"https:\/\/www.facecorner.lv\/wp-content\/uploads\/2025\/06\/1_91018086-6bde-4edf-a28f-a8035fbd240e.webp","width":2000,"height":2000,"caption":"VT Cosmetics PDRN Essence Stick Balm"},{"@type":"BreadcrumbList","@id":"https:\/\/www.facecorner.lv\/shop\/vt-cosmetics-pdrn-essence-stick-balm\/#breadcrumb","itemListElement":[{"@type":"ListItem","position":1,"name":"Home","item":"https:\/\/www.facecorner.lv\/"},{"@type":"ListItem","position":2,"name":"Veikals","item":"https:\/\/www.facecorner.lv\/shop\/"},{"@type":"ListItem","position":3,"name":"VT Cosmetics PDRN Essence Stick Balm"}]},{"@type":"WebSite","@id":"https:\/\/www.facecorner.lv\/#website","url":"https:\/\/www.facecorner.lv\/","name":"Facecorner","description":"","publisher":{"@id":"https:\/\/www.facecorner.lv\/#organization"},"potentialAction":[{"@type":"SearchAction","target":{"@type":"EntryPoint","urlTemplate":"https:\/\/www.facecorner.lv\/?s={search_term_string}"},"query-input":{"@type":"PropertyValueSpecification","valueRequired":true,"valueName":"search_term_string"}}],"inLanguage":"en-US"},{"@type":"Organization","@id":"https:\/\/www.facecorner.lv\/#organization","name":"Facecorner","url":"https:\/\/www.facecorner.lv\/","logo":{"@type":"ImageObject","inLanguage":"en-US","@id":"https:\/\/www.facecorner.lv\/#\/schema\/logo\/image\/","url":"https:\/\/www.facecorner.lv\/wp-content\/uploads\/2024\/04\/fc-logo.jpg","contentUrl":"https:\/\/www.facecorner.lv\/wp-content\/uploads\/2024\/04\/fc-logo.jpg","width":174,"height":28,"caption":"Facecorner"},"image":{"@id":"https:\/\/www.facecorner.lv\/#\/schema\/logo\/image\/"},"sameAs":["https:\/\/www.facebook.com\/profile.php?id=100063824551839","https:\/\/www.instagram.com\/facecorner_shop\/"]}]},"product_price_amount":"26.50","product_price_currency":"EUR","og_availability":"instock","product_availability":"instock","product_condition":"new"},"_links":{"self":[{"href":"https:\/\/www.facecorner.lv\/en\/wp-json\/wp\/v2\/product\/24685","targetHints":{"allow":["GET"]}}],"collection":[{"href":"https:\/\/www.facecorner.lv\/en\/wp-json\/wp\/v2\/product"}],"about":[{"href":"https:\/\/www.facecorner.lv\/en\/wp-json\/wp\/v2\/types\/product"}],"replies":[{"embeddable":true,"href":"https:\/\/www.facecorner.lv\/en\/wp-json\/wp\/v2\/comments?post=24685"}],"wp:featuredmedia":[{"embeddable":true,"href":"https:\/\/www.facecorner.lv\/en\/wp-json\/wp\/v2\/media\/24686"}],"wp:attachment":[{"href":"https:\/\/www.facecorner.lv\/en\/wp-json\/wp\/v2\/media?parent=24685"}],"wp:term":[{"taxonomy":"product_brand","embeddable":true,"href":"https:\/\/www.facecorner.lv\/en\/wp-json\/wp\/v2\/product_brand?post=24685"},{"taxonomy":"product_cat","embeddable":true,"href":"https:\/\/www.facecorner.lv\/en\/wp-json\/wp\/v2\/product_cat?post=24685"},{"taxonomy":"product_tag","embeddable":true,"href":"https:\/\/www.facecorner.lv\/en\/wp-json\/wp\/v2\/product_tag?post=24685"},{"taxonomy":"berocket_brand","embeddable":true,"href":"https:\/\/www.facecorner.lv\/en\/wp-json\/wp\/v2\/berocket_brand?post=24685"}],"curies":[{"name":"wp","href":"https:\/\/api.w.org\/{rel}","templated":true}]}}