{"id":24678,"date":"2025-06-30T17:02:12","date_gmt":"2025-06-30T14:02:12","guid":{"rendered":"https:\/\/www.facecorner.lv\/?post_type=product&#038;p=24678"},"modified":"2026-03-08T00:02:43","modified_gmt":"2026-03-07T21:02:43","slug":"medicube-pdrn-pink-collagen-toning-gel-toner-pad-70-pads","status":"publish","type":"product","link":"https:\/\/www.facecorner.lv\/en\/shop\/medicube-pdrn-pink-collagen-toning-gel-toner-pad-70-pads\/","title":{"rendered":"Medicube PDRN Pink Collagen Toning Gel Toner Pad 70 pads"},"content":{"rendered":"<p>Medicube PDRN Pink Collagen Toning Gel Toner Pad\u00a0 ir uzlabots tonika, esences un g\u0113la maskas hibr\u012bds &#8211; tas viss \u0113rt\u0101 spilventi\u0146\u0101.<\/p>\n<p>\u0160is roz\u0101 mirdzo\u0161ais jaunums apvieno zin\u0101tni un K-beauty inov\u0101cijas, lai sniegtu J\u016bsu \u0101dai t\u016bl\u012bt\u0113ju &#8220;stiklainas \u0101das&#8221; efektu, vienlaikus akt\u012bvi darbojoties dzi\u013ci, lai stiprin\u0101tu, nomierin\u0101tu un atjaunin\u0101tu \u0101du. Neatkar\u012bgi no t\u0101, vai v\u0113laties atsvaidzin\u0101t noguru\u0161u \u0101du, \u0101rst\u0113t pigment\u0101cijas plankumus vai vienk\u0101r\u0161i pie\u0161\u0137irt \u0101dai ikdienas mirdzuma devu, \u0161ie toniz\u0113jo\u0161ie spilventi\u0146i ir j\u016bsu jaunais lab\u0101kais draugs.<\/p>\n<p>\u0160is toneris satur \u013coti att\u012br\u012btu PDRN 99% la\u0161u DNS.<\/p>\n<ul>\n<li>PRDRN la\u0161u DNS atbalsta \u0101das dabisko atjauno\u0161an\u0101s procesu, pie\u0161\u0137irot tai t\u012br\u0101ku un starojo\u0161\u0101ku sejas tonusu. Kolag\u0113ns iedarbojas nostiprino\u0161i un uzlabo \u0101das elast\u012bbu, padarot \u0101du gludu un starojo\u0161u, savuk\u0101rt niacinam\u012bds un madekasos\u012bds nomierina un uzlabo \u0101das strukt\u016bru.<\/li>\n<li>\u017delejas toniks nodro\u0161ina ilgsto\u0161u mitrin\u0101\u0161anu un dabisku mirdzumu.<\/li>\n<li>Veikta test\u0113\u0161ana, kas nav komedog\u0113na.<\/li>\n<\/ul>\n<p><strong>How to use:<\/strong> Uzkl\u0101jiet spilventi\u0146u uz izv\u0113l\u0113t\u0101m viet\u0101m, piem\u0113ram, vaigu kauliem, pieres vai pigment\u0101cijas plankumiem.Atst\u0101jiet uz \u0101das uz 3-5 min\u016bt\u0113m k\u0101 mini masku.No\u0146emiet un uzkl\u0101jiet atliku\u0161o esenci.<\/p>\n<p><strong>Sast\u0101vs:<\/strong> Water, Glycerin, Methylpropanediol, Niacinamide, Xylitol, Hydroxyacetophenone, Octyldodeceth-16, Diglycerin, Allantoin, Cellulose Gum, Ethylhexylglycerin, Hydroxyethylcellulose, Sodium Citrate, Sodium Gluconate, Dipropylene Glycol, Adenosine, Butylene Glycol, 1,2-Hexanediol, Citric Acid, Cyanocobalamin, Anthemis Nobilis Flower Oil, Pyrus Communis (Pear) Fruit Extract, Rosa Damascena Flower Water, Prunus Persica (Peach) Fruit Extract, Thuja Orientalis Extract, Jasminum Officinale (Jasmine) Flower Water, Citrus Aurantium Amara (Bitter Orange) Flower Extract, Centella Asiatica Extract, Allium Cepa (Onion) Bulb Extract, Chamomilla Recutita (Matricaria) Extract, Salvia Officinalis (Sage) Extract, Rosmarinus Officinalis (Rosemary) Leaf Oil, Hedera Helix (Ivy) Leaf\/Stem Extract, Cucumis Melo (Melon) Fruit Extract, Hibiscus Esculentus Fruit Extract, Carum Petroselinum (Parsley) Extract, Corchorus Olitorius Leaf Extract, Polygonum Cuspidatum Root Extract, Collagen, Artemisia Annua Extract, Nelumbium Speciosum Flower Extract, Oryza Sativa (Rice) Extract, Saccharomyces Ferment, Sodium DNA, Capryloyl Salicylic Acid, Caprylic\/Capric Triglyceride, Hydrogenated Phosphatidylcholine, Sucrose Stearate, Phaseolus Radiatus Seed Extract, Hydrogenated Lecithin, Cetearyl Alcohol, Retinol, Polyglyceryl-10 Myristate, Tocopheryl Acetate, Asiaticoside, Madecassic Acid, Madecassoside, Asiatic Acid.<\/p>","protected":false},"excerpt":{"rendered":"<p>Medicube PDRN Pink Collagen Toning Gel Toner Pad\u00a0 ir uzlabots tonika, esences un g\u0113la maskas hibr\u012bds &#8211; tas viss \u0113rt\u0101 spilventi\u0146\u0101.<\/p>","protected":false},"featured_media":24679,"comment_status":"open","ping_status":"closed","template":"","meta":{"site-sidebar-layout":"default","site-content-layout":"","ast-site-content-layout":"default","site-content-style":"default","site-sidebar-style":"default","ast-global-header-display":"","ast-banner-title-visibility":"","ast-main-header-display":"","ast-hfb-above-header-display":"","ast-hfb-below-header-display":"","ast-hfb-mobile-header-display":"","site-post-title":"","ast-breadcrumbs-content":"","ast-featured-img":"","footer-sml-layout":"","theme-transparent-header-meta":"default","adv-header-id-meta":"","stick-header-meta":"","header-above-stick-meta":"","header-main-stick-meta":"","header-below-stick-meta":"","astra-migrate-meta-layouts":"set","ast-page-background-enabled":"default","ast-page-background-meta":{"desktop":{"background-color":"var(--ast-global-color-4)","background-image":"","background-repeat":"repeat","background-position":"center center","background-size":"auto","background-attachment":"scroll","background-type":"","background-media":"","overlay-type":"","overlay-color":"","overlay-opacity":"","overlay-gradient":""},"tablet":{"background-color":"","background-image":"","background-repeat":"repeat","background-position":"center center","background-size":"auto","background-attachment":"scroll","background-type":"","background-media":"","overlay-type":"","overlay-color":"","overlay-opacity":"","overlay-gradient":""},"mobile":{"background-color":"","background-image":"","background-repeat":"repeat","background-position":"center center","background-size":"auto","background-attachment":"scroll","background-type":"","background-media":"","overlay-type":"","overlay-color":"","overlay-opacity":"","overlay-gradient":""}},"ast-content-background-meta":{"desktop":{"background-color":"var(--ast-global-color-5)","background-image":"","background-repeat":"repeat","background-position":"center center","background-size":"auto","background-attachment":"scroll","background-type":"","background-media":"","overlay-type":"","overlay-color":"","overlay-opacity":"","overlay-gradient":""},"tablet":{"background-color":"var(--ast-global-color-5)","background-image":"","background-repeat":"repeat","background-position":"center center","background-size":"auto","background-attachment":"scroll","background-type":"","background-media":"","overlay-type":"","overlay-color":"","overlay-opacity":"","overlay-gradient":""},"mobile":{"background-color":"var(--ast-global-color-5)","background-image":"","background-repeat":"repeat","background-position":"center center","background-size":"auto","background-attachment":"scroll","background-type":"","background-media":"","overlay-type":"","overlay-color":"","overlay-opacity":"","overlay-gradient":""}}},"product_brand":[],"product_cat":[370,371,372,375,652,670,378,363,364,376],"product_tag":[],"berocket_brand":[579],"class_list":{"0":"post-24678","1":"product","2":"type-product","3":"status-publish","4":"has-post-thumbnail","6":"product_cat-adas-mirdzumam","7":"product_cat-anti-age","8":"product_cat-jutigai-adai-serumi","9":"product_cat-jutigai-adai-toneri","10":"product_cat-pdrn","11":"product_cat-pilinga-diski","12":"product_cat-sausai-adai-toneri","13":"product_cat-serumi","14":"product_cat-toneri","15":"product_cat-kombinetai-adai-toneri","16":"berocket_brand-medicube","17":"desktop-align-left","18":"tablet-align-left","19":"mobile-align-left","21":"first","22":"instock","23":"taxable","24":"shipping-taxable","25":"purchasable","26":"product-type-simple","27":"add-to-wishlist-before_image"},"yoast_head":"<!-- This site is optimized with the Yoast SEO plugin v27.3 - https:\/\/yoast.com\/product\/yoast-seo-wordpress\/ -->\n<title>Medicube PDRN Pink Collagen Toning Gel Toner Pad 70 pads - FACECORNER<\/title>\n<meta name=\"description\" content=\"Medicube PDRN Pink Collagen Toning Gel Toner Pad\u00a0 ir uzlabots tonika, esences un g\u0113la maskas hibr\u012bds - tas viss \u0113rt\u0101 spilventi\u0146\u0101.\" \/>\n<meta name=\"robots\" content=\"index, follow, max-snippet:-1, max-image-preview:large, max-video-preview:-1\" \/>\n<link rel=\"canonical\" href=\"https:\/\/www.facecorner.lv\/en\/shop\/medicube-pdrn-pink-collagen-toning-gel-toner-pad-70-pads\/\" \/>\n<meta property=\"og:locale\" content=\"en_US\" \/>\n<meta property=\"og:type\" content=\"article\" \/>\n<meta property=\"og:title\" content=\"Medicube PDRN Pink Collagen Toning Gel Toner Pad 70 pads - FACECORNER\" \/>\n<meta property=\"og:description\" content=\"Medicube PDRN Pink Collagen Toning Gel Toner Pad\u00a0 ir uzlabots tonika, esences un g\u0113la maskas hibr\u012bds - tas viss \u0113rt\u0101 spilventi\u0146\u0101.\" \/>\n<meta property=\"og:url\" content=\"https:\/\/www.facecorner.lv\/en\/shop\/medicube-pdrn-pink-collagen-toning-gel-toner-pad-70-pads\/\" \/>\n<meta property=\"og:site_name\" content=\"FACECORNER\" \/>\n<meta property=\"article:publisher\" content=\"https:\/\/www.facebook.com\/profile.php?id=100063824551839\" \/>\n<meta property=\"article:modified_time\" content=\"2026-03-07T21:02:43+00:00\" \/>\n<meta property=\"og:image\" content=\"https:\/\/www.facecorner.lv\/wp-content\/uploads\/2025\/06\/medicubemedicube-pdrn-pink-collagen-toning-gel-toner-pad-70-padsoceanbuy-beauty-781311.webp\" \/>\n\t<meta property=\"og:image:width\" content=\"1200\" \/>\n\t<meta property=\"og:image:height\" content=\"1200\" \/>\n\t<meta property=\"og:image:type\" content=\"image\/webp\" \/>\n<meta name=\"twitter:card\" content=\"summary_large_image\" \/>\n<meta name=\"twitter:label1\" content=\"Price\" \/>\n\t<meta name=\"twitter:data1\" content=\"&euro;28.50\" \/>\n\t<meta name=\"twitter:label2\" content=\"Availability\" \/>\n\t<meta name=\"twitter:data2\" content=\"In stock\" \/>\n<script type=\"application\/ld+json\" class=\"yoast-schema-graph\">{\"@context\":\"https:\\\/\\\/schema.org\",\"@graph\":[{\"@type\":\"WebPage\",\"@id\":\"https:\\\/\\\/www.facecorner.lv\\\/shop\\\/medicube-pdrn-pink-collagen-toning-gel-toner-pad-70-pads\\\/\",\"url\":\"https:\\\/\\\/www.facecorner.lv\\\/shop\\\/medicube-pdrn-pink-collagen-toning-gel-toner-pad-70-pads\\\/\",\"name\":\"Medicube PDRN Pink Collagen Toning Gel Toner Pad 70 pads - FACECORNER\",\"isPartOf\":{\"@id\":\"https:\\\/\\\/www.facecorner.lv\\\/#website\"},\"primaryImageOfPage\":{\"@id\":\"https:\\\/\\\/www.facecorner.lv\\\/shop\\\/medicube-pdrn-pink-collagen-toning-gel-toner-pad-70-pads\\\/#primaryimage\"},\"image\":{\"@id\":\"https:\\\/\\\/www.facecorner.lv\\\/shop\\\/medicube-pdrn-pink-collagen-toning-gel-toner-pad-70-pads\\\/#primaryimage\"},\"thumbnailUrl\":\"https:\\\/\\\/www.facecorner.lv\\\/wp-content\\\/uploads\\\/2025\\\/06\\\/medicubemedicube-pdrn-pink-collagen-toning-gel-toner-pad-70-padsoceanbuy-beauty-781311.webp\",\"datePublished\":\"2025-06-30T14:02:12+00:00\",\"dateModified\":\"2026-03-07T21:02:43+00:00\",\"description\":\"Medicube PDRN Pink Collagen Toning Gel Toner Pad\u00a0 ir uzlabots tonika, esences un g\u0113la maskas hibr\u012bds - tas viss \u0113rt\u0101 spilventi\u0146\u0101.\",\"breadcrumb\":{\"@id\":\"https:\\\/\\\/www.facecorner.lv\\\/shop\\\/medicube-pdrn-pink-collagen-toning-gel-toner-pad-70-pads\\\/#breadcrumb\"},\"inLanguage\":\"en-US\",\"potentialAction\":[{\"@type\":\"ReadAction\",\"target\":[\"https:\\\/\\\/www.facecorner.lv\\\/shop\\\/medicube-pdrn-pink-collagen-toning-gel-toner-pad-70-pads\\\/\"]}]},{\"@type\":\"ImageObject\",\"inLanguage\":\"en-US\",\"@id\":\"https:\\\/\\\/www.facecorner.lv\\\/shop\\\/medicube-pdrn-pink-collagen-toning-gel-toner-pad-70-pads\\\/#primaryimage\",\"url\":\"https:\\\/\\\/www.facecorner.lv\\\/wp-content\\\/uploads\\\/2025\\\/06\\\/medicubemedicube-pdrn-pink-collagen-toning-gel-toner-pad-70-padsoceanbuy-beauty-781311.webp\",\"contentUrl\":\"https:\\\/\\\/www.facecorner.lv\\\/wp-content\\\/uploads\\\/2025\\\/06\\\/medicubemedicube-pdrn-pink-collagen-toning-gel-toner-pad-70-padsoceanbuy-beauty-781311.webp\",\"width\":1200,\"height\":1200,\"caption\":\"Medicube PDRN Pink Collagen Toning Gel Toner Pad\"},{\"@type\":\"BreadcrumbList\",\"@id\":\"https:\\\/\\\/www.facecorner.lv\\\/shop\\\/medicube-pdrn-pink-collagen-toning-gel-toner-pad-70-pads\\\/#breadcrumb\",\"itemListElement\":[{\"@type\":\"ListItem\",\"position\":1,\"name\":\"Home\",\"item\":\"https:\\\/\\\/www.facecorner.lv\\\/\"},{\"@type\":\"ListItem\",\"position\":2,\"name\":\"Veikals\",\"item\":\"https:\\\/\\\/www.facecorner.lv\\\/shop\\\/\"},{\"@type\":\"ListItem\",\"position\":3,\"name\":\"Medicube PDRN Pink Collagen Toning Gel Toner Pad 70 pads\"}]},{\"@type\":\"WebSite\",\"@id\":\"https:\\\/\\\/www.facecorner.lv\\\/#website\",\"url\":\"https:\\\/\\\/www.facecorner.lv\\\/\",\"name\":\"Facecorner\",\"description\":\"\",\"publisher\":{\"@id\":\"https:\\\/\\\/www.facecorner.lv\\\/#organization\"},\"potentialAction\":[{\"@type\":\"SearchAction\",\"target\":{\"@type\":\"EntryPoint\",\"urlTemplate\":\"https:\\\/\\\/www.facecorner.lv\\\/?s={search_term_string}\"},\"query-input\":{\"@type\":\"PropertyValueSpecification\",\"valueRequired\":true,\"valueName\":\"search_term_string\"}}],\"inLanguage\":\"en-US\"},{\"@type\":\"Organization\",\"@id\":\"https:\\\/\\\/www.facecorner.lv\\\/#organization\",\"name\":\"Facecorner\",\"url\":\"https:\\\/\\\/www.facecorner.lv\\\/\",\"logo\":{\"@type\":\"ImageObject\",\"inLanguage\":\"en-US\",\"@id\":\"https:\\\/\\\/www.facecorner.lv\\\/#\\\/schema\\\/logo\\\/image\\\/\",\"url\":\"https:\\\/\\\/www.facecorner.lv\\\/wp-content\\\/uploads\\\/2024\\\/04\\\/fc-logo.jpg\",\"contentUrl\":\"https:\\\/\\\/www.facecorner.lv\\\/wp-content\\\/uploads\\\/2024\\\/04\\\/fc-logo.jpg\",\"width\":174,\"height\":28,\"caption\":\"Facecorner\"},\"image\":{\"@id\":\"https:\\\/\\\/www.facecorner.lv\\\/#\\\/schema\\\/logo\\\/image\\\/\"},\"sameAs\":[\"https:\\\/\\\/www.facebook.com\\\/profile.php?id=100063824551839\",\"https:\\\/\\\/www.instagram.com\\\/facecorner_shop\\\/\"]}]}<\/script>\n<meta property=\"product:price:amount\" content=\"28.50\" \/>\n<meta property=\"product:price:currency\" content=\"EUR\" \/>\n<meta property=\"og:availability\" content=\"instock\" \/>\n<meta property=\"product:availability\" content=\"instock\" \/>\n<meta property=\"product:condition\" content=\"new\" \/>\n<!-- \/ Yoast SEO plugin. -->","yoast_head_json":{"title":"Medicube PDRN Pink Collagen Toning Gel Toner Pad 70 pads - FACECORNER","description":"Medicube PDRN Pink Collagen Toning Gel Toner Pad\u00a0 ir uzlabots tonika, esences un g\u0113la maskas hibr\u012bds - tas viss \u0113rt\u0101 spilventi\u0146\u0101.","robots":{"index":"index","follow":"follow","max-snippet":"max-snippet:-1","max-image-preview":"max-image-preview:large","max-video-preview":"max-video-preview:-1"},"canonical":"https:\/\/www.facecorner.lv\/en\/shop\/medicube-pdrn-pink-collagen-toning-gel-toner-pad-70-pads\/","og_locale":"en_US","og_type":"article","og_title":"Medicube PDRN Pink Collagen Toning Gel Toner Pad 70 pads - FACECORNER","og_description":"Medicube PDRN Pink Collagen Toning Gel Toner Pad\u00a0 ir uzlabots tonika, esences un g\u0113la maskas hibr\u012bds - tas viss \u0113rt\u0101 spilventi\u0146\u0101.","og_url":"https:\/\/www.facecorner.lv\/en\/shop\/medicube-pdrn-pink-collagen-toning-gel-toner-pad-70-pads\/","og_site_name":"FACECORNER","article_publisher":"https:\/\/www.facebook.com\/profile.php?id=100063824551839","article_modified_time":"2026-03-07T21:02:43+00:00","og_image":[{"width":1200,"height":1200,"url":"https:\/\/www.facecorner.lv\/wp-content\/uploads\/2025\/06\/medicubemedicube-pdrn-pink-collagen-toning-gel-toner-pad-70-padsoceanbuy-beauty-781311.webp","type":"image\/webp"}],"twitter_card":"summary_large_image","twitter_misc":{"Price":"&euro;28.50","Availability":"In stock"},"schema":{"@context":"https:\/\/schema.org","@graph":[{"@type":"WebPage","@id":"https:\/\/www.facecorner.lv\/shop\/medicube-pdrn-pink-collagen-toning-gel-toner-pad-70-pads\/","url":"https:\/\/www.facecorner.lv\/shop\/medicube-pdrn-pink-collagen-toning-gel-toner-pad-70-pads\/","name":"Medicube PDRN Pink Collagen Toning Gel Toner Pad 70 pads - FACECORNER","isPartOf":{"@id":"https:\/\/www.facecorner.lv\/#website"},"primaryImageOfPage":{"@id":"https:\/\/www.facecorner.lv\/shop\/medicube-pdrn-pink-collagen-toning-gel-toner-pad-70-pads\/#primaryimage"},"image":{"@id":"https:\/\/www.facecorner.lv\/shop\/medicube-pdrn-pink-collagen-toning-gel-toner-pad-70-pads\/#primaryimage"},"thumbnailUrl":"https:\/\/www.facecorner.lv\/wp-content\/uploads\/2025\/06\/medicubemedicube-pdrn-pink-collagen-toning-gel-toner-pad-70-padsoceanbuy-beauty-781311.webp","datePublished":"2025-06-30T14:02:12+00:00","dateModified":"2026-03-07T21:02:43+00:00","description":"Medicube PDRN Pink Collagen Toning Gel Toner Pad\u00a0 ir uzlabots tonika, esences un g\u0113la maskas hibr\u012bds - tas viss \u0113rt\u0101 spilventi\u0146\u0101.","breadcrumb":{"@id":"https:\/\/www.facecorner.lv\/shop\/medicube-pdrn-pink-collagen-toning-gel-toner-pad-70-pads\/#breadcrumb"},"inLanguage":"en-US","potentialAction":[{"@type":"ReadAction","target":["https:\/\/www.facecorner.lv\/shop\/medicube-pdrn-pink-collagen-toning-gel-toner-pad-70-pads\/"]}]},{"@type":"ImageObject","inLanguage":"en-US","@id":"https:\/\/www.facecorner.lv\/shop\/medicube-pdrn-pink-collagen-toning-gel-toner-pad-70-pads\/#primaryimage","url":"https:\/\/www.facecorner.lv\/wp-content\/uploads\/2025\/06\/medicubemedicube-pdrn-pink-collagen-toning-gel-toner-pad-70-padsoceanbuy-beauty-781311.webp","contentUrl":"https:\/\/www.facecorner.lv\/wp-content\/uploads\/2025\/06\/medicubemedicube-pdrn-pink-collagen-toning-gel-toner-pad-70-padsoceanbuy-beauty-781311.webp","width":1200,"height":1200,"caption":"Medicube PDRN Pink Collagen Toning Gel Toner Pad"},{"@type":"BreadcrumbList","@id":"https:\/\/www.facecorner.lv\/shop\/medicube-pdrn-pink-collagen-toning-gel-toner-pad-70-pads\/#breadcrumb","itemListElement":[{"@type":"ListItem","position":1,"name":"Home","item":"https:\/\/www.facecorner.lv\/"},{"@type":"ListItem","position":2,"name":"Veikals","item":"https:\/\/www.facecorner.lv\/shop\/"},{"@type":"ListItem","position":3,"name":"Medicube PDRN Pink Collagen Toning Gel Toner Pad 70 pads"}]},{"@type":"WebSite","@id":"https:\/\/www.facecorner.lv\/#website","url":"https:\/\/www.facecorner.lv\/","name":"Facecorner","description":"","publisher":{"@id":"https:\/\/www.facecorner.lv\/#organization"},"potentialAction":[{"@type":"SearchAction","target":{"@type":"EntryPoint","urlTemplate":"https:\/\/www.facecorner.lv\/?s={search_term_string}"},"query-input":{"@type":"PropertyValueSpecification","valueRequired":true,"valueName":"search_term_string"}}],"inLanguage":"en-US"},{"@type":"Organization","@id":"https:\/\/www.facecorner.lv\/#organization","name":"Facecorner","url":"https:\/\/www.facecorner.lv\/","logo":{"@type":"ImageObject","inLanguage":"en-US","@id":"https:\/\/www.facecorner.lv\/#\/schema\/logo\/image\/","url":"https:\/\/www.facecorner.lv\/wp-content\/uploads\/2024\/04\/fc-logo.jpg","contentUrl":"https:\/\/www.facecorner.lv\/wp-content\/uploads\/2024\/04\/fc-logo.jpg","width":174,"height":28,"caption":"Facecorner"},"image":{"@id":"https:\/\/www.facecorner.lv\/#\/schema\/logo\/image\/"},"sameAs":["https:\/\/www.facebook.com\/profile.php?id=100063824551839","https:\/\/www.instagram.com\/facecorner_shop\/"]}]},"product_price_amount":"28.50","product_price_currency":"EUR","og_availability":"instock","product_availability":"instock","product_condition":"new"},"_links":{"self":[{"href":"https:\/\/www.facecorner.lv\/en\/wp-json\/wp\/v2\/product\/24678","targetHints":{"allow":["GET"]}}],"collection":[{"href":"https:\/\/www.facecorner.lv\/en\/wp-json\/wp\/v2\/product"}],"about":[{"href":"https:\/\/www.facecorner.lv\/en\/wp-json\/wp\/v2\/types\/product"}],"replies":[{"embeddable":true,"href":"https:\/\/www.facecorner.lv\/en\/wp-json\/wp\/v2\/comments?post=24678"}],"wp:featuredmedia":[{"embeddable":true,"href":"https:\/\/www.facecorner.lv\/en\/wp-json\/wp\/v2\/media\/24679"}],"wp:attachment":[{"href":"https:\/\/www.facecorner.lv\/en\/wp-json\/wp\/v2\/media?parent=24678"}],"wp:term":[{"taxonomy":"product_brand","embeddable":true,"href":"https:\/\/www.facecorner.lv\/en\/wp-json\/wp\/v2\/product_brand?post=24678"},{"taxonomy":"product_cat","embeddable":true,"href":"https:\/\/www.facecorner.lv\/en\/wp-json\/wp\/v2\/product_cat?post=24678"},{"taxonomy":"product_tag","embeddable":true,"href":"https:\/\/www.facecorner.lv\/en\/wp-json\/wp\/v2\/product_tag?post=24678"},{"taxonomy":"berocket_brand","embeddable":true,"href":"https:\/\/www.facecorner.lv\/en\/wp-json\/wp\/v2\/berocket_brand?post=24678"}],"curies":[{"name":"wp","href":"https:\/\/api.w.org\/{rel}","templated":true}]}}