{"id":24673,"date":"2025-06-29T23:20:09","date_gmt":"2025-06-29T20:20:09","guid":{"rendered":"https:\/\/www.facecorner.lv\/?post_type=product&#038;p=24673"},"modified":"2026-02-12T14:25:04","modified_gmt":"2026-02-12T11:25:04","slug":"medicube-pdrn-pink-tone-up-sun-cream-50ml","status":"publish","type":"product","link":"https:\/\/www.facecorner.lv\/en\/shop\/medicube-pdrn-pink-tone-up-sun-cream-50ml\/","title":{"rendered":"medicube PDRN Pink Tone Up Sun Cream 50ml"},"content":{"rendered":"<p>medicube PDRN Pink Tone Up Sun Cream daudzfunkcion\u0101ls toniz\u0113jo\u0161s saules kr\u0113ms, kas nodro\u0161ina pla\u0161a spektra aizsardz\u012bbu pret UV stariem, vienlaikus izgaismojot un izl\u012bdzinot \u0101das toni.<\/p>\n<p>Ar PDRN un niac\u012bnam\u012bdu bag\u0101tin\u0101tais vieglais sast\u0101vs mitrina, stiprina \u0101das aizsargbarjeru un pie\u0161\u0137ir dabisku s\u0101rtu mirdzumu bez baltas nokr\u0101sas.<\/p>\n<ul>\n<li>Aizsarg\u0101 pret UVA\/UVB stariem ar SPF p\u0101rkl\u0101jumu<\/li>\n<li>Izgaismo un izl\u012bdzina \u0101das tonusu ar niacinam\u012bdu un roz\u0101 toniz\u0113jo\u0161o efektu<\/li>\n<li>Mitrina un stiprina \u0101das barjeru ar PDRN.<\/li>\n<\/ul>\n<p><strong>How to use:<\/strong>: P\u0113d\u0113j\u0101 \u0101das kop\u0161anas rut\u012bnas posm\u0101 uz sejas uzkl\u0101jiet atbilsto\u0161u daudzumu sejas kop\u0161anas l\u012bdzek\u013ca.<\/p>\n<p><strong>Sast\u0101vs:<\/strong> Water, Isononyl Isononanoate, Dipropylene Glycol, Caprylic\/Capric Triglyceride, Titanium Dioxide, Dibutyl Adipate, Diisopropyl Sebacate, Ethylhexyl Triazone, Methyl Trimethicone, Niacinamide, Bis-Ethylhexyloxyphenol Methoxyphenyl Triazine, Methylene Bis-Benzotriazolyl Tetramethylbutylphenol, Sorbitan Isostearate, Behenyl Alcohol, Diethylamino Hydroxybenzoyl Hexyl Benzoate, Polymethylsilsesquioxane, Potassium Cetyl Phosphate, C13-15 Alkane, 1,2-Hexanediol, Caprylyl Glycol, Glycerin, Silica, Decyl Glucoside, Ammonium Polyacryloyldimethyl Taurate, Polyacrylate-13, Polyhydroxystearic Acid, Acrylates\/C10-30 Alkyl Acrylate Crosspolymer, Fragrance, Sodium Polyacrylate, Tromethamine, Alumina, Stearic Acid, Hydrogenated Polyisobutene, Dimethicone\/Vinyl Dimethicone Crosspolymer, Ethylhexylglycerin, Hydroxypropyl Methylcellulose Stearoxy Ether, Adenosine, Disodium EDTA, Polyglyceryl-10 Laurate, Aluminum Hydroxide, Cyanocobalamin, Ethylhexyl Palmitate, Triethoxycaprylylsilane, Xanthan Gum, t-Butyl Alcohol, Glyceryl Acrylate\/Acrylic Acid Copolymer, Sodium Hyaluronate, Collagen Extract, Hydrolyzed Hyaluronic Acid, Hydrolyzed Sodium Hyaluronate, Hydroxypropyltrimonium Hyaluronate, Sodium Acetylated Hyaluronate, Sodium Hyaluronate Crosspolymer, Glutathione, Hyaluronic Acid, Pentylene Glycol, Potassium Hyaluronate, Sodium DNA (0.05 ppb)<\/p>","protected":false},"excerpt":{"rendered":"<p>medicube PDRN Pink Tone Up Sun Cream daudzfunkcion\u0101ls toniz\u0113jo\u0161s saules kr\u0113ms, kas nodro\u0161ina pla\u0161a spektra aizsardz\u012bbu pret UV stariem, vienlaikus izgaismojot un izl\u012bdzinot \u0101das toni.<\/p>","protected":false},"featured_media":24674,"comment_status":"open","ping_status":"closed","template":"","meta":{"site-sidebar-layout":"default","site-content-layout":"","ast-site-content-layout":"default","site-content-style":"default","site-sidebar-style":"default","ast-global-header-display":"","ast-banner-title-visibility":"","ast-main-header-display":"","ast-hfb-above-header-display":"","ast-hfb-below-header-display":"","ast-hfb-mobile-header-display":"","site-post-title":"","ast-breadcrumbs-content":"","ast-featured-img":"","footer-sml-layout":"","theme-transparent-header-meta":"default","adv-header-id-meta":"","stick-header-meta":"","header-above-stick-meta":"","header-main-stick-meta":"","header-below-stick-meta":"","astra-migrate-meta-layouts":"set","ast-page-background-enabled":"default","ast-page-background-meta":{"desktop":{"background-color":"var(--ast-global-color-4)","background-image":"","background-repeat":"repeat","background-position":"center center","background-size":"auto","background-attachment":"scroll","background-type":"","background-media":"","overlay-type":"","overlay-color":"","overlay-opacity":"","overlay-gradient":""},"tablet":{"background-color":"","background-image":"","background-repeat":"repeat","background-position":"center center","background-size":"auto","background-attachment":"scroll","background-type":"","background-media":"","overlay-type":"","overlay-color":"","overlay-opacity":"","overlay-gradient":""},"mobile":{"background-color":"","background-image":"","background-repeat":"repeat","background-position":"center center","background-size":"auto","background-attachment":"scroll","background-type":"","background-media":"","overlay-type":"","overlay-color":"","overlay-opacity":"","overlay-gradient":""}},"ast-content-background-meta":{"desktop":{"background-color":"var(--ast-global-color-5)","background-image":"","background-repeat":"repeat","background-position":"center center","background-size":"auto","background-attachment":"scroll","background-type":"","background-media":"","overlay-type":"","overlay-color":"","overlay-opacity":"","overlay-gradient":""},"tablet":{"background-color":"var(--ast-global-color-5)","background-image":"","background-repeat":"repeat","background-position":"center center","background-size":"auto","background-attachment":"scroll","background-type":"","background-media":"","overlay-type":"","overlay-color":"","overlay-opacity":"","overlay-gradient":""},"mobile":{"background-color":"var(--ast-global-color-5)","background-image":"","background-repeat":"repeat","background-position":"center center","background-size":"auto","background-attachment":"scroll","background-type":"","background-media":"","overlay-type":"","overlay-color":"","overlay-opacity":"","overlay-gradient":""}}},"product_brand":[],"product_cat":[511,319,652,512],"product_tag":[],"berocket_brand":[579],"class_list":{"0":"post-24673","1":"product","2":"type-product","3":"status-publish","4":"has-post-thumbnail","6":"product_cat-atlaides","7":"product_cat-dekorativa-kosmetika","8":"product_cat-pdrn","9":"product_cat-spf","10":"berocket_brand-medicube","11":"desktop-align-left","12":"tablet-align-left","13":"mobile-align-left","15":"first","16":"outofstock","17":"sale","18":"taxable","19":"shipping-taxable","20":"purchasable","21":"product-type-simple","22":"add-to-wishlist-before_image"},"yoast_head":"<!-- This site is optimized with the Yoast SEO plugin v27.3 - https:\/\/yoast.com\/product\/yoast-seo-wordpress\/ -->\n<title>medicube PDRN Pink Tone Up Sun Cream 50ml - FACECORNER<\/title>\n<meta name=\"description\" content=\"medicube PDRN Pink Tone Up Sun Cream daudzfunkcion\u0101ls toniz\u0113jo\u0161s saules kr\u0113ms, kas nodro\u0161ina pla\u0161a spektra aizsardz\u012bbu pret UV stariem\" \/>\n<meta name=\"robots\" content=\"index, follow, max-snippet:-1, max-image-preview:large, max-video-preview:-1\" \/>\n<link rel=\"canonical\" href=\"https:\/\/www.facecorner.lv\/en\/shop\/medicube-pdrn-pink-tone-up-sun-cream-50ml\/\" \/>\n<meta property=\"og:locale\" content=\"en_US\" \/>\n<meta property=\"og:type\" content=\"article\" \/>\n<meta property=\"og:title\" content=\"medicube PDRN Pink Tone Up Sun Cream 50ml - FACECORNER\" \/>\n<meta property=\"og:description\" content=\"medicube PDRN Pink Tone Up Sun Cream daudzfunkcion\u0101ls toniz\u0113jo\u0161s saules kr\u0113ms, kas nodro\u0161ina pla\u0161a spektra aizsardz\u012bbu pret UV stariem\" \/>\n<meta property=\"og:url\" content=\"https:\/\/www.facecorner.lv\/en\/shop\/medicube-pdrn-pink-tone-up-sun-cream-50ml\/\" \/>\n<meta property=\"og:site_name\" content=\"FACECORNER\" \/>\n<meta property=\"article:publisher\" content=\"https:\/\/www.facebook.com\/profile.php?id=100063824551839\" \/>\n<meta property=\"article:modified_time\" content=\"2026-02-12T11:25:04+00:00\" \/>\n<meta property=\"og:image\" content=\"https:\/\/www.facecorner.lv\/wp-content\/uploads\/2025\/06\/Medicube-PDRN-Pink-Tone-Up-Sun-Cream-80a295eb.webp\" \/>\n\t<meta property=\"og:image:width\" content=\"700\" \/>\n\t<meta property=\"og:image:height\" content=\"700\" \/>\n\t<meta property=\"og:image:type\" content=\"image\/webp\" \/>\n<meta name=\"twitter:card\" content=\"summary_large_image\" \/>\n<meta name=\"twitter:label1\" content=\"Price\" \/>\n\t<meta name=\"twitter:data1\" content=\"&euro;24.90\" \/>\n\t<meta name=\"twitter:label2\" content=\"Availability\" \/>\n\t<meta name=\"twitter:data2\" content=\"Out of stock\" \/>\n<script type=\"application\/ld+json\" class=\"yoast-schema-graph\">{\"@context\":\"https:\\\/\\\/schema.org\",\"@graph\":[{\"@type\":\"WebPage\",\"@id\":\"https:\\\/\\\/www.facecorner.lv\\\/shop\\\/medicube-pdrn-pink-tone-up-sun-cream-50ml\\\/\",\"url\":\"https:\\\/\\\/www.facecorner.lv\\\/shop\\\/medicube-pdrn-pink-tone-up-sun-cream-50ml\\\/\",\"name\":\"medicube PDRN Pink Tone Up Sun Cream 50ml - FACECORNER\",\"isPartOf\":{\"@id\":\"https:\\\/\\\/www.facecorner.lv\\\/#website\"},\"primaryImageOfPage\":{\"@id\":\"https:\\\/\\\/www.facecorner.lv\\\/shop\\\/medicube-pdrn-pink-tone-up-sun-cream-50ml\\\/#primaryimage\"},\"image\":{\"@id\":\"https:\\\/\\\/www.facecorner.lv\\\/shop\\\/medicube-pdrn-pink-tone-up-sun-cream-50ml\\\/#primaryimage\"},\"thumbnailUrl\":\"https:\\\/\\\/www.facecorner.lv\\\/wp-content\\\/uploads\\\/2025\\\/06\\\/Medicube-PDRN-Pink-Tone-Up-Sun-Cream-80a295eb.webp\",\"datePublished\":\"2025-06-29T20:20:09+00:00\",\"dateModified\":\"2026-02-12T11:25:04+00:00\",\"description\":\"medicube PDRN Pink Tone Up Sun Cream daudzfunkcion\u0101ls toniz\u0113jo\u0161s saules kr\u0113ms, kas nodro\u0161ina pla\u0161a spektra aizsardz\u012bbu pret UV stariem\",\"breadcrumb\":{\"@id\":\"https:\\\/\\\/www.facecorner.lv\\\/shop\\\/medicube-pdrn-pink-tone-up-sun-cream-50ml\\\/#breadcrumb\"},\"inLanguage\":\"en-US\",\"potentialAction\":[{\"@type\":\"ReadAction\",\"target\":[\"https:\\\/\\\/www.facecorner.lv\\\/shop\\\/medicube-pdrn-pink-tone-up-sun-cream-50ml\\\/\"]}]},{\"@type\":\"ImageObject\",\"inLanguage\":\"en-US\",\"@id\":\"https:\\\/\\\/www.facecorner.lv\\\/shop\\\/medicube-pdrn-pink-tone-up-sun-cream-50ml\\\/#primaryimage\",\"url\":\"https:\\\/\\\/www.facecorner.lv\\\/wp-content\\\/uploads\\\/2025\\\/06\\\/Medicube-PDRN-Pink-Tone-Up-Sun-Cream-80a295eb.webp\",\"contentUrl\":\"https:\\\/\\\/www.facecorner.lv\\\/wp-content\\\/uploads\\\/2025\\\/06\\\/Medicube-PDRN-Pink-Tone-Up-Sun-Cream-80a295eb.webp\",\"width\":700,\"height\":700,\"caption\":\"medicube PDRN Pink Tone Up Sun Cream\"},{\"@type\":\"BreadcrumbList\",\"@id\":\"https:\\\/\\\/www.facecorner.lv\\\/shop\\\/medicube-pdrn-pink-tone-up-sun-cream-50ml\\\/#breadcrumb\",\"itemListElement\":[{\"@type\":\"ListItem\",\"position\":1,\"name\":\"Home\",\"item\":\"https:\\\/\\\/www.facecorner.lv\\\/\"},{\"@type\":\"ListItem\",\"position\":2,\"name\":\"Veikals\",\"item\":\"https:\\\/\\\/www.facecorner.lv\\\/shop\\\/\"},{\"@type\":\"ListItem\",\"position\":3,\"name\":\"medicube PDRN Pink Tone Up Sun Cream 50ml\"}]},{\"@type\":\"WebSite\",\"@id\":\"https:\\\/\\\/www.facecorner.lv\\\/#website\",\"url\":\"https:\\\/\\\/www.facecorner.lv\\\/\",\"name\":\"Facecorner\",\"description\":\"\",\"publisher\":{\"@id\":\"https:\\\/\\\/www.facecorner.lv\\\/#organization\"},\"potentialAction\":[{\"@type\":\"SearchAction\",\"target\":{\"@type\":\"EntryPoint\",\"urlTemplate\":\"https:\\\/\\\/www.facecorner.lv\\\/?s={search_term_string}\"},\"query-input\":{\"@type\":\"PropertyValueSpecification\",\"valueRequired\":true,\"valueName\":\"search_term_string\"}}],\"inLanguage\":\"en-US\"},{\"@type\":\"Organization\",\"@id\":\"https:\\\/\\\/www.facecorner.lv\\\/#organization\",\"name\":\"Facecorner\",\"url\":\"https:\\\/\\\/www.facecorner.lv\\\/\",\"logo\":{\"@type\":\"ImageObject\",\"inLanguage\":\"en-US\",\"@id\":\"https:\\\/\\\/www.facecorner.lv\\\/#\\\/schema\\\/logo\\\/image\\\/\",\"url\":\"https:\\\/\\\/www.facecorner.lv\\\/wp-content\\\/uploads\\\/2024\\\/04\\\/fc-logo.jpg\",\"contentUrl\":\"https:\\\/\\\/www.facecorner.lv\\\/wp-content\\\/uploads\\\/2024\\\/04\\\/fc-logo.jpg\",\"width\":174,\"height\":28,\"caption\":\"Facecorner\"},\"image\":{\"@id\":\"https:\\\/\\\/www.facecorner.lv\\\/#\\\/schema\\\/logo\\\/image\\\/\"},\"sameAs\":[\"https:\\\/\\\/www.facebook.com\\\/profile.php?id=100063824551839\",\"https:\\\/\\\/www.instagram.com\\\/facecorner_shop\\\/\"]}]}<\/script>\n<meta property=\"product:price:amount\" content=\"24.90\" \/>\n<meta property=\"product:price:currency\" content=\"EUR\" \/>\n<meta property=\"og:availability\" content=\"out of stock\" \/>\n<meta property=\"product:availability\" content=\"out of stock\" \/>\n<meta property=\"product:condition\" content=\"new\" \/>\n<!-- \/ Yoast SEO plugin. -->","yoast_head_json":{"title":"medicube PDRN Pink Tone Up Sun Cream 50ml - FACECORNER","description":"medicube PDRN Pink Tone Up Sun Cream daudzfunkcion\u0101ls toniz\u0113jo\u0161s saules kr\u0113ms, kas nodro\u0161ina pla\u0161a spektra aizsardz\u012bbu pret UV stariem","robots":{"index":"index","follow":"follow","max-snippet":"max-snippet:-1","max-image-preview":"max-image-preview:large","max-video-preview":"max-video-preview:-1"},"canonical":"https:\/\/www.facecorner.lv\/en\/shop\/medicube-pdrn-pink-tone-up-sun-cream-50ml\/","og_locale":"en_US","og_type":"article","og_title":"medicube PDRN Pink Tone Up Sun Cream 50ml - FACECORNER","og_description":"medicube PDRN Pink Tone Up Sun Cream daudzfunkcion\u0101ls toniz\u0113jo\u0161s saules kr\u0113ms, kas nodro\u0161ina pla\u0161a spektra aizsardz\u012bbu pret UV stariem","og_url":"https:\/\/www.facecorner.lv\/en\/shop\/medicube-pdrn-pink-tone-up-sun-cream-50ml\/","og_site_name":"FACECORNER","article_publisher":"https:\/\/www.facebook.com\/profile.php?id=100063824551839","article_modified_time":"2026-02-12T11:25:04+00:00","og_image":[{"width":700,"height":700,"url":"https:\/\/www.facecorner.lv\/wp-content\/uploads\/2025\/06\/Medicube-PDRN-Pink-Tone-Up-Sun-Cream-80a295eb.webp","type":"image\/webp"}],"twitter_card":"summary_large_image","twitter_misc":{"Price":"&euro;24.90","Availability":"Out of stock"},"schema":{"@context":"https:\/\/schema.org","@graph":[{"@type":"WebPage","@id":"https:\/\/www.facecorner.lv\/shop\/medicube-pdrn-pink-tone-up-sun-cream-50ml\/","url":"https:\/\/www.facecorner.lv\/shop\/medicube-pdrn-pink-tone-up-sun-cream-50ml\/","name":"medicube PDRN Pink Tone Up Sun Cream 50ml - FACECORNER","isPartOf":{"@id":"https:\/\/www.facecorner.lv\/#website"},"primaryImageOfPage":{"@id":"https:\/\/www.facecorner.lv\/shop\/medicube-pdrn-pink-tone-up-sun-cream-50ml\/#primaryimage"},"image":{"@id":"https:\/\/www.facecorner.lv\/shop\/medicube-pdrn-pink-tone-up-sun-cream-50ml\/#primaryimage"},"thumbnailUrl":"https:\/\/www.facecorner.lv\/wp-content\/uploads\/2025\/06\/Medicube-PDRN-Pink-Tone-Up-Sun-Cream-80a295eb.webp","datePublished":"2025-06-29T20:20:09+00:00","dateModified":"2026-02-12T11:25:04+00:00","description":"medicube PDRN Pink Tone Up Sun Cream daudzfunkcion\u0101ls toniz\u0113jo\u0161s saules kr\u0113ms, kas nodro\u0161ina pla\u0161a spektra aizsardz\u012bbu pret UV stariem","breadcrumb":{"@id":"https:\/\/www.facecorner.lv\/shop\/medicube-pdrn-pink-tone-up-sun-cream-50ml\/#breadcrumb"},"inLanguage":"en-US","potentialAction":[{"@type":"ReadAction","target":["https:\/\/www.facecorner.lv\/shop\/medicube-pdrn-pink-tone-up-sun-cream-50ml\/"]}]},{"@type":"ImageObject","inLanguage":"en-US","@id":"https:\/\/www.facecorner.lv\/shop\/medicube-pdrn-pink-tone-up-sun-cream-50ml\/#primaryimage","url":"https:\/\/www.facecorner.lv\/wp-content\/uploads\/2025\/06\/Medicube-PDRN-Pink-Tone-Up-Sun-Cream-80a295eb.webp","contentUrl":"https:\/\/www.facecorner.lv\/wp-content\/uploads\/2025\/06\/Medicube-PDRN-Pink-Tone-Up-Sun-Cream-80a295eb.webp","width":700,"height":700,"caption":"medicube PDRN Pink Tone Up Sun Cream"},{"@type":"BreadcrumbList","@id":"https:\/\/www.facecorner.lv\/shop\/medicube-pdrn-pink-tone-up-sun-cream-50ml\/#breadcrumb","itemListElement":[{"@type":"ListItem","position":1,"name":"Home","item":"https:\/\/www.facecorner.lv\/"},{"@type":"ListItem","position":2,"name":"Veikals","item":"https:\/\/www.facecorner.lv\/shop\/"},{"@type":"ListItem","position":3,"name":"medicube PDRN Pink Tone Up Sun Cream 50ml"}]},{"@type":"WebSite","@id":"https:\/\/www.facecorner.lv\/#website","url":"https:\/\/www.facecorner.lv\/","name":"Facecorner","description":"","publisher":{"@id":"https:\/\/www.facecorner.lv\/#organization"},"potentialAction":[{"@type":"SearchAction","target":{"@type":"EntryPoint","urlTemplate":"https:\/\/www.facecorner.lv\/?s={search_term_string}"},"query-input":{"@type":"PropertyValueSpecification","valueRequired":true,"valueName":"search_term_string"}}],"inLanguage":"en-US"},{"@type":"Organization","@id":"https:\/\/www.facecorner.lv\/#organization","name":"Facecorner","url":"https:\/\/www.facecorner.lv\/","logo":{"@type":"ImageObject","inLanguage":"en-US","@id":"https:\/\/www.facecorner.lv\/#\/schema\/logo\/image\/","url":"https:\/\/www.facecorner.lv\/wp-content\/uploads\/2024\/04\/fc-logo.jpg","contentUrl":"https:\/\/www.facecorner.lv\/wp-content\/uploads\/2024\/04\/fc-logo.jpg","width":174,"height":28,"caption":"Facecorner"},"image":{"@id":"https:\/\/www.facecorner.lv\/#\/schema\/logo\/image\/"},"sameAs":["https:\/\/www.facebook.com\/profile.php?id=100063824551839","https:\/\/www.instagram.com\/facecorner_shop\/"]}]},"product_price_amount":"24.90","product_price_currency":"EUR","og_availability":"out of stock","product_availability":"out of stock","product_condition":"new"},"_links":{"self":[{"href":"https:\/\/www.facecorner.lv\/en\/wp-json\/wp\/v2\/product\/24673","targetHints":{"allow":["GET"]}}],"collection":[{"href":"https:\/\/www.facecorner.lv\/en\/wp-json\/wp\/v2\/product"}],"about":[{"href":"https:\/\/www.facecorner.lv\/en\/wp-json\/wp\/v2\/types\/product"}],"replies":[{"embeddable":true,"href":"https:\/\/www.facecorner.lv\/en\/wp-json\/wp\/v2\/comments?post=24673"}],"wp:featuredmedia":[{"embeddable":true,"href":"https:\/\/www.facecorner.lv\/en\/wp-json\/wp\/v2\/media\/24674"}],"wp:attachment":[{"href":"https:\/\/www.facecorner.lv\/en\/wp-json\/wp\/v2\/media?parent=24673"}],"wp:term":[{"taxonomy":"product_brand","embeddable":true,"href":"https:\/\/www.facecorner.lv\/en\/wp-json\/wp\/v2\/product_brand?post=24673"},{"taxonomy":"product_cat","embeddable":true,"href":"https:\/\/www.facecorner.lv\/en\/wp-json\/wp\/v2\/product_cat?post=24673"},{"taxonomy":"product_tag","embeddable":true,"href":"https:\/\/www.facecorner.lv\/en\/wp-json\/wp\/v2\/product_tag?post=24673"},{"taxonomy":"berocket_brand","embeddable":true,"href":"https:\/\/www.facecorner.lv\/en\/wp-json\/wp\/v2\/berocket_brand?post=24673"}],"curies":[{"name":"wp","href":"https:\/\/api.w.org\/{rel}","templated":true}]}}