{"id":24619,"date":"2025-06-24T22:48:11","date_gmt":"2025-06-24T19:48:11","guid":{"rendered":"https:\/\/www.facecorner.lv\/?post_type=product&#038;p=24619"},"modified":"2025-09-24T10:24:20","modified_gmt":"2025-09-24T07:24:20","slug":"one-days-you-help-me-dacto-pad-60pcs","status":"publish","type":"product","link":"https:\/\/www.facecorner.lv\/en\/shop\/one-days-you-help-me-dacto-pad-60pcs\/","title":{"rendered":"One-Days You Help Me Dacto Pad 60pcs"},"content":{"rendered":"<div class=\"en-part-h1\">One-Days You Help Me Dacto Pad mitrino\u0161i toniz\u0113jo\u0161ie spilventi\u0146i ar hialuronsk\u0101bi dzi\u013ci pies\u0101tina \u0101du ar mitrumu un maigi p\u012blingo.<\/div>\n<div><\/div>\n<ul>\n<li>Dzi\u013ci mitrina \u0101du, atjaunojot mitrumu un nov\u0113r\u0161ot dehidrat\u0101ciju.<\/li>\n<li>Veicina maigu p\u012blingu un \u0161\u016bnu atjauno\u0161anos.<\/li>\n<li>Nomierina kairin\u0101jumus un mazina aps\u0101rtumu.<\/li>\n<\/ul>\n<p><strong>It is a total care mask that tightens the skin.<\/strong><\/p>\n<ul>\n<li>Beta\u012bna salicil\u0101ts apvieno salicilsk\u0101bi un beta\u012bnu, tam piem\u012bt viegla p\u012blinga iedarb\u012bba un tas uztur \u0101das barjerfunkciju.<\/li>\n<li>Smilts\u0113rk\u0161\u0137u ekstraktam piem\u012bt sp\u0113c\u012bga antioksidanta iedarb\u012bba, tas pies\u0101tina \u0101du ar labv\u0113l\u012bgiem mikroelementiem, aizsarg\u0101 pret br\u012bvajiem radik\u0101\u013ciem, pal\u012bdz izl\u012bdzin\u0101t \u0101das toni un iedarbojas pretiekaisuma virzien\u0101.<\/li>\n<li>Hialuronsk\u0101be dzi\u013ci mitrina \u0101du, saglab\u0101jot mitrumu t\u0101s iek\u0161ien\u0113, nov\u0113r\u0161 dehidrat\u0101ciju un sausumu, k\u0101 ar\u012b pal\u012bdz uztur\u0113t \u0101du gludu un stingru.<\/li>\n<li>Alanto\u012bnam ir izl\u012bdzino\u0161a iedarb\u012bba, tas uzlabo un izl\u012bdzina \u0101das strukt\u016bru.<\/li>\n<li>Pantenolam piem\u012bt nomierino\u0161a un atjaunojo\u0161a iedarb\u012bba, mazina aps\u0101rtumu un kairin\u0101jumu, samazina \u0101das jut\u012bgumu.<\/li>\n<li>Za\u013c\u0101s t\u0113jas ekstraktam ir antioksidanta un mitrino\u0161a iedarb\u012bba, tas aizsarg\u0101 \u0101du no br\u012bvajiem radik\u0101\u013ciem un nomierina aps\u0101rtumu.<\/li>\n<li>C vitam\u012bns pal\u012bdz izl\u012bdzin\u0101t \u0101das toni, izgaismo vecuma plankumus, stimul\u0113 kolag\u0113na veido\u0161anos un tam ir sp\u0113c\u012bga antioksidanta iedarb\u012bba, aizsarg\u0101jot \u0101du no br\u012bvajiem radik\u0101\u013ciem.<\/li>\n<\/ul>\n<p><strong>How to use:<\/strong> Noslaukiet att\u012br\u012btu \u0101du ar toniz\u0113jo\u0161o spilventi\u0146u un \u013caujiet atliku\u0161ajam sast\u0101vam ies\u016bkties. P\u0113c tam turpiniet pamatapr\u016bpi.<\/p>\n<p><strong>Sast\u0101vs:<\/strong> <span style=\"font-size: 16px;\">Water, Butylene Glycol, Pentylene Glycol, 1,2-Hexanediol,Propanediol, Betaine Salicylate, Glycerin, Sodium Citrate, Hippophae Rhamnoides Fruit Extract, Allantoin, Betaine, Panthenol, Pancratium Maritimum Extract, Camellia Sinensis Leaf Extract, Sodium Hyaluronate, Psidium Guajava Leaf Extract, Rosa Centifolia Flower Extract, Hydrolyzed Hyaluronic Acid, Hydroxypropyltrimonium Hyaluronate, Sodium Hyaluronate Crosspolymer, Sodium Acetylated Hyaluronate, Lavandula Angustifolia (Lavender) Oil, Linalool,3-O-Ethyl Ascorbic Acid,Rosa Canina Fruit Oil, Ethylhexylglycerin, Disodium EDTA, Polyglyceryl-10 Laurate, Polyglyceryl-10 Myristate.<\/span><\/p>\n<div class=\"accordeon__item\"><\/div>","protected":false},"excerpt":{"rendered":"<p>One-Days You Help Me Dacto Pad mitrino\u0161i toniz\u0113jo\u0161ie spilventi\u0146i ar hialuronsk\u0101bi dzi\u013ci pies\u0101tina \u0101du ar mitrumu un maigi p\u012blingo.<\/p>","protected":false},"featured_media":24620,"comment_status":"open","ping_status":"closed","template":"","meta":{"site-sidebar-layout":"default","site-content-layout":"","ast-site-content-layout":"default","site-content-style":"default","site-sidebar-style":"default","ast-global-header-display":"","ast-banner-title-visibility":"","ast-main-header-display":"","ast-hfb-above-header-display":"","ast-hfb-below-header-display":"","ast-hfb-mobile-header-display":"","site-post-title":"","ast-breadcrumbs-content":"","ast-featured-img":"","footer-sml-layout":"","theme-transparent-header-meta":"default","adv-header-id-meta":"","stick-header-meta":"","header-above-stick-meta":"","header-main-stick-meta":"","header-below-stick-meta":"","astra-migrate-meta-layouts":"set","ast-page-background-enabled":"default","ast-page-background-meta":{"desktop":{"background-color":"var(--ast-global-color-4)","background-image":"","background-repeat":"repeat","background-position":"center center","background-size":"auto","background-attachment":"scroll","background-type":"","background-media":"","overlay-type":"","overlay-color":"","overlay-opacity":"","overlay-gradient":""},"tablet":{"background-color":"","background-image":"","background-repeat":"repeat","background-position":"center center","background-size":"auto","background-attachment":"scroll","background-type":"","background-media":"","overlay-type":"","overlay-color":"","overlay-opacity":"","overlay-gradient":""},"mobile":{"background-color":"","background-image":"","background-repeat":"repeat","background-position":"center center","background-size":"auto","background-attachment":"scroll","background-type":"","background-media":"","overlay-type":"","overlay-color":"","overlay-opacity":"","overlay-gradient":""}},"ast-content-background-meta":{"desktop":{"background-color":"var(--ast-global-color-5)","background-image":"","background-repeat":"repeat","background-position":"center center","background-size":"auto","background-attachment":"scroll","background-type":"","background-media":"","overlay-type":"","overlay-color":"","overlay-opacity":"","overlay-gradient":""},"tablet":{"background-color":"var(--ast-global-color-5)","background-image":"","background-repeat":"repeat","background-position":"center center","background-size":"auto","background-attachment":"scroll","background-type":"","background-media":"","overlay-type":"","overlay-color":"","overlay-opacity":"","overlay-gradient":""},"mobile":{"background-color":"var(--ast-global-color-5)","background-image":"","background-repeat":"repeat","background-position":"center center","background-size":"auto","background-attachment":"scroll","background-type":"","background-media":"","overlay-type":"","overlay-color":"","overlay-opacity":"","overlay-gradient":""}}},"product_brand":[],"product_cat":[375,328,378,364],"product_tag":[],"berocket_brand":[637],"class_list":{"0":"post-24619","1":"product","2":"type-product","3":"status-publish","4":"has-post-thumbnail","6":"product_cat-jutigai-adai-toneri","7":"product_cat-pilingi-un-skrubji","8":"product_cat-sausai-adai-toneri","9":"product_cat-toneri","10":"berocket_brand-one-days-you","11":"desktop-align-left","12":"tablet-align-left","13":"mobile-align-left","15":"first","16":"outofstock","17":"taxable","18":"shipping-taxable","19":"purchasable","20":"product-type-simple","21":"add-to-wishlist-before_image"},"yoast_head":"<!-- This site is optimized with the Yoast SEO plugin v27.4 - https:\/\/yoast.com\/product\/yoast-seo-wordpress\/ -->\n<title>One-Days You Help Me Dacto Pad 60pcs - FACECORNER<\/title>\n<meta name=\"description\" content=\"One-Days You Help Me Dacto Pad mitrino\u0161i toniz\u0113jo\u0161ie spilventi\u0146i ar hialuronsk\u0101bi dzi\u013ci pies\u0101tina \u0101du ar mitrumu un maigi p\u012blingo.\" \/>\n<meta name=\"robots\" content=\"index, follow, max-snippet:-1, max-image-preview:large, max-video-preview:-1\" \/>\n<link rel=\"canonical\" href=\"https:\/\/www.facecorner.lv\/en\/shop\/one-days-you-help-me-dacto-pad-60pcs\/\" \/>\n<meta property=\"og:locale\" content=\"en_US\" \/>\n<meta property=\"og:type\" content=\"article\" \/>\n<meta property=\"og:title\" content=\"One-Days You Help Me Dacto Pad 60pcs - FACECORNER\" \/>\n<meta property=\"og:description\" content=\"One-Days You Help Me Dacto Pad mitrino\u0161i toniz\u0113jo\u0161ie spilventi\u0146i ar hialuronsk\u0101bi dzi\u013ci pies\u0101tina \u0101du ar mitrumu un maigi p\u012blingo.\" \/>\n<meta property=\"og:url\" content=\"https:\/\/www.facecorner.lv\/en\/shop\/one-days-you-help-me-dacto-pad-60pcs\/\" \/>\n<meta property=\"og:site_name\" content=\"FACECORNER\" \/>\n<meta property=\"article:publisher\" content=\"https:\/\/www.facebook.com\/profile.php?id=100063824551839\" \/>\n<meta property=\"article:modified_time\" content=\"2025-09-24T07:24:20+00:00\" \/>\n<meta property=\"og:image\" content=\"https:\/\/www.facecorner.lv\/wp-content\/uploads\/2025\/06\/ONE-DAY_S-YOU-Help-Me-Dacto-Pad.webp\" \/>\n\t<meta property=\"og:image:width\" content=\"1080\" \/>\n\t<meta property=\"og:image:height\" content=\"1080\" \/>\n\t<meta property=\"og:image:type\" content=\"image\/webp\" \/>\n<meta name=\"twitter:card\" content=\"summary_large_image\" \/>\n<meta name=\"twitter:label1\" content=\"Price\" \/>\n\t<meta name=\"twitter:data1\" content=\"&euro;29.00\" \/>\n\t<meta name=\"twitter:label2\" content=\"Availability\" \/>\n\t<meta name=\"twitter:data2\" content=\"Out of stock\" \/>\n<script type=\"application\/ld+json\" class=\"yoast-schema-graph\">{\"@context\":\"https:\\\/\\\/schema.org\",\"@graph\":[{\"@type\":\"WebPage\",\"@id\":\"https:\\\/\\\/www.facecorner.lv\\\/shop\\\/one-days-you-help-me-dacto-pad-60pcs\\\/\",\"url\":\"https:\\\/\\\/www.facecorner.lv\\\/shop\\\/one-days-you-help-me-dacto-pad-60pcs\\\/\",\"name\":\"One-Days You Help Me Dacto Pad 60pcs - FACECORNER\",\"isPartOf\":{\"@id\":\"https:\\\/\\\/www.facecorner.lv\\\/#website\"},\"primaryImageOfPage\":{\"@id\":\"https:\\\/\\\/www.facecorner.lv\\\/shop\\\/one-days-you-help-me-dacto-pad-60pcs\\\/#primaryimage\"},\"image\":{\"@id\":\"https:\\\/\\\/www.facecorner.lv\\\/shop\\\/one-days-you-help-me-dacto-pad-60pcs\\\/#primaryimage\"},\"thumbnailUrl\":\"https:\\\/\\\/www.facecorner.lv\\\/wp-content\\\/uploads\\\/2025\\\/06\\\/ONE-DAY_S-YOU-Help-Me-Dacto-Pad.webp\",\"datePublished\":\"2025-06-24T19:48:11+00:00\",\"dateModified\":\"2025-09-24T07:24:20+00:00\",\"description\":\"One-Days You Help Me Dacto Pad mitrino\u0161i toniz\u0113jo\u0161ie spilventi\u0146i ar hialuronsk\u0101bi dzi\u013ci pies\u0101tina \u0101du ar mitrumu un maigi p\u012blingo.\",\"breadcrumb\":{\"@id\":\"https:\\\/\\\/www.facecorner.lv\\\/shop\\\/one-days-you-help-me-dacto-pad-60pcs\\\/#breadcrumb\"},\"inLanguage\":\"en-US\",\"potentialAction\":[{\"@type\":\"ReadAction\",\"target\":[\"https:\\\/\\\/www.facecorner.lv\\\/shop\\\/one-days-you-help-me-dacto-pad-60pcs\\\/\"]}]},{\"@type\":\"ImageObject\",\"inLanguage\":\"en-US\",\"@id\":\"https:\\\/\\\/www.facecorner.lv\\\/shop\\\/one-days-you-help-me-dacto-pad-60pcs\\\/#primaryimage\",\"url\":\"https:\\\/\\\/www.facecorner.lv\\\/wp-content\\\/uploads\\\/2025\\\/06\\\/ONE-DAY_S-YOU-Help-Me-Dacto-Pad.webp\",\"contentUrl\":\"https:\\\/\\\/www.facecorner.lv\\\/wp-content\\\/uploads\\\/2025\\\/06\\\/ONE-DAY_S-YOU-Help-Me-Dacto-Pad.webp\",\"width\":1080,\"height\":1080,\"caption\":\"One-Days You Help Me Dacto Pad\"},{\"@type\":\"BreadcrumbList\",\"@id\":\"https:\\\/\\\/www.facecorner.lv\\\/shop\\\/one-days-you-help-me-dacto-pad-60pcs\\\/#breadcrumb\",\"itemListElement\":[{\"@type\":\"ListItem\",\"position\":1,\"name\":\"Home\",\"item\":\"https:\\\/\\\/www.facecorner.lv\\\/\"},{\"@type\":\"ListItem\",\"position\":2,\"name\":\"Veikals\",\"item\":\"https:\\\/\\\/www.facecorner.lv\\\/shop\\\/\"},{\"@type\":\"ListItem\",\"position\":3,\"name\":\"One-Days You Help Me Dacto Pad 60pcs\"}]},{\"@type\":\"WebSite\",\"@id\":\"https:\\\/\\\/www.facecorner.lv\\\/#website\",\"url\":\"https:\\\/\\\/www.facecorner.lv\\\/\",\"name\":\"Facecorner\",\"description\":\"\",\"publisher\":{\"@id\":\"https:\\\/\\\/www.facecorner.lv\\\/#organization\"},\"potentialAction\":[{\"@type\":\"SearchAction\",\"target\":{\"@type\":\"EntryPoint\",\"urlTemplate\":\"https:\\\/\\\/www.facecorner.lv\\\/?s={search_term_string}\"},\"query-input\":{\"@type\":\"PropertyValueSpecification\",\"valueRequired\":true,\"valueName\":\"search_term_string\"}}],\"inLanguage\":\"en-US\"},{\"@type\":\"Organization\",\"@id\":\"https:\\\/\\\/www.facecorner.lv\\\/#organization\",\"name\":\"Facecorner\",\"url\":\"https:\\\/\\\/www.facecorner.lv\\\/\",\"logo\":{\"@type\":\"ImageObject\",\"inLanguage\":\"en-US\",\"@id\":\"https:\\\/\\\/www.facecorner.lv\\\/#\\\/schema\\\/logo\\\/image\\\/\",\"url\":\"https:\\\/\\\/www.facecorner.lv\\\/wp-content\\\/uploads\\\/2024\\\/04\\\/fc-logo.jpg\",\"contentUrl\":\"https:\\\/\\\/www.facecorner.lv\\\/wp-content\\\/uploads\\\/2024\\\/04\\\/fc-logo.jpg\",\"width\":174,\"height\":28,\"caption\":\"Facecorner\"},\"image\":{\"@id\":\"https:\\\/\\\/www.facecorner.lv\\\/#\\\/schema\\\/logo\\\/image\\\/\"},\"sameAs\":[\"https:\\\/\\\/www.facebook.com\\\/profile.php?id=100063824551839\",\"https:\\\/\\\/www.instagram.com\\\/facecorner_shop\\\/\"]}]}<\/script>\n<meta property=\"product:price:amount\" content=\"29.00\" \/>\n<meta property=\"product:price:currency\" content=\"EUR\" \/>\n<meta property=\"og:availability\" content=\"out of stock\" \/>\n<meta property=\"product:availability\" content=\"out of stock\" \/>\n<meta property=\"product:condition\" content=\"new\" \/>\n<!-- \/ Yoast SEO plugin. -->","yoast_head_json":{"title":"One-Days You Help Me Dacto Pad 60pcs - FACECORNER","description":"One-Days You Help Me Dacto Pad mitrino\u0161i toniz\u0113jo\u0161ie spilventi\u0146i ar hialuronsk\u0101bi dzi\u013ci pies\u0101tina \u0101du ar mitrumu un maigi p\u012blingo.","robots":{"index":"index","follow":"follow","max-snippet":"max-snippet:-1","max-image-preview":"max-image-preview:large","max-video-preview":"max-video-preview:-1"},"canonical":"https:\/\/www.facecorner.lv\/en\/shop\/one-days-you-help-me-dacto-pad-60pcs\/","og_locale":"en_US","og_type":"article","og_title":"One-Days You Help Me Dacto Pad 60pcs - FACECORNER","og_description":"One-Days You Help Me Dacto Pad mitrino\u0161i toniz\u0113jo\u0161ie spilventi\u0146i ar hialuronsk\u0101bi dzi\u013ci pies\u0101tina \u0101du ar mitrumu un maigi p\u012blingo.","og_url":"https:\/\/www.facecorner.lv\/en\/shop\/one-days-you-help-me-dacto-pad-60pcs\/","og_site_name":"FACECORNER","article_publisher":"https:\/\/www.facebook.com\/profile.php?id=100063824551839","article_modified_time":"2025-09-24T07:24:20+00:00","og_image":[{"width":1080,"height":1080,"url":"https:\/\/www.facecorner.lv\/wp-content\/uploads\/2025\/06\/ONE-DAY_S-YOU-Help-Me-Dacto-Pad.webp","type":"image\/webp"}],"twitter_card":"summary_large_image","twitter_misc":{"Price":"&euro;29.00","Availability":"Out of stock"},"schema":{"@context":"https:\/\/schema.org","@graph":[{"@type":"WebPage","@id":"https:\/\/www.facecorner.lv\/shop\/one-days-you-help-me-dacto-pad-60pcs\/","url":"https:\/\/www.facecorner.lv\/shop\/one-days-you-help-me-dacto-pad-60pcs\/","name":"One-Days You Help Me Dacto Pad 60pcs - FACECORNER","isPartOf":{"@id":"https:\/\/www.facecorner.lv\/#website"},"primaryImageOfPage":{"@id":"https:\/\/www.facecorner.lv\/shop\/one-days-you-help-me-dacto-pad-60pcs\/#primaryimage"},"image":{"@id":"https:\/\/www.facecorner.lv\/shop\/one-days-you-help-me-dacto-pad-60pcs\/#primaryimage"},"thumbnailUrl":"https:\/\/www.facecorner.lv\/wp-content\/uploads\/2025\/06\/ONE-DAY_S-YOU-Help-Me-Dacto-Pad.webp","datePublished":"2025-06-24T19:48:11+00:00","dateModified":"2025-09-24T07:24:20+00:00","description":"One-Days You Help Me Dacto Pad mitrino\u0161i toniz\u0113jo\u0161ie spilventi\u0146i ar hialuronsk\u0101bi dzi\u013ci pies\u0101tina \u0101du ar mitrumu un maigi p\u012blingo.","breadcrumb":{"@id":"https:\/\/www.facecorner.lv\/shop\/one-days-you-help-me-dacto-pad-60pcs\/#breadcrumb"},"inLanguage":"en-US","potentialAction":[{"@type":"ReadAction","target":["https:\/\/www.facecorner.lv\/shop\/one-days-you-help-me-dacto-pad-60pcs\/"]}]},{"@type":"ImageObject","inLanguage":"en-US","@id":"https:\/\/www.facecorner.lv\/shop\/one-days-you-help-me-dacto-pad-60pcs\/#primaryimage","url":"https:\/\/www.facecorner.lv\/wp-content\/uploads\/2025\/06\/ONE-DAY_S-YOU-Help-Me-Dacto-Pad.webp","contentUrl":"https:\/\/www.facecorner.lv\/wp-content\/uploads\/2025\/06\/ONE-DAY_S-YOU-Help-Me-Dacto-Pad.webp","width":1080,"height":1080,"caption":"One-Days You Help Me Dacto Pad"},{"@type":"BreadcrumbList","@id":"https:\/\/www.facecorner.lv\/shop\/one-days-you-help-me-dacto-pad-60pcs\/#breadcrumb","itemListElement":[{"@type":"ListItem","position":1,"name":"Home","item":"https:\/\/www.facecorner.lv\/"},{"@type":"ListItem","position":2,"name":"Veikals","item":"https:\/\/www.facecorner.lv\/shop\/"},{"@type":"ListItem","position":3,"name":"One-Days You Help Me Dacto Pad 60pcs"}]},{"@type":"WebSite","@id":"https:\/\/www.facecorner.lv\/#website","url":"https:\/\/www.facecorner.lv\/","name":"Facecorner","description":"","publisher":{"@id":"https:\/\/www.facecorner.lv\/#organization"},"potentialAction":[{"@type":"SearchAction","target":{"@type":"EntryPoint","urlTemplate":"https:\/\/www.facecorner.lv\/?s={search_term_string}"},"query-input":{"@type":"PropertyValueSpecification","valueRequired":true,"valueName":"search_term_string"}}],"inLanguage":"en-US"},{"@type":"Organization","@id":"https:\/\/www.facecorner.lv\/#organization","name":"Facecorner","url":"https:\/\/www.facecorner.lv\/","logo":{"@type":"ImageObject","inLanguage":"en-US","@id":"https:\/\/www.facecorner.lv\/#\/schema\/logo\/image\/","url":"https:\/\/www.facecorner.lv\/wp-content\/uploads\/2024\/04\/fc-logo.jpg","contentUrl":"https:\/\/www.facecorner.lv\/wp-content\/uploads\/2024\/04\/fc-logo.jpg","width":174,"height":28,"caption":"Facecorner"},"image":{"@id":"https:\/\/www.facecorner.lv\/#\/schema\/logo\/image\/"},"sameAs":["https:\/\/www.facebook.com\/profile.php?id=100063824551839","https:\/\/www.instagram.com\/facecorner_shop\/"]}]},"product_price_amount":"29.00","product_price_currency":"EUR","og_availability":"out of stock","product_availability":"out of stock","product_condition":"new"},"_links":{"self":[{"href":"https:\/\/www.facecorner.lv\/en\/wp-json\/wp\/v2\/product\/24619","targetHints":{"allow":["GET"]}}],"collection":[{"href":"https:\/\/www.facecorner.lv\/en\/wp-json\/wp\/v2\/product"}],"about":[{"href":"https:\/\/www.facecorner.lv\/en\/wp-json\/wp\/v2\/types\/product"}],"replies":[{"embeddable":true,"href":"https:\/\/www.facecorner.lv\/en\/wp-json\/wp\/v2\/comments?post=24619"}],"wp:featuredmedia":[{"embeddable":true,"href":"https:\/\/www.facecorner.lv\/en\/wp-json\/wp\/v2\/media\/24620"}],"wp:attachment":[{"href":"https:\/\/www.facecorner.lv\/en\/wp-json\/wp\/v2\/media?parent=24619"}],"wp:term":[{"taxonomy":"product_brand","embeddable":true,"href":"https:\/\/www.facecorner.lv\/en\/wp-json\/wp\/v2\/product_brand?post=24619"},{"taxonomy":"product_cat","embeddable":true,"href":"https:\/\/www.facecorner.lv\/en\/wp-json\/wp\/v2\/product_cat?post=24619"},{"taxonomy":"product_tag","embeddable":true,"href":"https:\/\/www.facecorner.lv\/en\/wp-json\/wp\/v2\/product_tag?post=24619"},{"taxonomy":"berocket_brand","embeddable":true,"href":"https:\/\/www.facecorner.lv\/en\/wp-json\/wp\/v2\/berocket_brand?post=24619"}],"curies":[{"name":"wp","href":"https:\/\/api.w.org\/{rel}","templated":true}]}}