{"id":24611,"date":"2025-06-24T22:26:26","date_gmt":"2025-06-24T19:26:26","guid":{"rendered":"https:\/\/www.facecorner.lv\/?post_type=product&#038;p=24611"},"modified":"2025-12-03T18:11:53","modified_gmt":"2025-12-03T15:11:53","slug":"one-days-you-help-me-pore-t-pad-60pcs","status":"publish","type":"product","link":"https:\/\/www.facecorner.lv\/en\/shop\/one-days-you-help-me-pore-t-pad-60pcs\/","title":{"rendered":"One-Days You Help Me PORE-T Pad 60pcs"},"content":{"rendered":"<p>One-Days You Help Me PORE-T Pad\u00a0 p\u012blinga poras sa\u0161aurino\u0161i toniz\u0113jo\u0161ie spilventi\u0146i veicina \u0161\u016bnu atjauno\u0161anos un regul\u0113 sebuma veido\u0161anos.<\/p>\n<ul>\n<li>Veicina maigu p\u012blingu un \u0161\u016bnu atjauno\u0161anos, att\u012bra \u0101du no liek\u0101 sebuma.<\/li>\n<li>Nomierina kairin\u0101jumus un mazina aps\u0101rtumu, nov\u0113r\u0161 iekaisumus.<\/li>\n<li>T\u0101m ir sausino\u0161a iedarb\u012bba un t\u0101s regul\u0113 tauku dziedzeru darb\u012bbu.<\/li>\n<\/ul>\n<p><strong>It is a total care mask that tightens the skin.<\/strong><\/p>\n<ul>\n<li>Hamame\u013ca ekstraktam ir nomierino\u0161a un \u017e\u0101v\u0113jo\u0161a iedarb\u012bba, regul\u0113 tauku dziedzeru darb\u012bbu.<\/li>\n<li>\u0136\u012bnas tradicion\u0101l\u0101s medic\u012bnas dziednieciskais augs &#8211; melnais lapkoks &#8211; iev\u0113rojami uzlabo iekaisu\u0161as \u0101das st\u0101vokli, mazina aps\u0101rtumu un dedzin\u0101\u0161anu. Aktiviz\u0113 \u0101das re\u0123ener\u0101cijas un dziedin\u0101\u0161anas funkcijas, nomierina un mazina kairin\u0101jumus.<\/li>\n<li>Peonijas ekstraktam piem\u012bt dzi\u013ci mitrino\u0161a un toniz\u0113jo\u0161a iedarb\u012bba, tas pal\u012bdz atjaunot \u0101das elast\u012bbu.<\/li>\n<li>Niacinam\u012bdam piem\u012bt nomierino\u0161a un pretiekaisuma iedarb\u012bba, nov\u0113r\u0161 izsitumu un aps\u0101rtumu ra\u0161anos.<\/li>\n<li>Persimona ekstraktam piem\u012bt savelko\u0161a iedarb\u012bba un tas nodro\u0161ina efekt\u012bvu poru sa\u0161aurin\u0101\u0161anos.<\/li>\n<\/ul>\n<p><strong>How to use:<\/strong>Noslaukiet att\u012br\u012btu \u0101du ar toniz\u0113jo\u0161o spilventi\u0146u un \u013caujiet atliku\u0161ajam sast\u0101vam ies\u016bkties. P\u0113c tam turpiniet pamatapr\u016bpi.<\/p>\n<p><strong>Sast\u0101vs:<\/strong> <span style=\"font-size: 16px;\">Hamamelis Virginiana (Witch Hazel) Water, Butylene Glycol, Glycerin, Vincetoxicum Atratum Extract, Paeonia Suffruticosa Root Extract, Niacinamide, Glycereth-26, Diospyros Kaki Leaf Extract, Grape Fruit Extract, Coffea Arabica (Coffee) Seed Extract, Carthamus Tinctorius (Safflower) Flower Extract, Polygonum Cuspidatum Root Extract, Camellia Sinensis Leaf Extract, Castanea Sativa (Chestnut) Shell Extract, Zanthoxylum Piperitum Fruit Extract, Illicium Verum (Anise) Fruit Extract, Aloe Vera Leaf Extract, Sodium Hyaluronate, Betaine, Adenosine, Disodium EDTA, Malt Extract, 1,2-Hexanediol, Ethylhexylglycerin, Caprylyl Glycol, Octyldodeceth-16, Purified Water, Orange Peel Oil, Palmarosa Oil, Lavender Oil, Pogostemon Cablin Oil, Limonene, Geraniol, Linalool.<\/span><\/p>\n<div class=\"accordeon__item\"><\/div>","protected":false},"excerpt":{"rendered":"<p>One-Days You Help Me PORE-T Pad\u00a0 p\u012blinga poras sa\u0161aurino\u0161i toniz\u0113jo\u0161ie spilventi\u0146i veicina \u0161\u016bnu atjauno\u0161anos un regul\u0113 sebuma veido\u0161anos.<\/p>","protected":false},"featured_media":24612,"comment_status":"open","ping_status":"closed","template":"","meta":{"site-sidebar-layout":"default","site-content-layout":"","ast-site-content-layout":"default","site-content-style":"default","site-sidebar-style":"default","ast-global-header-display":"","ast-banner-title-visibility":"","ast-main-header-display":"","ast-hfb-above-header-display":"","ast-hfb-below-header-display":"","ast-hfb-mobile-header-display":"","site-post-title":"","ast-breadcrumbs-content":"","ast-featured-img":"","footer-sml-layout":"","theme-transparent-header-meta":"default","adv-header-id-meta":"","stick-header-meta":"","header-above-stick-meta":"","header-main-stick-meta":"","header-below-stick-meta":"","astra-migrate-meta-layouts":"set","ast-page-background-enabled":"default","ast-page-background-meta":{"desktop":{"background-color":"var(--ast-global-color-4)","background-image":"","background-repeat":"repeat","background-position":"center center","background-size":"auto","background-attachment":"scroll","background-type":"","background-media":"","overlay-type":"","overlay-color":"","overlay-opacity":"","overlay-gradient":""},"tablet":{"background-color":"","background-image":"","background-repeat":"repeat","background-position":"center center","background-size":"auto","background-attachment":"scroll","background-type":"","background-media":"","overlay-type":"","overlay-color":"","overlay-opacity":"","overlay-gradient":""},"mobile":{"background-color":"","background-image":"","background-repeat":"repeat","background-position":"center center","background-size":"auto","background-attachment":"scroll","background-type":"","background-media":"","overlay-type":"","overlay-color":"","overlay-opacity":"","overlay-gradient":""}},"ast-content-background-meta":{"desktop":{"background-color":"var(--ast-global-color-5)","background-image":"","background-repeat":"repeat","background-position":"center center","background-size":"auto","background-attachment":"scroll","background-type":"","background-media":"","overlay-type":"","overlay-color":"","overlay-opacity":"","overlay-gradient":""},"tablet":{"background-color":"var(--ast-global-color-5)","background-image":"","background-repeat":"repeat","background-position":"center center","background-size":"auto","background-attachment":"scroll","background-type":"","background-media":"","overlay-type":"","overlay-color":"","overlay-opacity":"","overlay-gradient":""},"mobile":{"background-color":"var(--ast-global-color-5)","background-image":"","background-repeat":"repeat","background-position":"center center","background-size":"auto","background-attachment":"scroll","background-type":"","background-media":"","overlay-type":"","overlay-color":"","overlay-opacity":"","overlay-gradient":""}}},"product_brand":[],"product_cat":[670,328,377,364,376],"product_tag":[],"berocket_brand":[637],"class_list":{"0":"post-24611","1":"product","2":"type-product","3":"status-publish","4":"has-post-thumbnail","6":"product_cat-pilinga-diski","7":"product_cat-pilingi-un-skrubji","8":"product_cat-problematiskai-adai-toneri","9":"product_cat-toneri","10":"product_cat-kombinetai-adai-toneri","11":"berocket_brand-one-days-you","12":"desktop-align-left","13":"tablet-align-left","14":"mobile-align-left","16":"first","17":"instock","18":"taxable","19":"shipping-taxable","20":"purchasable","21":"product-type-simple","22":"add-to-wishlist-before_image"},"yoast_head":"<!-- This site is optimized with the Yoast SEO plugin v27.4 - https:\/\/yoast.com\/product\/yoast-seo-wordpress\/ -->\n<title>One-Days You Help Me PORE-T Pad 60pcs - FACECORNER<\/title>\n<meta name=\"description\" content=\"One-Days You Help Me PORE-T Pad\u00a0 p\u012blinga poras sa\u0161aurino\u0161i toniz\u0113jo\u0161ie spilventi\u0146i veicina \u0161\u016bnu atjauno\u0161anos un regul\u0113 sebuma veido\u0161anos.\" \/>\n<meta name=\"robots\" content=\"index, follow, max-snippet:-1, max-image-preview:large, max-video-preview:-1\" \/>\n<link rel=\"canonical\" href=\"https:\/\/www.facecorner.lv\/en\/shop\/one-days-you-help-me-pore-t-pad-60pcs\/\" \/>\n<meta property=\"og:locale\" content=\"en_US\" \/>\n<meta property=\"og:type\" content=\"article\" \/>\n<meta property=\"og:title\" content=\"One-Days You Help Me PORE-T Pad 60pcs - FACECORNER\" \/>\n<meta property=\"og:description\" content=\"One-Days You Help Me PORE-T Pad\u00a0 p\u012blinga poras sa\u0161aurino\u0161i toniz\u0113jo\u0161ie spilventi\u0146i veicina \u0161\u016bnu atjauno\u0161anos un regul\u0113 sebuma veido\u0161anos.\" \/>\n<meta property=\"og:url\" content=\"https:\/\/www.facecorner.lv\/en\/shop\/one-days-you-help-me-pore-t-pad-60pcs\/\" \/>\n<meta property=\"og:site_name\" content=\"FACECORNER\" \/>\n<meta property=\"article:publisher\" content=\"https:\/\/www.facebook.com\/profile.php?id=100063824551839\" \/>\n<meta property=\"article:modified_time\" content=\"2025-12-03T15:11:53+00:00\" \/>\n<meta property=\"og:image\" content=\"https:\/\/www.facecorner.lv\/wp-content\/uploads\/2025\/06\/71MxUEmRKXL-7148.jpg\" \/>\n\t<meta property=\"og:image:width\" content=\"2560\" \/>\n\t<meta property=\"og:image:height\" content=\"2560\" \/>\n\t<meta property=\"og:image:type\" content=\"image\/jpeg\" \/>\n<meta name=\"twitter:card\" content=\"summary_large_image\" \/>\n<meta name=\"twitter:label1\" content=\"Price\" \/>\n\t<meta name=\"twitter:data1\" content=\"&euro;29.00\" \/>\n\t<meta name=\"twitter:label2\" content=\"Availability\" \/>\n\t<meta name=\"twitter:data2\" content=\"In stock\" \/>\n<script type=\"application\/ld+json\" class=\"yoast-schema-graph\">{\"@context\":\"https:\\\/\\\/schema.org\",\"@graph\":[{\"@type\":\"WebPage\",\"@id\":\"https:\\\/\\\/www.facecorner.lv\\\/shop\\\/one-days-you-help-me-pore-t-pad-60pcs\\\/\",\"url\":\"https:\\\/\\\/www.facecorner.lv\\\/shop\\\/one-days-you-help-me-pore-t-pad-60pcs\\\/\",\"name\":\"One-Days You Help Me PORE-T Pad 60pcs - FACECORNER\",\"isPartOf\":{\"@id\":\"https:\\\/\\\/www.facecorner.lv\\\/#website\"},\"primaryImageOfPage\":{\"@id\":\"https:\\\/\\\/www.facecorner.lv\\\/shop\\\/one-days-you-help-me-pore-t-pad-60pcs\\\/#primaryimage\"},\"image\":{\"@id\":\"https:\\\/\\\/www.facecorner.lv\\\/shop\\\/one-days-you-help-me-pore-t-pad-60pcs\\\/#primaryimage\"},\"thumbnailUrl\":\"https:\\\/\\\/www.facecorner.lv\\\/wp-content\\\/uploads\\\/2025\\\/06\\\/71MxUEmRKXL-7148.jpg\",\"datePublished\":\"2025-06-24T19:26:26+00:00\",\"dateModified\":\"2025-12-03T15:11:53+00:00\",\"description\":\"One-Days You Help Me PORE-T Pad\u00a0 p\u012blinga poras sa\u0161aurino\u0161i toniz\u0113jo\u0161ie spilventi\u0146i veicina \u0161\u016bnu atjauno\u0161anos un regul\u0113 sebuma veido\u0161anos.\",\"breadcrumb\":{\"@id\":\"https:\\\/\\\/www.facecorner.lv\\\/shop\\\/one-days-you-help-me-pore-t-pad-60pcs\\\/#breadcrumb\"},\"inLanguage\":\"en-US\",\"potentialAction\":[{\"@type\":\"ReadAction\",\"target\":[\"https:\\\/\\\/www.facecorner.lv\\\/shop\\\/one-days-you-help-me-pore-t-pad-60pcs\\\/\"]}]},{\"@type\":\"ImageObject\",\"inLanguage\":\"en-US\",\"@id\":\"https:\\\/\\\/www.facecorner.lv\\\/shop\\\/one-days-you-help-me-pore-t-pad-60pcs\\\/#primaryimage\",\"url\":\"https:\\\/\\\/www.facecorner.lv\\\/wp-content\\\/uploads\\\/2025\\\/06\\\/71MxUEmRKXL-7148.jpg\",\"contentUrl\":\"https:\\\/\\\/www.facecorner.lv\\\/wp-content\\\/uploads\\\/2025\\\/06\\\/71MxUEmRKXL-7148.jpg\",\"width\":2560,\"height\":2560,\"caption\":\"One-Days You Help Me PORE-T Pad\"},{\"@type\":\"BreadcrumbList\",\"@id\":\"https:\\\/\\\/www.facecorner.lv\\\/shop\\\/one-days-you-help-me-pore-t-pad-60pcs\\\/#breadcrumb\",\"itemListElement\":[{\"@type\":\"ListItem\",\"position\":1,\"name\":\"Home\",\"item\":\"https:\\\/\\\/www.facecorner.lv\\\/\"},{\"@type\":\"ListItem\",\"position\":2,\"name\":\"Veikals\",\"item\":\"https:\\\/\\\/www.facecorner.lv\\\/shop\\\/\"},{\"@type\":\"ListItem\",\"position\":3,\"name\":\"One-Days You Help Me PORE-T Pad 60pcs\"}]},{\"@type\":\"WebSite\",\"@id\":\"https:\\\/\\\/www.facecorner.lv\\\/#website\",\"url\":\"https:\\\/\\\/www.facecorner.lv\\\/\",\"name\":\"Facecorner\",\"description\":\"\",\"publisher\":{\"@id\":\"https:\\\/\\\/www.facecorner.lv\\\/#organization\"},\"potentialAction\":[{\"@type\":\"SearchAction\",\"target\":{\"@type\":\"EntryPoint\",\"urlTemplate\":\"https:\\\/\\\/www.facecorner.lv\\\/?s={search_term_string}\"},\"query-input\":{\"@type\":\"PropertyValueSpecification\",\"valueRequired\":true,\"valueName\":\"search_term_string\"}}],\"inLanguage\":\"en-US\"},{\"@type\":\"Organization\",\"@id\":\"https:\\\/\\\/www.facecorner.lv\\\/#organization\",\"name\":\"Facecorner\",\"url\":\"https:\\\/\\\/www.facecorner.lv\\\/\",\"logo\":{\"@type\":\"ImageObject\",\"inLanguage\":\"en-US\",\"@id\":\"https:\\\/\\\/www.facecorner.lv\\\/#\\\/schema\\\/logo\\\/image\\\/\",\"url\":\"https:\\\/\\\/www.facecorner.lv\\\/wp-content\\\/uploads\\\/2024\\\/04\\\/fc-logo.jpg\",\"contentUrl\":\"https:\\\/\\\/www.facecorner.lv\\\/wp-content\\\/uploads\\\/2024\\\/04\\\/fc-logo.jpg\",\"width\":174,\"height\":28,\"caption\":\"Facecorner\"},\"image\":{\"@id\":\"https:\\\/\\\/www.facecorner.lv\\\/#\\\/schema\\\/logo\\\/image\\\/\"},\"sameAs\":[\"https:\\\/\\\/www.facebook.com\\\/profile.php?id=100063824551839\",\"https:\\\/\\\/www.instagram.com\\\/facecorner_shop\\\/\"]}]}<\/script>\n<meta property=\"product:price:amount\" content=\"29.00\" \/>\n<meta property=\"product:price:currency\" content=\"EUR\" \/>\n<meta property=\"og:availability\" content=\"instock\" \/>\n<meta property=\"product:availability\" content=\"instock\" \/>\n<meta property=\"product:condition\" content=\"new\" \/>\n<!-- \/ Yoast SEO plugin. -->","yoast_head_json":{"title":"One-Days You Help Me PORE-T Pad 60pcs - FACECORNER","description":"One-Days You Help Me PORE-T Pad\u00a0 p\u012blinga poras sa\u0161aurino\u0161i toniz\u0113jo\u0161ie spilventi\u0146i veicina \u0161\u016bnu atjauno\u0161anos un regul\u0113 sebuma veido\u0161anos.","robots":{"index":"index","follow":"follow","max-snippet":"max-snippet:-1","max-image-preview":"max-image-preview:large","max-video-preview":"max-video-preview:-1"},"canonical":"https:\/\/www.facecorner.lv\/en\/shop\/one-days-you-help-me-pore-t-pad-60pcs\/","og_locale":"en_US","og_type":"article","og_title":"One-Days You Help Me PORE-T Pad 60pcs - FACECORNER","og_description":"One-Days You Help Me PORE-T Pad\u00a0 p\u012blinga poras sa\u0161aurino\u0161i toniz\u0113jo\u0161ie spilventi\u0146i veicina \u0161\u016bnu atjauno\u0161anos un regul\u0113 sebuma veido\u0161anos.","og_url":"https:\/\/www.facecorner.lv\/en\/shop\/one-days-you-help-me-pore-t-pad-60pcs\/","og_site_name":"FACECORNER","article_publisher":"https:\/\/www.facebook.com\/profile.php?id=100063824551839","article_modified_time":"2025-12-03T15:11:53+00:00","og_image":[{"width":2560,"height":2560,"url":"https:\/\/www.facecorner.lv\/wp-content\/uploads\/2025\/06\/71MxUEmRKXL-7148.jpg","type":"image\/jpeg"}],"twitter_card":"summary_large_image","twitter_misc":{"Price":"&euro;29.00","Availability":"In stock"},"schema":{"@context":"https:\/\/schema.org","@graph":[{"@type":"WebPage","@id":"https:\/\/www.facecorner.lv\/shop\/one-days-you-help-me-pore-t-pad-60pcs\/","url":"https:\/\/www.facecorner.lv\/shop\/one-days-you-help-me-pore-t-pad-60pcs\/","name":"One-Days You Help Me PORE-T Pad 60pcs - FACECORNER","isPartOf":{"@id":"https:\/\/www.facecorner.lv\/#website"},"primaryImageOfPage":{"@id":"https:\/\/www.facecorner.lv\/shop\/one-days-you-help-me-pore-t-pad-60pcs\/#primaryimage"},"image":{"@id":"https:\/\/www.facecorner.lv\/shop\/one-days-you-help-me-pore-t-pad-60pcs\/#primaryimage"},"thumbnailUrl":"https:\/\/www.facecorner.lv\/wp-content\/uploads\/2025\/06\/71MxUEmRKXL-7148.jpg","datePublished":"2025-06-24T19:26:26+00:00","dateModified":"2025-12-03T15:11:53+00:00","description":"One-Days You Help Me PORE-T Pad\u00a0 p\u012blinga poras sa\u0161aurino\u0161i toniz\u0113jo\u0161ie spilventi\u0146i veicina \u0161\u016bnu atjauno\u0161anos un regul\u0113 sebuma veido\u0161anos.","breadcrumb":{"@id":"https:\/\/www.facecorner.lv\/shop\/one-days-you-help-me-pore-t-pad-60pcs\/#breadcrumb"},"inLanguage":"en-US","potentialAction":[{"@type":"ReadAction","target":["https:\/\/www.facecorner.lv\/shop\/one-days-you-help-me-pore-t-pad-60pcs\/"]}]},{"@type":"ImageObject","inLanguage":"en-US","@id":"https:\/\/www.facecorner.lv\/shop\/one-days-you-help-me-pore-t-pad-60pcs\/#primaryimage","url":"https:\/\/www.facecorner.lv\/wp-content\/uploads\/2025\/06\/71MxUEmRKXL-7148.jpg","contentUrl":"https:\/\/www.facecorner.lv\/wp-content\/uploads\/2025\/06\/71MxUEmRKXL-7148.jpg","width":2560,"height":2560,"caption":"One-Days You Help Me PORE-T Pad"},{"@type":"BreadcrumbList","@id":"https:\/\/www.facecorner.lv\/shop\/one-days-you-help-me-pore-t-pad-60pcs\/#breadcrumb","itemListElement":[{"@type":"ListItem","position":1,"name":"Home","item":"https:\/\/www.facecorner.lv\/"},{"@type":"ListItem","position":2,"name":"Veikals","item":"https:\/\/www.facecorner.lv\/shop\/"},{"@type":"ListItem","position":3,"name":"One-Days You Help Me PORE-T Pad 60pcs"}]},{"@type":"WebSite","@id":"https:\/\/www.facecorner.lv\/#website","url":"https:\/\/www.facecorner.lv\/","name":"Facecorner","description":"","publisher":{"@id":"https:\/\/www.facecorner.lv\/#organization"},"potentialAction":[{"@type":"SearchAction","target":{"@type":"EntryPoint","urlTemplate":"https:\/\/www.facecorner.lv\/?s={search_term_string}"},"query-input":{"@type":"PropertyValueSpecification","valueRequired":true,"valueName":"search_term_string"}}],"inLanguage":"en-US"},{"@type":"Organization","@id":"https:\/\/www.facecorner.lv\/#organization","name":"Facecorner","url":"https:\/\/www.facecorner.lv\/","logo":{"@type":"ImageObject","inLanguage":"en-US","@id":"https:\/\/www.facecorner.lv\/#\/schema\/logo\/image\/","url":"https:\/\/www.facecorner.lv\/wp-content\/uploads\/2024\/04\/fc-logo.jpg","contentUrl":"https:\/\/www.facecorner.lv\/wp-content\/uploads\/2024\/04\/fc-logo.jpg","width":174,"height":28,"caption":"Facecorner"},"image":{"@id":"https:\/\/www.facecorner.lv\/#\/schema\/logo\/image\/"},"sameAs":["https:\/\/www.facebook.com\/profile.php?id=100063824551839","https:\/\/www.instagram.com\/facecorner_shop\/"]}]},"product_price_amount":"29.00","product_price_currency":"EUR","og_availability":"instock","product_availability":"instock","product_condition":"new"},"_links":{"self":[{"href":"https:\/\/www.facecorner.lv\/en\/wp-json\/wp\/v2\/product\/24611","targetHints":{"allow":["GET"]}}],"collection":[{"href":"https:\/\/www.facecorner.lv\/en\/wp-json\/wp\/v2\/product"}],"about":[{"href":"https:\/\/www.facecorner.lv\/en\/wp-json\/wp\/v2\/types\/product"}],"replies":[{"embeddable":true,"href":"https:\/\/www.facecorner.lv\/en\/wp-json\/wp\/v2\/comments?post=24611"}],"wp:featuredmedia":[{"embeddable":true,"href":"https:\/\/www.facecorner.lv\/en\/wp-json\/wp\/v2\/media\/24612"}],"wp:attachment":[{"href":"https:\/\/www.facecorner.lv\/en\/wp-json\/wp\/v2\/media?parent=24611"}],"wp:term":[{"taxonomy":"product_brand","embeddable":true,"href":"https:\/\/www.facecorner.lv\/en\/wp-json\/wp\/v2\/product_brand?post=24611"},{"taxonomy":"product_cat","embeddable":true,"href":"https:\/\/www.facecorner.lv\/en\/wp-json\/wp\/v2\/product_cat?post=24611"},{"taxonomy":"product_tag","embeddable":true,"href":"https:\/\/www.facecorner.lv\/en\/wp-json\/wp\/v2\/product_tag?post=24611"},{"taxonomy":"berocket_brand","embeddable":true,"href":"https:\/\/www.facecorner.lv\/en\/wp-json\/wp\/v2\/berocket_brand?post=24611"}],"curies":[{"name":"wp","href":"https:\/\/api.w.org\/{rel}","templated":true}]}}