{"id":24608,"date":"2025-06-24T22:17:44","date_gmt":"2025-06-24T19:17:44","guid":{"rendered":"https:\/\/www.facecorner.lv\/?post_type=product&#038;p=24608"},"modified":"2025-11-28T15:29:12","modified_gmt":"2025-11-28T12:29:12","slug":"biodance-vita-niacinamide-gel-toner-pads-60pcs","status":"publish","type":"product","link":"https:\/\/www.facecorner.lv\/en\/shop\/biodance-vita-niacinamide-gel-toner-pads-60pcs\/","title":{"rendered":"Biodance Vita Niacinamide Gel Toner Pads 60pcs"},"content":{"rendered":"<p>Biodance Vita Niacinamide Gel Toner Pads maigi, bet efekt\u012bvi toniz\u0113jo\u0161i spilventi\u0146i, kas paredz\u0113ti \u0101das tonusa, tekst\u016bras un mirdzuma uzlabo\u0161anai. Tie ir bag\u0101tin\u0101ti ar t\u0101d\u0101m galvenaj\u0101m sast\u0101vda\u013c\u0101m k\u0101 niac\u012bnam\u012bds, anan\u0101su \u016bdens un glutations.<\/p>\n<ul>\n<li>Niacinamide: pal\u012bdz mazin\u0101t tum\u0161os plankumus un hiperpigment\u0101ciju, t\u0101d\u0113j\u0101di pan\u0101kot vienm\u0113r\u012bg\u0101ku \u0101das toni.<\/li>\n<li>Anan\u0101su \u016bdens: nodro\u0161ina maigu p\u012blingu, lai uzlabotu \u0101das tekst\u016bru.<\/li>\n<li>Glutations: uzlabo \u0101das dabisko mirdzumu un veicina mirdzo\u0161u sejas kr\u0101su.<\/li>\n<\/ul>\n<p>\u0160ie spilventi\u0146i uz 100 % \u017eelejas b\u0101zes ir pies\u016bcin\u0101ti ar esenci, kas nov\u0113r\u0161 vielas tie\u0161u saskari ar \u0101du, palielina mitruma saturu un nodro\u0161ina efekt\u012bvu izgaismojo\u0161o sast\u0101vda\u013cu pieg\u0101di. Tos var izmantot ar\u012b k\u0101 \u0101tru un vienk\u0101r\u0161u masku, uzkl\u0101jot uz zon\u0101m, kur\u0101m nepiecie\u0161ama intens\u012bva mitrin\u0101\u0161ana. Lai nov\u0113rstu spilventi\u0146u iz\u017e\u016b\u0161anu, p\u0113c lieto\u0161anas ieteicams cie\u0161i aizv\u0113rt v\u0101ci\u0146u.<\/p>\n<p><strong>How to use:<\/strong> P\u0113c sejas mazg\u0101\u0161anas pirmaj\u0101 \u0101das kop\u0161anas rut\u012bnas posm\u0101 maigi noslaukiet visu seju, iz\u0146emot ap ac\u012bm, virzien\u0101 uz \u0101das tekst\u016bru. Uzkl\u0101jiet tamponu uz zon\u0101m, kur\u0101m nepiecie\u0161ama intens\u012bva mitrin\u0101\u0161ana, un izmantojiet to k\u0101 toniz\u0113jo\u0161o iepakojumu.<\/p>\n<p><strong>Sast\u0101vs:<\/strong> Water, Ananas Sativus (Pineapple) Fruit Water(100,000ppm), Glycerin, Acrylates Copolymer, Niacinamide(20,000ppm), 1,2-Hexanediol, Ceratonia Siliqua (Carob) Gum, Betaine, Chondrus Crispus, Polyglyceryl-10 Laurate, Potassium Chloride, Sucrose, Polyglyceryl-2 Triisostearate, Allantoin, Agar, Cellulose Gum, Ethylhexylglycerin, Butylene Glycol, Adenosine, Pyrus Communis (Pear) Fruit Extract, Sclerotium Gum, Disodium EDTA, Rosa Damascena Flower Water, Melia Azadirachta Leaf Extract, Melia Azadirachta Flower Extract, Iris Florentina Root Extract, Ananas Sativus (Pineapple) Fruit Extract, Hippophae Rhamnoides Oil, Cucumis Melo (Melon) Fruit Extract, Curcuma Longa (Turmeric) Root Extract, Hedera Helix (Ivy) Leaf\/Stem Extract, Ocimum Sanctum Leaf Extract, Corallina Officinalis Extract, Tocopherol, Sodium Hyaluronate, Hydrolyzed Hyaluronic Acid, Gluconolactone, Boron Nitride, Caprylyl Glycol, Hydroxypropyltrimonium Hyaluronate, Glutathione, Sodium Acetylated Hyaluronate, Hyaluronic Acid, Hydrolyzed Sodium Hyaluronate, Sodium Hyaluronate Crosspolymer, Potassium Hyaluronate.<\/p>","protected":false},"excerpt":{"rendered":"<p>Biodance Vita Niacinamide Gel Toner Pads maigi, bet efekt\u012bvi toniz\u0113jo\u0161i spilventi\u0146i, kas paredz\u0113ti \u0101das tonusa, tekst\u016bras un mirdzuma uzlabo\u0161anai.<\/p>","protected":false},"featured_media":24609,"comment_status":"open","ping_status":"closed","template":"","meta":{"site-sidebar-layout":"default","site-content-layout":"","ast-site-content-layout":"default","site-content-style":"default","site-sidebar-style":"default","ast-global-header-display":"","ast-banner-title-visibility":"","ast-main-header-display":"","ast-hfb-above-header-display":"","ast-hfb-below-header-display":"","ast-hfb-mobile-header-display":"","site-post-title":"","ast-breadcrumbs-content":"","ast-featured-img":"","footer-sml-layout":"","theme-transparent-header-meta":"default","adv-header-id-meta":"","stick-header-meta":"","header-above-stick-meta":"","header-main-stick-meta":"","header-below-stick-meta":"","astra-migrate-meta-layouts":"set","ast-page-background-enabled":"default","ast-page-background-meta":{"desktop":{"background-color":"var(--ast-global-color-4)","background-image":"","background-repeat":"repeat","background-position":"center center","background-size":"auto","background-attachment":"scroll","background-type":"","background-media":"","overlay-type":"","overlay-color":"","overlay-opacity":"","overlay-gradient":""},"tablet":{"background-color":"","background-image":"","background-repeat":"repeat","background-position":"center center","background-size":"auto","background-attachment":"scroll","background-type":"","background-media":"","overlay-type":"","overlay-color":"","overlay-opacity":"","overlay-gradient":""},"mobile":{"background-color":"","background-image":"","background-repeat":"repeat","background-position":"center center","background-size":"auto","background-attachment":"scroll","background-type":"","background-media":"","overlay-type":"","overlay-color":"","overlay-opacity":"","overlay-gradient":""}},"ast-content-background-meta":{"desktop":{"background-color":"var(--ast-global-color-5)","background-image":"","background-repeat":"repeat","background-position":"center center","background-size":"auto","background-attachment":"scroll","background-type":"","background-media":"","overlay-type":"","overlay-color":"","overlay-opacity":"","overlay-gradient":""},"tablet":{"background-color":"var(--ast-global-color-5)","background-image":"","background-repeat":"repeat","background-position":"center center","background-size":"auto","background-attachment":"scroll","background-type":"","background-media":"","overlay-type":"","overlay-color":"","overlay-opacity":"","overlay-gradient":""},"mobile":{"background-color":"var(--ast-global-color-5)","background-image":"","background-repeat":"repeat","background-position":"center center","background-size":"auto","background-attachment":"scroll","background-type":"","background-media":"","overlay-type":"","overlay-color":"","overlay-opacity":"","overlay-gradient":""}}},"product_brand":[],"product_cat":[511,375,377,378,364,376],"product_tag":[],"berocket_brand":[578],"class_list":{"0":"post-24608","1":"product","2":"type-product","3":"status-publish","4":"has-post-thumbnail","6":"product_cat-atlaides","7":"product_cat-jutigai-adai-toneri","8":"product_cat-problematiskai-adai-toneri","9":"product_cat-sausai-adai-toneri","10":"product_cat-toneri","11":"product_cat-kombinetai-adai-toneri","12":"berocket_brand-biodance","13":"desktop-align-left","14":"tablet-align-left","15":"mobile-align-left","17":"first","18":"instock","19":"sale","20":"taxable","21":"shipping-taxable","22":"purchasable","23":"product-type-simple","24":"add-to-wishlist-before_image"},"yoast_head":"<!-- This site is optimized with the Yoast SEO plugin v27.4 - https:\/\/yoast.com\/product\/yoast-seo-wordpress\/ -->\n<title>Biodance Vita Niacinamide Gel Toner Pads 60pcs - FACECORNER<\/title>\n<meta name=\"description\" content=\"Biodance Vita Niacinamide Gel Toner Pads maigi, bet efekt\u012bvi toniz\u0113jo\u0161i spilventi\u0146i, kas paredz\u0113ti \u0101das tonusa, tekst\u016bras un mirdzuma uzlabo\u0161anai.\" \/>\n<meta name=\"robots\" content=\"index, follow, max-snippet:-1, max-image-preview:large, max-video-preview:-1\" \/>\n<link rel=\"canonical\" href=\"https:\/\/www.facecorner.lv\/en\/shop\/biodance-vita-niacinamide-gel-toner-pads-60pcs\/\" \/>\n<meta property=\"og:locale\" content=\"en_US\" \/>\n<meta property=\"og:type\" content=\"article\" \/>\n<meta property=\"og:title\" content=\"Biodance Vita Niacinamide Gel Toner Pads 60pcs - FACECORNER\" \/>\n<meta property=\"og:description\" content=\"Biodance Vita Niacinamide Gel Toner Pads maigi, bet efekt\u012bvi toniz\u0113jo\u0161i spilventi\u0146i, kas paredz\u0113ti \u0101das tonusa, tekst\u016bras un mirdzuma uzlabo\u0161anai.\" \/>\n<meta property=\"og:url\" content=\"https:\/\/www.facecorner.lv\/en\/shop\/biodance-vita-niacinamide-gel-toner-pads-60pcs\/\" \/>\n<meta property=\"og:site_name\" content=\"FACECORNER\" \/>\n<meta property=\"article:publisher\" content=\"https:\/\/www.facebook.com\/profile.php?id=100063824551839\" \/>\n<meta property=\"article:modified_time\" content=\"2025-11-28T12:29:12+00:00\" \/>\n<meta property=\"og:image\" content=\"https:\/\/www.facecorner.lv\/wp-content\/uploads\/2025\/06\/BID013-600x600-1.png\" \/>\n\t<meta property=\"og:image:width\" content=\"600\" \/>\n\t<meta property=\"og:image:height\" content=\"600\" \/>\n\t<meta property=\"og:image:type\" content=\"image\/png\" \/>\n<meta name=\"twitter:card\" content=\"summary_large_image\" \/>\n<meta name=\"twitter:label1\" content=\"Price\" \/>\n\t<meta name=\"twitter:data1\" content=\"&euro;29.90\" \/>\n\t<meta name=\"twitter:label2\" content=\"Availability\" \/>\n\t<meta name=\"twitter:data2\" content=\"In stock\" \/>\n<script type=\"application\/ld+json\" class=\"yoast-schema-graph\">{\"@context\":\"https:\\\/\\\/schema.org\",\"@graph\":[{\"@type\":\"WebPage\",\"@id\":\"https:\\\/\\\/www.facecorner.lv\\\/shop\\\/biodance-vita-niacinamide-gel-toner-pads-60pcs\\\/\",\"url\":\"https:\\\/\\\/www.facecorner.lv\\\/shop\\\/biodance-vita-niacinamide-gel-toner-pads-60pcs\\\/\",\"name\":\"Biodance Vita Niacinamide Gel Toner Pads 60pcs - FACECORNER\",\"isPartOf\":{\"@id\":\"https:\\\/\\\/www.facecorner.lv\\\/#website\"},\"primaryImageOfPage\":{\"@id\":\"https:\\\/\\\/www.facecorner.lv\\\/shop\\\/biodance-vita-niacinamide-gel-toner-pads-60pcs\\\/#primaryimage\"},\"image\":{\"@id\":\"https:\\\/\\\/www.facecorner.lv\\\/shop\\\/biodance-vita-niacinamide-gel-toner-pads-60pcs\\\/#primaryimage\"},\"thumbnailUrl\":\"https:\\\/\\\/www.facecorner.lv\\\/wp-content\\\/uploads\\\/2025\\\/06\\\/BID013-600x600-1.png\",\"datePublished\":\"2025-06-24T19:17:44+00:00\",\"dateModified\":\"2025-11-28T12:29:12+00:00\",\"description\":\"Biodance Vita Niacinamide Gel Toner Pads maigi, bet efekt\u012bvi toniz\u0113jo\u0161i spilventi\u0146i, kas paredz\u0113ti \u0101das tonusa, tekst\u016bras un mirdzuma uzlabo\u0161anai.\",\"breadcrumb\":{\"@id\":\"https:\\\/\\\/www.facecorner.lv\\\/shop\\\/biodance-vita-niacinamide-gel-toner-pads-60pcs\\\/#breadcrumb\"},\"inLanguage\":\"en-US\",\"potentialAction\":[{\"@type\":\"ReadAction\",\"target\":[\"https:\\\/\\\/www.facecorner.lv\\\/shop\\\/biodance-vita-niacinamide-gel-toner-pads-60pcs\\\/\"]}]},{\"@type\":\"ImageObject\",\"inLanguage\":\"en-US\",\"@id\":\"https:\\\/\\\/www.facecorner.lv\\\/shop\\\/biodance-vita-niacinamide-gel-toner-pads-60pcs\\\/#primaryimage\",\"url\":\"https:\\\/\\\/www.facecorner.lv\\\/wp-content\\\/uploads\\\/2025\\\/06\\\/BID013-600x600-1.png\",\"contentUrl\":\"https:\\\/\\\/www.facecorner.lv\\\/wp-content\\\/uploads\\\/2025\\\/06\\\/BID013-600x600-1.png\",\"width\":600,\"height\":600,\"caption\":\"Biodance Vita Niacinamide Gel Toner Pads\"},{\"@type\":\"BreadcrumbList\",\"@id\":\"https:\\\/\\\/www.facecorner.lv\\\/shop\\\/biodance-vita-niacinamide-gel-toner-pads-60pcs\\\/#breadcrumb\",\"itemListElement\":[{\"@type\":\"ListItem\",\"position\":1,\"name\":\"Home\",\"item\":\"https:\\\/\\\/www.facecorner.lv\\\/\"},{\"@type\":\"ListItem\",\"position\":2,\"name\":\"Veikals\",\"item\":\"https:\\\/\\\/www.facecorner.lv\\\/shop\\\/\"},{\"@type\":\"ListItem\",\"position\":3,\"name\":\"Biodance Vita Niacinamide Gel Toner Pads 60pcs\"}]},{\"@type\":\"WebSite\",\"@id\":\"https:\\\/\\\/www.facecorner.lv\\\/#website\",\"url\":\"https:\\\/\\\/www.facecorner.lv\\\/\",\"name\":\"Facecorner\",\"description\":\"\",\"publisher\":{\"@id\":\"https:\\\/\\\/www.facecorner.lv\\\/#organization\"},\"potentialAction\":[{\"@type\":\"SearchAction\",\"target\":{\"@type\":\"EntryPoint\",\"urlTemplate\":\"https:\\\/\\\/www.facecorner.lv\\\/?s={search_term_string}\"},\"query-input\":{\"@type\":\"PropertyValueSpecification\",\"valueRequired\":true,\"valueName\":\"search_term_string\"}}],\"inLanguage\":\"en-US\"},{\"@type\":\"Organization\",\"@id\":\"https:\\\/\\\/www.facecorner.lv\\\/#organization\",\"name\":\"Facecorner\",\"url\":\"https:\\\/\\\/www.facecorner.lv\\\/\",\"logo\":{\"@type\":\"ImageObject\",\"inLanguage\":\"en-US\",\"@id\":\"https:\\\/\\\/www.facecorner.lv\\\/#\\\/schema\\\/logo\\\/image\\\/\",\"url\":\"https:\\\/\\\/www.facecorner.lv\\\/wp-content\\\/uploads\\\/2024\\\/04\\\/fc-logo.jpg\",\"contentUrl\":\"https:\\\/\\\/www.facecorner.lv\\\/wp-content\\\/uploads\\\/2024\\\/04\\\/fc-logo.jpg\",\"width\":174,\"height\":28,\"caption\":\"Facecorner\"},\"image\":{\"@id\":\"https:\\\/\\\/www.facecorner.lv\\\/#\\\/schema\\\/logo\\\/image\\\/\"},\"sameAs\":[\"https:\\\/\\\/www.facebook.com\\\/profile.php?id=100063824551839\",\"https:\\\/\\\/www.instagram.com\\\/facecorner_shop\\\/\"]}]}<\/script>\n<meta property=\"product:price:amount\" content=\"29.90\" \/>\n<meta property=\"product:price:currency\" content=\"EUR\" \/>\n<meta property=\"og:availability\" content=\"instock\" \/>\n<meta property=\"product:availability\" content=\"instock\" \/>\n<meta property=\"product:condition\" content=\"new\" \/>\n<!-- \/ Yoast SEO plugin. -->","yoast_head_json":{"title":"Biodance Vita Niacinamide Gel Toner Pads 60pcs - FACECORNER","description":"Biodance Vita Niacinamide Gel Toner Pads maigi, bet efekt\u012bvi toniz\u0113jo\u0161i spilventi\u0146i, kas paredz\u0113ti \u0101das tonusa, tekst\u016bras un mirdzuma uzlabo\u0161anai.","robots":{"index":"index","follow":"follow","max-snippet":"max-snippet:-1","max-image-preview":"max-image-preview:large","max-video-preview":"max-video-preview:-1"},"canonical":"https:\/\/www.facecorner.lv\/en\/shop\/biodance-vita-niacinamide-gel-toner-pads-60pcs\/","og_locale":"en_US","og_type":"article","og_title":"Biodance Vita Niacinamide Gel Toner Pads 60pcs - FACECORNER","og_description":"Biodance Vita Niacinamide Gel Toner Pads maigi, bet efekt\u012bvi toniz\u0113jo\u0161i spilventi\u0146i, kas paredz\u0113ti \u0101das tonusa, tekst\u016bras un mirdzuma uzlabo\u0161anai.","og_url":"https:\/\/www.facecorner.lv\/en\/shop\/biodance-vita-niacinamide-gel-toner-pads-60pcs\/","og_site_name":"FACECORNER","article_publisher":"https:\/\/www.facebook.com\/profile.php?id=100063824551839","article_modified_time":"2025-11-28T12:29:12+00:00","og_image":[{"width":600,"height":600,"url":"https:\/\/www.facecorner.lv\/wp-content\/uploads\/2025\/06\/BID013-600x600-1.png","type":"image\/png"}],"twitter_card":"summary_large_image","twitter_misc":{"Price":"&euro;29.90","Availability":"In stock"},"schema":{"@context":"https:\/\/schema.org","@graph":[{"@type":"WebPage","@id":"https:\/\/www.facecorner.lv\/shop\/biodance-vita-niacinamide-gel-toner-pads-60pcs\/","url":"https:\/\/www.facecorner.lv\/shop\/biodance-vita-niacinamide-gel-toner-pads-60pcs\/","name":"Biodance Vita Niacinamide Gel Toner Pads 60pcs - FACECORNER","isPartOf":{"@id":"https:\/\/www.facecorner.lv\/#website"},"primaryImageOfPage":{"@id":"https:\/\/www.facecorner.lv\/shop\/biodance-vita-niacinamide-gel-toner-pads-60pcs\/#primaryimage"},"image":{"@id":"https:\/\/www.facecorner.lv\/shop\/biodance-vita-niacinamide-gel-toner-pads-60pcs\/#primaryimage"},"thumbnailUrl":"https:\/\/www.facecorner.lv\/wp-content\/uploads\/2025\/06\/BID013-600x600-1.png","datePublished":"2025-06-24T19:17:44+00:00","dateModified":"2025-11-28T12:29:12+00:00","description":"Biodance Vita Niacinamide Gel Toner Pads maigi, bet efekt\u012bvi toniz\u0113jo\u0161i spilventi\u0146i, kas paredz\u0113ti \u0101das tonusa, tekst\u016bras un mirdzuma uzlabo\u0161anai.","breadcrumb":{"@id":"https:\/\/www.facecorner.lv\/shop\/biodance-vita-niacinamide-gel-toner-pads-60pcs\/#breadcrumb"},"inLanguage":"en-US","potentialAction":[{"@type":"ReadAction","target":["https:\/\/www.facecorner.lv\/shop\/biodance-vita-niacinamide-gel-toner-pads-60pcs\/"]}]},{"@type":"ImageObject","inLanguage":"en-US","@id":"https:\/\/www.facecorner.lv\/shop\/biodance-vita-niacinamide-gel-toner-pads-60pcs\/#primaryimage","url":"https:\/\/www.facecorner.lv\/wp-content\/uploads\/2025\/06\/BID013-600x600-1.png","contentUrl":"https:\/\/www.facecorner.lv\/wp-content\/uploads\/2025\/06\/BID013-600x600-1.png","width":600,"height":600,"caption":"Biodance Vita Niacinamide Gel Toner Pads"},{"@type":"BreadcrumbList","@id":"https:\/\/www.facecorner.lv\/shop\/biodance-vita-niacinamide-gel-toner-pads-60pcs\/#breadcrumb","itemListElement":[{"@type":"ListItem","position":1,"name":"Home","item":"https:\/\/www.facecorner.lv\/"},{"@type":"ListItem","position":2,"name":"Veikals","item":"https:\/\/www.facecorner.lv\/shop\/"},{"@type":"ListItem","position":3,"name":"Biodance Vita Niacinamide Gel Toner Pads 60pcs"}]},{"@type":"WebSite","@id":"https:\/\/www.facecorner.lv\/#website","url":"https:\/\/www.facecorner.lv\/","name":"Facecorner","description":"","publisher":{"@id":"https:\/\/www.facecorner.lv\/#organization"},"potentialAction":[{"@type":"SearchAction","target":{"@type":"EntryPoint","urlTemplate":"https:\/\/www.facecorner.lv\/?s={search_term_string}"},"query-input":{"@type":"PropertyValueSpecification","valueRequired":true,"valueName":"search_term_string"}}],"inLanguage":"en-US"},{"@type":"Organization","@id":"https:\/\/www.facecorner.lv\/#organization","name":"Facecorner","url":"https:\/\/www.facecorner.lv\/","logo":{"@type":"ImageObject","inLanguage":"en-US","@id":"https:\/\/www.facecorner.lv\/#\/schema\/logo\/image\/","url":"https:\/\/www.facecorner.lv\/wp-content\/uploads\/2024\/04\/fc-logo.jpg","contentUrl":"https:\/\/www.facecorner.lv\/wp-content\/uploads\/2024\/04\/fc-logo.jpg","width":174,"height":28,"caption":"Facecorner"},"image":{"@id":"https:\/\/www.facecorner.lv\/#\/schema\/logo\/image\/"},"sameAs":["https:\/\/www.facebook.com\/profile.php?id=100063824551839","https:\/\/www.instagram.com\/facecorner_shop\/"]}]},"product_price_amount":"29.90","product_price_currency":"EUR","og_availability":"instock","product_availability":"instock","product_condition":"new"},"_links":{"self":[{"href":"https:\/\/www.facecorner.lv\/en\/wp-json\/wp\/v2\/product\/24608","targetHints":{"allow":["GET"]}}],"collection":[{"href":"https:\/\/www.facecorner.lv\/en\/wp-json\/wp\/v2\/product"}],"about":[{"href":"https:\/\/www.facecorner.lv\/en\/wp-json\/wp\/v2\/types\/product"}],"replies":[{"embeddable":true,"href":"https:\/\/www.facecorner.lv\/en\/wp-json\/wp\/v2\/comments?post=24608"}],"wp:featuredmedia":[{"embeddable":true,"href":"https:\/\/www.facecorner.lv\/en\/wp-json\/wp\/v2\/media\/24609"}],"wp:attachment":[{"href":"https:\/\/www.facecorner.lv\/en\/wp-json\/wp\/v2\/media?parent=24608"}],"wp:term":[{"taxonomy":"product_brand","embeddable":true,"href":"https:\/\/www.facecorner.lv\/en\/wp-json\/wp\/v2\/product_brand?post=24608"},{"taxonomy":"product_cat","embeddable":true,"href":"https:\/\/www.facecorner.lv\/en\/wp-json\/wp\/v2\/product_cat?post=24608"},{"taxonomy":"product_tag","embeddable":true,"href":"https:\/\/www.facecorner.lv\/en\/wp-json\/wp\/v2\/product_tag?post=24608"},{"taxonomy":"berocket_brand","embeddable":true,"href":"https:\/\/www.facecorner.lv\/en\/wp-json\/wp\/v2\/berocket_brand?post=24608"}],"curies":[{"name":"wp","href":"https:\/\/api.w.org\/{rel}","templated":true}]}}