{"id":24602,"date":"2025-06-24T22:03:19","date_gmt":"2025-06-24T19:03:19","guid":{"rendered":"https:\/\/www.facecorner.lv\/?post_type=product&#038;p=24602"},"modified":"2025-11-28T15:28:45","modified_gmt":"2025-11-28T12:28:45","slug":"biodance-sea-kelp-gel-toner-pads-60pcs","status":"publish","type":"product","link":"https:\/\/www.facecorner.lv\/en\/shop\/biodance-sea-kelp-gel-toner-pads-60pcs\/","title":{"rendered":"Biodance Sea Kelp Gel Toner Pads 60pcs"},"content":{"rendered":"<p>Biodance Sea Kelp Gel Toner Pads\u00a0 atsvaidzino\u0161i g\u0113la sejas tonikas spilventi\u0146i ar a\u013c\u0123u ekstraktu nomierina un sa\u0161aurina poras.<\/p>\n<ul>\n<li>Akt\u012bvi mitrina \u0101du, atjauno mitrumu un atjauno l\u012bdzsvaru p\u0113c mazg\u0101\u0161anas.<\/li>\n<li>Tiem piem\u012bt atsvaidzino\u0161a un maiga sebuma regul\u0113\u0161anas iedarb\u012bba, nov\u0113r\u0161ot p\u0101rm\u0113r\u012bgu sebuma veido\u0161anos un papla\u0161in\u0101tas poras.<\/li>\n<li>T\u0101m piem\u012bt nomierino\u0161a un pretiekaisuma iedarb\u012bba, kas pal\u012bdz mazin\u0101t aps\u0101rtumu un kairin\u0101jumu.<\/li>\n<\/ul>\n<p><strong>It is a total care mask that tightens the skin. <\/strong><\/p>\n<ul>\n<li>J\u016bras a\u013c\u0123u ekstraktam piem\u012bt re\u0123ener\u0113jo\u0161a un m\u012bkstino\u0161a iedarb\u012bba, tas pal\u012bdz izl\u012bdzin\u0101t \u0101das tonusu un nov\u0113r\u0161 ar vecumu saist\u012btas izmai\u0146as.<\/li>\n<li>Lactobacillus filtr\u0101ts no a\u013c\u0123\u0113m pal\u012bdz izl\u012bdzin\u0101t \u0101das tonusu un saglab\u0101t t\u0101s gludumu, nov\u0113r\u0161 dehidrat\u0101ciju un uztur vesel\u012bgu \u0101das mikrobiomu, nov\u0113r\u0161ot patog\u0113no bakt\u0113riju vides att\u012bst\u012bbu.<\/li>\n<li>J\u016bras \u016bdenim k\u0101 l\u012bdzek\u013ca b\u0101zes sast\u0101vda\u013cai piem\u012bt komfortabla mitrino\u0161a iedarb\u012bba, pies\u0101tinot \u0101du ar der\u012bg\u0101m miner\u0101lviel\u0101m un mikroelementiem.<\/li>\n<li>Augu ekstraktu kompleksam piem\u012bt nomierino\u0161a iedarb\u012bba, kas pal\u012bdz mazin\u0101t aps\u0101rtumu un nov\u0113rst kairin\u0101jumus.<\/li>\n<\/ul>\n<p><strong>How to use: <\/strong>Maigi noslaukiet att\u012br\u012btu \u0101du ar toniz\u0113jo\u0161o spilventi\u0146u un \u013caujiet atliku\u0161ajai esencei ies\u016bkties. P\u0113c tam turpiniet pamatapr\u016bpi. To var lietot k\u0101 lok\u0101lu masku un atst\u0101t uz dehidr\u0113t\u0101m viet\u0101m 30 min\u016btes.<\/p>\n<p><strong>Sast\u0101vs:<\/strong> <span style=\"font-size: 16px;\">Purified water, horsetail kelp water (100,009 ppm), butylene glycol, 1,2-hexanediol, lactobacillus\/giant kelp ferment filtrate (5,000 ppm), seawater (5,000 ppm), polyglyceryl-10 laurate, arginine, allantoin, carbomer, ethylhexylglycerin, xanthan gum, disodium EDTA, sodium polyacrylate, guava leaf extract, methyl diisopropyl propionamide, guava flower extract, holy basil leaf extract, spirulina maxima extract, turmeric root extract, coral extract, maltodextrin, hydrolyzed gardenia extract, yania rubens extract, seaweed extract, kelp extract<\/span><\/p>\n<div class=\"accordeon__item\"><\/div>","protected":false},"excerpt":{"rendered":"<p>Biodance Sea Kelp Gel Toner Pads\u00a0 atsvaidzino\u0161i g\u0113la sejas tonikas spilventi\u0146i ar a\u013c\u0123u ekstraktu nomierina un sa\u0161aurina poras.<\/p>","protected":false},"featured_media":24603,"comment_status":"open","ping_status":"closed","template":"","meta":{"site-sidebar-layout":"default","site-content-layout":"","ast-site-content-layout":"default","site-content-style":"default","site-sidebar-style":"default","ast-global-header-display":"","ast-banner-title-visibility":"","ast-main-header-display":"","ast-hfb-above-header-display":"","ast-hfb-below-header-display":"","ast-hfb-mobile-header-display":"","site-post-title":"","ast-breadcrumbs-content":"","ast-featured-img":"","footer-sml-layout":"","theme-transparent-header-meta":"default","adv-header-id-meta":"","stick-header-meta":"","header-above-stick-meta":"","header-main-stick-meta":"","header-below-stick-meta":"","astra-migrate-meta-layouts":"set","ast-page-background-enabled":"default","ast-page-background-meta":{"desktop":{"background-color":"var(--ast-global-color-4)","background-image":"","background-repeat":"repeat","background-position":"center center","background-size":"auto","background-attachment":"scroll","background-type":"","background-media":"","overlay-type":"","overlay-color":"","overlay-opacity":"","overlay-gradient":""},"tablet":{"background-color":"","background-image":"","background-repeat":"repeat","background-position":"center center","background-size":"auto","background-attachment":"scroll","background-type":"","background-media":"","overlay-type":"","overlay-color":"","overlay-opacity":"","overlay-gradient":""},"mobile":{"background-color":"","background-image":"","background-repeat":"repeat","background-position":"center center","background-size":"auto","background-attachment":"scroll","background-type":"","background-media":"","overlay-type":"","overlay-color":"","overlay-opacity":"","overlay-gradient":""}},"ast-content-background-meta":{"desktop":{"background-color":"var(--ast-global-color-5)","background-image":"","background-repeat":"repeat","background-position":"center center","background-size":"auto","background-attachment":"scroll","background-type":"","background-media":"","overlay-type":"","overlay-color":"","overlay-opacity":"","overlay-gradient":""},"tablet":{"background-color":"var(--ast-global-color-5)","background-image":"","background-repeat":"repeat","background-position":"center center","background-size":"auto","background-attachment":"scroll","background-type":"","background-media":"","overlay-type":"","overlay-color":"","overlay-opacity":"","overlay-gradient":""},"mobile":{"background-color":"var(--ast-global-color-5)","background-image":"","background-repeat":"repeat","background-position":"center center","background-size":"auto","background-attachment":"scroll","background-type":"","background-media":"","overlay-type":"","overlay-color":"","overlay-opacity":"","overlay-gradient":""}}},"product_brand":[],"product_cat":[511,670,377,364,376],"product_tag":[],"berocket_brand":[578],"class_list":{"0":"post-24602","1":"product","2":"type-product","3":"status-publish","4":"has-post-thumbnail","6":"product_cat-atlaides","7":"product_cat-pilinga-diski","8":"product_cat-problematiskai-adai-toneri","9":"product_cat-toneri","10":"product_cat-kombinetai-adai-toneri","11":"berocket_brand-biodance","12":"desktop-align-left","13":"tablet-align-left","14":"mobile-align-left","16":"first","17":"outofstock","18":"sale","19":"taxable","20":"shipping-taxable","21":"purchasable","22":"product-type-simple","23":"add-to-wishlist-before_image"},"yoast_head":"<!-- This site is optimized with the Yoast SEO plugin v27.3 - https:\/\/yoast.com\/product\/yoast-seo-wordpress\/ -->\n<title>Biodance Sea Kelp Gel Toner Pads 60pcs - FACECORNER<\/title>\n<meta name=\"description\" content=\"Biodance Sea Kelp Gel Toner Pads\u00a0 atsvaidzino\u0161i g\u0113la sejas tonikas spilventi\u0146i ar a\u013c\u0123u ekstraktu nomierina un sa\u0161aurina poras.\" \/>\n<meta name=\"robots\" content=\"index, follow, max-snippet:-1, max-image-preview:large, max-video-preview:-1\" \/>\n<link rel=\"canonical\" href=\"https:\/\/www.facecorner.lv\/en\/shop\/biodance-sea-kelp-gel-toner-pads-60pcs\/\" \/>\n<meta property=\"og:locale\" content=\"en_US\" \/>\n<meta property=\"og:type\" content=\"article\" \/>\n<meta property=\"og:title\" content=\"Biodance Sea Kelp Gel Toner Pads 60pcs - FACECORNER\" \/>\n<meta property=\"og:description\" content=\"Biodance Sea Kelp Gel Toner Pads\u00a0 atsvaidzino\u0161i g\u0113la sejas tonikas spilventi\u0146i ar a\u013c\u0123u ekstraktu nomierina un sa\u0161aurina poras.\" \/>\n<meta property=\"og:url\" content=\"https:\/\/www.facecorner.lv\/en\/shop\/biodance-sea-kelp-gel-toner-pads-60pcs\/\" \/>\n<meta property=\"og:site_name\" content=\"FACECORNER\" \/>\n<meta property=\"article:publisher\" content=\"https:\/\/www.facebook.com\/profile.php?id=100063824551839\" \/>\n<meta property=\"article:modified_time\" content=\"2025-11-28T12:28:45+00:00\" \/>\n<meta property=\"og:image\" content=\"https:\/\/www.facecorner.lv\/wp-content\/uploads\/2025\/06\/biodanceseakelpgeltonerpad60pads-1500x1500-1.webp\" \/>\n\t<meta property=\"og:image:width\" content=\"1500\" \/>\n\t<meta property=\"og:image:height\" content=\"1500\" \/>\n\t<meta property=\"og:image:type\" content=\"image\/webp\" \/>\n<meta name=\"twitter:card\" content=\"summary_large_image\" \/>\n<meta name=\"twitter:label1\" content=\"Price\" \/>\n\t<meta name=\"twitter:data1\" content=\"&euro;29.90\" \/>\n\t<meta name=\"twitter:label2\" content=\"Availability\" \/>\n\t<meta name=\"twitter:data2\" content=\"Out of stock\" \/>\n<script type=\"application\/ld+json\" class=\"yoast-schema-graph\">{\"@context\":\"https:\\\/\\\/schema.org\",\"@graph\":[{\"@type\":\"WebPage\",\"@id\":\"https:\\\/\\\/www.facecorner.lv\\\/shop\\\/biodance-sea-kelp-gel-toner-pads-60pcs\\\/\",\"url\":\"https:\\\/\\\/www.facecorner.lv\\\/shop\\\/biodance-sea-kelp-gel-toner-pads-60pcs\\\/\",\"name\":\"Biodance Sea Kelp Gel Toner Pads 60pcs - FACECORNER\",\"isPartOf\":{\"@id\":\"https:\\\/\\\/www.facecorner.lv\\\/#website\"},\"primaryImageOfPage\":{\"@id\":\"https:\\\/\\\/www.facecorner.lv\\\/shop\\\/biodance-sea-kelp-gel-toner-pads-60pcs\\\/#primaryimage\"},\"image\":{\"@id\":\"https:\\\/\\\/www.facecorner.lv\\\/shop\\\/biodance-sea-kelp-gel-toner-pads-60pcs\\\/#primaryimage\"},\"thumbnailUrl\":\"https:\\\/\\\/www.facecorner.lv\\\/wp-content\\\/uploads\\\/2025\\\/06\\\/biodanceseakelpgeltonerpad60pads-1500x1500-1.webp\",\"datePublished\":\"2025-06-24T19:03:19+00:00\",\"dateModified\":\"2025-11-28T12:28:45+00:00\",\"description\":\"Biodance Sea Kelp Gel Toner Pads\u00a0 atsvaidzino\u0161i g\u0113la sejas tonikas spilventi\u0146i ar a\u013c\u0123u ekstraktu nomierina un sa\u0161aurina poras.\",\"breadcrumb\":{\"@id\":\"https:\\\/\\\/www.facecorner.lv\\\/shop\\\/biodance-sea-kelp-gel-toner-pads-60pcs\\\/#breadcrumb\"},\"inLanguage\":\"en-US\",\"potentialAction\":[{\"@type\":\"ReadAction\",\"target\":[\"https:\\\/\\\/www.facecorner.lv\\\/shop\\\/biodance-sea-kelp-gel-toner-pads-60pcs\\\/\"]}]},{\"@type\":\"ImageObject\",\"inLanguage\":\"en-US\",\"@id\":\"https:\\\/\\\/www.facecorner.lv\\\/shop\\\/biodance-sea-kelp-gel-toner-pads-60pcs\\\/#primaryimage\",\"url\":\"https:\\\/\\\/www.facecorner.lv\\\/wp-content\\\/uploads\\\/2025\\\/06\\\/biodanceseakelpgeltonerpad60pads-1500x1500-1.webp\",\"contentUrl\":\"https:\\\/\\\/www.facecorner.lv\\\/wp-content\\\/uploads\\\/2025\\\/06\\\/biodanceseakelpgeltonerpad60pads-1500x1500-1.webp\",\"width\":1500,\"height\":1500,\"caption\":\"Biodance Sea Kelp Gel Toner Pads\"},{\"@type\":\"BreadcrumbList\",\"@id\":\"https:\\\/\\\/www.facecorner.lv\\\/shop\\\/biodance-sea-kelp-gel-toner-pads-60pcs\\\/#breadcrumb\",\"itemListElement\":[{\"@type\":\"ListItem\",\"position\":1,\"name\":\"Home\",\"item\":\"https:\\\/\\\/www.facecorner.lv\\\/\"},{\"@type\":\"ListItem\",\"position\":2,\"name\":\"Veikals\",\"item\":\"https:\\\/\\\/www.facecorner.lv\\\/shop\\\/\"},{\"@type\":\"ListItem\",\"position\":3,\"name\":\"Biodance Sea Kelp Gel Toner Pads 60pcs\"}]},{\"@type\":\"WebSite\",\"@id\":\"https:\\\/\\\/www.facecorner.lv\\\/#website\",\"url\":\"https:\\\/\\\/www.facecorner.lv\\\/\",\"name\":\"Facecorner\",\"description\":\"\",\"publisher\":{\"@id\":\"https:\\\/\\\/www.facecorner.lv\\\/#organization\"},\"potentialAction\":[{\"@type\":\"SearchAction\",\"target\":{\"@type\":\"EntryPoint\",\"urlTemplate\":\"https:\\\/\\\/www.facecorner.lv\\\/?s={search_term_string}\"},\"query-input\":{\"@type\":\"PropertyValueSpecification\",\"valueRequired\":true,\"valueName\":\"search_term_string\"}}],\"inLanguage\":\"en-US\"},{\"@type\":\"Organization\",\"@id\":\"https:\\\/\\\/www.facecorner.lv\\\/#organization\",\"name\":\"Facecorner\",\"url\":\"https:\\\/\\\/www.facecorner.lv\\\/\",\"logo\":{\"@type\":\"ImageObject\",\"inLanguage\":\"en-US\",\"@id\":\"https:\\\/\\\/www.facecorner.lv\\\/#\\\/schema\\\/logo\\\/image\\\/\",\"url\":\"https:\\\/\\\/www.facecorner.lv\\\/wp-content\\\/uploads\\\/2024\\\/04\\\/fc-logo.jpg\",\"contentUrl\":\"https:\\\/\\\/www.facecorner.lv\\\/wp-content\\\/uploads\\\/2024\\\/04\\\/fc-logo.jpg\",\"width\":174,\"height\":28,\"caption\":\"Facecorner\"},\"image\":{\"@id\":\"https:\\\/\\\/www.facecorner.lv\\\/#\\\/schema\\\/logo\\\/image\\\/\"},\"sameAs\":[\"https:\\\/\\\/www.facebook.com\\\/profile.php?id=100063824551839\",\"https:\\\/\\\/www.instagram.com\\\/facecorner_shop\\\/\"]}]}<\/script>\n<meta property=\"product:price:amount\" content=\"29.90\" \/>\n<meta property=\"product:price:currency\" content=\"EUR\" \/>\n<meta property=\"og:availability\" content=\"out of stock\" \/>\n<meta property=\"product:availability\" content=\"out of stock\" \/>\n<meta property=\"product:condition\" content=\"new\" \/>\n<!-- \/ Yoast SEO plugin. -->","yoast_head_json":{"title":"Biodance Sea Kelp Gel Toner Pads 60pcs - FACECORNER","description":"Biodance Sea Kelp Gel Toner Pads\u00a0 atsvaidzino\u0161i g\u0113la sejas tonikas spilventi\u0146i ar a\u013c\u0123u ekstraktu nomierina un sa\u0161aurina poras.","robots":{"index":"index","follow":"follow","max-snippet":"max-snippet:-1","max-image-preview":"max-image-preview:large","max-video-preview":"max-video-preview:-1"},"canonical":"https:\/\/www.facecorner.lv\/en\/shop\/biodance-sea-kelp-gel-toner-pads-60pcs\/","og_locale":"en_US","og_type":"article","og_title":"Biodance Sea Kelp Gel Toner Pads 60pcs - FACECORNER","og_description":"Biodance Sea Kelp Gel Toner Pads\u00a0 atsvaidzino\u0161i g\u0113la sejas tonikas spilventi\u0146i ar a\u013c\u0123u ekstraktu nomierina un sa\u0161aurina poras.","og_url":"https:\/\/www.facecorner.lv\/en\/shop\/biodance-sea-kelp-gel-toner-pads-60pcs\/","og_site_name":"FACECORNER","article_publisher":"https:\/\/www.facebook.com\/profile.php?id=100063824551839","article_modified_time":"2025-11-28T12:28:45+00:00","og_image":[{"width":1500,"height":1500,"url":"https:\/\/www.facecorner.lv\/wp-content\/uploads\/2025\/06\/biodanceseakelpgeltonerpad60pads-1500x1500-1.webp","type":"image\/webp"}],"twitter_card":"summary_large_image","twitter_misc":{"Price":"&euro;29.90","Availability":"Out of stock"},"schema":{"@context":"https:\/\/schema.org","@graph":[{"@type":"WebPage","@id":"https:\/\/www.facecorner.lv\/shop\/biodance-sea-kelp-gel-toner-pads-60pcs\/","url":"https:\/\/www.facecorner.lv\/shop\/biodance-sea-kelp-gel-toner-pads-60pcs\/","name":"Biodance Sea Kelp Gel Toner Pads 60pcs - FACECORNER","isPartOf":{"@id":"https:\/\/www.facecorner.lv\/#website"},"primaryImageOfPage":{"@id":"https:\/\/www.facecorner.lv\/shop\/biodance-sea-kelp-gel-toner-pads-60pcs\/#primaryimage"},"image":{"@id":"https:\/\/www.facecorner.lv\/shop\/biodance-sea-kelp-gel-toner-pads-60pcs\/#primaryimage"},"thumbnailUrl":"https:\/\/www.facecorner.lv\/wp-content\/uploads\/2025\/06\/biodanceseakelpgeltonerpad60pads-1500x1500-1.webp","datePublished":"2025-06-24T19:03:19+00:00","dateModified":"2025-11-28T12:28:45+00:00","description":"Biodance Sea Kelp Gel Toner Pads\u00a0 atsvaidzino\u0161i g\u0113la sejas tonikas spilventi\u0146i ar a\u013c\u0123u ekstraktu nomierina un sa\u0161aurina poras.","breadcrumb":{"@id":"https:\/\/www.facecorner.lv\/shop\/biodance-sea-kelp-gel-toner-pads-60pcs\/#breadcrumb"},"inLanguage":"en-US","potentialAction":[{"@type":"ReadAction","target":["https:\/\/www.facecorner.lv\/shop\/biodance-sea-kelp-gel-toner-pads-60pcs\/"]}]},{"@type":"ImageObject","inLanguage":"en-US","@id":"https:\/\/www.facecorner.lv\/shop\/biodance-sea-kelp-gel-toner-pads-60pcs\/#primaryimage","url":"https:\/\/www.facecorner.lv\/wp-content\/uploads\/2025\/06\/biodanceseakelpgeltonerpad60pads-1500x1500-1.webp","contentUrl":"https:\/\/www.facecorner.lv\/wp-content\/uploads\/2025\/06\/biodanceseakelpgeltonerpad60pads-1500x1500-1.webp","width":1500,"height":1500,"caption":"Biodance Sea Kelp Gel Toner Pads"},{"@type":"BreadcrumbList","@id":"https:\/\/www.facecorner.lv\/shop\/biodance-sea-kelp-gel-toner-pads-60pcs\/#breadcrumb","itemListElement":[{"@type":"ListItem","position":1,"name":"Home","item":"https:\/\/www.facecorner.lv\/"},{"@type":"ListItem","position":2,"name":"Veikals","item":"https:\/\/www.facecorner.lv\/shop\/"},{"@type":"ListItem","position":3,"name":"Biodance Sea Kelp Gel Toner Pads 60pcs"}]},{"@type":"WebSite","@id":"https:\/\/www.facecorner.lv\/#website","url":"https:\/\/www.facecorner.lv\/","name":"Facecorner","description":"","publisher":{"@id":"https:\/\/www.facecorner.lv\/#organization"},"potentialAction":[{"@type":"SearchAction","target":{"@type":"EntryPoint","urlTemplate":"https:\/\/www.facecorner.lv\/?s={search_term_string}"},"query-input":{"@type":"PropertyValueSpecification","valueRequired":true,"valueName":"search_term_string"}}],"inLanguage":"en-US"},{"@type":"Organization","@id":"https:\/\/www.facecorner.lv\/#organization","name":"Facecorner","url":"https:\/\/www.facecorner.lv\/","logo":{"@type":"ImageObject","inLanguage":"en-US","@id":"https:\/\/www.facecorner.lv\/#\/schema\/logo\/image\/","url":"https:\/\/www.facecorner.lv\/wp-content\/uploads\/2024\/04\/fc-logo.jpg","contentUrl":"https:\/\/www.facecorner.lv\/wp-content\/uploads\/2024\/04\/fc-logo.jpg","width":174,"height":28,"caption":"Facecorner"},"image":{"@id":"https:\/\/www.facecorner.lv\/#\/schema\/logo\/image\/"},"sameAs":["https:\/\/www.facebook.com\/profile.php?id=100063824551839","https:\/\/www.instagram.com\/facecorner_shop\/"]}]},"product_price_amount":"29.90","product_price_currency":"EUR","og_availability":"out of stock","product_availability":"out of stock","product_condition":"new"},"_links":{"self":[{"href":"https:\/\/www.facecorner.lv\/en\/wp-json\/wp\/v2\/product\/24602","targetHints":{"allow":["GET"]}}],"collection":[{"href":"https:\/\/www.facecorner.lv\/en\/wp-json\/wp\/v2\/product"}],"about":[{"href":"https:\/\/www.facecorner.lv\/en\/wp-json\/wp\/v2\/types\/product"}],"replies":[{"embeddable":true,"href":"https:\/\/www.facecorner.lv\/en\/wp-json\/wp\/v2\/comments?post=24602"}],"wp:featuredmedia":[{"embeddable":true,"href":"https:\/\/www.facecorner.lv\/en\/wp-json\/wp\/v2\/media\/24603"}],"wp:attachment":[{"href":"https:\/\/www.facecorner.lv\/en\/wp-json\/wp\/v2\/media?parent=24602"}],"wp:term":[{"taxonomy":"product_brand","embeddable":true,"href":"https:\/\/www.facecorner.lv\/en\/wp-json\/wp\/v2\/product_brand?post=24602"},{"taxonomy":"product_cat","embeddable":true,"href":"https:\/\/www.facecorner.lv\/en\/wp-json\/wp\/v2\/product_cat?post=24602"},{"taxonomy":"product_tag","embeddable":true,"href":"https:\/\/www.facecorner.lv\/en\/wp-json\/wp\/v2\/product_tag?post=24602"},{"taxonomy":"berocket_brand","embeddable":true,"href":"https:\/\/www.facecorner.lv\/en\/wp-json\/wp\/v2\/berocket_brand?post=24602"}],"curies":[{"name":"wp","href":"https:\/\/api.w.org\/{rel}","templated":true}]}}