{"id":24551,"date":"2025-06-18T15:52:29","date_gmt":"2025-06-18T12:52:29","guid":{"rendered":"https:\/\/www.facecorner.lv\/?post_type=product&#038;p=24551"},"modified":"2025-12-17T00:29:04","modified_gmt":"2025-12-16T21:29:04","slug":"anua-pdrn-100-hyaluronic-acid-glow-pad-60ea","status":"publish","type":"product","link":"https:\/\/www.facecorner.lv\/en\/shop\/anua-pdrn-100-hyaluronic-acid-glow-pad-60ea\/","title":{"rendered":"Anua PDRN 100 Hyaluronic Acid Glow Pad 60ea"},"content":{"rendered":"<p><strong>Anua PDRN 100 Hyaluronic Acid Glow Pad\u00a0<\/strong> nodro\u0161ina dzi\u013cu un ilgsto\u0161u mitrin\u0101\u0161anu, atjaunojot dabisk\u0101s mitruma rezerves epidermas \u0161\u016bn\u0101s.<\/p>\n<p>Galveno akt\u012bvo sast\u0101vda\u013cu komplekss veicina hialuronsk\u0101bes, kolag\u0113na un elast\u012bna sint\u0113zi, nodro\u0161inot tvirt\u0101ku un elast\u012bg\u0101ku \u0101du.<\/p>\n<p>Pateicoties akt\u012bvo vielu pretiekaisuma iedarb\u012bbai, spilventi\u0146i pal\u012bdz izl\u012bdzin\u0101t sejas toni, nov\u0113rst bl\u0101vus, zemes to\u0146us un aps\u0101rtumu. Regul\u0101ra spilventi\u0146u lieto\u0161ana samazina \u0101das jut\u012bgumu un reaktivit\u0101ti.<\/p>\n<p><strong>Main active ingredients:<\/strong><\/p>\n<ul>\n<li>PDRN (n\u0101trija DNS) &#8211; zemas molekulmasas polinukleot\u012bdi, ekstrah\u0113ti no la\u0161a zivju piena DNS. Tie iedarbina epidermas atjauno\u0161an\u0101s procesus un jaunu kolag\u0113na un elast\u012bna \u0161\u0137iedru sint\u0113zi, nov\u0113r\u0161 \u0101das boj\u0101jumus, ko izraisa priek\u0161laic\u012bga noveco\u0161an\u0101s, p\u0101rm\u0113r\u012bga saules starojuma un citu vides faktoru agres\u012bva ietekme.<\/li>\n<li>Hialuronsk\u0101be ar da\u017e\u0101du molekulmasu: liel\u0101s molekulas atjauno \u0101das virsmas aizsargbarjeru, pa\u0101trina dz\u012b\u0161anu un samazina lob\u012b\u0161anos. Zemas masas molekulas ir \u013coti iek\u013c\u016bsto\u0161as un nov\u0113r\u0161 mitruma zudumu \u0161\u016bnu l\u012bmen\u012b.<\/li>\n<\/ul>\n<p><strong>How to use:<\/strong> p\u0113c mazg\u0101\u0161anas maigi noslaukiet seju. Var lietot k\u0101 lok\u0101lu masku: uzkl\u0101jiet spilventi\u0146u uz \u0101das uz 5-10 min\u016bt\u0113m, no\u0146emiet un \u013caujiet atliku\u0161ajai esencei ies\u016bkties.<\/p>\n<p><strong>Sast\u0101vs:<\/strong> <span style=\"font-size: 16px;\">Water, Butylene Glycol, Glycereth-26 Niacinamide, Glycerin, 1,2-Hexanediol, Diethoxyethyl Succinate, Hydroxyethyl Urea, Hydroxyacetophenone, Glycereth-25 PCA Isostearate, Glycosyl Trehalose, Hydrogenated Starch Hydrolysate, Melia Azadirachta Leaf Extract, Ethylhexylglycerin, Xanthan Gum, Propanediol, Adenosine, Melia Azadirachta Flower Extract, Coccinia Indica Fruit Extract, Disodium EDTA, Sodium DNA (100ppm), Hydrolyzed Collagen, Aloe Barbadensis Flower Extract, Solanum Melongena (Eggplant) Fruit Extract, Coptis Japonica Root Extract, Ocimum Sanctum Leaf Extract, Zea Mays (Corn) Kernel Extract, Corallina Officinalis Extract, Curcuma Longa (Turmeric) Root Extract, Sodium Hyaluronate (5.002ppm), Hyaluronic Acid (5ppm), Hydrolyzed Hyaluronic Acid (5ppm), Terminalia Ferdinandiana Fruit Extract, Fructan, Glucose, Lecithin, Acetyl Glutamine, Collagen Extract, Bacillus\/Soybean Ferment Extract, Caprylyl Glycol, Folic Acid, Hexapeptide-11, Oligopeptide-1, Oligopeptide-2, Oligopeptide-3<\/span><\/p>\n<section id=\"shopify-section-template--24420135240027__17278867031e017cd0\" class=\"shopify-section section\">\n<div class=\"content-indent default\">\n<div id=\"template--24420135240027__17278867031e017cd0\" class=\"page-width\" data-section-id=\"template--24420135240027__17278867031e017cd0\" data-section-type=\"carousel\">\n<div id=\"shopify-block-AV1oxRTVEblpucCtxT__loox_reviews_loox_dynamic_section_TpRzK9\" class=\"shopify-block shopify-app-block\"><\/div>\n<\/div>\n<\/div>\n<\/section>","protected":false},"excerpt":{"rendered":"<p><strong>Anua PDRN 100 Hyaluronic Acid Glow Pad\u00a0<\/strong> nodro\u0161ina dzi\u013cu un ilgsto\u0161u mitrin\u0101\u0161anu, atjaunojot dabisk\u0101s mitruma rezerves epidermas \u0161\u016bn\u0101s.<\/p>","protected":false},"featured_media":24555,"comment_status":"open","ping_status":"closed","template":"","meta":{"site-sidebar-layout":"default","site-content-layout":"","ast-site-content-layout":"default","site-content-style":"default","site-sidebar-style":"default","ast-global-header-display":"","ast-banner-title-visibility":"","ast-main-header-display":"","ast-hfb-above-header-display":"","ast-hfb-below-header-display":"","ast-hfb-mobile-header-display":"","site-post-title":"","ast-breadcrumbs-content":"","ast-featured-img":"","footer-sml-layout":"","theme-transparent-header-meta":"default","adv-header-id-meta":"","stick-header-meta":"","header-above-stick-meta":"","header-main-stick-meta":"","header-below-stick-meta":"","astra-migrate-meta-layouts":"set","ast-page-background-enabled":"default","ast-page-background-meta":{"desktop":{"background-color":"var(--ast-global-color-4)","background-image":"","background-repeat":"repeat","background-position":"center center","background-size":"auto","background-attachment":"scroll","background-type":"","background-media":"","overlay-type":"","overlay-color":"","overlay-opacity":"","overlay-gradient":""},"tablet":{"background-color":"","background-image":"","background-repeat":"repeat","background-position":"center center","background-size":"auto","background-attachment":"scroll","background-type":"","background-media":"","overlay-type":"","overlay-color":"","overlay-opacity":"","overlay-gradient":""},"mobile":{"background-color":"","background-image":"","background-repeat":"repeat","background-position":"center center","background-size":"auto","background-attachment":"scroll","background-type":"","background-media":"","overlay-type":"","overlay-color":"","overlay-opacity":"","overlay-gradient":""}},"ast-content-background-meta":{"desktop":{"background-color":"var(--ast-global-color-5)","background-image":"","background-repeat":"repeat","background-position":"center center","background-size":"auto","background-attachment":"scroll","background-type":"","background-media":"","overlay-type":"","overlay-color":"","overlay-opacity":"","overlay-gradient":""},"tablet":{"background-color":"var(--ast-global-color-5)","background-image":"","background-repeat":"repeat","background-position":"center center","background-size":"auto","background-attachment":"scroll","background-type":"","background-media":"","overlay-type":"","overlay-color":"","overlay-opacity":"","overlay-gradient":""},"mobile":{"background-color":"var(--ast-global-color-5)","background-image":"","background-repeat":"repeat","background-position":"center center","background-size":"auto","background-attachment":"scroll","background-type":"","background-media":"","overlay-type":"","overlay-color":"","overlay-opacity":"","overlay-gradient":""}}},"product_brand":[],"product_cat":[375,652,670,328,377,378,364,376],"product_tag":[],"berocket_brand":[575],"class_list":{"0":"post-24551","1":"product","2":"type-product","3":"status-publish","4":"has-post-thumbnail","6":"product_cat-jutigai-adai-toneri","7":"product_cat-pdrn","8":"product_cat-pilinga-diski","9":"product_cat-pilingi-un-skrubji","10":"product_cat-problematiskai-adai-toneri","11":"product_cat-sausai-adai-toneri","12":"product_cat-toneri","13":"product_cat-kombinetai-adai-toneri","14":"berocket_brand-anua","15":"desktop-align-left","16":"tablet-align-left","17":"mobile-align-left","19":"first","20":"outofstock","21":"taxable","22":"shipping-taxable","23":"purchasable","24":"product-type-simple","25":"add-to-wishlist-before_image"},"yoast_head":"<!-- This site is optimized with the Yoast SEO plugin v27.3 - https:\/\/yoast.com\/product\/yoast-seo-wordpress\/ -->\n<title>Anua PDRN 100 Hyaluronic Acid Glow Pad 60ea - FACECORNER<\/title>\n<meta name=\"description\" content=\"Anua PDRN 100 Hyaluronic Acid Glow Pad\u00a0 nodro\u0161ina dzi\u013cu un ilgsto\u0161u mitrin\u0101\u0161anu, atjaunojot dabisk\u0101s mitruma rezerves epidermas \u0161\u016bn\u0101s.\" \/>\n<meta name=\"robots\" content=\"index, follow, max-snippet:-1, max-image-preview:large, max-video-preview:-1\" \/>\n<link rel=\"canonical\" href=\"https:\/\/www.facecorner.lv\/en\/shop\/anua-pdrn-100-hyaluronic-acid-glow-pad-60ea\/\" \/>\n<meta property=\"og:locale\" content=\"en_US\" \/>\n<meta property=\"og:type\" content=\"article\" \/>\n<meta property=\"og:title\" content=\"Anua PDRN 100 Hyaluronic Acid Glow Pad 60ea - FACECORNER\" \/>\n<meta property=\"og:description\" content=\"Anua PDRN 100 Hyaluronic Acid Glow Pad\u00a0 nodro\u0161ina dzi\u013cu un ilgsto\u0161u mitrin\u0101\u0161anu, atjaunojot dabisk\u0101s mitruma rezerves epidermas \u0161\u016bn\u0101s.\" \/>\n<meta property=\"og:url\" content=\"https:\/\/www.facecorner.lv\/en\/shop\/anua-pdrn-100-hyaluronic-acid-glow-pad-60ea\/\" \/>\n<meta property=\"og:site_name\" content=\"FACECORNER\" \/>\n<meta property=\"article:publisher\" content=\"https:\/\/www.facebook.com\/profile.php?id=100063824551839\" \/>\n<meta property=\"article:modified_time\" content=\"2025-12-16T21:29:04+00:00\" \/>\n<meta property=\"og:image\" content=\"https:\/\/www.facecorner.lv\/wp-content\/uploads\/2025\/06\/AnuaPDRNHyaluronicAcidGlowPad.webp\" \/>\n\t<meta property=\"og:image:width\" content=\"950\" \/>\n\t<meta property=\"og:image:height\" content=\"950\" \/>\n\t<meta property=\"og:image:type\" content=\"image\/webp\" \/>\n<meta name=\"twitter:card\" content=\"summary_large_image\" \/>\n<meta name=\"twitter:label1\" content=\"Price\" \/>\n\t<meta name=\"twitter:data1\" content=\"&euro;28.00\" \/>\n\t<meta name=\"twitter:label2\" content=\"Availability\" \/>\n\t<meta name=\"twitter:data2\" content=\"Out of stock\" \/>\n<script type=\"application\/ld+json\" class=\"yoast-schema-graph\">{\"@context\":\"https:\\\/\\\/schema.org\",\"@graph\":[{\"@type\":\"WebPage\",\"@id\":\"https:\\\/\\\/www.facecorner.lv\\\/shop\\\/anua-pdrn-100-hyaluronic-acid-glow-pad-60ea\\\/\",\"url\":\"https:\\\/\\\/www.facecorner.lv\\\/shop\\\/anua-pdrn-100-hyaluronic-acid-glow-pad-60ea\\\/\",\"name\":\"Anua PDRN 100 Hyaluronic Acid Glow Pad 60ea - FACECORNER\",\"isPartOf\":{\"@id\":\"https:\\\/\\\/www.facecorner.lv\\\/#website\"},\"primaryImageOfPage\":{\"@id\":\"https:\\\/\\\/www.facecorner.lv\\\/shop\\\/anua-pdrn-100-hyaluronic-acid-glow-pad-60ea\\\/#primaryimage\"},\"image\":{\"@id\":\"https:\\\/\\\/www.facecorner.lv\\\/shop\\\/anua-pdrn-100-hyaluronic-acid-glow-pad-60ea\\\/#primaryimage\"},\"thumbnailUrl\":\"https:\\\/\\\/www.facecorner.lv\\\/wp-content\\\/uploads\\\/2025\\\/06\\\/AnuaPDRNHyaluronicAcidGlowPad.webp\",\"datePublished\":\"2025-06-18T12:52:29+00:00\",\"dateModified\":\"2025-12-16T21:29:04+00:00\",\"description\":\"Anua PDRN 100 Hyaluronic Acid Glow Pad\u00a0 nodro\u0161ina dzi\u013cu un ilgsto\u0161u mitrin\u0101\u0161anu, atjaunojot dabisk\u0101s mitruma rezerves epidermas \u0161\u016bn\u0101s.\",\"breadcrumb\":{\"@id\":\"https:\\\/\\\/www.facecorner.lv\\\/shop\\\/anua-pdrn-100-hyaluronic-acid-glow-pad-60ea\\\/#breadcrumb\"},\"inLanguage\":\"en-US\",\"potentialAction\":[{\"@type\":\"ReadAction\",\"target\":[\"https:\\\/\\\/www.facecorner.lv\\\/shop\\\/anua-pdrn-100-hyaluronic-acid-glow-pad-60ea\\\/\"]}]},{\"@type\":\"ImageObject\",\"inLanguage\":\"en-US\",\"@id\":\"https:\\\/\\\/www.facecorner.lv\\\/shop\\\/anua-pdrn-100-hyaluronic-acid-glow-pad-60ea\\\/#primaryimage\",\"url\":\"https:\\\/\\\/www.facecorner.lv\\\/wp-content\\\/uploads\\\/2025\\\/06\\\/AnuaPDRNHyaluronicAcidGlowPad.webp\",\"contentUrl\":\"https:\\\/\\\/www.facecorner.lv\\\/wp-content\\\/uploads\\\/2025\\\/06\\\/AnuaPDRNHyaluronicAcidGlowPad.webp\",\"width\":950,\"height\":950},{\"@type\":\"BreadcrumbList\",\"@id\":\"https:\\\/\\\/www.facecorner.lv\\\/shop\\\/anua-pdrn-100-hyaluronic-acid-glow-pad-60ea\\\/#breadcrumb\",\"itemListElement\":[{\"@type\":\"ListItem\",\"position\":1,\"name\":\"Home\",\"item\":\"https:\\\/\\\/www.facecorner.lv\\\/\"},{\"@type\":\"ListItem\",\"position\":2,\"name\":\"Veikals\",\"item\":\"https:\\\/\\\/www.facecorner.lv\\\/shop\\\/\"},{\"@type\":\"ListItem\",\"position\":3,\"name\":\"Anua PDRN 100 Hyaluronic Acid Glow Pad 60ea\"}]},{\"@type\":\"WebSite\",\"@id\":\"https:\\\/\\\/www.facecorner.lv\\\/#website\",\"url\":\"https:\\\/\\\/www.facecorner.lv\\\/\",\"name\":\"Facecorner\",\"description\":\"\",\"publisher\":{\"@id\":\"https:\\\/\\\/www.facecorner.lv\\\/#organization\"},\"potentialAction\":[{\"@type\":\"SearchAction\",\"target\":{\"@type\":\"EntryPoint\",\"urlTemplate\":\"https:\\\/\\\/www.facecorner.lv\\\/?s={search_term_string}\"},\"query-input\":{\"@type\":\"PropertyValueSpecification\",\"valueRequired\":true,\"valueName\":\"search_term_string\"}}],\"inLanguage\":\"en-US\"},{\"@type\":\"Organization\",\"@id\":\"https:\\\/\\\/www.facecorner.lv\\\/#organization\",\"name\":\"Facecorner\",\"url\":\"https:\\\/\\\/www.facecorner.lv\\\/\",\"logo\":{\"@type\":\"ImageObject\",\"inLanguage\":\"en-US\",\"@id\":\"https:\\\/\\\/www.facecorner.lv\\\/#\\\/schema\\\/logo\\\/image\\\/\",\"url\":\"https:\\\/\\\/www.facecorner.lv\\\/wp-content\\\/uploads\\\/2024\\\/04\\\/fc-logo.jpg\",\"contentUrl\":\"https:\\\/\\\/www.facecorner.lv\\\/wp-content\\\/uploads\\\/2024\\\/04\\\/fc-logo.jpg\",\"width\":174,\"height\":28,\"caption\":\"Facecorner\"},\"image\":{\"@id\":\"https:\\\/\\\/www.facecorner.lv\\\/#\\\/schema\\\/logo\\\/image\\\/\"},\"sameAs\":[\"https:\\\/\\\/www.facebook.com\\\/profile.php?id=100063824551839\",\"https:\\\/\\\/www.instagram.com\\\/facecorner_shop\\\/\"]}]}<\/script>\n<meta property=\"product:price:amount\" content=\"28.00\" \/>\n<meta property=\"product:price:currency\" content=\"EUR\" \/>\n<meta property=\"og:availability\" content=\"out of stock\" \/>\n<meta property=\"product:availability\" content=\"out of stock\" \/>\n<meta property=\"product:condition\" content=\"new\" \/>\n<!-- \/ Yoast SEO plugin. -->","yoast_head_json":{"title":"Anua PDRN 100 Hyaluronic Acid Glow Pad 60ea - FACECORNER","description":"Anua PDRN 100 Hyaluronic Acid Glow Pad\u00a0 nodro\u0161ina dzi\u013cu un ilgsto\u0161u mitrin\u0101\u0161anu, atjaunojot dabisk\u0101s mitruma rezerves epidermas \u0161\u016bn\u0101s.","robots":{"index":"index","follow":"follow","max-snippet":"max-snippet:-1","max-image-preview":"max-image-preview:large","max-video-preview":"max-video-preview:-1"},"canonical":"https:\/\/www.facecorner.lv\/en\/shop\/anua-pdrn-100-hyaluronic-acid-glow-pad-60ea\/","og_locale":"en_US","og_type":"article","og_title":"Anua PDRN 100 Hyaluronic Acid Glow Pad 60ea - FACECORNER","og_description":"Anua PDRN 100 Hyaluronic Acid Glow Pad\u00a0 nodro\u0161ina dzi\u013cu un ilgsto\u0161u mitrin\u0101\u0161anu, atjaunojot dabisk\u0101s mitruma rezerves epidermas \u0161\u016bn\u0101s.","og_url":"https:\/\/www.facecorner.lv\/en\/shop\/anua-pdrn-100-hyaluronic-acid-glow-pad-60ea\/","og_site_name":"FACECORNER","article_publisher":"https:\/\/www.facebook.com\/profile.php?id=100063824551839","article_modified_time":"2025-12-16T21:29:04+00:00","og_image":[{"width":950,"height":950,"url":"https:\/\/www.facecorner.lv\/wp-content\/uploads\/2025\/06\/AnuaPDRNHyaluronicAcidGlowPad.webp","type":"image\/webp"}],"twitter_card":"summary_large_image","twitter_misc":{"Price":"&euro;28.00","Availability":"Out of stock"},"schema":{"@context":"https:\/\/schema.org","@graph":[{"@type":"WebPage","@id":"https:\/\/www.facecorner.lv\/shop\/anua-pdrn-100-hyaluronic-acid-glow-pad-60ea\/","url":"https:\/\/www.facecorner.lv\/shop\/anua-pdrn-100-hyaluronic-acid-glow-pad-60ea\/","name":"Anua PDRN 100 Hyaluronic Acid Glow Pad 60ea - FACECORNER","isPartOf":{"@id":"https:\/\/www.facecorner.lv\/#website"},"primaryImageOfPage":{"@id":"https:\/\/www.facecorner.lv\/shop\/anua-pdrn-100-hyaluronic-acid-glow-pad-60ea\/#primaryimage"},"image":{"@id":"https:\/\/www.facecorner.lv\/shop\/anua-pdrn-100-hyaluronic-acid-glow-pad-60ea\/#primaryimage"},"thumbnailUrl":"https:\/\/www.facecorner.lv\/wp-content\/uploads\/2025\/06\/AnuaPDRNHyaluronicAcidGlowPad.webp","datePublished":"2025-06-18T12:52:29+00:00","dateModified":"2025-12-16T21:29:04+00:00","description":"Anua PDRN 100 Hyaluronic Acid Glow Pad\u00a0 nodro\u0161ina dzi\u013cu un ilgsto\u0161u mitrin\u0101\u0161anu, atjaunojot dabisk\u0101s mitruma rezerves epidermas \u0161\u016bn\u0101s.","breadcrumb":{"@id":"https:\/\/www.facecorner.lv\/shop\/anua-pdrn-100-hyaluronic-acid-glow-pad-60ea\/#breadcrumb"},"inLanguage":"en-US","potentialAction":[{"@type":"ReadAction","target":["https:\/\/www.facecorner.lv\/shop\/anua-pdrn-100-hyaluronic-acid-glow-pad-60ea\/"]}]},{"@type":"ImageObject","inLanguage":"en-US","@id":"https:\/\/www.facecorner.lv\/shop\/anua-pdrn-100-hyaluronic-acid-glow-pad-60ea\/#primaryimage","url":"https:\/\/www.facecorner.lv\/wp-content\/uploads\/2025\/06\/AnuaPDRNHyaluronicAcidGlowPad.webp","contentUrl":"https:\/\/www.facecorner.lv\/wp-content\/uploads\/2025\/06\/AnuaPDRNHyaluronicAcidGlowPad.webp","width":950,"height":950},{"@type":"BreadcrumbList","@id":"https:\/\/www.facecorner.lv\/shop\/anua-pdrn-100-hyaluronic-acid-glow-pad-60ea\/#breadcrumb","itemListElement":[{"@type":"ListItem","position":1,"name":"Home","item":"https:\/\/www.facecorner.lv\/"},{"@type":"ListItem","position":2,"name":"Veikals","item":"https:\/\/www.facecorner.lv\/shop\/"},{"@type":"ListItem","position":3,"name":"Anua PDRN 100 Hyaluronic Acid Glow Pad 60ea"}]},{"@type":"WebSite","@id":"https:\/\/www.facecorner.lv\/#website","url":"https:\/\/www.facecorner.lv\/","name":"Facecorner","description":"","publisher":{"@id":"https:\/\/www.facecorner.lv\/#organization"},"potentialAction":[{"@type":"SearchAction","target":{"@type":"EntryPoint","urlTemplate":"https:\/\/www.facecorner.lv\/?s={search_term_string}"},"query-input":{"@type":"PropertyValueSpecification","valueRequired":true,"valueName":"search_term_string"}}],"inLanguage":"en-US"},{"@type":"Organization","@id":"https:\/\/www.facecorner.lv\/#organization","name":"Facecorner","url":"https:\/\/www.facecorner.lv\/","logo":{"@type":"ImageObject","inLanguage":"en-US","@id":"https:\/\/www.facecorner.lv\/#\/schema\/logo\/image\/","url":"https:\/\/www.facecorner.lv\/wp-content\/uploads\/2024\/04\/fc-logo.jpg","contentUrl":"https:\/\/www.facecorner.lv\/wp-content\/uploads\/2024\/04\/fc-logo.jpg","width":174,"height":28,"caption":"Facecorner"},"image":{"@id":"https:\/\/www.facecorner.lv\/#\/schema\/logo\/image\/"},"sameAs":["https:\/\/www.facebook.com\/profile.php?id=100063824551839","https:\/\/www.instagram.com\/facecorner_shop\/"]}]},"product_price_amount":"28.00","product_price_currency":"EUR","og_availability":"out of stock","product_availability":"out of stock","product_condition":"new"},"_links":{"self":[{"href":"https:\/\/www.facecorner.lv\/en\/wp-json\/wp\/v2\/product\/24551","targetHints":{"allow":["GET"]}}],"collection":[{"href":"https:\/\/www.facecorner.lv\/en\/wp-json\/wp\/v2\/product"}],"about":[{"href":"https:\/\/www.facecorner.lv\/en\/wp-json\/wp\/v2\/types\/product"}],"replies":[{"embeddable":true,"href":"https:\/\/www.facecorner.lv\/en\/wp-json\/wp\/v2\/comments?post=24551"}],"wp:featuredmedia":[{"embeddable":true,"href":"https:\/\/www.facecorner.lv\/en\/wp-json\/wp\/v2\/media\/24555"}],"wp:attachment":[{"href":"https:\/\/www.facecorner.lv\/en\/wp-json\/wp\/v2\/media?parent=24551"}],"wp:term":[{"taxonomy":"product_brand","embeddable":true,"href":"https:\/\/www.facecorner.lv\/en\/wp-json\/wp\/v2\/product_brand?post=24551"},{"taxonomy":"product_cat","embeddable":true,"href":"https:\/\/www.facecorner.lv\/en\/wp-json\/wp\/v2\/product_cat?post=24551"},{"taxonomy":"product_tag","embeddable":true,"href":"https:\/\/www.facecorner.lv\/en\/wp-json\/wp\/v2\/product_tag?post=24551"},{"taxonomy":"berocket_brand","embeddable":true,"href":"https:\/\/www.facecorner.lv\/en\/wp-json\/wp\/v2\/berocket_brand?post=24551"}],"curies":[{"name":"wp","href":"https:\/\/api.w.org\/{rel}","templated":true}]}}