{"id":24547,"date":"2025-06-18T15:41:42","date_gmt":"2025-06-18T12:41:42","guid":{"rendered":"https:\/\/www.facecorner.lv\/?post_type=product&#038;p=24547"},"modified":"2025-12-09T16:49:39","modified_gmt":"2025-12-09T13:49:39","slug":"anua-niacinamide-5-txa-brightening-pads-60ea","status":"publish","type":"product","link":"https:\/\/www.facecorner.lv\/en\/shop\/anua-niacinamide-5-txa-brightening-pads-60ea\/","title":{"rendered":"Anua Niacinamide 5 TXA Brightening Pads 60ea"},"content":{"rendered":"<p><strong>Anua Niacinamide 5 TXA Brightening Pads<\/strong> ar traneksam\u012bnsk\u0101bi efekt\u012bvi izl\u012bdzina \u0101das toni un pie\u0161\u0137ir tai dabisku mirdzumu. Tie pal\u012bdz mazin\u0101t pigment\u0101ciju un p\u0113caknes p\u0113das, k\u0101 ar\u012b nov\u0113r\u0161 bl\u0101vus, zemes nokr\u0101sas to\u0146us.<\/p>\n<p>Pateicoties mitrino\u0161aj\u0101m sast\u0101vda\u013c\u0101m, l\u012bdzeklis mitrina \u0101du, nov\u0113r\u0161ot sausumu un lob\u012b\u0161anos. Tamponi\u0146iem piem\u012bt nomierino\u0161a iedarb\u012bba, un, tos regul\u0101ri lietojot, samazin\u0101s iekaisuma un kairin\u0101juma risks.<\/p>\n<p><strong>Main active ingredients:<\/strong><\/p>\n<ul>\n<li>Niac\u012bnam\u012bds (vitam\u012bns B3, 5%) pal\u0113nina melan\u012bna pieg\u0101di epidermai, nov\u0113r\u0161 pigment\u0101cijas veido\u0161anos, samazina jut\u012bbu pret \u0101r\u0113jiem kairin\u0101t\u0101jiem, izl\u012bdzina tonusu, veicina kolag\u0113na un elast\u012bna \u0161\u0137iedru veido\u0161anos, uztur turgoru un sa\u0161aurina poras.<\/li>\n<li>Traneksam\u012bnsk\u0101be kav\u0113 tirozin\u0101zes &#8211; enz\u012bma, kas izraisa melan\u012bna pigmenta veido\u0161anos &#8211; aktivit\u0101ti. T\u0101 neizraisa fotosensitivit\u0101ti un to var lietot dienas kop\u0161an\u0101.<\/li>\n<\/ul>\n<p><strong>How to use:<\/strong> p\u0113c mazg\u0101\u0161anas maigi noslaukiet seju. Var lietot k\u0101 lok\u0101lu masku: uzkl\u0101jiet spilventi\u0146u uz \u0101das uz 5-10 min\u016bt\u0113m, no\u0146emiet un \u013caujiet atliku\u0161ajai esencei ies\u016bkties.<\/p>\n<p><strong>Sast\u0101vs:<\/strong> Water, Butylene Glycol, Glycereth-26, Niacinamide, Glycerin, Hydroxyethyl Urea, 1,2-Hexanediol, Hydrolyzed Collagen, Terminalia Ferdinandiana Fruit Extract, Diethoxyethyl Succinate, Hydroxyacetophenone, Glycosyl Trehalose, Hydrogenated Starch Hydrolysate, Melia Azadirachta Leaf Extract, Melia Azadirachta Flower Extract, Coccinia Indica Fruit Extract, Aloe Barbadensis Flower Extract, Solanum Melongena (Eggplant) Fruit Extract, Ocimum Sanctum Leaf Extract, Corallina Officinalis Extract, Curcuma Longa (Turmeric) Root Extract, Glycereth-25 PCA Isostearate, Propanediol, Hyaluronic Acid, Hydrolyzed Hyaluronic Acid, Sodium Hyaluronate, Zea Mays (Corn) Kernel Extract, Fructan, Glucose, Ethylhexylglycerin, Xanthan Gum, Adenosine, Coptis Japonica Root Extract, Collagen Extract, Sodium DNA, Disodium EDTA, Lecithin, Acetyl Glutamine, Bacillus\/Soybean Ferment Extract, Caprylyl Glycol, Folic Acid, Hexapeptide-11, Oligopeptide-1, Oligopeptide-2, Oligopeptide-3<\/p>","protected":false},"excerpt":{"rendered":"<p><strong>Anua Niacinamide 5 TXA Brightening Pads<\/strong> ar traneksam\u012bnsk\u0101bi efekt\u012bvi izl\u012bdzina \u0101das toni un pie\u0161\u0137ir tai dabisku mirdzumu.<\/p>","protected":false},"featured_media":24548,"comment_status":"open","ping_status":"closed","template":"","meta":{"site-sidebar-layout":"default","site-content-layout":"","ast-site-content-layout":"default","site-content-style":"default","site-sidebar-style":"default","ast-global-header-display":"","ast-banner-title-visibility":"","ast-main-header-display":"","ast-hfb-above-header-display":"","ast-hfb-below-header-display":"","ast-hfb-mobile-header-display":"","site-post-title":"","ast-breadcrumbs-content":"","ast-featured-img":"","footer-sml-layout":"","theme-transparent-header-meta":"default","adv-header-id-meta":"","stick-header-meta":"","header-above-stick-meta":"","header-main-stick-meta":"","header-below-stick-meta":"","astra-migrate-meta-layouts":"set","ast-page-background-enabled":"default","ast-page-background-meta":{"desktop":{"background-color":"var(--ast-global-color-4)","background-image":"","background-repeat":"repeat","background-position":"center center","background-size":"auto","background-attachment":"scroll","background-type":"","background-media":"","overlay-type":"","overlay-color":"","overlay-opacity":"","overlay-gradient":""},"tablet":{"background-color":"","background-image":"","background-repeat":"repeat","background-position":"center center","background-size":"auto","background-attachment":"scroll","background-type":"","background-media":"","overlay-type":"","overlay-color":"","overlay-opacity":"","overlay-gradient":""},"mobile":{"background-color":"","background-image":"","background-repeat":"repeat","background-position":"center center","background-size":"auto","background-attachment":"scroll","background-type":"","background-media":"","overlay-type":"","overlay-color":"","overlay-opacity":"","overlay-gradient":""}},"ast-content-background-meta":{"desktop":{"background-color":"var(--ast-global-color-5)","background-image":"","background-repeat":"repeat","background-position":"center center","background-size":"auto","background-attachment":"scroll","background-type":"","background-media":"","overlay-type":"","overlay-color":"","overlay-opacity":"","overlay-gradient":""},"tablet":{"background-color":"var(--ast-global-color-5)","background-image":"","background-repeat":"repeat","background-position":"center center","background-size":"auto","background-attachment":"scroll","background-type":"","background-media":"","overlay-type":"","overlay-color":"","overlay-opacity":"","overlay-gradient":""},"mobile":{"background-color":"var(--ast-global-color-5)","background-image":"","background-repeat":"repeat","background-position":"center center","background-size":"auto","background-attachment":"scroll","background-type":"","background-media":"","overlay-type":"","overlay-color":"","overlay-opacity":"","overlay-gradient":""}}},"product_brand":[],"product_cat":[375,328,377,378,364,376],"product_tag":[],"berocket_brand":[575],"class_list":{"0":"post-24547","1":"product","2":"type-product","3":"status-publish","4":"has-post-thumbnail","6":"product_cat-jutigai-adai-toneri","7":"product_cat-pilingi-un-skrubji","8":"product_cat-problematiskai-adai-toneri","9":"product_cat-sausai-adai-toneri","10":"product_cat-toneri","11":"product_cat-kombinetai-adai-toneri","12":"berocket_brand-anua","13":"desktop-align-left","14":"tablet-align-left","15":"mobile-align-left","17":"first","18":"instock","19":"taxable","20":"shipping-taxable","21":"purchasable","22":"product-type-simple","23":"add-to-wishlist-before_image"},"yoast_head":"<!-- This site is optimized with the Yoast SEO plugin v27.3 - https:\/\/yoast.com\/product\/yoast-seo-wordpress\/ -->\n<title>Anua Niacinamide 5 TXA Brightening Pads 60ea - FACECORNER<\/title>\n<meta name=\"description\" content=\"Anua Niacinamide 5 TXA Brightening Pads ar traneksam\u012bnsk\u0101bi efekt\u012bvi izl\u012bdzina \u0101das toni un pie\u0161\u0137ir tai dabisku mirdzumu.\" \/>\n<meta name=\"robots\" content=\"index, follow, max-snippet:-1, max-image-preview:large, max-video-preview:-1\" \/>\n<link rel=\"canonical\" href=\"https:\/\/www.facecorner.lv\/en\/shop\/anua-niacinamide-5-txa-brightening-pads-60ea\/\" \/>\n<meta property=\"og:locale\" content=\"en_US\" \/>\n<meta property=\"og:type\" content=\"article\" \/>\n<meta property=\"og:title\" content=\"Anua Niacinamide 5 TXA Brightening Pads 60ea - FACECORNER\" \/>\n<meta property=\"og:description\" content=\"Anua Niacinamide 5 TXA Brightening Pads ar traneksam\u012bnsk\u0101bi efekt\u012bvi izl\u012bdzina \u0101das toni un pie\u0161\u0137ir tai dabisku mirdzumu.\" \/>\n<meta property=\"og:url\" content=\"https:\/\/www.facecorner.lv\/en\/shop\/anua-niacinamide-5-txa-brightening-pads-60ea\/\" \/>\n<meta property=\"og:site_name\" content=\"FACECORNER\" \/>\n<meta property=\"article:publisher\" content=\"https:\/\/www.facebook.com\/profile.php?id=100063824551839\" \/>\n<meta property=\"article:modified_time\" content=\"2025-12-09T13:49:39+00:00\" \/>\n<meta property=\"og:image\" content=\"https:\/\/www.facecorner.lv\/wp-content\/uploads\/2025\/06\/pink174961019517031ad2108dece.jpg\" \/>\n\t<meta property=\"og:image:width\" content=\"500\" \/>\n\t<meta property=\"og:image:height\" content=\"500\" \/>\n\t<meta property=\"og:image:type\" content=\"image\/jpeg\" \/>\n<meta name=\"twitter:card\" content=\"summary_large_image\" \/>\n<meta name=\"twitter:label1\" content=\"Price\" \/>\n\t<meta name=\"twitter:data1\" content=\"&euro;28.00\" \/>\n\t<meta name=\"twitter:label2\" content=\"Availability\" \/>\n\t<meta name=\"twitter:data2\" content=\"In stock\" \/>\n<script type=\"application\/ld+json\" class=\"yoast-schema-graph\">{\"@context\":\"https:\\\/\\\/schema.org\",\"@graph\":[{\"@type\":\"WebPage\",\"@id\":\"https:\\\/\\\/www.facecorner.lv\\\/shop\\\/anua-niacinamide-5-txa-brightening-pads-60ea\\\/\",\"url\":\"https:\\\/\\\/www.facecorner.lv\\\/shop\\\/anua-niacinamide-5-txa-brightening-pads-60ea\\\/\",\"name\":\"Anua Niacinamide 5 TXA Brightening Pads 60ea - FACECORNER\",\"isPartOf\":{\"@id\":\"https:\\\/\\\/www.facecorner.lv\\\/#website\"},\"primaryImageOfPage\":{\"@id\":\"https:\\\/\\\/www.facecorner.lv\\\/shop\\\/anua-niacinamide-5-txa-brightening-pads-60ea\\\/#primaryimage\"},\"image\":{\"@id\":\"https:\\\/\\\/www.facecorner.lv\\\/shop\\\/anua-niacinamide-5-txa-brightening-pads-60ea\\\/#primaryimage\"},\"thumbnailUrl\":\"https:\\\/\\\/www.facecorner.lv\\\/wp-content\\\/uploads\\\/2025\\\/06\\\/pink174961019517031ad2108dece.jpg\",\"datePublished\":\"2025-06-18T12:41:42+00:00\",\"dateModified\":\"2025-12-09T13:49:39+00:00\",\"description\":\"Anua Niacinamide 5 TXA Brightening Pads ar traneksam\u012bnsk\u0101bi efekt\u012bvi izl\u012bdzina \u0101das toni un pie\u0161\u0137ir tai dabisku mirdzumu.\",\"breadcrumb\":{\"@id\":\"https:\\\/\\\/www.facecorner.lv\\\/shop\\\/anua-niacinamide-5-txa-brightening-pads-60ea\\\/#breadcrumb\"},\"inLanguage\":\"en-US\",\"potentialAction\":[{\"@type\":\"ReadAction\",\"target\":[\"https:\\\/\\\/www.facecorner.lv\\\/shop\\\/anua-niacinamide-5-txa-brightening-pads-60ea\\\/\"]}]},{\"@type\":\"ImageObject\",\"inLanguage\":\"en-US\",\"@id\":\"https:\\\/\\\/www.facecorner.lv\\\/shop\\\/anua-niacinamide-5-txa-brightening-pads-60ea\\\/#primaryimage\",\"url\":\"https:\\\/\\\/www.facecorner.lv\\\/wp-content\\\/uploads\\\/2025\\\/06\\\/pink174961019517031ad2108dece.jpg\",\"contentUrl\":\"https:\\\/\\\/www.facecorner.lv\\\/wp-content\\\/uploads\\\/2025\\\/06\\\/pink174961019517031ad2108dece.jpg\",\"width\":500,\"height\":500,\"caption\":\"Anua Niacinamide 5 TXA Brightening Pads\"},{\"@type\":\"BreadcrumbList\",\"@id\":\"https:\\\/\\\/www.facecorner.lv\\\/shop\\\/anua-niacinamide-5-txa-brightening-pads-60ea\\\/#breadcrumb\",\"itemListElement\":[{\"@type\":\"ListItem\",\"position\":1,\"name\":\"Home\",\"item\":\"https:\\\/\\\/www.facecorner.lv\\\/\"},{\"@type\":\"ListItem\",\"position\":2,\"name\":\"Veikals\",\"item\":\"https:\\\/\\\/www.facecorner.lv\\\/shop\\\/\"},{\"@type\":\"ListItem\",\"position\":3,\"name\":\"Anua Niacinamide 5 TXA Brightening Pads 60ea\"}]},{\"@type\":\"WebSite\",\"@id\":\"https:\\\/\\\/www.facecorner.lv\\\/#website\",\"url\":\"https:\\\/\\\/www.facecorner.lv\\\/\",\"name\":\"Facecorner\",\"description\":\"\",\"publisher\":{\"@id\":\"https:\\\/\\\/www.facecorner.lv\\\/#organization\"},\"potentialAction\":[{\"@type\":\"SearchAction\",\"target\":{\"@type\":\"EntryPoint\",\"urlTemplate\":\"https:\\\/\\\/www.facecorner.lv\\\/?s={search_term_string}\"},\"query-input\":{\"@type\":\"PropertyValueSpecification\",\"valueRequired\":true,\"valueName\":\"search_term_string\"}}],\"inLanguage\":\"en-US\"},{\"@type\":\"Organization\",\"@id\":\"https:\\\/\\\/www.facecorner.lv\\\/#organization\",\"name\":\"Facecorner\",\"url\":\"https:\\\/\\\/www.facecorner.lv\\\/\",\"logo\":{\"@type\":\"ImageObject\",\"inLanguage\":\"en-US\",\"@id\":\"https:\\\/\\\/www.facecorner.lv\\\/#\\\/schema\\\/logo\\\/image\\\/\",\"url\":\"https:\\\/\\\/www.facecorner.lv\\\/wp-content\\\/uploads\\\/2024\\\/04\\\/fc-logo.jpg\",\"contentUrl\":\"https:\\\/\\\/www.facecorner.lv\\\/wp-content\\\/uploads\\\/2024\\\/04\\\/fc-logo.jpg\",\"width\":174,\"height\":28,\"caption\":\"Facecorner\"},\"image\":{\"@id\":\"https:\\\/\\\/www.facecorner.lv\\\/#\\\/schema\\\/logo\\\/image\\\/\"},\"sameAs\":[\"https:\\\/\\\/www.facebook.com\\\/profile.php?id=100063824551839\",\"https:\\\/\\\/www.instagram.com\\\/facecorner_shop\\\/\"]}]}<\/script>\n<meta property=\"product:price:amount\" content=\"28.00\" \/>\n<meta property=\"product:price:currency\" content=\"EUR\" \/>\n<meta property=\"og:availability\" content=\"instock\" \/>\n<meta property=\"product:availability\" content=\"instock\" \/>\n<meta property=\"product:condition\" content=\"new\" \/>\n<!-- \/ Yoast SEO plugin. -->","yoast_head_json":{"title":"Anua Niacinamide 5 TXA Brightening Pads 60ea - FACECORNER","description":"Anua Niacinamide 5 TXA Brightening Pads ar traneksam\u012bnsk\u0101bi efekt\u012bvi izl\u012bdzina \u0101das toni un pie\u0161\u0137ir tai dabisku mirdzumu.","robots":{"index":"index","follow":"follow","max-snippet":"max-snippet:-1","max-image-preview":"max-image-preview:large","max-video-preview":"max-video-preview:-1"},"canonical":"https:\/\/www.facecorner.lv\/en\/shop\/anua-niacinamide-5-txa-brightening-pads-60ea\/","og_locale":"en_US","og_type":"article","og_title":"Anua Niacinamide 5 TXA Brightening Pads 60ea - FACECORNER","og_description":"Anua Niacinamide 5 TXA Brightening Pads ar traneksam\u012bnsk\u0101bi efekt\u012bvi izl\u012bdzina \u0101das toni un pie\u0161\u0137ir tai dabisku mirdzumu.","og_url":"https:\/\/www.facecorner.lv\/en\/shop\/anua-niacinamide-5-txa-brightening-pads-60ea\/","og_site_name":"FACECORNER","article_publisher":"https:\/\/www.facebook.com\/profile.php?id=100063824551839","article_modified_time":"2025-12-09T13:49:39+00:00","og_image":[{"width":500,"height":500,"url":"https:\/\/www.facecorner.lv\/wp-content\/uploads\/2025\/06\/pink174961019517031ad2108dece.jpg","type":"image\/jpeg"}],"twitter_card":"summary_large_image","twitter_misc":{"Price":"&euro;28.00","Availability":"In stock"},"schema":{"@context":"https:\/\/schema.org","@graph":[{"@type":"WebPage","@id":"https:\/\/www.facecorner.lv\/shop\/anua-niacinamide-5-txa-brightening-pads-60ea\/","url":"https:\/\/www.facecorner.lv\/shop\/anua-niacinamide-5-txa-brightening-pads-60ea\/","name":"Anua Niacinamide 5 TXA Brightening Pads 60ea - FACECORNER","isPartOf":{"@id":"https:\/\/www.facecorner.lv\/#website"},"primaryImageOfPage":{"@id":"https:\/\/www.facecorner.lv\/shop\/anua-niacinamide-5-txa-brightening-pads-60ea\/#primaryimage"},"image":{"@id":"https:\/\/www.facecorner.lv\/shop\/anua-niacinamide-5-txa-brightening-pads-60ea\/#primaryimage"},"thumbnailUrl":"https:\/\/www.facecorner.lv\/wp-content\/uploads\/2025\/06\/pink174961019517031ad2108dece.jpg","datePublished":"2025-06-18T12:41:42+00:00","dateModified":"2025-12-09T13:49:39+00:00","description":"Anua Niacinamide 5 TXA Brightening Pads ar traneksam\u012bnsk\u0101bi efekt\u012bvi izl\u012bdzina \u0101das toni un pie\u0161\u0137ir tai dabisku mirdzumu.","breadcrumb":{"@id":"https:\/\/www.facecorner.lv\/shop\/anua-niacinamide-5-txa-brightening-pads-60ea\/#breadcrumb"},"inLanguage":"en-US","potentialAction":[{"@type":"ReadAction","target":["https:\/\/www.facecorner.lv\/shop\/anua-niacinamide-5-txa-brightening-pads-60ea\/"]}]},{"@type":"ImageObject","inLanguage":"en-US","@id":"https:\/\/www.facecorner.lv\/shop\/anua-niacinamide-5-txa-brightening-pads-60ea\/#primaryimage","url":"https:\/\/www.facecorner.lv\/wp-content\/uploads\/2025\/06\/pink174961019517031ad2108dece.jpg","contentUrl":"https:\/\/www.facecorner.lv\/wp-content\/uploads\/2025\/06\/pink174961019517031ad2108dece.jpg","width":500,"height":500,"caption":"Anua Niacinamide 5 TXA Brightening Pads"},{"@type":"BreadcrumbList","@id":"https:\/\/www.facecorner.lv\/shop\/anua-niacinamide-5-txa-brightening-pads-60ea\/#breadcrumb","itemListElement":[{"@type":"ListItem","position":1,"name":"Home","item":"https:\/\/www.facecorner.lv\/"},{"@type":"ListItem","position":2,"name":"Veikals","item":"https:\/\/www.facecorner.lv\/shop\/"},{"@type":"ListItem","position":3,"name":"Anua Niacinamide 5 TXA Brightening Pads 60ea"}]},{"@type":"WebSite","@id":"https:\/\/www.facecorner.lv\/#website","url":"https:\/\/www.facecorner.lv\/","name":"Facecorner","description":"","publisher":{"@id":"https:\/\/www.facecorner.lv\/#organization"},"potentialAction":[{"@type":"SearchAction","target":{"@type":"EntryPoint","urlTemplate":"https:\/\/www.facecorner.lv\/?s={search_term_string}"},"query-input":{"@type":"PropertyValueSpecification","valueRequired":true,"valueName":"search_term_string"}}],"inLanguage":"en-US"},{"@type":"Organization","@id":"https:\/\/www.facecorner.lv\/#organization","name":"Facecorner","url":"https:\/\/www.facecorner.lv\/","logo":{"@type":"ImageObject","inLanguage":"en-US","@id":"https:\/\/www.facecorner.lv\/#\/schema\/logo\/image\/","url":"https:\/\/www.facecorner.lv\/wp-content\/uploads\/2024\/04\/fc-logo.jpg","contentUrl":"https:\/\/www.facecorner.lv\/wp-content\/uploads\/2024\/04\/fc-logo.jpg","width":174,"height":28,"caption":"Facecorner"},"image":{"@id":"https:\/\/www.facecorner.lv\/#\/schema\/logo\/image\/"},"sameAs":["https:\/\/www.facebook.com\/profile.php?id=100063824551839","https:\/\/www.instagram.com\/facecorner_shop\/"]}]},"product_price_amount":"28.00","product_price_currency":"EUR","og_availability":"instock","product_availability":"instock","product_condition":"new"},"_links":{"self":[{"href":"https:\/\/www.facecorner.lv\/en\/wp-json\/wp\/v2\/product\/24547","targetHints":{"allow":["GET"]}}],"collection":[{"href":"https:\/\/www.facecorner.lv\/en\/wp-json\/wp\/v2\/product"}],"about":[{"href":"https:\/\/www.facecorner.lv\/en\/wp-json\/wp\/v2\/types\/product"}],"replies":[{"embeddable":true,"href":"https:\/\/www.facecorner.lv\/en\/wp-json\/wp\/v2\/comments?post=24547"}],"wp:featuredmedia":[{"embeddable":true,"href":"https:\/\/www.facecorner.lv\/en\/wp-json\/wp\/v2\/media\/24548"}],"wp:attachment":[{"href":"https:\/\/www.facecorner.lv\/en\/wp-json\/wp\/v2\/media?parent=24547"}],"wp:term":[{"taxonomy":"product_brand","embeddable":true,"href":"https:\/\/www.facecorner.lv\/en\/wp-json\/wp\/v2\/product_brand?post=24547"},{"taxonomy":"product_cat","embeddable":true,"href":"https:\/\/www.facecorner.lv\/en\/wp-json\/wp\/v2\/product_cat?post=24547"},{"taxonomy":"product_tag","embeddable":true,"href":"https:\/\/www.facecorner.lv\/en\/wp-json\/wp\/v2\/product_tag?post=24547"},{"taxonomy":"berocket_brand","embeddable":true,"href":"https:\/\/www.facecorner.lv\/en\/wp-json\/wp\/v2\/berocket_brand?post=24547"}],"curies":[{"name":"wp","href":"https:\/\/api.w.org\/{rel}","templated":true}]}}