{"id":24542,"date":"2025-06-18T15:26:15","date_gmt":"2025-06-18T12:26:15","guid":{"rendered":"https:\/\/www.facecorner.lv\/?post_type=product&#038;p=24542"},"modified":"2025-10-15T15:08:58","modified_gmt":"2025-10-15T12:08:58","slug":"anua-azelaic-10-hyaluron-redness-soothing-pad-90ea","status":"publish","type":"product","link":"https:\/\/www.facecorner.lv\/en\/shop\/anua-azelaic-10-hyaluron-redness-soothing-pad-90ea\/","title":{"rendered":"Anua Azelaic 10 Hyaluron Redness Soothing Pad 90ea"},"content":{"rendered":"<p><strong>Anua Azelaic 10 Hyaluron Redness Soothing Pad<\/strong>\u00a0 nomierino\u0161s toniz\u0113jo\u0161s spilventi\u0146\u0161 ar azela\u012bnsk\u0101bi un 7 Cica kompleksu, kas nomierina un nomierina sausas \u0101das kairin\u0101jumu.<\/p>\n<p>\u0160is spilventi\u0146\u0161 ir piem\u0113rots jut\u012bgai \u0101dai, t\u0101 sast\u0101v\u0101 ir nomierino\u0161as un mitrino\u0161as sast\u0101vda\u013cas, kas pal\u012bdz uzlabot aps\u0101rtumu un redzami problem\u0101tisku vietu izskatu.<\/p>\n<p>Satur hialuronsk\u0101bi pastiprin\u0101tai \u0101das mitrin\u0101\u0161anai, padarot \u0101du maigu un gludu.<br \/>\nViegls, izstiepjams za\u013c\u0161 spilventi\u0146\u0161, kas viegli p\u0101rkl\u0101j lielus aps\u0101rtumus.<br \/>\nKl\u012bniski p\u0101rbaud\u012bta efektivit\u0101te, lai samazin\u0101tu lieko tauku p\u0101rpalikumu, sebuma veido\u0161anos un aps\u0101rtumu.<\/p>\n<p><strong>How to use:<\/strong>: P\u0113c att\u012br\u012b\u0161anas uzkl\u0101jiet spilventi\u0146u uz problem\u0101tiskaj\u0101m viet\u0101m un atst\u0101jiet to uz 10-20 min\u016bt\u0113m k\u0101 masku. P\u0113c tam maigi noslaukiet seju, lai izl\u012bdzin\u0101tu un atsvaidzin\u0101tu \u0101du. Piem\u0113rots ikdienas lieto\u0161anai gan no r\u012bta, gan vakar\u0101.<\/p>\n<p><strong>Sast\u0101vs:<\/strong> Water, Butylene Glycol, Dipropylene Glycol, Propanediol, Glycerin, Betaine, Diglycerin, Methylpropanediol, Hydroxyethyl Urea, 1,2-Hexanediol, Hydroxyacetophenone, Glycereth-25 PCA Isostearate, Panthenol, Melia Azadirachta Leaf Extract, Xanthan Gum, Ethylhexylglycerin, Disodium EDTA, Melia Azadirachta Flower Extract, Allantoin, Sodium Polyacrylate, Glyceryl Acrylate\/Acrylic Acid Copolymer, PVM\/MA Copolymer, Theobroma Cacao (Cocoa) Seed Extract, Dextrin, Hydrolyzed Hyaluronic Acid, Hyaluronic Acid, Sodium Hyaluronate, Azelaic Acid, Bisabolol, Dipotassium Glycyrrhizate, Zea Mays (Corn) Kernel Extract, Centella Asiatica Extract, Centella Asiatica Leaf Extract, Centella Asiatica Root Extract, Asiatic Acid, Asiaticoside, Madecassic Acid, Madecassoside, Ceramide NP, Chlorella Vulgaris Extract, Melaleuca Alternifolia (Tea Tree) Leaf Water, Squalane, Dimethylsilanol Hyaluronate, Hydrolyzed Sodium Hyaluronate, Fructan, Pinus Pinaster Bark Extract, Potassium Hyaluronate, Hydroxypropyltrimonium Hyaluronate, Sodium Hyaluronate Crosspolymer, Glucose, Sodium Hyaluronate Dimethylsilanol, Sodium Acetylated Hyaluronate.<\/p>\n<p>&nbsp;<\/p>\n<p>&nbsp;<\/p>","protected":false},"excerpt":{"rendered":"<p><strong>Anua Azelaic 10 Hyaluron Redness Soothing Pad<\/strong>\u00a0 nomierino\u0161s toniz\u0113jo\u0161s spilventi\u0146\u0161 ar azela\u012bnsk\u0101bi un 7 Cica kompleksu, kas nomierina un nomierina sausas \u0101das kairin\u0101jumu.<\/p>","protected":false},"featured_media":24546,"comment_status":"open","ping_status":"closed","template":"","meta":{"site-sidebar-layout":"default","site-content-layout":"","ast-site-content-layout":"default","site-content-style":"default","site-sidebar-style":"default","ast-global-header-display":"","ast-banner-title-visibility":"","ast-main-header-display":"","ast-hfb-above-header-display":"","ast-hfb-below-header-display":"","ast-hfb-mobile-header-display":"","site-post-title":"","ast-breadcrumbs-content":"","ast-featured-img":"","footer-sml-layout":"","theme-transparent-header-meta":"default","adv-header-id-meta":"","stick-header-meta":"","header-above-stick-meta":"","header-main-stick-meta":"","header-below-stick-meta":"","astra-migrate-meta-layouts":"set","ast-page-background-enabled":"default","ast-page-background-meta":{"desktop":{"background-color":"var(--ast-global-color-4)","background-image":"","background-repeat":"repeat","background-position":"center center","background-size":"auto","background-attachment":"scroll","background-type":"","background-media":"","overlay-type":"","overlay-color":"","overlay-opacity":"","overlay-gradient":""},"tablet":{"background-color":"","background-image":"","background-repeat":"repeat","background-position":"center center","background-size":"auto","background-attachment":"scroll","background-type":"","background-media":"","overlay-type":"","overlay-color":"","overlay-opacity":"","overlay-gradient":""},"mobile":{"background-color":"","background-image":"","background-repeat":"repeat","background-position":"center center","background-size":"auto","background-attachment":"scroll","background-type":"","background-media":"","overlay-type":"","overlay-color":"","overlay-opacity":"","overlay-gradient":""}},"ast-content-background-meta":{"desktop":{"background-color":"var(--ast-global-color-5)","background-image":"","background-repeat":"repeat","background-position":"center center","background-size":"auto","background-attachment":"scroll","background-type":"","background-media":"","overlay-type":"","overlay-color":"","overlay-opacity":"","overlay-gradient":""},"tablet":{"background-color":"var(--ast-global-color-5)","background-image":"","background-repeat":"repeat","background-position":"center center","background-size":"auto","background-attachment":"scroll","background-type":"","background-media":"","overlay-type":"","overlay-color":"","overlay-opacity":"","overlay-gradient":""},"mobile":{"background-color":"var(--ast-global-color-5)","background-image":"","background-repeat":"repeat","background-position":"center center","background-size":"auto","background-attachment":"scroll","background-type":"","background-media":"","overlay-type":"","overlay-color":"","overlay-opacity":"","overlay-gradient":""}}},"product_brand":[],"product_cat":[370,372,373,374,363],"product_tag":[],"berocket_brand":[575],"class_list":{"0":"post-24542","1":"product","2":"type-product","3":"status-publish","4":"has-post-thumbnail","6":"product_cat-adas-mirdzumam","7":"product_cat-jutigai-adai-serumi","8":"product_cat-poras-sasaurinoss","9":"product_cat-pret-pinnem","10":"product_cat-serumi","11":"berocket_brand-anua","12":"desktop-align-left","13":"tablet-align-left","14":"mobile-align-left","16":"first","17":"outofstock","18":"taxable","19":"shipping-taxable","20":"purchasable","21":"product-type-simple","22":"add-to-wishlist-before_image"},"yoast_head":"<!-- This site is optimized with the Yoast SEO plugin v27.4 - https:\/\/yoast.com\/product\/yoast-seo-wordpress\/ -->\n<title>Anua Azelaic 10 Hyaluron Redness Soothing Pad 90ea - FACECORNER<\/title>\n<meta name=\"description\" content=\"Anua Azelaic 10 Hyaluron Redness Soothing Pad\u00a0 nomierino\u0161s toniz\u0113jo\u0161s spilventi\u0146\u0161 ar azela\u012bnsk\u0101bi un 7 Cica kompleksu, kas nomierina un nomierina\" \/>\n<meta name=\"robots\" content=\"index, follow, max-snippet:-1, max-image-preview:large, max-video-preview:-1\" \/>\n<link rel=\"canonical\" href=\"https:\/\/www.facecorner.lv\/en\/shop\/anua-azelaic-10-hyaluron-redness-soothing-pad-90ea\/\" \/>\n<meta property=\"og:locale\" content=\"en_US\" \/>\n<meta property=\"og:type\" content=\"article\" \/>\n<meta property=\"og:title\" content=\"Anua Azelaic 10 Hyaluron Redness Soothing Pad 90ea - FACECORNER\" \/>\n<meta property=\"og:description\" content=\"Anua Azelaic 10 Hyaluron Redness Soothing Pad\u00a0 nomierino\u0161s toniz\u0113jo\u0161s spilventi\u0146\u0161 ar azela\u012bnsk\u0101bi un 7 Cica kompleksu, kas nomierina un nomierina\" \/>\n<meta property=\"og:url\" content=\"https:\/\/www.facecorner.lv\/en\/shop\/anua-azelaic-10-hyaluron-redness-soothing-pad-90ea\/\" \/>\n<meta property=\"og:site_name\" content=\"FACECORNER\" \/>\n<meta property=\"article:publisher\" content=\"https:\/\/www.facebook.com\/profile.php?id=100063824551839\" \/>\n<meta property=\"article:modified_time\" content=\"2025-10-15T12:08:58+00:00\" \/>\n<meta property=\"og:image\" content=\"https:\/\/www.facecorner.lv\/wp-content\/uploads\/2025\/06\/IMG_8633.webp\" \/>\n\t<meta property=\"og:image:width\" content=\"500\" \/>\n\t<meta property=\"og:image:height\" content=\"500\" \/>\n\t<meta property=\"og:image:type\" content=\"image\/webp\" \/>\n<meta name=\"twitter:card\" content=\"summary_large_image\" \/>\n<meta name=\"twitter:label1\" content=\"Price\" \/>\n\t<meta name=\"twitter:data1\" content=\"&euro;32.00\" \/>\n\t<meta name=\"twitter:label2\" content=\"Availability\" \/>\n\t<meta name=\"twitter:data2\" content=\"Out of stock\" \/>\n<script type=\"application\/ld+json\" class=\"yoast-schema-graph\">{\"@context\":\"https:\\\/\\\/schema.org\",\"@graph\":[{\"@type\":\"WebPage\",\"@id\":\"https:\\\/\\\/www.facecorner.lv\\\/shop\\\/anua-azelaic-10-hyaluron-redness-soothing-pad-90ea\\\/\",\"url\":\"https:\\\/\\\/www.facecorner.lv\\\/shop\\\/anua-azelaic-10-hyaluron-redness-soothing-pad-90ea\\\/\",\"name\":\"Anua Azelaic 10 Hyaluron Redness Soothing Pad 90ea - FACECORNER\",\"isPartOf\":{\"@id\":\"https:\\\/\\\/www.facecorner.lv\\\/#website\"},\"primaryImageOfPage\":{\"@id\":\"https:\\\/\\\/www.facecorner.lv\\\/shop\\\/anua-azelaic-10-hyaluron-redness-soothing-pad-90ea\\\/#primaryimage\"},\"image\":{\"@id\":\"https:\\\/\\\/www.facecorner.lv\\\/shop\\\/anua-azelaic-10-hyaluron-redness-soothing-pad-90ea\\\/#primaryimage\"},\"thumbnailUrl\":\"https:\\\/\\\/www.facecorner.lv\\\/wp-content\\\/uploads\\\/2025\\\/06\\\/IMG_8633.webp\",\"datePublished\":\"2025-06-18T12:26:15+00:00\",\"dateModified\":\"2025-10-15T12:08:58+00:00\",\"description\":\"Anua Azelaic 10 Hyaluron Redness Soothing Pad\u00a0 nomierino\u0161s toniz\u0113jo\u0161s spilventi\u0146\u0161 ar azela\u012bnsk\u0101bi un 7 Cica kompleksu, kas nomierina un nomierina\",\"breadcrumb\":{\"@id\":\"https:\\\/\\\/www.facecorner.lv\\\/shop\\\/anua-azelaic-10-hyaluron-redness-soothing-pad-90ea\\\/#breadcrumb\"},\"inLanguage\":\"en-US\",\"potentialAction\":[{\"@type\":\"ReadAction\",\"target\":[\"https:\\\/\\\/www.facecorner.lv\\\/shop\\\/anua-azelaic-10-hyaluron-redness-soothing-pad-90ea\\\/\"]}]},{\"@type\":\"ImageObject\",\"inLanguage\":\"en-US\",\"@id\":\"https:\\\/\\\/www.facecorner.lv\\\/shop\\\/anua-azelaic-10-hyaluron-redness-soothing-pad-90ea\\\/#primaryimage\",\"url\":\"https:\\\/\\\/www.facecorner.lv\\\/wp-content\\\/uploads\\\/2025\\\/06\\\/IMG_8633.webp\",\"contentUrl\":\"https:\\\/\\\/www.facecorner.lv\\\/wp-content\\\/uploads\\\/2025\\\/06\\\/IMG_8633.webp\",\"width\":500,\"height\":500,\"caption\":\"Anua Azelaic 10 Hyaluron Redness Soothing Pad\"},{\"@type\":\"BreadcrumbList\",\"@id\":\"https:\\\/\\\/www.facecorner.lv\\\/shop\\\/anua-azelaic-10-hyaluron-redness-soothing-pad-90ea\\\/#breadcrumb\",\"itemListElement\":[{\"@type\":\"ListItem\",\"position\":1,\"name\":\"Home\",\"item\":\"https:\\\/\\\/www.facecorner.lv\\\/\"},{\"@type\":\"ListItem\",\"position\":2,\"name\":\"Veikals\",\"item\":\"https:\\\/\\\/www.facecorner.lv\\\/shop\\\/\"},{\"@type\":\"ListItem\",\"position\":3,\"name\":\"Anua Azelaic 10 Hyaluron Redness Soothing Pad 90ea\"}]},{\"@type\":\"WebSite\",\"@id\":\"https:\\\/\\\/www.facecorner.lv\\\/#website\",\"url\":\"https:\\\/\\\/www.facecorner.lv\\\/\",\"name\":\"Facecorner\",\"description\":\"\",\"publisher\":{\"@id\":\"https:\\\/\\\/www.facecorner.lv\\\/#organization\"},\"potentialAction\":[{\"@type\":\"SearchAction\",\"target\":{\"@type\":\"EntryPoint\",\"urlTemplate\":\"https:\\\/\\\/www.facecorner.lv\\\/?s={search_term_string}\"},\"query-input\":{\"@type\":\"PropertyValueSpecification\",\"valueRequired\":true,\"valueName\":\"search_term_string\"}}],\"inLanguage\":\"en-US\"},{\"@type\":\"Organization\",\"@id\":\"https:\\\/\\\/www.facecorner.lv\\\/#organization\",\"name\":\"Facecorner\",\"url\":\"https:\\\/\\\/www.facecorner.lv\\\/\",\"logo\":{\"@type\":\"ImageObject\",\"inLanguage\":\"en-US\",\"@id\":\"https:\\\/\\\/www.facecorner.lv\\\/#\\\/schema\\\/logo\\\/image\\\/\",\"url\":\"https:\\\/\\\/www.facecorner.lv\\\/wp-content\\\/uploads\\\/2024\\\/04\\\/fc-logo.jpg\",\"contentUrl\":\"https:\\\/\\\/www.facecorner.lv\\\/wp-content\\\/uploads\\\/2024\\\/04\\\/fc-logo.jpg\",\"width\":174,\"height\":28,\"caption\":\"Facecorner\"},\"image\":{\"@id\":\"https:\\\/\\\/www.facecorner.lv\\\/#\\\/schema\\\/logo\\\/image\\\/\"},\"sameAs\":[\"https:\\\/\\\/www.facebook.com\\\/profile.php?id=100063824551839\",\"https:\\\/\\\/www.instagram.com\\\/facecorner_shop\\\/\"]}]}<\/script>\n<meta property=\"product:price:amount\" content=\"32.00\" \/>\n<meta property=\"product:price:currency\" content=\"EUR\" \/>\n<meta property=\"og:availability\" content=\"out of stock\" \/>\n<meta property=\"product:availability\" content=\"out of stock\" \/>\n<meta property=\"product:condition\" content=\"new\" \/>\n<!-- \/ Yoast SEO plugin. -->","yoast_head_json":{"title":"Anua Azelaic 10 Hyaluron Redness Soothing Pad 90ea - FACECORNER","description":"Anua Azelaic 10 Hyaluron Redness Soothing Pad\u00a0 nomierino\u0161s toniz\u0113jo\u0161s spilventi\u0146\u0161 ar azela\u012bnsk\u0101bi un 7 Cica kompleksu, kas nomierina un nomierina","robots":{"index":"index","follow":"follow","max-snippet":"max-snippet:-1","max-image-preview":"max-image-preview:large","max-video-preview":"max-video-preview:-1"},"canonical":"https:\/\/www.facecorner.lv\/en\/shop\/anua-azelaic-10-hyaluron-redness-soothing-pad-90ea\/","og_locale":"en_US","og_type":"article","og_title":"Anua Azelaic 10 Hyaluron Redness Soothing Pad 90ea - FACECORNER","og_description":"Anua Azelaic 10 Hyaluron Redness Soothing Pad\u00a0 nomierino\u0161s toniz\u0113jo\u0161s spilventi\u0146\u0161 ar azela\u012bnsk\u0101bi un 7 Cica kompleksu, kas nomierina un nomierina","og_url":"https:\/\/www.facecorner.lv\/en\/shop\/anua-azelaic-10-hyaluron-redness-soothing-pad-90ea\/","og_site_name":"FACECORNER","article_publisher":"https:\/\/www.facebook.com\/profile.php?id=100063824551839","article_modified_time":"2025-10-15T12:08:58+00:00","og_image":[{"width":500,"height":500,"url":"https:\/\/www.facecorner.lv\/wp-content\/uploads\/2025\/06\/IMG_8633.webp","type":"image\/webp"}],"twitter_card":"summary_large_image","twitter_misc":{"Price":"&euro;32.00","Availability":"Out of stock"},"schema":{"@context":"https:\/\/schema.org","@graph":[{"@type":"WebPage","@id":"https:\/\/www.facecorner.lv\/shop\/anua-azelaic-10-hyaluron-redness-soothing-pad-90ea\/","url":"https:\/\/www.facecorner.lv\/shop\/anua-azelaic-10-hyaluron-redness-soothing-pad-90ea\/","name":"Anua Azelaic 10 Hyaluron Redness Soothing Pad 90ea - FACECORNER","isPartOf":{"@id":"https:\/\/www.facecorner.lv\/#website"},"primaryImageOfPage":{"@id":"https:\/\/www.facecorner.lv\/shop\/anua-azelaic-10-hyaluron-redness-soothing-pad-90ea\/#primaryimage"},"image":{"@id":"https:\/\/www.facecorner.lv\/shop\/anua-azelaic-10-hyaluron-redness-soothing-pad-90ea\/#primaryimage"},"thumbnailUrl":"https:\/\/www.facecorner.lv\/wp-content\/uploads\/2025\/06\/IMG_8633.webp","datePublished":"2025-06-18T12:26:15+00:00","dateModified":"2025-10-15T12:08:58+00:00","description":"Anua Azelaic 10 Hyaluron Redness Soothing Pad\u00a0 nomierino\u0161s toniz\u0113jo\u0161s spilventi\u0146\u0161 ar azela\u012bnsk\u0101bi un 7 Cica kompleksu, kas nomierina un nomierina","breadcrumb":{"@id":"https:\/\/www.facecorner.lv\/shop\/anua-azelaic-10-hyaluron-redness-soothing-pad-90ea\/#breadcrumb"},"inLanguage":"en-US","potentialAction":[{"@type":"ReadAction","target":["https:\/\/www.facecorner.lv\/shop\/anua-azelaic-10-hyaluron-redness-soothing-pad-90ea\/"]}]},{"@type":"ImageObject","inLanguage":"en-US","@id":"https:\/\/www.facecorner.lv\/shop\/anua-azelaic-10-hyaluron-redness-soothing-pad-90ea\/#primaryimage","url":"https:\/\/www.facecorner.lv\/wp-content\/uploads\/2025\/06\/IMG_8633.webp","contentUrl":"https:\/\/www.facecorner.lv\/wp-content\/uploads\/2025\/06\/IMG_8633.webp","width":500,"height":500,"caption":"Anua Azelaic 10 Hyaluron Redness Soothing Pad"},{"@type":"BreadcrumbList","@id":"https:\/\/www.facecorner.lv\/shop\/anua-azelaic-10-hyaluron-redness-soothing-pad-90ea\/#breadcrumb","itemListElement":[{"@type":"ListItem","position":1,"name":"Home","item":"https:\/\/www.facecorner.lv\/"},{"@type":"ListItem","position":2,"name":"Veikals","item":"https:\/\/www.facecorner.lv\/shop\/"},{"@type":"ListItem","position":3,"name":"Anua Azelaic 10 Hyaluron Redness Soothing Pad 90ea"}]},{"@type":"WebSite","@id":"https:\/\/www.facecorner.lv\/#website","url":"https:\/\/www.facecorner.lv\/","name":"Facecorner","description":"","publisher":{"@id":"https:\/\/www.facecorner.lv\/#organization"},"potentialAction":[{"@type":"SearchAction","target":{"@type":"EntryPoint","urlTemplate":"https:\/\/www.facecorner.lv\/?s={search_term_string}"},"query-input":{"@type":"PropertyValueSpecification","valueRequired":true,"valueName":"search_term_string"}}],"inLanguage":"en-US"},{"@type":"Organization","@id":"https:\/\/www.facecorner.lv\/#organization","name":"Facecorner","url":"https:\/\/www.facecorner.lv\/","logo":{"@type":"ImageObject","inLanguage":"en-US","@id":"https:\/\/www.facecorner.lv\/#\/schema\/logo\/image\/","url":"https:\/\/www.facecorner.lv\/wp-content\/uploads\/2024\/04\/fc-logo.jpg","contentUrl":"https:\/\/www.facecorner.lv\/wp-content\/uploads\/2024\/04\/fc-logo.jpg","width":174,"height":28,"caption":"Facecorner"},"image":{"@id":"https:\/\/www.facecorner.lv\/#\/schema\/logo\/image\/"},"sameAs":["https:\/\/www.facebook.com\/profile.php?id=100063824551839","https:\/\/www.instagram.com\/facecorner_shop\/"]}]},"product_price_amount":"32.00","product_price_currency":"EUR","og_availability":"out of stock","product_availability":"out of stock","product_condition":"new"},"_links":{"self":[{"href":"https:\/\/www.facecorner.lv\/en\/wp-json\/wp\/v2\/product\/24542","targetHints":{"allow":["GET"]}}],"collection":[{"href":"https:\/\/www.facecorner.lv\/en\/wp-json\/wp\/v2\/product"}],"about":[{"href":"https:\/\/www.facecorner.lv\/en\/wp-json\/wp\/v2\/types\/product"}],"replies":[{"embeddable":true,"href":"https:\/\/www.facecorner.lv\/en\/wp-json\/wp\/v2\/comments?post=24542"}],"wp:featuredmedia":[{"embeddable":true,"href":"https:\/\/www.facecorner.lv\/en\/wp-json\/wp\/v2\/media\/24546"}],"wp:attachment":[{"href":"https:\/\/www.facecorner.lv\/en\/wp-json\/wp\/v2\/media?parent=24542"}],"wp:term":[{"taxonomy":"product_brand","embeddable":true,"href":"https:\/\/www.facecorner.lv\/en\/wp-json\/wp\/v2\/product_brand?post=24542"},{"taxonomy":"product_cat","embeddable":true,"href":"https:\/\/www.facecorner.lv\/en\/wp-json\/wp\/v2\/product_cat?post=24542"},{"taxonomy":"product_tag","embeddable":true,"href":"https:\/\/www.facecorner.lv\/en\/wp-json\/wp\/v2\/product_tag?post=24542"},{"taxonomy":"berocket_brand","embeddable":true,"href":"https:\/\/www.facecorner.lv\/en\/wp-json\/wp\/v2\/berocket_brand?post=24542"}],"curies":[{"name":"wp","href":"https:\/\/api.w.org\/{rel}","templated":true}]}}