{"id":24464,"date":"2025-06-09T22:02:49","date_gmt":"2025-06-09T19:02:49","guid":{"rendered":"https:\/\/www.facecorner.lv\/?post_type=product&#038;p=24464"},"modified":"2025-07-30T21:29:40","modified_gmt":"2025-07-30T18:29:40","slug":"anua-peach-niacin-uv-tone-up-protection-50ml","status":"publish","type":"product","link":"https:\/\/www.facecorner.lv\/en\/shop\/anua-peach-niacin-uv-tone-up-protection-50ml\/","title":{"rendered":"Anua Peach Niacin UV Tone Up Protection 50ml"},"content":{"rendered":"<p><strong>Anua Peach Niacin UV Tone Up Protection\u00a0<\/strong> tas ir toniz\u0113jo\u0161s saules aizsargkr\u0113ms ar pla\u0161a spektra SPF50+ PA++++ aizsardz\u012bbu.<\/p>\n<p>T\u0101 sast\u0101v\u0101 ir persiku ekstrakts, k\u0101 ar\u012b 20 000 pmol vitam\u012bna B12 un niac\u012bnam\u012bds, kas padara \u0101du gai\u0161\u0101ku un nov\u0113r\u0161 plankumus, vienlaikus uzlabojot \u0101das mitrin\u0101\u0161anu.<\/p>\n<p>Pamatkr\u0113ms un saules aizsargkr\u0113ms ar viegli roz\u0101 nokr\u0101su pie\u0161\u0137ir \u0101dai starojo\u0161u mirdzumu.<\/p>\n<p>Mitrino\u0161s toniz\u0113jo\u0161s aizsargkr\u0113ms ar niacinam\u012bdu un vitam\u012bnu B12, kas izgaismo bl\u0101vu \u0101das toni, vienlaikus aizsarg\u0101jot \u0101du pret kait\u012bgajiem UV stariem ar pla\u0161a spektra SPF50+ PA++++.<\/p>\n<ul>\n<li>Satur persiku aug\u013cu \u016bdeni, kas uzreiz p\u0113c uzkl\u0101\u0161anas mitrina \u0101du.<\/li>\n<li>Persiku b\u0113\u0161s tonis, kas izpludina poras un efekt\u012bvi toniz\u0113 bl\u0101vu sejas toni.<\/li>\n<li>Viegla mitrino\u0161a kr\u0113ma tekst\u016bra, kas labi sl\u012bd uz \u0101das un labi piegu\u013c tai, vienlaikus sniedzot dabisku toniz\u0113jo\u0161u efektu, bet nepadarot to tum\u0161\u0101ku.<\/li>\n<li>Aizpild\u012bts \u0101das kairin\u0101juma tests, piem\u0113rots jut\u012bgai \u0101dai.<\/li>\n<\/ul>\n<p><strong>How to use:<\/strong> P\u0113d\u0113j\u0101 \u0101das kop\u0161anas posm\u0101 vienm\u0113r\u012bgi uzkl\u0101jiet uz \u0101das neliel\u0101 daudzum\u0101.<\/p>\n<p><strong>Sast\u0101vs:<\/strong> Water, Dibutyl Adipate, Butyloctyl Salicylate, Glycerin, Bis-Ethylhexyloxyphenol Methoxyphenyl Triazine, Diethylamino Hydroxybenzoyl Hexyl Benzoate, Ethylhexyl Triazone, Phenethyl Benzoate, Polysilicone-15, Propanediol, Alcohol Denat., Titanium Dioxide (CI 77891), Ethylhexyl Palmitate, Niacinamide (20,000ppm), Polyglyceryl-3 Methylglucose Distearate, Methylene Bis-Benzotriazolyl Tetramethylbutylphenol, 1,2-Hexanediol, Sphingomonas Ferment Extract, Prunus Persica (Peach) Fruit Water (1,056ppm), Lactobacillus Ferment, Citrullus Lanatus (Watermelon) Fruit Extract, Citrus Paradisi (Grapefruit) Fruit Extract, Prunus Persica (Peach) Fruit Extract, Punica Granatum Fruit Extract, Malus Domestica Fruit Extract, Prunus Persica (Peach) Flower Extract, Sodium Hyaluronate, Hyaluronic Acid, Pentylene Glycol, Silica, Isododecane, Octyldodecanol, Glyceryl Stearate, Potassium Cetyl Phosphate, Cetearyl Olivate, Poly C10-30 Alkyl Acrylate, Polyacrylate Crosspolymer-6, Microcrystalline Cellulose, Glyceryl Caprylate, Sorbitan Olivate, Polyglyceryl-4 Isostearate, Decyl Glucoside, Sodium Acrylate\/Sodium Acryloyldimethyl Taurate Copolymer, Isopropyl Titanium Triisostearate,Aluminum Hydroxide, Polyisobutene, Palmitic Acid, Hydrogenated Lecithin, Cellulose Gum, Trisodium Ethylenediamine Disuccinate, Caprylyl\/Capryl Glucoside, Sorbitan Oleate, Butylene Glycol, Cyanocobalamin, Ethylhexylglycerin, Ascorbic Acid, Linolenic Acid, C12-16 Alcohols, Xanthan Gum, Fragrance, Iron Oxide Yellow (CI 77492), Iron Oxide Red (CI 77491)<\/p>","protected":false},"excerpt":{"rendered":"<p>Anua Peach Niacin UV Tone Up Protection\u00a0 tas ir toniz\u0113jo\u0161s saules aizsargkr\u0113ms ar pla\u0161a spektra SPF50+ PA++++ aizsardz\u012bbu.<\/p>","protected":false},"featured_media":24465,"comment_status":"open","ping_status":"closed","template":"","meta":{"site-sidebar-layout":"default","site-content-layout":"","ast-site-content-layout":"default","site-content-style":"default","site-sidebar-style":"default","ast-global-header-display":"","ast-banner-title-visibility":"","ast-main-header-display":"","ast-hfb-above-header-display":"","ast-hfb-below-header-display":"","ast-hfb-mobile-header-display":"","site-post-title":"","ast-breadcrumbs-content":"","ast-featured-img":"","footer-sml-layout":"","theme-transparent-header-meta":"default","adv-header-id-meta":"","stick-header-meta":"","header-above-stick-meta":"","header-main-stick-meta":"","header-below-stick-meta":"","astra-migrate-meta-layouts":"set","ast-page-background-enabled":"default","ast-page-background-meta":{"desktop":{"background-color":"var(--ast-global-color-4)","background-image":"","background-repeat":"repeat","background-position":"center center","background-size":"auto","background-attachment":"scroll","background-type":"","background-media":"","overlay-type":"","overlay-color":"","overlay-opacity":"","overlay-gradient":""},"tablet":{"background-color":"","background-image":"","background-repeat":"repeat","background-position":"center center","background-size":"auto","background-attachment":"scroll","background-type":"","background-media":"","overlay-type":"","overlay-color":"","overlay-opacity":"","overlay-gradient":""},"mobile":{"background-color":"","background-image":"","background-repeat":"repeat","background-position":"center center","background-size":"auto","background-attachment":"scroll","background-type":"","background-media":"","overlay-type":"","overlay-color":"","overlay-opacity":"","overlay-gradient":""}},"ast-content-background-meta":{"desktop":{"background-color":"var(--ast-global-color-5)","background-image":"","background-repeat":"repeat","background-position":"center center","background-size":"auto","background-attachment":"scroll","background-type":"","background-media":"","overlay-type":"","overlay-color":"","overlay-opacity":"","overlay-gradient":""},"tablet":{"background-color":"var(--ast-global-color-5)","background-image":"","background-repeat":"repeat","background-position":"center center","background-size":"auto","background-attachment":"scroll","background-type":"","background-media":"","overlay-type":"","overlay-color":"","overlay-opacity":"","overlay-gradient":""},"mobile":{"background-color":"var(--ast-global-color-5)","background-image":"","background-repeat":"repeat","background-position":"center center","background-size":"auto","background-attachment":"scroll","background-type":"","background-media":"","overlay-type":"","overlay-color":"","overlay-opacity":"","overlay-gradient":""}}},"product_brand":[],"product_cat":[319,512],"product_tag":[],"berocket_brand":[575],"class_list":{"0":"post-24464","1":"product","2":"type-product","3":"status-publish","4":"has-post-thumbnail","6":"product_cat-dekorativa-kosmetika","7":"product_cat-spf","8":"berocket_brand-anua","9":"desktop-align-left","10":"tablet-align-left","11":"mobile-align-left","13":"first","14":"outofstock","15":"sale","16":"taxable","17":"shipping-taxable","18":"purchasable","19":"product-type-simple","20":"add-to-wishlist-before_image"},"yoast_head":"<!-- This site is optimized with the Yoast SEO plugin v27.4 - https:\/\/yoast.com\/product\/yoast-seo-wordpress\/ -->\n<title>Anua Peach Niacin UV Tone Up Protection 50ml - FACECORNER<\/title>\n<meta name=\"description\" content=\"Anua Peach Niacin UV Tone Up Protection\u00a0 tas ir toniz\u0113jo\u0161s saules aizsargkr\u0113ms ar pla\u0161a spektra SPF50+ PA++++ aizsardz\u012bbu.\" \/>\n<meta name=\"robots\" content=\"index, follow, max-snippet:-1, max-image-preview:large, max-video-preview:-1\" \/>\n<link rel=\"canonical\" href=\"https:\/\/www.facecorner.lv\/en\/shop\/anua-peach-niacin-uv-tone-up-protection-50ml\/\" \/>\n<meta property=\"og:locale\" content=\"en_US\" \/>\n<meta property=\"og:type\" content=\"article\" \/>\n<meta property=\"og:title\" content=\"Anua Peach Niacin UV Tone Up Protection 50ml - FACECORNER\" \/>\n<meta property=\"og:description\" content=\"Anua Peach Niacin UV Tone Up Protection\u00a0 tas ir toniz\u0113jo\u0161s saules aizsargkr\u0113ms ar pla\u0161a spektra SPF50+ PA++++ aizsardz\u012bbu.\" \/>\n<meta property=\"og:url\" content=\"https:\/\/www.facecorner.lv\/en\/shop\/anua-peach-niacin-uv-tone-up-protection-50ml\/\" \/>\n<meta property=\"og:site_name\" content=\"FACECORNER\" \/>\n<meta property=\"article:publisher\" content=\"https:\/\/www.facebook.com\/profile.php?id=100063824551839\" \/>\n<meta property=\"article:modified_time\" content=\"2025-07-30T18:29:40+00:00\" \/>\n<meta property=\"og:image\" content=\"https:\/\/www.facecorner.lv\/wp-content\/uploads\/2025\/06\/XXL_p0214724789.webp\" \/>\n\t<meta property=\"og:image:width\" content=\"640\" \/>\n\t<meta property=\"og:image:height\" content=\"640\" \/>\n\t<meta property=\"og:image:type\" content=\"image\/webp\" \/>\n<meta name=\"twitter:card\" content=\"summary_large_image\" \/>\n<meta name=\"twitter:label1\" content=\"Price\" \/>\n\t<meta name=\"twitter:data1\" content=\"&euro;22.50\" \/>\n\t<meta name=\"twitter:label2\" content=\"Availability\" \/>\n\t<meta name=\"twitter:data2\" content=\"Out of stock\" \/>\n<script type=\"application\/ld+json\" class=\"yoast-schema-graph\">{\"@context\":\"https:\\\/\\\/schema.org\",\"@graph\":[{\"@type\":\"WebPage\",\"@id\":\"https:\\\/\\\/www.facecorner.lv\\\/shop\\\/anua-peach-niacin-uv-tone-up-protection-50ml\\\/\",\"url\":\"https:\\\/\\\/www.facecorner.lv\\\/shop\\\/anua-peach-niacin-uv-tone-up-protection-50ml\\\/\",\"name\":\"Anua Peach Niacin UV Tone Up Protection 50ml - FACECORNER\",\"isPartOf\":{\"@id\":\"https:\\\/\\\/www.facecorner.lv\\\/#website\"},\"primaryImageOfPage\":{\"@id\":\"https:\\\/\\\/www.facecorner.lv\\\/shop\\\/anua-peach-niacin-uv-tone-up-protection-50ml\\\/#primaryimage\"},\"image\":{\"@id\":\"https:\\\/\\\/www.facecorner.lv\\\/shop\\\/anua-peach-niacin-uv-tone-up-protection-50ml\\\/#primaryimage\"},\"thumbnailUrl\":\"https:\\\/\\\/www.facecorner.lv\\\/wp-content\\\/uploads\\\/2025\\\/06\\\/XXL_p0214724789.webp\",\"datePublished\":\"2025-06-09T19:02:49+00:00\",\"dateModified\":\"2025-07-30T18:29:40+00:00\",\"description\":\"Anua Peach Niacin UV Tone Up Protection\u00a0 tas ir toniz\u0113jo\u0161s saules aizsargkr\u0113ms ar pla\u0161a spektra SPF50+ PA++++ aizsardz\u012bbu.\",\"breadcrumb\":{\"@id\":\"https:\\\/\\\/www.facecorner.lv\\\/shop\\\/anua-peach-niacin-uv-tone-up-protection-50ml\\\/#breadcrumb\"},\"inLanguage\":\"en-US\",\"potentialAction\":[{\"@type\":\"ReadAction\",\"target\":[\"https:\\\/\\\/www.facecorner.lv\\\/shop\\\/anua-peach-niacin-uv-tone-up-protection-50ml\\\/\"]}]},{\"@type\":\"ImageObject\",\"inLanguage\":\"en-US\",\"@id\":\"https:\\\/\\\/www.facecorner.lv\\\/shop\\\/anua-peach-niacin-uv-tone-up-protection-50ml\\\/#primaryimage\",\"url\":\"https:\\\/\\\/www.facecorner.lv\\\/wp-content\\\/uploads\\\/2025\\\/06\\\/XXL_p0214724789.webp\",\"contentUrl\":\"https:\\\/\\\/www.facecorner.lv\\\/wp-content\\\/uploads\\\/2025\\\/06\\\/XXL_p0214724789.webp\",\"width\":640,\"height\":640,\"caption\":\"Anua Peach Niacin UV Tone Up Protection\"},{\"@type\":\"BreadcrumbList\",\"@id\":\"https:\\\/\\\/www.facecorner.lv\\\/shop\\\/anua-peach-niacin-uv-tone-up-protection-50ml\\\/#breadcrumb\",\"itemListElement\":[{\"@type\":\"ListItem\",\"position\":1,\"name\":\"Home\",\"item\":\"https:\\\/\\\/www.facecorner.lv\\\/\"},{\"@type\":\"ListItem\",\"position\":2,\"name\":\"Veikals\",\"item\":\"https:\\\/\\\/www.facecorner.lv\\\/shop\\\/\"},{\"@type\":\"ListItem\",\"position\":3,\"name\":\"Anua Peach Niacin UV Tone Up Protection 50ml\"}]},{\"@type\":\"WebSite\",\"@id\":\"https:\\\/\\\/www.facecorner.lv\\\/#website\",\"url\":\"https:\\\/\\\/www.facecorner.lv\\\/\",\"name\":\"Facecorner\",\"description\":\"\",\"publisher\":{\"@id\":\"https:\\\/\\\/www.facecorner.lv\\\/#organization\"},\"potentialAction\":[{\"@type\":\"SearchAction\",\"target\":{\"@type\":\"EntryPoint\",\"urlTemplate\":\"https:\\\/\\\/www.facecorner.lv\\\/?s={search_term_string}\"},\"query-input\":{\"@type\":\"PropertyValueSpecification\",\"valueRequired\":true,\"valueName\":\"search_term_string\"}}],\"inLanguage\":\"en-US\"},{\"@type\":\"Organization\",\"@id\":\"https:\\\/\\\/www.facecorner.lv\\\/#organization\",\"name\":\"Facecorner\",\"url\":\"https:\\\/\\\/www.facecorner.lv\\\/\",\"logo\":{\"@type\":\"ImageObject\",\"inLanguage\":\"en-US\",\"@id\":\"https:\\\/\\\/www.facecorner.lv\\\/#\\\/schema\\\/logo\\\/image\\\/\",\"url\":\"https:\\\/\\\/www.facecorner.lv\\\/wp-content\\\/uploads\\\/2024\\\/04\\\/fc-logo.jpg\",\"contentUrl\":\"https:\\\/\\\/www.facecorner.lv\\\/wp-content\\\/uploads\\\/2024\\\/04\\\/fc-logo.jpg\",\"width\":174,\"height\":28,\"caption\":\"Facecorner\"},\"image\":{\"@id\":\"https:\\\/\\\/www.facecorner.lv\\\/#\\\/schema\\\/logo\\\/image\\\/\"},\"sameAs\":[\"https:\\\/\\\/www.facebook.com\\\/profile.php?id=100063824551839\",\"https:\\\/\\\/www.instagram.com\\\/facecorner_shop\\\/\"]}]}<\/script>\n<meta property=\"product:price:amount\" content=\"22.50\" \/>\n<meta property=\"product:price:currency\" content=\"EUR\" \/>\n<meta property=\"og:availability\" content=\"out of stock\" \/>\n<meta property=\"product:availability\" content=\"out of stock\" \/>\n<meta property=\"product:condition\" content=\"new\" \/>\n<!-- \/ Yoast SEO plugin. -->","yoast_head_json":{"title":"Anua Peach Niacin UV Tone Up Protection 50ml - FACECORNER","description":"Anua Peach Niacin UV Tone Up Protection\u00a0 tas ir toniz\u0113jo\u0161s saules aizsargkr\u0113ms ar pla\u0161a spektra SPF50+ PA++++ aizsardz\u012bbu.","robots":{"index":"index","follow":"follow","max-snippet":"max-snippet:-1","max-image-preview":"max-image-preview:large","max-video-preview":"max-video-preview:-1"},"canonical":"https:\/\/www.facecorner.lv\/en\/shop\/anua-peach-niacin-uv-tone-up-protection-50ml\/","og_locale":"en_US","og_type":"article","og_title":"Anua Peach Niacin UV Tone Up Protection 50ml - FACECORNER","og_description":"Anua Peach Niacin UV Tone Up Protection\u00a0 tas ir toniz\u0113jo\u0161s saules aizsargkr\u0113ms ar pla\u0161a spektra SPF50+ PA++++ aizsardz\u012bbu.","og_url":"https:\/\/www.facecorner.lv\/en\/shop\/anua-peach-niacin-uv-tone-up-protection-50ml\/","og_site_name":"FACECORNER","article_publisher":"https:\/\/www.facebook.com\/profile.php?id=100063824551839","article_modified_time":"2025-07-30T18:29:40+00:00","og_image":[{"width":640,"height":640,"url":"https:\/\/www.facecorner.lv\/wp-content\/uploads\/2025\/06\/XXL_p0214724789.webp","type":"image\/webp"}],"twitter_card":"summary_large_image","twitter_misc":{"Price":"&euro;22.50","Availability":"Out of stock"},"schema":{"@context":"https:\/\/schema.org","@graph":[{"@type":"WebPage","@id":"https:\/\/www.facecorner.lv\/shop\/anua-peach-niacin-uv-tone-up-protection-50ml\/","url":"https:\/\/www.facecorner.lv\/shop\/anua-peach-niacin-uv-tone-up-protection-50ml\/","name":"Anua Peach Niacin UV Tone Up Protection 50ml - FACECORNER","isPartOf":{"@id":"https:\/\/www.facecorner.lv\/#website"},"primaryImageOfPage":{"@id":"https:\/\/www.facecorner.lv\/shop\/anua-peach-niacin-uv-tone-up-protection-50ml\/#primaryimage"},"image":{"@id":"https:\/\/www.facecorner.lv\/shop\/anua-peach-niacin-uv-tone-up-protection-50ml\/#primaryimage"},"thumbnailUrl":"https:\/\/www.facecorner.lv\/wp-content\/uploads\/2025\/06\/XXL_p0214724789.webp","datePublished":"2025-06-09T19:02:49+00:00","dateModified":"2025-07-30T18:29:40+00:00","description":"Anua Peach Niacin UV Tone Up Protection\u00a0 tas ir toniz\u0113jo\u0161s saules aizsargkr\u0113ms ar pla\u0161a spektra SPF50+ PA++++ aizsardz\u012bbu.","breadcrumb":{"@id":"https:\/\/www.facecorner.lv\/shop\/anua-peach-niacin-uv-tone-up-protection-50ml\/#breadcrumb"},"inLanguage":"en-US","potentialAction":[{"@type":"ReadAction","target":["https:\/\/www.facecorner.lv\/shop\/anua-peach-niacin-uv-tone-up-protection-50ml\/"]}]},{"@type":"ImageObject","inLanguage":"en-US","@id":"https:\/\/www.facecorner.lv\/shop\/anua-peach-niacin-uv-tone-up-protection-50ml\/#primaryimage","url":"https:\/\/www.facecorner.lv\/wp-content\/uploads\/2025\/06\/XXL_p0214724789.webp","contentUrl":"https:\/\/www.facecorner.lv\/wp-content\/uploads\/2025\/06\/XXL_p0214724789.webp","width":640,"height":640,"caption":"Anua Peach Niacin UV Tone Up Protection"},{"@type":"BreadcrumbList","@id":"https:\/\/www.facecorner.lv\/shop\/anua-peach-niacin-uv-tone-up-protection-50ml\/#breadcrumb","itemListElement":[{"@type":"ListItem","position":1,"name":"Home","item":"https:\/\/www.facecorner.lv\/"},{"@type":"ListItem","position":2,"name":"Veikals","item":"https:\/\/www.facecorner.lv\/shop\/"},{"@type":"ListItem","position":3,"name":"Anua Peach Niacin UV Tone Up Protection 50ml"}]},{"@type":"WebSite","@id":"https:\/\/www.facecorner.lv\/#website","url":"https:\/\/www.facecorner.lv\/","name":"Facecorner","description":"","publisher":{"@id":"https:\/\/www.facecorner.lv\/#organization"},"potentialAction":[{"@type":"SearchAction","target":{"@type":"EntryPoint","urlTemplate":"https:\/\/www.facecorner.lv\/?s={search_term_string}"},"query-input":{"@type":"PropertyValueSpecification","valueRequired":true,"valueName":"search_term_string"}}],"inLanguage":"en-US"},{"@type":"Organization","@id":"https:\/\/www.facecorner.lv\/#organization","name":"Facecorner","url":"https:\/\/www.facecorner.lv\/","logo":{"@type":"ImageObject","inLanguage":"en-US","@id":"https:\/\/www.facecorner.lv\/#\/schema\/logo\/image\/","url":"https:\/\/www.facecorner.lv\/wp-content\/uploads\/2024\/04\/fc-logo.jpg","contentUrl":"https:\/\/www.facecorner.lv\/wp-content\/uploads\/2024\/04\/fc-logo.jpg","width":174,"height":28,"caption":"Facecorner"},"image":{"@id":"https:\/\/www.facecorner.lv\/#\/schema\/logo\/image\/"},"sameAs":["https:\/\/www.facebook.com\/profile.php?id=100063824551839","https:\/\/www.instagram.com\/facecorner_shop\/"]}]},"product_price_amount":"22.50","product_price_currency":"EUR","og_availability":"out of stock","product_availability":"out of stock","product_condition":"new"},"_links":{"self":[{"href":"https:\/\/www.facecorner.lv\/en\/wp-json\/wp\/v2\/product\/24464","targetHints":{"allow":["GET"]}}],"collection":[{"href":"https:\/\/www.facecorner.lv\/en\/wp-json\/wp\/v2\/product"}],"about":[{"href":"https:\/\/www.facecorner.lv\/en\/wp-json\/wp\/v2\/types\/product"}],"replies":[{"embeddable":true,"href":"https:\/\/www.facecorner.lv\/en\/wp-json\/wp\/v2\/comments?post=24464"}],"wp:featuredmedia":[{"embeddable":true,"href":"https:\/\/www.facecorner.lv\/en\/wp-json\/wp\/v2\/media\/24465"}],"wp:attachment":[{"href":"https:\/\/www.facecorner.lv\/en\/wp-json\/wp\/v2\/media?parent=24464"}],"wp:term":[{"taxonomy":"product_brand","embeddable":true,"href":"https:\/\/www.facecorner.lv\/en\/wp-json\/wp\/v2\/product_brand?post=24464"},{"taxonomy":"product_cat","embeddable":true,"href":"https:\/\/www.facecorner.lv\/en\/wp-json\/wp\/v2\/product_cat?post=24464"},{"taxonomy":"product_tag","embeddable":true,"href":"https:\/\/www.facecorner.lv\/en\/wp-json\/wp\/v2\/product_tag?post=24464"},{"taxonomy":"berocket_brand","embeddable":true,"href":"https:\/\/www.facecorner.lv\/en\/wp-json\/wp\/v2\/berocket_brand?post=24464"}],"curies":[{"name":"wp","href":"https:\/\/api.w.org\/{rel}","templated":true}]}}