{"id":24423,"date":"2025-05-31T16:07:36","date_gmt":"2025-05-31T13:07:36","guid":{"rendered":"https:\/\/www.facecorner.lv\/?post_type=product&#038;p=24423"},"modified":"2026-02-27T14:35:57","modified_gmt":"2026-02-27T11:35:57","slug":"dr-althea-green-tea-fresh-sunscreen-45ml","status":"publish","type":"product","link":"https:\/\/www.facecorner.lv\/en\/shop\/dr-althea-green-tea-fresh-sunscreen-45ml\/","title":{"rendered":"Dr. Althea  Green Tea Fresh Sunscreen 45ml"},"content":{"rendered":"<p>Dr. Althea Green Tea Fresh Sunscreen aizsarg\u0101jiet \u0101du pret kait\u012bgajiem UV stariem ar \u0161o vieglo \u0137\u012bmisko saules aizsargl\u012bdzekli, kas apr\u012bkots ar pla\u0161a spektra aizsardz\u012bbu SPF50+ PA++++.<\/p>\n<p>T\u0101 sast\u0101v\u0101 ir za\u013c\u0101s t\u0113jas lapu \u016bdens un septi\u0146u veidu centellas ekstrakts, kas mazina aps\u0101rtumu un atsvaidzina \u0101du. N\u0101trija DNS mais\u012bjum\u0101 pastiprina \u0101das aizsargbarjeras atjauno\u0161anos. Piem\u0113rots visiem \u0101das tipiem, tostarp jut\u012bgai un taukainai \u0101dai.<\/p>\n<ul>\n<li>Sast\u0101v\u0101 ir Camellia Sinensis Leaf Water, 7 veidu Centella Asiatica ekstrakts un Houttuynia Cordata ekstrakts, kas pal\u012bdz nomierin\u0101t kairin\u0101tu \u0101du un izbalin\u0101t plankumus.<\/li>\n<li>Satur n\u0101trija DNS, kas pal\u012bdz uzlabot \u0101das dabisko dziedin\u0101\u0161anas procesu, lai sejas kr\u0101sa b\u016btu vesel\u012bg\u0101ka.<\/li>\n<li>Viegla kr\u0113ma tekst\u016bra \u013cauj viegli sapl\u016bst un ies\u016bkties \u0101d\u0101 bez lip\u012bguma.<\/li>\n<li>Dermatologu p\u0101rbaud\u012bta un veg\u0101nu sertific\u0113ta formula ir piem\u0113rota visiem \u0101das tipiem, \u012bpa\u0161i sausai un jut\u012bgai \u0101dai.<\/li>\n<\/ul>\n<p><strong>How to use:<\/strong>: Uz\u0146emiet m\u0113renu daudzumu un vienm\u0113r\u012bgi uzkl\u0101jiet uz sejas vai viet\u0101m, kas ir viegli pak\u013cautas saules gaismas iedarb\u012bbai.<\/p>\n<p><strong>Sast\u0101vs:\u00a0<\/strong>Water, Propanediol, Camellia Sinensis Leaf Water, Dibutyl Adipate, Ethylhexyl Triazone, Polymethylsilsesquioxane, Diisopropyl Sebacate, Butyloctyl Salicylate, Diethylamino Hydroxybenzoyl Hexyl Benzoate, Niacinamide, Drometrizole Trisiloxane, Methylene Bis-Benzotriazolyl Tetramethylbutylphenol, Caprylyl Methicone, Butylene Glycol, 1,2-Hexanediol, Pentylene Glycol, Behenyl Alcohol, Polyglyceryl-3 Methylglucose Distearate, Polyglyceryl-6 Distearate, Decyl Glucoside, Tromethamine, Candelilla\/Jojoba\/Rice Bran Polyglyceryl-3 Esters, Carbomer, Acrylates\/C10-30 Alkyl Acrylate Crosspolymer, Sodium Stearoyl Glutamate, Polyacrylate Crosspolymer-6, Ethylhexylglycerin, Adenosine, Glycerin, Xanthan Gum, Tocopherol, Centella Asiatica Extract, Centella Asiatica Leaf Extract, Saccharomyces Ferment, Centella Asiatica Root Extract, Houttuynia Cordata Extract, Asiaticoside, Madecassoside, Sodium DNA, Madecassic Acid, Asiatic Acid<\/p>","protected":false},"excerpt":{"rendered":"<p>Dr. Althea Green Tea Fresh Sunscreen aizsarg\u0101jiet \u0101du pret kait\u012bgajiem UV stariem ar \u0161o vieglo \u0137\u012bmisko saules aizsargl\u012bdzekli, kas apr\u012bkots ar pla\u0161a spektra aizsardz\u012bbu SPF50+ PA++++.<\/p>","protected":false},"featured_media":24424,"comment_status":"open","ping_status":"closed","template":"","meta":{"site-sidebar-layout":"default","site-content-layout":"","ast-site-content-layout":"default","site-content-style":"default","site-sidebar-style":"default","ast-global-header-display":"","ast-banner-title-visibility":"","ast-main-header-display":"","ast-hfb-above-header-display":"","ast-hfb-below-header-display":"","ast-hfb-mobile-header-display":"","site-post-title":"","ast-breadcrumbs-content":"","ast-featured-img":"","footer-sml-layout":"","theme-transparent-header-meta":"default","adv-header-id-meta":"","stick-header-meta":"","header-above-stick-meta":"","header-main-stick-meta":"","header-below-stick-meta":"","astra-migrate-meta-layouts":"set","ast-page-background-enabled":"default","ast-page-background-meta":{"desktop":{"background-color":"var(--ast-global-color-4)","background-image":"","background-repeat":"repeat","background-position":"center center","background-size":"auto","background-attachment":"scroll","background-type":"","background-media":"","overlay-type":"","overlay-color":"","overlay-opacity":"","overlay-gradient":""},"tablet":{"background-color":"","background-image":"","background-repeat":"repeat","background-position":"center center","background-size":"auto","background-attachment":"scroll","background-type":"","background-media":"","overlay-type":"","overlay-color":"","overlay-opacity":"","overlay-gradient":""},"mobile":{"background-color":"","background-image":"","background-repeat":"repeat","background-position":"center center","background-size":"auto","background-attachment":"scroll","background-type":"","background-media":"","overlay-type":"","overlay-color":"","overlay-opacity":"","overlay-gradient":""}},"ast-content-background-meta":{"desktop":{"background-color":"var(--ast-global-color-5)","background-image":"","background-repeat":"repeat","background-position":"center center","background-size":"auto","background-attachment":"scroll","background-type":"","background-media":"","overlay-type":"","overlay-color":"","overlay-opacity":"","overlay-gradient":""},"tablet":{"background-color":"var(--ast-global-color-5)","background-image":"","background-repeat":"repeat","background-position":"center center","background-size":"auto","background-attachment":"scroll","background-type":"","background-media":"","overlay-type":"","overlay-color":"","overlay-opacity":"","overlay-gradient":""},"mobile":{"background-color":"var(--ast-global-color-5)","background-image":"","background-repeat":"repeat","background-position":"center center","background-size":"auto","background-attachment":"scroll","background-type":"","background-media":"","overlay-type":"","overlay-color":"","overlay-opacity":"","overlay-gradient":""}}},"product_brand":[],"product_cat":[512],"product_tag":[],"berocket_brand":[597],"class_list":{"0":"post-24423","1":"product","2":"type-product","3":"status-publish","4":"has-post-thumbnail","6":"product_cat-spf","7":"berocket_brand-dr-althea","8":"desktop-align-left","9":"tablet-align-left","10":"mobile-align-left","12":"first","13":"outofstock","14":"taxable","15":"shipping-taxable","16":"purchasable","17":"product-type-simple","18":"add-to-wishlist-before_image"},"yoast_head":"<!-- This site is optimized with the Yoast SEO plugin v27.4 - https:\/\/yoast.com\/product\/yoast-seo-wordpress\/ -->\n<title>Dr. Althea Green Tea Fresh Sunscreen 45ml - FACECORNER<\/title>\n<meta name=\"description\" content=\"Dr. Althea Green Tea Fresh Sunscreen aizsarg\u0101jiet \u0101du pret kait\u012bgajiem UV stariem ar \u0161o vieglo \u0137\u012bmisko saules aizsargl\u012bdzekli, kas apr\u012bkots ar pla\u0161a spektra\" \/>\n<meta name=\"robots\" content=\"index, follow, max-snippet:-1, max-image-preview:large, max-video-preview:-1\" \/>\n<link rel=\"canonical\" href=\"https:\/\/www.facecorner.lv\/en\/shop\/dr-althea-green-tea-fresh-sunscreen-45ml\/\" \/>\n<meta property=\"og:locale\" content=\"en_US\" \/>\n<meta property=\"og:type\" content=\"article\" \/>\n<meta property=\"og:title\" content=\"Dr. Althea Green Tea Fresh Sunscreen 45ml - FACECORNER\" \/>\n<meta property=\"og:description\" content=\"Dr. Althea Green Tea Fresh Sunscreen aizsarg\u0101jiet \u0101du pret kait\u012bgajiem UV stariem ar \u0161o vieglo \u0137\u012bmisko saules aizsargl\u012bdzekli, kas apr\u012bkots ar pla\u0161a spektra\" \/>\n<meta property=\"og:url\" content=\"https:\/\/www.facecorner.lv\/en\/shop\/dr-althea-green-tea-fresh-sunscreen-45ml\/\" \/>\n<meta property=\"og:site_name\" content=\"FACECORNER\" \/>\n<meta property=\"article:publisher\" content=\"https:\/\/www.facebook.com\/profile.php?id=100063824551839\" \/>\n<meta property=\"article:modified_time\" content=\"2026-02-27T11:35:57+00:00\" \/>\n<meta property=\"og:image\" content=\"https:\/\/www.facecorner.lv\/wp-content\/uploads\/2025\/05\/Dr.AltheaGreenTeaFreshSunscreen.webp\" \/>\n\t<meta property=\"og:image:width\" content=\"1080\" \/>\n\t<meta property=\"og:image:height\" content=\"1080\" \/>\n\t<meta property=\"og:image:type\" content=\"image\/webp\" \/>\n<meta name=\"twitter:card\" content=\"summary_large_image\" \/>\n<meta name=\"twitter:label1\" content=\"Price\" \/>\n\t<meta name=\"twitter:data1\" content=\"&euro;17.50\" \/>\n\t<meta name=\"twitter:label2\" content=\"Availability\" \/>\n\t<meta name=\"twitter:data2\" content=\"Out of stock\" \/>\n<script type=\"application\/ld+json\" class=\"yoast-schema-graph\">{\"@context\":\"https:\\\/\\\/schema.org\",\"@graph\":[{\"@type\":\"WebPage\",\"@id\":\"https:\\\/\\\/www.facecorner.lv\\\/shop\\\/dr-althea-green-tea-fresh-sunscreen-45ml\\\/\",\"url\":\"https:\\\/\\\/www.facecorner.lv\\\/shop\\\/dr-althea-green-tea-fresh-sunscreen-45ml\\\/\",\"name\":\"Dr. Althea Green Tea Fresh Sunscreen 45ml - FACECORNER\",\"isPartOf\":{\"@id\":\"https:\\\/\\\/www.facecorner.lv\\\/#website\"},\"primaryImageOfPage\":{\"@id\":\"https:\\\/\\\/www.facecorner.lv\\\/shop\\\/dr-althea-green-tea-fresh-sunscreen-45ml\\\/#primaryimage\"},\"image\":{\"@id\":\"https:\\\/\\\/www.facecorner.lv\\\/shop\\\/dr-althea-green-tea-fresh-sunscreen-45ml\\\/#primaryimage\"},\"thumbnailUrl\":\"https:\\\/\\\/www.facecorner.lv\\\/wp-content\\\/uploads\\\/2025\\\/05\\\/Dr.AltheaGreenTeaFreshSunscreen.webp\",\"datePublished\":\"2025-05-31T13:07:36+00:00\",\"dateModified\":\"2026-02-27T11:35:57+00:00\",\"description\":\"Dr. Althea Green Tea Fresh Sunscreen aizsarg\u0101jiet \u0101du pret kait\u012bgajiem UV stariem ar \u0161o vieglo \u0137\u012bmisko saules aizsargl\u012bdzekli, kas apr\u012bkots ar pla\u0161a spektra\",\"breadcrumb\":{\"@id\":\"https:\\\/\\\/www.facecorner.lv\\\/shop\\\/dr-althea-green-tea-fresh-sunscreen-45ml\\\/#breadcrumb\"},\"inLanguage\":\"en-US\",\"potentialAction\":[{\"@type\":\"ReadAction\",\"target\":[\"https:\\\/\\\/www.facecorner.lv\\\/shop\\\/dr-althea-green-tea-fresh-sunscreen-45ml\\\/\"]}]},{\"@type\":\"ImageObject\",\"inLanguage\":\"en-US\",\"@id\":\"https:\\\/\\\/www.facecorner.lv\\\/shop\\\/dr-althea-green-tea-fresh-sunscreen-45ml\\\/#primaryimage\",\"url\":\"https:\\\/\\\/www.facecorner.lv\\\/wp-content\\\/uploads\\\/2025\\\/05\\\/Dr.AltheaGreenTeaFreshSunscreen.webp\",\"contentUrl\":\"https:\\\/\\\/www.facecorner.lv\\\/wp-content\\\/uploads\\\/2025\\\/05\\\/Dr.AltheaGreenTeaFreshSunscreen.webp\",\"width\":1080,\"height\":1080,\"caption\":\"Dr. Althea - Green Tea Fresh Sunscreen\"},{\"@type\":\"BreadcrumbList\",\"@id\":\"https:\\\/\\\/www.facecorner.lv\\\/shop\\\/dr-althea-green-tea-fresh-sunscreen-45ml\\\/#breadcrumb\",\"itemListElement\":[{\"@type\":\"ListItem\",\"position\":1,\"name\":\"Home\",\"item\":\"https:\\\/\\\/www.facecorner.lv\\\/\"},{\"@type\":\"ListItem\",\"position\":2,\"name\":\"Veikals\",\"item\":\"https:\\\/\\\/www.facecorner.lv\\\/shop\\\/\"},{\"@type\":\"ListItem\",\"position\":3,\"name\":\"Dr. Althea Green Tea Fresh Sunscreen 45ml\"}]},{\"@type\":\"WebSite\",\"@id\":\"https:\\\/\\\/www.facecorner.lv\\\/#website\",\"url\":\"https:\\\/\\\/www.facecorner.lv\\\/\",\"name\":\"Facecorner\",\"description\":\"\",\"publisher\":{\"@id\":\"https:\\\/\\\/www.facecorner.lv\\\/#organization\"},\"potentialAction\":[{\"@type\":\"SearchAction\",\"target\":{\"@type\":\"EntryPoint\",\"urlTemplate\":\"https:\\\/\\\/www.facecorner.lv\\\/?s={search_term_string}\"},\"query-input\":{\"@type\":\"PropertyValueSpecification\",\"valueRequired\":true,\"valueName\":\"search_term_string\"}}],\"inLanguage\":\"en-US\"},{\"@type\":\"Organization\",\"@id\":\"https:\\\/\\\/www.facecorner.lv\\\/#organization\",\"name\":\"Facecorner\",\"url\":\"https:\\\/\\\/www.facecorner.lv\\\/\",\"logo\":{\"@type\":\"ImageObject\",\"inLanguage\":\"en-US\",\"@id\":\"https:\\\/\\\/www.facecorner.lv\\\/#\\\/schema\\\/logo\\\/image\\\/\",\"url\":\"https:\\\/\\\/www.facecorner.lv\\\/wp-content\\\/uploads\\\/2024\\\/04\\\/fc-logo.jpg\",\"contentUrl\":\"https:\\\/\\\/www.facecorner.lv\\\/wp-content\\\/uploads\\\/2024\\\/04\\\/fc-logo.jpg\",\"width\":174,\"height\":28,\"caption\":\"Facecorner\"},\"image\":{\"@id\":\"https:\\\/\\\/www.facecorner.lv\\\/#\\\/schema\\\/logo\\\/image\\\/\"},\"sameAs\":[\"https:\\\/\\\/www.facebook.com\\\/profile.php?id=100063824551839\",\"https:\\\/\\\/www.instagram.com\\\/facecorner_shop\\\/\"]}]}<\/script>\n<meta property=\"product:price:amount\" content=\"17.50\" \/>\n<meta property=\"product:price:currency\" content=\"EUR\" \/>\n<meta property=\"og:availability\" content=\"out of stock\" \/>\n<meta property=\"product:availability\" content=\"out of stock\" \/>\n<meta property=\"product:condition\" content=\"new\" \/>\n<!-- \/ Yoast SEO plugin. -->","yoast_head_json":{"title":"Dr. Althea Green Tea Fresh Sunscreen 45ml - FACECORNER","description":"Dr. Althea Green Tea Fresh Sunscreen aizsarg\u0101jiet \u0101du pret kait\u012bgajiem UV stariem ar \u0161o vieglo \u0137\u012bmisko saules aizsargl\u012bdzekli, kas apr\u012bkots ar pla\u0161a spektra","robots":{"index":"index","follow":"follow","max-snippet":"max-snippet:-1","max-image-preview":"max-image-preview:large","max-video-preview":"max-video-preview:-1"},"canonical":"https:\/\/www.facecorner.lv\/en\/shop\/dr-althea-green-tea-fresh-sunscreen-45ml\/","og_locale":"en_US","og_type":"article","og_title":"Dr. Althea Green Tea Fresh Sunscreen 45ml - FACECORNER","og_description":"Dr. Althea Green Tea Fresh Sunscreen aizsarg\u0101jiet \u0101du pret kait\u012bgajiem UV stariem ar \u0161o vieglo \u0137\u012bmisko saules aizsargl\u012bdzekli, kas apr\u012bkots ar pla\u0161a spektra","og_url":"https:\/\/www.facecorner.lv\/en\/shop\/dr-althea-green-tea-fresh-sunscreen-45ml\/","og_site_name":"FACECORNER","article_publisher":"https:\/\/www.facebook.com\/profile.php?id=100063824551839","article_modified_time":"2026-02-27T11:35:57+00:00","og_image":[{"width":1080,"height":1080,"url":"https:\/\/www.facecorner.lv\/wp-content\/uploads\/2025\/05\/Dr.AltheaGreenTeaFreshSunscreen.webp","type":"image\/webp"}],"twitter_card":"summary_large_image","twitter_misc":{"Price":"&euro;17.50","Availability":"Out of stock"},"schema":{"@context":"https:\/\/schema.org","@graph":[{"@type":"WebPage","@id":"https:\/\/www.facecorner.lv\/shop\/dr-althea-green-tea-fresh-sunscreen-45ml\/","url":"https:\/\/www.facecorner.lv\/shop\/dr-althea-green-tea-fresh-sunscreen-45ml\/","name":"Dr. Althea Green Tea Fresh Sunscreen 45ml - FACECORNER","isPartOf":{"@id":"https:\/\/www.facecorner.lv\/#website"},"primaryImageOfPage":{"@id":"https:\/\/www.facecorner.lv\/shop\/dr-althea-green-tea-fresh-sunscreen-45ml\/#primaryimage"},"image":{"@id":"https:\/\/www.facecorner.lv\/shop\/dr-althea-green-tea-fresh-sunscreen-45ml\/#primaryimage"},"thumbnailUrl":"https:\/\/www.facecorner.lv\/wp-content\/uploads\/2025\/05\/Dr.AltheaGreenTeaFreshSunscreen.webp","datePublished":"2025-05-31T13:07:36+00:00","dateModified":"2026-02-27T11:35:57+00:00","description":"Dr. Althea Green Tea Fresh Sunscreen aizsarg\u0101jiet \u0101du pret kait\u012bgajiem UV stariem ar \u0161o vieglo \u0137\u012bmisko saules aizsargl\u012bdzekli, kas apr\u012bkots ar pla\u0161a spektra","breadcrumb":{"@id":"https:\/\/www.facecorner.lv\/shop\/dr-althea-green-tea-fresh-sunscreen-45ml\/#breadcrumb"},"inLanguage":"en-US","potentialAction":[{"@type":"ReadAction","target":["https:\/\/www.facecorner.lv\/shop\/dr-althea-green-tea-fresh-sunscreen-45ml\/"]}]},{"@type":"ImageObject","inLanguage":"en-US","@id":"https:\/\/www.facecorner.lv\/shop\/dr-althea-green-tea-fresh-sunscreen-45ml\/#primaryimage","url":"https:\/\/www.facecorner.lv\/wp-content\/uploads\/2025\/05\/Dr.AltheaGreenTeaFreshSunscreen.webp","contentUrl":"https:\/\/www.facecorner.lv\/wp-content\/uploads\/2025\/05\/Dr.AltheaGreenTeaFreshSunscreen.webp","width":1080,"height":1080,"caption":"Dr. Althea - Green Tea Fresh Sunscreen"},{"@type":"BreadcrumbList","@id":"https:\/\/www.facecorner.lv\/shop\/dr-althea-green-tea-fresh-sunscreen-45ml\/#breadcrumb","itemListElement":[{"@type":"ListItem","position":1,"name":"Home","item":"https:\/\/www.facecorner.lv\/"},{"@type":"ListItem","position":2,"name":"Veikals","item":"https:\/\/www.facecorner.lv\/shop\/"},{"@type":"ListItem","position":3,"name":"Dr. Althea Green Tea Fresh Sunscreen 45ml"}]},{"@type":"WebSite","@id":"https:\/\/www.facecorner.lv\/#website","url":"https:\/\/www.facecorner.lv\/","name":"Facecorner","description":"","publisher":{"@id":"https:\/\/www.facecorner.lv\/#organization"},"potentialAction":[{"@type":"SearchAction","target":{"@type":"EntryPoint","urlTemplate":"https:\/\/www.facecorner.lv\/?s={search_term_string}"},"query-input":{"@type":"PropertyValueSpecification","valueRequired":true,"valueName":"search_term_string"}}],"inLanguage":"en-US"},{"@type":"Organization","@id":"https:\/\/www.facecorner.lv\/#organization","name":"Facecorner","url":"https:\/\/www.facecorner.lv\/","logo":{"@type":"ImageObject","inLanguage":"en-US","@id":"https:\/\/www.facecorner.lv\/#\/schema\/logo\/image\/","url":"https:\/\/www.facecorner.lv\/wp-content\/uploads\/2024\/04\/fc-logo.jpg","contentUrl":"https:\/\/www.facecorner.lv\/wp-content\/uploads\/2024\/04\/fc-logo.jpg","width":174,"height":28,"caption":"Facecorner"},"image":{"@id":"https:\/\/www.facecorner.lv\/#\/schema\/logo\/image\/"},"sameAs":["https:\/\/www.facebook.com\/profile.php?id=100063824551839","https:\/\/www.instagram.com\/facecorner_shop\/"]}]},"product_price_amount":"17.50","product_price_currency":"EUR","og_availability":"out of stock","product_availability":"out of stock","product_condition":"new"},"_links":{"self":[{"href":"https:\/\/www.facecorner.lv\/en\/wp-json\/wp\/v2\/product\/24423","targetHints":{"allow":["GET"]}}],"collection":[{"href":"https:\/\/www.facecorner.lv\/en\/wp-json\/wp\/v2\/product"}],"about":[{"href":"https:\/\/www.facecorner.lv\/en\/wp-json\/wp\/v2\/types\/product"}],"replies":[{"embeddable":true,"href":"https:\/\/www.facecorner.lv\/en\/wp-json\/wp\/v2\/comments?post=24423"}],"wp:featuredmedia":[{"embeddable":true,"href":"https:\/\/www.facecorner.lv\/en\/wp-json\/wp\/v2\/media\/24424"}],"wp:attachment":[{"href":"https:\/\/www.facecorner.lv\/en\/wp-json\/wp\/v2\/media?parent=24423"}],"wp:term":[{"taxonomy":"product_brand","embeddable":true,"href":"https:\/\/www.facecorner.lv\/en\/wp-json\/wp\/v2\/product_brand?post=24423"},{"taxonomy":"product_cat","embeddable":true,"href":"https:\/\/www.facecorner.lv\/en\/wp-json\/wp\/v2\/product_cat?post=24423"},{"taxonomy":"product_tag","embeddable":true,"href":"https:\/\/www.facecorner.lv\/en\/wp-json\/wp\/v2\/product_tag?post=24423"},{"taxonomy":"berocket_brand","embeddable":true,"href":"https:\/\/www.facecorner.lv\/en\/wp-json\/wp\/v2\/berocket_brand?post=24423"}],"curies":[{"name":"wp","href":"https:\/\/api.w.org\/{rel}","templated":true}]}}