{"id":24419,"date":"2025-05-31T15:46:35","date_gmt":"2025-05-31T12:46:35","guid":{"rendered":"https:\/\/www.facecorner.lv\/?post_type=product&#038;p=24419"},"modified":"2025-06-13T12:54:00","modified_gmt":"2025-06-13T09:54:00","slug":"dr-althea-aqua-glowing-sunscreen-45ml","status":"publish","type":"product","link":"https:\/\/www.facecorner.lv\/en\/shop\/dr-althea-aqua-glowing-sunscreen-45ml\/","title":{"rendered":"Dr. Althea Aqua Glowing Sunscreen 45ml"},"content":{"rendered":"<p>Dr. Althea Aqua Glowing Sunscreen <span style=\"font-size: 16px;\">\u0137\u012bmiskais saules aizsargkr\u0113ms ar SPF50+ PA++++ aizsarg\u0101 \u0101du pret kait\u012bgajiem UV stariem, vienlaikus palielinot \u0101das mitrumu. <\/span><\/p>\n<p><span style=\"font-size: 16px;\">T\u0101 sast\u0101v\u0101 ir bambusa \u016bdens, j\u016bras v\u012bnogu ekstrakts un veg\u0101nu izcelsmes j\u016bras a\u013c\u0123u PDRN, kas mitrina \u0101du un pa\u0101trina \u0101das aizsargbarjeras atjauno\u0161anos. Bag\u0101tin\u0101ts ar\u012b ar pantenolu, kas nomierina kairin\u0101tu \u0101du. Piem\u0113rots visiem \u0101das tipiem, tostarp jut\u012bgai un sausai \u0101dai.<\/span><\/p>\n<ul>\n<li>\u0136\u012bmiskais saules aizsargkr\u0113ms ar pla\u0161u SPF50+ spektru PA++++ pal\u012bdz aizsarg\u0101t \u0101du no UV stariem.<\/li>\n<li>Sast\u0101v\u0101 ir Bambusa Vulgaris \u016bdens, kas pal\u012bdz atbalst\u012bt \u0101das atjauno\u0161anos un uztur\u0113t t\u012bru un vesel\u012bgu sejas kr\u0101su.<\/li>\n<li>Satur pantenolu un Caulerpa Lentillifera ekstraktu, kas uztur \u0101du mitrin\u0101tu un gludu.<\/li>\n<li>Viegla kr\u0113ma tekst\u016bra \u013cauj viegli ieziesties un ies\u016bkties \u0101d\u0101 bez lip\u012bguma.<\/li>\n<li>Dermatologu p\u0101rbaud\u012bta un veg\u0101nu sertific\u0113ta formula ir piem\u0113rota visiem \u0101das tipiem, \u012bpa\u0161i sausai un jut\u012bgai \u0101dai.<\/li>\n<\/ul>\n<p><strong>How to use:<\/strong> Pirms grima uzkl\u0101\u0161anas \u0146emiet m\u0113renu daudzumu un vienm\u0113r\u012bgi uzkl\u0101jiet uz sejas vai viet\u0101m, kas ir viegli pak\u013cautas saules gaismas iedarb\u012bbai.<\/p>\n<p><strong>Sast\u0101vs:<\/strong> Water, Bambusa Vulgaris Water, Isononyl Isononanoate, Propanediol, Butyloctyl Salicylate, Ethylhexyl Triazone, Polymethylsilsesquioxane, Dibutyl Adipate, Diethylamino Hydroxybenzoyl Hexyl Benzoate, Niacinamide, Drometrizole Trisiloxane, Methylene Bis-Benzotriazolyl Tetramethylbutylphenol, 1,2-Hexanediol, Pentylene Glycol, Polyglyceryl-3 Methylglucose Distearate, Glycereth-26, Panthenol, Behenyl Alcohol, Tromethamine, Decyl Glucoside, Caprylyl Methicone, Hydrogenated Castor Oil\/Sebacic Acid Copolymer, Carbomer, Acrylates\/C10-30 Alkyl Acrylate Crosspolymer, Polyglyceryl-6 Distearate, Polyacrylate Crosspolymer-6, Trimethylsiloxysilicate, Ethylhexylglycerin, Candelilla\/Jojoba\/Rice Bran Polyglyceryl-3 Esters, Sodium Stearoyl Glutamate, Adenosine, Glycerin, Sodium Hyaluronate, Xanthan Gum, Ceramide NP, Tocopherol, Butylene Glycol, Caulerpa Lentillifera Extract, Sodium DNA<\/p>","protected":false},"excerpt":{"rendered":"<p>Dr. Althea Aqua Glowing Sunscreen <span style=\"font-size: 16px;\">\u0137\u012bmiskais saules aizsargkr\u0113ms ar SPF50+ PA++++ aizsarg\u0101 \u0101du pret kait\u012bgajiem UV stariem, vienlaikus palielinot \u0101das mitrumu.<\/span><\/p>","protected":false},"featured_media":24421,"comment_status":"open","ping_status":"closed","template":"","meta":{"site-sidebar-layout":"default","site-content-layout":"","ast-site-content-layout":"default","site-content-style":"default","site-sidebar-style":"default","ast-global-header-display":"","ast-banner-title-visibility":"","ast-main-header-display":"","ast-hfb-above-header-display":"","ast-hfb-below-header-display":"","ast-hfb-mobile-header-display":"","site-post-title":"","ast-breadcrumbs-content":"","ast-featured-img":"","footer-sml-layout":"","theme-transparent-header-meta":"default","adv-header-id-meta":"","stick-header-meta":"","header-above-stick-meta":"","header-main-stick-meta":"","header-below-stick-meta":"","astra-migrate-meta-layouts":"set","ast-page-background-enabled":"default","ast-page-background-meta":{"desktop":{"background-color":"var(--ast-global-color-4)","background-image":"","background-repeat":"repeat","background-position":"center center","background-size":"auto","background-attachment":"scroll","background-type":"","background-media":"","overlay-type":"","overlay-color":"","overlay-opacity":"","overlay-gradient":""},"tablet":{"background-color":"","background-image":"","background-repeat":"repeat","background-position":"center center","background-size":"auto","background-attachment":"scroll","background-type":"","background-media":"","overlay-type":"","overlay-color":"","overlay-opacity":"","overlay-gradient":""},"mobile":{"background-color":"","background-image":"","background-repeat":"repeat","background-position":"center center","background-size":"auto","background-attachment":"scroll","background-type":"","background-media":"","overlay-type":"","overlay-color":"","overlay-opacity":"","overlay-gradient":""}},"ast-content-background-meta":{"desktop":{"background-color":"var(--ast-global-color-5)","background-image":"","background-repeat":"repeat","background-position":"center center","background-size":"auto","background-attachment":"scroll","background-type":"","background-media":"","overlay-type":"","overlay-color":"","overlay-opacity":"","overlay-gradient":""},"tablet":{"background-color":"var(--ast-global-color-5)","background-image":"","background-repeat":"repeat","background-position":"center center","background-size":"auto","background-attachment":"scroll","background-type":"","background-media":"","overlay-type":"","overlay-color":"","overlay-opacity":"","overlay-gradient":""},"mobile":{"background-color":"var(--ast-global-color-5)","background-image":"","background-repeat":"repeat","background-position":"center center","background-size":"auto","background-attachment":"scroll","background-type":"","background-media":"","overlay-type":"","overlay-color":"","overlay-opacity":"","overlay-gradient":""}}},"product_brand":[],"product_cat":[512],"product_tag":[],"berocket_brand":[597],"class_list":{"0":"post-24419","1":"product","2":"type-product","3":"status-publish","4":"has-post-thumbnail","6":"product_cat-spf","7":"berocket_brand-dr-althea","8":"desktop-align-left","9":"tablet-align-left","10":"mobile-align-left","12":"first","13":"outofstock","14":"taxable","15":"shipping-taxable","16":"purchasable","17":"product-type-simple","18":"add-to-wishlist-before_image"},"yoast_head":"<!-- This site is optimized with the Yoast SEO plugin v27.4 - https:\/\/yoast.com\/product\/yoast-seo-wordpress\/ -->\n<title>Dr. Althea Aqua Glowing Sunscreen 45ml - FACECORNER<\/title>\n<meta name=\"description\" content=\"Dr. Althea Aqua Glowing Sunscreen \u0137\u012bmiskais saules aizsargkr\u0113ms ar SPF50+ PA++++ aizsarg\u0101 \u0101du pret kait\u012bgajiem UV stariem.\" \/>\n<meta name=\"robots\" content=\"index, follow, max-snippet:-1, max-image-preview:large, max-video-preview:-1\" \/>\n<link rel=\"canonical\" href=\"https:\/\/www.facecorner.lv\/en\/shop\/dr-althea-aqua-glowing-sunscreen-45ml\/\" \/>\n<meta property=\"og:locale\" content=\"en_US\" \/>\n<meta property=\"og:type\" content=\"article\" \/>\n<meta property=\"og:title\" content=\"Dr. Althea Aqua Glowing Sunscreen 45ml - FACECORNER\" \/>\n<meta property=\"og:description\" content=\"Dr. Althea Aqua Glowing Sunscreen \u0137\u012bmiskais saules aizsargkr\u0113ms ar SPF50+ PA++++ aizsarg\u0101 \u0101du pret kait\u012bgajiem UV stariem.\" \/>\n<meta property=\"og:url\" content=\"https:\/\/www.facecorner.lv\/en\/shop\/dr-althea-aqua-glowing-sunscreen-45ml\/\" \/>\n<meta property=\"og:site_name\" content=\"FACECORNER\" \/>\n<meta property=\"article:publisher\" content=\"https:\/\/www.facebook.com\/profile.php?id=100063824551839\" \/>\n<meta property=\"article:modified_time\" content=\"2025-06-13T09:54:00+00:00\" \/>\n<meta property=\"og:image\" content=\"https:\/\/www.facecorner.lv\/wp-content\/uploads\/2025\/05\/images-7.jpeg\" \/>\n\t<meta property=\"og:image:width\" content=\"225\" \/>\n\t<meta property=\"og:image:height\" content=\"225\" \/>\n\t<meta property=\"og:image:type\" content=\"image\/jpeg\" \/>\n<meta name=\"twitter:card\" content=\"summary_large_image\" \/>\n<meta name=\"twitter:label1\" content=\"Price\" \/>\n\t<meta name=\"twitter:data1\" content=\"&euro;17.50\" \/>\n\t<meta name=\"twitter:label2\" content=\"Availability\" \/>\n\t<meta name=\"twitter:data2\" content=\"Out of stock\" \/>\n<script type=\"application\/ld+json\" class=\"yoast-schema-graph\">{\"@context\":\"https:\\\/\\\/schema.org\",\"@graph\":[{\"@type\":\"WebPage\",\"@id\":\"https:\\\/\\\/www.facecorner.lv\\\/shop\\\/dr-althea-aqua-glowing-sunscreen-45ml\\\/\",\"url\":\"https:\\\/\\\/www.facecorner.lv\\\/shop\\\/dr-althea-aqua-glowing-sunscreen-45ml\\\/\",\"name\":\"Dr. Althea Aqua Glowing Sunscreen 45ml - FACECORNER\",\"isPartOf\":{\"@id\":\"https:\\\/\\\/www.facecorner.lv\\\/#website\"},\"primaryImageOfPage\":{\"@id\":\"https:\\\/\\\/www.facecorner.lv\\\/shop\\\/dr-althea-aqua-glowing-sunscreen-45ml\\\/#primaryimage\"},\"image\":{\"@id\":\"https:\\\/\\\/www.facecorner.lv\\\/shop\\\/dr-althea-aqua-glowing-sunscreen-45ml\\\/#primaryimage\"},\"thumbnailUrl\":\"https:\\\/\\\/www.facecorner.lv\\\/wp-content\\\/uploads\\\/2025\\\/05\\\/images-7.jpeg\",\"datePublished\":\"2025-05-31T12:46:35+00:00\",\"dateModified\":\"2025-06-13T09:54:00+00:00\",\"description\":\"Dr. Althea Aqua Glowing Sunscreen \u0137\u012bmiskais saules aizsargkr\u0113ms ar SPF50+ PA++++ aizsarg\u0101 \u0101du pret kait\u012bgajiem UV stariem.\",\"breadcrumb\":{\"@id\":\"https:\\\/\\\/www.facecorner.lv\\\/shop\\\/dr-althea-aqua-glowing-sunscreen-45ml\\\/#breadcrumb\"},\"inLanguage\":\"en-US\",\"potentialAction\":[{\"@type\":\"ReadAction\",\"target\":[\"https:\\\/\\\/www.facecorner.lv\\\/shop\\\/dr-althea-aqua-glowing-sunscreen-45ml\\\/\"]}]},{\"@type\":\"ImageObject\",\"inLanguage\":\"en-US\",\"@id\":\"https:\\\/\\\/www.facecorner.lv\\\/shop\\\/dr-althea-aqua-glowing-sunscreen-45ml\\\/#primaryimage\",\"url\":\"https:\\\/\\\/www.facecorner.lv\\\/wp-content\\\/uploads\\\/2025\\\/05\\\/images-7.jpeg\",\"contentUrl\":\"https:\\\/\\\/www.facecorner.lv\\\/wp-content\\\/uploads\\\/2025\\\/05\\\/images-7.jpeg\",\"width\":225,\"height\":225,\"caption\":\"Dr. Althea Aqua Glowing Sunscreen\"},{\"@type\":\"BreadcrumbList\",\"@id\":\"https:\\\/\\\/www.facecorner.lv\\\/shop\\\/dr-althea-aqua-glowing-sunscreen-45ml\\\/#breadcrumb\",\"itemListElement\":[{\"@type\":\"ListItem\",\"position\":1,\"name\":\"Home\",\"item\":\"https:\\\/\\\/www.facecorner.lv\\\/\"},{\"@type\":\"ListItem\",\"position\":2,\"name\":\"Veikals\",\"item\":\"https:\\\/\\\/www.facecorner.lv\\\/shop\\\/\"},{\"@type\":\"ListItem\",\"position\":3,\"name\":\"Dr. Althea Aqua Glowing Sunscreen 45ml\"}]},{\"@type\":\"WebSite\",\"@id\":\"https:\\\/\\\/www.facecorner.lv\\\/#website\",\"url\":\"https:\\\/\\\/www.facecorner.lv\\\/\",\"name\":\"Facecorner\",\"description\":\"\",\"publisher\":{\"@id\":\"https:\\\/\\\/www.facecorner.lv\\\/#organization\"},\"potentialAction\":[{\"@type\":\"SearchAction\",\"target\":{\"@type\":\"EntryPoint\",\"urlTemplate\":\"https:\\\/\\\/www.facecorner.lv\\\/?s={search_term_string}\"},\"query-input\":{\"@type\":\"PropertyValueSpecification\",\"valueRequired\":true,\"valueName\":\"search_term_string\"}}],\"inLanguage\":\"en-US\"},{\"@type\":\"Organization\",\"@id\":\"https:\\\/\\\/www.facecorner.lv\\\/#organization\",\"name\":\"Facecorner\",\"url\":\"https:\\\/\\\/www.facecorner.lv\\\/\",\"logo\":{\"@type\":\"ImageObject\",\"inLanguage\":\"en-US\",\"@id\":\"https:\\\/\\\/www.facecorner.lv\\\/#\\\/schema\\\/logo\\\/image\\\/\",\"url\":\"https:\\\/\\\/www.facecorner.lv\\\/wp-content\\\/uploads\\\/2024\\\/04\\\/fc-logo.jpg\",\"contentUrl\":\"https:\\\/\\\/www.facecorner.lv\\\/wp-content\\\/uploads\\\/2024\\\/04\\\/fc-logo.jpg\",\"width\":174,\"height\":28,\"caption\":\"Facecorner\"},\"image\":{\"@id\":\"https:\\\/\\\/www.facecorner.lv\\\/#\\\/schema\\\/logo\\\/image\\\/\"},\"sameAs\":[\"https:\\\/\\\/www.facebook.com\\\/profile.php?id=100063824551839\",\"https:\\\/\\\/www.instagram.com\\\/facecorner_shop\\\/\"]}]}<\/script>\n<meta property=\"product:price:amount\" content=\"17.50\" \/>\n<meta property=\"product:price:currency\" content=\"EUR\" \/>\n<meta property=\"og:availability\" content=\"out of stock\" \/>\n<meta property=\"product:availability\" content=\"out of stock\" \/>\n<meta property=\"product:condition\" content=\"new\" \/>\n<!-- \/ Yoast SEO plugin. -->","yoast_head_json":{"title":"Dr. Althea Aqua Glowing Sunscreen 45ml - FACECORNER","description":"Dr. Althea Aqua Glowing Sunscreen \u0137\u012bmiskais saules aizsargkr\u0113ms ar SPF50+ PA++++ aizsarg\u0101 \u0101du pret kait\u012bgajiem UV stariem.","robots":{"index":"index","follow":"follow","max-snippet":"max-snippet:-1","max-image-preview":"max-image-preview:large","max-video-preview":"max-video-preview:-1"},"canonical":"https:\/\/www.facecorner.lv\/en\/shop\/dr-althea-aqua-glowing-sunscreen-45ml\/","og_locale":"en_US","og_type":"article","og_title":"Dr. Althea Aqua Glowing Sunscreen 45ml - FACECORNER","og_description":"Dr. Althea Aqua Glowing Sunscreen \u0137\u012bmiskais saules aizsargkr\u0113ms ar SPF50+ PA++++ aizsarg\u0101 \u0101du pret kait\u012bgajiem UV stariem.","og_url":"https:\/\/www.facecorner.lv\/en\/shop\/dr-althea-aqua-glowing-sunscreen-45ml\/","og_site_name":"FACECORNER","article_publisher":"https:\/\/www.facebook.com\/profile.php?id=100063824551839","article_modified_time":"2025-06-13T09:54:00+00:00","og_image":[{"width":225,"height":225,"url":"https:\/\/www.facecorner.lv\/wp-content\/uploads\/2025\/05\/images-7.jpeg","type":"image\/jpeg"}],"twitter_card":"summary_large_image","twitter_misc":{"Price":"&euro;17.50","Availability":"Out of stock"},"schema":{"@context":"https:\/\/schema.org","@graph":[{"@type":"WebPage","@id":"https:\/\/www.facecorner.lv\/shop\/dr-althea-aqua-glowing-sunscreen-45ml\/","url":"https:\/\/www.facecorner.lv\/shop\/dr-althea-aqua-glowing-sunscreen-45ml\/","name":"Dr. Althea Aqua Glowing Sunscreen 45ml - FACECORNER","isPartOf":{"@id":"https:\/\/www.facecorner.lv\/#website"},"primaryImageOfPage":{"@id":"https:\/\/www.facecorner.lv\/shop\/dr-althea-aqua-glowing-sunscreen-45ml\/#primaryimage"},"image":{"@id":"https:\/\/www.facecorner.lv\/shop\/dr-althea-aqua-glowing-sunscreen-45ml\/#primaryimage"},"thumbnailUrl":"https:\/\/www.facecorner.lv\/wp-content\/uploads\/2025\/05\/images-7.jpeg","datePublished":"2025-05-31T12:46:35+00:00","dateModified":"2025-06-13T09:54:00+00:00","description":"Dr. Althea Aqua Glowing Sunscreen \u0137\u012bmiskais saules aizsargkr\u0113ms ar SPF50+ PA++++ aizsarg\u0101 \u0101du pret kait\u012bgajiem UV stariem.","breadcrumb":{"@id":"https:\/\/www.facecorner.lv\/shop\/dr-althea-aqua-glowing-sunscreen-45ml\/#breadcrumb"},"inLanguage":"en-US","potentialAction":[{"@type":"ReadAction","target":["https:\/\/www.facecorner.lv\/shop\/dr-althea-aqua-glowing-sunscreen-45ml\/"]}]},{"@type":"ImageObject","inLanguage":"en-US","@id":"https:\/\/www.facecorner.lv\/shop\/dr-althea-aqua-glowing-sunscreen-45ml\/#primaryimage","url":"https:\/\/www.facecorner.lv\/wp-content\/uploads\/2025\/05\/images-7.jpeg","contentUrl":"https:\/\/www.facecorner.lv\/wp-content\/uploads\/2025\/05\/images-7.jpeg","width":225,"height":225,"caption":"Dr. Althea Aqua Glowing Sunscreen"},{"@type":"BreadcrumbList","@id":"https:\/\/www.facecorner.lv\/shop\/dr-althea-aqua-glowing-sunscreen-45ml\/#breadcrumb","itemListElement":[{"@type":"ListItem","position":1,"name":"Home","item":"https:\/\/www.facecorner.lv\/"},{"@type":"ListItem","position":2,"name":"Veikals","item":"https:\/\/www.facecorner.lv\/shop\/"},{"@type":"ListItem","position":3,"name":"Dr. Althea Aqua Glowing Sunscreen 45ml"}]},{"@type":"WebSite","@id":"https:\/\/www.facecorner.lv\/#website","url":"https:\/\/www.facecorner.lv\/","name":"Facecorner","description":"","publisher":{"@id":"https:\/\/www.facecorner.lv\/#organization"},"potentialAction":[{"@type":"SearchAction","target":{"@type":"EntryPoint","urlTemplate":"https:\/\/www.facecorner.lv\/?s={search_term_string}"},"query-input":{"@type":"PropertyValueSpecification","valueRequired":true,"valueName":"search_term_string"}}],"inLanguage":"en-US"},{"@type":"Organization","@id":"https:\/\/www.facecorner.lv\/#organization","name":"Facecorner","url":"https:\/\/www.facecorner.lv\/","logo":{"@type":"ImageObject","inLanguage":"en-US","@id":"https:\/\/www.facecorner.lv\/#\/schema\/logo\/image\/","url":"https:\/\/www.facecorner.lv\/wp-content\/uploads\/2024\/04\/fc-logo.jpg","contentUrl":"https:\/\/www.facecorner.lv\/wp-content\/uploads\/2024\/04\/fc-logo.jpg","width":174,"height":28,"caption":"Facecorner"},"image":{"@id":"https:\/\/www.facecorner.lv\/#\/schema\/logo\/image\/"},"sameAs":["https:\/\/www.facebook.com\/profile.php?id=100063824551839","https:\/\/www.instagram.com\/facecorner_shop\/"]}]},"product_price_amount":"17.50","product_price_currency":"EUR","og_availability":"out of stock","product_availability":"out of stock","product_condition":"new"},"_links":{"self":[{"href":"https:\/\/www.facecorner.lv\/en\/wp-json\/wp\/v2\/product\/24419","targetHints":{"allow":["GET"]}}],"collection":[{"href":"https:\/\/www.facecorner.lv\/en\/wp-json\/wp\/v2\/product"}],"about":[{"href":"https:\/\/www.facecorner.lv\/en\/wp-json\/wp\/v2\/types\/product"}],"replies":[{"embeddable":true,"href":"https:\/\/www.facecorner.lv\/en\/wp-json\/wp\/v2\/comments?post=24419"}],"wp:featuredmedia":[{"embeddable":true,"href":"https:\/\/www.facecorner.lv\/en\/wp-json\/wp\/v2\/media\/24421"}],"wp:attachment":[{"href":"https:\/\/www.facecorner.lv\/en\/wp-json\/wp\/v2\/media?parent=24419"}],"wp:term":[{"taxonomy":"product_brand","embeddable":true,"href":"https:\/\/www.facecorner.lv\/en\/wp-json\/wp\/v2\/product_brand?post=24419"},{"taxonomy":"product_cat","embeddable":true,"href":"https:\/\/www.facecorner.lv\/en\/wp-json\/wp\/v2\/product_cat?post=24419"},{"taxonomy":"product_tag","embeddable":true,"href":"https:\/\/www.facecorner.lv\/en\/wp-json\/wp\/v2\/product_tag?post=24419"},{"taxonomy":"berocket_brand","embeddable":true,"href":"https:\/\/www.facecorner.lv\/en\/wp-json\/wp\/v2\/berocket_brand?post=24419"}],"curies":[{"name":"wp","href":"https:\/\/api.w.org\/{rel}","templated":true}]}}