{"id":24416,"date":"2025-05-31T15:37:11","date_gmt":"2025-05-31T12:37:11","guid":{"rendered":"https:\/\/www.facecorner.lv\/?post_type=product&#038;p=24416"},"modified":"2025-07-31T14:08:03","modified_gmt":"2025-07-31T11:08:03","slug":"arencia-holy-hyssop-serum-12-30ml","status":"publish","type":"product","link":"https:\/\/www.facecorner.lv\/en\/shop\/arencia-holy-hyssop-serum-12-30ml\/","title":{"rendered":"Arencia Holy Hyssop Serum 12 30ml"},"content":{"rendered":"<p>Arencia Holy Hyssop Serum 12 daudzfunkcion\u0101ls serums ar 10% niac\u012bnam\u012bda sast\u0101v\u0101, nov\u0113r\u0161 taukainu sp\u012bdumu, sa\u0161aurina papla\u0161in\u0101t\u0101s poras, uzlabo problem\u0101tisko \u0101du, padarot to maigu un gludu, k\u0101 ar\u012b izgaismo un izl\u012bdzina \u0101das toni.<\/p>\n<p>Augsti koncentr\u0113ts serums, kura pamat\u0101 ir 10% niacinam\u012bda, sp\u0113c\u012bgi balina \u0101du un iedarbojas pretiekaisuma iedarb\u012bb\u0101. Niacinam\u012bds ir viens no popul\u0101r\u0101kajiem antioksidantiem kosm\u0113tik\u0101, kas pal\u012bdz aizsarg\u0101t \u0101du no \u0101r\u0113j\u0101s iedarb\u012bbas un saglab\u0101t t\u0101s jaun\u012bbu. Niacinam\u012bds blo\u0137\u0113 melan\u012bna veido\u0161anos un veido\u0161anos \u0161\u016bn\u0101s, kas pal\u012bdz c\u012bn\u012bties pret nev\u0113lamu pigment\u0101ciju veido\u0161anos un atst\u0101t p\u0113das p\u0113c p\u016bt\u012bt\u0113m. Viena no galvenaj\u0101m niac\u012bnam\u012bda priek\u0161roc\u012bb\u0101m ir t\u0101 sp\u0113ja kontrol\u0113t sebuma veido\u0161anos un samazin\u0101t \u0101das taukain\u012bbu. Pateicoties \u0161\u012bm \u012bpa\u0161\u012bb\u0101m, niac\u012bnam\u012bds ir efekt\u012bvs c\u012b\u0146\u0101 pret pinn\u0113m un iekaisumiem, ko izraisa aizs\u0113r\u0113ju\u0161as poras un net\u012brumi.<\/p>\n<p>Seruma sast\u0101v\u0101 eso\u0161ais vitam\u012bnu komplekss (12 %) c\u012bn\u0101s pret \u0101das bl\u0101vumu un nevienm\u0113r\u012bgu toni, mazina pigment\u0101ciju, izl\u012bdzina un izgaismo \u0101das toni, pie\u0161\u0137irot tai spilgtu un vesel\u012bgu mirdzumu.<\/p>\n<p>Sast\u0101v\u0101 eso\u0161ais pept\u012bdu komplekss samazina eso\u0161\u0101s grumbas un nov\u0113r\u0161 jaunu ra\u0161anos, savelk un pal\u0113nina noveco\u0161an\u0101s procesus, mitrina un baro \u0101du, uzlabo elast\u012bbu un tvirtumu.<\/p>\n<p><strong>How to use:<\/strong>: Uzkl\u0101jiet nepiecie\u0161amo seruma daudzumu uz att\u012br\u012btas un toniz\u0113tas \u0101das. P\u0113c tam uzkl\u0101jiet kr\u0113mu.<\/p>\n<p><strong>Ingredientes:<\/strong>Water, Butylene Glycol, Dipropylene Glycol, Niacinamide, Propanediol, Glycerin, Arbutin, 1,2-Hexanediol, Methylpropanediol, Arginine, Carbomer, Dextrin, Ethylglycerin, Adenosine, Gardenia Florida Fruit Extract, Glyceryl Acrylate\/Acrylic Acid Copolymer, Kojic Acid, PVM\/MA Copolymer, Hyssopus Officinalis Extract, Sodium Hyaluronate, Linum Usitatissimum (Linseed) Seed Extract, Oryza Sativa (Rice) Extract, 3-O-Ethyl Ascorbic Acid, Sodium Ascorbyl Phosphate, Ascorbic Acid, Ascorbyl Glucoside, Tocopherol, Panthenol, Pyridoxine, Corchorus Olitorius Leaf Extract, Angelica Keiskei Extract, Nelumbo Nucifera Root Extract, Hibiscus Esculentus Fruit Extract, Dioscorea Japonica Root Extract, Hydrogenated Lecithin, Acetyl Hexapeptide-8, Copper Tripeptide-1, Ceramide NP, Glycosphingolipids, Palmitoyl Pentapeptide-4, Oligopeptide-1, Oligopeptide-2<\/p>","protected":false},"excerpt":{"rendered":"<p>Arencia Holy Hyssop Serum 12 daudzfunkcion\u0101ls serums ar 10% niac\u012bnam\u012bda sast\u0101v\u0101, nov\u0113r\u0161 taukainu sp\u012bdumu, sa\u0161aurina papla\u0161in\u0101t\u0101s poras, uzlabo problem\u0101tisko \u0101du, padarot to maigu un gludu, k\u0101 ar\u012b izgaismo un izl\u012bdzina \u0101das toni.<\/p>","protected":false},"featured_media":24417,"comment_status":"open","ping_status":"closed","template":"","meta":{"site-sidebar-layout":"default","site-content-layout":"","ast-site-content-layout":"default","site-content-style":"default","site-sidebar-style":"default","ast-global-header-display":"","ast-banner-title-visibility":"","ast-main-header-display":"","ast-hfb-above-header-display":"","ast-hfb-below-header-display":"","ast-hfb-mobile-header-display":"","site-post-title":"","ast-breadcrumbs-content":"","ast-featured-img":"","footer-sml-layout":"","theme-transparent-header-meta":"default","adv-header-id-meta":"","stick-header-meta":"","header-above-stick-meta":"","header-main-stick-meta":"","header-below-stick-meta":"","astra-migrate-meta-layouts":"set","ast-page-background-enabled":"default","ast-page-background-meta":{"desktop":{"background-color":"var(--ast-global-color-4)","background-image":"","background-repeat":"repeat","background-position":"center center","background-size":"auto","background-attachment":"scroll","background-type":"","background-media":"","overlay-type":"","overlay-color":"","overlay-opacity":"","overlay-gradient":""},"tablet":{"background-color":"","background-image":"","background-repeat":"repeat","background-position":"center center","background-size":"auto","background-attachment":"scroll","background-type":"","background-media":"","overlay-type":"","overlay-color":"","overlay-opacity":"","overlay-gradient":""},"mobile":{"background-color":"","background-image":"","background-repeat":"repeat","background-position":"center center","background-size":"auto","background-attachment":"scroll","background-type":"","background-media":"","overlay-type":"","overlay-color":"","overlay-opacity":"","overlay-gradient":""}},"ast-content-background-meta":{"desktop":{"background-color":"var(--ast-global-color-5)","background-image":"","background-repeat":"repeat","background-position":"center center","background-size":"auto","background-attachment":"scroll","background-type":"","background-media":"","overlay-type":"","overlay-color":"","overlay-opacity":"","overlay-gradient":""},"tablet":{"background-color":"var(--ast-global-color-5)","background-image":"","background-repeat":"repeat","background-position":"center center","background-size":"auto","background-attachment":"scroll","background-type":"","background-media":"","overlay-type":"","overlay-color":"","overlay-opacity":"","overlay-gradient":""},"mobile":{"background-color":"var(--ast-global-color-5)","background-image":"","background-repeat":"repeat","background-position":"center center","background-size":"auto","background-attachment":"scroll","background-type":"","background-media":"","overlay-type":"","overlay-color":"","overlay-opacity":"","overlay-gradient":""}}},"product_brand":[],"product_cat":[372,373,374,363],"product_tag":[],"berocket_brand":[635],"class_list":{"0":"post-24416","1":"product","2":"type-product","3":"status-publish","4":"has-post-thumbnail","6":"product_cat-jutigai-adai-serumi","7":"product_cat-poras-sasaurinoss","8":"product_cat-pret-pinnem","9":"product_cat-serumi","10":"berocket_brand-arencia","11":"desktop-align-left","12":"tablet-align-left","13":"mobile-align-left","15":"first","16":"outofstock","17":"taxable","18":"shipping-taxable","19":"purchasable","20":"product-type-simple","21":"add-to-wishlist-before_image"},"yoast_head":"<!-- This site is optimized with the Yoast SEO plugin v27.4 - https:\/\/yoast.com\/product\/yoast-seo-wordpress\/ -->\n<title>Arencia Holy Hyssop Serum 12 30ml - FACECORNER<\/title>\n<meta name=\"description\" content=\"Arencia Holy Hyssop Serum 12 daudzfunkcion\u0101ls serums ar 10% niac\u012bnam\u012bda sast\u0101v\u0101, nov\u0113r\u0161 taukainu sp\u012bdumu, sa\u0161aurina papla\u0161in\u0101t\u0101s poras.\" \/>\n<meta name=\"robots\" content=\"index, follow, max-snippet:-1, max-image-preview:large, max-video-preview:-1\" \/>\n<link rel=\"canonical\" href=\"https:\/\/www.facecorner.lv\/en\/shop\/arencia-holy-hyssop-serum-12-30ml\/\" \/>\n<meta property=\"og:locale\" content=\"en_US\" \/>\n<meta property=\"og:type\" content=\"article\" \/>\n<meta property=\"og:title\" content=\"Arencia Holy Hyssop Serum 12 30ml - FACECORNER\" \/>\n<meta property=\"og:description\" content=\"Arencia Holy Hyssop Serum 12 daudzfunkcion\u0101ls serums ar 10% niac\u012bnam\u012bda sast\u0101v\u0101, nov\u0113r\u0161 taukainu sp\u012bdumu, sa\u0161aurina papla\u0161in\u0101t\u0101s poras.\" \/>\n<meta property=\"og:url\" content=\"https:\/\/www.facecorner.lv\/en\/shop\/arencia-holy-hyssop-serum-12-30ml\/\" \/>\n<meta property=\"og:site_name\" content=\"FACECORNER\" \/>\n<meta property=\"article:publisher\" content=\"https:\/\/www.facebook.com\/profile.php?id=100063824551839\" \/>\n<meta property=\"article:modified_time\" content=\"2025-07-31T11:08:03+00:00\" \/>\n<meta property=\"og:image\" content=\"https:\/\/www.facecorner.lv\/wp-content\/uploads\/2025\/05\/pol_pl_Arencia-Holy-Hyssop-Serum-12-Rozswietlajaco-Nawilzajace-Serum-do-Twarzy-30ml-23860_1.webp\" \/>\n\t<meta property=\"og:image:width\" content=\"1500\" \/>\n\t<meta property=\"og:image:height\" content=\"1500\" \/>\n\t<meta property=\"og:image:type\" content=\"image\/webp\" \/>\n<meta name=\"twitter:card\" content=\"summary_large_image\" \/>\n<meta name=\"twitter:label1\" content=\"Price\" \/>\n\t<meta name=\"twitter:data1\" content=\"&euro;19.00\" \/>\n\t<meta name=\"twitter:label2\" content=\"Availability\" \/>\n\t<meta name=\"twitter:data2\" content=\"Out of stock\" \/>\n<script type=\"application\/ld+json\" class=\"yoast-schema-graph\">{\"@context\":\"https:\\\/\\\/schema.org\",\"@graph\":[{\"@type\":\"WebPage\",\"@id\":\"https:\\\/\\\/www.facecorner.lv\\\/shop\\\/arencia-holy-hyssop-serum-12-30ml\\\/\",\"url\":\"https:\\\/\\\/www.facecorner.lv\\\/shop\\\/arencia-holy-hyssop-serum-12-30ml\\\/\",\"name\":\"Arencia Holy Hyssop Serum 12 30ml - FACECORNER\",\"isPartOf\":{\"@id\":\"https:\\\/\\\/www.facecorner.lv\\\/#website\"},\"primaryImageOfPage\":{\"@id\":\"https:\\\/\\\/www.facecorner.lv\\\/shop\\\/arencia-holy-hyssop-serum-12-30ml\\\/#primaryimage\"},\"image\":{\"@id\":\"https:\\\/\\\/www.facecorner.lv\\\/shop\\\/arencia-holy-hyssop-serum-12-30ml\\\/#primaryimage\"},\"thumbnailUrl\":\"https:\\\/\\\/www.facecorner.lv\\\/wp-content\\\/uploads\\\/2025\\\/05\\\/pol_pl_Arencia-Holy-Hyssop-Serum-12-Rozswietlajaco-Nawilzajace-Serum-do-Twarzy-30ml-23860_1.webp\",\"datePublished\":\"2025-05-31T12:37:11+00:00\",\"dateModified\":\"2025-07-31T11:08:03+00:00\",\"description\":\"Arencia Holy Hyssop Serum 12 daudzfunkcion\u0101ls serums ar 10% niac\u012bnam\u012bda sast\u0101v\u0101, nov\u0113r\u0161 taukainu sp\u012bdumu, sa\u0161aurina papla\u0161in\u0101t\u0101s poras.\",\"breadcrumb\":{\"@id\":\"https:\\\/\\\/www.facecorner.lv\\\/shop\\\/arencia-holy-hyssop-serum-12-30ml\\\/#breadcrumb\"},\"inLanguage\":\"en-US\",\"potentialAction\":[{\"@type\":\"ReadAction\",\"target\":[\"https:\\\/\\\/www.facecorner.lv\\\/shop\\\/arencia-holy-hyssop-serum-12-30ml\\\/\"]}]},{\"@type\":\"ImageObject\",\"inLanguage\":\"en-US\",\"@id\":\"https:\\\/\\\/www.facecorner.lv\\\/shop\\\/arencia-holy-hyssop-serum-12-30ml\\\/#primaryimage\",\"url\":\"https:\\\/\\\/www.facecorner.lv\\\/wp-content\\\/uploads\\\/2025\\\/05\\\/pol_pl_Arencia-Holy-Hyssop-Serum-12-Rozswietlajaco-Nawilzajace-Serum-do-Twarzy-30ml-23860_1.webp\",\"contentUrl\":\"https:\\\/\\\/www.facecorner.lv\\\/wp-content\\\/uploads\\\/2025\\\/05\\\/pol_pl_Arencia-Holy-Hyssop-Serum-12-Rozswietlajaco-Nawilzajace-Serum-do-Twarzy-30ml-23860_1.webp\",\"width\":1500,\"height\":1500,\"caption\":\"Arencia Holy Hyssop Serum 12 30ml\"},{\"@type\":\"BreadcrumbList\",\"@id\":\"https:\\\/\\\/www.facecorner.lv\\\/shop\\\/arencia-holy-hyssop-serum-12-30ml\\\/#breadcrumb\",\"itemListElement\":[{\"@type\":\"ListItem\",\"position\":1,\"name\":\"Home\",\"item\":\"https:\\\/\\\/www.facecorner.lv\\\/\"},{\"@type\":\"ListItem\",\"position\":2,\"name\":\"Veikals\",\"item\":\"https:\\\/\\\/www.facecorner.lv\\\/shop\\\/\"},{\"@type\":\"ListItem\",\"position\":3,\"name\":\"Arencia Holy Hyssop Serum 12 30ml\"}]},{\"@type\":\"WebSite\",\"@id\":\"https:\\\/\\\/www.facecorner.lv\\\/#website\",\"url\":\"https:\\\/\\\/www.facecorner.lv\\\/\",\"name\":\"Facecorner\",\"description\":\"\",\"publisher\":{\"@id\":\"https:\\\/\\\/www.facecorner.lv\\\/#organization\"},\"potentialAction\":[{\"@type\":\"SearchAction\",\"target\":{\"@type\":\"EntryPoint\",\"urlTemplate\":\"https:\\\/\\\/www.facecorner.lv\\\/?s={search_term_string}\"},\"query-input\":{\"@type\":\"PropertyValueSpecification\",\"valueRequired\":true,\"valueName\":\"search_term_string\"}}],\"inLanguage\":\"en-US\"},{\"@type\":\"Organization\",\"@id\":\"https:\\\/\\\/www.facecorner.lv\\\/#organization\",\"name\":\"Facecorner\",\"url\":\"https:\\\/\\\/www.facecorner.lv\\\/\",\"logo\":{\"@type\":\"ImageObject\",\"inLanguage\":\"en-US\",\"@id\":\"https:\\\/\\\/www.facecorner.lv\\\/#\\\/schema\\\/logo\\\/image\\\/\",\"url\":\"https:\\\/\\\/www.facecorner.lv\\\/wp-content\\\/uploads\\\/2024\\\/04\\\/fc-logo.jpg\",\"contentUrl\":\"https:\\\/\\\/www.facecorner.lv\\\/wp-content\\\/uploads\\\/2024\\\/04\\\/fc-logo.jpg\",\"width\":174,\"height\":28,\"caption\":\"Facecorner\"},\"image\":{\"@id\":\"https:\\\/\\\/www.facecorner.lv\\\/#\\\/schema\\\/logo\\\/image\\\/\"},\"sameAs\":[\"https:\\\/\\\/www.facebook.com\\\/profile.php?id=100063824551839\",\"https:\\\/\\\/www.instagram.com\\\/facecorner_shop\\\/\"]}]}<\/script>\n<meta property=\"product:price:amount\" content=\"19.00\" \/>\n<meta property=\"product:price:currency\" content=\"EUR\" \/>\n<meta property=\"og:availability\" content=\"out of stock\" \/>\n<meta property=\"product:availability\" content=\"out of stock\" \/>\n<meta property=\"product:condition\" content=\"new\" \/>\n<!-- \/ Yoast SEO plugin. -->","yoast_head_json":{"title":"Arencia Holy Hyssop Serum 12 30ml - FACECORNER","description":"Arencia Holy Hyssop Serum 12 daudzfunkcion\u0101ls serums ar 10% niac\u012bnam\u012bda sast\u0101v\u0101, nov\u0113r\u0161 taukainu sp\u012bdumu, sa\u0161aurina papla\u0161in\u0101t\u0101s poras.","robots":{"index":"index","follow":"follow","max-snippet":"max-snippet:-1","max-image-preview":"max-image-preview:large","max-video-preview":"max-video-preview:-1"},"canonical":"https:\/\/www.facecorner.lv\/en\/shop\/arencia-holy-hyssop-serum-12-30ml\/","og_locale":"en_US","og_type":"article","og_title":"Arencia Holy Hyssop Serum 12 30ml - FACECORNER","og_description":"Arencia Holy Hyssop Serum 12 daudzfunkcion\u0101ls serums ar 10% niac\u012bnam\u012bda sast\u0101v\u0101, nov\u0113r\u0161 taukainu sp\u012bdumu, sa\u0161aurina papla\u0161in\u0101t\u0101s poras.","og_url":"https:\/\/www.facecorner.lv\/en\/shop\/arencia-holy-hyssop-serum-12-30ml\/","og_site_name":"FACECORNER","article_publisher":"https:\/\/www.facebook.com\/profile.php?id=100063824551839","article_modified_time":"2025-07-31T11:08:03+00:00","og_image":[{"width":1500,"height":1500,"url":"https:\/\/www.facecorner.lv\/wp-content\/uploads\/2025\/05\/pol_pl_Arencia-Holy-Hyssop-Serum-12-Rozswietlajaco-Nawilzajace-Serum-do-Twarzy-30ml-23860_1.webp","type":"image\/webp"}],"twitter_card":"summary_large_image","twitter_misc":{"Price":"&euro;19.00","Availability":"Out of stock"},"schema":{"@context":"https:\/\/schema.org","@graph":[{"@type":"WebPage","@id":"https:\/\/www.facecorner.lv\/shop\/arencia-holy-hyssop-serum-12-30ml\/","url":"https:\/\/www.facecorner.lv\/shop\/arencia-holy-hyssop-serum-12-30ml\/","name":"Arencia Holy Hyssop Serum 12 30ml - FACECORNER","isPartOf":{"@id":"https:\/\/www.facecorner.lv\/#website"},"primaryImageOfPage":{"@id":"https:\/\/www.facecorner.lv\/shop\/arencia-holy-hyssop-serum-12-30ml\/#primaryimage"},"image":{"@id":"https:\/\/www.facecorner.lv\/shop\/arencia-holy-hyssop-serum-12-30ml\/#primaryimage"},"thumbnailUrl":"https:\/\/www.facecorner.lv\/wp-content\/uploads\/2025\/05\/pol_pl_Arencia-Holy-Hyssop-Serum-12-Rozswietlajaco-Nawilzajace-Serum-do-Twarzy-30ml-23860_1.webp","datePublished":"2025-05-31T12:37:11+00:00","dateModified":"2025-07-31T11:08:03+00:00","description":"Arencia Holy Hyssop Serum 12 daudzfunkcion\u0101ls serums ar 10% niac\u012bnam\u012bda sast\u0101v\u0101, nov\u0113r\u0161 taukainu sp\u012bdumu, sa\u0161aurina papla\u0161in\u0101t\u0101s poras.","breadcrumb":{"@id":"https:\/\/www.facecorner.lv\/shop\/arencia-holy-hyssop-serum-12-30ml\/#breadcrumb"},"inLanguage":"en-US","potentialAction":[{"@type":"ReadAction","target":["https:\/\/www.facecorner.lv\/shop\/arencia-holy-hyssop-serum-12-30ml\/"]}]},{"@type":"ImageObject","inLanguage":"en-US","@id":"https:\/\/www.facecorner.lv\/shop\/arencia-holy-hyssop-serum-12-30ml\/#primaryimage","url":"https:\/\/www.facecorner.lv\/wp-content\/uploads\/2025\/05\/pol_pl_Arencia-Holy-Hyssop-Serum-12-Rozswietlajaco-Nawilzajace-Serum-do-Twarzy-30ml-23860_1.webp","contentUrl":"https:\/\/www.facecorner.lv\/wp-content\/uploads\/2025\/05\/pol_pl_Arencia-Holy-Hyssop-Serum-12-Rozswietlajaco-Nawilzajace-Serum-do-Twarzy-30ml-23860_1.webp","width":1500,"height":1500,"caption":"Arencia Holy Hyssop Serum 12 30ml"},{"@type":"BreadcrumbList","@id":"https:\/\/www.facecorner.lv\/shop\/arencia-holy-hyssop-serum-12-30ml\/#breadcrumb","itemListElement":[{"@type":"ListItem","position":1,"name":"Home","item":"https:\/\/www.facecorner.lv\/"},{"@type":"ListItem","position":2,"name":"Veikals","item":"https:\/\/www.facecorner.lv\/shop\/"},{"@type":"ListItem","position":3,"name":"Arencia Holy Hyssop Serum 12 30ml"}]},{"@type":"WebSite","@id":"https:\/\/www.facecorner.lv\/#website","url":"https:\/\/www.facecorner.lv\/","name":"Facecorner","description":"","publisher":{"@id":"https:\/\/www.facecorner.lv\/#organization"},"potentialAction":[{"@type":"SearchAction","target":{"@type":"EntryPoint","urlTemplate":"https:\/\/www.facecorner.lv\/?s={search_term_string}"},"query-input":{"@type":"PropertyValueSpecification","valueRequired":true,"valueName":"search_term_string"}}],"inLanguage":"en-US"},{"@type":"Organization","@id":"https:\/\/www.facecorner.lv\/#organization","name":"Facecorner","url":"https:\/\/www.facecorner.lv\/","logo":{"@type":"ImageObject","inLanguage":"en-US","@id":"https:\/\/www.facecorner.lv\/#\/schema\/logo\/image\/","url":"https:\/\/www.facecorner.lv\/wp-content\/uploads\/2024\/04\/fc-logo.jpg","contentUrl":"https:\/\/www.facecorner.lv\/wp-content\/uploads\/2024\/04\/fc-logo.jpg","width":174,"height":28,"caption":"Facecorner"},"image":{"@id":"https:\/\/www.facecorner.lv\/#\/schema\/logo\/image\/"},"sameAs":["https:\/\/www.facebook.com\/profile.php?id=100063824551839","https:\/\/www.instagram.com\/facecorner_shop\/"]}]},"product_price_amount":"19.00","product_price_currency":"EUR","og_availability":"out of stock","product_availability":"out of stock","product_condition":"new"},"_links":{"self":[{"href":"https:\/\/www.facecorner.lv\/en\/wp-json\/wp\/v2\/product\/24416","targetHints":{"allow":["GET"]}}],"collection":[{"href":"https:\/\/www.facecorner.lv\/en\/wp-json\/wp\/v2\/product"}],"about":[{"href":"https:\/\/www.facecorner.lv\/en\/wp-json\/wp\/v2\/types\/product"}],"replies":[{"embeddable":true,"href":"https:\/\/www.facecorner.lv\/en\/wp-json\/wp\/v2\/comments?post=24416"}],"wp:featuredmedia":[{"embeddable":true,"href":"https:\/\/www.facecorner.lv\/en\/wp-json\/wp\/v2\/media\/24417"}],"wp:attachment":[{"href":"https:\/\/www.facecorner.lv\/en\/wp-json\/wp\/v2\/media?parent=24416"}],"wp:term":[{"taxonomy":"product_brand","embeddable":true,"href":"https:\/\/www.facecorner.lv\/en\/wp-json\/wp\/v2\/product_brand?post=24416"},{"taxonomy":"product_cat","embeddable":true,"href":"https:\/\/www.facecorner.lv\/en\/wp-json\/wp\/v2\/product_cat?post=24416"},{"taxonomy":"product_tag","embeddable":true,"href":"https:\/\/www.facecorner.lv\/en\/wp-json\/wp\/v2\/product_tag?post=24416"},{"taxonomy":"berocket_brand","embeddable":true,"href":"https:\/\/www.facecorner.lv\/en\/wp-json\/wp\/v2\/berocket_brand?post=24416"}],"curies":[{"name":"wp","href":"https:\/\/api.w.org\/{rel}","templated":true}]}}