{"id":24412,"date":"2025-05-31T15:17:31","date_gmt":"2025-05-31T12:17:31","guid":{"rendered":"https:\/\/www.facecorner.lv\/?post_type=product&#038;p=24412"},"modified":"2025-06-20T15:23:21","modified_gmt":"2025-06-20T12:23:21","slug":"medi-peel-peptide-9-vitanol-sun-stick-pro-23g","status":"publish","type":"product","link":"https:\/\/www.facecorner.lv\/en\/shop\/medi-peel-peptide-9-vitanol-sun-stick-pro-23g\/","title":{"rendered":"MEDI-PEEL Peptide 9 Vitanol Sun Stick Pro 23g"},"content":{"rendered":"<p>MEDI-PEEL Peptide 9 Vitanol Sun Stick Pro ir bag\u0101tin\u0101ts ar pept\u012bdu kompleksu 9, kas efekt\u012bvi c\u012bn\u0101s pret vecuma plankumiem, uzlabojot epit\u0113lija tonusu un elast\u012bbu. Niacinam\u012bds (2%) pal\u012bdz samazin\u0101t pigment\u0101cijas un vasaras raibumu ra\u0161anos, uzlabo kop\u0113jo sejas kr\u0101su un uzlabo dermas aizsargfunkcijas.<\/p>\n<p>L\u012bmi\u0146am ir SPF 50+ PA++++ aizsardz\u012bbas l\u012bmenis, tam piem\u012bt lieliska nomierino\u0161a iedarb\u012bba, tas mazina aps\u0101rtumu un veicina saules boj\u0101tas \u0101das re\u0123ener\u0101ciju.<\/p>\n<ul>\n<li>Blo\u0137\u0113 UV starojuma negat\u012bvo ietekmi;<\/li>\n<li>uzlabo epit\u0113lija hidrolip\u012bdu l\u012bdzsvaru;<\/li>\n<li>tam ir nomierino\u0161a iedarb\u012bba;<\/li>\n<li>maigi balina tum\u0161os \u0101das laukus un izl\u012bdzina sejas kr\u0101su.<\/li>\n<\/ul>\n<p><strong>How to use:<\/strong> Pagrieziet n\u016bji\u0146as apak\u0161\u0113jo da\u013cu, lai izspiestu saturu. Uzkl\u0101jiet nepiecie\u0161amo daudzumu uz sejas. Akt\u012bvas sau\u013co\u0161an\u0101s laik\u0101 produktu atk\u0101rtoti uzkl\u0101jiet ik p\u0113c 2-3 stund\u0101m.<\/p>\n<p><strong>Ingredientes:<\/strong> <span style=\"font-size: 16px;\">Purified Water, Dibutyl Adipate, Synthetic Wax, Silicon Dioxide, Diethylaminohydroxybenzoylhexylbenzoate, Dimethicone, Butyloctyl Salicylate, Ethylhexyltriazone, Vinyldimethicone\/Methyconylsesquioxane Crosspolymer, Polysilicon, Acinamide (20,000 ppm); stearyl alcohol. heptanoate, laurylpolyglyceryl-3 polydimethylsiloxyethyldimethicone, triethoxycaprylsilane, 1,2-hexanediol, sodium caprylic acid glycerides, propanediol, ectoine, hydrolyzed collagen, persimmon extract, macadamia seed oil, caprylic acid triglyceride, propylene glycol, glycerin, hydrogenated recithin, medlar leaf extract, cholesterol, egg white (0.1 tsp), mint extract, rapeseed sterol, Poly-5, Cetes-3, Cetes-5, lavender flower extract, matricaria flower extract, barley extract, cornflower extract. , Aluminum Hydroxide \/ Magnesium Stearate, Clary Extract, Hyacinth Outpost Extract, Seaweed Extract, Guava Leaf Extract, Half Cap Extract, Ethylhexylglycerin, Tung-Tung Madi Extract, Potassium Cetyl Phosphate, Pentaerythritol (01 ppb), Jeju Cooked Rice Extract, Thiamin H.C.L. (0.01 ppb), Pantothenic acid (0.01 ppb), Tripeptide-1 (0.0064 ppb), Bohum cactus stem extract, Acetylhexapeptide-8 (0.000 Alanine \/ Histidine \/ Lysine polypeptide Caper H. C. L., Carper Tripeptide-1 (0.00 .0005 ppb), Palmitoyltripeptide-1 (0.0005 ppb), Palmitoylpentapeptide-4 (0.0005 ppb), Hexapept0-0 -9 (0.0005 ppb), Nonapeptide-1 (0.0001 ppb), Riboflavin (0 .0001 ppb), pyridoxine (0.0001 ppb), Biotin (0.00001 ppb), cyanocobalamin (0.00000 , polyacid (0.000001 ppb), Flavor<\/span><\/p>\n<div id=\"tab-related\" class=\"box related rcarousel\"><\/div>\n<p>&nbsp;<\/p>\n<p>&nbsp;<\/p>","protected":false},"excerpt":{"rendered":"<p>MEDI-PEEL Peptide 9 Vitanol Sun Stick Pro ir bag\u0101tin\u0101ts ar pept\u012bdu kompleksu 9, kas efekt\u012bvi c\u012bn\u0101s pret vecuma plankumiem, uzlabojot epit\u0113lija tonusu un elast\u012bbu.<\/p>","protected":false},"featured_media":24413,"comment_status":"open","ping_status":"closed","template":"","meta":{"site-sidebar-layout":"default","site-content-layout":"","ast-site-content-layout":"default","site-content-style":"default","site-sidebar-style":"default","ast-global-header-display":"","ast-banner-title-visibility":"","ast-main-header-display":"","ast-hfb-above-header-display":"","ast-hfb-below-header-display":"","ast-hfb-mobile-header-display":"","site-post-title":"","ast-breadcrumbs-content":"","ast-featured-img":"","footer-sml-layout":"","theme-transparent-header-meta":"default","adv-header-id-meta":"","stick-header-meta":"","header-above-stick-meta":"","header-main-stick-meta":"","header-below-stick-meta":"","astra-migrate-meta-layouts":"set","ast-page-background-enabled":"default","ast-page-background-meta":{"desktop":{"background-color":"var(--ast-global-color-4)","background-image":"","background-repeat":"repeat","background-position":"center center","background-size":"auto","background-attachment":"scroll","background-type":"","background-media":"","overlay-type":"","overlay-color":"","overlay-opacity":"","overlay-gradient":""},"tablet":{"background-color":"","background-image":"","background-repeat":"repeat","background-position":"center center","background-size":"auto","background-attachment":"scroll","background-type":"","background-media":"","overlay-type":"","overlay-color":"","overlay-opacity":"","overlay-gradient":""},"mobile":{"background-color":"","background-image":"","background-repeat":"repeat","background-position":"center center","background-size":"auto","background-attachment":"scroll","background-type":"","background-media":"","overlay-type":"","overlay-color":"","overlay-opacity":"","overlay-gradient":""}},"ast-content-background-meta":{"desktop":{"background-color":"var(--ast-global-color-5)","background-image":"","background-repeat":"repeat","background-position":"center center","background-size":"auto","background-attachment":"scroll","background-type":"","background-media":"","overlay-type":"","overlay-color":"","overlay-opacity":"","overlay-gradient":""},"tablet":{"background-color":"var(--ast-global-color-5)","background-image":"","background-repeat":"repeat","background-position":"center center","background-size":"auto","background-attachment":"scroll","background-type":"","background-media":"","overlay-type":"","overlay-color":"","overlay-opacity":"","overlay-gradient":""},"mobile":{"background-color":"var(--ast-global-color-5)","background-image":"","background-repeat":"repeat","background-position":"center center","background-size":"auto","background-attachment":"scroll","background-type":"","background-media":"","overlay-type":"","overlay-color":"","overlay-opacity":"","overlay-gradient":""}}},"product_brand":[],"product_cat":[512],"product_tag":[],"berocket_brand":[583],"class_list":{"0":"post-24412","1":"product","2":"type-product","3":"status-publish","4":"has-post-thumbnail","6":"product_cat-spf","7":"berocket_brand-medi-peel","8":"desktop-align-left","9":"tablet-align-left","10":"mobile-align-left","12":"first","13":"outofstock","14":"taxable","15":"shipping-taxable","16":"purchasable","17":"product-type-simple","18":"add-to-wishlist-before_image"},"yoast_head":"<!-- This site is optimized with the Yoast SEO plugin v27.3 - https:\/\/yoast.com\/product\/yoast-seo-wordpress\/ -->\n<title>MEDI-PEEL Peptide 9 Vitanol Sun Stick Pro 23g - FACECORNER<\/title>\n<meta name=\"description\" content=\"MEDI-PEEL Peptide 9 Vitanol Sun Stick Pro ir bag\u0101tin\u0101ts ar pept\u012bdu kompleksu 9, kas efekt\u012bvi c\u012bn\u0101s pret vecuma plankumiem, uzlabojot epit\u0113lija tonusu.\" \/>\n<meta name=\"robots\" content=\"index, follow, max-snippet:-1, max-image-preview:large, max-video-preview:-1\" \/>\n<link rel=\"canonical\" href=\"https:\/\/www.facecorner.lv\/en\/shop\/medi-peel-peptide-9-vitanol-sun-stick-pro-23g\/\" \/>\n<meta property=\"og:locale\" content=\"en_US\" \/>\n<meta property=\"og:type\" content=\"article\" \/>\n<meta property=\"og:title\" content=\"MEDI-PEEL Peptide 9 Vitanol Sun Stick Pro 23g - FACECORNER\" \/>\n<meta property=\"og:description\" content=\"MEDI-PEEL Peptide 9 Vitanol Sun Stick Pro ir bag\u0101tin\u0101ts ar pept\u012bdu kompleksu 9, kas efekt\u012bvi c\u012bn\u0101s pret vecuma plankumiem, uzlabojot epit\u0113lija tonusu.\" \/>\n<meta property=\"og:url\" content=\"https:\/\/www.facecorner.lv\/en\/shop\/medi-peel-peptide-9-vitanol-sun-stick-pro-23g\/\" \/>\n<meta property=\"og:site_name\" content=\"FACECORNER\" \/>\n<meta property=\"article:publisher\" content=\"https:\/\/www.facebook.com\/profile.php?id=100063824551839\" \/>\n<meta property=\"article:modified_time\" content=\"2025-06-20T12:23:21+00:00\" \/>\n<meta property=\"og:image\" content=\"https:\/\/www.facecorner.lv\/wp-content\/uploads\/2025\/05\/1_x3u7-ow.webp\" \/>\n\t<meta property=\"og:image:width\" content=\"1000\" \/>\n\t<meta property=\"og:image:height\" content=\"1000\" \/>\n\t<meta property=\"og:image:type\" content=\"image\/webp\" \/>\n<meta name=\"twitter:card\" content=\"summary_large_image\" \/>\n<meta name=\"twitter:label1\" content=\"Price\" \/>\n\t<meta name=\"twitter:data1\" content=\"&euro;25.40\" \/>\n\t<meta name=\"twitter:label2\" content=\"Availability\" \/>\n\t<meta name=\"twitter:data2\" content=\"Out of stock\" \/>\n<script type=\"application\/ld+json\" class=\"yoast-schema-graph\">{\"@context\":\"https:\\\/\\\/schema.org\",\"@graph\":[{\"@type\":\"WebPage\",\"@id\":\"https:\\\/\\\/www.facecorner.lv\\\/shop\\\/medi-peel-peptide-9-vitanol-sun-stick-pro-23g\\\/\",\"url\":\"https:\\\/\\\/www.facecorner.lv\\\/shop\\\/medi-peel-peptide-9-vitanol-sun-stick-pro-23g\\\/\",\"name\":\"MEDI-PEEL Peptide 9 Vitanol Sun Stick Pro 23g - FACECORNER\",\"isPartOf\":{\"@id\":\"https:\\\/\\\/www.facecorner.lv\\\/#website\"},\"primaryImageOfPage\":{\"@id\":\"https:\\\/\\\/www.facecorner.lv\\\/shop\\\/medi-peel-peptide-9-vitanol-sun-stick-pro-23g\\\/#primaryimage\"},\"image\":{\"@id\":\"https:\\\/\\\/www.facecorner.lv\\\/shop\\\/medi-peel-peptide-9-vitanol-sun-stick-pro-23g\\\/#primaryimage\"},\"thumbnailUrl\":\"https:\\\/\\\/www.facecorner.lv\\\/wp-content\\\/uploads\\\/2025\\\/05\\\/1_x3u7-ow.webp\",\"datePublished\":\"2025-05-31T12:17:31+00:00\",\"dateModified\":\"2025-06-20T12:23:21+00:00\",\"description\":\"MEDI-PEEL Peptide 9 Vitanol Sun Stick Pro ir bag\u0101tin\u0101ts ar pept\u012bdu kompleksu 9, kas efekt\u012bvi c\u012bn\u0101s pret vecuma plankumiem, uzlabojot epit\u0113lija tonusu.\",\"breadcrumb\":{\"@id\":\"https:\\\/\\\/www.facecorner.lv\\\/shop\\\/medi-peel-peptide-9-vitanol-sun-stick-pro-23g\\\/#breadcrumb\"},\"inLanguage\":\"en-US\",\"potentialAction\":[{\"@type\":\"ReadAction\",\"target\":[\"https:\\\/\\\/www.facecorner.lv\\\/shop\\\/medi-peel-peptide-9-vitanol-sun-stick-pro-23g\\\/\"]}]},{\"@type\":\"ImageObject\",\"inLanguage\":\"en-US\",\"@id\":\"https:\\\/\\\/www.facecorner.lv\\\/shop\\\/medi-peel-peptide-9-vitanol-sun-stick-pro-23g\\\/#primaryimage\",\"url\":\"https:\\\/\\\/www.facecorner.lv\\\/wp-content\\\/uploads\\\/2025\\\/05\\\/1_x3u7-ow.webp\",\"contentUrl\":\"https:\\\/\\\/www.facecorner.lv\\\/wp-content\\\/uploads\\\/2025\\\/05\\\/1_x3u7-ow.webp\",\"width\":1000,\"height\":1000,\"caption\":\"MEDI-PEEL Peptide 9 Vitanol Sun Stick Pro\"},{\"@type\":\"BreadcrumbList\",\"@id\":\"https:\\\/\\\/www.facecorner.lv\\\/shop\\\/medi-peel-peptide-9-vitanol-sun-stick-pro-23g\\\/#breadcrumb\",\"itemListElement\":[{\"@type\":\"ListItem\",\"position\":1,\"name\":\"Home\",\"item\":\"https:\\\/\\\/www.facecorner.lv\\\/\"},{\"@type\":\"ListItem\",\"position\":2,\"name\":\"Veikals\",\"item\":\"https:\\\/\\\/www.facecorner.lv\\\/shop\\\/\"},{\"@type\":\"ListItem\",\"position\":3,\"name\":\"MEDI-PEEL Peptide 9 Vitanol Sun Stick Pro 23g\"}]},{\"@type\":\"WebSite\",\"@id\":\"https:\\\/\\\/www.facecorner.lv\\\/#website\",\"url\":\"https:\\\/\\\/www.facecorner.lv\\\/\",\"name\":\"Facecorner\",\"description\":\"\",\"publisher\":{\"@id\":\"https:\\\/\\\/www.facecorner.lv\\\/#organization\"},\"potentialAction\":[{\"@type\":\"SearchAction\",\"target\":{\"@type\":\"EntryPoint\",\"urlTemplate\":\"https:\\\/\\\/www.facecorner.lv\\\/?s={search_term_string}\"},\"query-input\":{\"@type\":\"PropertyValueSpecification\",\"valueRequired\":true,\"valueName\":\"search_term_string\"}}],\"inLanguage\":\"en-US\"},{\"@type\":\"Organization\",\"@id\":\"https:\\\/\\\/www.facecorner.lv\\\/#organization\",\"name\":\"Facecorner\",\"url\":\"https:\\\/\\\/www.facecorner.lv\\\/\",\"logo\":{\"@type\":\"ImageObject\",\"inLanguage\":\"en-US\",\"@id\":\"https:\\\/\\\/www.facecorner.lv\\\/#\\\/schema\\\/logo\\\/image\\\/\",\"url\":\"https:\\\/\\\/www.facecorner.lv\\\/wp-content\\\/uploads\\\/2024\\\/04\\\/fc-logo.jpg\",\"contentUrl\":\"https:\\\/\\\/www.facecorner.lv\\\/wp-content\\\/uploads\\\/2024\\\/04\\\/fc-logo.jpg\",\"width\":174,\"height\":28,\"caption\":\"Facecorner\"},\"image\":{\"@id\":\"https:\\\/\\\/www.facecorner.lv\\\/#\\\/schema\\\/logo\\\/image\\\/\"},\"sameAs\":[\"https:\\\/\\\/www.facebook.com\\\/profile.php?id=100063824551839\",\"https:\\\/\\\/www.instagram.com\\\/facecorner_shop\\\/\"]}]}<\/script>\n<meta property=\"product:price:amount\" content=\"25.40\" \/>\n<meta property=\"product:price:currency\" content=\"EUR\" \/>\n<meta property=\"og:availability\" content=\"out of stock\" \/>\n<meta property=\"product:availability\" content=\"out of stock\" \/>\n<meta property=\"product:condition\" content=\"new\" \/>\n<!-- \/ Yoast SEO plugin. -->","yoast_head_json":{"title":"MEDI-PEEL Peptide 9 Vitanol Sun Stick Pro 23g - FACECORNER","description":"MEDI-PEEL Peptide 9 Vitanol Sun Stick Pro ir bag\u0101tin\u0101ts ar pept\u012bdu kompleksu 9, kas efekt\u012bvi c\u012bn\u0101s pret vecuma plankumiem, uzlabojot epit\u0113lija tonusu.","robots":{"index":"index","follow":"follow","max-snippet":"max-snippet:-1","max-image-preview":"max-image-preview:large","max-video-preview":"max-video-preview:-1"},"canonical":"https:\/\/www.facecorner.lv\/en\/shop\/medi-peel-peptide-9-vitanol-sun-stick-pro-23g\/","og_locale":"en_US","og_type":"article","og_title":"MEDI-PEEL Peptide 9 Vitanol Sun Stick Pro 23g - FACECORNER","og_description":"MEDI-PEEL Peptide 9 Vitanol Sun Stick Pro ir bag\u0101tin\u0101ts ar pept\u012bdu kompleksu 9, kas efekt\u012bvi c\u012bn\u0101s pret vecuma plankumiem, uzlabojot epit\u0113lija tonusu.","og_url":"https:\/\/www.facecorner.lv\/en\/shop\/medi-peel-peptide-9-vitanol-sun-stick-pro-23g\/","og_site_name":"FACECORNER","article_publisher":"https:\/\/www.facebook.com\/profile.php?id=100063824551839","article_modified_time":"2025-06-20T12:23:21+00:00","og_image":[{"width":1000,"height":1000,"url":"https:\/\/www.facecorner.lv\/wp-content\/uploads\/2025\/05\/1_x3u7-ow.webp","type":"image\/webp"}],"twitter_card":"summary_large_image","twitter_misc":{"Price":"&euro;25.40","Availability":"Out of stock"},"schema":{"@context":"https:\/\/schema.org","@graph":[{"@type":"WebPage","@id":"https:\/\/www.facecorner.lv\/shop\/medi-peel-peptide-9-vitanol-sun-stick-pro-23g\/","url":"https:\/\/www.facecorner.lv\/shop\/medi-peel-peptide-9-vitanol-sun-stick-pro-23g\/","name":"MEDI-PEEL Peptide 9 Vitanol Sun Stick Pro 23g - FACECORNER","isPartOf":{"@id":"https:\/\/www.facecorner.lv\/#website"},"primaryImageOfPage":{"@id":"https:\/\/www.facecorner.lv\/shop\/medi-peel-peptide-9-vitanol-sun-stick-pro-23g\/#primaryimage"},"image":{"@id":"https:\/\/www.facecorner.lv\/shop\/medi-peel-peptide-9-vitanol-sun-stick-pro-23g\/#primaryimage"},"thumbnailUrl":"https:\/\/www.facecorner.lv\/wp-content\/uploads\/2025\/05\/1_x3u7-ow.webp","datePublished":"2025-05-31T12:17:31+00:00","dateModified":"2025-06-20T12:23:21+00:00","description":"MEDI-PEEL Peptide 9 Vitanol Sun Stick Pro ir bag\u0101tin\u0101ts ar pept\u012bdu kompleksu 9, kas efekt\u012bvi c\u012bn\u0101s pret vecuma plankumiem, uzlabojot epit\u0113lija tonusu.","breadcrumb":{"@id":"https:\/\/www.facecorner.lv\/shop\/medi-peel-peptide-9-vitanol-sun-stick-pro-23g\/#breadcrumb"},"inLanguage":"en-US","potentialAction":[{"@type":"ReadAction","target":["https:\/\/www.facecorner.lv\/shop\/medi-peel-peptide-9-vitanol-sun-stick-pro-23g\/"]}]},{"@type":"ImageObject","inLanguage":"en-US","@id":"https:\/\/www.facecorner.lv\/shop\/medi-peel-peptide-9-vitanol-sun-stick-pro-23g\/#primaryimage","url":"https:\/\/www.facecorner.lv\/wp-content\/uploads\/2025\/05\/1_x3u7-ow.webp","contentUrl":"https:\/\/www.facecorner.lv\/wp-content\/uploads\/2025\/05\/1_x3u7-ow.webp","width":1000,"height":1000,"caption":"MEDI-PEEL Peptide 9 Vitanol Sun Stick Pro"},{"@type":"BreadcrumbList","@id":"https:\/\/www.facecorner.lv\/shop\/medi-peel-peptide-9-vitanol-sun-stick-pro-23g\/#breadcrumb","itemListElement":[{"@type":"ListItem","position":1,"name":"Home","item":"https:\/\/www.facecorner.lv\/"},{"@type":"ListItem","position":2,"name":"Veikals","item":"https:\/\/www.facecorner.lv\/shop\/"},{"@type":"ListItem","position":3,"name":"MEDI-PEEL Peptide 9 Vitanol Sun Stick Pro 23g"}]},{"@type":"WebSite","@id":"https:\/\/www.facecorner.lv\/#website","url":"https:\/\/www.facecorner.lv\/","name":"Facecorner","description":"","publisher":{"@id":"https:\/\/www.facecorner.lv\/#organization"},"potentialAction":[{"@type":"SearchAction","target":{"@type":"EntryPoint","urlTemplate":"https:\/\/www.facecorner.lv\/?s={search_term_string}"},"query-input":{"@type":"PropertyValueSpecification","valueRequired":true,"valueName":"search_term_string"}}],"inLanguage":"en-US"},{"@type":"Organization","@id":"https:\/\/www.facecorner.lv\/#organization","name":"Facecorner","url":"https:\/\/www.facecorner.lv\/","logo":{"@type":"ImageObject","inLanguage":"en-US","@id":"https:\/\/www.facecorner.lv\/#\/schema\/logo\/image\/","url":"https:\/\/www.facecorner.lv\/wp-content\/uploads\/2024\/04\/fc-logo.jpg","contentUrl":"https:\/\/www.facecorner.lv\/wp-content\/uploads\/2024\/04\/fc-logo.jpg","width":174,"height":28,"caption":"Facecorner"},"image":{"@id":"https:\/\/www.facecorner.lv\/#\/schema\/logo\/image\/"},"sameAs":["https:\/\/www.facebook.com\/profile.php?id=100063824551839","https:\/\/www.instagram.com\/facecorner_shop\/"]}]},"product_price_amount":"25.40","product_price_currency":"EUR","og_availability":"out of stock","product_availability":"out of stock","product_condition":"new"},"_links":{"self":[{"href":"https:\/\/www.facecorner.lv\/en\/wp-json\/wp\/v2\/product\/24412","targetHints":{"allow":["GET"]}}],"collection":[{"href":"https:\/\/www.facecorner.lv\/en\/wp-json\/wp\/v2\/product"}],"about":[{"href":"https:\/\/www.facecorner.lv\/en\/wp-json\/wp\/v2\/types\/product"}],"replies":[{"embeddable":true,"href":"https:\/\/www.facecorner.lv\/en\/wp-json\/wp\/v2\/comments?post=24412"}],"wp:featuredmedia":[{"embeddable":true,"href":"https:\/\/www.facecorner.lv\/en\/wp-json\/wp\/v2\/media\/24413"}],"wp:attachment":[{"href":"https:\/\/www.facecorner.lv\/en\/wp-json\/wp\/v2\/media?parent=24412"}],"wp:term":[{"taxonomy":"product_brand","embeddable":true,"href":"https:\/\/www.facecorner.lv\/en\/wp-json\/wp\/v2\/product_brand?post=24412"},{"taxonomy":"product_cat","embeddable":true,"href":"https:\/\/www.facecorner.lv\/en\/wp-json\/wp\/v2\/product_cat?post=24412"},{"taxonomy":"product_tag","embeddable":true,"href":"https:\/\/www.facecorner.lv\/en\/wp-json\/wp\/v2\/product_tag?post=24412"},{"taxonomy":"berocket_brand","embeddable":true,"href":"https:\/\/www.facecorner.lv\/en\/wp-json\/wp\/v2\/berocket_brand?post=24412"}],"curies":[{"name":"wp","href":"https:\/\/api.w.org\/{rel}","templated":true}]}}