{"id":24375,"date":"2025-05-27T22:34:38","date_gmt":"2025-05-27T19:34:38","guid":{"rendered":"https:\/\/www.facecorner.lv\/?post_type=product&#038;p=24375"},"modified":"2025-07-09T16:21:37","modified_gmt":"2025-07-09T13:21:37","slug":"arencia-deep-water-surge-serum-30-50ml","status":"publish","type":"product","link":"https:\/\/www.facecorner.lv\/en\/shop\/arencia-deep-water-surge-serum-30-50ml\/","title":{"rendered":"Arencia  Deep Water Surge Serum 30  50ml"},"content":{"rendered":"<p>Arencia Deep Water Surge Serum 30 viegls, dzi\u013ci mitrino\u0161s serums, kas nomierina un stiprina \u0101das aizsargbarjeru. Bag\u0101tin\u0101ts ar hialuronsk\u0101bi, pept\u012bdiem un augu ekstraktiem, tas nodro\u0161ina intens\u012bvu mitrin\u0101\u0161anu, vienlaikus nomierinot jut\u012bgu \u0101du.<\/p>\n<p><strong>\u00a0Benefits<\/strong><\/p>\n<ul>\n<li>Nodro\u0161ina dzi\u013cu mitrin\u0101\u0161anu ar vair\u0101k\u0101m hialuronsk\u0101bes form\u0101m.<\/li>\n<li>Nomierina un nomierina sakairin\u0101tu vai jut\u012bgu \u0101du.<\/li>\n<\/ul>\n<p>Piem\u0113rots visiem \u0101das tipiem, \u012bpa\u0161i jut\u012bgai, sausai vai dehidr\u0113tai \u0101dai.<\/p>\n<p><strong>How to use:<\/strong> P\u0113c tonika uzkl\u0101jiet pietiekamu daudzumu uz t\u012bras \u0101das un maigi uzsl\u0101\u0146ojiet, lai pal\u012bdz\u0113tu uzs\u016bkties.<\/p>\n<p><strong>Sast\u0101vs:<\/strong> Water, Propanediol, Glycereth-26, Glycerin, Sodium Hyaluronate, Niacinamide, 1,2-Hexanediol, Butylene Glycol, Ethylhexylglycerin, Polyglyceryl-10 Myristate, Adenosine, Polyglyceryl-10 Laurate, Dextrin, Panthenol, Betaine, Gardenia Florida Fruit Extract, Camellia Sinensis Leaf Extract, Oryza Sativa (Rice) Lees Extract, Aloe Barbadensis Extract, Salix Alba (Willow) Extract, Melissa Officinalis Extract, Vaccinium Angustifolium (Blueberry) Fruit Extract, Glyceryl Acrylate\/Acrylic Acid Copolymer, PVM\/MA Copolymer, Caprylic\/Capric Triglyceride, Hydrogenated Lecithin, Polyglyceryl-10 Oleate, Ceramide NP, Hydrolyzed DNA, Copper Tripeptide-1, Acetyl Hexapeptide-8, Glycosphingolipids, Sodium Ascorbyl Phosphate, Potassium Hyaluronate, Sodium Hyaluronate Crosspolymer, Hydroxypropyltrimonium Hyaluronate, Hydrolyzed Hyaluronic Acid, Hyaluronic Acid, Hydrolyzed Sodium Hyaluronate, Disodium EDTA, Pentylene Glycol, Palmitoyl Pentapeptide-4, Sodium Acetylated Hyaluronate, Tripeptide-1, Palmitoyl Tripeptide-1, Oligopeptide-1 , Oligopeptide-2, Palmitoyl Tetrapeptide-7, Hexapeptide-9<\/p>","protected":false},"excerpt":{"rendered":"<p>Arencia Deep Water Surge Serum 30 viegls, dzi\u013ci mitrino\u0161s serums, kas nomierina un stiprina \u0101das aizsargbarjeru. Bag\u0101tin\u0101ts ar hialuronsk\u0101bi, pept\u012bdiem un augu ekstraktiem, tas nodro\u0161ina intens\u012bvu mitrin\u0101\u0161anu, vienlaikus nomierinot jut\u012bgu \u0101du.<\/p>","protected":false},"featured_media":24376,"comment_status":"open","ping_status":"closed","template":"","meta":{"site-sidebar-layout":"default","site-content-layout":"","ast-site-content-layout":"default","site-content-style":"default","site-sidebar-style":"default","ast-global-header-display":"","ast-banner-title-visibility":"","ast-main-header-display":"","ast-hfb-above-header-display":"","ast-hfb-below-header-display":"","ast-hfb-mobile-header-display":"","site-post-title":"","ast-breadcrumbs-content":"","ast-featured-img":"","footer-sml-layout":"","theme-transparent-header-meta":"default","adv-header-id-meta":"","stick-header-meta":"","header-above-stick-meta":"","header-main-stick-meta":"","header-below-stick-meta":"","astra-migrate-meta-layouts":"set","ast-page-background-enabled":"default","ast-page-background-meta":{"desktop":{"background-color":"var(--ast-global-color-4)","background-image":"","background-repeat":"repeat","background-position":"center center","background-size":"auto","background-attachment":"scroll","background-type":"","background-media":"","overlay-type":"","overlay-color":"","overlay-opacity":"","overlay-gradient":""},"tablet":{"background-color":"","background-image":"","background-repeat":"repeat","background-position":"center center","background-size":"auto","background-attachment":"scroll","background-type":"","background-media":"","overlay-type":"","overlay-color":"","overlay-opacity":"","overlay-gradient":""},"mobile":{"background-color":"","background-image":"","background-repeat":"repeat","background-position":"center center","background-size":"auto","background-attachment":"scroll","background-type":"","background-media":"","overlay-type":"","overlay-color":"","overlay-opacity":"","overlay-gradient":""}},"ast-content-background-meta":{"desktop":{"background-color":"var(--ast-global-color-5)","background-image":"","background-repeat":"repeat","background-position":"center center","background-size":"auto","background-attachment":"scroll","background-type":"","background-media":"","overlay-type":"","overlay-color":"","overlay-opacity":"","overlay-gradient":""},"tablet":{"background-color":"var(--ast-global-color-5)","background-image":"","background-repeat":"repeat","background-position":"center center","background-size":"auto","background-attachment":"scroll","background-type":"","background-media":"","overlay-type":"","overlay-color":"","overlay-opacity":"","overlay-gradient":""},"mobile":{"background-color":"var(--ast-global-color-5)","background-image":"","background-repeat":"repeat","background-position":"center center","background-size":"auto","background-attachment":"scroll","background-type":"","background-media":"","overlay-type":"","overlay-color":"","overlay-opacity":"","overlay-gradient":""}}},"product_brand":[],"product_cat":[315,366,322,362],"product_tag":[],"berocket_brand":[635],"class_list":{"0":"post-24375","1":"product","2":"type-product","3":"status-publish","4":"has-post-thumbnail","6":"product_cat-maskas","7":"product_cat-mitrinoss","8":"product_cat-nakts","9":"product_cat-sejas-krems","10":"berocket_brand-arencia","11":"desktop-align-left","12":"tablet-align-left","13":"mobile-align-left","15":"first","16":"outofstock","17":"taxable","18":"shipping-taxable","19":"purchasable","20":"product-type-simple","21":"add-to-wishlist-before_image"},"yoast_head":"<!-- This site is optimized with the Yoast SEO plugin v27.4 - https:\/\/yoast.com\/product\/yoast-seo-wordpress\/ -->\n<title>Arencia Deep Water Surge Serum 30 50ml - FACECORNER<\/title>\n<meta name=\"description\" content=\"Arencia Deep Water Surge Serum 30 viegls, dzi\u013ci mitrino\u0161s serums, kas nomierina un stiprina \u0101das aizsargbarjeru.Bag\u0101tin\u0101ts ar hialuronsk\u0101bi, pept\u012bdiem\" \/>\n<meta name=\"robots\" content=\"index, follow, max-snippet:-1, max-image-preview:large, max-video-preview:-1\" \/>\n<link rel=\"canonical\" href=\"https:\/\/www.facecorner.lv\/en\/shop\/arencia-deep-water-surge-serum-30-50ml\/\" \/>\n<meta property=\"og:locale\" content=\"en_US\" \/>\n<meta property=\"og:type\" content=\"article\" \/>\n<meta property=\"og:title\" content=\"Arencia Deep Water Surge Serum 30 50ml - FACECORNER\" \/>\n<meta property=\"og:description\" content=\"Arencia Deep Water Surge Serum 30 viegls, dzi\u013ci mitrino\u0161s serums, kas nomierina un stiprina \u0101das aizsargbarjeru.Bag\u0101tin\u0101ts ar hialuronsk\u0101bi, pept\u012bdiem\" \/>\n<meta property=\"og:url\" content=\"https:\/\/www.facecorner.lv\/en\/shop\/arencia-deep-water-surge-serum-30-50ml\/\" \/>\n<meta property=\"og:site_name\" content=\"FACECORNER\" \/>\n<meta property=\"article:publisher\" content=\"https:\/\/www.facebook.com\/profile.php?id=100063824551839\" \/>\n<meta property=\"article:modified_time\" content=\"2025-07-09T13:21:37+00:00\" \/>\n<meta property=\"og:image\" content=\"https:\/\/www.facecorner.lv\/wp-content\/uploads\/2025\/05\/50.webp\" \/>\n\t<meta property=\"og:image:width\" content=\"1200\" \/>\n\t<meta property=\"og:image:height\" content=\"1200\" \/>\n\t<meta property=\"og:image:type\" content=\"image\/webp\" \/>\n<meta name=\"twitter:card\" content=\"summary_large_image\" \/>\n<meta name=\"twitter:label1\" content=\"Price\" \/>\n\t<meta name=\"twitter:data1\" content=\"&euro;27.50\" \/>\n\t<meta name=\"twitter:label2\" content=\"Availability\" \/>\n\t<meta name=\"twitter:data2\" content=\"Out of stock\" \/>\n<script type=\"application\/ld+json\" class=\"yoast-schema-graph\">{\"@context\":\"https:\\\/\\\/schema.org\",\"@graph\":[{\"@type\":\"WebPage\",\"@id\":\"https:\\\/\\\/www.facecorner.lv\\\/shop\\\/arencia-deep-water-surge-serum-30-50ml\\\/\",\"url\":\"https:\\\/\\\/www.facecorner.lv\\\/shop\\\/arencia-deep-water-surge-serum-30-50ml\\\/\",\"name\":\"Arencia Deep Water Surge Serum 30 50ml - FACECORNER\",\"isPartOf\":{\"@id\":\"https:\\\/\\\/www.facecorner.lv\\\/#website\"},\"primaryImageOfPage\":{\"@id\":\"https:\\\/\\\/www.facecorner.lv\\\/shop\\\/arencia-deep-water-surge-serum-30-50ml\\\/#primaryimage\"},\"image\":{\"@id\":\"https:\\\/\\\/www.facecorner.lv\\\/shop\\\/arencia-deep-water-surge-serum-30-50ml\\\/#primaryimage\"},\"thumbnailUrl\":\"https:\\\/\\\/www.facecorner.lv\\\/wp-content\\\/uploads\\\/2025\\\/05\\\/50.webp\",\"datePublished\":\"2025-05-27T19:34:38+00:00\",\"dateModified\":\"2025-07-09T13:21:37+00:00\",\"description\":\"Arencia Deep Water Surge Serum 30 viegls, dzi\u013ci mitrino\u0161s serums, kas nomierina un stiprina \u0101das aizsargbarjeru.Bag\u0101tin\u0101ts ar hialuronsk\u0101bi, pept\u012bdiem\",\"breadcrumb\":{\"@id\":\"https:\\\/\\\/www.facecorner.lv\\\/shop\\\/arencia-deep-water-surge-serum-30-50ml\\\/#breadcrumb\"},\"inLanguage\":\"en-US\",\"potentialAction\":[{\"@type\":\"ReadAction\",\"target\":[\"https:\\\/\\\/www.facecorner.lv\\\/shop\\\/arencia-deep-water-surge-serum-30-50ml\\\/\"]}]},{\"@type\":\"ImageObject\",\"inLanguage\":\"en-US\",\"@id\":\"https:\\\/\\\/www.facecorner.lv\\\/shop\\\/arencia-deep-water-surge-serum-30-50ml\\\/#primaryimage\",\"url\":\"https:\\\/\\\/www.facecorner.lv\\\/wp-content\\\/uploads\\\/2025\\\/05\\\/50.webp\",\"contentUrl\":\"https:\\\/\\\/www.facecorner.lv\\\/wp-content\\\/uploads\\\/2025\\\/05\\\/50.webp\",\"width\":1200,\"height\":1200,\"caption\":\"Arencia Deep Water Surge Serum 30\"},{\"@type\":\"BreadcrumbList\",\"@id\":\"https:\\\/\\\/www.facecorner.lv\\\/shop\\\/arencia-deep-water-surge-serum-30-50ml\\\/#breadcrumb\",\"itemListElement\":[{\"@type\":\"ListItem\",\"position\":1,\"name\":\"Home\",\"item\":\"https:\\\/\\\/www.facecorner.lv\\\/\"},{\"@type\":\"ListItem\",\"position\":2,\"name\":\"Veikals\",\"item\":\"https:\\\/\\\/www.facecorner.lv\\\/shop\\\/\"},{\"@type\":\"ListItem\",\"position\":3,\"name\":\"Arencia Deep Water Surge Serum 30 50ml\"}]},{\"@type\":\"WebSite\",\"@id\":\"https:\\\/\\\/www.facecorner.lv\\\/#website\",\"url\":\"https:\\\/\\\/www.facecorner.lv\\\/\",\"name\":\"Facecorner\",\"description\":\"\",\"publisher\":{\"@id\":\"https:\\\/\\\/www.facecorner.lv\\\/#organization\"},\"potentialAction\":[{\"@type\":\"SearchAction\",\"target\":{\"@type\":\"EntryPoint\",\"urlTemplate\":\"https:\\\/\\\/www.facecorner.lv\\\/?s={search_term_string}\"},\"query-input\":{\"@type\":\"PropertyValueSpecification\",\"valueRequired\":true,\"valueName\":\"search_term_string\"}}],\"inLanguage\":\"en-US\"},{\"@type\":\"Organization\",\"@id\":\"https:\\\/\\\/www.facecorner.lv\\\/#organization\",\"name\":\"Facecorner\",\"url\":\"https:\\\/\\\/www.facecorner.lv\\\/\",\"logo\":{\"@type\":\"ImageObject\",\"inLanguage\":\"en-US\",\"@id\":\"https:\\\/\\\/www.facecorner.lv\\\/#\\\/schema\\\/logo\\\/image\\\/\",\"url\":\"https:\\\/\\\/www.facecorner.lv\\\/wp-content\\\/uploads\\\/2024\\\/04\\\/fc-logo.jpg\",\"contentUrl\":\"https:\\\/\\\/www.facecorner.lv\\\/wp-content\\\/uploads\\\/2024\\\/04\\\/fc-logo.jpg\",\"width\":174,\"height\":28,\"caption\":\"Facecorner\"},\"image\":{\"@id\":\"https:\\\/\\\/www.facecorner.lv\\\/#\\\/schema\\\/logo\\\/image\\\/\"},\"sameAs\":[\"https:\\\/\\\/www.facebook.com\\\/profile.php?id=100063824551839\",\"https:\\\/\\\/www.instagram.com\\\/facecorner_shop\\\/\"]}]}<\/script>\n<meta property=\"product:price:amount\" content=\"27.50\" \/>\n<meta property=\"product:price:currency\" content=\"EUR\" \/>\n<meta property=\"og:availability\" content=\"out of stock\" \/>\n<meta property=\"product:availability\" content=\"out of stock\" \/>\n<meta property=\"product:condition\" content=\"new\" \/>\n<!-- \/ Yoast SEO plugin. -->","yoast_head_json":{"title":"Arencia Deep Water Surge Serum 30 50ml - FACECORNER","description":"Arencia Deep Water Surge Serum 30 viegls, dzi\u013ci mitrino\u0161s serums, kas nomierina un stiprina \u0101das aizsargbarjeru.Bag\u0101tin\u0101ts ar hialuronsk\u0101bi, pept\u012bdiem","robots":{"index":"index","follow":"follow","max-snippet":"max-snippet:-1","max-image-preview":"max-image-preview:large","max-video-preview":"max-video-preview:-1"},"canonical":"https:\/\/www.facecorner.lv\/en\/shop\/arencia-deep-water-surge-serum-30-50ml\/","og_locale":"en_US","og_type":"article","og_title":"Arencia Deep Water Surge Serum 30 50ml - FACECORNER","og_description":"Arencia Deep Water Surge Serum 30 viegls, dzi\u013ci mitrino\u0161s serums, kas nomierina un stiprina \u0101das aizsargbarjeru.Bag\u0101tin\u0101ts ar hialuronsk\u0101bi, pept\u012bdiem","og_url":"https:\/\/www.facecorner.lv\/en\/shop\/arencia-deep-water-surge-serum-30-50ml\/","og_site_name":"FACECORNER","article_publisher":"https:\/\/www.facebook.com\/profile.php?id=100063824551839","article_modified_time":"2025-07-09T13:21:37+00:00","og_image":[{"width":1200,"height":1200,"url":"https:\/\/www.facecorner.lv\/wp-content\/uploads\/2025\/05\/50.webp","type":"image\/webp"}],"twitter_card":"summary_large_image","twitter_misc":{"Price":"&euro;27.50","Availability":"Out of stock"},"schema":{"@context":"https:\/\/schema.org","@graph":[{"@type":"WebPage","@id":"https:\/\/www.facecorner.lv\/shop\/arencia-deep-water-surge-serum-30-50ml\/","url":"https:\/\/www.facecorner.lv\/shop\/arencia-deep-water-surge-serum-30-50ml\/","name":"Arencia Deep Water Surge Serum 30 50ml - FACECORNER","isPartOf":{"@id":"https:\/\/www.facecorner.lv\/#website"},"primaryImageOfPage":{"@id":"https:\/\/www.facecorner.lv\/shop\/arencia-deep-water-surge-serum-30-50ml\/#primaryimage"},"image":{"@id":"https:\/\/www.facecorner.lv\/shop\/arencia-deep-water-surge-serum-30-50ml\/#primaryimage"},"thumbnailUrl":"https:\/\/www.facecorner.lv\/wp-content\/uploads\/2025\/05\/50.webp","datePublished":"2025-05-27T19:34:38+00:00","dateModified":"2025-07-09T13:21:37+00:00","description":"Arencia Deep Water Surge Serum 30 viegls, dzi\u013ci mitrino\u0161s serums, kas nomierina un stiprina \u0101das aizsargbarjeru.Bag\u0101tin\u0101ts ar hialuronsk\u0101bi, pept\u012bdiem","breadcrumb":{"@id":"https:\/\/www.facecorner.lv\/shop\/arencia-deep-water-surge-serum-30-50ml\/#breadcrumb"},"inLanguage":"en-US","potentialAction":[{"@type":"ReadAction","target":["https:\/\/www.facecorner.lv\/shop\/arencia-deep-water-surge-serum-30-50ml\/"]}]},{"@type":"ImageObject","inLanguage":"en-US","@id":"https:\/\/www.facecorner.lv\/shop\/arencia-deep-water-surge-serum-30-50ml\/#primaryimage","url":"https:\/\/www.facecorner.lv\/wp-content\/uploads\/2025\/05\/50.webp","contentUrl":"https:\/\/www.facecorner.lv\/wp-content\/uploads\/2025\/05\/50.webp","width":1200,"height":1200,"caption":"Arencia Deep Water Surge Serum 30"},{"@type":"BreadcrumbList","@id":"https:\/\/www.facecorner.lv\/shop\/arencia-deep-water-surge-serum-30-50ml\/#breadcrumb","itemListElement":[{"@type":"ListItem","position":1,"name":"Home","item":"https:\/\/www.facecorner.lv\/"},{"@type":"ListItem","position":2,"name":"Veikals","item":"https:\/\/www.facecorner.lv\/shop\/"},{"@type":"ListItem","position":3,"name":"Arencia Deep Water Surge Serum 30 50ml"}]},{"@type":"WebSite","@id":"https:\/\/www.facecorner.lv\/#website","url":"https:\/\/www.facecorner.lv\/","name":"Facecorner","description":"","publisher":{"@id":"https:\/\/www.facecorner.lv\/#organization"},"potentialAction":[{"@type":"SearchAction","target":{"@type":"EntryPoint","urlTemplate":"https:\/\/www.facecorner.lv\/?s={search_term_string}"},"query-input":{"@type":"PropertyValueSpecification","valueRequired":true,"valueName":"search_term_string"}}],"inLanguage":"en-US"},{"@type":"Organization","@id":"https:\/\/www.facecorner.lv\/#organization","name":"Facecorner","url":"https:\/\/www.facecorner.lv\/","logo":{"@type":"ImageObject","inLanguage":"en-US","@id":"https:\/\/www.facecorner.lv\/#\/schema\/logo\/image\/","url":"https:\/\/www.facecorner.lv\/wp-content\/uploads\/2024\/04\/fc-logo.jpg","contentUrl":"https:\/\/www.facecorner.lv\/wp-content\/uploads\/2024\/04\/fc-logo.jpg","width":174,"height":28,"caption":"Facecorner"},"image":{"@id":"https:\/\/www.facecorner.lv\/#\/schema\/logo\/image\/"},"sameAs":["https:\/\/www.facebook.com\/profile.php?id=100063824551839","https:\/\/www.instagram.com\/facecorner_shop\/"]}]},"product_price_amount":"27.50","product_price_currency":"EUR","og_availability":"out of stock","product_availability":"out of stock","product_condition":"new"},"_links":{"self":[{"href":"https:\/\/www.facecorner.lv\/en\/wp-json\/wp\/v2\/product\/24375","targetHints":{"allow":["GET"]}}],"collection":[{"href":"https:\/\/www.facecorner.lv\/en\/wp-json\/wp\/v2\/product"}],"about":[{"href":"https:\/\/www.facecorner.lv\/en\/wp-json\/wp\/v2\/types\/product"}],"replies":[{"embeddable":true,"href":"https:\/\/www.facecorner.lv\/en\/wp-json\/wp\/v2\/comments?post=24375"}],"wp:featuredmedia":[{"embeddable":true,"href":"https:\/\/www.facecorner.lv\/en\/wp-json\/wp\/v2\/media\/24376"}],"wp:attachment":[{"href":"https:\/\/www.facecorner.lv\/en\/wp-json\/wp\/v2\/media?parent=24375"}],"wp:term":[{"taxonomy":"product_brand","embeddable":true,"href":"https:\/\/www.facecorner.lv\/en\/wp-json\/wp\/v2\/product_brand?post=24375"},{"taxonomy":"product_cat","embeddable":true,"href":"https:\/\/www.facecorner.lv\/en\/wp-json\/wp\/v2\/product_cat?post=24375"},{"taxonomy":"product_tag","embeddable":true,"href":"https:\/\/www.facecorner.lv\/en\/wp-json\/wp\/v2\/product_tag?post=24375"},{"taxonomy":"berocket_brand","embeddable":true,"href":"https:\/\/www.facecorner.lv\/en\/wp-json\/wp\/v2\/berocket_brand?post=24375"}],"curies":[{"name":"wp","href":"https:\/\/api.w.org\/{rel}","templated":true}]}}