{"id":24288,"date":"2025-05-12T23:12:04","date_gmt":"2025-05-12T20:12:04","guid":{"rendered":"https:\/\/www.facecorner.lv\/?post_type=product&#038;p=24288"},"modified":"2026-03-25T19:32:52","modified_gmt":"2026-03-25T16:32:52","slug":"medicube-kojic-acid-turmeric-night-wrapping-mask-75ml","status":"publish","type":"product","link":"https:\/\/www.facecorner.lv\/en\/shop\/medicube-kojic-acid-turmeric-night-wrapping-mask-75ml\/","title":{"rendered":"Medicube Kojic Acid Turmeric Night Wrapping Mask 75ml"},"content":{"rendered":"<p>Medicube Kojic Acid Turmeric Night Wrapping Mask ir nakts maska ar kojsk\u0101bi, kurkumu un kolag\u0113nu. L\u012bdzeklis ir paredz\u0113ts vakara \u0101das kop\u0161anai, koncentr\u0113joties uz \u0101das tonusa izl\u012bdzin\u0101\u0161anu un visp\u0101r\u0113j\u0101 izskata uzlabo\u0161anu.<\/p>\n<p>Masku lieto k\u0101 \u0101das kop\u0161anas nosl\u0113guma posmu. P\u0113c uzkl\u0101\u0161anas t\u0101 veido pl\u0101nu pl\u0113v\u012bti, ko no r\u012bta var viegli no\u0146emt vien\u0101 k\u0101rt\u0101. Produkta tekst\u016bra \u013cauj to vienm\u0113r\u012bgi sadal\u012bt, neradot smaguma saj\u016btu.<\/p>\n<p><strong>Bubble Pop Cleanser products fine, soft foam to cleanse away dead skin, sebum and makeup residue from your face, while hyaluronic acid moisturizes your skin.<\/strong><\/p>\n<ul>\n<li>Koj\u012bnsk\u0101be &#8211; izmanto \u0101das tonusa kop\u0161an\u0101.<\/li>\n<li>Kurkuma &#8211; iek\u013cauta k\u0101 nomierino\u0161a sast\u0101vda\u013ca.<\/li>\n<li>Kolag\u0113ns &#8211; pal\u012bdz uztur\u0113t \u0101das elast\u012bbu<\/li>\n<\/ul>\n<p><strong>How to use:<\/strong> uzkl\u0101j uz t\u012bras, sausas \u0101das, izvairoties no acu zonas, l\u016bpu un matu l\u012bnijas. \u013baujiet piln\u012bb\u0101 no\u017e\u016bt. No r\u012bta maigi no\u0146emiet pl\u0113v\u012bti un nomazg\u0101jiet ar \u016bdeni. *\u0136et\u012bte nav iek\u013cauta komplekt\u0101.<\/p>\n<p><strong>Ingredientes:<\/strong> Polyvinyl Alcohol, Glycerin, Butylene Glycol, Niacinamide, 1,2-hexanediol, Sodium Hyaluronate, Isopentyldiol, Curcuma Longa (Turmeric) Root Extract, Polyglyceryl-10 Laurate, Propanediol, Glyceryl Glucoside, Ethylhexylglycerin, Xanthan Gum, Adenosine, Disodium Edta, Glucose, Kojic Acid, Ascorbic Acid, Glycine Soja (Soybean) Oil, Collagen Extract, Retinol<\/p>","protected":false},"excerpt":{"rendered":"<p>Medicube Kojic Acid Turmeric Night Wrapping Mask ir nakts maska ar kojsk\u0101bi, kurkumu un kolag\u0113nu. L\u012bdzeklis ir paredz\u0113ts vakara \u0101das kop\u0161anai, koncentr\u0113joties uz \u0101das tonusa izl\u012bdzin\u0101\u0161anu un visp\u0101r\u0113j\u0101 izskata uzlabo\u0161anu.<\/p>","protected":false},"featured_media":24290,"comment_status":"open","ping_status":"closed","template":"","meta":{"site-sidebar-layout":"default","site-content-layout":"","ast-site-content-layout":"default","site-content-style":"default","site-sidebar-style":"default","ast-global-header-display":"","ast-banner-title-visibility":"","ast-main-header-display":"","ast-hfb-above-header-display":"","ast-hfb-below-header-display":"","ast-hfb-mobile-header-display":"","site-post-title":"","ast-breadcrumbs-content":"","ast-featured-img":"","footer-sml-layout":"","theme-transparent-header-meta":"default","adv-header-id-meta":"","stick-header-meta":"","header-above-stick-meta":"","header-main-stick-meta":"","header-below-stick-meta":"","astra-migrate-meta-layouts":"set","ast-page-background-enabled":"default","ast-page-background-meta":{"desktop":{"background-color":"var(--ast-global-color-4)","background-image":"","background-repeat":"repeat","background-position":"center center","background-size":"auto","background-attachment":"scroll","background-type":"","background-media":"","overlay-type":"","overlay-color":"","overlay-opacity":"","overlay-gradient":""},"tablet":{"background-color":"","background-image":"","background-repeat":"repeat","background-position":"center center","background-size":"auto","background-attachment":"scroll","background-type":"","background-media":"","overlay-type":"","overlay-color":"","overlay-opacity":"","overlay-gradient":""},"mobile":{"background-color":"","background-image":"","background-repeat":"repeat","background-position":"center center","background-size":"auto","background-attachment":"scroll","background-type":"","background-media":"","overlay-type":"","overlay-color":"","overlay-opacity":"","overlay-gradient":""}},"ast-content-background-meta":{"desktop":{"background-color":"var(--ast-global-color-5)","background-image":"","background-repeat":"repeat","background-position":"center center","background-size":"auto","background-attachment":"scroll","background-type":"","background-media":"","overlay-type":"","overlay-color":"","overlay-opacity":"","overlay-gradient":""},"tablet":{"background-color":"var(--ast-global-color-5)","background-image":"","background-repeat":"repeat","background-position":"center center","background-size":"auto","background-attachment":"scroll","background-type":"","background-media":"","overlay-type":"","overlay-color":"","overlay-opacity":"","overlay-gradient":""},"mobile":{"background-color":"var(--ast-global-color-5)","background-image":"","background-repeat":"repeat","background-position":"center center","background-size":"auto","background-attachment":"scroll","background-type":"","background-media":"","overlay-type":"","overlay-color":"","overlay-opacity":"","overlay-gradient":""}}},"product_brand":[],"product_cat":[315,322],"product_tag":[],"berocket_brand":[579],"class_list":{"0":"post-24288","1":"product","2":"type-product","3":"status-publish","4":"has-post-thumbnail","6":"product_cat-maskas","7":"product_cat-nakts","8":"berocket_brand-medicube","9":"desktop-align-left","10":"tablet-align-left","11":"mobile-align-left","13":"first","14":"instock","15":"taxable","16":"shipping-taxable","17":"purchasable","18":"product-type-simple","19":"add-to-wishlist-before_image"},"yoast_head":"<!-- This site is optimized with the Yoast SEO plugin v27.4 - https:\/\/yoast.com\/product\/yoast-seo-wordpress\/ -->\n<title>Medicube Kojic Acid Turmeric Night Wrapping Mask 75ml - FACECORNER<\/title>\n<meta name=\"description\" content=\"Medicube Kojic Acid Turmeric Night Wrapping Mask ir nakts maska ar kojsk\u0101bi, kurkumu un kolag\u0113nu. L\u012bdzeklis ir paredz\u0113ts vakara \u0101das kop\u0161anai\" \/>\n<meta name=\"robots\" content=\"index, follow, max-snippet:-1, max-image-preview:large, max-video-preview:-1\" \/>\n<link rel=\"canonical\" href=\"https:\/\/www.facecorner.lv\/en\/shop\/medicube-kojic-acid-turmeric-night-wrapping-mask-75ml\/\" \/>\n<meta property=\"og:locale\" content=\"en_US\" \/>\n<meta property=\"og:type\" content=\"article\" \/>\n<meta property=\"og:title\" content=\"Medicube Kojic Acid Turmeric Night Wrapping Mask 75ml - FACECORNER\" \/>\n<meta property=\"og:description\" content=\"Medicube Kojic Acid Turmeric Night Wrapping Mask ir nakts maska ar kojsk\u0101bi, kurkumu un kolag\u0113nu. L\u012bdzeklis ir paredz\u0113ts vakara \u0101das kop\u0161anai\" \/>\n<meta property=\"og:url\" content=\"https:\/\/www.facecorner.lv\/en\/shop\/medicube-kojic-acid-turmeric-night-wrapping-mask-75ml\/\" \/>\n<meta property=\"og:site_name\" content=\"FACECORNER\" \/>\n<meta property=\"article:publisher\" content=\"https:\/\/www.facebook.com\/profile.php?id=100063824551839\" \/>\n<meta property=\"article:modified_time\" content=\"2026-03-25T16:32:52+00:00\" \/>\n<meta property=\"og:image\" content=\"https:\/\/www.facecorner.lv\/wp-content\/uploads\/2025\/05\/61GzPp88rGL.jpg\" \/>\n\t<meta property=\"og:image:width\" content=\"2000\" \/>\n\t<meta property=\"og:image:height\" content=\"2000\" \/>\n\t<meta property=\"og:image:type\" content=\"image\/jpeg\" \/>\n<meta name=\"twitter:card\" content=\"summary_large_image\" \/>\n<meta name=\"twitter:label1\" content=\"Price\" \/>\n\t<meta name=\"twitter:data1\" content=\"&euro;32.00\" \/>\n\t<meta name=\"twitter:label2\" content=\"Availability\" \/>\n\t<meta name=\"twitter:data2\" content=\"In stock\" \/>\n<script type=\"application\/ld+json\" class=\"yoast-schema-graph\">{\"@context\":\"https:\\\/\\\/schema.org\",\"@graph\":[{\"@type\":\"WebPage\",\"@id\":\"https:\\\/\\\/www.facecorner.lv\\\/shop\\\/medicube-kojic-acid-turmeric-night-wrapping-mask-75ml\\\/\",\"url\":\"https:\\\/\\\/www.facecorner.lv\\\/shop\\\/medicube-kojic-acid-turmeric-night-wrapping-mask-75ml\\\/\",\"name\":\"Medicube Kojic Acid Turmeric Night Wrapping Mask 75ml - FACECORNER\",\"isPartOf\":{\"@id\":\"https:\\\/\\\/www.facecorner.lv\\\/#website\"},\"primaryImageOfPage\":{\"@id\":\"https:\\\/\\\/www.facecorner.lv\\\/shop\\\/medicube-kojic-acid-turmeric-night-wrapping-mask-75ml\\\/#primaryimage\"},\"image\":{\"@id\":\"https:\\\/\\\/www.facecorner.lv\\\/shop\\\/medicube-kojic-acid-turmeric-night-wrapping-mask-75ml\\\/#primaryimage\"},\"thumbnailUrl\":\"https:\\\/\\\/www.facecorner.lv\\\/wp-content\\\/uploads\\\/2025\\\/05\\\/61GzPp88rGL.jpg\",\"datePublished\":\"2025-05-12T20:12:04+00:00\",\"dateModified\":\"2026-03-25T16:32:52+00:00\",\"description\":\"Medicube Kojic Acid Turmeric Night Wrapping Mask ir nakts maska ar kojsk\u0101bi, kurkumu un kolag\u0113nu. L\u012bdzeklis ir paredz\u0113ts vakara \u0101das kop\u0161anai\",\"breadcrumb\":{\"@id\":\"https:\\\/\\\/www.facecorner.lv\\\/shop\\\/medicube-kojic-acid-turmeric-night-wrapping-mask-75ml\\\/#breadcrumb\"},\"inLanguage\":\"en-US\",\"potentialAction\":[{\"@type\":\"ReadAction\",\"target\":[\"https:\\\/\\\/www.facecorner.lv\\\/shop\\\/medicube-kojic-acid-turmeric-night-wrapping-mask-75ml\\\/\"]}]},{\"@type\":\"ImageObject\",\"inLanguage\":\"en-US\",\"@id\":\"https:\\\/\\\/www.facecorner.lv\\\/shop\\\/medicube-kojic-acid-turmeric-night-wrapping-mask-75ml\\\/#primaryimage\",\"url\":\"https:\\\/\\\/www.facecorner.lv\\\/wp-content\\\/uploads\\\/2025\\\/05\\\/61GzPp88rGL.jpg\",\"contentUrl\":\"https:\\\/\\\/www.facecorner.lv\\\/wp-content\\\/uploads\\\/2025\\\/05\\\/61GzPp88rGL.jpg\",\"width\":2000,\"height\":2000,\"caption\":\"Medicube Kojic Acid Turmeric Night Wrapping Mask\"},{\"@type\":\"BreadcrumbList\",\"@id\":\"https:\\\/\\\/www.facecorner.lv\\\/shop\\\/medicube-kojic-acid-turmeric-night-wrapping-mask-75ml\\\/#breadcrumb\",\"itemListElement\":[{\"@type\":\"ListItem\",\"position\":1,\"name\":\"Home\",\"item\":\"https:\\\/\\\/www.facecorner.lv\\\/\"},{\"@type\":\"ListItem\",\"position\":2,\"name\":\"Veikals\",\"item\":\"https:\\\/\\\/www.facecorner.lv\\\/shop\\\/\"},{\"@type\":\"ListItem\",\"position\":3,\"name\":\"Medicube Kojic Acid Turmeric Night Wrapping Mask 75ml\"}]},{\"@type\":\"WebSite\",\"@id\":\"https:\\\/\\\/www.facecorner.lv\\\/#website\",\"url\":\"https:\\\/\\\/www.facecorner.lv\\\/\",\"name\":\"Facecorner\",\"description\":\"\",\"publisher\":{\"@id\":\"https:\\\/\\\/www.facecorner.lv\\\/#organization\"},\"potentialAction\":[{\"@type\":\"SearchAction\",\"target\":{\"@type\":\"EntryPoint\",\"urlTemplate\":\"https:\\\/\\\/www.facecorner.lv\\\/?s={search_term_string}\"},\"query-input\":{\"@type\":\"PropertyValueSpecification\",\"valueRequired\":true,\"valueName\":\"search_term_string\"}}],\"inLanguage\":\"en-US\"},{\"@type\":\"Organization\",\"@id\":\"https:\\\/\\\/www.facecorner.lv\\\/#organization\",\"name\":\"Facecorner\",\"url\":\"https:\\\/\\\/www.facecorner.lv\\\/\",\"logo\":{\"@type\":\"ImageObject\",\"inLanguage\":\"en-US\",\"@id\":\"https:\\\/\\\/www.facecorner.lv\\\/#\\\/schema\\\/logo\\\/image\\\/\",\"url\":\"https:\\\/\\\/www.facecorner.lv\\\/wp-content\\\/uploads\\\/2024\\\/04\\\/fc-logo.jpg\",\"contentUrl\":\"https:\\\/\\\/www.facecorner.lv\\\/wp-content\\\/uploads\\\/2024\\\/04\\\/fc-logo.jpg\",\"width\":174,\"height\":28,\"caption\":\"Facecorner\"},\"image\":{\"@id\":\"https:\\\/\\\/www.facecorner.lv\\\/#\\\/schema\\\/logo\\\/image\\\/\"},\"sameAs\":[\"https:\\\/\\\/www.facebook.com\\\/profile.php?id=100063824551839\",\"https:\\\/\\\/www.instagram.com\\\/facecorner_shop\\\/\"]}]}<\/script>\n<meta property=\"product:price:amount\" content=\"32.00\" \/>\n<meta property=\"product:price:currency\" content=\"EUR\" \/>\n<meta property=\"og:availability\" content=\"instock\" \/>\n<meta property=\"product:availability\" content=\"instock\" \/>\n<meta property=\"product:condition\" content=\"new\" \/>\n<!-- \/ Yoast SEO plugin. -->","yoast_head_json":{"title":"Medicube Kojic Acid Turmeric Night Wrapping Mask 75ml - FACECORNER","description":"Medicube Kojic Acid Turmeric Night Wrapping Mask ir nakts maska ar kojsk\u0101bi, kurkumu un kolag\u0113nu. L\u012bdzeklis ir paredz\u0113ts vakara \u0101das kop\u0161anai","robots":{"index":"index","follow":"follow","max-snippet":"max-snippet:-1","max-image-preview":"max-image-preview:large","max-video-preview":"max-video-preview:-1"},"canonical":"https:\/\/www.facecorner.lv\/en\/shop\/medicube-kojic-acid-turmeric-night-wrapping-mask-75ml\/","og_locale":"en_US","og_type":"article","og_title":"Medicube Kojic Acid Turmeric Night Wrapping Mask 75ml - FACECORNER","og_description":"Medicube Kojic Acid Turmeric Night Wrapping Mask ir nakts maska ar kojsk\u0101bi, kurkumu un kolag\u0113nu. L\u012bdzeklis ir paredz\u0113ts vakara \u0101das kop\u0161anai","og_url":"https:\/\/www.facecorner.lv\/en\/shop\/medicube-kojic-acid-turmeric-night-wrapping-mask-75ml\/","og_site_name":"FACECORNER","article_publisher":"https:\/\/www.facebook.com\/profile.php?id=100063824551839","article_modified_time":"2026-03-25T16:32:52+00:00","og_image":[{"width":2000,"height":2000,"url":"https:\/\/www.facecorner.lv\/wp-content\/uploads\/2025\/05\/61GzPp88rGL.jpg","type":"image\/jpeg"}],"twitter_card":"summary_large_image","twitter_misc":{"Price":"&euro;32.00","Availability":"In stock"},"schema":{"@context":"https:\/\/schema.org","@graph":[{"@type":"WebPage","@id":"https:\/\/www.facecorner.lv\/shop\/medicube-kojic-acid-turmeric-night-wrapping-mask-75ml\/","url":"https:\/\/www.facecorner.lv\/shop\/medicube-kojic-acid-turmeric-night-wrapping-mask-75ml\/","name":"Medicube Kojic Acid Turmeric Night Wrapping Mask 75ml - FACECORNER","isPartOf":{"@id":"https:\/\/www.facecorner.lv\/#website"},"primaryImageOfPage":{"@id":"https:\/\/www.facecorner.lv\/shop\/medicube-kojic-acid-turmeric-night-wrapping-mask-75ml\/#primaryimage"},"image":{"@id":"https:\/\/www.facecorner.lv\/shop\/medicube-kojic-acid-turmeric-night-wrapping-mask-75ml\/#primaryimage"},"thumbnailUrl":"https:\/\/www.facecorner.lv\/wp-content\/uploads\/2025\/05\/61GzPp88rGL.jpg","datePublished":"2025-05-12T20:12:04+00:00","dateModified":"2026-03-25T16:32:52+00:00","description":"Medicube Kojic Acid Turmeric Night Wrapping Mask ir nakts maska ar kojsk\u0101bi, kurkumu un kolag\u0113nu. L\u012bdzeklis ir paredz\u0113ts vakara \u0101das kop\u0161anai","breadcrumb":{"@id":"https:\/\/www.facecorner.lv\/shop\/medicube-kojic-acid-turmeric-night-wrapping-mask-75ml\/#breadcrumb"},"inLanguage":"en-US","potentialAction":[{"@type":"ReadAction","target":["https:\/\/www.facecorner.lv\/shop\/medicube-kojic-acid-turmeric-night-wrapping-mask-75ml\/"]}]},{"@type":"ImageObject","inLanguage":"en-US","@id":"https:\/\/www.facecorner.lv\/shop\/medicube-kojic-acid-turmeric-night-wrapping-mask-75ml\/#primaryimage","url":"https:\/\/www.facecorner.lv\/wp-content\/uploads\/2025\/05\/61GzPp88rGL.jpg","contentUrl":"https:\/\/www.facecorner.lv\/wp-content\/uploads\/2025\/05\/61GzPp88rGL.jpg","width":2000,"height":2000,"caption":"Medicube Kojic Acid Turmeric Night Wrapping Mask"},{"@type":"BreadcrumbList","@id":"https:\/\/www.facecorner.lv\/shop\/medicube-kojic-acid-turmeric-night-wrapping-mask-75ml\/#breadcrumb","itemListElement":[{"@type":"ListItem","position":1,"name":"Home","item":"https:\/\/www.facecorner.lv\/"},{"@type":"ListItem","position":2,"name":"Veikals","item":"https:\/\/www.facecorner.lv\/shop\/"},{"@type":"ListItem","position":3,"name":"Medicube Kojic Acid Turmeric Night Wrapping Mask 75ml"}]},{"@type":"WebSite","@id":"https:\/\/www.facecorner.lv\/#website","url":"https:\/\/www.facecorner.lv\/","name":"Facecorner","description":"","publisher":{"@id":"https:\/\/www.facecorner.lv\/#organization"},"potentialAction":[{"@type":"SearchAction","target":{"@type":"EntryPoint","urlTemplate":"https:\/\/www.facecorner.lv\/?s={search_term_string}"},"query-input":{"@type":"PropertyValueSpecification","valueRequired":true,"valueName":"search_term_string"}}],"inLanguage":"en-US"},{"@type":"Organization","@id":"https:\/\/www.facecorner.lv\/#organization","name":"Facecorner","url":"https:\/\/www.facecorner.lv\/","logo":{"@type":"ImageObject","inLanguage":"en-US","@id":"https:\/\/www.facecorner.lv\/#\/schema\/logo\/image\/","url":"https:\/\/www.facecorner.lv\/wp-content\/uploads\/2024\/04\/fc-logo.jpg","contentUrl":"https:\/\/www.facecorner.lv\/wp-content\/uploads\/2024\/04\/fc-logo.jpg","width":174,"height":28,"caption":"Facecorner"},"image":{"@id":"https:\/\/www.facecorner.lv\/#\/schema\/logo\/image\/"},"sameAs":["https:\/\/www.facebook.com\/profile.php?id=100063824551839","https:\/\/www.instagram.com\/facecorner_shop\/"]}]},"product_price_amount":"32.00","product_price_currency":"EUR","og_availability":"instock","product_availability":"instock","product_condition":"new"},"_links":{"self":[{"href":"https:\/\/www.facecorner.lv\/en\/wp-json\/wp\/v2\/product\/24288","targetHints":{"allow":["GET"]}}],"collection":[{"href":"https:\/\/www.facecorner.lv\/en\/wp-json\/wp\/v2\/product"}],"about":[{"href":"https:\/\/www.facecorner.lv\/en\/wp-json\/wp\/v2\/types\/product"}],"replies":[{"embeddable":true,"href":"https:\/\/www.facecorner.lv\/en\/wp-json\/wp\/v2\/comments?post=24288"}],"wp:featuredmedia":[{"embeddable":true,"href":"https:\/\/www.facecorner.lv\/en\/wp-json\/wp\/v2\/media\/24290"}],"wp:attachment":[{"href":"https:\/\/www.facecorner.lv\/en\/wp-json\/wp\/v2\/media?parent=24288"}],"wp:term":[{"taxonomy":"product_brand","embeddable":true,"href":"https:\/\/www.facecorner.lv\/en\/wp-json\/wp\/v2\/product_brand?post=24288"},{"taxonomy":"product_cat","embeddable":true,"href":"https:\/\/www.facecorner.lv\/en\/wp-json\/wp\/v2\/product_cat?post=24288"},{"taxonomy":"product_tag","embeddable":true,"href":"https:\/\/www.facecorner.lv\/en\/wp-json\/wp\/v2\/product_tag?post=24288"},{"taxonomy":"berocket_brand","embeddable":true,"href":"https:\/\/www.facecorner.lv\/en\/wp-json\/wp\/v2\/berocket_brand?post=24288"}],"curies":[{"name":"wp","href":"https:\/\/api.w.org\/{rel}","templated":true}]}}