{"id":24224,"date":"2025-05-05T22:29:35","date_gmt":"2025-05-05T19:29:35","guid":{"rendered":"https:\/\/www.facecorner.lv\/?post_type=product&#038;p=24224"},"modified":"2026-03-26T15:43:14","modified_gmt":"2026-03-26T12:43:14","slug":"arencia-fresh-rosehip-rice-mochi-cleanser-120g","status":"publish","type":"product","link":"https:\/\/www.facecorner.lv\/en\/shop\/arencia-fresh-rosehip-rice-mochi-cleanser-120g\/","title":{"rendered":"Arencia Fresh Rosehip Rice Mochi Cleanser 120g"},"content":{"rendered":"<p>Arencia Fresh Rosehip Rice Mochi Cleanser\u00a0 mitrino\u0161s t\u012br\u012b\u0161anas l\u012bdzeklis, kas att\u012bra, vienlaikus m\u012bkstinot un nomierinot \u0101du ar m\u012bklai l\u012bdz\u012bgu tekst\u016bru.<\/p>\n<p>\u0160is kl\u012bniski p\u0101rbaud\u012btais t\u012br\u012b\u0161anas l\u012bdzeklis, kas satur vair\u0101k nek\u0101 30 bot\u0101niskas sast\u0101vda\u013cas, uzlabo 7 \u0101das faktorus, tostarp \u0101das kop\u0161anas l\u012bdzek\u013cu uzs\u016bk\u0161anos, melno punktu no\u0146em\u0161anu un \u0101das tekst\u016bras uzlabo\u0161anu.<\/p>\n<p>T\u0101 priek\u0161roc\u012bbas ietver maigu kosm\u0113tikas atlikumu, smalku putek\u013cu un piemais\u012bjumu no\u0146em\u0161anu, atst\u0101jot \u0101du svaigu, mitrin\u0101tu un l\u012bdzsvarotu.<\/p>\n<p>Vislab\u0101k ieteicams \u0101dai, kurai ir nosliece uz pinn\u0113m un melniem punktiem.<\/p>\n<p><strong>How to use:<\/strong> Samitriniet rokas un seju ar \u016bdeni. Pa\u0146emiet nelielu daudzumu t\u012br\u012b\u0161anas l\u012bdzek\u013ca un viegli iemas\u0113jiet to mitr\u0101 \u0101d\u0101, lai izveidotu biezas, kr\u0113m\u012bgas putas.R\u016bp\u012bgi noskalojiet ar siltu \u016bdeni, lai no\u0146emtu visus piemais\u012bjumus. Nosusiniet seju ar m\u012bkstu dvieli, lai atkl\u0101tu atjaunotu, starojo\u0161u un pabarotu \u0101du.<\/p>\n<p><strong>Ingredientes:<\/strong> Glycerin, Sodium Cocoyl Isethionate, Water, Sodium Cocoyl Glycinate, Prunus Amygdalus Dulcis (Sweet Almond) Seed Powder, Aloe Barbadensis Leaf Extract, Rosa Canina Fruit Extract, Chamomilla Recutita (Matricaria) Extract, 1,2-Hexanediol, Coconut Acid, Sodium Methyl Cocoyl Taurate, Cellulose, Oryza Sativa (Rice) Powder, Sodium Isethionate, Pyrus Malus (Apple) Fiber, Glyceryl Stearates, Hydroxypropyl Starch Phosphate, Propanediol, Sodium Chloride, Xathan Gum, Gardenia Florida Fruit Extract, Dextrin, Fragrance, Caprylyl Glycol, Ethylglycerin, Disodium EDTA, Sodium Cocoyl Apple Amino Acids, Hexylene Glycol, Tetrasodium Glutamate Diacetate<\/p>\n<p>&nbsp;<\/p>","protected":false},"excerpt":{"rendered":"<p>Arencia Fresh Rosehip Rice Mochi Cleanser\u00a0 mitrino\u0161s t\u012br\u012b\u0161anas l\u012bdzeklis, kas att\u012bra, vienlaikus m\u012bkstinot un nomierinot \u0101du ar m\u012bklai l\u012bdz\u012bgu tekst\u016bru.<\/p>","protected":false},"featured_media":25710,"comment_status":"open","ping_status":"closed","template":"","meta":{"site-sidebar-layout":"default","site-content-layout":"","ast-site-content-layout":"default","site-content-style":"default","site-sidebar-style":"default","ast-global-header-display":"","ast-banner-title-visibility":"","ast-main-header-display":"","ast-hfb-above-header-display":"","ast-hfb-below-header-display":"","ast-hfb-mobile-header-display":"","site-post-title":"","ast-breadcrumbs-content":"","ast-featured-img":"","footer-sml-layout":"","theme-transparent-header-meta":"default","adv-header-id-meta":"","stick-header-meta":"","header-above-stick-meta":"","header-main-stick-meta":"","header-below-stick-meta":"","astra-migrate-meta-layouts":"set","ast-page-background-enabled":"default","ast-page-background-meta":{"desktop":{"background-color":"var(--ast-global-color-4)","background-image":"","background-repeat":"repeat","background-position":"center center","background-size":"auto","background-attachment":"scroll","background-type":"","background-media":"","overlay-type":"","overlay-color":"","overlay-opacity":"","overlay-gradient":""},"tablet":{"background-color":"","background-image":"","background-repeat":"repeat","background-position":"center center","background-size":"auto","background-attachment":"scroll","background-type":"","background-media":"","overlay-type":"","overlay-color":"","overlay-opacity":"","overlay-gradient":""},"mobile":{"background-color":"","background-image":"","background-repeat":"repeat","background-position":"center center","background-size":"auto","background-attachment":"scroll","background-type":"","background-media":"","overlay-type":"","overlay-color":"","overlay-opacity":"","overlay-gradient":""}},"ast-content-background-meta":{"desktop":{"background-color":"var(--ast-global-color-5)","background-image":"","background-repeat":"repeat","background-position":"center center","background-size":"auto","background-attachment":"scroll","background-type":"","background-media":"","overlay-type":"","overlay-color":"","overlay-opacity":"","overlay-gradient":""},"tablet":{"background-color":"var(--ast-global-color-5)","background-image":"","background-repeat":"repeat","background-position":"center center","background-size":"auto","background-attachment":"scroll","background-type":"","background-media":"","overlay-type":"","overlay-color":"","overlay-opacity":"","overlay-gradient":""},"mobile":{"background-color":"var(--ast-global-color-5)","background-image":"","background-repeat":"repeat","background-position":"center center","background-size":"auto","background-attachment":"scroll","background-type":"","background-media":"","overlay-type":"","overlay-color":"","overlay-opacity":"","overlay-gradient":""}}},"product_brand":[],"product_cat":[511,310,321,311,312,317],"product_tag":[],"berocket_brand":[635],"class_list":{"0":"post-24224","1":"product","2":"type-product","3":"status-publish","4":"has-post-thumbnail","6":"product_cat-atlaides","7":"product_cat-attirisana","8":"product_cat-hidrofila-ella","9":"product_cat-jutigai-adai-attirisana","10":"product_cat-kombinetai-adai-attirisana","11":"product_cat-sausai-adai-attirisana","12":"berocket_brand-arencia","13":"desktop-align-left","14":"tablet-align-left","15":"mobile-align-left","17":"first","18":"instock","19":"sale","20":"taxable","21":"shipping-taxable","22":"purchasable","23":"product-type-simple","24":"add-to-wishlist-before_image"},"yoast_head":"<!-- This site is optimized with the Yoast SEO plugin v27.3 - https:\/\/yoast.com\/product\/yoast-seo-wordpress\/ -->\n<title>Arencia Fresh Rosehip Rice Mochi Cleanser 120g - FACECORNER<\/title>\n<meta name=\"description\" content=\"Arencia Fresh Rosehip Rice Mochi Cleanser\u00a0 mitrino\u0161s t\u012br\u012b\u0161anas l\u012bdzeklis, kas att\u012bra, vienlaikus m\u012bkstinot un nomierinot \u0101du ar m\u012bklai l\u012bdz\u012bgu tekst\u016bru.\" \/>\n<meta name=\"robots\" content=\"index, follow, max-snippet:-1, max-image-preview:large, max-video-preview:-1\" \/>\n<link rel=\"canonical\" href=\"https:\/\/www.facecorner.lv\/en\/shop\/arencia-fresh-rosehip-rice-mochi-cleanser-120g\/\" \/>\n<meta property=\"og:locale\" content=\"en_US\" \/>\n<meta property=\"og:type\" content=\"article\" \/>\n<meta property=\"og:title\" content=\"Arencia Fresh Rosehip Rice Mochi Cleanser 120g - FACECORNER\" \/>\n<meta property=\"og:description\" content=\"Arencia Fresh Rosehip Rice Mochi Cleanser\u00a0 mitrino\u0161s t\u012br\u012b\u0161anas l\u012bdzeklis, kas att\u012bra, vienlaikus m\u012bkstinot un nomierinot \u0101du ar m\u012bklai l\u012bdz\u012bgu tekst\u016bru.\" \/>\n<meta property=\"og:url\" content=\"https:\/\/www.facecorner.lv\/en\/shop\/arencia-fresh-rosehip-rice-mochi-cleanser-120g\/\" \/>\n<meta property=\"og:site_name\" content=\"FACECORNER\" \/>\n<meta property=\"article:publisher\" content=\"https:\/\/www.facebook.com\/profile.php?id=100063824551839\" \/>\n<meta property=\"article:modified_time\" content=\"2026-03-26T12:43:14+00:00\" \/>\n<meta property=\"og:image\" content=\"https:\/\/www.facecorner.lv\/wp-content\/uploads\/2025\/05\/1_e05e7ff8-33bb-47c0-9bc7-541208b4f42a_550x550.webp\" \/>\n\t<meta property=\"og:image:width\" content=\"550\" \/>\n\t<meta property=\"og:image:height\" content=\"550\" \/>\n\t<meta property=\"og:image:type\" content=\"image\/webp\" \/>\n<meta name=\"twitter:card\" content=\"summary_large_image\" \/>\n<meta name=\"twitter:label1\" content=\"Price\" \/>\n\t<meta name=\"twitter:data1\" content=\"&euro;28.90\" \/>\n\t<meta name=\"twitter:label2\" content=\"Availability\" \/>\n\t<meta name=\"twitter:data2\" content=\"In stock\" \/>\n<script type=\"application\/ld+json\" class=\"yoast-schema-graph\">{\"@context\":\"https:\\\/\\\/schema.org\",\"@graph\":[{\"@type\":\"WebPage\",\"@id\":\"https:\\\/\\\/www.facecorner.lv\\\/shop\\\/arencia-fresh-rosehip-rice-mochi-cleanser-120g\\\/\",\"url\":\"https:\\\/\\\/www.facecorner.lv\\\/shop\\\/arencia-fresh-rosehip-rice-mochi-cleanser-120g\\\/\",\"name\":\"Arencia Fresh Rosehip Rice Mochi Cleanser 120g - FACECORNER\",\"isPartOf\":{\"@id\":\"https:\\\/\\\/www.facecorner.lv\\\/#website\"},\"primaryImageOfPage\":{\"@id\":\"https:\\\/\\\/www.facecorner.lv\\\/shop\\\/arencia-fresh-rosehip-rice-mochi-cleanser-120g\\\/#primaryimage\"},\"image\":{\"@id\":\"https:\\\/\\\/www.facecorner.lv\\\/shop\\\/arencia-fresh-rosehip-rice-mochi-cleanser-120g\\\/#primaryimage\"},\"thumbnailUrl\":\"https:\\\/\\\/www.facecorner.lv\\\/wp-content\\\/uploads\\\/2025\\\/05\\\/1_e05e7ff8-33bb-47c0-9bc7-541208b4f42a_550x550.webp\",\"datePublished\":\"2025-05-05T19:29:35+00:00\",\"dateModified\":\"2026-03-26T12:43:14+00:00\",\"description\":\"Arencia Fresh Rosehip Rice Mochi Cleanser\u00a0 mitrino\u0161s t\u012br\u012b\u0161anas l\u012bdzeklis, kas att\u012bra, vienlaikus m\u012bkstinot un nomierinot \u0101du ar m\u012bklai l\u012bdz\u012bgu tekst\u016bru.\",\"breadcrumb\":{\"@id\":\"https:\\\/\\\/www.facecorner.lv\\\/shop\\\/arencia-fresh-rosehip-rice-mochi-cleanser-120g\\\/#breadcrumb\"},\"inLanguage\":\"en-US\",\"potentialAction\":[{\"@type\":\"ReadAction\",\"target\":[\"https:\\\/\\\/www.facecorner.lv\\\/shop\\\/arencia-fresh-rosehip-rice-mochi-cleanser-120g\\\/\"]}]},{\"@type\":\"ImageObject\",\"inLanguage\":\"en-US\",\"@id\":\"https:\\\/\\\/www.facecorner.lv\\\/shop\\\/arencia-fresh-rosehip-rice-mochi-cleanser-120g\\\/#primaryimage\",\"url\":\"https:\\\/\\\/www.facecorner.lv\\\/wp-content\\\/uploads\\\/2025\\\/05\\\/1_e05e7ff8-33bb-47c0-9bc7-541208b4f42a_550x550.webp\",\"contentUrl\":\"https:\\\/\\\/www.facecorner.lv\\\/wp-content\\\/uploads\\\/2025\\\/05\\\/1_e05e7ff8-33bb-47c0-9bc7-541208b4f42a_550x550.webp\",\"width\":550,\"height\":550,\"caption\":\"Arencia Fresh Rosehip Rice Mochi Cleanser\"},{\"@type\":\"BreadcrumbList\",\"@id\":\"https:\\\/\\\/www.facecorner.lv\\\/shop\\\/arencia-fresh-rosehip-rice-mochi-cleanser-120g\\\/#breadcrumb\",\"itemListElement\":[{\"@type\":\"ListItem\",\"position\":1,\"name\":\"Home\",\"item\":\"https:\\\/\\\/www.facecorner.lv\\\/\"},{\"@type\":\"ListItem\",\"position\":2,\"name\":\"Veikals\",\"item\":\"https:\\\/\\\/www.facecorner.lv\\\/shop\\\/\"},{\"@type\":\"ListItem\",\"position\":3,\"name\":\"Arencia Fresh Rosehip Rice Mochi Cleanser 120g\"}]},{\"@type\":\"WebSite\",\"@id\":\"https:\\\/\\\/www.facecorner.lv\\\/#website\",\"url\":\"https:\\\/\\\/www.facecorner.lv\\\/\",\"name\":\"Facecorner\",\"description\":\"\",\"publisher\":{\"@id\":\"https:\\\/\\\/www.facecorner.lv\\\/#organization\"},\"potentialAction\":[{\"@type\":\"SearchAction\",\"target\":{\"@type\":\"EntryPoint\",\"urlTemplate\":\"https:\\\/\\\/www.facecorner.lv\\\/?s={search_term_string}\"},\"query-input\":{\"@type\":\"PropertyValueSpecification\",\"valueRequired\":true,\"valueName\":\"search_term_string\"}}],\"inLanguage\":\"en-US\"},{\"@type\":\"Organization\",\"@id\":\"https:\\\/\\\/www.facecorner.lv\\\/#organization\",\"name\":\"Facecorner\",\"url\":\"https:\\\/\\\/www.facecorner.lv\\\/\",\"logo\":{\"@type\":\"ImageObject\",\"inLanguage\":\"en-US\",\"@id\":\"https:\\\/\\\/www.facecorner.lv\\\/#\\\/schema\\\/logo\\\/image\\\/\",\"url\":\"https:\\\/\\\/www.facecorner.lv\\\/wp-content\\\/uploads\\\/2024\\\/04\\\/fc-logo.jpg\",\"contentUrl\":\"https:\\\/\\\/www.facecorner.lv\\\/wp-content\\\/uploads\\\/2024\\\/04\\\/fc-logo.jpg\",\"width\":174,\"height\":28,\"caption\":\"Facecorner\"},\"image\":{\"@id\":\"https:\\\/\\\/www.facecorner.lv\\\/#\\\/schema\\\/logo\\\/image\\\/\"},\"sameAs\":[\"https:\\\/\\\/www.facebook.com\\\/profile.php?id=100063824551839\",\"https:\\\/\\\/www.instagram.com\\\/facecorner_shop\\\/\"]}]}<\/script>\n<meta property=\"product:price:amount\" content=\"28.90\" \/>\n<meta property=\"product:price:currency\" content=\"EUR\" \/>\n<meta property=\"og:availability\" content=\"instock\" \/>\n<meta property=\"product:availability\" content=\"instock\" \/>\n<meta property=\"product:condition\" content=\"new\" \/>\n<!-- \/ Yoast SEO plugin. -->","yoast_head_json":{"title":"Arencia Fresh Rosehip Rice Mochi Cleanser 120g - FACECORNER","description":"Arencia Fresh Rosehip Rice Mochi Cleanser\u00a0 mitrino\u0161s t\u012br\u012b\u0161anas l\u012bdzeklis, kas att\u012bra, vienlaikus m\u012bkstinot un nomierinot \u0101du ar m\u012bklai l\u012bdz\u012bgu tekst\u016bru.","robots":{"index":"index","follow":"follow","max-snippet":"max-snippet:-1","max-image-preview":"max-image-preview:large","max-video-preview":"max-video-preview:-1"},"canonical":"https:\/\/www.facecorner.lv\/en\/shop\/arencia-fresh-rosehip-rice-mochi-cleanser-120g\/","og_locale":"en_US","og_type":"article","og_title":"Arencia Fresh Rosehip Rice Mochi Cleanser 120g - FACECORNER","og_description":"Arencia Fresh Rosehip Rice Mochi Cleanser\u00a0 mitrino\u0161s t\u012br\u012b\u0161anas l\u012bdzeklis, kas att\u012bra, vienlaikus m\u012bkstinot un nomierinot \u0101du ar m\u012bklai l\u012bdz\u012bgu tekst\u016bru.","og_url":"https:\/\/www.facecorner.lv\/en\/shop\/arencia-fresh-rosehip-rice-mochi-cleanser-120g\/","og_site_name":"FACECORNER","article_publisher":"https:\/\/www.facebook.com\/profile.php?id=100063824551839","article_modified_time":"2026-03-26T12:43:14+00:00","og_image":[{"width":550,"height":550,"url":"https:\/\/www.facecorner.lv\/wp-content\/uploads\/2025\/05\/1_e05e7ff8-33bb-47c0-9bc7-541208b4f42a_550x550.webp","type":"image\/webp"}],"twitter_card":"summary_large_image","twitter_misc":{"Price":"&euro;28.90","Availability":"In stock"},"schema":{"@context":"https:\/\/schema.org","@graph":[{"@type":"WebPage","@id":"https:\/\/www.facecorner.lv\/shop\/arencia-fresh-rosehip-rice-mochi-cleanser-120g\/","url":"https:\/\/www.facecorner.lv\/shop\/arencia-fresh-rosehip-rice-mochi-cleanser-120g\/","name":"Arencia Fresh Rosehip Rice Mochi Cleanser 120g - FACECORNER","isPartOf":{"@id":"https:\/\/www.facecorner.lv\/#website"},"primaryImageOfPage":{"@id":"https:\/\/www.facecorner.lv\/shop\/arencia-fresh-rosehip-rice-mochi-cleanser-120g\/#primaryimage"},"image":{"@id":"https:\/\/www.facecorner.lv\/shop\/arencia-fresh-rosehip-rice-mochi-cleanser-120g\/#primaryimage"},"thumbnailUrl":"https:\/\/www.facecorner.lv\/wp-content\/uploads\/2025\/05\/1_e05e7ff8-33bb-47c0-9bc7-541208b4f42a_550x550.webp","datePublished":"2025-05-05T19:29:35+00:00","dateModified":"2026-03-26T12:43:14+00:00","description":"Arencia Fresh Rosehip Rice Mochi Cleanser\u00a0 mitrino\u0161s t\u012br\u012b\u0161anas l\u012bdzeklis, kas att\u012bra, vienlaikus m\u012bkstinot un nomierinot \u0101du ar m\u012bklai l\u012bdz\u012bgu tekst\u016bru.","breadcrumb":{"@id":"https:\/\/www.facecorner.lv\/shop\/arencia-fresh-rosehip-rice-mochi-cleanser-120g\/#breadcrumb"},"inLanguage":"en-US","potentialAction":[{"@type":"ReadAction","target":["https:\/\/www.facecorner.lv\/shop\/arencia-fresh-rosehip-rice-mochi-cleanser-120g\/"]}]},{"@type":"ImageObject","inLanguage":"en-US","@id":"https:\/\/www.facecorner.lv\/shop\/arencia-fresh-rosehip-rice-mochi-cleanser-120g\/#primaryimage","url":"https:\/\/www.facecorner.lv\/wp-content\/uploads\/2025\/05\/1_e05e7ff8-33bb-47c0-9bc7-541208b4f42a_550x550.webp","contentUrl":"https:\/\/www.facecorner.lv\/wp-content\/uploads\/2025\/05\/1_e05e7ff8-33bb-47c0-9bc7-541208b4f42a_550x550.webp","width":550,"height":550,"caption":"Arencia Fresh Rosehip Rice Mochi Cleanser"},{"@type":"BreadcrumbList","@id":"https:\/\/www.facecorner.lv\/shop\/arencia-fresh-rosehip-rice-mochi-cleanser-120g\/#breadcrumb","itemListElement":[{"@type":"ListItem","position":1,"name":"Home","item":"https:\/\/www.facecorner.lv\/"},{"@type":"ListItem","position":2,"name":"Veikals","item":"https:\/\/www.facecorner.lv\/shop\/"},{"@type":"ListItem","position":3,"name":"Arencia Fresh Rosehip Rice Mochi Cleanser 120g"}]},{"@type":"WebSite","@id":"https:\/\/www.facecorner.lv\/#website","url":"https:\/\/www.facecorner.lv\/","name":"Facecorner","description":"","publisher":{"@id":"https:\/\/www.facecorner.lv\/#organization"},"potentialAction":[{"@type":"SearchAction","target":{"@type":"EntryPoint","urlTemplate":"https:\/\/www.facecorner.lv\/?s={search_term_string}"},"query-input":{"@type":"PropertyValueSpecification","valueRequired":true,"valueName":"search_term_string"}}],"inLanguage":"en-US"},{"@type":"Organization","@id":"https:\/\/www.facecorner.lv\/#organization","name":"Facecorner","url":"https:\/\/www.facecorner.lv\/","logo":{"@type":"ImageObject","inLanguage":"en-US","@id":"https:\/\/www.facecorner.lv\/#\/schema\/logo\/image\/","url":"https:\/\/www.facecorner.lv\/wp-content\/uploads\/2024\/04\/fc-logo.jpg","contentUrl":"https:\/\/www.facecorner.lv\/wp-content\/uploads\/2024\/04\/fc-logo.jpg","width":174,"height":28,"caption":"Facecorner"},"image":{"@id":"https:\/\/www.facecorner.lv\/#\/schema\/logo\/image\/"},"sameAs":["https:\/\/www.facebook.com\/profile.php?id=100063824551839","https:\/\/www.instagram.com\/facecorner_shop\/"]}]},"product_price_amount":"28.90","product_price_currency":"EUR","og_availability":"instock","product_availability":"instock","product_condition":"new"},"_links":{"self":[{"href":"https:\/\/www.facecorner.lv\/en\/wp-json\/wp\/v2\/product\/24224","targetHints":{"allow":["GET"]}}],"collection":[{"href":"https:\/\/www.facecorner.lv\/en\/wp-json\/wp\/v2\/product"}],"about":[{"href":"https:\/\/www.facecorner.lv\/en\/wp-json\/wp\/v2\/types\/product"}],"replies":[{"embeddable":true,"href":"https:\/\/www.facecorner.lv\/en\/wp-json\/wp\/v2\/comments?post=24224"}],"wp:featuredmedia":[{"embeddable":true,"href":"https:\/\/www.facecorner.lv\/en\/wp-json\/wp\/v2\/media\/25710"}],"wp:attachment":[{"href":"https:\/\/www.facecorner.lv\/en\/wp-json\/wp\/v2\/media?parent=24224"}],"wp:term":[{"taxonomy":"product_brand","embeddable":true,"href":"https:\/\/www.facecorner.lv\/en\/wp-json\/wp\/v2\/product_brand?post=24224"},{"taxonomy":"product_cat","embeddable":true,"href":"https:\/\/www.facecorner.lv\/en\/wp-json\/wp\/v2\/product_cat?post=24224"},{"taxonomy":"product_tag","embeddable":true,"href":"https:\/\/www.facecorner.lv\/en\/wp-json\/wp\/v2\/product_tag?post=24224"},{"taxonomy":"berocket_brand","embeddable":true,"href":"https:\/\/www.facecorner.lv\/en\/wp-json\/wp\/v2\/berocket_brand?post=24224"}],"curies":[{"name":"wp","href":"https:\/\/api.w.org\/{rel}","templated":true}]}}