{"id":24208,"date":"2025-05-05T21:32:36","date_gmt":"2025-05-05T18:32:36","guid":{"rendered":"https:\/\/www.facecorner.lv\/?post_type=product&#038;p=24208"},"modified":"2025-09-21T20:29:27","modified_gmt":"2025-09-21T17:29:27","slug":"mixsoon-centella-toner-pad-120pcs","status":"publish","type":"product","link":"https:\/\/www.facecorner.lv\/en\/shop\/mixsoon-centella-toner-pad-120pcs\/","title":{"rendered":"mixsoon Centella Toner Pad 120 pcs"},"content":{"rendered":"<p>mixsoon Centella Toner Pad nomierino\u0161i un mitrino\u0161i toniz\u0113jo\u0161i spilventi\u0146i, kas bag\u0101tin\u0101ti ar centella Asiatica ekstraktu, kas acumirkl\u012b nomierina un mitrina sakairin\u0101tu \u0101du.<\/p>\n<p>Vien\u0101 kast\u012bt\u0113 ir 120 spilventi\u0146i, kas piepild\u012bti ar nomierino\u0161as esences pudel\u012bti (240 spilventi\u0146i, ja tos sadala).<br \/>\nTr\u012bssl\u0101\u0146u spilventi\u0146i izgatavoti no marles un Tencel auduma, kas ir m\u012bksts uz \u0101das un lieliski saglab\u0101 mitrumu<\/p>\n<p><strong>It is a total care mask that tightens the skin.<\/strong><\/p>\n<ul>\n<li>Centella Asiatica ekstrakts nodro\u0161ina efekt\u012bvu nomierino\u0161u un pretiekaisuma iedarb\u012bbu.<\/li>\n<li>tr\u012bsk\u0101r\u0161a mitrin\u0101\u0161anas formula, kas sast\u0101v no alanto\u012bna, beta\u012bna un keram\u012bda NP, pal\u012bdz \u0101dai saglab\u0101t mitrumu un nov\u0113r\u0161 \u016bdens zudumu.<\/li>\n<\/ul>\n<p><strong>How to use:<\/strong><\/p>\n<p>P\u0113c att\u012br\u012b\u0161anas maigi noslaukiet seju, piev\u0113r\u0161ot uzman\u012bbu viet\u0101m, kur\u0101s v\u0113laties nov\u0113rst \u0101das probl\u0113mas.<\/p>\n<p>2. Ar pirkstu galiem viegli nogl\u0101stiet \u0101du, lai toniks ies\u016bktos dzi\u013c\u0101k \u0101d\u0101.<\/p>\n<p>3. Ja nepiecie\u0161ama papildu kop\u0161ana, uzlieciet spilventi\u0146u uz sejas un \u013caujiet tam nost\u0101v\u0113ties 10-15 min\u016b\u0161u. Tas \u013cauj padzi\u013cin\u0101ti uzs\u016bkt spilventi\u0146a lab\u0101s \u012bpa\u0161\u012bbas.<\/p>\n<p>4. J\u016bs varat sadal\u012bt l\u012bdzekli uz pus\u0113m, lai apstr\u0101d\u0101tu maz\u0101kas zonas, piem\u0113ram, zoda un deguna kakti\u0146u.<\/p>\n<p>5. P\u0113c spilventi\u0146a lieto\u0161anas sekojiet l\u012bdzi savai iecien\u012bt\u0101kajai esencei, serumam vai kr\u0113miem, kas ir da\u013ca no j\u016bsu ikdienas proced\u016br\u0101m.<\/p>\n<p><strong>Ingredientes:<\/strong> Water, Dipropylene Glycol, Butylene Glycol, Glycerin, 1,2-Hexanediol, Betaine, Ethylhexylglycerin, Xanthan Gum, Sodium Phosphate, Allantoin, Citric Acid, Centella Asiatica Extract, Tocopherol<\/p>","protected":false},"excerpt":{"rendered":"<p>mixsoon Centella Toner Pad nomierino\u0161i un mitrino\u0161i toniz\u0113jo\u0161i spilventi\u0146i, kas bag\u0101tin\u0101ti ar centella Asiatica ekstraktu, kas acumirkl\u012b nomierina un mitrina sakairin\u0101tu \u0101du.<\/p>","protected":false},"featured_media":24210,"comment_status":"open","ping_status":"closed","template":"","meta":{"site-sidebar-layout":"default","site-content-layout":"","ast-site-content-layout":"default","site-content-style":"default","site-sidebar-style":"default","ast-global-header-display":"","ast-banner-title-visibility":"","ast-main-header-display":"","ast-hfb-above-header-display":"","ast-hfb-below-header-display":"","ast-hfb-mobile-header-display":"","site-post-title":"","ast-breadcrumbs-content":"","ast-featured-img":"","footer-sml-layout":"","theme-transparent-header-meta":"default","adv-header-id-meta":"","stick-header-meta":"","header-above-stick-meta":"","header-main-stick-meta":"","header-below-stick-meta":"","astra-migrate-meta-layouts":"set","ast-page-background-enabled":"default","ast-page-background-meta":{"desktop":{"background-color":"var(--ast-global-color-4)","background-image":"","background-repeat":"repeat","background-position":"center center","background-size":"auto","background-attachment":"scroll","background-type":"","background-media":"","overlay-type":"","overlay-color":"","overlay-opacity":"","overlay-gradient":""},"tablet":{"background-color":"","background-image":"","background-repeat":"repeat","background-position":"center center","background-size":"auto","background-attachment":"scroll","background-type":"","background-media":"","overlay-type":"","overlay-color":"","overlay-opacity":"","overlay-gradient":""},"mobile":{"background-color":"","background-image":"","background-repeat":"repeat","background-position":"center center","background-size":"auto","background-attachment":"scroll","background-type":"","background-media":"","overlay-type":"","overlay-color":"","overlay-opacity":"","overlay-gradient":""}},"ast-content-background-meta":{"desktop":{"background-color":"var(--ast-global-color-5)","background-image":"","background-repeat":"repeat","background-position":"center center","background-size":"auto","background-attachment":"scroll","background-type":"","background-media":"","overlay-type":"","overlay-color":"","overlay-opacity":"","overlay-gradient":""},"tablet":{"background-color":"var(--ast-global-color-5)","background-image":"","background-repeat":"repeat","background-position":"center center","background-size":"auto","background-attachment":"scroll","background-type":"","background-media":"","overlay-type":"","overlay-color":"","overlay-opacity":"","overlay-gradient":""},"mobile":{"background-color":"var(--ast-global-color-5)","background-image":"","background-repeat":"repeat","background-position":"center center","background-size":"auto","background-attachment":"scroll","background-type":"","background-media":"","overlay-type":"","overlay-color":"","overlay-opacity":"","overlay-gradient":""}}},"product_brand":[],"product_cat":[511,375,377,378,364,376],"product_tag":[],"berocket_brand":[633],"class_list":{"0":"post-24208","1":"product","2":"type-product","3":"status-publish","4":"has-post-thumbnail","6":"product_cat-atlaides","7":"product_cat-jutigai-adai-toneri","8":"product_cat-problematiskai-adai-toneri","9":"product_cat-sausai-adai-toneri","10":"product_cat-toneri","11":"product_cat-kombinetai-adai-toneri","12":"berocket_brand-mixsoon","13":"desktop-align-left","14":"tablet-align-left","15":"mobile-align-left","17":"first","18":"outofstock","19":"sale","20":"taxable","21":"shipping-taxable","22":"purchasable","23":"product-type-simple","24":"add-to-wishlist-before_image"},"yoast_head":"<!-- This site is optimized with the Yoast SEO plugin v27.4 - https:\/\/yoast.com\/product\/yoast-seo-wordpress\/ -->\n<title>mixsoon Centella Toner Pad 120 pcs - FACECORNER<\/title>\n<meta name=\"description\" content=\"mixsoon Centella Toner Pad nomierino\u0161i un mitrino\u0161i toniz\u0113jo\u0161i spilventi\u0146i, kas bag\u0101tin\u0101ti ar centella Asiatica ekstraktu, kas acumirkl\u012b nomierina.\" \/>\n<meta name=\"robots\" content=\"index, follow, max-snippet:-1, max-image-preview:large, max-video-preview:-1\" \/>\n<link rel=\"canonical\" href=\"https:\/\/www.facecorner.lv\/en\/shop\/mixsoon-centella-toner-pad-120pcs\/\" \/>\n<meta property=\"og:locale\" content=\"en_US\" \/>\n<meta property=\"og:type\" content=\"article\" \/>\n<meta property=\"og:title\" content=\"mixsoon Centella Toner Pad 120 pcs - FACECORNER\" \/>\n<meta property=\"og:description\" content=\"mixsoon Centella Toner Pad nomierino\u0161i un mitrino\u0161i toniz\u0113jo\u0161i spilventi\u0146i, kas bag\u0101tin\u0101ti ar centella Asiatica ekstraktu, kas acumirkl\u012b nomierina.\" \/>\n<meta property=\"og:url\" content=\"https:\/\/www.facecorner.lv\/en\/shop\/mixsoon-centella-toner-pad-120pcs\/\" \/>\n<meta property=\"og:site_name\" content=\"FACECORNER\" \/>\n<meta property=\"article:publisher\" content=\"https:\/\/www.facebook.com\/profile.php?id=100063824551839\" \/>\n<meta property=\"article:modified_time\" content=\"2025-09-21T17:29:27+00:00\" \/>\n<meta property=\"og:image\" content=\"https:\/\/www.facecorner.lv\/wp-content\/uploads\/2025\/05\/1728546802_8809732912665-centella-pad-3-1.jpg\" \/>\n\t<meta property=\"og:image:width\" content=\"1000\" \/>\n\t<meta property=\"og:image:height\" content=\"1000\" \/>\n\t<meta property=\"og:image:type\" content=\"image\/jpeg\" \/>\n<meta name=\"twitter:card\" content=\"summary_large_image\" \/>\n<meta name=\"twitter:label1\" content=\"Price\" \/>\n\t<meta name=\"twitter:data1\" content=\"&euro;20.76\" \/>\n\t<meta name=\"twitter:label2\" content=\"Availability\" \/>\n\t<meta name=\"twitter:data2\" content=\"Out of stock\" \/>\n<script type=\"application\/ld+json\" class=\"yoast-schema-graph\">{\"@context\":\"https:\\\/\\\/schema.org\",\"@graph\":[{\"@type\":\"WebPage\",\"@id\":\"https:\\\/\\\/www.facecorner.lv\\\/shop\\\/mixsoon-centella-toner-pad-120pcs\\\/\",\"url\":\"https:\\\/\\\/www.facecorner.lv\\\/shop\\\/mixsoon-centella-toner-pad-120pcs\\\/\",\"name\":\"mixsoon Centella Toner Pad 120 pcs - FACECORNER\",\"isPartOf\":{\"@id\":\"https:\\\/\\\/www.facecorner.lv\\\/#website\"},\"primaryImageOfPage\":{\"@id\":\"https:\\\/\\\/www.facecorner.lv\\\/shop\\\/mixsoon-centella-toner-pad-120pcs\\\/#primaryimage\"},\"image\":{\"@id\":\"https:\\\/\\\/www.facecorner.lv\\\/shop\\\/mixsoon-centella-toner-pad-120pcs\\\/#primaryimage\"},\"thumbnailUrl\":\"https:\\\/\\\/www.facecorner.lv\\\/wp-content\\\/uploads\\\/2025\\\/05\\\/1728546802_8809732912665-centella-pad-3-1.jpg\",\"datePublished\":\"2025-05-05T18:32:36+00:00\",\"dateModified\":\"2025-09-21T17:29:27+00:00\",\"description\":\"mixsoon Centella Toner Pad nomierino\u0161i un mitrino\u0161i toniz\u0113jo\u0161i spilventi\u0146i, kas bag\u0101tin\u0101ti ar centella Asiatica ekstraktu, kas acumirkl\u012b nomierina.\",\"breadcrumb\":{\"@id\":\"https:\\\/\\\/www.facecorner.lv\\\/shop\\\/mixsoon-centella-toner-pad-120pcs\\\/#breadcrumb\"},\"inLanguage\":\"en-US\",\"potentialAction\":[{\"@type\":\"ReadAction\",\"target\":[\"https:\\\/\\\/www.facecorner.lv\\\/shop\\\/mixsoon-centella-toner-pad-120pcs\\\/\"]}]},{\"@type\":\"ImageObject\",\"inLanguage\":\"en-US\",\"@id\":\"https:\\\/\\\/www.facecorner.lv\\\/shop\\\/mixsoon-centella-toner-pad-120pcs\\\/#primaryimage\",\"url\":\"https:\\\/\\\/www.facecorner.lv\\\/wp-content\\\/uploads\\\/2025\\\/05\\\/1728546802_8809732912665-centella-pad-3-1.jpg\",\"contentUrl\":\"https:\\\/\\\/www.facecorner.lv\\\/wp-content\\\/uploads\\\/2025\\\/05\\\/1728546802_8809732912665-centella-pad-3-1.jpg\",\"width\":1000,\"height\":1000},{\"@type\":\"BreadcrumbList\",\"@id\":\"https:\\\/\\\/www.facecorner.lv\\\/shop\\\/mixsoon-centella-toner-pad-120pcs\\\/#breadcrumb\",\"itemListElement\":[{\"@type\":\"ListItem\",\"position\":1,\"name\":\"Home\",\"item\":\"https:\\\/\\\/www.facecorner.lv\\\/\"},{\"@type\":\"ListItem\",\"position\":2,\"name\":\"Veikals\",\"item\":\"https:\\\/\\\/www.facecorner.lv\\\/shop\\\/\"},{\"@type\":\"ListItem\",\"position\":3,\"name\":\"mixsoon Centella Toner Pad 120 pcs\"}]},{\"@type\":\"WebSite\",\"@id\":\"https:\\\/\\\/www.facecorner.lv\\\/#website\",\"url\":\"https:\\\/\\\/www.facecorner.lv\\\/\",\"name\":\"Facecorner\",\"description\":\"\",\"publisher\":{\"@id\":\"https:\\\/\\\/www.facecorner.lv\\\/#organization\"},\"potentialAction\":[{\"@type\":\"SearchAction\",\"target\":{\"@type\":\"EntryPoint\",\"urlTemplate\":\"https:\\\/\\\/www.facecorner.lv\\\/?s={search_term_string}\"},\"query-input\":{\"@type\":\"PropertyValueSpecification\",\"valueRequired\":true,\"valueName\":\"search_term_string\"}}],\"inLanguage\":\"en-US\"},{\"@type\":\"Organization\",\"@id\":\"https:\\\/\\\/www.facecorner.lv\\\/#organization\",\"name\":\"Facecorner\",\"url\":\"https:\\\/\\\/www.facecorner.lv\\\/\",\"logo\":{\"@type\":\"ImageObject\",\"inLanguage\":\"en-US\",\"@id\":\"https:\\\/\\\/www.facecorner.lv\\\/#\\\/schema\\\/logo\\\/image\\\/\",\"url\":\"https:\\\/\\\/www.facecorner.lv\\\/wp-content\\\/uploads\\\/2024\\\/04\\\/fc-logo.jpg\",\"contentUrl\":\"https:\\\/\\\/www.facecorner.lv\\\/wp-content\\\/uploads\\\/2024\\\/04\\\/fc-logo.jpg\",\"width\":174,\"height\":28,\"caption\":\"Facecorner\"},\"image\":{\"@id\":\"https:\\\/\\\/www.facecorner.lv\\\/#\\\/schema\\\/logo\\\/image\\\/\"},\"sameAs\":[\"https:\\\/\\\/www.facebook.com\\\/profile.php?id=100063824551839\",\"https:\\\/\\\/www.instagram.com\\\/facecorner_shop\\\/\"]}]}<\/script>\n<meta property=\"product:price:amount\" content=\"20.76\" \/>\n<meta property=\"product:price:currency\" content=\"EUR\" \/>\n<meta property=\"og:availability\" content=\"out of stock\" \/>\n<meta property=\"product:availability\" content=\"out of stock\" \/>\n<meta property=\"product:condition\" content=\"new\" \/>\n<!-- \/ Yoast SEO plugin. -->","yoast_head_json":{"title":"mixsoon Centella Toner Pad 120 pcs - FACECORNER","description":"mixsoon Centella Toner Pad nomierino\u0161i un mitrino\u0161i toniz\u0113jo\u0161i spilventi\u0146i, kas bag\u0101tin\u0101ti ar centella Asiatica ekstraktu, kas acumirkl\u012b nomierina.","robots":{"index":"index","follow":"follow","max-snippet":"max-snippet:-1","max-image-preview":"max-image-preview:large","max-video-preview":"max-video-preview:-1"},"canonical":"https:\/\/www.facecorner.lv\/en\/shop\/mixsoon-centella-toner-pad-120pcs\/","og_locale":"en_US","og_type":"article","og_title":"mixsoon Centella Toner Pad 120 pcs - FACECORNER","og_description":"mixsoon Centella Toner Pad nomierino\u0161i un mitrino\u0161i toniz\u0113jo\u0161i spilventi\u0146i, kas bag\u0101tin\u0101ti ar centella Asiatica ekstraktu, kas acumirkl\u012b nomierina.","og_url":"https:\/\/www.facecorner.lv\/en\/shop\/mixsoon-centella-toner-pad-120pcs\/","og_site_name":"FACECORNER","article_publisher":"https:\/\/www.facebook.com\/profile.php?id=100063824551839","article_modified_time":"2025-09-21T17:29:27+00:00","og_image":[{"width":1000,"height":1000,"url":"https:\/\/www.facecorner.lv\/wp-content\/uploads\/2025\/05\/1728546802_8809732912665-centella-pad-3-1.jpg","type":"image\/jpeg"}],"twitter_card":"summary_large_image","twitter_misc":{"Price":"&euro;20.76","Availability":"Out of stock"},"schema":{"@context":"https:\/\/schema.org","@graph":[{"@type":"WebPage","@id":"https:\/\/www.facecorner.lv\/shop\/mixsoon-centella-toner-pad-120pcs\/","url":"https:\/\/www.facecorner.lv\/shop\/mixsoon-centella-toner-pad-120pcs\/","name":"mixsoon Centella Toner Pad 120 pcs - FACECORNER","isPartOf":{"@id":"https:\/\/www.facecorner.lv\/#website"},"primaryImageOfPage":{"@id":"https:\/\/www.facecorner.lv\/shop\/mixsoon-centella-toner-pad-120pcs\/#primaryimage"},"image":{"@id":"https:\/\/www.facecorner.lv\/shop\/mixsoon-centella-toner-pad-120pcs\/#primaryimage"},"thumbnailUrl":"https:\/\/www.facecorner.lv\/wp-content\/uploads\/2025\/05\/1728546802_8809732912665-centella-pad-3-1.jpg","datePublished":"2025-05-05T18:32:36+00:00","dateModified":"2025-09-21T17:29:27+00:00","description":"mixsoon Centella Toner Pad nomierino\u0161i un mitrino\u0161i toniz\u0113jo\u0161i spilventi\u0146i, kas bag\u0101tin\u0101ti ar centella Asiatica ekstraktu, kas acumirkl\u012b nomierina.","breadcrumb":{"@id":"https:\/\/www.facecorner.lv\/shop\/mixsoon-centella-toner-pad-120pcs\/#breadcrumb"},"inLanguage":"en-US","potentialAction":[{"@type":"ReadAction","target":["https:\/\/www.facecorner.lv\/shop\/mixsoon-centella-toner-pad-120pcs\/"]}]},{"@type":"ImageObject","inLanguage":"en-US","@id":"https:\/\/www.facecorner.lv\/shop\/mixsoon-centella-toner-pad-120pcs\/#primaryimage","url":"https:\/\/www.facecorner.lv\/wp-content\/uploads\/2025\/05\/1728546802_8809732912665-centella-pad-3-1.jpg","contentUrl":"https:\/\/www.facecorner.lv\/wp-content\/uploads\/2025\/05\/1728546802_8809732912665-centella-pad-3-1.jpg","width":1000,"height":1000},{"@type":"BreadcrumbList","@id":"https:\/\/www.facecorner.lv\/shop\/mixsoon-centella-toner-pad-120pcs\/#breadcrumb","itemListElement":[{"@type":"ListItem","position":1,"name":"Home","item":"https:\/\/www.facecorner.lv\/"},{"@type":"ListItem","position":2,"name":"Veikals","item":"https:\/\/www.facecorner.lv\/shop\/"},{"@type":"ListItem","position":3,"name":"mixsoon Centella Toner Pad 120 pcs"}]},{"@type":"WebSite","@id":"https:\/\/www.facecorner.lv\/#website","url":"https:\/\/www.facecorner.lv\/","name":"Facecorner","description":"","publisher":{"@id":"https:\/\/www.facecorner.lv\/#organization"},"potentialAction":[{"@type":"SearchAction","target":{"@type":"EntryPoint","urlTemplate":"https:\/\/www.facecorner.lv\/?s={search_term_string}"},"query-input":{"@type":"PropertyValueSpecification","valueRequired":true,"valueName":"search_term_string"}}],"inLanguage":"en-US"},{"@type":"Organization","@id":"https:\/\/www.facecorner.lv\/#organization","name":"Facecorner","url":"https:\/\/www.facecorner.lv\/","logo":{"@type":"ImageObject","inLanguage":"en-US","@id":"https:\/\/www.facecorner.lv\/#\/schema\/logo\/image\/","url":"https:\/\/www.facecorner.lv\/wp-content\/uploads\/2024\/04\/fc-logo.jpg","contentUrl":"https:\/\/www.facecorner.lv\/wp-content\/uploads\/2024\/04\/fc-logo.jpg","width":174,"height":28,"caption":"Facecorner"},"image":{"@id":"https:\/\/www.facecorner.lv\/#\/schema\/logo\/image\/"},"sameAs":["https:\/\/www.facebook.com\/profile.php?id=100063824551839","https:\/\/www.instagram.com\/facecorner_shop\/"]}]},"product_price_amount":"20.76","product_price_currency":"EUR","og_availability":"out of stock","product_availability":"out of stock","product_condition":"new"},"_links":{"self":[{"href":"https:\/\/www.facecorner.lv\/en\/wp-json\/wp\/v2\/product\/24208","targetHints":{"allow":["GET"]}}],"collection":[{"href":"https:\/\/www.facecorner.lv\/en\/wp-json\/wp\/v2\/product"}],"about":[{"href":"https:\/\/www.facecorner.lv\/en\/wp-json\/wp\/v2\/types\/product"}],"replies":[{"embeddable":true,"href":"https:\/\/www.facecorner.lv\/en\/wp-json\/wp\/v2\/comments?post=24208"}],"wp:featuredmedia":[{"embeddable":true,"href":"https:\/\/www.facecorner.lv\/en\/wp-json\/wp\/v2\/media\/24210"}],"wp:attachment":[{"href":"https:\/\/www.facecorner.lv\/en\/wp-json\/wp\/v2\/media?parent=24208"}],"wp:term":[{"taxonomy":"product_brand","embeddable":true,"href":"https:\/\/www.facecorner.lv\/en\/wp-json\/wp\/v2\/product_brand?post=24208"},{"taxonomy":"product_cat","embeddable":true,"href":"https:\/\/www.facecorner.lv\/en\/wp-json\/wp\/v2\/product_cat?post=24208"},{"taxonomy":"product_tag","embeddable":true,"href":"https:\/\/www.facecorner.lv\/en\/wp-json\/wp\/v2\/product_tag?post=24208"},{"taxonomy":"berocket_brand","embeddable":true,"href":"https:\/\/www.facecorner.lv\/en\/wp-json\/wp\/v2\/berocket_brand?post=24208"}],"curies":[{"name":"wp","href":"https:\/\/api.w.org\/{rel}","templated":true}]}}