{"id":23932,"date":"2025-04-11T14:20:40","date_gmt":"2025-04-11T11:20:40","guid":{"rendered":"https:\/\/www.facecorner.lv\/?post_type=product&#038;p=23932"},"modified":"2025-05-30T01:13:41","modified_gmt":"2025-05-29T22:13:41","slug":"torriden-dive-in-low-molecular-hyaluronic-acid-serum-50-ml","status":"publish","type":"product","link":"https:\/\/www.facecorner.lv\/en\/shop\/torriden-dive-in-low-molecular-hyaluronic-acid-serum-50-ml\/","title":{"rendered":"Torriden DIVE IN Low Molecular Hyaluronic Acid Serum 50 ml"},"content":{"rendered":"<p>Torriden DIVE IN Low Molecular Hyaluronic Acid Serum \u00a0atjauno mitruma tr\u016bkumu \u0161\u016bn\u0101s un nov\u0113r\u0161 dehidrat\u0101cijas paz\u012bmes. Nov\u0113r\u0161 \u0101das lob\u012b\u0161anos, sausumu un sasprindzin\u0101jumu.<\/p>\n<p>Produkta pamat\u0101 ir 5 veidu hialuronsk\u0101bes komplekss ar da\u017e\u0101du molekulmasu: molekulas ar lielu masu atjauno aizsargbarjeru uz \u0101das virsmas, pa\u0101trina dz\u012b\u0161anu un samazina lob\u012b\u0161anos. Zemas masas molekulas ir \u013coti iek\u013c\u016bsto\u0161as un nov\u0113r\u0161 mitruma zudumu \u0161\u016bnu l\u012bmen\u012b.<\/p>\n<p>Veg\u0101nisk\u0101 formula ar neitr\u0101lu pH ir piem\u0113rota pat jut\u012bgai \u0101dai un neizraisa kairin\u0101jumu. Tai ir viegla, \u016bdens konsistence, t\u0101 \u0101tri ies\u016bcas un neatst\u0101j lip\u012bgu atlikumu.<\/p>\n<p><strong>Main active ingredients:<\/strong><\/p>\n<ul>\n<li>Pantenols (vitam\u012bns B5) mazina aps\u0101rtumu un niezi, optimiz\u0113 aizsargfunkcijas, samazina mitruma zudumu, veicina boj\u0101to audu atjauno\u0161anos.<\/li>\n<li>Aminosk\u0101bes mitrina, stiprina aizsarg\u0101jo\u0161o hidrolip\u012bdu barjeru, palielina tvirtumu un elast\u012bbu, normaliz\u0113 \u0161\u016bnu elpo\u0161anu un uztur reljefa gludumu.<\/li>\n<li>Portulakas ekstrakts ir dab\u012bgs antioksidants, satur omega-3 tauksk\u0101bes, tam piem\u012bt nomierino\u0161a, pretiekaisuma, antibakteri\u0101la un br\u016b\u010du dziedino\u0161a iedarb\u012bba.<\/li>\n<li>Hamamelizas ekstraktam piem\u012bt antibakteri\u0101la un nomierino\u0161a iedarb\u012bba, nov\u0113r\u0161 iekaisumus uz sejas. Regul\u0113 sebuma veido\u0161anos un sa\u0161aurina papla\u0161in\u0101t\u0101s poras.<\/li>\n<li>Madekasos\u012bds un madekask\u0101be pal\u012bdz atjaunot barjeras \u012bpa\u0161\u012bbas un mitruma aizturi, samazina jut\u012bgumu, mazina piet\u016bkumu, iedarbojas vazokonstrikt\u012bvi un nov\u0113r\u0161 kupero\u017eu att\u012bst\u012bbu.<\/li>\n<li>Ceram\u012bdi atjauno raga sl\u0101\u0146a integrit\u0101ti, stiprina dabisko barjeru, samazina jut\u012bbu pret \u0101r\u0113jiem kairin\u0101t\u0101jiem, nov\u0113r\u0161 lob\u012b\u0161anos un sausumu.<\/li>\n<\/ul>\n<p><strong>How to use:<\/strong> p\u0113c att\u012br\u012b\u0161anas un toniz\u0113\u0161anas uzkl\u0101jiet nepiecie\u0161amo seruma daudzumu, izkl\u0101jiet to uz sejas, nobeidziet ar kr\u0113mu.<\/p>\n<p><strong>Ingredientes:<\/strong> Water, Butylene Glycol, Glycerin, Dipropylene Glycol, 1,2-Hexanediol, Panthenol, Sodium Hyaluronate, Hydrolyzed Hyaluronic Acid, Sodium Acetylated Hyaluronate, Sodium Hyaluronate Crosspolymer, Hydrolyzed Sodium Hyaluronate, Allantoin, Trehalose, Betaine, Propanediol, Portulaca Oleracea Extract, Hamamelis Virginiana Extract, Madecassoside, Madecassic Acid, Ceramide NP, Beta-Glucan, Malachite Extract, Cholesterol, Pentylene Glycol, Glyceryl Acrylate\/\u200bAcrylic Acid Copolymer, Pvm\/\u200bMa Copolymer, Polyglyceryl-10 Laurate, Xanthan Gum, Tromethamine, Carbomer, Ethylhexylglycerin, Scutellaria Baicalensis Root Extract, Paeonia Suffruticosa Root Extract<\/p>","protected":false},"excerpt":{"rendered":"<p>Torriden DIVE IN Low Molecular Hyaluronic Acid Serum \u00a0atjauno mitruma tr\u016bkumu \u0161\u016bn\u0101s un nov\u0113r\u0161 dehidrat\u0101cijas paz\u012bmes. Nov\u0113r\u0161 \u0101das lob\u012b\u0161anos, sausumu un sasprindzin\u0101jumu.<\/p>","protected":false},"featured_media":23933,"comment_status":"open","ping_status":"closed","template":"","meta":{"site-sidebar-layout":"default","site-content-layout":"","ast-site-content-layout":"default","site-content-style":"default","site-sidebar-style":"default","ast-global-header-display":"","ast-banner-title-visibility":"","ast-main-header-display":"","ast-hfb-above-header-display":"","ast-hfb-below-header-display":"","ast-hfb-mobile-header-display":"","site-post-title":"","ast-breadcrumbs-content":"","ast-featured-img":"","footer-sml-layout":"","theme-transparent-header-meta":"default","adv-header-id-meta":"","stick-header-meta":"","header-above-stick-meta":"","header-main-stick-meta":"","header-below-stick-meta":"","astra-migrate-meta-layouts":"set","ast-page-background-enabled":"default","ast-page-background-meta":{"desktop":{"background-color":"var(--ast-global-color-4)","background-image":"","background-repeat":"repeat","background-position":"center center","background-size":"auto","background-attachment":"scroll","background-type":"","background-media":"","overlay-type":"","overlay-color":"","overlay-opacity":"","overlay-gradient":""},"tablet":{"background-color":"","background-image":"","background-repeat":"repeat","background-position":"center center","background-size":"auto","background-attachment":"scroll","background-type":"","background-media":"","overlay-type":"","overlay-color":"","overlay-opacity":"","overlay-gradient":""},"mobile":{"background-color":"","background-image":"","background-repeat":"repeat","background-position":"center center","background-size":"auto","background-attachment":"scroll","background-type":"","background-media":"","overlay-type":"","overlay-color":"","overlay-opacity":"","overlay-gradient":""}},"ast-content-background-meta":{"desktop":{"background-color":"var(--ast-global-color-5)","background-image":"","background-repeat":"repeat","background-position":"center center","background-size":"auto","background-attachment":"scroll","background-type":"","background-media":"","overlay-type":"","overlay-color":"","overlay-opacity":"","overlay-gradient":""},"tablet":{"background-color":"var(--ast-global-color-5)","background-image":"","background-repeat":"repeat","background-position":"center center","background-size":"auto","background-attachment":"scroll","background-type":"","background-media":"","overlay-type":"","overlay-color":"","overlay-opacity":"","overlay-gradient":""},"mobile":{"background-color":"var(--ast-global-color-5)","background-image":"","background-repeat":"repeat","background-position":"center center","background-size":"auto","background-attachment":"scroll","background-type":"","background-media":"","overlay-type":"","overlay-color":"","overlay-opacity":"","overlay-gradient":""}}},"product_brand":[],"product_cat":[370,511,372,363],"product_tag":[],"berocket_brand":[624],"class_list":{"0":"post-23932","1":"product","2":"type-product","3":"status-publish","4":"has-post-thumbnail","6":"product_cat-adas-mirdzumam","7":"product_cat-atlaides","8":"product_cat-jutigai-adai-serumi","9":"product_cat-serumi","10":"berocket_brand-torriden","11":"desktop-align-left","12":"tablet-align-left","13":"mobile-align-left","15":"first","16":"outofstock","17":"sale","18":"taxable","19":"shipping-taxable","20":"purchasable","21":"product-type-simple","22":"add-to-wishlist-before_image"},"yoast_head":"<!-- This site is optimized with the Yoast SEO plugin v27.4 - https:\/\/yoast.com\/product\/yoast-seo-wordpress\/ -->\n<title>Torriden DIVE IN Low Molecular Hyaluronic Acid Serum 50 ml - FACECORNER<\/title>\n<meta name=\"description\" content=\"Torriden DIVE IN Low Molecular Hyaluronic Acid Serum \u00a0atjauno mitruma tr\u016bkumu \u0161\u016bn\u0101s un nov\u0113r\u0161 dehidrat\u0101cijas paz\u012bmes. Nov\u0113r\u0161 \u0101das lob\u012b\u0161anos\" \/>\n<meta name=\"robots\" content=\"index, follow, max-snippet:-1, max-image-preview:large, max-video-preview:-1\" \/>\n<link rel=\"canonical\" href=\"https:\/\/www.facecorner.lv\/en\/shop\/torriden-dive-in-low-molecular-hyaluronic-acid-serum-50-ml\/\" \/>\n<meta property=\"og:locale\" content=\"en_US\" \/>\n<meta property=\"og:type\" content=\"article\" \/>\n<meta property=\"og:title\" content=\"Torriden DIVE IN Low Molecular Hyaluronic Acid Serum 50 ml - FACECORNER\" \/>\n<meta property=\"og:description\" content=\"Torriden DIVE IN Low Molecular Hyaluronic Acid Serum \u00a0atjauno mitruma tr\u016bkumu \u0161\u016bn\u0101s un nov\u0113r\u0161 dehidrat\u0101cijas paz\u012bmes. Nov\u0113r\u0161 \u0101das lob\u012b\u0161anos\" \/>\n<meta property=\"og:url\" content=\"https:\/\/www.facecorner.lv\/en\/shop\/torriden-dive-in-low-molecular-hyaluronic-acid-serum-50-ml\/\" \/>\n<meta property=\"og:site_name\" content=\"FACECORNER\" \/>\n<meta property=\"article:publisher\" content=\"https:\/\/www.facebook.com\/profile.php?id=100063824551839\" \/>\n<meta property=\"article:modified_time\" content=\"2025-05-29T22:13:41+00:00\" \/>\n<meta property=\"og:image\" content=\"https:\/\/www.facecorner.lv\/wp-content\/uploads\/2025\/04\/e148edea04216fb24e3de3e8ba51c2f0.webp\" \/>\n\t<meta property=\"og:image:width\" content=\"1240\" \/>\n\t<meta property=\"og:image:height\" content=\"1240\" \/>\n\t<meta property=\"og:image:type\" content=\"image\/webp\" \/>\n<meta name=\"twitter:card\" content=\"summary_large_image\" \/>\n<meta name=\"twitter:label1\" content=\"Price\" \/>\n\t<meta name=\"twitter:data1\" content=\"&euro;19.95\" \/>\n\t<meta name=\"twitter:label2\" content=\"Availability\" \/>\n\t<meta name=\"twitter:data2\" content=\"Out of stock\" \/>\n<script type=\"application\/ld+json\" class=\"yoast-schema-graph\">{\"@context\":\"https:\\\/\\\/schema.org\",\"@graph\":[{\"@type\":\"WebPage\",\"@id\":\"https:\\\/\\\/www.facecorner.lv\\\/shop\\\/torriden-dive-in-low-molecular-hyaluronic-acid-serum-50-ml\\\/\",\"url\":\"https:\\\/\\\/www.facecorner.lv\\\/shop\\\/torriden-dive-in-low-molecular-hyaluronic-acid-serum-50-ml\\\/\",\"name\":\"Torriden DIVE IN Low Molecular Hyaluronic Acid Serum 50 ml - FACECORNER\",\"isPartOf\":{\"@id\":\"https:\\\/\\\/www.facecorner.lv\\\/#website\"},\"primaryImageOfPage\":{\"@id\":\"https:\\\/\\\/www.facecorner.lv\\\/shop\\\/torriden-dive-in-low-molecular-hyaluronic-acid-serum-50-ml\\\/#primaryimage\"},\"image\":{\"@id\":\"https:\\\/\\\/www.facecorner.lv\\\/shop\\\/torriden-dive-in-low-molecular-hyaluronic-acid-serum-50-ml\\\/#primaryimage\"},\"thumbnailUrl\":\"https:\\\/\\\/www.facecorner.lv\\\/wp-content\\\/uploads\\\/2025\\\/04\\\/e148edea04216fb24e3de3e8ba51c2f0.webp\",\"datePublished\":\"2025-04-11T11:20:40+00:00\",\"dateModified\":\"2025-05-29T22:13:41+00:00\",\"description\":\"Torriden DIVE IN Low Molecular Hyaluronic Acid Serum \u00a0atjauno mitruma tr\u016bkumu \u0161\u016bn\u0101s un nov\u0113r\u0161 dehidrat\u0101cijas paz\u012bmes. Nov\u0113r\u0161 \u0101das lob\u012b\u0161anos\",\"breadcrumb\":{\"@id\":\"https:\\\/\\\/www.facecorner.lv\\\/shop\\\/torriden-dive-in-low-molecular-hyaluronic-acid-serum-50-ml\\\/#breadcrumb\"},\"inLanguage\":\"en-US\",\"potentialAction\":[{\"@type\":\"ReadAction\",\"target\":[\"https:\\\/\\\/www.facecorner.lv\\\/shop\\\/torriden-dive-in-low-molecular-hyaluronic-acid-serum-50-ml\\\/\"]}]},{\"@type\":\"ImageObject\",\"inLanguage\":\"en-US\",\"@id\":\"https:\\\/\\\/www.facecorner.lv\\\/shop\\\/torriden-dive-in-low-molecular-hyaluronic-acid-serum-50-ml\\\/#primaryimage\",\"url\":\"https:\\\/\\\/www.facecorner.lv\\\/wp-content\\\/uploads\\\/2025\\\/04\\\/e148edea04216fb24e3de3e8ba51c2f0.webp\",\"contentUrl\":\"https:\\\/\\\/www.facecorner.lv\\\/wp-content\\\/uploads\\\/2025\\\/04\\\/e148edea04216fb24e3de3e8ba51c2f0.webp\",\"width\":1240,\"height\":1240,\"caption\":\"Torriden DIVE IN Low Molecular Hyaluronic Acid Serum\"},{\"@type\":\"BreadcrumbList\",\"@id\":\"https:\\\/\\\/www.facecorner.lv\\\/shop\\\/torriden-dive-in-low-molecular-hyaluronic-acid-serum-50-ml\\\/#breadcrumb\",\"itemListElement\":[{\"@type\":\"ListItem\",\"position\":1,\"name\":\"Home\",\"item\":\"https:\\\/\\\/www.facecorner.lv\\\/\"},{\"@type\":\"ListItem\",\"position\":2,\"name\":\"Veikals\",\"item\":\"https:\\\/\\\/www.facecorner.lv\\\/shop\\\/\"},{\"@type\":\"ListItem\",\"position\":3,\"name\":\"Torriden DIVE IN Low Molecular Hyaluronic Acid Serum 50 ml\"}]},{\"@type\":\"WebSite\",\"@id\":\"https:\\\/\\\/www.facecorner.lv\\\/#website\",\"url\":\"https:\\\/\\\/www.facecorner.lv\\\/\",\"name\":\"Facecorner\",\"description\":\"\",\"publisher\":{\"@id\":\"https:\\\/\\\/www.facecorner.lv\\\/#organization\"},\"potentialAction\":[{\"@type\":\"SearchAction\",\"target\":{\"@type\":\"EntryPoint\",\"urlTemplate\":\"https:\\\/\\\/www.facecorner.lv\\\/?s={search_term_string}\"},\"query-input\":{\"@type\":\"PropertyValueSpecification\",\"valueRequired\":true,\"valueName\":\"search_term_string\"}}],\"inLanguage\":\"en-US\"},{\"@type\":\"Organization\",\"@id\":\"https:\\\/\\\/www.facecorner.lv\\\/#organization\",\"name\":\"Facecorner\",\"url\":\"https:\\\/\\\/www.facecorner.lv\\\/\",\"logo\":{\"@type\":\"ImageObject\",\"inLanguage\":\"en-US\",\"@id\":\"https:\\\/\\\/www.facecorner.lv\\\/#\\\/schema\\\/logo\\\/image\\\/\",\"url\":\"https:\\\/\\\/www.facecorner.lv\\\/wp-content\\\/uploads\\\/2024\\\/04\\\/fc-logo.jpg\",\"contentUrl\":\"https:\\\/\\\/www.facecorner.lv\\\/wp-content\\\/uploads\\\/2024\\\/04\\\/fc-logo.jpg\",\"width\":174,\"height\":28,\"caption\":\"Facecorner\"},\"image\":{\"@id\":\"https:\\\/\\\/www.facecorner.lv\\\/#\\\/schema\\\/logo\\\/image\\\/\"},\"sameAs\":[\"https:\\\/\\\/www.facebook.com\\\/profile.php?id=100063824551839\",\"https:\\\/\\\/www.instagram.com\\\/facecorner_shop\\\/\"]}]}<\/script>\n<meta property=\"product:price:amount\" content=\"19.95\" \/>\n<meta property=\"product:price:currency\" content=\"EUR\" \/>\n<meta property=\"og:availability\" content=\"out of stock\" \/>\n<meta property=\"product:availability\" content=\"out of stock\" \/>\n<meta property=\"product:condition\" content=\"new\" \/>\n<!-- \/ Yoast SEO plugin. -->","yoast_head_json":{"title":"Torriden DIVE IN Low Molecular Hyaluronic Acid Serum 50 ml - FACECORNER","description":"Torriden DIVE IN Low Molecular Hyaluronic Acid Serum \u00a0atjauno mitruma tr\u016bkumu \u0161\u016bn\u0101s un nov\u0113r\u0161 dehidrat\u0101cijas paz\u012bmes. Nov\u0113r\u0161 \u0101das lob\u012b\u0161anos","robots":{"index":"index","follow":"follow","max-snippet":"max-snippet:-1","max-image-preview":"max-image-preview:large","max-video-preview":"max-video-preview:-1"},"canonical":"https:\/\/www.facecorner.lv\/en\/shop\/torriden-dive-in-low-molecular-hyaluronic-acid-serum-50-ml\/","og_locale":"en_US","og_type":"article","og_title":"Torriden DIVE IN Low Molecular Hyaluronic Acid Serum 50 ml - FACECORNER","og_description":"Torriden DIVE IN Low Molecular Hyaluronic Acid Serum \u00a0atjauno mitruma tr\u016bkumu \u0161\u016bn\u0101s un nov\u0113r\u0161 dehidrat\u0101cijas paz\u012bmes. Nov\u0113r\u0161 \u0101das lob\u012b\u0161anos","og_url":"https:\/\/www.facecorner.lv\/en\/shop\/torriden-dive-in-low-molecular-hyaluronic-acid-serum-50-ml\/","og_site_name":"FACECORNER","article_publisher":"https:\/\/www.facebook.com\/profile.php?id=100063824551839","article_modified_time":"2025-05-29T22:13:41+00:00","og_image":[{"width":1240,"height":1240,"url":"https:\/\/www.facecorner.lv\/wp-content\/uploads\/2025\/04\/e148edea04216fb24e3de3e8ba51c2f0.webp","type":"image\/webp"}],"twitter_card":"summary_large_image","twitter_misc":{"Price":"&euro;19.95","Availability":"Out of stock"},"schema":{"@context":"https:\/\/schema.org","@graph":[{"@type":"WebPage","@id":"https:\/\/www.facecorner.lv\/shop\/torriden-dive-in-low-molecular-hyaluronic-acid-serum-50-ml\/","url":"https:\/\/www.facecorner.lv\/shop\/torriden-dive-in-low-molecular-hyaluronic-acid-serum-50-ml\/","name":"Torriden DIVE IN Low Molecular Hyaluronic Acid Serum 50 ml - FACECORNER","isPartOf":{"@id":"https:\/\/www.facecorner.lv\/#website"},"primaryImageOfPage":{"@id":"https:\/\/www.facecorner.lv\/shop\/torriden-dive-in-low-molecular-hyaluronic-acid-serum-50-ml\/#primaryimage"},"image":{"@id":"https:\/\/www.facecorner.lv\/shop\/torriden-dive-in-low-molecular-hyaluronic-acid-serum-50-ml\/#primaryimage"},"thumbnailUrl":"https:\/\/www.facecorner.lv\/wp-content\/uploads\/2025\/04\/e148edea04216fb24e3de3e8ba51c2f0.webp","datePublished":"2025-04-11T11:20:40+00:00","dateModified":"2025-05-29T22:13:41+00:00","description":"Torriden DIVE IN Low Molecular Hyaluronic Acid Serum \u00a0atjauno mitruma tr\u016bkumu \u0161\u016bn\u0101s un nov\u0113r\u0161 dehidrat\u0101cijas paz\u012bmes. Nov\u0113r\u0161 \u0101das lob\u012b\u0161anos","breadcrumb":{"@id":"https:\/\/www.facecorner.lv\/shop\/torriden-dive-in-low-molecular-hyaluronic-acid-serum-50-ml\/#breadcrumb"},"inLanguage":"en-US","potentialAction":[{"@type":"ReadAction","target":["https:\/\/www.facecorner.lv\/shop\/torriden-dive-in-low-molecular-hyaluronic-acid-serum-50-ml\/"]}]},{"@type":"ImageObject","inLanguage":"en-US","@id":"https:\/\/www.facecorner.lv\/shop\/torriden-dive-in-low-molecular-hyaluronic-acid-serum-50-ml\/#primaryimage","url":"https:\/\/www.facecorner.lv\/wp-content\/uploads\/2025\/04\/e148edea04216fb24e3de3e8ba51c2f0.webp","contentUrl":"https:\/\/www.facecorner.lv\/wp-content\/uploads\/2025\/04\/e148edea04216fb24e3de3e8ba51c2f0.webp","width":1240,"height":1240,"caption":"Torriden DIVE IN Low Molecular Hyaluronic Acid Serum"},{"@type":"BreadcrumbList","@id":"https:\/\/www.facecorner.lv\/shop\/torriden-dive-in-low-molecular-hyaluronic-acid-serum-50-ml\/#breadcrumb","itemListElement":[{"@type":"ListItem","position":1,"name":"Home","item":"https:\/\/www.facecorner.lv\/"},{"@type":"ListItem","position":2,"name":"Veikals","item":"https:\/\/www.facecorner.lv\/shop\/"},{"@type":"ListItem","position":3,"name":"Torriden DIVE IN Low Molecular Hyaluronic Acid Serum 50 ml"}]},{"@type":"WebSite","@id":"https:\/\/www.facecorner.lv\/#website","url":"https:\/\/www.facecorner.lv\/","name":"Facecorner","description":"","publisher":{"@id":"https:\/\/www.facecorner.lv\/#organization"},"potentialAction":[{"@type":"SearchAction","target":{"@type":"EntryPoint","urlTemplate":"https:\/\/www.facecorner.lv\/?s={search_term_string}"},"query-input":{"@type":"PropertyValueSpecification","valueRequired":true,"valueName":"search_term_string"}}],"inLanguage":"en-US"},{"@type":"Organization","@id":"https:\/\/www.facecorner.lv\/#organization","name":"Facecorner","url":"https:\/\/www.facecorner.lv\/","logo":{"@type":"ImageObject","inLanguage":"en-US","@id":"https:\/\/www.facecorner.lv\/#\/schema\/logo\/image\/","url":"https:\/\/www.facecorner.lv\/wp-content\/uploads\/2024\/04\/fc-logo.jpg","contentUrl":"https:\/\/www.facecorner.lv\/wp-content\/uploads\/2024\/04\/fc-logo.jpg","width":174,"height":28,"caption":"Facecorner"},"image":{"@id":"https:\/\/www.facecorner.lv\/#\/schema\/logo\/image\/"},"sameAs":["https:\/\/www.facebook.com\/profile.php?id=100063824551839","https:\/\/www.instagram.com\/facecorner_shop\/"]}]},"product_price_amount":"19.95","product_price_currency":"EUR","og_availability":"out of stock","product_availability":"out of stock","product_condition":"new"},"_links":{"self":[{"href":"https:\/\/www.facecorner.lv\/en\/wp-json\/wp\/v2\/product\/23932","targetHints":{"allow":["GET"]}}],"collection":[{"href":"https:\/\/www.facecorner.lv\/en\/wp-json\/wp\/v2\/product"}],"about":[{"href":"https:\/\/www.facecorner.lv\/en\/wp-json\/wp\/v2\/types\/product"}],"replies":[{"embeddable":true,"href":"https:\/\/www.facecorner.lv\/en\/wp-json\/wp\/v2\/comments?post=23932"}],"wp:featuredmedia":[{"embeddable":true,"href":"https:\/\/www.facecorner.lv\/en\/wp-json\/wp\/v2\/media\/23933"}],"wp:attachment":[{"href":"https:\/\/www.facecorner.lv\/en\/wp-json\/wp\/v2\/media?parent=23932"}],"wp:term":[{"taxonomy":"product_brand","embeddable":true,"href":"https:\/\/www.facecorner.lv\/en\/wp-json\/wp\/v2\/product_brand?post=23932"},{"taxonomy":"product_cat","embeddable":true,"href":"https:\/\/www.facecorner.lv\/en\/wp-json\/wp\/v2\/product_cat?post=23932"},{"taxonomy":"product_tag","embeddable":true,"href":"https:\/\/www.facecorner.lv\/en\/wp-json\/wp\/v2\/product_tag?post=23932"},{"taxonomy":"berocket_brand","embeddable":true,"href":"https:\/\/www.facecorner.lv\/en\/wp-json\/wp\/v2\/berocket_brand?post=23932"}],"curies":[{"name":"wp","href":"https:\/\/api.w.org\/{rel}","templated":true}]}}