{"id":23904,"date":"2025-04-09T13:15:21","date_gmt":"2025-04-09T10:15:21","guid":{"rendered":"https:\/\/www.facecorner.lv\/?post_type=product&#038;p=23904"},"modified":"2025-04-09T13:15:21","modified_gmt":"2025-04-09T10:15:21","slug":"torriden-balanceful-cica-toner-pad-60ea","status":"publish","type":"product","link":"https:\/\/www.facecorner.lv\/en\/shop\/torriden-balanceful-cica-toner-pad-60ea\/","title":{"rendered":"Torriden\ufeff Balanceful Cica Toner Pad 60ea"},"content":{"rendered":"<p>Torriden Balanceful Cica Toner Pad hipoaler\u0123iski att\u012bro\u0161ie spilventi\u0146i nomierina un atsvaidzina \u0101du, izl\u012bdzina t\u0101s tekst\u016bru un tonusu, maigi atbr\u012bvo poras un nov\u0113r\u0161 komedonus. Divpus\u0113jiem spilventi\u0146iem ir reljefa puse, kas nodro\u0161ina maigu p\u012blinga efektu, un gluda puse mitrin\u0101\u0161anai.<\/p>\n<p>Polster\u0113jumi no\u0146em lieko sebumu, keratiniz\u0113t\u0101s da\u013ci\u0146as un net\u012brumu paliekas, nov\u0113r\u0161 poru aizs\u0113r\u0113\u0161anu, toniz\u0113 un sagatavo n\u0101kamajai proced\u016brai.<\/p>\n<p>Neitr\u0101la pH produkts ir piem\u0113rots ikdienas lieto\u0161anai pat jut\u012bgai \u0101dai.<\/p>\n<p>Sast\u0101v\u0101 ir nomierino\u0161s komplekss T-Percent\u2122 uz centellas b\u0101zes, kas sast\u0101v no centellas ekstrakta, madekasos\u012bda, madekassk\u0101bes, asiatisk\u0101s sk\u0101bes un asiatikos\u012bda. T-Percent\u2122 mazina kairin\u0101jumu un aps\u0101rtumu, mazina sausumu un diskomfortu, stiprina asinsvadu sieni\u0146as un nov\u0113r\u0161 kuperozi.<\/p>\n<p><strong>KEY INGREDIENTS: <\/strong><\/p>\n<ul>\n<li>Salicilsk\u0101bes kaprilsk\u0101be (LHA) &#8211; maigs salicilsk\u0101bes BHA-sk\u0101bes analogs, kam ir liel\u0101ka izm\u0113ra molekula, t\u0101p\u0113c t\u0101 darbojas maig\u0101k. T\u0101 \u0161\u0137\u012bdina por\u0101s eso\u0161os net\u012brumus, balina sebumu un nov\u0113r\u0161 melnos plankumus.<\/li>\n<li>Glikonolaktonam (PHA) ir liel\u0101kas molekulas nek\u0101 AHA sk\u0101b\u0113m, t\u0101p\u0113c tas ir piem\u0113rots jut\u012bgai \u0101dai. Tas maigi no\u0146em keratiniz\u0113t\u0101s \u0161\u016bnas, izl\u012bdzina mikroreljefu un balina pigment\u0101ciju.<\/li>\n<li>Pantenols (vitam\u012bns B5) mazina aps\u0101rtumu un niezi, stiprina hidrolip\u012bdu barjeru, nov\u0113r\u0161 mitruma iztvaiko\u0161anu un veicina re\u0123ener\u0101ciju.<\/li>\n<li>Alanto\u012bns nomierina, pa\u0101trina dz\u012b\u0161anu, tam piem\u012bt antioksidanta iedarb\u012bba, pal\u012bdz samazin\u0101t reaktivit\u0101ti.<\/li>\n<\/ul>\n<p><strong>How to use:<\/strong> after washing, wipe the skin (except the eye area) first with the embossed side to remove any dirt and then with the smooth side of the pad.<\/p>\n<p><strong>Ingredientes:<\/strong> Water, Dipropylene Glycol, Butylene Glycol, Gluconolactone, Panthenol, Allantoin, Sodium Hyaluronate, Centella Asiatica Extract, Madecassoside, Asiatic Acid, Madecassic Acid,<br \/>\nAsiaticoside, Capryloyl Salicylic Acid, Hamamelis Virginiana (Witch Hazel) Extract, Althaea<br \/>\nRosea Flower Extract, Nymphaea Caerulea Flower Extract, Swertia Japonica Extract, Lactobacillus\u00a0Ferment, Glycerin, Hydroxyacetophenone, Pantolactone, Polyglyceryl-10 Laurate, Glyceryl Acrylate\/Acrylic Acid Copolymer, PVM\/MA Copolymer, Hydrogenated Phosphatidylcholine,<br \/>\nSucrose Stearate, Sodium Guaiazulene Sulfonate, Caprylic\/Capric Triglyceride, Caprylyl Glycol,<br \/>\nCholesterol, Arginine, Melia Azadirachta Flower Extract, Melia Azadirachta Leaf Extract,<br \/>\nDipotassium Glycyrrhizate, 1,2-Hexanediol, Disodium EDTA, Ethylhexylglycerin<\/p>","protected":false},"excerpt":{"rendered":"<p>Torriden Balanceful Cica Toner Pad hipoaler\u0123iski att\u012bro\u0161ie spilventi\u0146i nomierina un atsvaidzina \u0101du, izl\u012bdzina t\u0101s tekst\u016bru un tonusu, maigi atbr\u012bvo poras un nov\u0113r\u0161 komedonus.<\/p>","protected":false},"featured_media":23905,"comment_status":"open","ping_status":"closed","template":"","meta":{"site-sidebar-layout":"default","site-content-layout":"","ast-site-content-layout":"default","site-content-style":"default","site-sidebar-style":"default","ast-global-header-display":"","ast-banner-title-visibility":"","ast-main-header-display":"","ast-hfb-above-header-display":"","ast-hfb-below-header-display":"","ast-hfb-mobile-header-display":"","site-post-title":"","ast-breadcrumbs-content":"","ast-featured-img":"","footer-sml-layout":"","theme-transparent-header-meta":"default","adv-header-id-meta":"","stick-header-meta":"","header-above-stick-meta":"","header-main-stick-meta":"","header-below-stick-meta":"","astra-migrate-meta-layouts":"set","ast-page-background-enabled":"default","ast-page-background-meta":{"desktop":{"background-color":"var(--ast-global-color-4)","background-image":"","background-repeat":"repeat","background-position":"center center","background-size":"auto","background-attachment":"scroll","background-type":"","background-media":"","overlay-type":"","overlay-color":"","overlay-opacity":"","overlay-gradient":""},"tablet":{"background-color":"","background-image":"","background-repeat":"repeat","background-position":"center center","background-size":"auto","background-attachment":"scroll","background-type":"","background-media":"","overlay-type":"","overlay-color":"","overlay-opacity":"","overlay-gradient":""},"mobile":{"background-color":"","background-image":"","background-repeat":"repeat","background-position":"center center","background-size":"auto","background-attachment":"scroll","background-type":"","background-media":"","overlay-type":"","overlay-color":"","overlay-opacity":"","overlay-gradient":""}},"ast-content-background-meta":{"desktop":{"background-color":"var(--ast-global-color-5)","background-image":"","background-repeat":"repeat","background-position":"center center","background-size":"auto","background-attachment":"scroll","background-type":"","background-media":"","overlay-type":"","overlay-color":"","overlay-opacity":"","overlay-gradient":""},"tablet":{"background-color":"var(--ast-global-color-5)","background-image":"","background-repeat":"repeat","background-position":"center center","background-size":"auto","background-attachment":"scroll","background-type":"","background-media":"","overlay-type":"","overlay-color":"","overlay-opacity":"","overlay-gradient":""},"mobile":{"background-color":"var(--ast-global-color-5)","background-image":"","background-repeat":"repeat","background-position":"center center","background-size":"auto","background-attachment":"scroll","background-type":"","background-media":"","overlay-type":"","overlay-color":"","overlay-opacity":"","overlay-gradient":""}}},"product_brand":[],"product_cat":[375,377,378,364,376],"product_tag":[],"berocket_brand":[624],"class_list":{"0":"post-23904","1":"product","2":"type-product","3":"status-publish","4":"has-post-thumbnail","6":"product_cat-jutigai-adai-toneri","7":"product_cat-problematiskai-adai-toneri","8":"product_cat-sausai-adai-toneri","9":"product_cat-toneri","10":"product_cat-kombinetai-adai-toneri","11":"berocket_brand-torriden","12":"desktop-align-left","13":"tablet-align-left","14":"mobile-align-left","16":"first","17":"instock","18":"taxable","19":"shipping-taxable","20":"purchasable","21":"product-type-simple","22":"add-to-wishlist-before_image"},"yoast_head":"<!-- This site is optimized with the Yoast SEO plugin v27.4 - https:\/\/yoast.com\/product\/yoast-seo-wordpress\/ -->\n<title>Torriden\ufeff Balanceful Cica Toner Pad 60ea - FACECORNER<\/title>\n<meta name=\"description\" content=\"Torriden Balanceful Cica Toner Pad hipoaler\u0123iski att\u012bro\u0161ie spilventi\u0146i nomierina un atsvaidzina \u0101du, izl\u012bdzina t\u0101s tekst\u016bru un tonusu, maigi atbr\u012bvo poras\" \/>\n<meta name=\"robots\" content=\"index, follow, max-snippet:-1, max-image-preview:large, max-video-preview:-1\" \/>\n<link rel=\"canonical\" href=\"https:\/\/www.facecorner.lv\/en\/shop\/torriden-balanceful-cica-toner-pad-60ea\/\" \/>\n<meta property=\"og:locale\" content=\"en_US\" \/>\n<meta property=\"og:type\" content=\"article\" \/>\n<meta property=\"og:title\" content=\"Torriden\ufeff Balanceful Cica Toner Pad 60ea - FACECORNER\" \/>\n<meta property=\"og:description\" content=\"Torriden Balanceful Cica Toner Pad hipoaler\u0123iski att\u012bro\u0161ie spilventi\u0146i nomierina un atsvaidzina \u0101du, izl\u012bdzina t\u0101s tekst\u016bru un tonusu, maigi atbr\u012bvo poras\" \/>\n<meta property=\"og:url\" content=\"https:\/\/www.facecorner.lv\/en\/shop\/torriden-balanceful-cica-toner-pad-60ea\/\" \/>\n<meta property=\"og:site_name\" content=\"FACECORNER\" \/>\n<meta property=\"article:publisher\" content=\"https:\/\/www.facebook.com\/profile.php?id=100063824551839\" \/>\n<meta property=\"og:image\" content=\"https:\/\/www.facecorner.lv\/wp-content\/uploads\/2025\/04\/TorridenBalancefulCicaTonerPad.webp\" \/>\n\t<meta property=\"og:image:width\" content=\"1200\" \/>\n\t<meta property=\"og:image:height\" content=\"1200\" \/>\n\t<meta property=\"og:image:type\" content=\"image\/webp\" \/>\n<meta name=\"twitter:card\" content=\"summary_large_image\" \/>\n<meta name=\"twitter:label1\" content=\"Price\" \/>\n\t<meta name=\"twitter:data1\" content=\"&euro;24.00\" \/>\n\t<meta name=\"twitter:label2\" content=\"Availability\" \/>\n\t<meta name=\"twitter:data2\" content=\"In stock\" \/>\n<script type=\"application\/ld+json\" class=\"yoast-schema-graph\">{\"@context\":\"https:\\\/\\\/schema.org\",\"@graph\":[{\"@type\":\"WebPage\",\"@id\":\"https:\\\/\\\/www.facecorner.lv\\\/shop\\\/torriden-balanceful-cica-toner-pad-60ea\\\/\",\"url\":\"https:\\\/\\\/www.facecorner.lv\\\/shop\\\/torriden-balanceful-cica-toner-pad-60ea\\\/\",\"name\":\"Torriden\ufeff Balanceful Cica Toner Pad 60ea - FACECORNER\",\"isPartOf\":{\"@id\":\"https:\\\/\\\/www.facecorner.lv\\\/#website\"},\"primaryImageOfPage\":{\"@id\":\"https:\\\/\\\/www.facecorner.lv\\\/shop\\\/torriden-balanceful-cica-toner-pad-60ea\\\/#primaryimage\"},\"image\":{\"@id\":\"https:\\\/\\\/www.facecorner.lv\\\/shop\\\/torriden-balanceful-cica-toner-pad-60ea\\\/#primaryimage\"},\"thumbnailUrl\":\"https:\\\/\\\/www.facecorner.lv\\\/wp-content\\\/uploads\\\/2025\\\/04\\\/TorridenBalancefulCicaTonerPad.webp\",\"datePublished\":\"2025-04-09T10:15:21+00:00\",\"description\":\"Torriden Balanceful Cica Toner Pad hipoaler\u0123iski att\u012bro\u0161ie spilventi\u0146i nomierina un atsvaidzina \u0101du, izl\u012bdzina t\u0101s tekst\u016bru un tonusu, maigi atbr\u012bvo poras\",\"breadcrumb\":{\"@id\":\"https:\\\/\\\/www.facecorner.lv\\\/shop\\\/torriden-balanceful-cica-toner-pad-60ea\\\/#breadcrumb\"},\"inLanguage\":\"en-US\",\"potentialAction\":[{\"@type\":\"ReadAction\",\"target\":[\"https:\\\/\\\/www.facecorner.lv\\\/shop\\\/torriden-balanceful-cica-toner-pad-60ea\\\/\"]}]},{\"@type\":\"ImageObject\",\"inLanguage\":\"en-US\",\"@id\":\"https:\\\/\\\/www.facecorner.lv\\\/shop\\\/torriden-balanceful-cica-toner-pad-60ea\\\/#primaryimage\",\"url\":\"https:\\\/\\\/www.facecorner.lv\\\/wp-content\\\/uploads\\\/2025\\\/04\\\/TorridenBalancefulCicaTonerPad.webp\",\"contentUrl\":\"https:\\\/\\\/www.facecorner.lv\\\/wp-content\\\/uploads\\\/2025\\\/04\\\/TorridenBalancefulCicaTonerPad.webp\",\"width\":1200,\"height\":1200,\"caption\":\"Torriden\ufeff Balanceful Cica Toner Pad\"},{\"@type\":\"BreadcrumbList\",\"@id\":\"https:\\\/\\\/www.facecorner.lv\\\/shop\\\/torriden-balanceful-cica-toner-pad-60ea\\\/#breadcrumb\",\"itemListElement\":[{\"@type\":\"ListItem\",\"position\":1,\"name\":\"Home\",\"item\":\"https:\\\/\\\/www.facecorner.lv\\\/\"},{\"@type\":\"ListItem\",\"position\":2,\"name\":\"Veikals\",\"item\":\"https:\\\/\\\/www.facecorner.lv\\\/shop\\\/\"},{\"@type\":\"ListItem\",\"position\":3,\"name\":\"Torriden\ufeff Balanceful Cica Toner Pad 60ea\"}]},{\"@type\":\"WebSite\",\"@id\":\"https:\\\/\\\/www.facecorner.lv\\\/#website\",\"url\":\"https:\\\/\\\/www.facecorner.lv\\\/\",\"name\":\"Facecorner\",\"description\":\"\",\"publisher\":{\"@id\":\"https:\\\/\\\/www.facecorner.lv\\\/#organization\"},\"potentialAction\":[{\"@type\":\"SearchAction\",\"target\":{\"@type\":\"EntryPoint\",\"urlTemplate\":\"https:\\\/\\\/www.facecorner.lv\\\/?s={search_term_string}\"},\"query-input\":{\"@type\":\"PropertyValueSpecification\",\"valueRequired\":true,\"valueName\":\"search_term_string\"}}],\"inLanguage\":\"en-US\"},{\"@type\":\"Organization\",\"@id\":\"https:\\\/\\\/www.facecorner.lv\\\/#organization\",\"name\":\"Facecorner\",\"url\":\"https:\\\/\\\/www.facecorner.lv\\\/\",\"logo\":{\"@type\":\"ImageObject\",\"inLanguage\":\"en-US\",\"@id\":\"https:\\\/\\\/www.facecorner.lv\\\/#\\\/schema\\\/logo\\\/image\\\/\",\"url\":\"https:\\\/\\\/www.facecorner.lv\\\/wp-content\\\/uploads\\\/2024\\\/04\\\/fc-logo.jpg\",\"contentUrl\":\"https:\\\/\\\/www.facecorner.lv\\\/wp-content\\\/uploads\\\/2024\\\/04\\\/fc-logo.jpg\",\"width\":174,\"height\":28,\"caption\":\"Facecorner\"},\"image\":{\"@id\":\"https:\\\/\\\/www.facecorner.lv\\\/#\\\/schema\\\/logo\\\/image\\\/\"},\"sameAs\":[\"https:\\\/\\\/www.facebook.com\\\/profile.php?id=100063824551839\",\"https:\\\/\\\/www.instagram.com\\\/facecorner_shop\\\/\"]}]}<\/script>\n<meta property=\"product:price:amount\" content=\"24.00\" \/>\n<meta property=\"product:price:currency\" content=\"EUR\" \/>\n<meta property=\"og:availability\" content=\"instock\" \/>\n<meta property=\"product:availability\" content=\"instock\" \/>\n<meta property=\"product:condition\" content=\"new\" \/>\n<!-- \/ Yoast SEO plugin. -->","yoast_head_json":{"title":"Torriden\ufeff Balanceful Cica Toner Pad 60ea - FACECORNER","description":"Torriden Balanceful Cica Toner Pad hipoaler\u0123iski att\u012bro\u0161ie spilventi\u0146i nomierina un atsvaidzina \u0101du, izl\u012bdzina t\u0101s tekst\u016bru un tonusu, maigi atbr\u012bvo poras","robots":{"index":"index","follow":"follow","max-snippet":"max-snippet:-1","max-image-preview":"max-image-preview:large","max-video-preview":"max-video-preview:-1"},"canonical":"https:\/\/www.facecorner.lv\/en\/shop\/torriden-balanceful-cica-toner-pad-60ea\/","og_locale":"en_US","og_type":"article","og_title":"Torriden\ufeff Balanceful Cica Toner Pad 60ea - FACECORNER","og_description":"Torriden Balanceful Cica Toner Pad hipoaler\u0123iski att\u012bro\u0161ie spilventi\u0146i nomierina un atsvaidzina \u0101du, izl\u012bdzina t\u0101s tekst\u016bru un tonusu, maigi atbr\u012bvo poras","og_url":"https:\/\/www.facecorner.lv\/en\/shop\/torriden-balanceful-cica-toner-pad-60ea\/","og_site_name":"FACECORNER","article_publisher":"https:\/\/www.facebook.com\/profile.php?id=100063824551839","og_image":[{"width":1200,"height":1200,"url":"https:\/\/www.facecorner.lv\/wp-content\/uploads\/2025\/04\/TorridenBalancefulCicaTonerPad.webp","type":"image\/webp"}],"twitter_card":"summary_large_image","twitter_misc":{"Price":"&euro;24.00","Availability":"In stock"},"schema":{"@context":"https:\/\/schema.org","@graph":[{"@type":"WebPage","@id":"https:\/\/www.facecorner.lv\/shop\/torriden-balanceful-cica-toner-pad-60ea\/","url":"https:\/\/www.facecorner.lv\/shop\/torriden-balanceful-cica-toner-pad-60ea\/","name":"Torriden\ufeff Balanceful Cica Toner Pad 60ea - FACECORNER","isPartOf":{"@id":"https:\/\/www.facecorner.lv\/#website"},"primaryImageOfPage":{"@id":"https:\/\/www.facecorner.lv\/shop\/torriden-balanceful-cica-toner-pad-60ea\/#primaryimage"},"image":{"@id":"https:\/\/www.facecorner.lv\/shop\/torriden-balanceful-cica-toner-pad-60ea\/#primaryimage"},"thumbnailUrl":"https:\/\/www.facecorner.lv\/wp-content\/uploads\/2025\/04\/TorridenBalancefulCicaTonerPad.webp","datePublished":"2025-04-09T10:15:21+00:00","description":"Torriden Balanceful Cica Toner Pad hipoaler\u0123iski att\u012bro\u0161ie spilventi\u0146i nomierina un atsvaidzina \u0101du, izl\u012bdzina t\u0101s tekst\u016bru un tonusu, maigi atbr\u012bvo poras","breadcrumb":{"@id":"https:\/\/www.facecorner.lv\/shop\/torriden-balanceful-cica-toner-pad-60ea\/#breadcrumb"},"inLanguage":"en-US","potentialAction":[{"@type":"ReadAction","target":["https:\/\/www.facecorner.lv\/shop\/torriden-balanceful-cica-toner-pad-60ea\/"]}]},{"@type":"ImageObject","inLanguage":"en-US","@id":"https:\/\/www.facecorner.lv\/shop\/torriden-balanceful-cica-toner-pad-60ea\/#primaryimage","url":"https:\/\/www.facecorner.lv\/wp-content\/uploads\/2025\/04\/TorridenBalancefulCicaTonerPad.webp","contentUrl":"https:\/\/www.facecorner.lv\/wp-content\/uploads\/2025\/04\/TorridenBalancefulCicaTonerPad.webp","width":1200,"height":1200,"caption":"Torriden\ufeff Balanceful Cica Toner Pad"},{"@type":"BreadcrumbList","@id":"https:\/\/www.facecorner.lv\/shop\/torriden-balanceful-cica-toner-pad-60ea\/#breadcrumb","itemListElement":[{"@type":"ListItem","position":1,"name":"Home","item":"https:\/\/www.facecorner.lv\/"},{"@type":"ListItem","position":2,"name":"Veikals","item":"https:\/\/www.facecorner.lv\/shop\/"},{"@type":"ListItem","position":3,"name":"Torriden\ufeff Balanceful Cica Toner Pad 60ea"}]},{"@type":"WebSite","@id":"https:\/\/www.facecorner.lv\/#website","url":"https:\/\/www.facecorner.lv\/","name":"Facecorner","description":"","publisher":{"@id":"https:\/\/www.facecorner.lv\/#organization"},"potentialAction":[{"@type":"SearchAction","target":{"@type":"EntryPoint","urlTemplate":"https:\/\/www.facecorner.lv\/?s={search_term_string}"},"query-input":{"@type":"PropertyValueSpecification","valueRequired":true,"valueName":"search_term_string"}}],"inLanguage":"en-US"},{"@type":"Organization","@id":"https:\/\/www.facecorner.lv\/#organization","name":"Facecorner","url":"https:\/\/www.facecorner.lv\/","logo":{"@type":"ImageObject","inLanguage":"en-US","@id":"https:\/\/www.facecorner.lv\/#\/schema\/logo\/image\/","url":"https:\/\/www.facecorner.lv\/wp-content\/uploads\/2024\/04\/fc-logo.jpg","contentUrl":"https:\/\/www.facecorner.lv\/wp-content\/uploads\/2024\/04\/fc-logo.jpg","width":174,"height":28,"caption":"Facecorner"},"image":{"@id":"https:\/\/www.facecorner.lv\/#\/schema\/logo\/image\/"},"sameAs":["https:\/\/www.facebook.com\/profile.php?id=100063824551839","https:\/\/www.instagram.com\/facecorner_shop\/"]}]},"product_price_amount":"24.00","product_price_currency":"EUR","og_availability":"instock","product_availability":"instock","product_condition":"new"},"_links":{"self":[{"href":"https:\/\/www.facecorner.lv\/en\/wp-json\/wp\/v2\/product\/23904","targetHints":{"allow":["GET"]}}],"collection":[{"href":"https:\/\/www.facecorner.lv\/en\/wp-json\/wp\/v2\/product"}],"about":[{"href":"https:\/\/www.facecorner.lv\/en\/wp-json\/wp\/v2\/types\/product"}],"replies":[{"embeddable":true,"href":"https:\/\/www.facecorner.lv\/en\/wp-json\/wp\/v2\/comments?post=23904"}],"wp:featuredmedia":[{"embeddable":true,"href":"https:\/\/www.facecorner.lv\/en\/wp-json\/wp\/v2\/media\/23905"}],"wp:attachment":[{"href":"https:\/\/www.facecorner.lv\/en\/wp-json\/wp\/v2\/media?parent=23904"}],"wp:term":[{"taxonomy":"product_brand","embeddable":true,"href":"https:\/\/www.facecorner.lv\/en\/wp-json\/wp\/v2\/product_brand?post=23904"},{"taxonomy":"product_cat","embeddable":true,"href":"https:\/\/www.facecorner.lv\/en\/wp-json\/wp\/v2\/product_cat?post=23904"},{"taxonomy":"product_tag","embeddable":true,"href":"https:\/\/www.facecorner.lv\/en\/wp-json\/wp\/v2\/product_tag?post=23904"},{"taxonomy":"berocket_brand","embeddable":true,"href":"https:\/\/www.facecorner.lv\/en\/wp-json\/wp\/v2\/berocket_brand?post=23904"}],"curies":[{"name":"wp","href":"https:\/\/api.w.org\/{rel}","templated":true}]}}