{"id":23882,"date":"2025-04-08T14:03:25","date_gmt":"2025-04-08T11:03:25","guid":{"rendered":"https:\/\/www.facecorner.lv\/?post_type=product&#038;p=23882"},"modified":"2025-06-03T16:14:07","modified_gmt":"2025-06-03T13:14:07","slug":"torriden-dive-in-low-molecular-hyaluronic-acid-multi-pad-80ea","status":"publish","type":"product","link":"https:\/\/www.facecorner.lv\/en\/shop\/torriden-dive-in-low-molecular-hyaluronic-acid-multi-pad-80ea\/","title":{"rendered":"Torriden DIVE IN Low Molecular Hyaluronic Acid Multi Pad 80ea"},"content":{"rendered":"<p>Torriden DIVE IN Low Molecular Hyaluronic Acid Multi Pad spilventi\u0146\u0161 ir ide\u0101li piem\u0113rots \u0101trai \u0101das atjauno\u0161anas proced\u016brai. Uzreiz atjauno mitrumu, nov\u0113r\u0161 sausumu un lob\u012b\u0161anos, m\u012bkstina un maigi p\u012blings.<\/p>\n<p>Spilventi\u0146i pilda vair\u0101kas funkcijas vienlaikus: tos var izmantot toniz\u0113\u0161anas posm\u0101, lai normaliz\u0113tu \u0101das pH l\u012bdzsvaru p\u0113c mazg\u0101\u0161anas un neitraliz\u0113tu teko\u0161a \u016bdens agres\u012bvo iedarb\u012bbu; tie var darboties ar\u012b k\u0101 lok\u0101la maska &#8211; mitrin\u0101t, mazin\u0101t sasprindzin\u0101jumu un mazin\u0101t niezi.<\/p>\n<p>T\u0101m ir izteikta antibakteri\u0101la iedarb\u012bba, t\u0101s nomierina iekaisu\u0161o \u0101du, nov\u0113r\u0161 aps\u0101rtumu un nelielus iekaisumus. Stimul\u0113 atjauno\u0161an\u0101s procesus un pul\u0113 \u0101das virsmu. Veg\u0101niskos spilventi\u0146us ar zemu sk\u0101bes saturu var lietot pat jut\u012bgai un atopiskai \u0101dai.<\/p>\n<p><strong>Main active ingredients:<\/strong><\/p>\n<ul>\n<li>Hialuronsk\u0101be: 5 da\u017e\u0101du molekulmasu hialuronsk\u0101bes veidi, kas sp\u0113j iek\u013c\u016bt dzi\u013ci \u0101das raga sl\u0101n\u012b, darbojas gan uz \u0101das virsmas, gan \u0161\u016bn\u0101s. Komplekss veido neredzamu barjeru, kas nov\u0113r\u0161 mitruma iztvaiko\u0161anu, uzlabo strukt\u016bru, veicina \u0161\u016bnu re\u0123ener\u0101ciju, samazina s\u012bk\u0101s grumbi\u0146as, padara \u0101du gludu un maigu.<\/li>\n<li>Balt\u0101 v\u012btolu mizas ekstrakts ir salicilsk\u0101bes avots. Tas uzlabo \u0101das kr\u0101su, mazina kairin\u0101jumu, re\u0123ener\u0113, samazina poras, regul\u0113 sebuma veido\u0161anos, efekt\u012bvi p\u012blings, pal\u012bdz \u0101dai atjaunot t\u0101s barjerfunkcijas.<\/li>\n<li>Pantenols stimul\u0113 \u0101das integrit\u0101tes atjauno\u0161anos, mazina aps\u0101rtumu un kairin\u0101jumu, tam piem\u012bt br\u016b\u010du dziedino\u0161as \u012bpa\u0161\u012bbas.<\/li>\n<li>Alvejas ekstrakts pal\u012bdz m\u012bkstin\u0101t \u0101du un mazin\u0101t kairin\u0101jumus, pa\u0101trina br\u016b\u010du dz\u012b\u0161anu, tam piem\u012bt pretiekaisuma un pretaler\u0123iska iedarb\u012bba, antioksidanta iedarb\u012bba, stimul\u0113 kolag\u0113na \u0161\u0137iedru sint\u0113zi.<\/li>\n<\/ul>\n<p><strong>How to use:<\/strong> p\u0113c \u0101das mazg\u0101\u0161anas r\u016bp\u012bgi noslaukiet \u0101du ar spilventi\u0146u. Var lietot katru dienu no r\u012bta un vakar\u0101.<br \/>\n<strong>Lieto\u0161ana k\u0101 lok\u0101la maska:<\/strong> vienk\u0101r\u0161i uzkl\u0101jiet spilventi\u0146u uz v\u0113lam\u0101s vietas, atst\u0101jiet uz 10-15 min\u016bt\u0113m un no\u0146emiet.<\/p>\n<p><strong>Ingredientes:<\/strong> Water, Butylene Glycol, Glycerin, Dipropylene Glycol, 1,2-Hexanediol, Propanediol, Allantoin, Sodium Hyaluronate(100ppm), Sodium Hyaluronate Crosspolymer, Hydrolyzed Sodium Hyaluronate, Hyaluronic Acid, Hydrolyzed Hyaluronic Acid, Panthenol, Aloe Ferox Leaf Extract, Salix Alba (Willow) Bark Extract, Melaleuca Alternifolia (Tea Tree) Extract, Betaine, Ceramide NP, Hamamelis Virginiana (Witch Hazel) Water, Pyrus Malus (Apple) Fruit Water, Althaea Rosea Flower Extract, Gluconolactone, Sodium Citrate, Caprylyl Glycol, Polyglyceryl-10 Laurate, Hydrogenated Lecithin, Sodium Carboxymethyl Beta-Glucan, Benzyl Glycol, Hydrolyzed Glycosaminoglycans, Pentylene Glycol, Octanediol, Polyglutamic Acid, Melia Azadirachta Leaf Extract, Melia Azadirachta Flower Extract, Coccinia Indica Fruit Extract, Solanum Melongena (Eggplant) Fruit Extract, Aloe Barbadensis Flower Extract, Ocimum Sanctum Leaf Extract, Curcuma Longa (Turmeric) Root Extract, Corallina Officinalis Extract, Caffeine, Glyceryl Acrylate\/Acrylic Acid Copolymer, PVM\/MA Copolymer, Dipotassium Glycyrrhizate, Citric Acid, Disodium EDTA, Ethylhexylglycerin, Malachite Extract, Scutellaria Baicalensis Root Extract, Paeonia Suffruticosa Root Extract.<\/p>","protected":false},"excerpt":{"rendered":"<p>Torriden DIVE IN Low Molecular Hyaluronic Acid Multi Pad spilventi\u0146\u0161 ir ide\u0101li piem\u0113rots \u0101trai \u0101das atjauno\u0161anas proced\u016brai. Uzreiz atjauno mitrumu, nov\u0113r\u0161 sausumu un lob\u012b\u0161anos, m\u012bkstina un maigi p\u012blings.<\/p>","protected":false},"featured_media":23883,"comment_status":"open","ping_status":"closed","template":"","meta":{"site-sidebar-layout":"default","site-content-layout":"","ast-site-content-layout":"default","site-content-style":"default","site-sidebar-style":"default","ast-global-header-display":"","ast-banner-title-visibility":"","ast-main-header-display":"","ast-hfb-above-header-display":"","ast-hfb-below-header-display":"","ast-hfb-mobile-header-display":"","site-post-title":"","ast-breadcrumbs-content":"","ast-featured-img":"","footer-sml-layout":"","theme-transparent-header-meta":"default","adv-header-id-meta":"","stick-header-meta":"","header-above-stick-meta":"","header-main-stick-meta":"","header-below-stick-meta":"","astra-migrate-meta-layouts":"set","ast-page-background-enabled":"default","ast-page-background-meta":{"desktop":{"background-color":"var(--ast-global-color-4)","background-image":"","background-repeat":"repeat","background-position":"center center","background-size":"auto","background-attachment":"scroll","background-type":"","background-media":"","overlay-type":"","overlay-color":"","overlay-opacity":"","overlay-gradient":""},"tablet":{"background-color":"","background-image":"","background-repeat":"repeat","background-position":"center center","background-size":"auto","background-attachment":"scroll","background-type":"","background-media":"","overlay-type":"","overlay-color":"","overlay-opacity":"","overlay-gradient":""},"mobile":{"background-color":"","background-image":"","background-repeat":"repeat","background-position":"center center","background-size":"auto","background-attachment":"scroll","background-type":"","background-media":"","overlay-type":"","overlay-color":"","overlay-opacity":"","overlay-gradient":""}},"ast-content-background-meta":{"desktop":{"background-color":"var(--ast-global-color-5)","background-image":"","background-repeat":"repeat","background-position":"center center","background-size":"auto","background-attachment":"scroll","background-type":"","background-media":"","overlay-type":"","overlay-color":"","overlay-opacity":"","overlay-gradient":""},"tablet":{"background-color":"var(--ast-global-color-5)","background-image":"","background-repeat":"repeat","background-position":"center center","background-size":"auto","background-attachment":"scroll","background-type":"","background-media":"","overlay-type":"","overlay-color":"","overlay-opacity":"","overlay-gradient":""},"mobile":{"background-color":"var(--ast-global-color-5)","background-image":"","background-repeat":"repeat","background-position":"center center","background-size":"auto","background-attachment":"scroll","background-type":"","background-media":"","overlay-type":"","overlay-color":"","overlay-opacity":"","overlay-gradient":""}}},"product_brand":[623],"product_cat":[375,378,364,376],"product_tag":[],"berocket_brand":[624],"class_list":{"0":"post-23882","1":"product","2":"type-product","3":"status-publish","4":"has-post-thumbnail","6":"product_brand-torriden","7":"product_cat-jutigai-adai-toneri","8":"product_cat-sausai-adai-toneri","9":"product_cat-toneri","10":"product_cat-kombinetai-adai-toneri","11":"berocket_brand-torriden","12":"desktop-align-left","13":"tablet-align-left","14":"mobile-align-left","16":"first","17":"outofstock","18":"taxable","19":"shipping-taxable","20":"purchasable","21":"product-type-simple","22":"add-to-wishlist-before_image"},"yoast_head":"<!-- This site is optimized with the Yoast SEO plugin v27.3 - https:\/\/yoast.com\/product\/yoast-seo-wordpress\/ -->\n<title>Torriden DIVE IN Low Molecular Hyaluronic Acid Multi Pad 80ea - FACECORNER<\/title>\n<meta name=\"description\" content=\"Torriden DIVE IN Low Molecular Hyaluronic Acid Multi Pad spilventi\u0146\u0161 ir ide\u0101li piem\u0113rots \u0101trai \u0101das atjauno\u0161anas proced\u016brai.\" \/>\n<meta name=\"robots\" content=\"index, follow, max-snippet:-1, max-image-preview:large, max-video-preview:-1\" \/>\n<link rel=\"canonical\" href=\"https:\/\/www.facecorner.lv\/en\/shop\/torriden-dive-in-low-molecular-hyaluronic-acid-multi-pad-80ea\/\" \/>\n<meta property=\"og:locale\" content=\"en_US\" \/>\n<meta property=\"og:type\" content=\"article\" \/>\n<meta property=\"og:title\" content=\"Torriden DIVE IN Low Molecular Hyaluronic Acid Multi Pad 80ea - FACECORNER\" \/>\n<meta property=\"og:description\" content=\"Torriden DIVE IN Low Molecular Hyaluronic Acid Multi Pad spilventi\u0146\u0161 ir ide\u0101li piem\u0113rots \u0101trai \u0101das atjauno\u0161anas proced\u016brai.\" \/>\n<meta property=\"og:url\" content=\"https:\/\/www.facecorner.lv\/en\/shop\/torriden-dive-in-low-molecular-hyaluronic-acid-multi-pad-80ea\/\" \/>\n<meta property=\"og:site_name\" content=\"FACECORNER\" \/>\n<meta property=\"article:publisher\" content=\"https:\/\/www.facebook.com\/profile.php?id=100063824551839\" \/>\n<meta property=\"article:modified_time\" content=\"2025-06-03T13:14:07+00:00\" \/>\n<meta property=\"og:image\" content=\"https:\/\/www.facecorner.lv\/wp-content\/uploads\/2025\/04\/TorridenDIVE-INLowMoleculeHyaluronicacidMultiPad.webp\" \/>\n\t<meta property=\"og:image:width\" content=\"600\" \/>\n\t<meta property=\"og:image:height\" content=\"600\" \/>\n\t<meta property=\"og:image:type\" content=\"image\/webp\" \/>\n<meta name=\"twitter:card\" content=\"summary_large_image\" \/>\n<meta name=\"twitter:label1\" content=\"Price\" \/>\n\t<meta name=\"twitter:data1\" content=\"&euro;24.00\" \/>\n\t<meta name=\"twitter:label2\" content=\"Availability\" \/>\n\t<meta name=\"twitter:data2\" content=\"Out of stock\" \/>\n<script type=\"application\/ld+json\" class=\"yoast-schema-graph\">{\"@context\":\"https:\\\/\\\/schema.org\",\"@graph\":[{\"@type\":\"WebPage\",\"@id\":\"https:\\\/\\\/www.facecorner.lv\\\/shop\\\/torriden-dive-in-low-molecular-hyaluronic-acid-multi-pad-80ea\\\/\",\"url\":\"https:\\\/\\\/www.facecorner.lv\\\/shop\\\/torriden-dive-in-low-molecular-hyaluronic-acid-multi-pad-80ea\\\/\",\"name\":\"Torriden DIVE IN Low Molecular Hyaluronic Acid Multi Pad 80ea - FACECORNER\",\"isPartOf\":{\"@id\":\"https:\\\/\\\/www.facecorner.lv\\\/#website\"},\"primaryImageOfPage\":{\"@id\":\"https:\\\/\\\/www.facecorner.lv\\\/shop\\\/torriden-dive-in-low-molecular-hyaluronic-acid-multi-pad-80ea\\\/#primaryimage\"},\"image\":{\"@id\":\"https:\\\/\\\/www.facecorner.lv\\\/shop\\\/torriden-dive-in-low-molecular-hyaluronic-acid-multi-pad-80ea\\\/#primaryimage\"},\"thumbnailUrl\":\"https:\\\/\\\/www.facecorner.lv\\\/wp-content\\\/uploads\\\/2025\\\/04\\\/TorridenDIVE-INLowMoleculeHyaluronicacidMultiPad.webp\",\"datePublished\":\"2025-04-08T11:03:25+00:00\",\"dateModified\":\"2025-06-03T13:14:07+00:00\",\"description\":\"Torriden DIVE IN Low Molecular Hyaluronic Acid Multi Pad spilventi\u0146\u0161 ir ide\u0101li piem\u0113rots \u0101trai \u0101das atjauno\u0161anas proced\u016brai.\",\"breadcrumb\":{\"@id\":\"https:\\\/\\\/www.facecorner.lv\\\/shop\\\/torriden-dive-in-low-molecular-hyaluronic-acid-multi-pad-80ea\\\/#breadcrumb\"},\"inLanguage\":\"en-US\",\"potentialAction\":[{\"@type\":\"ReadAction\",\"target\":[\"https:\\\/\\\/www.facecorner.lv\\\/shop\\\/torriden-dive-in-low-molecular-hyaluronic-acid-multi-pad-80ea\\\/\"]}]},{\"@type\":\"ImageObject\",\"inLanguage\":\"en-US\",\"@id\":\"https:\\\/\\\/www.facecorner.lv\\\/shop\\\/torriden-dive-in-low-molecular-hyaluronic-acid-multi-pad-80ea\\\/#primaryimage\",\"url\":\"https:\\\/\\\/www.facecorner.lv\\\/wp-content\\\/uploads\\\/2025\\\/04\\\/TorridenDIVE-INLowMoleculeHyaluronicacidMultiPad.webp\",\"contentUrl\":\"https:\\\/\\\/www.facecorner.lv\\\/wp-content\\\/uploads\\\/2025\\\/04\\\/TorridenDIVE-INLowMoleculeHyaluronicacidMultiPad.webp\",\"width\":600,\"height\":600,\"caption\":\"Torriden DIVE IN Low Molecular Hyaluronic Acid Multi Pad\"},{\"@type\":\"BreadcrumbList\",\"@id\":\"https:\\\/\\\/www.facecorner.lv\\\/shop\\\/torriden-dive-in-low-molecular-hyaluronic-acid-multi-pad-80ea\\\/#breadcrumb\",\"itemListElement\":[{\"@type\":\"ListItem\",\"position\":1,\"name\":\"Home\",\"item\":\"https:\\\/\\\/www.facecorner.lv\\\/\"},{\"@type\":\"ListItem\",\"position\":2,\"name\":\"Veikals\",\"item\":\"https:\\\/\\\/www.facecorner.lv\\\/shop\\\/\"},{\"@type\":\"ListItem\",\"position\":3,\"name\":\"Torriden DIVE IN Low Molecular Hyaluronic Acid Multi Pad 80ea\"}]},{\"@type\":\"WebSite\",\"@id\":\"https:\\\/\\\/www.facecorner.lv\\\/#website\",\"url\":\"https:\\\/\\\/www.facecorner.lv\\\/\",\"name\":\"Facecorner\",\"description\":\"\",\"publisher\":{\"@id\":\"https:\\\/\\\/www.facecorner.lv\\\/#organization\"},\"potentialAction\":[{\"@type\":\"SearchAction\",\"target\":{\"@type\":\"EntryPoint\",\"urlTemplate\":\"https:\\\/\\\/www.facecorner.lv\\\/?s={search_term_string}\"},\"query-input\":{\"@type\":\"PropertyValueSpecification\",\"valueRequired\":true,\"valueName\":\"search_term_string\"}}],\"inLanguage\":\"en-US\"},{\"@type\":\"Organization\",\"@id\":\"https:\\\/\\\/www.facecorner.lv\\\/#organization\",\"name\":\"Facecorner\",\"url\":\"https:\\\/\\\/www.facecorner.lv\\\/\",\"logo\":{\"@type\":\"ImageObject\",\"inLanguage\":\"en-US\",\"@id\":\"https:\\\/\\\/www.facecorner.lv\\\/#\\\/schema\\\/logo\\\/image\\\/\",\"url\":\"https:\\\/\\\/www.facecorner.lv\\\/wp-content\\\/uploads\\\/2024\\\/04\\\/fc-logo.jpg\",\"contentUrl\":\"https:\\\/\\\/www.facecorner.lv\\\/wp-content\\\/uploads\\\/2024\\\/04\\\/fc-logo.jpg\",\"width\":174,\"height\":28,\"caption\":\"Facecorner\"},\"image\":{\"@id\":\"https:\\\/\\\/www.facecorner.lv\\\/#\\\/schema\\\/logo\\\/image\\\/\"},\"sameAs\":[\"https:\\\/\\\/www.facebook.com\\\/profile.php?id=100063824551839\",\"https:\\\/\\\/www.instagram.com\\\/facecorner_shop\\\/\"]}]}<\/script>\n<meta property=\"product:brand\" content=\"Torriden\" \/>\n<meta property=\"product:price:amount\" content=\"24.00\" \/>\n<meta property=\"product:price:currency\" content=\"EUR\" \/>\n<meta property=\"og:availability\" content=\"out of stock\" \/>\n<meta property=\"product:availability\" content=\"out of stock\" \/>\n<meta property=\"product:condition\" content=\"new\" \/>\n<!-- \/ Yoast SEO plugin. -->","yoast_head_json":{"title":"Torriden DIVE IN Low Molecular Hyaluronic Acid Multi Pad 80ea - FACECORNER","description":"Torriden DIVE IN Low Molecular Hyaluronic Acid Multi Pad spilventi\u0146\u0161 ir ide\u0101li piem\u0113rots \u0101trai \u0101das atjauno\u0161anas proced\u016brai.","robots":{"index":"index","follow":"follow","max-snippet":"max-snippet:-1","max-image-preview":"max-image-preview:large","max-video-preview":"max-video-preview:-1"},"canonical":"https:\/\/www.facecorner.lv\/en\/shop\/torriden-dive-in-low-molecular-hyaluronic-acid-multi-pad-80ea\/","og_locale":"en_US","og_type":"article","og_title":"Torriden DIVE IN Low Molecular Hyaluronic Acid Multi Pad 80ea - FACECORNER","og_description":"Torriden DIVE IN Low Molecular Hyaluronic Acid Multi Pad spilventi\u0146\u0161 ir ide\u0101li piem\u0113rots \u0101trai \u0101das atjauno\u0161anas proced\u016brai.","og_url":"https:\/\/www.facecorner.lv\/en\/shop\/torriden-dive-in-low-molecular-hyaluronic-acid-multi-pad-80ea\/","og_site_name":"FACECORNER","article_publisher":"https:\/\/www.facebook.com\/profile.php?id=100063824551839","article_modified_time":"2025-06-03T13:14:07+00:00","og_image":[{"width":600,"height":600,"url":"https:\/\/www.facecorner.lv\/wp-content\/uploads\/2025\/04\/TorridenDIVE-INLowMoleculeHyaluronicacidMultiPad.webp","type":"image\/webp"}],"twitter_card":"summary_large_image","twitter_misc":{"Price":"&euro;24.00","Availability":"Out of stock"},"schema":{"@context":"https:\/\/schema.org","@graph":[{"@type":"WebPage","@id":"https:\/\/www.facecorner.lv\/shop\/torriden-dive-in-low-molecular-hyaluronic-acid-multi-pad-80ea\/","url":"https:\/\/www.facecorner.lv\/shop\/torriden-dive-in-low-molecular-hyaluronic-acid-multi-pad-80ea\/","name":"Torriden DIVE IN Low Molecular Hyaluronic Acid Multi Pad 80ea - FACECORNER","isPartOf":{"@id":"https:\/\/www.facecorner.lv\/#website"},"primaryImageOfPage":{"@id":"https:\/\/www.facecorner.lv\/shop\/torriden-dive-in-low-molecular-hyaluronic-acid-multi-pad-80ea\/#primaryimage"},"image":{"@id":"https:\/\/www.facecorner.lv\/shop\/torriden-dive-in-low-molecular-hyaluronic-acid-multi-pad-80ea\/#primaryimage"},"thumbnailUrl":"https:\/\/www.facecorner.lv\/wp-content\/uploads\/2025\/04\/TorridenDIVE-INLowMoleculeHyaluronicacidMultiPad.webp","datePublished":"2025-04-08T11:03:25+00:00","dateModified":"2025-06-03T13:14:07+00:00","description":"Torriden DIVE IN Low Molecular Hyaluronic Acid Multi Pad spilventi\u0146\u0161 ir ide\u0101li piem\u0113rots \u0101trai \u0101das atjauno\u0161anas proced\u016brai.","breadcrumb":{"@id":"https:\/\/www.facecorner.lv\/shop\/torriden-dive-in-low-molecular-hyaluronic-acid-multi-pad-80ea\/#breadcrumb"},"inLanguage":"en-US","potentialAction":[{"@type":"ReadAction","target":["https:\/\/www.facecorner.lv\/shop\/torriden-dive-in-low-molecular-hyaluronic-acid-multi-pad-80ea\/"]}]},{"@type":"ImageObject","inLanguage":"en-US","@id":"https:\/\/www.facecorner.lv\/shop\/torriden-dive-in-low-molecular-hyaluronic-acid-multi-pad-80ea\/#primaryimage","url":"https:\/\/www.facecorner.lv\/wp-content\/uploads\/2025\/04\/TorridenDIVE-INLowMoleculeHyaluronicacidMultiPad.webp","contentUrl":"https:\/\/www.facecorner.lv\/wp-content\/uploads\/2025\/04\/TorridenDIVE-INLowMoleculeHyaluronicacidMultiPad.webp","width":600,"height":600,"caption":"Torriden DIVE IN Low Molecular Hyaluronic Acid Multi Pad"},{"@type":"BreadcrumbList","@id":"https:\/\/www.facecorner.lv\/shop\/torriden-dive-in-low-molecular-hyaluronic-acid-multi-pad-80ea\/#breadcrumb","itemListElement":[{"@type":"ListItem","position":1,"name":"Home","item":"https:\/\/www.facecorner.lv\/"},{"@type":"ListItem","position":2,"name":"Veikals","item":"https:\/\/www.facecorner.lv\/shop\/"},{"@type":"ListItem","position":3,"name":"Torriden DIVE IN Low Molecular Hyaluronic Acid Multi Pad 80ea"}]},{"@type":"WebSite","@id":"https:\/\/www.facecorner.lv\/#website","url":"https:\/\/www.facecorner.lv\/","name":"Facecorner","description":"","publisher":{"@id":"https:\/\/www.facecorner.lv\/#organization"},"potentialAction":[{"@type":"SearchAction","target":{"@type":"EntryPoint","urlTemplate":"https:\/\/www.facecorner.lv\/?s={search_term_string}"},"query-input":{"@type":"PropertyValueSpecification","valueRequired":true,"valueName":"search_term_string"}}],"inLanguage":"en-US"},{"@type":"Organization","@id":"https:\/\/www.facecorner.lv\/#organization","name":"Facecorner","url":"https:\/\/www.facecorner.lv\/","logo":{"@type":"ImageObject","inLanguage":"en-US","@id":"https:\/\/www.facecorner.lv\/#\/schema\/logo\/image\/","url":"https:\/\/www.facecorner.lv\/wp-content\/uploads\/2024\/04\/fc-logo.jpg","contentUrl":"https:\/\/www.facecorner.lv\/wp-content\/uploads\/2024\/04\/fc-logo.jpg","width":174,"height":28,"caption":"Facecorner"},"image":{"@id":"https:\/\/www.facecorner.lv\/#\/schema\/logo\/image\/"},"sameAs":["https:\/\/www.facebook.com\/profile.php?id=100063824551839","https:\/\/www.instagram.com\/facecorner_shop\/"]}]},"product_brand":"Torriden","product_price_amount":"24.00","product_price_currency":"EUR","og_availability":"out of stock","product_availability":"out of stock","product_condition":"new"},"_links":{"self":[{"href":"https:\/\/www.facecorner.lv\/en\/wp-json\/wp\/v2\/product\/23882","targetHints":{"allow":["GET"]}}],"collection":[{"href":"https:\/\/www.facecorner.lv\/en\/wp-json\/wp\/v2\/product"}],"about":[{"href":"https:\/\/www.facecorner.lv\/en\/wp-json\/wp\/v2\/types\/product"}],"replies":[{"embeddable":true,"href":"https:\/\/www.facecorner.lv\/en\/wp-json\/wp\/v2\/comments?post=23882"}],"wp:featuredmedia":[{"embeddable":true,"href":"https:\/\/www.facecorner.lv\/en\/wp-json\/wp\/v2\/media\/23883"}],"wp:attachment":[{"href":"https:\/\/www.facecorner.lv\/en\/wp-json\/wp\/v2\/media?parent=23882"}],"wp:term":[{"taxonomy":"product_brand","embeddable":true,"href":"https:\/\/www.facecorner.lv\/en\/wp-json\/wp\/v2\/product_brand?post=23882"},{"taxonomy":"product_cat","embeddable":true,"href":"https:\/\/www.facecorner.lv\/en\/wp-json\/wp\/v2\/product_cat?post=23882"},{"taxonomy":"product_tag","embeddable":true,"href":"https:\/\/www.facecorner.lv\/en\/wp-json\/wp\/v2\/product_tag?post=23882"},{"taxonomy":"berocket_brand","embeddable":true,"href":"https:\/\/www.facecorner.lv\/en\/wp-json\/wp\/v2\/berocket_brand?post=23882"}],"curies":[{"name":"wp","href":"https:\/\/api.w.org\/{rel}","templated":true}]}}