{"id":23877,"date":"2025-04-08T13:44:40","date_gmt":"2025-04-08T10:44:40","guid":{"rendered":"https:\/\/www.facecorner.lv\/?post_type=product&#038;p=23877"},"modified":"2025-05-05T13:59:28","modified_gmt":"2025-05-05T10:59:28","slug":"round-lab-camellia-deep-collagen-firming-gel-mask","status":"publish","type":"product","link":"https:\/\/www.facecorner.lv\/en\/shop\/round-lab-camellia-deep-collagen-firming-gel-mask\/","title":{"rendered":"Round Lab Camellia Deep Collagen Firming Gel Mask"},"content":{"rendered":"<p>Round Lab Camellia Deep Collagen Firming Gel Mask nostiprina turgoru, uzlabo \u0101das elast\u012bbu un bl\u012bvumu, izl\u012bdzina \u0101du un stimul\u0113 t\u0101s kolag\u0113na sint\u0113zi.<\/p>\n<p>Maska nostiepj, sa\u0161aurina papla\u0161in\u0101t\u0101s poras un samazina grumbi\u0146u izteiksmi ap ac\u012bm un l\u016bp\u0101m, pal\u0113nina noveco\u0161an\u0101s procesus. Nov\u0113r\u0161 sausumu, palielina \u0101das barjeras funkciju un samazina reakciju uz \u0101r\u0113jiem kairin\u0101t\u0101jiem.<\/p>\n<p>Sast\u0101v\u0101 galven\u0101 sast\u0101vda\u013ca ir patent\u0113tais CAMELLIA COLLAGENOL komplekss, kas m\u012bkstina \u0101du, uzlabo mikroreljefu un nodro\u0161ina ilgsto\u0161u mitrin\u0101\u0161anu.<\/p>\n<p>Maskas tekst\u016bra lieliski piegu\u013c sejai, nodro\u0161inot akt\u012bvo sast\u0101vda\u013cu dzi\u013cu iek\u013c\u016b\u0161anu \u0101d\u0101. Regul\u0101ra \u0161\u012bs maskas lieto\u0161ana pal\u012bdz\u0113s samazin\u0101t smalk\u0101s grumbi\u0146as un grumbi\u0146as, k\u0101 ar\u012b pie\u0161\u0137irs J\u016bsu sejai tvirt\u0101ku un svaig\u0101ku izskatu.<\/p>\n<p>Maska ne tikai mitrina, bet ar\u012b pies\u0101tina \u0101du ar sp\u0113c\u012bgiem antioksidantiem, aizsarg\u0101jot to no apk\u0101rt\u0113j\u0101s vides negat\u012bv\u0101s ietekmes. Hidrogela formula rada \u201cotr\u0101s \u0101das\u201d efektu, nodro\u0161inot maksim\u0101lu komfortu proced\u016bras laik\u0101. J\u016bs aizmirs\u012bsiet par sausumu un sasprindzin\u0101jumu un sajut\u012bsiet, k\u0101 \u0101da k\u013c\u016bst z\u012bdaini maiga piesk\u0101rienam.<\/p>\n<p><strong>How to use:<\/strong> P\u0113c mazg\u0101\u0161anas un toniz\u0113\u0161anas uzkl\u0101jiet masku uz sejas. No\u0146emiet aizsargsl\u0101ni, izkl\u0101jiet abas auduma pamatnes da\u013cas un uzkl\u0101jiet uz \u0101das uz 1-2 stund\u0101m.<\/p>","protected":false},"excerpt":{"rendered":"<p>Round Lab Camellia Deep Collagen Firming Gel Mask nostiprina turgoru, uzlabo \u0101das elast\u012bbu un bl\u012bvumu, izl\u012bdzina \u0101du un stimul\u0113 t\u0101s kolag\u0113na sint\u0113zi.<\/p>","protected":false},"featured_media":23878,"comment_status":"open","ping_status":"closed","template":"","meta":{"site-sidebar-layout":"default","site-content-layout":"","ast-site-content-layout":"default","site-content-style":"default","site-sidebar-style":"default","ast-global-header-display":"","ast-banner-title-visibility":"","ast-main-header-display":"","ast-hfb-above-header-display":"","ast-hfb-below-header-display":"","ast-hfb-mobile-header-display":"","site-post-title":"","ast-breadcrumbs-content":"","ast-featured-img":"","footer-sml-layout":"","theme-transparent-header-meta":"default","adv-header-id-meta":"","stick-header-meta":"","header-above-stick-meta":"","header-main-stick-meta":"","header-below-stick-meta":"","astra-migrate-meta-layouts":"set","ast-page-background-enabled":"default","ast-page-background-meta":{"desktop":{"background-color":"var(--ast-global-color-4)","background-image":"","background-repeat":"repeat","background-position":"center center","background-size":"auto","background-attachment":"scroll","background-type":"","background-media":"","overlay-type":"","overlay-color":"","overlay-opacity":"","overlay-gradient":""},"tablet":{"background-color":"","background-image":"","background-repeat":"repeat","background-position":"center center","background-size":"auto","background-attachment":"scroll","background-type":"","background-media":"","overlay-type":"","overlay-color":"","overlay-opacity":"","overlay-gradient":""},"mobile":{"background-color":"","background-image":"","background-repeat":"repeat","background-position":"center center","background-size":"auto","background-attachment":"scroll","background-type":"","background-media":"","overlay-type":"","overlay-color":"","overlay-opacity":"","overlay-gradient":""}},"ast-content-background-meta":{"desktop":{"background-color":"var(--ast-global-color-5)","background-image":"","background-repeat":"repeat","background-position":"center center","background-size":"auto","background-attachment":"scroll","background-type":"","background-media":"","overlay-type":"","overlay-color":"","overlay-opacity":"","overlay-gradient":""},"tablet":{"background-color":"var(--ast-global-color-5)","background-image":"","background-repeat":"repeat","background-position":"center center","background-size":"auto","background-attachment":"scroll","background-type":"","background-media":"","overlay-type":"","overlay-color":"","overlay-opacity":"","overlay-gradient":""},"mobile":{"background-color":"var(--ast-global-color-5)","background-image":"","background-repeat":"repeat","background-position":"center center","background-size":"auto","background-attachment":"scroll","background-type":"","background-media":"","overlay-type":"","overlay-color":"","overlay-opacity":"","overlay-gradient":""}}},"product_brand":[],"product_cat":[325,315,326,322],"product_tag":[],"berocket_brand":[589],"class_list":{"0":"post-23877","1":"product","2":"type-product","3":"status-publish","4":"has-post-thumbnail","6":"product_cat-hidrogela","7":"product_cat-maskas","8":"product_cat-mitrinosas","9":"product_cat-nakts","10":"berocket_brand-round-lab","11":"desktop-align-left","12":"tablet-align-left","13":"mobile-align-left","15":"first","16":"outofstock","17":"taxable","18":"shipping-taxable","19":"purchasable","20":"product-type-simple","21":"add-to-wishlist-before_image"},"yoast_head":"<!-- This site is optimized with the Yoast SEO plugin v27.4 - https:\/\/yoast.com\/product\/yoast-seo-wordpress\/ -->\n<title>Round Lab Camellia Deep Collagen Firming Gel Mask - FACECORNER<\/title>\n<meta name=\"description\" content=\"Round Lab Camellia Deep Collagen Firming Gel Mask nostiprina turgoru, uzlabo \u0101das elast\u012bbu un bl\u012bvumu, izl\u012bdzina \u0101du un stimul\u0113 t\u0101s kolag\u0113na sint\u0113zi.\" \/>\n<meta name=\"robots\" content=\"index, follow, max-snippet:-1, max-image-preview:large, max-video-preview:-1\" \/>\n<link rel=\"canonical\" href=\"https:\/\/www.facecorner.lv\/en\/shop\/round-lab-camellia-deep-collagen-firming-gel-mask\/\" \/>\n<meta property=\"og:locale\" content=\"en_US\" \/>\n<meta property=\"og:type\" content=\"article\" \/>\n<meta property=\"og:title\" content=\"Round Lab Camellia Deep Collagen Firming Gel Mask - FACECORNER\" \/>\n<meta property=\"og:description\" content=\"Round Lab Camellia Deep Collagen Firming Gel Mask nostiprina turgoru, uzlabo \u0101das elast\u012bbu un bl\u012bvumu, izl\u012bdzina \u0101du un stimul\u0113 t\u0101s kolag\u0113na sint\u0113zi.\" \/>\n<meta property=\"og:url\" content=\"https:\/\/www.facecorner.lv\/en\/shop\/round-lab-camellia-deep-collagen-firming-gel-mask\/\" \/>\n<meta property=\"og:site_name\" content=\"FACECORNER\" \/>\n<meta property=\"article:publisher\" content=\"https:\/\/www.facebook.com\/profile.php?id=100063824551839\" \/>\n<meta property=\"article:modified_time\" content=\"2025-05-05T10:59:28+00:00\" \/>\n<meta property=\"og:image\" content=\"https:\/\/www.facecorner.lv\/wp-content\/uploads\/2025\/04\/lav_pl_Round-Lab-Camellia-Deep-Collagen-Firming-Gel-Mask-Nostiprinosa-Gela-Maska-ar-Kolagenu-34g-23350_1.webp\" \/>\n\t<meta property=\"og:image:width\" content=\"1500\" \/>\n\t<meta property=\"og:image:height\" content=\"1500\" \/>\n\t<meta property=\"og:image:type\" content=\"image\/webp\" \/>\n<meta name=\"twitter:card\" content=\"summary_large_image\" \/>\n<meta name=\"twitter:label1\" content=\"Price\" \/>\n\t<meta name=\"twitter:data1\" content=\"&euro;6.00\" \/>\n\t<meta name=\"twitter:label2\" content=\"Availability\" \/>\n\t<meta name=\"twitter:data2\" content=\"Out of stock\" \/>\n<script type=\"application\/ld+json\" class=\"yoast-schema-graph\">{\"@context\":\"https:\\\/\\\/schema.org\",\"@graph\":[{\"@type\":\"WebPage\",\"@id\":\"https:\\\/\\\/www.facecorner.lv\\\/shop\\\/round-lab-camellia-deep-collagen-firming-gel-mask\\\/\",\"url\":\"https:\\\/\\\/www.facecorner.lv\\\/shop\\\/round-lab-camellia-deep-collagen-firming-gel-mask\\\/\",\"name\":\"Round Lab Camellia Deep Collagen Firming Gel Mask - FACECORNER\",\"isPartOf\":{\"@id\":\"https:\\\/\\\/www.facecorner.lv\\\/#website\"},\"primaryImageOfPage\":{\"@id\":\"https:\\\/\\\/www.facecorner.lv\\\/shop\\\/round-lab-camellia-deep-collagen-firming-gel-mask\\\/#primaryimage\"},\"image\":{\"@id\":\"https:\\\/\\\/www.facecorner.lv\\\/shop\\\/round-lab-camellia-deep-collagen-firming-gel-mask\\\/#primaryimage\"},\"thumbnailUrl\":\"https:\\\/\\\/www.facecorner.lv\\\/wp-content\\\/uploads\\\/2025\\\/04\\\/lav_pl_Round-Lab-Camellia-Deep-Collagen-Firming-Gel-Mask-Nostiprinosa-Gela-Maska-ar-Kolagenu-34g-23350_1.webp\",\"datePublished\":\"2025-04-08T10:44:40+00:00\",\"dateModified\":\"2025-05-05T10:59:28+00:00\",\"description\":\"Round Lab Camellia Deep Collagen Firming Gel Mask nostiprina turgoru, uzlabo \u0101das elast\u012bbu un bl\u012bvumu, izl\u012bdzina \u0101du un stimul\u0113 t\u0101s kolag\u0113na sint\u0113zi.\",\"breadcrumb\":{\"@id\":\"https:\\\/\\\/www.facecorner.lv\\\/shop\\\/round-lab-camellia-deep-collagen-firming-gel-mask\\\/#breadcrumb\"},\"inLanguage\":\"en-US\",\"potentialAction\":[{\"@type\":\"ReadAction\",\"target\":[\"https:\\\/\\\/www.facecorner.lv\\\/shop\\\/round-lab-camellia-deep-collagen-firming-gel-mask\\\/\"]}]},{\"@type\":\"ImageObject\",\"inLanguage\":\"en-US\",\"@id\":\"https:\\\/\\\/www.facecorner.lv\\\/shop\\\/round-lab-camellia-deep-collagen-firming-gel-mask\\\/#primaryimage\",\"url\":\"https:\\\/\\\/www.facecorner.lv\\\/wp-content\\\/uploads\\\/2025\\\/04\\\/lav_pl_Round-Lab-Camellia-Deep-Collagen-Firming-Gel-Mask-Nostiprinosa-Gela-Maska-ar-Kolagenu-34g-23350_1.webp\",\"contentUrl\":\"https:\\\/\\\/www.facecorner.lv\\\/wp-content\\\/uploads\\\/2025\\\/04\\\/lav_pl_Round-Lab-Camellia-Deep-Collagen-Firming-Gel-Mask-Nostiprinosa-Gela-Maska-ar-Kolagenu-34g-23350_1.webp\",\"width\":1500,\"height\":1500,\"caption\":\"Round Lab Camellia Deep Collagen Firming Gel Mask\"},{\"@type\":\"BreadcrumbList\",\"@id\":\"https:\\\/\\\/www.facecorner.lv\\\/shop\\\/round-lab-camellia-deep-collagen-firming-gel-mask\\\/#breadcrumb\",\"itemListElement\":[{\"@type\":\"ListItem\",\"position\":1,\"name\":\"Home\",\"item\":\"https:\\\/\\\/www.facecorner.lv\\\/\"},{\"@type\":\"ListItem\",\"position\":2,\"name\":\"Veikals\",\"item\":\"https:\\\/\\\/www.facecorner.lv\\\/shop\\\/\"},{\"@type\":\"ListItem\",\"position\":3,\"name\":\"Round Lab Camellia Deep Collagen Firming Gel Mask\"}]},{\"@type\":\"WebSite\",\"@id\":\"https:\\\/\\\/www.facecorner.lv\\\/#website\",\"url\":\"https:\\\/\\\/www.facecorner.lv\\\/\",\"name\":\"Facecorner\",\"description\":\"\",\"publisher\":{\"@id\":\"https:\\\/\\\/www.facecorner.lv\\\/#organization\"},\"potentialAction\":[{\"@type\":\"SearchAction\",\"target\":{\"@type\":\"EntryPoint\",\"urlTemplate\":\"https:\\\/\\\/www.facecorner.lv\\\/?s={search_term_string}\"},\"query-input\":{\"@type\":\"PropertyValueSpecification\",\"valueRequired\":true,\"valueName\":\"search_term_string\"}}],\"inLanguage\":\"en-US\"},{\"@type\":\"Organization\",\"@id\":\"https:\\\/\\\/www.facecorner.lv\\\/#organization\",\"name\":\"Facecorner\",\"url\":\"https:\\\/\\\/www.facecorner.lv\\\/\",\"logo\":{\"@type\":\"ImageObject\",\"inLanguage\":\"en-US\",\"@id\":\"https:\\\/\\\/www.facecorner.lv\\\/#\\\/schema\\\/logo\\\/image\\\/\",\"url\":\"https:\\\/\\\/www.facecorner.lv\\\/wp-content\\\/uploads\\\/2024\\\/04\\\/fc-logo.jpg\",\"contentUrl\":\"https:\\\/\\\/www.facecorner.lv\\\/wp-content\\\/uploads\\\/2024\\\/04\\\/fc-logo.jpg\",\"width\":174,\"height\":28,\"caption\":\"Facecorner\"},\"image\":{\"@id\":\"https:\\\/\\\/www.facecorner.lv\\\/#\\\/schema\\\/logo\\\/image\\\/\"},\"sameAs\":[\"https:\\\/\\\/www.facebook.com\\\/profile.php?id=100063824551839\",\"https:\\\/\\\/www.instagram.com\\\/facecorner_shop\\\/\"]}]}<\/script>\n<meta property=\"product:price:amount\" content=\"6.00\" \/>\n<meta property=\"product:price:currency\" content=\"EUR\" \/>\n<meta property=\"og:availability\" content=\"out of stock\" \/>\n<meta property=\"product:availability\" content=\"out of stock\" \/>\n<meta property=\"product:condition\" content=\"new\" \/>\n<!-- \/ Yoast SEO plugin. -->","yoast_head_json":{"title":"Round Lab Camellia Deep Collagen Firming Gel Mask - FACECORNER","description":"Round Lab Camellia Deep Collagen Firming Gel Mask nostiprina turgoru, uzlabo \u0101das elast\u012bbu un bl\u012bvumu, izl\u012bdzina \u0101du un stimul\u0113 t\u0101s kolag\u0113na sint\u0113zi.","robots":{"index":"index","follow":"follow","max-snippet":"max-snippet:-1","max-image-preview":"max-image-preview:large","max-video-preview":"max-video-preview:-1"},"canonical":"https:\/\/www.facecorner.lv\/en\/shop\/round-lab-camellia-deep-collagen-firming-gel-mask\/","og_locale":"en_US","og_type":"article","og_title":"Round Lab Camellia Deep Collagen Firming Gel Mask - FACECORNER","og_description":"Round Lab Camellia Deep Collagen Firming Gel Mask nostiprina turgoru, uzlabo \u0101das elast\u012bbu un bl\u012bvumu, izl\u012bdzina \u0101du un stimul\u0113 t\u0101s kolag\u0113na sint\u0113zi.","og_url":"https:\/\/www.facecorner.lv\/en\/shop\/round-lab-camellia-deep-collagen-firming-gel-mask\/","og_site_name":"FACECORNER","article_publisher":"https:\/\/www.facebook.com\/profile.php?id=100063824551839","article_modified_time":"2025-05-05T10:59:28+00:00","og_image":[{"width":1500,"height":1500,"url":"https:\/\/www.facecorner.lv\/wp-content\/uploads\/2025\/04\/lav_pl_Round-Lab-Camellia-Deep-Collagen-Firming-Gel-Mask-Nostiprinosa-Gela-Maska-ar-Kolagenu-34g-23350_1.webp","type":"image\/webp"}],"twitter_card":"summary_large_image","twitter_misc":{"Price":"&euro;6.00","Availability":"Out of stock"},"schema":{"@context":"https:\/\/schema.org","@graph":[{"@type":"WebPage","@id":"https:\/\/www.facecorner.lv\/shop\/round-lab-camellia-deep-collagen-firming-gel-mask\/","url":"https:\/\/www.facecorner.lv\/shop\/round-lab-camellia-deep-collagen-firming-gel-mask\/","name":"Round Lab Camellia Deep Collagen Firming Gel Mask - FACECORNER","isPartOf":{"@id":"https:\/\/www.facecorner.lv\/#website"},"primaryImageOfPage":{"@id":"https:\/\/www.facecorner.lv\/shop\/round-lab-camellia-deep-collagen-firming-gel-mask\/#primaryimage"},"image":{"@id":"https:\/\/www.facecorner.lv\/shop\/round-lab-camellia-deep-collagen-firming-gel-mask\/#primaryimage"},"thumbnailUrl":"https:\/\/www.facecorner.lv\/wp-content\/uploads\/2025\/04\/lav_pl_Round-Lab-Camellia-Deep-Collagen-Firming-Gel-Mask-Nostiprinosa-Gela-Maska-ar-Kolagenu-34g-23350_1.webp","datePublished":"2025-04-08T10:44:40+00:00","dateModified":"2025-05-05T10:59:28+00:00","description":"Round Lab Camellia Deep Collagen Firming Gel Mask nostiprina turgoru, uzlabo \u0101das elast\u012bbu un bl\u012bvumu, izl\u012bdzina \u0101du un stimul\u0113 t\u0101s kolag\u0113na sint\u0113zi.","breadcrumb":{"@id":"https:\/\/www.facecorner.lv\/shop\/round-lab-camellia-deep-collagen-firming-gel-mask\/#breadcrumb"},"inLanguage":"en-US","potentialAction":[{"@type":"ReadAction","target":["https:\/\/www.facecorner.lv\/shop\/round-lab-camellia-deep-collagen-firming-gel-mask\/"]}]},{"@type":"ImageObject","inLanguage":"en-US","@id":"https:\/\/www.facecorner.lv\/shop\/round-lab-camellia-deep-collagen-firming-gel-mask\/#primaryimage","url":"https:\/\/www.facecorner.lv\/wp-content\/uploads\/2025\/04\/lav_pl_Round-Lab-Camellia-Deep-Collagen-Firming-Gel-Mask-Nostiprinosa-Gela-Maska-ar-Kolagenu-34g-23350_1.webp","contentUrl":"https:\/\/www.facecorner.lv\/wp-content\/uploads\/2025\/04\/lav_pl_Round-Lab-Camellia-Deep-Collagen-Firming-Gel-Mask-Nostiprinosa-Gela-Maska-ar-Kolagenu-34g-23350_1.webp","width":1500,"height":1500,"caption":"Round Lab Camellia Deep Collagen Firming Gel Mask"},{"@type":"BreadcrumbList","@id":"https:\/\/www.facecorner.lv\/shop\/round-lab-camellia-deep-collagen-firming-gel-mask\/#breadcrumb","itemListElement":[{"@type":"ListItem","position":1,"name":"Home","item":"https:\/\/www.facecorner.lv\/"},{"@type":"ListItem","position":2,"name":"Veikals","item":"https:\/\/www.facecorner.lv\/shop\/"},{"@type":"ListItem","position":3,"name":"Round Lab Camellia Deep Collagen Firming Gel Mask"}]},{"@type":"WebSite","@id":"https:\/\/www.facecorner.lv\/#website","url":"https:\/\/www.facecorner.lv\/","name":"Facecorner","description":"","publisher":{"@id":"https:\/\/www.facecorner.lv\/#organization"},"potentialAction":[{"@type":"SearchAction","target":{"@type":"EntryPoint","urlTemplate":"https:\/\/www.facecorner.lv\/?s={search_term_string}"},"query-input":{"@type":"PropertyValueSpecification","valueRequired":true,"valueName":"search_term_string"}}],"inLanguage":"en-US"},{"@type":"Organization","@id":"https:\/\/www.facecorner.lv\/#organization","name":"Facecorner","url":"https:\/\/www.facecorner.lv\/","logo":{"@type":"ImageObject","inLanguage":"en-US","@id":"https:\/\/www.facecorner.lv\/#\/schema\/logo\/image\/","url":"https:\/\/www.facecorner.lv\/wp-content\/uploads\/2024\/04\/fc-logo.jpg","contentUrl":"https:\/\/www.facecorner.lv\/wp-content\/uploads\/2024\/04\/fc-logo.jpg","width":174,"height":28,"caption":"Facecorner"},"image":{"@id":"https:\/\/www.facecorner.lv\/#\/schema\/logo\/image\/"},"sameAs":["https:\/\/www.facebook.com\/profile.php?id=100063824551839","https:\/\/www.instagram.com\/facecorner_shop\/"]}]},"product_price_amount":"6.00","product_price_currency":"EUR","og_availability":"out of stock","product_availability":"out of stock","product_condition":"new"},"_links":{"self":[{"href":"https:\/\/www.facecorner.lv\/en\/wp-json\/wp\/v2\/product\/23877","targetHints":{"allow":["GET"]}}],"collection":[{"href":"https:\/\/www.facecorner.lv\/en\/wp-json\/wp\/v2\/product"}],"about":[{"href":"https:\/\/www.facecorner.lv\/en\/wp-json\/wp\/v2\/types\/product"}],"replies":[{"embeddable":true,"href":"https:\/\/www.facecorner.lv\/en\/wp-json\/wp\/v2\/comments?post=23877"}],"wp:featuredmedia":[{"embeddable":true,"href":"https:\/\/www.facecorner.lv\/en\/wp-json\/wp\/v2\/media\/23878"}],"wp:attachment":[{"href":"https:\/\/www.facecorner.lv\/en\/wp-json\/wp\/v2\/media?parent=23877"}],"wp:term":[{"taxonomy":"product_brand","embeddable":true,"href":"https:\/\/www.facecorner.lv\/en\/wp-json\/wp\/v2\/product_brand?post=23877"},{"taxonomy":"product_cat","embeddable":true,"href":"https:\/\/www.facecorner.lv\/en\/wp-json\/wp\/v2\/product_cat?post=23877"},{"taxonomy":"product_tag","embeddable":true,"href":"https:\/\/www.facecorner.lv\/en\/wp-json\/wp\/v2\/product_tag?post=23877"},{"taxonomy":"berocket_brand","embeddable":true,"href":"https:\/\/www.facecorner.lv\/en\/wp-json\/wp\/v2\/berocket_brand?post=23877"}],"curies":[{"name":"wp","href":"https:\/\/api.w.org\/{rel}","templated":true}]}}