{"id":23873,"date":"2025-04-08T13:35:44","date_gmt":"2025-04-08T10:35:44","guid":{"rendered":"https:\/\/www.facecorner.lv\/?post_type=product&#038;p=23873"},"modified":"2025-05-16T18:44:20","modified_gmt":"2025-05-16T15:44:20","slug":"round-lab-camellia-deep-collagen-firming-cream-50-ml","status":"publish","type":"product","link":"https:\/\/www.facecorner.lv\/en\/shop\/round-lab-camellia-deep-collagen-firming-cream-50-ml\/","title":{"rendered":"Round Lab Camellia Deep Collagen Firming Cream 50 ml"},"content":{"rendered":"<p>Round Lab Camellia Deep Collagen Firming Cream\u00a0 nostiprino\u0161s kr\u0113ms ar kam\u0113lijas ekstraktu un kolag\u0113nu atjauno \u0101das bl\u012bvumu un elast\u012bbu, stimul\u0113jot \u0101das kolag\u0113na sint\u0113zi, stiprina dermas matricu, izl\u012bdzina grumbas, pal\u0113nina vecuma izmai\u0146u procesus, uzlabo mitrin\u0101\u0161anu un pie\u0161\u0137ir vesel\u012bgu mirdzumu.<\/p>\n<p>Produkts efekt\u012bvi samazina gan horizont\u0101li, gan vertik\u0101li papla\u0161in\u0101to poru izskatu, c\u012bn\u0101s pret \u0101das novilku\u0161o un atsl\u0101bu\u0161o \u0101du, stimul\u0113 mikrocirkul\u0101ciju, uzlabo vielmai\u0146u \u0161\u016bnu l\u012bmen\u012b un nodro\u0161ina intens\u012bvu mitrin\u0101\u0161anu, uzturot mitruma l\u012bdzsvaru \u0161\u016bn\u0101s, k\u0101 rezult\u0101t\u0101 \u0101da k\u013c\u016bst starojo\u0161a, svaiga un atp\u016btusies, vizu\u0101li tvirt\u0101ka, glud\u0101ka un tvirt\u0101ka, bez bl\u0101vuma un lob\u012b\u0161an\u0101s paz\u012bm\u0113m.<\/p>\n<p>Produkta formulas pamat\u0101 ir unik\u0101ls Camellia Collagenol\u2122 komplekss, kas sast\u0101v no 1% kam\u0113lijas ekstrakta, kvercet\u012bna un inozitola, kuru siner\u0123ija garant\u0113 maksim\u0101lu antioksidantu un pretiekaisuma iedarb\u012bbu, stimul\u0113 kolag\u0113na \u0161\u0137iedru veido\u0161anos un aizsarg\u0101 t\u0101s no sabrukuma, uzlabo \u0161\u016bnu re\u0123ener\u0101ciju, nomierina kairin\u0101jumu un aps\u0101rtumu, k\u0101 ar\u012b izl\u012bdzina nevienm\u0113r\u012bgu \u0101das toni.<\/p>\n<p>Viegla \u017eelejas tekst\u016bra \u0101tri ies\u016bcas, nekav\u0113joties atjauno mitrumu un nodro\u0161ina komforta saj\u016btu bez lip\u012bguma vai taukainas pl\u0113ves.<\/p>\n<ul>\n<li>grumbu izl\u012bdzin\u0101\u0161ana<\/li>\n<li>nostiprino\u0161s un savelko\u0161s efekts<\/li>\n<li>izl\u012bdzino\u0161s mikroreljefs un vesel\u012bgs mirdzums<\/li>\n<li>ar vecumu saist\u012btu papla\u0161in\u0101tu poru sa\u0161aurin\u0101\u0161ana<\/li>\n<li>piem\u0113rots jut\u012bg\u0101kai \u0101dai<\/li>\n<\/ul>\n<p>Zema molekul\u0101r\u0101 svara fran\u010du 1. tipa kolag\u0113ns &#8211; pal\u012bdz regul\u0113t un uztur\u0113t optim\u0101lu \u016bdens l\u012bdzsvaru \u0161\u016bn\u0101s, pal\u012bdz izvair\u012bties no saguruma un \u013cenganuma, saglab\u0101jot elast\u012bbu, un palielina \u0101das sp\u0113ju absorb\u0113t bar\u012bbas vielas un labv\u0113l\u012bgos mikroelementus.<\/p>\n<p>Adhez\u012bvais kolag\u0113ns &#8211; savieno \u0101das \u0161\u016bnas un stiprina t\u0101s iztur\u012bbu, pal\u012bdz pretoties agres\u012bvai apk\u0101rt\u0113j\u0101s vides ietekmei, uzlabo epidermas barjeru, intens\u012bvi mitrina un pa\u0101trina \u0161\u016bnu atjauno\u0161anos un atjauno\u0161an\u0101s procesus.<\/p>\n<p>Retino\u012bds HPR (hidroksipinakolona retino\u0101ts) &#8211; maig\u0101ka un stabil\u0101ka retino\u012bnsk\u0101bes forma, kurai ir izteikt\u0101ka iedarb\u012bba, vienlaikus samazinot kairin\u0101juma un citu blakuspar\u0101d\u012bbu risku. Tas pa\u0101trina \u0161\u016bnu atjauno\u0161anos, uzlabo tekst\u016bru un tonusu, veicina fiziolo\u0123isk\u0101 kolag\u0113na veido\u0161anos, sa\u0161aurina papla\u0161in\u0101t\u0101s poras un aizsarg\u0101 pret oksidat\u012bvo stresu.<\/p>\n<p>Cianokobalam\u012bns (vitam\u012bns B12) &#8211; nodro\u0161ina sp\u0113c\u012bgu antioksidantu aizsardz\u012bbu, stiprina epidermas barjeras \u012bpa\u0161\u012bbas, veicina at\u0161\u0137aid\u012bta mitruma saglab\u0101\u0161anos \u0161\u016bn\u0101s, nov\u0113r\u0161ot dehidrat\u0101ciju, pa\u0101trina mikrocirkul\u0101ciju, pal\u012bdz c\u012bn\u012bties pret iekaisumiem un kairin\u0101jumu, pie\u0161\u0137ir gludumu un vesel\u012bgu kr\u0101su.<\/p>\n<p>Niacinamide 2% &#8211; ir sebumu regul\u0113jo\u0161a iedarb\u012bba, att\u012bra un sa\u0161aurina poras, kav\u0113 iekaisumu att\u012bst\u012bbu, izgaismo un izl\u012bdzina sejas kr\u0101su. Tas stiprina barjeras funkcijas un tam piem\u012bt spilgta antioksidanta iedarb\u012bba.<\/p>\n<p><strong>How to use:<\/strong> K\u0101 p\u0113d\u0113jo kop\u0161anas soli uzkl\u0101jiet nelielu daudzumu kr\u0113ma un ar viegl\u0101m mas\u0101\u017eas kust\u012bb\u0101m izklied\u0113jiet, l\u012bdz tas piln\u012bb\u0101 ies\u016bcas.<\/p>\n<p><strong>Ingredientes:<\/strong> Water, Glycerin, Propanediol, Butylene Glycol, 1,2-Hexanediol, Niacinamide, Vinyl Dimethicone, Pentylene Glycol, Diphenylsiloxy Phenyl Trimethicone, Camellia Japonica Flower Extract, Caprylic\/Capric Triglyceride, Isononyl Isononanoate, Hydroxyethyl Acrylate\/Sodium Acryloyldimethyl Taurate Copolymer, Sodium Polyacrylate, Ammonium Acryloyldimethyltaurate\/VP Copolymer, Glycereth-25 PCA Isostearate, Caprylyl Glycol, Methylpropanediol, Dimethiconol, Castor Oil\/IPDI Copolymer, Hydrolyzed Collagen, Inositol, Allantoin, Adenosine, Sorbitan Isostearate, Citric Acid, Dipotassium Glycyrrhizate, Xanthan Gum, Sodium Phytate, Dimethyl Isosorbide, Arginine, Carbomer, Sodium Citrate, Ethylhexylglycerin, Amodimethicone, Hydroxypinacolone Retinoate, Limnanthes Alba (Meadowfoam) Seed Oil, Cyanocobalamin, Quercetin, Soluble Collagen.<\/p>","protected":false},"excerpt":{"rendered":"<p>Round Lab Camellia Deep Collagen Firming Cream\u00a0 nostiprino\u0161s kr\u0113ms ar kam\u0113lijas ekstraktu un kolag\u0113nu atjauno \u0101das bl\u012bvumu un elast\u012bbu, stimul\u0113jot \u0101das kolag\u0113na sint\u0113zi, stiprina dermas matricu, izl\u012bdzina grumbas, pal\u0113nina vecuma izmai\u0146u procesus, uzlabo mitrin\u0101\u0161anu un pie\u0161\u0137ir vesel\u012bgu mirdzumu.<\/p>","protected":false},"featured_media":23874,"comment_status":"open","ping_status":"closed","template":"","meta":{"site-sidebar-layout":"default","site-content-layout":"","ast-site-content-layout":"default","site-content-style":"default","site-sidebar-style":"default","ast-global-header-display":"","ast-banner-title-visibility":"","ast-main-header-display":"","ast-hfb-above-header-display":"","ast-hfb-below-header-display":"","ast-hfb-mobile-header-display":"","site-post-title":"","ast-breadcrumbs-content":"","ast-featured-img":"","footer-sml-layout":"","theme-transparent-header-meta":"default","adv-header-id-meta":"","stick-header-meta":"","header-above-stick-meta":"","header-main-stick-meta":"","header-below-stick-meta":"","astra-migrate-meta-layouts":"set","ast-page-background-enabled":"default","ast-page-background-meta":{"desktop":{"background-color":"var(--ast-global-color-4)","background-image":"","background-repeat":"repeat","background-position":"center center","background-size":"auto","background-attachment":"scroll","background-type":"","background-media":"","overlay-type":"","overlay-color":"","overlay-opacity":"","overlay-gradient":""},"tablet":{"background-color":"","background-image":"","background-repeat":"repeat","background-position":"center center","background-size":"auto","background-attachment":"scroll","background-type":"","background-media":"","overlay-type":"","overlay-color":"","overlay-opacity":"","overlay-gradient":""},"mobile":{"background-color":"","background-image":"","background-repeat":"repeat","background-position":"center center","background-size":"auto","background-attachment":"scroll","background-type":"","background-media":"","overlay-type":"","overlay-color":"","overlay-opacity":"","overlay-gradient":""}},"ast-content-background-meta":{"desktop":{"background-color":"var(--ast-global-color-5)","background-image":"","background-repeat":"repeat","background-position":"center center","background-size":"auto","background-attachment":"scroll","background-type":"","background-media":"","overlay-type":"","overlay-color":"","overlay-opacity":"","overlay-gradient":""},"tablet":{"background-color":"var(--ast-global-color-5)","background-image":"","background-repeat":"repeat","background-position":"center center","background-size":"auto","background-attachment":"scroll","background-type":"","background-media":"","overlay-type":"","overlay-color":"","overlay-opacity":"","overlay-gradient":""},"mobile":{"background-color":"var(--ast-global-color-5)","background-image":"","background-repeat":"repeat","background-position":"center center","background-size":"auto","background-attachment":"scroll","background-type":"","background-media":"","overlay-type":"","overlay-color":"","overlay-opacity":"","overlay-gradient":""}}},"product_brand":[],"product_cat":[366,368,362],"product_tag":[],"berocket_brand":[589],"class_list":{"0":"post-23873","1":"product","2":"type-product","3":"status-publish","4":"has-post-thumbnail","6":"product_cat-mitrinoss","7":"product_cat-pret-grumbam","8":"product_cat-sejas-krems","9":"berocket_brand-round-lab","10":"desktop-align-left","11":"tablet-align-left","12":"mobile-align-left","14":"first","15":"outofstock","16":"taxable","17":"shipping-taxable","18":"purchasable","19":"product-type-simple","20":"add-to-wishlist-before_image"},"yoast_head":"<!-- This site is optimized with the Yoast SEO plugin v27.4 - https:\/\/yoast.com\/product\/yoast-seo-wordpress\/ -->\n<title>Round Lab Camellia Deep Collagen Firming Cream 50 ml - FACECORNER<\/title>\n<meta name=\"description\" content=\"Round Lab Camellia Deep Collagen Firming Cream\u00a0 nostiprino\u0161s kr\u0113ms ar kam\u0113lijas ekstraktu un kolag\u0113nu atjauno \u0101das bl\u012bvumu un elast\u012bbu\" \/>\n<meta name=\"robots\" content=\"index, follow, max-snippet:-1, max-image-preview:large, max-video-preview:-1\" \/>\n<link rel=\"canonical\" href=\"https:\/\/www.facecorner.lv\/en\/shop\/round-lab-camellia-deep-collagen-firming-cream-50-ml\/\" \/>\n<meta property=\"og:locale\" content=\"en_US\" \/>\n<meta property=\"og:type\" content=\"article\" \/>\n<meta property=\"og:title\" content=\"Round Lab Camellia Deep Collagen Firming Cream 50 ml - FACECORNER\" \/>\n<meta property=\"og:description\" content=\"Round Lab Camellia Deep Collagen Firming Cream\u00a0 nostiprino\u0161s kr\u0113ms ar kam\u0113lijas ekstraktu un kolag\u0113nu atjauno \u0101das bl\u012bvumu un elast\u012bbu\" \/>\n<meta property=\"og:url\" content=\"https:\/\/www.facecorner.lv\/en\/shop\/round-lab-camellia-deep-collagen-firming-cream-50-ml\/\" \/>\n<meta property=\"og:site_name\" content=\"FACECORNER\" \/>\n<meta property=\"article:publisher\" content=\"https:\/\/www.facebook.com\/profile.php?id=100063824551839\" \/>\n<meta property=\"article:modified_time\" content=\"2025-05-16T15:44:20+00:00\" \/>\n<meta property=\"og:image\" content=\"https:\/\/www.facecorner.lv\/wp-content\/uploads\/2025\/04\/image-catalog-products-ROL0065-1000x1000-1.webp\" \/>\n\t<meta property=\"og:image:width\" content=\"1000\" \/>\n\t<meta property=\"og:image:height\" content=\"1000\" \/>\n\t<meta property=\"og:image:type\" content=\"image\/webp\" \/>\n<meta name=\"twitter:card\" content=\"summary_large_image\" \/>\n<meta name=\"twitter:label1\" content=\"Price\" \/>\n\t<meta name=\"twitter:data1\" content=\"&euro;31.00\" \/>\n\t<meta name=\"twitter:label2\" content=\"Availability\" \/>\n\t<meta name=\"twitter:data2\" content=\"Out of stock\" \/>\n<script type=\"application\/ld+json\" class=\"yoast-schema-graph\">{\"@context\":\"https:\\\/\\\/schema.org\",\"@graph\":[{\"@type\":\"WebPage\",\"@id\":\"https:\\\/\\\/www.facecorner.lv\\\/shop\\\/round-lab-camellia-deep-collagen-firming-cream-50-ml\\\/\",\"url\":\"https:\\\/\\\/www.facecorner.lv\\\/shop\\\/round-lab-camellia-deep-collagen-firming-cream-50-ml\\\/\",\"name\":\"Round Lab Camellia Deep Collagen Firming Cream 50 ml - FACECORNER\",\"isPartOf\":{\"@id\":\"https:\\\/\\\/www.facecorner.lv\\\/#website\"},\"primaryImageOfPage\":{\"@id\":\"https:\\\/\\\/www.facecorner.lv\\\/shop\\\/round-lab-camellia-deep-collagen-firming-cream-50-ml\\\/#primaryimage\"},\"image\":{\"@id\":\"https:\\\/\\\/www.facecorner.lv\\\/shop\\\/round-lab-camellia-deep-collagen-firming-cream-50-ml\\\/#primaryimage\"},\"thumbnailUrl\":\"https:\\\/\\\/www.facecorner.lv\\\/wp-content\\\/uploads\\\/2025\\\/04\\\/image-catalog-products-ROL0065-1000x1000-1.webp\",\"datePublished\":\"2025-04-08T10:35:44+00:00\",\"dateModified\":\"2025-05-16T15:44:20+00:00\",\"description\":\"Round Lab Camellia Deep Collagen Firming Cream\u00a0 nostiprino\u0161s kr\u0113ms ar kam\u0113lijas ekstraktu un kolag\u0113nu atjauno \u0101das bl\u012bvumu un elast\u012bbu\",\"breadcrumb\":{\"@id\":\"https:\\\/\\\/www.facecorner.lv\\\/shop\\\/round-lab-camellia-deep-collagen-firming-cream-50-ml\\\/#breadcrumb\"},\"inLanguage\":\"en-US\",\"potentialAction\":[{\"@type\":\"ReadAction\",\"target\":[\"https:\\\/\\\/www.facecorner.lv\\\/shop\\\/round-lab-camellia-deep-collagen-firming-cream-50-ml\\\/\"]}]},{\"@type\":\"ImageObject\",\"inLanguage\":\"en-US\",\"@id\":\"https:\\\/\\\/www.facecorner.lv\\\/shop\\\/round-lab-camellia-deep-collagen-firming-cream-50-ml\\\/#primaryimage\",\"url\":\"https:\\\/\\\/www.facecorner.lv\\\/wp-content\\\/uploads\\\/2025\\\/04\\\/image-catalog-products-ROL0065-1000x1000-1.webp\",\"contentUrl\":\"https:\\\/\\\/www.facecorner.lv\\\/wp-content\\\/uploads\\\/2025\\\/04\\\/image-catalog-products-ROL0065-1000x1000-1.webp\",\"width\":1000,\"height\":1000,\"caption\":\"Round Lab Camellia Deep Collagen Firming Cream 50 ml\"},{\"@type\":\"BreadcrumbList\",\"@id\":\"https:\\\/\\\/www.facecorner.lv\\\/shop\\\/round-lab-camellia-deep-collagen-firming-cream-50-ml\\\/#breadcrumb\",\"itemListElement\":[{\"@type\":\"ListItem\",\"position\":1,\"name\":\"Home\",\"item\":\"https:\\\/\\\/www.facecorner.lv\\\/\"},{\"@type\":\"ListItem\",\"position\":2,\"name\":\"Veikals\",\"item\":\"https:\\\/\\\/www.facecorner.lv\\\/shop\\\/\"},{\"@type\":\"ListItem\",\"position\":3,\"name\":\"Round Lab Camellia Deep Collagen Firming Cream 50 ml\"}]},{\"@type\":\"WebSite\",\"@id\":\"https:\\\/\\\/www.facecorner.lv\\\/#website\",\"url\":\"https:\\\/\\\/www.facecorner.lv\\\/\",\"name\":\"Facecorner\",\"description\":\"\",\"publisher\":{\"@id\":\"https:\\\/\\\/www.facecorner.lv\\\/#organization\"},\"potentialAction\":[{\"@type\":\"SearchAction\",\"target\":{\"@type\":\"EntryPoint\",\"urlTemplate\":\"https:\\\/\\\/www.facecorner.lv\\\/?s={search_term_string}\"},\"query-input\":{\"@type\":\"PropertyValueSpecification\",\"valueRequired\":true,\"valueName\":\"search_term_string\"}}],\"inLanguage\":\"en-US\"},{\"@type\":\"Organization\",\"@id\":\"https:\\\/\\\/www.facecorner.lv\\\/#organization\",\"name\":\"Facecorner\",\"url\":\"https:\\\/\\\/www.facecorner.lv\\\/\",\"logo\":{\"@type\":\"ImageObject\",\"inLanguage\":\"en-US\",\"@id\":\"https:\\\/\\\/www.facecorner.lv\\\/#\\\/schema\\\/logo\\\/image\\\/\",\"url\":\"https:\\\/\\\/www.facecorner.lv\\\/wp-content\\\/uploads\\\/2024\\\/04\\\/fc-logo.jpg\",\"contentUrl\":\"https:\\\/\\\/www.facecorner.lv\\\/wp-content\\\/uploads\\\/2024\\\/04\\\/fc-logo.jpg\",\"width\":174,\"height\":28,\"caption\":\"Facecorner\"},\"image\":{\"@id\":\"https:\\\/\\\/www.facecorner.lv\\\/#\\\/schema\\\/logo\\\/image\\\/\"},\"sameAs\":[\"https:\\\/\\\/www.facebook.com\\\/profile.php?id=100063824551839\",\"https:\\\/\\\/www.instagram.com\\\/facecorner_shop\\\/\"]}]}<\/script>\n<meta property=\"product:price:amount\" content=\"31.00\" \/>\n<meta property=\"product:price:currency\" content=\"EUR\" \/>\n<meta property=\"og:availability\" content=\"out of stock\" \/>\n<meta property=\"product:availability\" content=\"out of stock\" \/>\n<meta property=\"product:condition\" content=\"new\" \/>\n<!-- \/ Yoast SEO plugin. -->","yoast_head_json":{"title":"Round Lab Camellia Deep Collagen Firming Cream 50 ml - FACECORNER","description":"Round Lab Camellia Deep Collagen Firming Cream\u00a0 nostiprino\u0161s kr\u0113ms ar kam\u0113lijas ekstraktu un kolag\u0113nu atjauno \u0101das bl\u012bvumu un elast\u012bbu","robots":{"index":"index","follow":"follow","max-snippet":"max-snippet:-1","max-image-preview":"max-image-preview:large","max-video-preview":"max-video-preview:-1"},"canonical":"https:\/\/www.facecorner.lv\/en\/shop\/round-lab-camellia-deep-collagen-firming-cream-50-ml\/","og_locale":"en_US","og_type":"article","og_title":"Round Lab Camellia Deep Collagen Firming Cream 50 ml - FACECORNER","og_description":"Round Lab Camellia Deep Collagen Firming Cream\u00a0 nostiprino\u0161s kr\u0113ms ar kam\u0113lijas ekstraktu un kolag\u0113nu atjauno \u0101das bl\u012bvumu un elast\u012bbu","og_url":"https:\/\/www.facecorner.lv\/en\/shop\/round-lab-camellia-deep-collagen-firming-cream-50-ml\/","og_site_name":"FACECORNER","article_publisher":"https:\/\/www.facebook.com\/profile.php?id=100063824551839","article_modified_time":"2025-05-16T15:44:20+00:00","og_image":[{"width":1000,"height":1000,"url":"https:\/\/www.facecorner.lv\/wp-content\/uploads\/2025\/04\/image-catalog-products-ROL0065-1000x1000-1.webp","type":"image\/webp"}],"twitter_card":"summary_large_image","twitter_misc":{"Price":"&euro;31.00","Availability":"Out of stock"},"schema":{"@context":"https:\/\/schema.org","@graph":[{"@type":"WebPage","@id":"https:\/\/www.facecorner.lv\/shop\/round-lab-camellia-deep-collagen-firming-cream-50-ml\/","url":"https:\/\/www.facecorner.lv\/shop\/round-lab-camellia-deep-collagen-firming-cream-50-ml\/","name":"Round Lab Camellia Deep Collagen Firming Cream 50 ml - FACECORNER","isPartOf":{"@id":"https:\/\/www.facecorner.lv\/#website"},"primaryImageOfPage":{"@id":"https:\/\/www.facecorner.lv\/shop\/round-lab-camellia-deep-collagen-firming-cream-50-ml\/#primaryimage"},"image":{"@id":"https:\/\/www.facecorner.lv\/shop\/round-lab-camellia-deep-collagen-firming-cream-50-ml\/#primaryimage"},"thumbnailUrl":"https:\/\/www.facecorner.lv\/wp-content\/uploads\/2025\/04\/image-catalog-products-ROL0065-1000x1000-1.webp","datePublished":"2025-04-08T10:35:44+00:00","dateModified":"2025-05-16T15:44:20+00:00","description":"Round Lab Camellia Deep Collagen Firming Cream\u00a0 nostiprino\u0161s kr\u0113ms ar kam\u0113lijas ekstraktu un kolag\u0113nu atjauno \u0101das bl\u012bvumu un elast\u012bbu","breadcrumb":{"@id":"https:\/\/www.facecorner.lv\/shop\/round-lab-camellia-deep-collagen-firming-cream-50-ml\/#breadcrumb"},"inLanguage":"en-US","potentialAction":[{"@type":"ReadAction","target":["https:\/\/www.facecorner.lv\/shop\/round-lab-camellia-deep-collagen-firming-cream-50-ml\/"]}]},{"@type":"ImageObject","inLanguage":"en-US","@id":"https:\/\/www.facecorner.lv\/shop\/round-lab-camellia-deep-collagen-firming-cream-50-ml\/#primaryimage","url":"https:\/\/www.facecorner.lv\/wp-content\/uploads\/2025\/04\/image-catalog-products-ROL0065-1000x1000-1.webp","contentUrl":"https:\/\/www.facecorner.lv\/wp-content\/uploads\/2025\/04\/image-catalog-products-ROL0065-1000x1000-1.webp","width":1000,"height":1000,"caption":"Round Lab Camellia Deep Collagen Firming Cream 50 ml"},{"@type":"BreadcrumbList","@id":"https:\/\/www.facecorner.lv\/shop\/round-lab-camellia-deep-collagen-firming-cream-50-ml\/#breadcrumb","itemListElement":[{"@type":"ListItem","position":1,"name":"Home","item":"https:\/\/www.facecorner.lv\/"},{"@type":"ListItem","position":2,"name":"Veikals","item":"https:\/\/www.facecorner.lv\/shop\/"},{"@type":"ListItem","position":3,"name":"Round Lab Camellia Deep Collagen Firming Cream 50 ml"}]},{"@type":"WebSite","@id":"https:\/\/www.facecorner.lv\/#website","url":"https:\/\/www.facecorner.lv\/","name":"Facecorner","description":"","publisher":{"@id":"https:\/\/www.facecorner.lv\/#organization"},"potentialAction":[{"@type":"SearchAction","target":{"@type":"EntryPoint","urlTemplate":"https:\/\/www.facecorner.lv\/?s={search_term_string}"},"query-input":{"@type":"PropertyValueSpecification","valueRequired":true,"valueName":"search_term_string"}}],"inLanguage":"en-US"},{"@type":"Organization","@id":"https:\/\/www.facecorner.lv\/#organization","name":"Facecorner","url":"https:\/\/www.facecorner.lv\/","logo":{"@type":"ImageObject","inLanguage":"en-US","@id":"https:\/\/www.facecorner.lv\/#\/schema\/logo\/image\/","url":"https:\/\/www.facecorner.lv\/wp-content\/uploads\/2024\/04\/fc-logo.jpg","contentUrl":"https:\/\/www.facecorner.lv\/wp-content\/uploads\/2024\/04\/fc-logo.jpg","width":174,"height":28,"caption":"Facecorner"},"image":{"@id":"https:\/\/www.facecorner.lv\/#\/schema\/logo\/image\/"},"sameAs":["https:\/\/www.facebook.com\/profile.php?id=100063824551839","https:\/\/www.instagram.com\/facecorner_shop\/"]}]},"product_price_amount":"31.00","product_price_currency":"EUR","og_availability":"out of stock","product_availability":"out of stock","product_condition":"new"},"_links":{"self":[{"href":"https:\/\/www.facecorner.lv\/en\/wp-json\/wp\/v2\/product\/23873","targetHints":{"allow":["GET"]}}],"collection":[{"href":"https:\/\/www.facecorner.lv\/en\/wp-json\/wp\/v2\/product"}],"about":[{"href":"https:\/\/www.facecorner.lv\/en\/wp-json\/wp\/v2\/types\/product"}],"replies":[{"embeddable":true,"href":"https:\/\/www.facecorner.lv\/en\/wp-json\/wp\/v2\/comments?post=23873"}],"wp:featuredmedia":[{"embeddable":true,"href":"https:\/\/www.facecorner.lv\/en\/wp-json\/wp\/v2\/media\/23874"}],"wp:attachment":[{"href":"https:\/\/www.facecorner.lv\/en\/wp-json\/wp\/v2\/media?parent=23873"}],"wp:term":[{"taxonomy":"product_brand","embeddable":true,"href":"https:\/\/www.facecorner.lv\/en\/wp-json\/wp\/v2\/product_brand?post=23873"},{"taxonomy":"product_cat","embeddable":true,"href":"https:\/\/www.facecorner.lv\/en\/wp-json\/wp\/v2\/product_cat?post=23873"},{"taxonomy":"product_tag","embeddable":true,"href":"https:\/\/www.facecorner.lv\/en\/wp-json\/wp\/v2\/product_tag?post=23873"},{"taxonomy":"berocket_brand","embeddable":true,"href":"https:\/\/www.facecorner.lv\/en\/wp-json\/wp\/v2\/berocket_brand?post=23873"}],"curies":[{"name":"wp","href":"https:\/\/api.w.org\/{rel}","templated":true}]}}