{"id":23654,"date":"2025-03-12T15:18:50","date_gmt":"2025-03-12T12:18:50","guid":{"rendered":"https:\/\/www.facecorner.lv\/?post_type=product&#038;p=23654"},"modified":"2025-05-10T13:50:46","modified_gmt":"2025-05-10T10:50:46","slug":"vt-cosmetics-red-booster-reedle-shot-100-50-ml","status":"publish","type":"product","link":"https:\/\/www.facecorner.lv\/en\/shop\/vt-cosmetics-red-booster-reedle-shot-100-50-ml\/","title":{"rendered":"VT Cosmetics Red Booster Reedle Shot 100 50 ml"},"content":{"rendered":"<p>VT Cosmetics Red Booster Reedle Shot 100\u00a0 antioksidantu pastiprin\u0101t\u0101js-serums ar mikro adat\u0101m atmodina noguru\u0161u \u0101du, efekt\u012bvi aizsarg\u0101 pret br\u012bvajiem radik\u0101\u013ciem, nov\u0113r\u0161 \u0101das priek\u0161laic\u012bgu noveco\u0161anos, pies\u0101tina ar mitrumu, palielina elast\u012bbu un tvirtumu, izl\u012bdzina nevienm\u0113r\u012bgu \u0101das toni un mikroreljefu, uzlabo epidermas barjeru un m\u012bkstina.<\/p>\n<p>L\u012bdzeklis mazina \u0101das paaugstin\u0101tu jut\u012bbu, pal\u012bdz tikt gal\u0101 ar kairin\u0101jumu, aps\u0101rtumu un niezi, sniedz tvirt\u0101kas \u0101das saj\u016btu, nov\u0113r\u0161 \u0101das \u013cenganumu un sagurumu, c\u012bn\u0101s ar iekaisumiem un pa\u0101trina dz\u012b\u0161anu, re\u0123ener\u0101ciju un \u0161\u016bnu atjauno\u0161anos.<\/p>\n<p>Galven\u0101 formulas sast\u0101vda\u013ca ir Cica Reedle\u2122 (95 000 ppm) &#8211; mikro\u0161\u0137iedras (spikulas) ar Centella asiatica ekstraktu, 14 rei\u017eu maz\u0101kas par por\u0101m, kas uzlabo akt\u012bvo sast\u0101vda\u013cu pieg\u0101di dzi\u013cos \u0101das sl\u0101\u0146os, iedarbina akt\u012bv\u0101s atjauno\u0161an\u0101s procesu, stimul\u0113 kolag\u0113na un elast\u012bna ra\u017eo\u0161anu, veicina \u0161\u016bnu strukt\u016bras atjauno\u0161anos un nostiprin\u0101\u0161anos.<\/p>\n<ul>\n<li>P\u016b\u0137a asinis (krotonkoka sve\u0137u ekstrakts) &#8211; nodro\u0161ina sp\u0113c\u012bgu antioksidantu iedarb\u012bbu, atvairot br\u012bvo radik\u0101\u013cu uzbrukumu, tam piem\u012bt izteiktas pretiekaisuma, br\u016b\u010du dz\u012b\u0161anas un antibakteri\u0101las \u012bpa\u0161\u012bbas, tas aktiviz\u0113 fiziolo\u0123isko elast\u012bna un kolag\u0113na veido\u0161anos, nov\u0113r\u0161ot elast\u012bbas un elast\u012bbas zudumu, k\u0101 ar\u012b mazina t\u016bsku.<\/li>\n<li>Cica Hyalon\u2122 komplekss &#8211; sast\u0101v no Centella asiatica ekstrakta un 4 t\u0101 atvasin\u0101jumiem, tr\u012bsk\u0101r\u0161as hialuronsk\u0101bes un za\u013c\u0101 propolisa ekstrakta, intens\u012bvi pies\u0101tina mitrumu un veicina t\u0101 ilgtermi\u0146a saglab\u0101\u0161anu, stiprina epidermas pl\u012bvuru un barjeras funkcijas, mazina paaugstin\u0101tu jut\u012bbu, mazina dehidrat\u0101ciju.<\/li>\n<li>Niacinam\u012bds &#8211; tam piem\u012bt izteiktas pigment\u0101ciju balino\u0161as \u012bpa\u0161\u012bbas, harmoniz\u0113 tauku dziedzeru darb\u012bbu, atbr\u012bvo no melnajiem plankumiem, izgaismo tauku pavedienus un sa\u0161aurina poras, aktiviz\u0113 dabisk\u0101 kolag\u0113na sint\u0113zi, aizsarg\u0101 pret priek\u0161laic\u012bgu dermas noveco\u0161anos.<\/li>\n<li>Pantenols &#8211; pies\u0101tina mitrumu un aiztur to \u0161\u016bn\u0101s, m\u012bkstina, atgrie\u017e epidermai maigumu un z\u012bdain\u012bbu, nomierina un pa\u0101trina da\u017e\u0101du traumu dz\u012b\u0161anu.<\/li>\n<li>Arbut\u012bns &#8211; aizsarg\u0101 \u0161\u016bnas no boj\u0101\u0161an\u0101s br\u012bvo radik\u0101\u013cu ietekm\u0113, t\u0101d\u0113j\u0101di nov\u0113r\u0161ot priek\u0161laic\u012bgu epidermas izbal\u0113\u0161anu, kav\u0113 melan\u012bna veido\u0161anos, atbr\u012bvojoties no pigmenta plankumiem un p\u0113c pinnes, atgrie\u017e z\u012bdainumu un maigumu.<\/li>\n<\/ul>\n<p><strong>Lieto\u0161\u0101na<\/strong>: Uzkl\u0101jiet uz att\u012br\u012btas \u0101das k\u0101 pirmo kop\u0161anas soli.Produkts ir piem\u0113rots ikdienas lieto\u0161anai. Lietojot serumu, p\u0101rliecinieties, ka dienas laik\u0101 lietojat produktus ar SPF.<\/p>\n<p><strong>Ingredientes:<\/strong> Water, Glycerin, Butylene Glycol, Dipropylene Glycol, Niacinamide, Propanediol, Diethoxyethyl Succinate, 1,2-Hexanediol, Sodium Carbomer, c12-14 Alkanes-12, Nasturtium Officinale Extract, Ammonium Acryloyldimethyltaurate\/VP Copolymer, Silica, Dextrin, Theobroma Cacao (cocoa) Extract, Hydroxyacetophenone, Xanthan Gum, Ammonium Polyacryloyldimethyl Taurate, Croton Lechleri Resin Powder, Melia Azadirachta Leaf Extract, Caprylyl Glycol, Ethylhexylglycerin, Adenosine, Tromethamine, Tetrahydroxypropyl Ethylenediamine, Disodium EDTA, Malachite Extract, Moringa Oleifera Seed Oil, T-butyl Alcohol, Centella Asiatica Extract, Panthenol, Arbutin, Alginine, Glycine, Tocopherol, Hydrogenated Lecithin, Sodium Hyaluronate, Ceramide NP, Glycosphingolipids, Madecassic Acid, Madecassoside, Propolis Extract, Asiaticoside, Asiatic Acid.<\/p>","protected":false},"excerpt":{"rendered":"<p>VT Cosmetics Red Booster Reedle Shot 100\u00a0 antioksidantu pastiprin\u0101t\u0101js-serums ar mikro adat\u0101m atmodina noguru\u0161u \u0101du, efekt\u012bvi aizsarg\u0101 pret br\u012bvajiem radik\u0101\u013ciem, nov\u0113r\u0161 \u0101das priek\u0161laic\u012bgu noveco\u0161anos, pies\u0101tina ar mitrumu, palielina elast\u012bbu un tvirtumu, izl\u012bdzina nevienm\u0113r\u012bgu \u0101das toni un mikroreljefu, uzlabo epidermas barjeru un m\u012bkstina.<\/p>","protected":false},"featured_media":23655,"comment_status":"open","ping_status":"closed","template":"","meta":{"site-sidebar-layout":"default","site-content-layout":"","ast-site-content-layout":"default","site-content-style":"default","site-sidebar-style":"default","ast-global-header-display":"","ast-banner-title-visibility":"","ast-main-header-display":"","ast-hfb-above-header-display":"","ast-hfb-below-header-display":"","ast-hfb-mobile-header-display":"","site-post-title":"","ast-breadcrumbs-content":"","ast-featured-img":"","footer-sml-layout":"","theme-transparent-header-meta":"default","adv-header-id-meta":"","stick-header-meta":"","header-above-stick-meta":"","header-main-stick-meta":"","header-below-stick-meta":"","astra-migrate-meta-layouts":"set","ast-page-background-enabled":"default","ast-page-background-meta":{"desktop":{"background-color":"var(--ast-global-color-4)","background-image":"","background-repeat":"repeat","background-position":"center center","background-size":"auto","background-attachment":"scroll","background-type":"","background-media":"","overlay-type":"","overlay-color":"","overlay-opacity":"","overlay-gradient":""},"tablet":{"background-color":"","background-image":"","background-repeat":"repeat","background-position":"center center","background-size":"auto","background-attachment":"scroll","background-type":"","background-media":"","overlay-type":"","overlay-color":"","overlay-opacity":"","overlay-gradient":""},"mobile":{"background-color":"","background-image":"","background-repeat":"repeat","background-position":"center center","background-size":"auto","background-attachment":"scroll","background-type":"","background-media":"","overlay-type":"","overlay-color":"","overlay-opacity":"","overlay-gradient":""}},"ast-content-background-meta":{"desktop":{"background-color":"var(--ast-global-color-5)","background-image":"","background-repeat":"repeat","background-position":"center center","background-size":"auto","background-attachment":"scroll","background-type":"","background-media":"","overlay-type":"","overlay-color":"","overlay-opacity":"","overlay-gradient":""},"tablet":{"background-color":"var(--ast-global-color-5)","background-image":"","background-repeat":"repeat","background-position":"center center","background-size":"auto","background-attachment":"scroll","background-type":"","background-media":"","overlay-type":"","overlay-color":"","overlay-opacity":"","overlay-gradient":""},"mobile":{"background-color":"var(--ast-global-color-5)","background-image":"","background-repeat":"repeat","background-position":"center center","background-size":"auto","background-attachment":"scroll","background-type":"","background-media":"","overlay-type":"","overlay-color":"","overlay-opacity":"","overlay-gradient":""}}},"product_brand":[],"product_cat":[370,363],"product_tag":[],"berocket_brand":[582],"class_list":{"0":"post-23654","1":"product","2":"type-product","3":"status-publish","4":"has-post-thumbnail","6":"product_cat-adas-mirdzumam","7":"product_cat-serumi","8":"berocket_brand-vt","9":"desktop-align-left","10":"tablet-align-left","11":"mobile-align-left","13":"first","14":"outofstock","15":"taxable","16":"shipping-taxable","17":"purchasable","18":"product-type-simple","19":"add-to-wishlist-before_image"},"yoast_head":"<!-- This site is optimized with the Yoast SEO plugin v27.3 - https:\/\/yoast.com\/product\/yoast-seo-wordpress\/ -->\n<title>VT Cosmetics Red Booster Reedle Shot 100 50 ml - FACECORNER<\/title>\n<meta name=\"description\" content=\"VT Cosmetics Red Booster Reedle Shot 100\u00a0 antioksidantu pastiprin\u0101t\u0101js-serums ar mikro adat\u0101m atmodina noguru\u0161u \u0101du, pies\u0101tina ar mitrumu, palielina elast\u012bbu\" \/>\n<meta name=\"robots\" content=\"index, follow, max-snippet:-1, max-image-preview:large, max-video-preview:-1\" \/>\n<link rel=\"canonical\" href=\"https:\/\/www.facecorner.lv\/en\/shop\/vt-cosmetics-red-booster-reedle-shot-100-50-ml\/\" \/>\n<meta property=\"og:locale\" content=\"en_US\" \/>\n<meta property=\"og:type\" content=\"article\" \/>\n<meta property=\"og:title\" content=\"VT Cosmetics Red Booster Reedle Shot 100 50 ml - FACECORNER\" \/>\n<meta property=\"og:description\" content=\"VT Cosmetics Red Booster Reedle Shot 100\u00a0 antioksidantu pastiprin\u0101t\u0101js-serums ar mikro adat\u0101m atmodina noguru\u0161u \u0101du, pies\u0101tina ar mitrumu, palielina elast\u012bbu\" \/>\n<meta property=\"og:url\" content=\"https:\/\/www.facecorner.lv\/en\/shop\/vt-cosmetics-red-booster-reedle-shot-100-50-ml\/\" \/>\n<meta property=\"og:site_name\" content=\"FACECORNER\" \/>\n<meta property=\"article:publisher\" content=\"https:\/\/www.facebook.com\/profile.php?id=100063824551839\" \/>\n<meta property=\"article:modified_time\" content=\"2025-05-10T10:50:46+00:00\" \/>\n<meta name=\"twitter:card\" content=\"summary_large_image\" \/>\n<meta name=\"twitter:label1\" content=\"Price\" \/>\n\t<meta name=\"twitter:data1\" content=\"&euro;43.90\" \/>\n\t<meta name=\"twitter:label2\" content=\"Availability\" \/>\n\t<meta name=\"twitter:data2\" content=\"Out of stock\" \/>\n<script type=\"application\/ld+json\" class=\"yoast-schema-graph\">{\"@context\":\"https:\\\/\\\/schema.org\",\"@graph\":[{\"@type\":\"WebPage\",\"@id\":\"https:\\\/\\\/www.facecorner.lv\\\/shop\\\/vt-cosmetics-red-booster-reedle-shot-100-50-ml\\\/\",\"url\":\"https:\\\/\\\/www.facecorner.lv\\\/shop\\\/vt-cosmetics-red-booster-reedle-shot-100-50-ml\\\/\",\"name\":\"VT Cosmetics Red Booster Reedle Shot 100 50 ml - FACECORNER\",\"isPartOf\":{\"@id\":\"https:\\\/\\\/www.facecorner.lv\\\/#website\"},\"primaryImageOfPage\":{\"@id\":\"https:\\\/\\\/www.facecorner.lv\\\/shop\\\/vt-cosmetics-red-booster-reedle-shot-100-50-ml\\\/#primaryimage\"},\"image\":{\"@id\":\"https:\\\/\\\/www.facecorner.lv\\\/shop\\\/vt-cosmetics-red-booster-reedle-shot-100-50-ml\\\/#primaryimage\"},\"thumbnailUrl\":\"https:\\\/\\\/www.facecorner.lv\\\/wp-content\\\/uploads\\\/2025\\\/03\\\/f5a2cd_a475f7f7a6044f6c80c508b38311302amv2.avif\",\"datePublished\":\"2025-03-12T12:18:50+00:00\",\"dateModified\":\"2025-05-10T10:50:46+00:00\",\"description\":\"VT Cosmetics Red Booster Reedle Shot 100\u00a0 antioksidantu pastiprin\u0101t\u0101js-serums ar mikro adat\u0101m atmodina noguru\u0161u \u0101du, pies\u0101tina ar mitrumu, palielina elast\u012bbu\",\"breadcrumb\":{\"@id\":\"https:\\\/\\\/www.facecorner.lv\\\/shop\\\/vt-cosmetics-red-booster-reedle-shot-100-50-ml\\\/#breadcrumb\"},\"inLanguage\":\"en-US\",\"potentialAction\":[{\"@type\":\"ReadAction\",\"target\":[\"https:\\\/\\\/www.facecorner.lv\\\/shop\\\/vt-cosmetics-red-booster-reedle-shot-100-50-ml\\\/\"]}]},{\"@type\":\"ImageObject\",\"inLanguage\":\"en-US\",\"@id\":\"https:\\\/\\\/www.facecorner.lv\\\/shop\\\/vt-cosmetics-red-booster-reedle-shot-100-50-ml\\\/#primaryimage\",\"url\":\"https:\\\/\\\/www.facecorner.lv\\\/wp-content\\\/uploads\\\/2025\\\/03\\\/f5a2cd_a475f7f7a6044f6c80c508b38311302amv2.avif\",\"contentUrl\":\"https:\\\/\\\/www.facecorner.lv\\\/wp-content\\\/uploads\\\/2025\\\/03\\\/f5a2cd_a475f7f7a6044f6c80c508b38311302amv2.avif\",\"width\":980,\"height\":980,\"caption\":\"VT Cosmetics Red Booster Reedle Shot\"},{\"@type\":\"BreadcrumbList\",\"@id\":\"https:\\\/\\\/www.facecorner.lv\\\/shop\\\/vt-cosmetics-red-booster-reedle-shot-100-50-ml\\\/#breadcrumb\",\"itemListElement\":[{\"@type\":\"ListItem\",\"position\":1,\"name\":\"Home\",\"item\":\"https:\\\/\\\/www.facecorner.lv\\\/\"},{\"@type\":\"ListItem\",\"position\":2,\"name\":\"Veikals\",\"item\":\"https:\\\/\\\/www.facecorner.lv\\\/shop\\\/\"},{\"@type\":\"ListItem\",\"position\":3,\"name\":\"VT Cosmetics Red Booster Reedle Shot 100 50 ml\"}]},{\"@type\":\"WebSite\",\"@id\":\"https:\\\/\\\/www.facecorner.lv\\\/#website\",\"url\":\"https:\\\/\\\/www.facecorner.lv\\\/\",\"name\":\"Facecorner\",\"description\":\"\",\"publisher\":{\"@id\":\"https:\\\/\\\/www.facecorner.lv\\\/#organization\"},\"potentialAction\":[{\"@type\":\"SearchAction\",\"target\":{\"@type\":\"EntryPoint\",\"urlTemplate\":\"https:\\\/\\\/www.facecorner.lv\\\/?s={search_term_string}\"},\"query-input\":{\"@type\":\"PropertyValueSpecification\",\"valueRequired\":true,\"valueName\":\"search_term_string\"}}],\"inLanguage\":\"en-US\"},{\"@type\":\"Organization\",\"@id\":\"https:\\\/\\\/www.facecorner.lv\\\/#organization\",\"name\":\"Facecorner\",\"url\":\"https:\\\/\\\/www.facecorner.lv\\\/\",\"logo\":{\"@type\":\"ImageObject\",\"inLanguage\":\"en-US\",\"@id\":\"https:\\\/\\\/www.facecorner.lv\\\/#\\\/schema\\\/logo\\\/image\\\/\",\"url\":\"https:\\\/\\\/www.facecorner.lv\\\/wp-content\\\/uploads\\\/2024\\\/04\\\/fc-logo.jpg\",\"contentUrl\":\"https:\\\/\\\/www.facecorner.lv\\\/wp-content\\\/uploads\\\/2024\\\/04\\\/fc-logo.jpg\",\"width\":174,\"height\":28,\"caption\":\"Facecorner\"},\"image\":{\"@id\":\"https:\\\/\\\/www.facecorner.lv\\\/#\\\/schema\\\/logo\\\/image\\\/\"},\"sameAs\":[\"https:\\\/\\\/www.facebook.com\\\/profile.php?id=100063824551839\",\"https:\\\/\\\/www.instagram.com\\\/facecorner_shop\\\/\"]}]}<\/script>\n<meta property=\"product:price:amount\" content=\"43.90\" \/>\n<meta property=\"product:price:currency\" content=\"EUR\" \/>\n<meta property=\"og:availability\" content=\"out of stock\" \/>\n<meta property=\"product:availability\" content=\"out of stock\" \/>\n<meta property=\"product:condition\" content=\"new\" \/>\n<!-- \/ Yoast SEO plugin. -->","yoast_head_json":{"title":"VT Cosmetics Red Booster Reedle Shot 100 50 ml - FACECORNER","description":"VT Cosmetics Red Booster Reedle Shot 100\u00a0 antioksidantu pastiprin\u0101t\u0101js-serums ar mikro adat\u0101m atmodina noguru\u0161u \u0101du, pies\u0101tina ar mitrumu, palielina elast\u012bbu","robots":{"index":"index","follow":"follow","max-snippet":"max-snippet:-1","max-image-preview":"max-image-preview:large","max-video-preview":"max-video-preview:-1"},"canonical":"https:\/\/www.facecorner.lv\/en\/shop\/vt-cosmetics-red-booster-reedle-shot-100-50-ml\/","og_locale":"en_US","og_type":"article","og_title":"VT Cosmetics Red Booster Reedle Shot 100 50 ml - FACECORNER","og_description":"VT Cosmetics Red Booster Reedle Shot 100\u00a0 antioksidantu pastiprin\u0101t\u0101js-serums ar mikro adat\u0101m atmodina noguru\u0161u \u0101du, pies\u0101tina ar mitrumu, palielina elast\u012bbu","og_url":"https:\/\/www.facecorner.lv\/en\/shop\/vt-cosmetics-red-booster-reedle-shot-100-50-ml\/","og_site_name":"FACECORNER","article_publisher":"https:\/\/www.facebook.com\/profile.php?id=100063824551839","article_modified_time":"2025-05-10T10:50:46+00:00","twitter_card":"summary_large_image","twitter_misc":{"Price":"&euro;43.90","Availability":"Out of stock"},"schema":{"@context":"https:\/\/schema.org","@graph":[{"@type":"WebPage","@id":"https:\/\/www.facecorner.lv\/shop\/vt-cosmetics-red-booster-reedle-shot-100-50-ml\/","url":"https:\/\/www.facecorner.lv\/shop\/vt-cosmetics-red-booster-reedle-shot-100-50-ml\/","name":"VT Cosmetics Red Booster Reedle Shot 100 50 ml - FACECORNER","isPartOf":{"@id":"https:\/\/www.facecorner.lv\/#website"},"primaryImageOfPage":{"@id":"https:\/\/www.facecorner.lv\/shop\/vt-cosmetics-red-booster-reedle-shot-100-50-ml\/#primaryimage"},"image":{"@id":"https:\/\/www.facecorner.lv\/shop\/vt-cosmetics-red-booster-reedle-shot-100-50-ml\/#primaryimage"},"thumbnailUrl":"https:\/\/www.facecorner.lv\/wp-content\/uploads\/2025\/03\/f5a2cd_a475f7f7a6044f6c80c508b38311302amv2.avif","datePublished":"2025-03-12T12:18:50+00:00","dateModified":"2025-05-10T10:50:46+00:00","description":"VT Cosmetics Red Booster Reedle Shot 100\u00a0 antioksidantu pastiprin\u0101t\u0101js-serums ar mikro adat\u0101m atmodina noguru\u0161u \u0101du, pies\u0101tina ar mitrumu, palielina elast\u012bbu","breadcrumb":{"@id":"https:\/\/www.facecorner.lv\/shop\/vt-cosmetics-red-booster-reedle-shot-100-50-ml\/#breadcrumb"},"inLanguage":"en-US","potentialAction":[{"@type":"ReadAction","target":["https:\/\/www.facecorner.lv\/shop\/vt-cosmetics-red-booster-reedle-shot-100-50-ml\/"]}]},{"@type":"ImageObject","inLanguage":"en-US","@id":"https:\/\/www.facecorner.lv\/shop\/vt-cosmetics-red-booster-reedle-shot-100-50-ml\/#primaryimage","url":"https:\/\/www.facecorner.lv\/wp-content\/uploads\/2025\/03\/f5a2cd_a475f7f7a6044f6c80c508b38311302amv2.avif","contentUrl":"https:\/\/www.facecorner.lv\/wp-content\/uploads\/2025\/03\/f5a2cd_a475f7f7a6044f6c80c508b38311302amv2.avif","width":980,"height":980,"caption":"VT Cosmetics Red Booster Reedle Shot"},{"@type":"BreadcrumbList","@id":"https:\/\/www.facecorner.lv\/shop\/vt-cosmetics-red-booster-reedle-shot-100-50-ml\/#breadcrumb","itemListElement":[{"@type":"ListItem","position":1,"name":"Home","item":"https:\/\/www.facecorner.lv\/"},{"@type":"ListItem","position":2,"name":"Veikals","item":"https:\/\/www.facecorner.lv\/shop\/"},{"@type":"ListItem","position":3,"name":"VT Cosmetics Red Booster Reedle Shot 100 50 ml"}]},{"@type":"WebSite","@id":"https:\/\/www.facecorner.lv\/#website","url":"https:\/\/www.facecorner.lv\/","name":"Facecorner","description":"","publisher":{"@id":"https:\/\/www.facecorner.lv\/#organization"},"potentialAction":[{"@type":"SearchAction","target":{"@type":"EntryPoint","urlTemplate":"https:\/\/www.facecorner.lv\/?s={search_term_string}"},"query-input":{"@type":"PropertyValueSpecification","valueRequired":true,"valueName":"search_term_string"}}],"inLanguage":"en-US"},{"@type":"Organization","@id":"https:\/\/www.facecorner.lv\/#organization","name":"Facecorner","url":"https:\/\/www.facecorner.lv\/","logo":{"@type":"ImageObject","inLanguage":"en-US","@id":"https:\/\/www.facecorner.lv\/#\/schema\/logo\/image\/","url":"https:\/\/www.facecorner.lv\/wp-content\/uploads\/2024\/04\/fc-logo.jpg","contentUrl":"https:\/\/www.facecorner.lv\/wp-content\/uploads\/2024\/04\/fc-logo.jpg","width":174,"height":28,"caption":"Facecorner"},"image":{"@id":"https:\/\/www.facecorner.lv\/#\/schema\/logo\/image\/"},"sameAs":["https:\/\/www.facebook.com\/profile.php?id=100063824551839","https:\/\/www.instagram.com\/facecorner_shop\/"]}]},"product_price_amount":"43.90","product_price_currency":"EUR","og_availability":"out of stock","product_availability":"out of stock","product_condition":"new"},"_links":{"self":[{"href":"https:\/\/www.facecorner.lv\/en\/wp-json\/wp\/v2\/product\/23654","targetHints":{"allow":["GET"]}}],"collection":[{"href":"https:\/\/www.facecorner.lv\/en\/wp-json\/wp\/v2\/product"}],"about":[{"href":"https:\/\/www.facecorner.lv\/en\/wp-json\/wp\/v2\/types\/product"}],"replies":[{"embeddable":true,"href":"https:\/\/www.facecorner.lv\/en\/wp-json\/wp\/v2\/comments?post=23654"}],"wp:featuredmedia":[{"embeddable":true,"href":"https:\/\/www.facecorner.lv\/en\/wp-json\/wp\/v2\/media\/23655"}],"wp:attachment":[{"href":"https:\/\/www.facecorner.lv\/en\/wp-json\/wp\/v2\/media?parent=23654"}],"wp:term":[{"taxonomy":"product_brand","embeddable":true,"href":"https:\/\/www.facecorner.lv\/en\/wp-json\/wp\/v2\/product_brand?post=23654"},{"taxonomy":"product_cat","embeddable":true,"href":"https:\/\/www.facecorner.lv\/en\/wp-json\/wp\/v2\/product_cat?post=23654"},{"taxonomy":"product_tag","embeddable":true,"href":"https:\/\/www.facecorner.lv\/en\/wp-json\/wp\/v2\/product_tag?post=23654"},{"taxonomy":"berocket_brand","embeddable":true,"href":"https:\/\/www.facecorner.lv\/en\/wp-json\/wp\/v2\/berocket_brand?post=23654"}],"curies":[{"name":"wp","href":"https:\/\/api.w.org\/{rel}","templated":true}]}}