{"id":23641,"date":"2025-03-10T23:14:25","date_gmt":"2025-03-10T20:14:25","guid":{"rendered":"https:\/\/www.facecorner.lv\/?post_type=product&#038;p=23641"},"modified":"2026-01-15T12:28:07","modified_gmt":"2026-01-15T09:28:07","slug":"medi-peel-mooltox-pdrn-exosome-ampoule-50ml","status":"publish","type":"product","link":"https:\/\/www.facecorner.lv\/en\/shop\/medi-peel-mooltox-pdrn-exosome-ampoule-50ml\/","title":{"rendered":"MEDI-PEEL Mooltox PDRN Exosome Ampoule 50ml"},"content":{"rendered":"<p>MEDI-PEEL Mooltox PDRN Exosome Ampoule ir ide\u0101ls risin\u0101jums meiten\u0113m, kas v\u0113las atjaunot \u0101das tvirtumu, mirdzumu un vesel\u012bgu izskatu. Unik\u0101l\u0101 formula ar fitoeksosom\u0101m un veg\u0101nu lotosa PDRN efekt\u012bvi stimul\u0113 \u0101das re\u0123ener\u0101ciju, atdz\u012bvinot \u0101du no iek\u0161puses uz \u0101ru.<\/p>\n<p>Pateicoties nanotehnolo\u0123ijai, 130 nm eksosomas iek\u013c\u016bst dzi\u013ci por\u0101s, nog\u0101d\u0101jot akt\u012bv\u0101s sast\u0101vda\u013cas tie\u0161i \u0101das \u0161\u016bn\u0101s, nodro\u0161inot maksim\u0101lu iedarb\u012bbu.<\/p>\n<p><strong>Sejas serums tiek gal\u0101 ar \u0161\u0101diem uzdevumiem:<\/strong><\/p>\n<ul>\n<li>Intens\u012bvi mitrina dzi\u013cos epidermas sl\u0101\u0146us;<\/li>\n<li>saglab\u0101 un uztur mitrin\u0101\u0161anas l\u012bmeni \u0161\u016bn\u0101s, samazina mitruma zudumu no \u0101das virsmas;<\/li>\n<li>piem\u012bt antioksidanta \u012bpa\u0161\u012bbas, pal\u0113nina \u0161\u016bnu noveco\u0161an\u0101s procesus, samazina br\u012bvo radik\u0101\u013cu negat\u012bvo ietekmi;<\/li>\n<li>Atjauno nov\u0101jin\u0101tas un raupjas \u0101das elast\u012bbu un tonusu, uztur to elast\u012bgu, savelk neelast\u012bgas poras, kas nepietiekamas mitrin\u0101\u0161anas rezult\u0101t\u0101 ir zaud\u0113ju\u0161as formu un elast\u012bbu;<\/li>\n<li>Tam piem\u012bt nomierino\u0161a iedarb\u012bba, tas mazina \u0101das tendenci uz kairin\u0101jumu, ko izraisa negat\u012bva vides ietekme;<\/li>\n<li>stimul\u0113 \u0101das \u0161\u016bnu atjauno\u0161an\u0101s procesus, pal\u0113ninot noveco\u0161an\u0101s procesus.<\/li>\n<\/ul>\n<p><strong>Atjaunojo\u0161ajai ampulai ir viegla tekst\u016bra, kas \u0101tri ies\u016bcas \u0101d\u0101, neradot lip\u012bguma vai taukain\u012bbas saj\u016btu, nodro\u0161inot t\u016bl\u012bt\u0113ju \u0101das mitrin\u0101\u0161anu un kuplumu.<\/strong><\/p>\n<p>MEDI PEEL Mooltox Mooltox Mooltox PDRN Exosome Ampoule sejas mitrino\u0161ais serums satur:<\/p>\n<ul>\n<li>Fitoeksosomas, kas veido savienojumus starp \u0161\u016bn\u0101m un sp\u0113j transport\u0113t polinukleot\u012bdus (PDRN) starp \u0161\u016bn\u0101m, lai uztur\u0113tu norm\u0101lus biolo\u0123iskos procesus. Eksosomas ir svar\u012bgas ar to, ka t\u0101s var izmantot, lai m\u0113r\u0137tiec\u012bgi nog\u0101d\u0101tu aminosk\u0101bes un antioksidantus boj\u0101tos audos, t\u0101d\u0113j\u0101di uzlabojot \u0161\u016bnu sp\u0113ju pa\u0161atjauno\u0161an\u0101s proces\u0101 un stimul\u0113jot atjauno\u0161an\u0101s procesus \u0161\u016bnu l\u012bmen\u012b.<\/li>\n<li>Vegan Lotus PDRN ir polinukleot\u012bdi vai DNS struktur\u0101lie komponenti, kas ieg\u016bti no lotosa lap\u0101m un ar eksosomu starpniec\u012bbu tiek transport\u0113ti \u0161\u016bn\u0101s. \u0160is komponents veicina \u0101das atjauno\u0161anos, jo t\u0101 strukt\u016bra ir l\u012bdz\u012bga epidermas \u0161\u016bn\u0101m, viegli iek\u013c\u016bst \u0161\u016bn\u0101s un stimul\u0113 \u0161\u016bnu re\u0123ener\u0101ciju, papildina tr\u016bksto\u0161os bar\u012bbas komponentus un nodro\u0161ina to cie\u0161\u0101ku salip\u0161anu sav\u0101 starp\u0101 (\u0101das elast\u012bbu).<\/li>\n<\/ul>\n<p><strong>How to use:<\/strong> Not\u012briet sejas \u0101du. Uzkl\u0101jiet da\u017eus pilienus ampulas uz sejas un kakla.<br \/>\nVienm\u0113r vienm\u0113r\u012bgi izkl\u0101jiet un viegli ieziepiet ar pirkstu galiem, lai lab\u0101k ies\u016bktos.<br \/>\nLietojiet no r\u012bta un vakar\u0101 pirms kr\u0113ma uzkl\u0101\u0161anas.<\/p>\n<p><strong>Ingredientes:<\/strong> Purified water, propanediol, glycerin, betaine, methylpropanediol, 1,2-hexanediol, niacinamide, xylitol, sodium hyaluronate, hydrolyzed hyaluronic acid, hyaluronic acid, xylityl glucoside, centella asiatica extract, centella asiatica leaf extract, centella asiatica root extract, drumstick seed oil, enantia chloranta bark extract, collagen extract, schisandra chinensis root extract, rose extract (0.01 ppb), lotus leaf extract (0.001 ppb), hydroxyethyl acrylate\/sodium acryloyldimethyl taurate copolymer, squalane, panthenol, acrylates\/C10-30 alkyl acrylate crosspolymer, hydrogenated lecithin, Cetearyl Olivate, Tromethamine, Sorbitan Olivate, Sodium Polyacrylate, Caprylic\/Capric Triglyceride, Glyceryl Acrylate\/Acrylic Acid Copolymer, Ethylhexylglycerin, Sodium Hyaluronate Crosspolymer, Adenosine, Sorbitan Isostearate, Hydrolyzed Glycosaminoglycan, Allantoin, Benzyl Glycol, Ceramide NP, Beta Glucan, Butylene Glycol, Glyceryl Glucoside, Ectoin, Tocopherol, Hydrogenated Polyisobutene, Anhydroxylitol, Polyglutamic Acid, Madecassoside, Asiaticoside, Asiatic Acid, Phytosphingosine, Madecassic Acid, Dimethylsilanol Hyaluronate, Hydrolyzed Sodium Hyaluronate Eat, Potassium Hyaluronate, Hydroxypropyl Trimonium Hyaluronate, Sodium Hyaluronate Dimethylsilanol, Sodium Acetylated Hyaluronate, Oleanolic Acid, Glycine, Arginine, Glutamic Acid, Sodium DNA (0.0001 ppb), Xanthan Gum, Fragrance.<\/p>","protected":false},"excerpt":{"rendered":"<p>MEDI-PEEL Mooltox PDRN Exosome Ampoule ir ide\u0101ls risin\u0101jums meiten\u0113m, kas v\u0113las atjaunot \u0101das tvirtumu, mirdzumu un vesel\u012bgu izskatu. Unik\u0101l\u0101 formula ar fitoeksosom\u0101m un veg\u0101nu lotosa PDRN efekt\u012bvi stimul\u0113 \u0101das re\u0123ener\u0101ciju, atdz\u012bvinot \u0101du no iek\u0161puses uz \u0101ru.<\/p>","protected":false},"featured_media":23642,"comment_status":"open","ping_status":"closed","template":"","meta":{"site-sidebar-layout":"default","site-content-layout":"","ast-site-content-layout":"default","site-content-style":"default","site-sidebar-style":"default","ast-global-header-display":"","ast-banner-title-visibility":"","ast-main-header-display":"","ast-hfb-above-header-display":"","ast-hfb-below-header-display":"","ast-hfb-mobile-header-display":"","site-post-title":"","ast-breadcrumbs-content":"","ast-featured-img":"","footer-sml-layout":"","theme-transparent-header-meta":"default","adv-header-id-meta":"","stick-header-meta":"","header-above-stick-meta":"","header-main-stick-meta":"","header-below-stick-meta":"","astra-migrate-meta-layouts":"set","ast-page-background-enabled":"default","ast-page-background-meta":{"desktop":{"background-color":"var(--ast-global-color-4)","background-image":"","background-repeat":"repeat","background-position":"center center","background-size":"auto","background-attachment":"scroll","background-type":"","background-media":"","overlay-type":"","overlay-color":"","overlay-opacity":"","overlay-gradient":""},"tablet":{"background-color":"","background-image":"","background-repeat":"repeat","background-position":"center center","background-size":"auto","background-attachment":"scroll","background-type":"","background-media":"","overlay-type":"","overlay-color":"","overlay-opacity":"","overlay-gradient":""},"mobile":{"background-color":"","background-image":"","background-repeat":"repeat","background-position":"center center","background-size":"auto","background-attachment":"scroll","background-type":"","background-media":"","overlay-type":"","overlay-color":"","overlay-opacity":"","overlay-gradient":""}},"ast-content-background-meta":{"desktop":{"background-color":"var(--ast-global-color-5)","background-image":"","background-repeat":"repeat","background-position":"center center","background-size":"auto","background-attachment":"scroll","background-type":"","background-media":"","overlay-type":"","overlay-color":"","overlay-opacity":"","overlay-gradient":""},"tablet":{"background-color":"var(--ast-global-color-5)","background-image":"","background-repeat":"repeat","background-position":"center center","background-size":"auto","background-attachment":"scroll","background-type":"","background-media":"","overlay-type":"","overlay-color":"","overlay-opacity":"","overlay-gradient":""},"mobile":{"background-color":"var(--ast-global-color-5)","background-image":"","background-repeat":"repeat","background-position":"center center","background-size":"auto","background-attachment":"scroll","background-type":"","background-media":"","overlay-type":"","overlay-color":"","overlay-opacity":"","overlay-gradient":""}}},"product_brand":[],"product_cat":[370,371,652,363],"product_tag":[],"berocket_brand":[583],"class_list":{"0":"post-23641","1":"product","2":"type-product","3":"status-publish","4":"has-post-thumbnail","6":"product_cat-adas-mirdzumam","7":"product_cat-anti-age","8":"product_cat-pdrn","9":"product_cat-serumi","10":"berocket_brand-medi-peel","11":"desktop-align-left","12":"tablet-align-left","13":"mobile-align-left","15":"first","16":"outofstock","17":"taxable","18":"shipping-taxable","19":"purchasable","20":"product-type-simple","21":"add-to-wishlist-before_image"},"yoast_head":"<!-- This site is optimized with the Yoast SEO plugin v27.3 - https:\/\/yoast.com\/product\/yoast-seo-wordpress\/ -->\n<title>MEDI-PEEL Mooltox PDRN Exosome Ampoule 50ml - FACECORNER<\/title>\n<meta name=\"description\" content=\"MEDI-PEEL Mooltox PDRN Exosome Ampoule ir ide\u0101ls risin\u0101jums meiten\u0113m, kas v\u0113las atjaunot \u0101das tvirtumu, mirdzumu un vesel\u012bgu izskatu.\" \/>\n<meta name=\"robots\" content=\"index, follow, max-snippet:-1, max-image-preview:large, max-video-preview:-1\" \/>\n<link rel=\"canonical\" href=\"https:\/\/www.facecorner.lv\/en\/shop\/medi-peel-mooltox-pdrn-exosome-ampoule-50ml\/\" \/>\n<meta property=\"og:locale\" content=\"en_US\" \/>\n<meta property=\"og:type\" content=\"article\" \/>\n<meta property=\"og:title\" content=\"MEDI-PEEL Mooltox PDRN Exosome Ampoule 50ml - FACECORNER\" \/>\n<meta property=\"og:description\" content=\"MEDI-PEEL Mooltox PDRN Exosome Ampoule ir ide\u0101ls risin\u0101jums meiten\u0113m, kas v\u0113las atjaunot \u0101das tvirtumu, mirdzumu un vesel\u012bgu izskatu.\" \/>\n<meta property=\"og:url\" content=\"https:\/\/www.facecorner.lv\/en\/shop\/medi-peel-mooltox-pdrn-exosome-ampoule-50ml\/\" \/>\n<meta property=\"og:site_name\" content=\"FACECORNER\" \/>\n<meta property=\"article:publisher\" content=\"https:\/\/www.facebook.com\/profile.php?id=100063824551839\" \/>\n<meta property=\"article:modified_time\" content=\"2026-01-15T09:28:07+00:00\" \/>\n<meta property=\"og:image\" content=\"https:\/\/www.facecorner.lv\/wp-content\/uploads\/2025\/03\/8m7ogah5zelznzqoe5drx2hqi8se4s44.png\" \/>\n\t<meta property=\"og:image:width\" content=\"1200\" \/>\n\t<meta property=\"og:image:height\" content=\"1102\" \/>\n\t<meta property=\"og:image:type\" content=\"image\/png\" \/>\n<meta name=\"twitter:card\" content=\"summary_large_image\" \/>\n<meta name=\"twitter:label1\" content=\"Price\" \/>\n\t<meta name=\"twitter:data1\" content=\"&euro;49.00\" \/>\n\t<meta name=\"twitter:label2\" content=\"Availability\" \/>\n\t<meta name=\"twitter:data2\" content=\"Out of stock\" \/>\n<script type=\"application\/ld+json\" class=\"yoast-schema-graph\">{\"@context\":\"https:\\\/\\\/schema.org\",\"@graph\":[{\"@type\":\"WebPage\",\"@id\":\"https:\\\/\\\/www.facecorner.lv\\\/shop\\\/medi-peel-mooltox-pdrn-exosome-ampoule-50ml\\\/\",\"url\":\"https:\\\/\\\/www.facecorner.lv\\\/shop\\\/medi-peel-mooltox-pdrn-exosome-ampoule-50ml\\\/\",\"name\":\"MEDI-PEEL Mooltox PDRN Exosome Ampoule 50ml - FACECORNER\",\"isPartOf\":{\"@id\":\"https:\\\/\\\/www.facecorner.lv\\\/#website\"},\"primaryImageOfPage\":{\"@id\":\"https:\\\/\\\/www.facecorner.lv\\\/shop\\\/medi-peel-mooltox-pdrn-exosome-ampoule-50ml\\\/#primaryimage\"},\"image\":{\"@id\":\"https:\\\/\\\/www.facecorner.lv\\\/shop\\\/medi-peel-mooltox-pdrn-exosome-ampoule-50ml\\\/#primaryimage\"},\"thumbnailUrl\":\"https:\\\/\\\/www.facecorner.lv\\\/wp-content\\\/uploads\\\/2025\\\/03\\\/8m7ogah5zelznzqoe5drx2hqi8se4s44.png\",\"datePublished\":\"2025-03-10T20:14:25+00:00\",\"dateModified\":\"2026-01-15T09:28:07+00:00\",\"description\":\"MEDI-PEEL Mooltox PDRN Exosome Ampoule ir ide\u0101ls risin\u0101jums meiten\u0113m, kas v\u0113las atjaunot \u0101das tvirtumu, mirdzumu un vesel\u012bgu izskatu.\",\"breadcrumb\":{\"@id\":\"https:\\\/\\\/www.facecorner.lv\\\/shop\\\/medi-peel-mooltox-pdrn-exosome-ampoule-50ml\\\/#breadcrumb\"},\"inLanguage\":\"en-US\",\"potentialAction\":[{\"@type\":\"ReadAction\",\"target\":[\"https:\\\/\\\/www.facecorner.lv\\\/shop\\\/medi-peel-mooltox-pdrn-exosome-ampoule-50ml\\\/\"]}]},{\"@type\":\"ImageObject\",\"inLanguage\":\"en-US\",\"@id\":\"https:\\\/\\\/www.facecorner.lv\\\/shop\\\/medi-peel-mooltox-pdrn-exosome-ampoule-50ml\\\/#primaryimage\",\"url\":\"https:\\\/\\\/www.facecorner.lv\\\/wp-content\\\/uploads\\\/2025\\\/03\\\/8m7ogah5zelznzqoe5drx2hqi8se4s44.png\",\"contentUrl\":\"https:\\\/\\\/www.facecorner.lv\\\/wp-content\\\/uploads\\\/2025\\\/03\\\/8m7ogah5zelznzqoe5drx2hqi8se4s44.png\",\"width\":1200,\"height\":1102,\"caption\":\"MEDI-PEEL Mooltox PDRN Exosome Ampoule\"},{\"@type\":\"BreadcrumbList\",\"@id\":\"https:\\\/\\\/www.facecorner.lv\\\/shop\\\/medi-peel-mooltox-pdrn-exosome-ampoule-50ml\\\/#breadcrumb\",\"itemListElement\":[{\"@type\":\"ListItem\",\"position\":1,\"name\":\"Home\",\"item\":\"https:\\\/\\\/www.facecorner.lv\\\/\"},{\"@type\":\"ListItem\",\"position\":2,\"name\":\"Veikals\",\"item\":\"https:\\\/\\\/www.facecorner.lv\\\/shop\\\/\"},{\"@type\":\"ListItem\",\"position\":3,\"name\":\"MEDI-PEEL Mooltox PDRN Exosome Ampoule 50ml\"}]},{\"@type\":\"WebSite\",\"@id\":\"https:\\\/\\\/www.facecorner.lv\\\/#website\",\"url\":\"https:\\\/\\\/www.facecorner.lv\\\/\",\"name\":\"Facecorner\",\"description\":\"\",\"publisher\":{\"@id\":\"https:\\\/\\\/www.facecorner.lv\\\/#organization\"},\"potentialAction\":[{\"@type\":\"SearchAction\",\"target\":{\"@type\":\"EntryPoint\",\"urlTemplate\":\"https:\\\/\\\/www.facecorner.lv\\\/?s={search_term_string}\"},\"query-input\":{\"@type\":\"PropertyValueSpecification\",\"valueRequired\":true,\"valueName\":\"search_term_string\"}}],\"inLanguage\":\"en-US\"},{\"@type\":\"Organization\",\"@id\":\"https:\\\/\\\/www.facecorner.lv\\\/#organization\",\"name\":\"Facecorner\",\"url\":\"https:\\\/\\\/www.facecorner.lv\\\/\",\"logo\":{\"@type\":\"ImageObject\",\"inLanguage\":\"en-US\",\"@id\":\"https:\\\/\\\/www.facecorner.lv\\\/#\\\/schema\\\/logo\\\/image\\\/\",\"url\":\"https:\\\/\\\/www.facecorner.lv\\\/wp-content\\\/uploads\\\/2024\\\/04\\\/fc-logo.jpg\",\"contentUrl\":\"https:\\\/\\\/www.facecorner.lv\\\/wp-content\\\/uploads\\\/2024\\\/04\\\/fc-logo.jpg\",\"width\":174,\"height\":28,\"caption\":\"Facecorner\"},\"image\":{\"@id\":\"https:\\\/\\\/www.facecorner.lv\\\/#\\\/schema\\\/logo\\\/image\\\/\"},\"sameAs\":[\"https:\\\/\\\/www.facebook.com\\\/profile.php?id=100063824551839\",\"https:\\\/\\\/www.instagram.com\\\/facecorner_shop\\\/\"]}]}<\/script>\n<meta property=\"product:price:amount\" content=\"49.00\" \/>\n<meta property=\"product:price:currency\" content=\"EUR\" \/>\n<meta property=\"og:availability\" content=\"out of stock\" \/>\n<meta property=\"product:availability\" content=\"out of stock\" \/>\n<meta property=\"product:condition\" content=\"new\" \/>\n<!-- \/ Yoast SEO plugin. -->","yoast_head_json":{"title":"MEDI-PEEL Mooltox PDRN Exosome Ampoule 50ml - FACECORNER","description":"MEDI-PEEL Mooltox PDRN Exosome Ampoule ir ide\u0101ls risin\u0101jums meiten\u0113m, kas v\u0113las atjaunot \u0101das tvirtumu, mirdzumu un vesel\u012bgu izskatu.","robots":{"index":"index","follow":"follow","max-snippet":"max-snippet:-1","max-image-preview":"max-image-preview:large","max-video-preview":"max-video-preview:-1"},"canonical":"https:\/\/www.facecorner.lv\/en\/shop\/medi-peel-mooltox-pdrn-exosome-ampoule-50ml\/","og_locale":"en_US","og_type":"article","og_title":"MEDI-PEEL Mooltox PDRN Exosome Ampoule 50ml - FACECORNER","og_description":"MEDI-PEEL Mooltox PDRN Exosome Ampoule ir ide\u0101ls risin\u0101jums meiten\u0113m, kas v\u0113las atjaunot \u0101das tvirtumu, mirdzumu un vesel\u012bgu izskatu.","og_url":"https:\/\/www.facecorner.lv\/en\/shop\/medi-peel-mooltox-pdrn-exosome-ampoule-50ml\/","og_site_name":"FACECORNER","article_publisher":"https:\/\/www.facebook.com\/profile.php?id=100063824551839","article_modified_time":"2026-01-15T09:28:07+00:00","og_image":[{"width":1200,"height":1102,"url":"https:\/\/www.facecorner.lv\/wp-content\/uploads\/2025\/03\/8m7ogah5zelznzqoe5drx2hqi8se4s44.png","type":"image\/png"}],"twitter_card":"summary_large_image","twitter_misc":{"Price":"&euro;49.00","Availability":"Out of stock"},"schema":{"@context":"https:\/\/schema.org","@graph":[{"@type":"WebPage","@id":"https:\/\/www.facecorner.lv\/shop\/medi-peel-mooltox-pdrn-exosome-ampoule-50ml\/","url":"https:\/\/www.facecorner.lv\/shop\/medi-peel-mooltox-pdrn-exosome-ampoule-50ml\/","name":"MEDI-PEEL Mooltox PDRN Exosome Ampoule 50ml - FACECORNER","isPartOf":{"@id":"https:\/\/www.facecorner.lv\/#website"},"primaryImageOfPage":{"@id":"https:\/\/www.facecorner.lv\/shop\/medi-peel-mooltox-pdrn-exosome-ampoule-50ml\/#primaryimage"},"image":{"@id":"https:\/\/www.facecorner.lv\/shop\/medi-peel-mooltox-pdrn-exosome-ampoule-50ml\/#primaryimage"},"thumbnailUrl":"https:\/\/www.facecorner.lv\/wp-content\/uploads\/2025\/03\/8m7ogah5zelznzqoe5drx2hqi8se4s44.png","datePublished":"2025-03-10T20:14:25+00:00","dateModified":"2026-01-15T09:28:07+00:00","description":"MEDI-PEEL Mooltox PDRN Exosome Ampoule ir ide\u0101ls risin\u0101jums meiten\u0113m, kas v\u0113las atjaunot \u0101das tvirtumu, mirdzumu un vesel\u012bgu izskatu.","breadcrumb":{"@id":"https:\/\/www.facecorner.lv\/shop\/medi-peel-mooltox-pdrn-exosome-ampoule-50ml\/#breadcrumb"},"inLanguage":"en-US","potentialAction":[{"@type":"ReadAction","target":["https:\/\/www.facecorner.lv\/shop\/medi-peel-mooltox-pdrn-exosome-ampoule-50ml\/"]}]},{"@type":"ImageObject","inLanguage":"en-US","@id":"https:\/\/www.facecorner.lv\/shop\/medi-peel-mooltox-pdrn-exosome-ampoule-50ml\/#primaryimage","url":"https:\/\/www.facecorner.lv\/wp-content\/uploads\/2025\/03\/8m7ogah5zelznzqoe5drx2hqi8se4s44.png","contentUrl":"https:\/\/www.facecorner.lv\/wp-content\/uploads\/2025\/03\/8m7ogah5zelznzqoe5drx2hqi8se4s44.png","width":1200,"height":1102,"caption":"MEDI-PEEL Mooltox PDRN Exosome Ampoule"},{"@type":"BreadcrumbList","@id":"https:\/\/www.facecorner.lv\/shop\/medi-peel-mooltox-pdrn-exosome-ampoule-50ml\/#breadcrumb","itemListElement":[{"@type":"ListItem","position":1,"name":"Home","item":"https:\/\/www.facecorner.lv\/"},{"@type":"ListItem","position":2,"name":"Veikals","item":"https:\/\/www.facecorner.lv\/shop\/"},{"@type":"ListItem","position":3,"name":"MEDI-PEEL Mooltox PDRN Exosome Ampoule 50ml"}]},{"@type":"WebSite","@id":"https:\/\/www.facecorner.lv\/#website","url":"https:\/\/www.facecorner.lv\/","name":"Facecorner","description":"","publisher":{"@id":"https:\/\/www.facecorner.lv\/#organization"},"potentialAction":[{"@type":"SearchAction","target":{"@type":"EntryPoint","urlTemplate":"https:\/\/www.facecorner.lv\/?s={search_term_string}"},"query-input":{"@type":"PropertyValueSpecification","valueRequired":true,"valueName":"search_term_string"}}],"inLanguage":"en-US"},{"@type":"Organization","@id":"https:\/\/www.facecorner.lv\/#organization","name":"Facecorner","url":"https:\/\/www.facecorner.lv\/","logo":{"@type":"ImageObject","inLanguage":"en-US","@id":"https:\/\/www.facecorner.lv\/#\/schema\/logo\/image\/","url":"https:\/\/www.facecorner.lv\/wp-content\/uploads\/2024\/04\/fc-logo.jpg","contentUrl":"https:\/\/www.facecorner.lv\/wp-content\/uploads\/2024\/04\/fc-logo.jpg","width":174,"height":28,"caption":"Facecorner"},"image":{"@id":"https:\/\/www.facecorner.lv\/#\/schema\/logo\/image\/"},"sameAs":["https:\/\/www.facebook.com\/profile.php?id=100063824551839","https:\/\/www.instagram.com\/facecorner_shop\/"]}]},"product_price_amount":"49.00","product_price_currency":"EUR","og_availability":"out of stock","product_availability":"out of stock","product_condition":"new"},"_links":{"self":[{"href":"https:\/\/www.facecorner.lv\/en\/wp-json\/wp\/v2\/product\/23641","targetHints":{"allow":["GET"]}}],"collection":[{"href":"https:\/\/www.facecorner.lv\/en\/wp-json\/wp\/v2\/product"}],"about":[{"href":"https:\/\/www.facecorner.lv\/en\/wp-json\/wp\/v2\/types\/product"}],"replies":[{"embeddable":true,"href":"https:\/\/www.facecorner.lv\/en\/wp-json\/wp\/v2\/comments?post=23641"}],"wp:featuredmedia":[{"embeddable":true,"href":"https:\/\/www.facecorner.lv\/en\/wp-json\/wp\/v2\/media\/23642"}],"wp:attachment":[{"href":"https:\/\/www.facecorner.lv\/en\/wp-json\/wp\/v2\/media?parent=23641"}],"wp:term":[{"taxonomy":"product_brand","embeddable":true,"href":"https:\/\/www.facecorner.lv\/en\/wp-json\/wp\/v2\/product_brand?post=23641"},{"taxonomy":"product_cat","embeddable":true,"href":"https:\/\/www.facecorner.lv\/en\/wp-json\/wp\/v2\/product_cat?post=23641"},{"taxonomy":"product_tag","embeddable":true,"href":"https:\/\/www.facecorner.lv\/en\/wp-json\/wp\/v2\/product_tag?post=23641"},{"taxonomy":"berocket_brand","embeddable":true,"href":"https:\/\/www.facecorner.lv\/en\/wp-json\/wp\/v2\/berocket_brand?post=23641"}],"curies":[{"name":"wp","href":"https:\/\/api.w.org\/{rel}","templated":true}]}}