{"id":23636,"date":"2025-03-10T22:46:31","date_gmt":"2025-03-10T19:46:31","guid":{"rendered":"https:\/\/www.facecorner.lv\/?post_type=product&#038;p=23636"},"modified":"2026-02-28T18:22:11","modified_gmt":"2026-02-28T15:22:11","slug":"cosrx-the-peptide-collagen-hydrogel-eye-patch-60ea","status":"publish","type":"product","link":"https:\/\/www.facecorner.lv\/en\/shop\/cosrx-the-peptide-collagen-hydrogel-eye-patch-60ea\/","title":{"rendered":"Cosrx The Peptide Collagen Hydrogel Eye Patch 60ea"},"content":{"rendered":"<p>Cosrx The Peptide Collagen Hydrogel Eye Patch ir izstr\u0101d\u0101ts efekt\u012bvai delik\u0101tas \u0101das ap ac\u012bm ekspresapr\u016bpei.<\/p>\n<ul>\n<li>Tie pal\u012bdz samazin\u0101t piet\u016bkumu un \u201cmaisi\u0146us\u201d zem ac\u012bm.<\/li>\n<li>Izl\u012bdzina s\u012bk\u0101s grumbi\u0146as un padara \u0101du tvirt\u0101ku.<\/li>\n<li>Mitrina un nomierina \u0101du, padarot to svaigu un atp\u016btu\u0161os.\u00a0izgaismo tum\u0161os lokus, padarot acu skatienu starojo\u0161\u0101ku.<\/li>\n<\/ul>\n<p><strong>Cosrx The Peptide Collagen Hydrogel Eye Patch Ide\u0101li piem\u0113rots c\u012b\u0146ai ar piet\u016bkumu, \u0101das elast\u012bbas zudumu, s\u012bk\u0101m grumbi\u0146\u0101m, sausu un bl\u0101vu \u0101du, tum\u0161iem lokiem zem ac\u012bm.<\/strong><\/p>\n<ul>\n<li>4 pept\u012bdi un kolag\u0113ns: uzlabo \u0101das elast\u012bbu, veicina kolag\u0113na saglab\u0101\u0161anos un nodro\u0161ina \u0101das strukt\u016bras atbalstu.<\/li>\n<li>Niacinamide: pal\u012bdz padar\u012bt \u0101du gai\u0161\u0101ku un uzlabo \u0101das tonusu.<\/li>\n<li>Kofe\u012bns: mazina piet\u016bkumu un vizu\u0101li atsvaidzina \u0101du.<\/li>\n<li>B12 vitam\u012bns: nomierina un mazina kairin\u0101jumus.<\/li>\n<li>Hialuronsk\u0101be: dzi\u013ci mitrina un saglab\u0101 mitrumu \u0101d\u0101.<\/li>\n<li>Adenoz\u012bns: stimul\u0113 \u0161\u016bnu re\u0123ener\u0101ciju, uzlabo \u0101das elast\u012bbu un samazina grumbas.<\/li>\n<\/ul>\n<p><strong>Lieto\u0161\u0101na<\/strong>: Uz t\u012bras un sausas \u0101das maigi uzlieciet g\u0113la pl\u0101ksterus zem ac\u012bm un atst\u0101jiet uz 10 min\u016bt\u0113m.<br \/>\nUzman\u012bgi no\u0146emiet pl\u0101ksterus, p\u0113c tam maigi nogl\u0101stiet, l\u012bdz esence piln\u012bb\u0101 uzs\u016bcas.<\/p>\n<p><strong>Divi lieto\u0161anas veidi:<\/strong><\/p>\n<p class=\"translation-block\">Piet\u016bkumam un grumbi\u0146\u0101m zem ac\u012bm: ielieciet pl\u0101kstera lielo apa\u013co da\u013cu tuv\u0101k degunam.<br>\r\nLai c\u012bn\u012btos ar plaksti\u0146iem: Lielo apa\u013co pl\u0101kstera da\u013cu novietojiet le\u0146\u0137\u012b prom no deguna.<\/p>\n<p><strong>Ingredientes:<\/strong> Water, Dipropylene Glycol, Glycerin, Niacinamide, Ceratonia Siliqua (Carob) Gum, Chondrus Crispus Powder, Chondrus Crispus, Cellulose Gum, Hydroxyacetophenone, Algin, Caprylyl Glycol, Potassium Chloride, Betaine, Panthenol, Sucrose, Ethylhexylglycerin, Sodium Polyacrylate,<br \/>\nPolyglyceryl-10 Laurate, Adenosine, Polyglyceryl-10 Myristate, Maltodextrin, Caffeine, Collagen, Butylene Glycol, Cyanocobalamin, 1,2-Hexanediol, Sodium Hyaluronate, Dipotassium Glycyrrhizate, Pantolactone, Pentylene Glycol, Acetyl Hexapeptide-8, Dunaliella Salina Extract, sh<br \/>\nPolypeptide-121, Palmitoyl Tripeptide-5, Hydrolyzed Hyaluronic Acid, Hyaluronic Acid, Potassium Hyaluronate, Hydrolyzed Sodium Hyaluronate, Acetyl Tetrapeptide-5, Citric Acid, Disodium EDTA<\/p>","protected":false},"excerpt":{"rendered":"<p>Cosrx The Peptide Collagen Hydrogel Eye Patch Ide\u0101li piem\u0113rots c\u012b\u0146ai ar piet\u016bkumu, \u0101das elast\u012bbas zudumu, s\u012bk\u0101m grumbi\u0146\u0101m, sausu un bl\u0101vu \u0101du, tum\u0161iem lokiem zem ac\u012bm.<\/p>","protected":false},"featured_media":23637,"comment_status":"open","ping_status":"closed","template":"","meta":{"site-sidebar-layout":"default","site-content-layout":"","ast-site-content-layout":"default","site-content-style":"default","site-sidebar-style":"default","ast-global-header-display":"","ast-banner-title-visibility":"","ast-main-header-display":"","ast-hfb-above-header-display":"","ast-hfb-below-header-display":"","ast-hfb-mobile-header-display":"","site-post-title":"","ast-breadcrumbs-content":"","ast-featured-img":"","footer-sml-layout":"","theme-transparent-header-meta":"default","adv-header-id-meta":"","stick-header-meta":"","header-above-stick-meta":"","header-main-stick-meta":"","header-below-stick-meta":"","astra-migrate-meta-layouts":"set","ast-page-background-enabled":"default","ast-page-background-meta":{"desktop":{"background-color":"var(--ast-global-color-4)","background-image":"","background-repeat":"repeat","background-position":"center center","background-size":"auto","background-attachment":"scroll","background-type":"","background-media":"","overlay-type":"","overlay-color":"","overlay-opacity":"","overlay-gradient":""},"tablet":{"background-color":"","background-image":"","background-repeat":"repeat","background-position":"center center","background-size":"auto","background-attachment":"scroll","background-type":"","background-media":"","overlay-type":"","overlay-color":"","overlay-opacity":"","overlay-gradient":""},"mobile":{"background-color":"","background-image":"","background-repeat":"repeat","background-position":"center center","background-size":"auto","background-attachment":"scroll","background-type":"","background-media":"","overlay-type":"","overlay-color":"","overlay-opacity":"","overlay-gradient":""}},"ast-content-background-meta":{"desktop":{"background-color":"var(--ast-global-color-5)","background-image":"","background-repeat":"repeat","background-position":"center center","background-size":"auto","background-attachment":"scroll","background-type":"","background-media":"","overlay-type":"","overlay-color":"","overlay-opacity":"","overlay-gradient":""},"tablet":{"background-color":"var(--ast-global-color-5)","background-image":"","background-repeat":"repeat","background-position":"center center","background-size":"auto","background-attachment":"scroll","background-type":"","background-media":"","overlay-type":"","overlay-color":"","overlay-opacity":"","overlay-gradient":""},"mobile":{"background-color":"var(--ast-global-color-5)","background-image":"","background-repeat":"repeat","background-position":"center center","background-size":"auto","background-attachment":"scroll","background-type":"","background-media":"","overlay-type":"","overlay-color":"","overlay-opacity":"","overlay-gradient":""}}},"product_brand":[],"product_cat":[511,327],"product_tag":[],"berocket_brand":[622],"class_list":{"0":"post-23636","1":"product","2":"type-product","3":"status-publish","4":"has-post-thumbnail","6":"product_cat-atlaides","7":"product_cat-patci","8":"berocket_brand-cosrx","9":"desktop-align-left","10":"tablet-align-left","11":"mobile-align-left","13":"first","14":"outofstock","15":"sale","16":"taxable","17":"shipping-taxable","18":"purchasable","19":"product-type-simple","20":"add-to-wishlist-before_image"},"yoast_head":"<!-- This site is optimized with the Yoast SEO plugin v27.3 - https:\/\/yoast.com\/product\/yoast-seo-wordpress\/ -->\n<title>Cosrx The Peptide Collagen Hydrogel Eye Patch 60ea - FACECORNER<\/title>\n<meta name=\"description\" content=\"Cosrx The Peptide Collagen Hydrogel Eye Patch ir izstr\u0101d\u0101ts efekt\u012bvai delik\u0101tas \u0101das ap ac\u012bm ekspresapr\u016bpei.Tie pal\u012bdz samazin\u0101t piet\u016bkumu un \u201cmaisi\u0146us\u201d\" \/>\n<meta name=\"robots\" content=\"index, follow, max-snippet:-1, max-image-preview:large, max-video-preview:-1\" \/>\n<link rel=\"canonical\" href=\"https:\/\/www.facecorner.lv\/en\/shop\/cosrx-the-peptide-collagen-hydrogel-eye-patch-60ea\/\" \/>\n<meta property=\"og:locale\" content=\"en_US\" \/>\n<meta property=\"og:type\" content=\"article\" \/>\n<meta property=\"og:title\" content=\"Cosrx The Peptide Collagen Hydrogel Eye Patch 60ea - FACECORNER\" \/>\n<meta property=\"og:description\" content=\"Cosrx The Peptide Collagen Hydrogel Eye Patch ir izstr\u0101d\u0101ts efekt\u012bvai delik\u0101tas \u0101das ap ac\u012bm ekspresapr\u016bpei.Tie pal\u012bdz samazin\u0101t piet\u016bkumu un \u201cmaisi\u0146us\u201d\" \/>\n<meta property=\"og:url\" content=\"https:\/\/www.facecorner.lv\/en\/shop\/cosrx-the-peptide-collagen-hydrogel-eye-patch-60ea\/\" \/>\n<meta property=\"og:site_name\" content=\"FACECORNER\" \/>\n<meta property=\"article:publisher\" content=\"https:\/\/www.facebook.com\/profile.php?id=100063824551839\" \/>\n<meta property=\"article:modified_time\" content=\"2026-02-28T15:22:11+00:00\" \/>\n<meta property=\"og:image\" content=\"https:\/\/www.facecorner.lv\/wp-content\/uploads\/2025\/03\/peptide-eye-patch_1080x.webp\" \/>\n\t<meta property=\"og:image:width\" content=\"800\" \/>\n\t<meta property=\"og:image:height\" content=\"800\" \/>\n\t<meta property=\"og:image:type\" content=\"image\/webp\" \/>\n<meta name=\"twitter:card\" content=\"summary_large_image\" \/>\n<meta name=\"twitter:label1\" content=\"Price\" \/>\n\t<meta name=\"twitter:data1\" content=\"&euro;27.00\" \/>\n\t<meta name=\"twitter:label2\" content=\"Availability\" \/>\n\t<meta name=\"twitter:data2\" content=\"Out of stock\" \/>\n<script type=\"application\/ld+json\" class=\"yoast-schema-graph\">{\"@context\":\"https:\\\/\\\/schema.org\",\"@graph\":[{\"@type\":\"WebPage\",\"@id\":\"https:\\\/\\\/www.facecorner.lv\\\/shop\\\/cosrx-the-peptide-collagen-hydrogel-eye-patch-60ea\\\/\",\"url\":\"https:\\\/\\\/www.facecorner.lv\\\/shop\\\/cosrx-the-peptide-collagen-hydrogel-eye-patch-60ea\\\/\",\"name\":\"Cosrx The Peptide Collagen Hydrogel Eye Patch 60ea - FACECORNER\",\"isPartOf\":{\"@id\":\"https:\\\/\\\/www.facecorner.lv\\\/#website\"},\"primaryImageOfPage\":{\"@id\":\"https:\\\/\\\/www.facecorner.lv\\\/shop\\\/cosrx-the-peptide-collagen-hydrogel-eye-patch-60ea\\\/#primaryimage\"},\"image\":{\"@id\":\"https:\\\/\\\/www.facecorner.lv\\\/shop\\\/cosrx-the-peptide-collagen-hydrogel-eye-patch-60ea\\\/#primaryimage\"},\"thumbnailUrl\":\"https:\\\/\\\/www.facecorner.lv\\\/wp-content\\\/uploads\\\/2025\\\/03\\\/peptide-eye-patch_1080x.webp\",\"datePublished\":\"2025-03-10T19:46:31+00:00\",\"dateModified\":\"2026-02-28T15:22:11+00:00\",\"description\":\"Cosrx The Peptide Collagen Hydrogel Eye Patch ir izstr\u0101d\u0101ts efekt\u012bvai delik\u0101tas \u0101das ap ac\u012bm ekspresapr\u016bpei.Tie pal\u012bdz samazin\u0101t piet\u016bkumu un \u201cmaisi\u0146us\u201d\",\"breadcrumb\":{\"@id\":\"https:\\\/\\\/www.facecorner.lv\\\/shop\\\/cosrx-the-peptide-collagen-hydrogel-eye-patch-60ea\\\/#breadcrumb\"},\"inLanguage\":\"en-US\",\"potentialAction\":[{\"@type\":\"ReadAction\",\"target\":[\"https:\\\/\\\/www.facecorner.lv\\\/shop\\\/cosrx-the-peptide-collagen-hydrogel-eye-patch-60ea\\\/\"]}]},{\"@type\":\"ImageObject\",\"inLanguage\":\"en-US\",\"@id\":\"https:\\\/\\\/www.facecorner.lv\\\/shop\\\/cosrx-the-peptide-collagen-hydrogel-eye-patch-60ea\\\/#primaryimage\",\"url\":\"https:\\\/\\\/www.facecorner.lv\\\/wp-content\\\/uploads\\\/2025\\\/03\\\/peptide-eye-patch_1080x.webp\",\"contentUrl\":\"https:\\\/\\\/www.facecorner.lv\\\/wp-content\\\/uploads\\\/2025\\\/03\\\/peptide-eye-patch_1080x.webp\",\"width\":800,\"height\":800,\"caption\":\"Cosrx The Peptide Collagen Hydrogel Eye Patch\"},{\"@type\":\"BreadcrumbList\",\"@id\":\"https:\\\/\\\/www.facecorner.lv\\\/shop\\\/cosrx-the-peptide-collagen-hydrogel-eye-patch-60ea\\\/#breadcrumb\",\"itemListElement\":[{\"@type\":\"ListItem\",\"position\":1,\"name\":\"Home\",\"item\":\"https:\\\/\\\/www.facecorner.lv\\\/\"},{\"@type\":\"ListItem\",\"position\":2,\"name\":\"Veikals\",\"item\":\"https:\\\/\\\/www.facecorner.lv\\\/shop\\\/\"},{\"@type\":\"ListItem\",\"position\":3,\"name\":\"Cosrx The Peptide Collagen Hydrogel Eye Patch 60ea\"}]},{\"@type\":\"WebSite\",\"@id\":\"https:\\\/\\\/www.facecorner.lv\\\/#website\",\"url\":\"https:\\\/\\\/www.facecorner.lv\\\/\",\"name\":\"Facecorner\",\"description\":\"\",\"publisher\":{\"@id\":\"https:\\\/\\\/www.facecorner.lv\\\/#organization\"},\"potentialAction\":[{\"@type\":\"SearchAction\",\"target\":{\"@type\":\"EntryPoint\",\"urlTemplate\":\"https:\\\/\\\/www.facecorner.lv\\\/?s={search_term_string}\"},\"query-input\":{\"@type\":\"PropertyValueSpecification\",\"valueRequired\":true,\"valueName\":\"search_term_string\"}}],\"inLanguage\":\"en-US\"},{\"@type\":\"Organization\",\"@id\":\"https:\\\/\\\/www.facecorner.lv\\\/#organization\",\"name\":\"Facecorner\",\"url\":\"https:\\\/\\\/www.facecorner.lv\\\/\",\"logo\":{\"@type\":\"ImageObject\",\"inLanguage\":\"en-US\",\"@id\":\"https:\\\/\\\/www.facecorner.lv\\\/#\\\/schema\\\/logo\\\/image\\\/\",\"url\":\"https:\\\/\\\/www.facecorner.lv\\\/wp-content\\\/uploads\\\/2024\\\/04\\\/fc-logo.jpg\",\"contentUrl\":\"https:\\\/\\\/www.facecorner.lv\\\/wp-content\\\/uploads\\\/2024\\\/04\\\/fc-logo.jpg\",\"width\":174,\"height\":28,\"caption\":\"Facecorner\"},\"image\":{\"@id\":\"https:\\\/\\\/www.facecorner.lv\\\/#\\\/schema\\\/logo\\\/image\\\/\"},\"sameAs\":[\"https:\\\/\\\/www.facebook.com\\\/profile.php?id=100063824551839\",\"https:\\\/\\\/www.instagram.com\\\/facecorner_shop\\\/\"]}]}<\/script>\n<meta property=\"product:price:amount\" content=\"27.00\" \/>\n<meta property=\"product:price:currency\" content=\"EUR\" \/>\n<meta property=\"og:availability\" content=\"out of stock\" \/>\n<meta property=\"product:availability\" content=\"out of stock\" \/>\n<meta property=\"product:condition\" content=\"new\" \/>\n<!-- \/ Yoast SEO plugin. -->","yoast_head_json":{"title":"Cosrx The Peptide Collagen Hydrogel Eye Patch 60ea - FACECORNER","description":"Cosrx The Peptide Collagen Hydrogel Eye Patch ir izstr\u0101d\u0101ts efekt\u012bvai delik\u0101tas \u0101das ap ac\u012bm ekspresapr\u016bpei.Tie pal\u012bdz samazin\u0101t piet\u016bkumu un \u201cmaisi\u0146us\u201d","robots":{"index":"index","follow":"follow","max-snippet":"max-snippet:-1","max-image-preview":"max-image-preview:large","max-video-preview":"max-video-preview:-1"},"canonical":"https:\/\/www.facecorner.lv\/en\/shop\/cosrx-the-peptide-collagen-hydrogel-eye-patch-60ea\/","og_locale":"en_US","og_type":"article","og_title":"Cosrx The Peptide Collagen Hydrogel Eye Patch 60ea - FACECORNER","og_description":"Cosrx The Peptide Collagen Hydrogel Eye Patch ir izstr\u0101d\u0101ts efekt\u012bvai delik\u0101tas \u0101das ap ac\u012bm ekspresapr\u016bpei.Tie pal\u012bdz samazin\u0101t piet\u016bkumu un \u201cmaisi\u0146us\u201d","og_url":"https:\/\/www.facecorner.lv\/en\/shop\/cosrx-the-peptide-collagen-hydrogel-eye-patch-60ea\/","og_site_name":"FACECORNER","article_publisher":"https:\/\/www.facebook.com\/profile.php?id=100063824551839","article_modified_time":"2026-02-28T15:22:11+00:00","og_image":[{"width":800,"height":800,"url":"https:\/\/www.facecorner.lv\/wp-content\/uploads\/2025\/03\/peptide-eye-patch_1080x.webp","type":"image\/webp"}],"twitter_card":"summary_large_image","twitter_misc":{"Price":"&euro;27.00","Availability":"Out of stock"},"schema":{"@context":"https:\/\/schema.org","@graph":[{"@type":"WebPage","@id":"https:\/\/www.facecorner.lv\/shop\/cosrx-the-peptide-collagen-hydrogel-eye-patch-60ea\/","url":"https:\/\/www.facecorner.lv\/shop\/cosrx-the-peptide-collagen-hydrogel-eye-patch-60ea\/","name":"Cosrx The Peptide Collagen Hydrogel Eye Patch 60ea - FACECORNER","isPartOf":{"@id":"https:\/\/www.facecorner.lv\/#website"},"primaryImageOfPage":{"@id":"https:\/\/www.facecorner.lv\/shop\/cosrx-the-peptide-collagen-hydrogel-eye-patch-60ea\/#primaryimage"},"image":{"@id":"https:\/\/www.facecorner.lv\/shop\/cosrx-the-peptide-collagen-hydrogel-eye-patch-60ea\/#primaryimage"},"thumbnailUrl":"https:\/\/www.facecorner.lv\/wp-content\/uploads\/2025\/03\/peptide-eye-patch_1080x.webp","datePublished":"2025-03-10T19:46:31+00:00","dateModified":"2026-02-28T15:22:11+00:00","description":"Cosrx The Peptide Collagen Hydrogel Eye Patch ir izstr\u0101d\u0101ts efekt\u012bvai delik\u0101tas \u0101das ap ac\u012bm ekspresapr\u016bpei.Tie pal\u012bdz samazin\u0101t piet\u016bkumu un \u201cmaisi\u0146us\u201d","breadcrumb":{"@id":"https:\/\/www.facecorner.lv\/shop\/cosrx-the-peptide-collagen-hydrogel-eye-patch-60ea\/#breadcrumb"},"inLanguage":"en-US","potentialAction":[{"@type":"ReadAction","target":["https:\/\/www.facecorner.lv\/shop\/cosrx-the-peptide-collagen-hydrogel-eye-patch-60ea\/"]}]},{"@type":"ImageObject","inLanguage":"en-US","@id":"https:\/\/www.facecorner.lv\/shop\/cosrx-the-peptide-collagen-hydrogel-eye-patch-60ea\/#primaryimage","url":"https:\/\/www.facecorner.lv\/wp-content\/uploads\/2025\/03\/peptide-eye-patch_1080x.webp","contentUrl":"https:\/\/www.facecorner.lv\/wp-content\/uploads\/2025\/03\/peptide-eye-patch_1080x.webp","width":800,"height":800,"caption":"Cosrx The Peptide Collagen Hydrogel Eye Patch"},{"@type":"BreadcrumbList","@id":"https:\/\/www.facecorner.lv\/shop\/cosrx-the-peptide-collagen-hydrogel-eye-patch-60ea\/#breadcrumb","itemListElement":[{"@type":"ListItem","position":1,"name":"Home","item":"https:\/\/www.facecorner.lv\/"},{"@type":"ListItem","position":2,"name":"Veikals","item":"https:\/\/www.facecorner.lv\/shop\/"},{"@type":"ListItem","position":3,"name":"Cosrx The Peptide Collagen Hydrogel Eye Patch 60ea"}]},{"@type":"WebSite","@id":"https:\/\/www.facecorner.lv\/#website","url":"https:\/\/www.facecorner.lv\/","name":"Facecorner","description":"","publisher":{"@id":"https:\/\/www.facecorner.lv\/#organization"},"potentialAction":[{"@type":"SearchAction","target":{"@type":"EntryPoint","urlTemplate":"https:\/\/www.facecorner.lv\/?s={search_term_string}"},"query-input":{"@type":"PropertyValueSpecification","valueRequired":true,"valueName":"search_term_string"}}],"inLanguage":"en-US"},{"@type":"Organization","@id":"https:\/\/www.facecorner.lv\/#organization","name":"Facecorner","url":"https:\/\/www.facecorner.lv\/","logo":{"@type":"ImageObject","inLanguage":"en-US","@id":"https:\/\/www.facecorner.lv\/#\/schema\/logo\/image\/","url":"https:\/\/www.facecorner.lv\/wp-content\/uploads\/2024\/04\/fc-logo.jpg","contentUrl":"https:\/\/www.facecorner.lv\/wp-content\/uploads\/2024\/04\/fc-logo.jpg","width":174,"height":28,"caption":"Facecorner"},"image":{"@id":"https:\/\/www.facecorner.lv\/#\/schema\/logo\/image\/"},"sameAs":["https:\/\/www.facebook.com\/profile.php?id=100063824551839","https:\/\/www.instagram.com\/facecorner_shop\/"]}]},"product_price_amount":"27.00","product_price_currency":"EUR","og_availability":"out of stock","product_availability":"out of stock","product_condition":"new"},"_links":{"self":[{"href":"https:\/\/www.facecorner.lv\/en\/wp-json\/wp\/v2\/product\/23636","targetHints":{"allow":["GET"]}}],"collection":[{"href":"https:\/\/www.facecorner.lv\/en\/wp-json\/wp\/v2\/product"}],"about":[{"href":"https:\/\/www.facecorner.lv\/en\/wp-json\/wp\/v2\/types\/product"}],"replies":[{"embeddable":true,"href":"https:\/\/www.facecorner.lv\/en\/wp-json\/wp\/v2\/comments?post=23636"}],"wp:featuredmedia":[{"embeddable":true,"href":"https:\/\/www.facecorner.lv\/en\/wp-json\/wp\/v2\/media\/23637"}],"wp:attachment":[{"href":"https:\/\/www.facecorner.lv\/en\/wp-json\/wp\/v2\/media?parent=23636"}],"wp:term":[{"taxonomy":"product_brand","embeddable":true,"href":"https:\/\/www.facecorner.lv\/en\/wp-json\/wp\/v2\/product_brand?post=23636"},{"taxonomy":"product_cat","embeddable":true,"href":"https:\/\/www.facecorner.lv\/en\/wp-json\/wp\/v2\/product_cat?post=23636"},{"taxonomy":"product_tag","embeddable":true,"href":"https:\/\/www.facecorner.lv\/en\/wp-json\/wp\/v2\/product_tag?post=23636"},{"taxonomy":"berocket_brand","embeddable":true,"href":"https:\/\/www.facecorner.lv\/en\/wp-json\/wp\/v2\/berocket_brand?post=23636"}],"curies":[{"name":"wp","href":"https:\/\/api.w.org\/{rel}","templated":true}]}}