{"id":23517,"date":"2025-02-27T22:31:21","date_gmt":"2025-02-27T19:31:21","guid":{"rendered":"https:\/\/www.facecorner.lv\/?post_type=product&#038;p=23517"},"modified":"2026-04-06T19:47:36","modified_gmt":"2026-04-06T16:47:36","slug":"medi-peel-phyto-exosome-pdrn-lifting-shot-serum-100ml","status":"publish","type":"product","link":"https:\/\/www.facecorner.lv\/en\/shop\/medi-peel-phyto-exosome-pdrn-lifting-shot-serum-100ml\/","title":{"rendered":"Medi-Peel Phyto Exosome PDRN Lifting Shot Serum 50ml"},"content":{"rendered":"<p>Medi-Peel Phyto Exosome PDRN Lifting Shot Serum ir \u013coti efekt\u012bvs pretnoveco\u0161an\u0101s liftinga serums, kas paredz\u0113ts visaptvero\u0161ai \u0101das atjauno\u0161anai. Unik\u0101l\u0101 formula ar \u0101bolu fitoeksosom\u0101m un lotosa polinukleot\u012bdiem (PDRN) atjauno \u0101das tvirtumu un elast\u012bbu, pie\u0161\u0137irot tai jaun\u012bbas un vesel\u012bgu izskatu.<\/p>\n<p>Serumam ir viegla, kr\u0113m\u012bga tekst\u016bra, kas \u0101tri ies\u016bcas, neatst\u0101jot taukainu un apgr\u016btino\u0161u efektu. Sast\u0101vs satur biospikulas (mikro\u0161\u0137iedras), kas veicina akt\u012bvo sast\u0101vda\u013cu iek\u013c\u016b\u0161anu dzi\u013cos epidermas sl\u0101\u0146os. \u0160is process maigi stimul\u0113 \u0161\u016bnu atjauno\u0161anos, neradot kairin\u0101jumu un nodro\u0161inot redzamu atjaunojo\u0161u efektu.<\/p>\n<p>\u0160is serums apvieno unik\u0101lu 12 pept\u012bdu un eksosomu formulu, kas padara \u0101du tvirt\u0101ku un glud\u0101ku, samazina grumbi\u0146as un uzlabo t\u0101s dabisko mirdzumu.<\/p>\n<p><strong>K\u0101das probl\u0113mas tas risina:<\/strong><\/p>\n<ul>\n<li>\u0100das tvirtuma un elast\u012bbas zudums.<\/li>\n<li>Dzi\u013cas un smalkas grumbas.<\/li>\n<li>Sausa un dehidr\u0113ta \u0101da.<\/li>\n<li>Nevienm\u0113r\u012bgs \u0101das tonuss.<\/li>\n<li>\u00a0Nogurusi \u0101da.<\/li>\n<li>Pirm\u0101s noveco\u0161an\u0101s paz\u012bmes.<\/li>\n<li>\u0100das boj\u0101jumi, ko izraisa br\u012bvie radik\u0101\u013ci.<\/li>\n<li>\u0101das dabisk\u0101 mirdzuma samazin\u0101\u0161an\u0101s.<\/li>\n<\/ul>\n<p>Sast\u0101v\u0101:<\/p>\n<ul>\n<li>Vitam\u012bnu komplekss &#8211; m\u0113r\u0137is ir atjaunot un uzlabot \u0101das tonusu, pie\u0161\u0137irot sejai dabisku mirdzumu un vesel\u012bgu izskatu.<br \/>\npept\u012bdu komplekss &#8211; stiprina \u0101das strukt\u016bru, pal\u012bdz to savilkt un padara \u0101du iztur\u012bg\u0101ku pret stresu.<\/li>\n<li>AQUAXYL &#8211; mitrino\u0161a sast\u0101vda\u013ca, kas uzlabo \u0101das sp\u0113ju saglab\u0101t mitrumu, stiprinot t\u0101s barjeras funkciju.<\/li>\n<li>Lotosa lapu ekstrakts &#8211; tam piem\u012bt sp\u0113c\u012bgas antioksidantu \u012bpa\u0161\u012bbas, kas pal\u012bdz c\u012bn\u012bties ar noveco\u0161an\u0101s paz\u012bm\u0113m, aizsarg\u0101 \u0101du no br\u012bvajiem radik\u0101\u013ciem un uzlabo \u0101das tonusu. Ekstrakts ar\u012b mitrina un nomierina \u0101du, padarot to svaigu un starojo\u0161u.<\/li>\n<\/ul>\n<p><strong>How to use:<\/strong> P\u0113c tonika lieto\u0161anas pa\u0146emiet vajadz\u012bgo produkta daudzumu un viegli uzkl\u0101jiet to uz sejas.<\/p>\n<p><strong>Ingredientes:<\/strong> Purified Water, Glycerin, Butylene Glycol, Pentaerythrityl Tetraethylhexanoate, Niacinamide, 1,2-hexanediol, Caprylic\/capric Triglyceride, Lotus Flower Water (10,088 Ppm), Cetearyl Alcohol, Polyglyceryl-10 Stearate, Arginine, Carbomer, Calcium Aluminum Borosilicate, Shea Butter, Ethylhexylglycerin, Adenosine, Disodium Edta, Xanthan Gum, Allantoin, White Rice Flower Extract, Cyanocobalamin, Hydrogenated Lecithin, Caprylyl Glycol, Propanediol, Lactobacillus Ferment, Sodium Hyaluronate, Panthenol, Sodium Ascorbyl Phosphate, Hydroxypropyl Cyclodextrin, Lysine, Glutamic Acid, Cysteine, Copper Tripeptide-1, Acetyl Hexapeptide-8, Palmitoyl Tripeptide-5, Palmitoyl Pentapeptide-4, Hyaluronic Acid, Urea, Tryptophan, Tripeptide-1, Threonine, Taurine, Sodium Pacifica, Serine, Proline, Palmitoyl Tripeptide-1, Ornithine, Methionine, Leucine, Hydrolyzed Sodium Hyaluronate, Hydrolyzed Hyaluronic Acid, Histidine, Glycine, Yam Root Extract, Citrulline, Aspartic Acid, Alanine, Hexapeptide-9, Acetyl Octapeptide-3, Sodium Benzoate, Glutathione, Sodium Acetylated Hyaluronate, Pyridoxine, Nonapeptide-1, Apple Cell Culture Extract (0.001 Ppm), Hydroxypropyltrimonium Hyaluronate, Folic Acid, Biotin, Dimethylsilanol Hyaluronate, Oligopeptide-32, Oligopeptide-29, Sodium Hyaluronate Crosspolymer, Tocopherol, Pentylene Glycol, Nelumbo Nucifera Leaf Extract (0.0001 Ppm), Potassium Hyaluronate, Thiamine Hcl, Sodium Dna (0.00001 Ppm), Riboflavin, Linoleic Acid, Beta-carotene, Fragrance<\/p>","protected":false},"excerpt":{"rendered":"<p>Medi-Peel Phyto Exosome PDRN Lifting Shot Serum ir \u013coti efekt\u012bvs pretnoveco\u0161an\u0101s liftinga serums, kas paredz\u0113ts visaptvero\u0161ai \u0101das atjauno\u0161anai un atjauno\u0161anai.<\/p>","protected":false},"featured_media":23518,"comment_status":"open","ping_status":"closed","template":"","meta":{"site-sidebar-layout":"default","site-content-layout":"","ast-site-content-layout":"default","site-content-style":"default","site-sidebar-style":"default","ast-global-header-display":"","ast-banner-title-visibility":"","ast-main-header-display":"","ast-hfb-above-header-display":"","ast-hfb-below-header-display":"","ast-hfb-mobile-header-display":"","site-post-title":"","ast-breadcrumbs-content":"","ast-featured-img":"","footer-sml-layout":"","theme-transparent-header-meta":"default","adv-header-id-meta":"","stick-header-meta":"","header-above-stick-meta":"","header-main-stick-meta":"","header-below-stick-meta":"","astra-migrate-meta-layouts":"set","ast-page-background-enabled":"default","ast-page-background-meta":{"desktop":{"background-color":"var(--ast-global-color-4)","background-image":"","background-repeat":"repeat","background-position":"center center","background-size":"auto","background-attachment":"scroll","background-type":"","background-media":"","overlay-type":"","overlay-color":"","overlay-opacity":"","overlay-gradient":""},"tablet":{"background-color":"","background-image":"","background-repeat":"repeat","background-position":"center center","background-size":"auto","background-attachment":"scroll","background-type":"","background-media":"","overlay-type":"","overlay-color":"","overlay-opacity":"","overlay-gradient":""},"mobile":{"background-color":"","background-image":"","background-repeat":"repeat","background-position":"center center","background-size":"auto","background-attachment":"scroll","background-type":"","background-media":"","overlay-type":"","overlay-color":"","overlay-opacity":"","overlay-gradient":""}},"ast-content-background-meta":{"desktop":{"background-color":"var(--ast-global-color-5)","background-image":"","background-repeat":"repeat","background-position":"center center","background-size":"auto","background-attachment":"scroll","background-type":"","background-media":"","overlay-type":"","overlay-color":"","overlay-opacity":"","overlay-gradient":""},"tablet":{"background-color":"var(--ast-global-color-5)","background-image":"","background-repeat":"repeat","background-position":"center center","background-size":"auto","background-attachment":"scroll","background-type":"","background-media":"","overlay-type":"","overlay-color":"","overlay-opacity":"","overlay-gradient":""},"mobile":{"background-color":"var(--ast-global-color-5)","background-image":"","background-repeat":"repeat","background-position":"center center","background-size":"auto","background-attachment":"scroll","background-type":"","background-media":"","overlay-type":"","overlay-color":"","overlay-opacity":"","overlay-gradient":""}}},"product_brand":[],"product_cat":[370,371,652,363],"product_tag":[],"berocket_brand":[583],"class_list":{"0":"post-23517","1":"product","2":"type-product","3":"status-publish","4":"has-post-thumbnail","6":"product_cat-adas-mirdzumam","7":"product_cat-anti-age","8":"product_cat-pdrn","9":"product_cat-serumi","10":"berocket_brand-medi-peel","11":"desktop-align-left","12":"tablet-align-left","13":"mobile-align-left","15":"first","16":"instock","17":"taxable","18":"shipping-taxable","19":"purchasable","20":"product-type-simple","21":"add-to-wishlist-before_image"},"yoast_head":"<!-- This site is optimized with the Yoast SEO plugin v27.4 - https:\/\/yoast.com\/product\/yoast-seo-wordpress\/ -->\n<title>Medi-Peel Phyto Exosome PDRN Lifting Shot Serum 50ml - FACECORNER<\/title>\n<meta name=\"description\" content=\"Medi-Peel Phyto Exosome PDRN Lifting Shot Serum ir \u013coti efekt\u012bvs pretnoveco\u0161an\u0101s liftinga serums, kas paredz\u0113ts visaptvero\u0161ai \u0101das atjauno\u0161ana\" \/>\n<meta name=\"robots\" content=\"index, follow, max-snippet:-1, max-image-preview:large, max-video-preview:-1\" \/>\n<link rel=\"canonical\" href=\"https:\/\/www.facecorner.lv\/en\/shop\/medi-peel-phyto-exosome-pdrn-lifting-shot-serum-100ml\/\" \/>\n<meta property=\"og:locale\" content=\"en_US\" \/>\n<meta property=\"og:type\" content=\"article\" \/>\n<meta property=\"og:title\" content=\"Medi-Peel Phyto Exosome PDRN Lifting Shot Serum 50ml - FACECORNER\" \/>\n<meta property=\"og:description\" content=\"Medi-Peel Phyto Exosome PDRN Lifting Shot Serum ir \u013coti efekt\u012bvs pretnoveco\u0161an\u0101s liftinga serums, kas paredz\u0113ts visaptvero\u0161ai \u0101das atjauno\u0161ana\" \/>\n<meta property=\"og:url\" content=\"https:\/\/www.facecorner.lv\/en\/shop\/medi-peel-phyto-exosome-pdrn-lifting-shot-serum-100ml\/\" \/>\n<meta property=\"og:site_name\" content=\"FACECORNER\" \/>\n<meta property=\"article:publisher\" content=\"https:\/\/www.facebook.com\/profile.php?id=100063824551839\" \/>\n<meta property=\"article:modified_time\" content=\"2026-04-06T16:47:36+00:00\" \/>\n<meta property=\"og:image\" content=\"https:\/\/www.facecorner.lv\/wp-content\/uploads\/2025\/02\/phyto-exosome-pdrn-lifting-shot-serum-photo-1.webp\" \/>\n\t<meta property=\"og:image:width\" content=\"1000\" \/>\n\t<meta property=\"og:image:height\" content=\"1000\" \/>\n\t<meta property=\"og:image:type\" content=\"image\/webp\" \/>\n<meta name=\"twitter:card\" content=\"summary_large_image\" \/>\n<meta name=\"twitter:label1\" content=\"Price\" \/>\n\t<meta name=\"twitter:data1\" content=\"&euro;36.00\" \/>\n\t<meta name=\"twitter:label2\" content=\"Availability\" \/>\n\t<meta name=\"twitter:data2\" content=\"In stock\" \/>\n<script type=\"application\/ld+json\" class=\"yoast-schema-graph\">{\"@context\":\"https:\\\/\\\/schema.org\",\"@graph\":[{\"@type\":\"WebPage\",\"@id\":\"https:\\\/\\\/www.facecorner.lv\\\/shop\\\/medi-peel-phyto-exosome-pdrn-lifting-shot-serum-100ml\\\/\",\"url\":\"https:\\\/\\\/www.facecorner.lv\\\/shop\\\/medi-peel-phyto-exosome-pdrn-lifting-shot-serum-100ml\\\/\",\"name\":\"Medi-Peel Phyto Exosome PDRN Lifting Shot Serum 50ml - FACECORNER\",\"isPartOf\":{\"@id\":\"https:\\\/\\\/www.facecorner.lv\\\/#website\"},\"primaryImageOfPage\":{\"@id\":\"https:\\\/\\\/www.facecorner.lv\\\/shop\\\/medi-peel-phyto-exosome-pdrn-lifting-shot-serum-100ml\\\/#primaryimage\"},\"image\":{\"@id\":\"https:\\\/\\\/www.facecorner.lv\\\/shop\\\/medi-peel-phyto-exosome-pdrn-lifting-shot-serum-100ml\\\/#primaryimage\"},\"thumbnailUrl\":\"https:\\\/\\\/www.facecorner.lv\\\/wp-content\\\/uploads\\\/2025\\\/02\\\/phyto-exosome-pdrn-lifting-shot-serum-photo-1.webp\",\"datePublished\":\"2025-02-27T19:31:21+00:00\",\"dateModified\":\"2026-04-06T16:47:36+00:00\",\"description\":\"Medi-Peel Phyto Exosome PDRN Lifting Shot Serum ir \u013coti efekt\u012bvs pretnoveco\u0161an\u0101s liftinga serums, kas paredz\u0113ts visaptvero\u0161ai \u0101das atjauno\u0161ana\",\"breadcrumb\":{\"@id\":\"https:\\\/\\\/www.facecorner.lv\\\/shop\\\/medi-peel-phyto-exosome-pdrn-lifting-shot-serum-100ml\\\/#breadcrumb\"},\"inLanguage\":\"en-US\",\"potentialAction\":[{\"@type\":\"ReadAction\",\"target\":[\"https:\\\/\\\/www.facecorner.lv\\\/shop\\\/medi-peel-phyto-exosome-pdrn-lifting-shot-serum-100ml\\\/\"]}]},{\"@type\":\"ImageObject\",\"inLanguage\":\"en-US\",\"@id\":\"https:\\\/\\\/www.facecorner.lv\\\/shop\\\/medi-peel-phyto-exosome-pdrn-lifting-shot-serum-100ml\\\/#primaryimage\",\"url\":\"https:\\\/\\\/www.facecorner.lv\\\/wp-content\\\/uploads\\\/2025\\\/02\\\/phyto-exosome-pdrn-lifting-shot-serum-photo-1.webp\",\"contentUrl\":\"https:\\\/\\\/www.facecorner.lv\\\/wp-content\\\/uploads\\\/2025\\\/02\\\/phyto-exosome-pdrn-lifting-shot-serum-photo-1.webp\",\"width\":1000,\"height\":1000,\"caption\":\"Medi-Peel Phyto Exosome PDRN Lifting Shot Serum\"},{\"@type\":\"BreadcrumbList\",\"@id\":\"https:\\\/\\\/www.facecorner.lv\\\/shop\\\/medi-peel-phyto-exosome-pdrn-lifting-shot-serum-100ml\\\/#breadcrumb\",\"itemListElement\":[{\"@type\":\"ListItem\",\"position\":1,\"name\":\"Home\",\"item\":\"https:\\\/\\\/www.facecorner.lv\\\/\"},{\"@type\":\"ListItem\",\"position\":2,\"name\":\"Veikals\",\"item\":\"https:\\\/\\\/www.facecorner.lv\\\/shop\\\/\"},{\"@type\":\"ListItem\",\"position\":3,\"name\":\"Medi-Peel Phyto Exosome PDRN Lifting Shot Serum 50ml\"}]},{\"@type\":\"WebSite\",\"@id\":\"https:\\\/\\\/www.facecorner.lv\\\/#website\",\"url\":\"https:\\\/\\\/www.facecorner.lv\\\/\",\"name\":\"Facecorner\",\"description\":\"\",\"publisher\":{\"@id\":\"https:\\\/\\\/www.facecorner.lv\\\/#organization\"},\"potentialAction\":[{\"@type\":\"SearchAction\",\"target\":{\"@type\":\"EntryPoint\",\"urlTemplate\":\"https:\\\/\\\/www.facecorner.lv\\\/?s={search_term_string}\"},\"query-input\":{\"@type\":\"PropertyValueSpecification\",\"valueRequired\":true,\"valueName\":\"search_term_string\"}}],\"inLanguage\":\"en-US\"},{\"@type\":\"Organization\",\"@id\":\"https:\\\/\\\/www.facecorner.lv\\\/#organization\",\"name\":\"Facecorner\",\"url\":\"https:\\\/\\\/www.facecorner.lv\\\/\",\"logo\":{\"@type\":\"ImageObject\",\"inLanguage\":\"en-US\",\"@id\":\"https:\\\/\\\/www.facecorner.lv\\\/#\\\/schema\\\/logo\\\/image\\\/\",\"url\":\"https:\\\/\\\/www.facecorner.lv\\\/wp-content\\\/uploads\\\/2024\\\/04\\\/fc-logo.jpg\",\"contentUrl\":\"https:\\\/\\\/www.facecorner.lv\\\/wp-content\\\/uploads\\\/2024\\\/04\\\/fc-logo.jpg\",\"width\":174,\"height\":28,\"caption\":\"Facecorner\"},\"image\":{\"@id\":\"https:\\\/\\\/www.facecorner.lv\\\/#\\\/schema\\\/logo\\\/image\\\/\"},\"sameAs\":[\"https:\\\/\\\/www.facebook.com\\\/profile.php?id=100063824551839\",\"https:\\\/\\\/www.instagram.com\\\/facecorner_shop\\\/\"]}]}<\/script>\n<meta property=\"product:price:amount\" content=\"36.00\" \/>\n<meta property=\"product:price:currency\" content=\"EUR\" \/>\n<meta property=\"og:availability\" content=\"instock\" \/>\n<meta property=\"product:availability\" content=\"instock\" \/>\n<meta property=\"product:condition\" content=\"new\" \/>\n<!-- \/ Yoast SEO plugin. -->","yoast_head_json":{"title":"Medi-Peel Phyto Exosome PDRN Lifting Shot Serum 50ml - FACECORNER","description":"Medi-Peel Phyto Exosome PDRN Lifting Shot Serum ir \u013coti efekt\u012bvs pretnoveco\u0161an\u0101s liftinga serums, kas paredz\u0113ts visaptvero\u0161ai \u0101das atjauno\u0161ana","robots":{"index":"index","follow":"follow","max-snippet":"max-snippet:-1","max-image-preview":"max-image-preview:large","max-video-preview":"max-video-preview:-1"},"canonical":"https:\/\/www.facecorner.lv\/en\/shop\/medi-peel-phyto-exosome-pdrn-lifting-shot-serum-100ml\/","og_locale":"en_US","og_type":"article","og_title":"Medi-Peel Phyto Exosome PDRN Lifting Shot Serum 50ml - FACECORNER","og_description":"Medi-Peel Phyto Exosome PDRN Lifting Shot Serum ir \u013coti efekt\u012bvs pretnoveco\u0161an\u0101s liftinga serums, kas paredz\u0113ts visaptvero\u0161ai \u0101das atjauno\u0161ana","og_url":"https:\/\/www.facecorner.lv\/en\/shop\/medi-peel-phyto-exosome-pdrn-lifting-shot-serum-100ml\/","og_site_name":"FACECORNER","article_publisher":"https:\/\/www.facebook.com\/profile.php?id=100063824551839","article_modified_time":"2026-04-06T16:47:36+00:00","og_image":[{"width":1000,"height":1000,"url":"https:\/\/www.facecorner.lv\/wp-content\/uploads\/2025\/02\/phyto-exosome-pdrn-lifting-shot-serum-photo-1.webp","type":"image\/webp"}],"twitter_card":"summary_large_image","twitter_misc":{"Price":"&euro;36.00","Availability":"In stock"},"schema":{"@context":"https:\/\/schema.org","@graph":[{"@type":"WebPage","@id":"https:\/\/www.facecorner.lv\/shop\/medi-peel-phyto-exosome-pdrn-lifting-shot-serum-100ml\/","url":"https:\/\/www.facecorner.lv\/shop\/medi-peel-phyto-exosome-pdrn-lifting-shot-serum-100ml\/","name":"Medi-Peel Phyto Exosome PDRN Lifting Shot Serum 50ml - FACECORNER","isPartOf":{"@id":"https:\/\/www.facecorner.lv\/#website"},"primaryImageOfPage":{"@id":"https:\/\/www.facecorner.lv\/shop\/medi-peel-phyto-exosome-pdrn-lifting-shot-serum-100ml\/#primaryimage"},"image":{"@id":"https:\/\/www.facecorner.lv\/shop\/medi-peel-phyto-exosome-pdrn-lifting-shot-serum-100ml\/#primaryimage"},"thumbnailUrl":"https:\/\/www.facecorner.lv\/wp-content\/uploads\/2025\/02\/phyto-exosome-pdrn-lifting-shot-serum-photo-1.webp","datePublished":"2025-02-27T19:31:21+00:00","dateModified":"2026-04-06T16:47:36+00:00","description":"Medi-Peel Phyto Exosome PDRN Lifting Shot Serum ir \u013coti efekt\u012bvs pretnoveco\u0161an\u0101s liftinga serums, kas paredz\u0113ts visaptvero\u0161ai \u0101das atjauno\u0161ana","breadcrumb":{"@id":"https:\/\/www.facecorner.lv\/shop\/medi-peel-phyto-exosome-pdrn-lifting-shot-serum-100ml\/#breadcrumb"},"inLanguage":"en-US","potentialAction":[{"@type":"ReadAction","target":["https:\/\/www.facecorner.lv\/shop\/medi-peel-phyto-exosome-pdrn-lifting-shot-serum-100ml\/"]}]},{"@type":"ImageObject","inLanguage":"en-US","@id":"https:\/\/www.facecorner.lv\/shop\/medi-peel-phyto-exosome-pdrn-lifting-shot-serum-100ml\/#primaryimage","url":"https:\/\/www.facecorner.lv\/wp-content\/uploads\/2025\/02\/phyto-exosome-pdrn-lifting-shot-serum-photo-1.webp","contentUrl":"https:\/\/www.facecorner.lv\/wp-content\/uploads\/2025\/02\/phyto-exosome-pdrn-lifting-shot-serum-photo-1.webp","width":1000,"height":1000,"caption":"Medi-Peel Phyto Exosome PDRN Lifting Shot Serum"},{"@type":"BreadcrumbList","@id":"https:\/\/www.facecorner.lv\/shop\/medi-peel-phyto-exosome-pdrn-lifting-shot-serum-100ml\/#breadcrumb","itemListElement":[{"@type":"ListItem","position":1,"name":"Home","item":"https:\/\/www.facecorner.lv\/"},{"@type":"ListItem","position":2,"name":"Veikals","item":"https:\/\/www.facecorner.lv\/shop\/"},{"@type":"ListItem","position":3,"name":"Medi-Peel Phyto Exosome PDRN Lifting Shot Serum 50ml"}]},{"@type":"WebSite","@id":"https:\/\/www.facecorner.lv\/#website","url":"https:\/\/www.facecorner.lv\/","name":"Facecorner","description":"","publisher":{"@id":"https:\/\/www.facecorner.lv\/#organization"},"potentialAction":[{"@type":"SearchAction","target":{"@type":"EntryPoint","urlTemplate":"https:\/\/www.facecorner.lv\/?s={search_term_string}"},"query-input":{"@type":"PropertyValueSpecification","valueRequired":true,"valueName":"search_term_string"}}],"inLanguage":"en-US"},{"@type":"Organization","@id":"https:\/\/www.facecorner.lv\/#organization","name":"Facecorner","url":"https:\/\/www.facecorner.lv\/","logo":{"@type":"ImageObject","inLanguage":"en-US","@id":"https:\/\/www.facecorner.lv\/#\/schema\/logo\/image\/","url":"https:\/\/www.facecorner.lv\/wp-content\/uploads\/2024\/04\/fc-logo.jpg","contentUrl":"https:\/\/www.facecorner.lv\/wp-content\/uploads\/2024\/04\/fc-logo.jpg","width":174,"height":28,"caption":"Facecorner"},"image":{"@id":"https:\/\/www.facecorner.lv\/#\/schema\/logo\/image\/"},"sameAs":["https:\/\/www.facebook.com\/profile.php?id=100063824551839","https:\/\/www.instagram.com\/facecorner_shop\/"]}]},"product_price_amount":"36.00","product_price_currency":"EUR","og_availability":"instock","product_availability":"instock","product_condition":"new"},"_links":{"self":[{"href":"https:\/\/www.facecorner.lv\/en\/wp-json\/wp\/v2\/product\/23517","targetHints":{"allow":["GET"]}}],"collection":[{"href":"https:\/\/www.facecorner.lv\/en\/wp-json\/wp\/v2\/product"}],"about":[{"href":"https:\/\/www.facecorner.lv\/en\/wp-json\/wp\/v2\/types\/product"}],"replies":[{"embeddable":true,"href":"https:\/\/www.facecorner.lv\/en\/wp-json\/wp\/v2\/comments?post=23517"}],"wp:featuredmedia":[{"embeddable":true,"href":"https:\/\/www.facecorner.lv\/en\/wp-json\/wp\/v2\/media\/23518"}],"wp:attachment":[{"href":"https:\/\/www.facecorner.lv\/en\/wp-json\/wp\/v2\/media?parent=23517"}],"wp:term":[{"taxonomy":"product_brand","embeddable":true,"href":"https:\/\/www.facecorner.lv\/en\/wp-json\/wp\/v2\/product_brand?post=23517"},{"taxonomy":"product_cat","embeddable":true,"href":"https:\/\/www.facecorner.lv\/en\/wp-json\/wp\/v2\/product_cat?post=23517"},{"taxonomy":"product_tag","embeddable":true,"href":"https:\/\/www.facecorner.lv\/en\/wp-json\/wp\/v2\/product_tag?post=23517"},{"taxonomy":"berocket_brand","embeddable":true,"href":"https:\/\/www.facecorner.lv\/en\/wp-json\/wp\/v2\/berocket_brand?post=23517"}],"curies":[{"name":"wp","href":"https:\/\/api.w.org\/{rel}","templated":true}]}}