{"id":23402,"date":"2025-02-15T13:24:10","date_gmt":"2025-02-15T10:24:10","guid":{"rendered":"https:\/\/www.facecorner.lv\/?post_type=product&#038;p=23402"},"modified":"2026-01-05T15:55:12","modified_gmt":"2026-01-05T12:55:12","slug":"dr-althea-rapid-firm-sculpting-cream-45ml","status":"publish","type":"product","link":"https:\/\/www.facecorner.lv\/en\/shop\/dr-althea-rapid-firm-sculpting-cream-45ml\/","title":{"rendered":"Dr. Althea Rapid Firm Sculpting Cream 45ml"},"content":{"rendered":"<p>Dr. Althea Rapid Firm Sculpting Cream efekt\u012bvi izl\u012bdzina \u0101du, nodro\u0161ina redzamu liftinga efektu un pie\u0161\u0137ir tai vesel\u012bgu mirdzumu.<\/p>\n<p>Tas stimul\u0113 kolag\u0113na un elast\u012bna sint\u0113zi un samazina br\u012bvo radik\u0101\u013cu ietekmi, nov\u0113r\u0161ot nev\u0113lamu pigment\u0101ciju ra\u0161anos.<\/p>\n<p>Regul\u0101ri lietojot, kr\u0113ms redzami savelk sejas ov\u0101lu, samazina piet\u016bkumu un izl\u012bdzina \u0101das toni.<\/p>\n<p>Kr\u0113mam ir viskoza konsistence, tas viegli kl\u0101jas un \u0101tri uzs\u016bcas, atst\u0101jot pat\u012bkamu saj\u016btu un vieglu, mitru sejas \u0101du. Kr\u0113ma formula ir Vegan\u00ae sertific\u0113ta Korej\u0101 un nesatur dz\u012bvnieku izcelsmes sast\u0101vda\u013cas.<\/p>\n<p><strong>Main active ingredients:<\/strong><\/p>\n<ul>\n<li>Argirel\u012bns (acetilheksapept\u012bds-8) ir pept\u012bds-miorelaksants. Argirel\u012bnam piem\u012bt botul\u012bnam l\u012bdz\u012bga iedarb\u012bba, kas atsl\u0101bina sejas musku\u013cus, izl\u012bdzina un samazina sejas grumbu dzi\u013cumu.<\/li>\n<li>Pept\u012bdu komplekss ir atbild\u012bgs par past\u0101v\u012bgu re\u0123ener\u0101ciju un \u0161\u016bnu atjauno\u0161anos, tam piem\u012bt dzi\u013ca anti-age iedarb\u012bba, tas samazina grumbu izskatu un nov\u0113r\u0161 jaunu grumbu veido\u0161anos, stimul\u0113 atjauno\u0161an\u0101s un re\u0123ener\u0101cijas procesus, pal\u0113nina \u0161\u016bnu noveco\u0161anos. Normaliz\u0113 kolag\u0113na un elast\u012bna veido\u0161anos, izl\u012bdzina \u0101du, izl\u012bdzina reljefu. Uzlabo \u0101das kr\u0101su, pie\u0161\u0137ir tai vesel\u012bgu mirdzumu un elast\u012bbu.<\/li>\n<li>Idebenons ir antioksidants, kas ir koenz\u012bma Q10 sint\u0113tisks analogs, ta\u010du t\u0101 da\u013ci\u0146as ir daudz maz\u0101kas un hidrofil\u0101s formas d\u0113\u013c t\u0101m ir daudz liel\u0101ka iek\u013c\u016b\u0161anas sp\u0113ja. Tas pal\u0113nina lip\u012bdu oksid\u0101ciju un aizsarg\u0101 membr\u0101nas no boj\u0101jumiem.<\/li>\n<li>Kavi\u0101ra ekstrakts aktiviz\u0113 kolag\u0113na, kura daudzums samazin\u0101s l\u012bdz ar vecumu, veido\u0161anos, atgrie\u017eot \u0101dai elast\u012bbu un tvirtumu. Nodro\u0161ina akt\u012bvu \u0101das baro\u0161anu un atjauno\u0161anu, izl\u012bdzina m\u012bmikas un vecuma grumbas un \u0101das krokas, savelk sejas ov\u0101lu.<\/li>\n<li>6 veidu hialuronsk\u0101bes komplekss pal\u012bdz saglab\u0101t mitrumu \u0101d\u0101, palielinot t\u0101s mitrin\u0101\u0161anas l\u012bmeni. \u0100da tiek nosl\u0113gta no iek\u0161puses, izl\u012bdzin\u0101ta un ieg\u016bst svaig\u0101ku un jaun\u0101ku izskatu.<\/li>\n<li>Beta-glik\u0101nam piem\u012bt im\u016bnmodul\u0113jo\u0161a, antioksidanta iedarb\u012bba, tas aizsarg\u0101 un atjauno boj\u0101to \u0101du, nov\u0113r\u0161ot priek\u0161laic\u012bgu noveco\u0161anos.<\/li>\n<li>Argin\u012bns ir aminosk\u0101be, kam piem\u012bt br\u016b\u010du dziedino\u0161a un dziedino\u0161a iedarb\u012bba, nov\u0113r\u0161 \u0101das nepiln\u012bbas, stiprina turgoru un uzlabo epidermas tonusu.<\/li>\n<li>Kolag\u0113ns uzlabo \u0101das tvirtumu un elast\u012bbu, intens\u012bvi mitrina un liftinga efektu.<\/li>\n<\/ul>\n<p><strong>How to use:<\/strong> p\u0113c att\u012br\u012b\u0161anas, toniz\u0113\u0161anas un seruma lieto\u0161anas uzkl\u0101jiet kr\u0113mu uz sejas.<\/p>\n<p><strong>Ingredientes:<\/strong> <span style=\"font-size: 16px;\">Water, Caprylic\/Capric Triglyceride, Glycerin, Butylene Glycol, Cetearyl Alcohol, Polyglyceryl-3 Methylglucose Distearate, Cydopentasiloxane, Polysorbate 60, Glyceryl Stearate, Palmitic Adid, 1,2-Hexanediol, Cyclohexasiloxane, Dimethicone, Benzyl Glycol, Stearic Acid, Sorbitan Sesquioleate, Ethylhexylglycerin, Carbomer, Arginine, Sodium Polyacrylate, Isopentyldiol, Tocopheryl Acetate, Allantoin, Propanediol, Dipotassium Glycyrrhizate, Polyglyceryl-4 Oleate, Disodium EDTA, Hydrolyzed Com starch, Sucrose Palmitate, Dipropylene Glycol, Leontopodium Alpinum Extract, Lauric Acid, Hydroxydecyl Ubiquinone, Sucrose, Myristic Acid, Citrus Aurantium Bergamia (Bergamot) Fruit Oil, Anastatica Hierochuntica Extract, Butyrospermum Parkii (Shea Butter), Hydrolyzed Collagen, Silk Extract, Salmon Egg Extract, Beta-Glucan, Adansonia Digitata Fruit Extract, Hydrolyzed Glycosaminoglycans, Sodium Hyaluronate, Sodium Hyaluronate Crosspolymer, Copper Tripeptide-1, Hydrolyzed Hyaluronic Acid, Acetyl Hexapeptide-8, Hydroxypropyltrimonium Hyaluronate, Hyaluronic Acid, Sodium Acetylated Hyaluronate<\/span><\/p>\n<div class=\"card__accordion-item js-accordion-item\"><\/div>","protected":false},"excerpt":{"rendered":"<p>Dr. Althea Rapid Firm Sculpting Cream satur sp\u0113c\u012bgu pretnoveco\u0161an\u0101s kokteili no pept\u012bdiem, aminosk\u0101b\u0113m un la\u0161a ikra ekstrakta, kas efekt\u012bvi izl\u012bdzina \u0101du, nodro\u0161ina liftinga efektu un pie\u0161\u0137ir tai vesel\u012bgu mirdzumu. Sast\u0101vs: argirel\u012bna pept\u012bds, idebenons, kolag\u0113ns.<\/p>","protected":false},"featured_media":23403,"comment_status":"open","ping_status":"closed","template":"","meta":{"site-sidebar-layout":"default","site-content-layout":"","ast-site-content-layout":"default","site-content-style":"default","site-sidebar-style":"default","ast-global-header-display":"","ast-banner-title-visibility":"","ast-main-header-display":"","ast-hfb-above-header-display":"","ast-hfb-below-header-display":"","ast-hfb-mobile-header-display":"","site-post-title":"","ast-breadcrumbs-content":"","ast-featured-img":"","footer-sml-layout":"","theme-transparent-header-meta":"default","adv-header-id-meta":"","stick-header-meta":"","header-above-stick-meta":"","header-main-stick-meta":"","header-below-stick-meta":"","astra-migrate-meta-layouts":"set","ast-page-background-enabled":"default","ast-page-background-meta":{"desktop":{"background-color":"var(--ast-global-color-4)","background-image":"","background-repeat":"repeat","background-position":"center center","background-size":"auto","background-attachment":"scroll","background-type":"","background-media":"","overlay-type":"","overlay-color":"","overlay-opacity":"","overlay-gradient":""},"tablet":{"background-color":"","background-image":"","background-repeat":"repeat","background-position":"center center","background-size":"auto","background-attachment":"scroll","background-type":"","background-media":"","overlay-type":"","overlay-color":"","overlay-opacity":"","overlay-gradient":""},"mobile":{"background-color":"","background-image":"","background-repeat":"repeat","background-position":"center center","background-size":"auto","background-attachment":"scroll","background-type":"","background-media":"","overlay-type":"","overlay-color":"","overlay-opacity":"","overlay-gradient":""}},"ast-content-background-meta":{"desktop":{"background-color":"var(--ast-global-color-5)","background-image":"","background-repeat":"repeat","background-position":"center center","background-size":"auto","background-attachment":"scroll","background-type":"","background-media":"","overlay-type":"","overlay-color":"","overlay-opacity":"","overlay-gradient":""},"tablet":{"background-color":"var(--ast-global-color-5)","background-image":"","background-repeat":"repeat","background-position":"center center","background-size":"auto","background-attachment":"scroll","background-type":"","background-media":"","overlay-type":"","overlay-color":"","overlay-opacity":"","overlay-gradient":""},"mobile":{"background-color":"var(--ast-global-color-5)","background-image":"","background-repeat":"repeat","background-position":"center center","background-size":"auto","background-attachment":"scroll","background-type":"","background-media":"","overlay-type":"","overlay-color":"","overlay-opacity":"","overlay-gradient":""}}},"product_brand":[],"product_cat":[365,368,362],"product_tag":[],"berocket_brand":[597],"class_list":{"0":"post-23402","1":"product","2":"type-product","3":"status-publish","4":"has-post-thumbnail","6":"product_cat-barojoss","7":"product_cat-pret-grumbam","8":"product_cat-sejas-krems","9":"berocket_brand-dr-althea","10":"desktop-align-left","11":"tablet-align-left","12":"mobile-align-left","14":"first","15":"instock","16":"taxable","17":"shipping-taxable","18":"purchasable","19":"product-type-simple","20":"add-to-wishlist-before_image"},"yoast_head":"<!-- This site is optimized with the Yoast SEO plugin v27.4 - https:\/\/yoast.com\/product\/yoast-seo-wordpress\/ -->\n<title>Dr. Althea Rapid Firm Sculpting Cream 45ml - FACECORNER<\/title>\n<meta name=\"description\" content=\"Dr. Althea Rapid Firm Sculpting Cream efekt\u012bvi izl\u012bdzina \u0101du, nodro\u0161ina redzamu liftinga efektu un pie\u0161\u0137ir tai vesel\u012bgu mirdzumu.\" \/>\n<meta name=\"robots\" content=\"index, follow, max-snippet:-1, max-image-preview:large, max-video-preview:-1\" \/>\n<link rel=\"canonical\" href=\"https:\/\/www.facecorner.lv\/en\/shop\/dr-althea-rapid-firm-sculpting-cream-45ml\/\" \/>\n<meta property=\"og:locale\" content=\"en_US\" \/>\n<meta property=\"og:type\" content=\"article\" \/>\n<meta property=\"og:title\" content=\"Dr. Althea Rapid Firm Sculpting Cream 45ml - FACECORNER\" \/>\n<meta property=\"og:description\" content=\"Dr. Althea Rapid Firm Sculpting Cream efekt\u012bvi izl\u012bdzina \u0101du, nodro\u0161ina redzamu liftinga efektu un pie\u0161\u0137ir tai vesel\u012bgu mirdzumu.\" \/>\n<meta property=\"og:url\" content=\"https:\/\/www.facecorner.lv\/en\/shop\/dr-althea-rapid-firm-sculpting-cream-45ml\/\" \/>\n<meta property=\"og:site_name\" content=\"FACECORNER\" \/>\n<meta property=\"article:publisher\" content=\"https:\/\/www.facebook.com\/profile.php?id=100063824551839\" \/>\n<meta property=\"article:modified_time\" content=\"2026-01-05T12:55:12+00:00\" \/>\n<meta property=\"og:image\" content=\"https:\/\/www.facecorner.lv\/wp-content\/uploads\/2025\/02\/images62ca7b03eb8f7.webp\" \/>\n\t<meta property=\"og:image:width\" content=\"1000\" \/>\n\t<meta property=\"og:image:height\" content=\"1000\" \/>\n\t<meta property=\"og:image:type\" content=\"image\/webp\" \/>\n<meta name=\"twitter:card\" content=\"summary_large_image\" \/>\n<meta name=\"twitter:label1\" content=\"Price\" \/>\n\t<meta name=\"twitter:data1\" content=\"&euro;29.90\" \/>\n\t<meta name=\"twitter:label2\" content=\"Availability\" \/>\n\t<meta name=\"twitter:data2\" content=\"In stock\" \/>\n<script type=\"application\/ld+json\" class=\"yoast-schema-graph\">{\"@context\":\"https:\\\/\\\/schema.org\",\"@graph\":[{\"@type\":\"WebPage\",\"@id\":\"https:\\\/\\\/www.facecorner.lv\\\/shop\\\/dr-althea-rapid-firm-sculpting-cream-45ml\\\/\",\"url\":\"https:\\\/\\\/www.facecorner.lv\\\/shop\\\/dr-althea-rapid-firm-sculpting-cream-45ml\\\/\",\"name\":\"Dr. Althea Rapid Firm Sculpting Cream 45ml - FACECORNER\",\"isPartOf\":{\"@id\":\"https:\\\/\\\/www.facecorner.lv\\\/#website\"},\"primaryImageOfPage\":{\"@id\":\"https:\\\/\\\/www.facecorner.lv\\\/shop\\\/dr-althea-rapid-firm-sculpting-cream-45ml\\\/#primaryimage\"},\"image\":{\"@id\":\"https:\\\/\\\/www.facecorner.lv\\\/shop\\\/dr-althea-rapid-firm-sculpting-cream-45ml\\\/#primaryimage\"},\"thumbnailUrl\":\"https:\\\/\\\/www.facecorner.lv\\\/wp-content\\\/uploads\\\/2025\\\/02\\\/images62ca7b03eb8f7.webp\",\"datePublished\":\"2025-02-15T10:24:10+00:00\",\"dateModified\":\"2026-01-05T12:55:12+00:00\",\"description\":\"Dr. Althea Rapid Firm Sculpting Cream efekt\u012bvi izl\u012bdzina \u0101du, nodro\u0161ina redzamu liftinga efektu un pie\u0161\u0137ir tai vesel\u012bgu mirdzumu.\",\"breadcrumb\":{\"@id\":\"https:\\\/\\\/www.facecorner.lv\\\/shop\\\/dr-althea-rapid-firm-sculpting-cream-45ml\\\/#breadcrumb\"},\"inLanguage\":\"en-US\",\"potentialAction\":[{\"@type\":\"ReadAction\",\"target\":[\"https:\\\/\\\/www.facecorner.lv\\\/shop\\\/dr-althea-rapid-firm-sculpting-cream-45ml\\\/\"]}]},{\"@type\":\"ImageObject\",\"inLanguage\":\"en-US\",\"@id\":\"https:\\\/\\\/www.facecorner.lv\\\/shop\\\/dr-althea-rapid-firm-sculpting-cream-45ml\\\/#primaryimage\",\"url\":\"https:\\\/\\\/www.facecorner.lv\\\/wp-content\\\/uploads\\\/2025\\\/02\\\/images62ca7b03eb8f7.webp\",\"contentUrl\":\"https:\\\/\\\/www.facecorner.lv\\\/wp-content\\\/uploads\\\/2025\\\/02\\\/images62ca7b03eb8f7.webp\",\"width\":1000,\"height\":1000,\"caption\":\"Dr. Althea Rapid Firm Sculpting Cream\"},{\"@type\":\"BreadcrumbList\",\"@id\":\"https:\\\/\\\/www.facecorner.lv\\\/shop\\\/dr-althea-rapid-firm-sculpting-cream-45ml\\\/#breadcrumb\",\"itemListElement\":[{\"@type\":\"ListItem\",\"position\":1,\"name\":\"Home\",\"item\":\"https:\\\/\\\/www.facecorner.lv\\\/\"},{\"@type\":\"ListItem\",\"position\":2,\"name\":\"Veikals\",\"item\":\"https:\\\/\\\/www.facecorner.lv\\\/shop\\\/\"},{\"@type\":\"ListItem\",\"position\":3,\"name\":\"Dr. Althea Rapid Firm Sculpting Cream 45ml\"}]},{\"@type\":\"WebSite\",\"@id\":\"https:\\\/\\\/www.facecorner.lv\\\/#website\",\"url\":\"https:\\\/\\\/www.facecorner.lv\\\/\",\"name\":\"Facecorner\",\"description\":\"\",\"publisher\":{\"@id\":\"https:\\\/\\\/www.facecorner.lv\\\/#organization\"},\"potentialAction\":[{\"@type\":\"SearchAction\",\"target\":{\"@type\":\"EntryPoint\",\"urlTemplate\":\"https:\\\/\\\/www.facecorner.lv\\\/?s={search_term_string}\"},\"query-input\":{\"@type\":\"PropertyValueSpecification\",\"valueRequired\":true,\"valueName\":\"search_term_string\"}}],\"inLanguage\":\"en-US\"},{\"@type\":\"Organization\",\"@id\":\"https:\\\/\\\/www.facecorner.lv\\\/#organization\",\"name\":\"Facecorner\",\"url\":\"https:\\\/\\\/www.facecorner.lv\\\/\",\"logo\":{\"@type\":\"ImageObject\",\"inLanguage\":\"en-US\",\"@id\":\"https:\\\/\\\/www.facecorner.lv\\\/#\\\/schema\\\/logo\\\/image\\\/\",\"url\":\"https:\\\/\\\/www.facecorner.lv\\\/wp-content\\\/uploads\\\/2024\\\/04\\\/fc-logo.jpg\",\"contentUrl\":\"https:\\\/\\\/www.facecorner.lv\\\/wp-content\\\/uploads\\\/2024\\\/04\\\/fc-logo.jpg\",\"width\":174,\"height\":28,\"caption\":\"Facecorner\"},\"image\":{\"@id\":\"https:\\\/\\\/www.facecorner.lv\\\/#\\\/schema\\\/logo\\\/image\\\/\"},\"sameAs\":[\"https:\\\/\\\/www.facebook.com\\\/profile.php?id=100063824551839\",\"https:\\\/\\\/www.instagram.com\\\/facecorner_shop\\\/\"]}]}<\/script>\n<meta property=\"product:price:amount\" content=\"29.90\" \/>\n<meta property=\"product:price:currency\" content=\"EUR\" \/>\n<meta property=\"og:availability\" content=\"instock\" \/>\n<meta property=\"product:availability\" content=\"instock\" \/>\n<meta property=\"product:condition\" content=\"new\" \/>\n<!-- \/ Yoast SEO plugin. -->","yoast_head_json":{"title":"Dr. Althea Rapid Firm Sculpting Cream 45ml - FACECORNER","description":"Dr. Althea Rapid Firm Sculpting Cream efekt\u012bvi izl\u012bdzina \u0101du, nodro\u0161ina redzamu liftinga efektu un pie\u0161\u0137ir tai vesel\u012bgu mirdzumu.","robots":{"index":"index","follow":"follow","max-snippet":"max-snippet:-1","max-image-preview":"max-image-preview:large","max-video-preview":"max-video-preview:-1"},"canonical":"https:\/\/www.facecorner.lv\/en\/shop\/dr-althea-rapid-firm-sculpting-cream-45ml\/","og_locale":"en_US","og_type":"article","og_title":"Dr. Althea Rapid Firm Sculpting Cream 45ml - FACECORNER","og_description":"Dr. Althea Rapid Firm Sculpting Cream efekt\u012bvi izl\u012bdzina \u0101du, nodro\u0161ina redzamu liftinga efektu un pie\u0161\u0137ir tai vesel\u012bgu mirdzumu.","og_url":"https:\/\/www.facecorner.lv\/en\/shop\/dr-althea-rapid-firm-sculpting-cream-45ml\/","og_site_name":"FACECORNER","article_publisher":"https:\/\/www.facebook.com\/profile.php?id=100063824551839","article_modified_time":"2026-01-05T12:55:12+00:00","og_image":[{"width":1000,"height":1000,"url":"https:\/\/www.facecorner.lv\/wp-content\/uploads\/2025\/02\/images62ca7b03eb8f7.webp","type":"image\/webp"}],"twitter_card":"summary_large_image","twitter_misc":{"Price":"&euro;29.90","Availability":"In stock"},"schema":{"@context":"https:\/\/schema.org","@graph":[{"@type":"WebPage","@id":"https:\/\/www.facecorner.lv\/shop\/dr-althea-rapid-firm-sculpting-cream-45ml\/","url":"https:\/\/www.facecorner.lv\/shop\/dr-althea-rapid-firm-sculpting-cream-45ml\/","name":"Dr. Althea Rapid Firm Sculpting Cream 45ml - FACECORNER","isPartOf":{"@id":"https:\/\/www.facecorner.lv\/#website"},"primaryImageOfPage":{"@id":"https:\/\/www.facecorner.lv\/shop\/dr-althea-rapid-firm-sculpting-cream-45ml\/#primaryimage"},"image":{"@id":"https:\/\/www.facecorner.lv\/shop\/dr-althea-rapid-firm-sculpting-cream-45ml\/#primaryimage"},"thumbnailUrl":"https:\/\/www.facecorner.lv\/wp-content\/uploads\/2025\/02\/images62ca7b03eb8f7.webp","datePublished":"2025-02-15T10:24:10+00:00","dateModified":"2026-01-05T12:55:12+00:00","description":"Dr. Althea Rapid Firm Sculpting Cream efekt\u012bvi izl\u012bdzina \u0101du, nodro\u0161ina redzamu liftinga efektu un pie\u0161\u0137ir tai vesel\u012bgu mirdzumu.","breadcrumb":{"@id":"https:\/\/www.facecorner.lv\/shop\/dr-althea-rapid-firm-sculpting-cream-45ml\/#breadcrumb"},"inLanguage":"en-US","potentialAction":[{"@type":"ReadAction","target":["https:\/\/www.facecorner.lv\/shop\/dr-althea-rapid-firm-sculpting-cream-45ml\/"]}]},{"@type":"ImageObject","inLanguage":"en-US","@id":"https:\/\/www.facecorner.lv\/shop\/dr-althea-rapid-firm-sculpting-cream-45ml\/#primaryimage","url":"https:\/\/www.facecorner.lv\/wp-content\/uploads\/2025\/02\/images62ca7b03eb8f7.webp","contentUrl":"https:\/\/www.facecorner.lv\/wp-content\/uploads\/2025\/02\/images62ca7b03eb8f7.webp","width":1000,"height":1000,"caption":"Dr. Althea Rapid Firm Sculpting Cream"},{"@type":"BreadcrumbList","@id":"https:\/\/www.facecorner.lv\/shop\/dr-althea-rapid-firm-sculpting-cream-45ml\/#breadcrumb","itemListElement":[{"@type":"ListItem","position":1,"name":"Home","item":"https:\/\/www.facecorner.lv\/"},{"@type":"ListItem","position":2,"name":"Veikals","item":"https:\/\/www.facecorner.lv\/shop\/"},{"@type":"ListItem","position":3,"name":"Dr. Althea Rapid Firm Sculpting Cream 45ml"}]},{"@type":"WebSite","@id":"https:\/\/www.facecorner.lv\/#website","url":"https:\/\/www.facecorner.lv\/","name":"Facecorner","description":"","publisher":{"@id":"https:\/\/www.facecorner.lv\/#organization"},"potentialAction":[{"@type":"SearchAction","target":{"@type":"EntryPoint","urlTemplate":"https:\/\/www.facecorner.lv\/?s={search_term_string}"},"query-input":{"@type":"PropertyValueSpecification","valueRequired":true,"valueName":"search_term_string"}}],"inLanguage":"en-US"},{"@type":"Organization","@id":"https:\/\/www.facecorner.lv\/#organization","name":"Facecorner","url":"https:\/\/www.facecorner.lv\/","logo":{"@type":"ImageObject","inLanguage":"en-US","@id":"https:\/\/www.facecorner.lv\/#\/schema\/logo\/image\/","url":"https:\/\/www.facecorner.lv\/wp-content\/uploads\/2024\/04\/fc-logo.jpg","contentUrl":"https:\/\/www.facecorner.lv\/wp-content\/uploads\/2024\/04\/fc-logo.jpg","width":174,"height":28,"caption":"Facecorner"},"image":{"@id":"https:\/\/www.facecorner.lv\/#\/schema\/logo\/image\/"},"sameAs":["https:\/\/www.facebook.com\/profile.php?id=100063824551839","https:\/\/www.instagram.com\/facecorner_shop\/"]}]},"product_price_amount":"29.90","product_price_currency":"EUR","og_availability":"instock","product_availability":"instock","product_condition":"new"},"_links":{"self":[{"href":"https:\/\/www.facecorner.lv\/en\/wp-json\/wp\/v2\/product\/23402","targetHints":{"allow":["GET"]}}],"collection":[{"href":"https:\/\/www.facecorner.lv\/en\/wp-json\/wp\/v2\/product"}],"about":[{"href":"https:\/\/www.facecorner.lv\/en\/wp-json\/wp\/v2\/types\/product"}],"replies":[{"embeddable":true,"href":"https:\/\/www.facecorner.lv\/en\/wp-json\/wp\/v2\/comments?post=23402"}],"wp:featuredmedia":[{"embeddable":true,"href":"https:\/\/www.facecorner.lv\/en\/wp-json\/wp\/v2\/media\/23403"}],"wp:attachment":[{"href":"https:\/\/www.facecorner.lv\/en\/wp-json\/wp\/v2\/media?parent=23402"}],"wp:term":[{"taxonomy":"product_brand","embeddable":true,"href":"https:\/\/www.facecorner.lv\/en\/wp-json\/wp\/v2\/product_brand?post=23402"},{"taxonomy":"product_cat","embeddable":true,"href":"https:\/\/www.facecorner.lv\/en\/wp-json\/wp\/v2\/product_cat?post=23402"},{"taxonomy":"product_tag","embeddable":true,"href":"https:\/\/www.facecorner.lv\/en\/wp-json\/wp\/v2\/product_tag?post=23402"},{"taxonomy":"berocket_brand","embeddable":true,"href":"https:\/\/www.facecorner.lv\/en\/wp-json\/wp\/v2\/berocket_brand?post=23402"}],"curies":[{"name":"wp","href":"https:\/\/api.w.org\/{rel}","templated":true}]}}