{"id":23397,"date":"2025-02-15T13:07:05","date_gmt":"2025-02-15T10:07:05","guid":{"rendered":"https:\/\/www.facecorner.lv\/?post_type=product&#038;p=23397"},"modified":"2026-01-20T14:50:58","modified_gmt":"2026-01-20T11:50:58","slug":"dr-althea-pure-grinding-cleansing-balm-50ml","status":"publish","type":"product","link":"https:\/\/www.facecorner.lv\/en\/shop\/dr-althea-pure-grinding-cleansing-balm-50ml\/","title":{"rendered":"Dr. Althea Pure Grinding Cleansing Balm 50ml"},"content":{"rendered":"<p>Dr. Althea Pure Grinding Cleansing Balm\u00a0 ar minim\u0101listisku sast\u0101vu nodro\u0161ina maigu un delik\u0101tu att\u012br\u012b\u0161anu bez sausuma un kairin\u0101juma. \u012apa\u0161ais higi\u0113niskais meh\u0101nisms \u013cauj no\u0146emt nepiecie\u0161amo l\u012bdzek\u013ca daudzumu, neradot gaisa iek\u013c\u016b\u0161anas risku iepakojum\u0101.<\/p>\n<p>Balzams efekt\u012bvi no\u0146em notur\u012bgu kosm\u0113tiku, pamatkr\u0113mu un saules aizsargkr\u0113mu. Tas regul\u0113 tauku dziedzeru darb\u012bbu, absorb\u0113 lieko sebumu, \u0161\u0137\u012bdina melnos plankumus un tauku pavedienus.<\/p>\n<p>Produkts ar veg\u0101nu formulu nesatur kr\u0101svielas, smar\u017evielas un dz\u012bvnieku izcelsmes produktus.<\/p>\n<p><strong>Main active ingredients:<\/strong><\/p>\n<ul>\n<li>Za\u013c\u0101s t\u0113jas e\u013c\u013ca &#8211; antioksidants, tai piem\u012bt aizsarg\u0101jo\u0161a un pretiekaisuma iedarb\u012bba, t\u0101 no\u0146em keratiniz\u0113t\u0101s \u0161\u016bnas un pa\u0101trina epidermas raga sl\u0101\u0146a atjauno\u0161anos. T\u0101 izl\u012bdzina sejas tonusu, kav\u0113 iekaisuma att\u012bst\u012bbu, regul\u0113 sebuma veido\u0161anos.<\/li>\n<li>V\u012bnogu kauli\u0146u e\u013c\u013ca &#8211; dab\u012bgs antioksidants, neitraliz\u0113 br\u012bvo radik\u0101\u013cu iedarb\u012bbu. \u0160\u012bs sast\u0101vda\u013cas izmanto\u0161ana pal\u012bdz stabiliz\u0113t kolag\u0113na un elast\u012bna, kas atbild par \u0101das jaun\u012bbu un elast\u012bbu, veido\u0161anos.<\/li>\n<li>Centella asiatica ekstrakts samazina \u0101das reaktivit\u0101ti, mazina kairin\u0101jumu, mazina niezi un aps\u0101rtumu. Tam piem\u012bt asinsvadus sa\u0161aurino\u0161a iedarb\u012bba, tas mazina piet\u016bkumu &#8211; efekt\u012bvi nov\u0113r\u0161 kuperozi.<\/li>\n<li>Madekasos\u012bds &#8211; Centella asiatica atvasin\u0101jums, mazina kairin\u0101jumu, niezi un piet\u016bkumu, pateicoties t\u0101 aizsarg\u0101jo\u0161aj\u0101m \u012bpa\u0161\u012bb\u0101m stiprina asinsvadu sieni\u0146as, mazina redzamo aps\u0101rtumu.<\/li>\n<li>Asiaticosidam piem\u012bt izteiktas dziedino\u0161as un pretiekaisuma \u012bpa\u0161\u012bbas, tas stimul\u0113 pa\u0161u hialuronsk\u0101bes, kolag\u0113na un elast\u012bna \u0161\u0137iedru sint\u0113zi,<\/li>\n<\/ul>\n<p><strong>How to use:<\/strong> pagrie\u017eot v\u0101ci\u0146u, no\u0146emiet vajadz\u012bgo produkta daudzumu, uzkl\u0101jiet balzamu uz sausas \u0101das, izkl\u0101jiet ar ap\u013cveida mas\u0113jo\u0161\u0101m kust\u012bb\u0101m, noskalojiet ar \u016bdeni. Nomazg\u0101jiet ar put\u0101m.<\/p>\n<p><strong>Ingredientes:<\/strong> Cetyl Ethylhexanoate, Caprylic\/Capric Triglyceride, PEG-20 Glyceryl Triisostearate, Synthetic Wax, PEG-10 Isostearate, Sorbitan Sesquioleate, Camellia Sinensis Seed Oil, Vitis Vinifera (Grape) Seed Oil, Madecassoside, Centella Asiatica Extract, Asiaticoside, Water, Caprylyl Glycol, Ethylhexylglycerin<\/p>","protected":false},"excerpt":{"rendered":"<p>Dr. Althea Pure Grind att\u012bro\u0161ais balzams ar minim\u0101listisku sast\u0101vu nodro\u0161ina maigu un delik\u0101tu att\u012br\u012b\u0161anu bez sausuma un kairin\u0101juma. \u012apa\u0161ais higi\u0113niskais meh\u0101nisms \u013cauj no\u0146emt nepiecie\u0161amo l\u012bdzek\u013ca daudzumu, neradot risku, ka iepakojum\u0101 iek\u013c\u016bs gaiss. Satur CICA kompleksu, za\u013c\u0101s t\u0113jas e\u013c\u013cu un v\u012bnogu kauli\u0146u e\u013c\u013cu.<\/p>","protected":false},"featured_media":23398,"comment_status":"open","ping_status":"closed","template":"","meta":{"site-sidebar-layout":"default","site-content-layout":"","ast-site-content-layout":"default","site-content-style":"default","site-sidebar-style":"default","ast-global-header-display":"","ast-banner-title-visibility":"","ast-main-header-display":"","ast-hfb-above-header-display":"","ast-hfb-below-header-display":"","ast-hfb-mobile-header-display":"","site-post-title":"","ast-breadcrumbs-content":"","ast-featured-img":"","footer-sml-layout":"","theme-transparent-header-meta":"default","adv-header-id-meta":"","stick-header-meta":"","header-above-stick-meta":"","header-main-stick-meta":"","header-below-stick-meta":"","astra-migrate-meta-layouts":"set","ast-page-background-enabled":"default","ast-page-background-meta":{"desktop":{"background-color":"var(--ast-global-color-4)","background-image":"","background-repeat":"repeat","background-position":"center center","background-size":"auto","background-attachment":"scroll","background-type":"","background-media":"","overlay-type":"","overlay-color":"","overlay-opacity":"","overlay-gradient":""},"tablet":{"background-color":"","background-image":"","background-repeat":"repeat","background-position":"center center","background-size":"auto","background-attachment":"scroll","background-type":"","background-media":"","overlay-type":"","overlay-color":"","overlay-opacity":"","overlay-gradient":""},"mobile":{"background-color":"","background-image":"","background-repeat":"repeat","background-position":"center center","background-size":"auto","background-attachment":"scroll","background-type":"","background-media":"","overlay-type":"","overlay-color":"","overlay-opacity":"","overlay-gradient":""}},"ast-content-background-meta":{"desktop":{"background-color":"var(--ast-global-color-5)","background-image":"","background-repeat":"repeat","background-position":"center center","background-size":"auto","background-attachment":"scroll","background-type":"","background-media":"","overlay-type":"","overlay-color":"","overlay-opacity":"","overlay-gradient":""},"tablet":{"background-color":"var(--ast-global-color-5)","background-image":"","background-repeat":"repeat","background-position":"center center","background-size":"auto","background-attachment":"scroll","background-type":"","background-media":"","overlay-type":"","overlay-color":"","overlay-opacity":"","overlay-gradient":""},"mobile":{"background-color":"var(--ast-global-color-5)","background-image":"","background-repeat":"repeat","background-position":"center center","background-size":"auto","background-attachment":"scroll","background-type":"","background-media":"","overlay-type":"","overlay-color":"","overlay-opacity":"","overlay-gradient":""}}},"product_brand":[],"product_cat":[310,321],"product_tag":[],"berocket_brand":[597],"class_list":{"0":"post-23397","1":"product","2":"type-product","3":"status-publish","4":"has-post-thumbnail","6":"product_cat-attirisana","7":"product_cat-hidrofila-ella","8":"berocket_brand-dr-althea","9":"desktop-align-left","10":"tablet-align-left","11":"mobile-align-left","13":"first","14":"outofstock","15":"taxable","16":"shipping-taxable","17":"purchasable","18":"product-type-simple","19":"add-to-wishlist-before_image"},"yoast_head":"<!-- This site is optimized with the Yoast SEO plugin v27.3 - https:\/\/yoast.com\/product\/yoast-seo-wordpress\/ -->\n<title>Dr. Althea Pure Grinding Cleansing Balm 50ml - FACECORNER<\/title>\n<meta name=\"description\" content=\"Dr. Althea Pure Grinding Cleansing Balm\u00a0 ar minim\u0101listisku sast\u0101vu nodro\u0161ina maigu un delik\u0101tu att\u012br\u012b\u0161anu bez sausuma un kairin\u0101juma.\" \/>\n<meta name=\"robots\" content=\"index, follow, max-snippet:-1, max-image-preview:large, max-video-preview:-1\" \/>\n<link rel=\"canonical\" href=\"https:\/\/www.facecorner.lv\/en\/shop\/dr-althea-pure-grinding-cleansing-balm-50ml\/\" \/>\n<meta property=\"og:locale\" content=\"en_US\" \/>\n<meta property=\"og:type\" content=\"article\" \/>\n<meta property=\"og:title\" content=\"Dr. Althea Pure Grinding Cleansing Balm 50ml - FACECORNER\" \/>\n<meta property=\"og:description\" content=\"Dr. Althea Pure Grinding Cleansing Balm\u00a0 ar minim\u0101listisku sast\u0101vu nodro\u0161ina maigu un delik\u0101tu att\u012br\u012b\u0161anu bez sausuma un kairin\u0101juma.\" \/>\n<meta property=\"og:url\" content=\"https:\/\/www.facecorner.lv\/en\/shop\/dr-althea-pure-grinding-cleansing-balm-50ml\/\" \/>\n<meta property=\"og:site_name\" content=\"FACECORNER\" \/>\n<meta property=\"article:publisher\" content=\"https:\/\/www.facebook.com\/profile.php?id=100063824551839\" \/>\n<meta property=\"article:modified_time\" content=\"2026-01-20T11:50:58+00:00\" \/>\n<meta property=\"og:image\" content=\"https:\/\/www.facecorner.lv\/wp-content\/uploads\/2025\/02\/513JO93Y3lL.jpg\" \/>\n\t<meta property=\"og:image:width\" content=\"1080\" \/>\n\t<meta property=\"og:image:height\" content=\"1080\" \/>\n\t<meta property=\"og:image:type\" content=\"image\/jpeg\" \/>\n<meta name=\"twitter:card\" content=\"summary_large_image\" \/>\n<meta name=\"twitter:label1\" content=\"Price\" \/>\n\t<meta name=\"twitter:data1\" content=\"&euro;21.90\" \/>\n\t<meta name=\"twitter:label2\" content=\"Availability\" \/>\n\t<meta name=\"twitter:data2\" content=\"Out of stock\" \/>\n<script type=\"application\/ld+json\" class=\"yoast-schema-graph\">{\"@context\":\"https:\\\/\\\/schema.org\",\"@graph\":[{\"@type\":\"WebPage\",\"@id\":\"https:\\\/\\\/www.facecorner.lv\\\/shop\\\/dr-althea-pure-grinding-cleansing-balm-50ml\\\/\",\"url\":\"https:\\\/\\\/www.facecorner.lv\\\/shop\\\/dr-althea-pure-grinding-cleansing-balm-50ml\\\/\",\"name\":\"Dr. Althea Pure Grinding Cleansing Balm 50ml - FACECORNER\",\"isPartOf\":{\"@id\":\"https:\\\/\\\/www.facecorner.lv\\\/#website\"},\"primaryImageOfPage\":{\"@id\":\"https:\\\/\\\/www.facecorner.lv\\\/shop\\\/dr-althea-pure-grinding-cleansing-balm-50ml\\\/#primaryimage\"},\"image\":{\"@id\":\"https:\\\/\\\/www.facecorner.lv\\\/shop\\\/dr-althea-pure-grinding-cleansing-balm-50ml\\\/#primaryimage\"},\"thumbnailUrl\":\"https:\\\/\\\/www.facecorner.lv\\\/wp-content\\\/uploads\\\/2025\\\/02\\\/513JO93Y3lL.jpg\",\"datePublished\":\"2025-02-15T10:07:05+00:00\",\"dateModified\":\"2026-01-20T11:50:58+00:00\",\"description\":\"Dr. Althea Pure Grinding Cleansing Balm\u00a0 ar minim\u0101listisku sast\u0101vu nodro\u0161ina maigu un delik\u0101tu att\u012br\u012b\u0161anu bez sausuma un kairin\u0101juma.\",\"breadcrumb\":{\"@id\":\"https:\\\/\\\/www.facecorner.lv\\\/shop\\\/dr-althea-pure-grinding-cleansing-balm-50ml\\\/#breadcrumb\"},\"inLanguage\":\"en-US\",\"potentialAction\":[{\"@type\":\"ReadAction\",\"target\":[\"https:\\\/\\\/www.facecorner.lv\\\/shop\\\/dr-althea-pure-grinding-cleansing-balm-50ml\\\/\"]}]},{\"@type\":\"ImageObject\",\"inLanguage\":\"en-US\",\"@id\":\"https:\\\/\\\/www.facecorner.lv\\\/shop\\\/dr-althea-pure-grinding-cleansing-balm-50ml\\\/#primaryimage\",\"url\":\"https:\\\/\\\/www.facecorner.lv\\\/wp-content\\\/uploads\\\/2025\\\/02\\\/513JO93Y3lL.jpg\",\"contentUrl\":\"https:\\\/\\\/www.facecorner.lv\\\/wp-content\\\/uploads\\\/2025\\\/02\\\/513JO93Y3lL.jpg\",\"width\":1080,\"height\":1080,\"caption\":\"Version 1.0.0\"},{\"@type\":\"BreadcrumbList\",\"@id\":\"https:\\\/\\\/www.facecorner.lv\\\/shop\\\/dr-althea-pure-grinding-cleansing-balm-50ml\\\/#breadcrumb\",\"itemListElement\":[{\"@type\":\"ListItem\",\"position\":1,\"name\":\"Home\",\"item\":\"https:\\\/\\\/www.facecorner.lv\\\/\"},{\"@type\":\"ListItem\",\"position\":2,\"name\":\"Veikals\",\"item\":\"https:\\\/\\\/www.facecorner.lv\\\/shop\\\/\"},{\"@type\":\"ListItem\",\"position\":3,\"name\":\"Dr. Althea Pure Grinding Cleansing Balm 50ml\"}]},{\"@type\":\"WebSite\",\"@id\":\"https:\\\/\\\/www.facecorner.lv\\\/#website\",\"url\":\"https:\\\/\\\/www.facecorner.lv\\\/\",\"name\":\"Facecorner\",\"description\":\"\",\"publisher\":{\"@id\":\"https:\\\/\\\/www.facecorner.lv\\\/#organization\"},\"potentialAction\":[{\"@type\":\"SearchAction\",\"target\":{\"@type\":\"EntryPoint\",\"urlTemplate\":\"https:\\\/\\\/www.facecorner.lv\\\/?s={search_term_string}\"},\"query-input\":{\"@type\":\"PropertyValueSpecification\",\"valueRequired\":true,\"valueName\":\"search_term_string\"}}],\"inLanguage\":\"en-US\"},{\"@type\":\"Organization\",\"@id\":\"https:\\\/\\\/www.facecorner.lv\\\/#organization\",\"name\":\"Facecorner\",\"url\":\"https:\\\/\\\/www.facecorner.lv\\\/\",\"logo\":{\"@type\":\"ImageObject\",\"inLanguage\":\"en-US\",\"@id\":\"https:\\\/\\\/www.facecorner.lv\\\/#\\\/schema\\\/logo\\\/image\\\/\",\"url\":\"https:\\\/\\\/www.facecorner.lv\\\/wp-content\\\/uploads\\\/2024\\\/04\\\/fc-logo.jpg\",\"contentUrl\":\"https:\\\/\\\/www.facecorner.lv\\\/wp-content\\\/uploads\\\/2024\\\/04\\\/fc-logo.jpg\",\"width\":174,\"height\":28,\"caption\":\"Facecorner\"},\"image\":{\"@id\":\"https:\\\/\\\/www.facecorner.lv\\\/#\\\/schema\\\/logo\\\/image\\\/\"},\"sameAs\":[\"https:\\\/\\\/www.facebook.com\\\/profile.php?id=100063824551839\",\"https:\\\/\\\/www.instagram.com\\\/facecorner_shop\\\/\"]}]}<\/script>\n<meta property=\"product:price:amount\" content=\"21.90\" \/>\n<meta property=\"product:price:currency\" content=\"EUR\" \/>\n<meta property=\"og:availability\" content=\"out of stock\" \/>\n<meta property=\"product:availability\" content=\"out of stock\" \/>\n<meta property=\"product:condition\" content=\"new\" \/>\n<!-- \/ Yoast SEO plugin. -->","yoast_head_json":{"title":"Dr. Althea Pure Grinding Cleansing Balm 50ml - FACECORNER","description":"Dr. Althea Pure Grinding Cleansing Balm\u00a0 ar minim\u0101listisku sast\u0101vu nodro\u0161ina maigu un delik\u0101tu att\u012br\u012b\u0161anu bez sausuma un kairin\u0101juma.","robots":{"index":"index","follow":"follow","max-snippet":"max-snippet:-1","max-image-preview":"max-image-preview:large","max-video-preview":"max-video-preview:-1"},"canonical":"https:\/\/www.facecorner.lv\/en\/shop\/dr-althea-pure-grinding-cleansing-balm-50ml\/","og_locale":"en_US","og_type":"article","og_title":"Dr. Althea Pure Grinding Cleansing Balm 50ml - FACECORNER","og_description":"Dr. Althea Pure Grinding Cleansing Balm\u00a0 ar minim\u0101listisku sast\u0101vu nodro\u0161ina maigu un delik\u0101tu att\u012br\u012b\u0161anu bez sausuma un kairin\u0101juma.","og_url":"https:\/\/www.facecorner.lv\/en\/shop\/dr-althea-pure-grinding-cleansing-balm-50ml\/","og_site_name":"FACECORNER","article_publisher":"https:\/\/www.facebook.com\/profile.php?id=100063824551839","article_modified_time":"2026-01-20T11:50:58+00:00","og_image":[{"width":1080,"height":1080,"url":"https:\/\/www.facecorner.lv\/wp-content\/uploads\/2025\/02\/513JO93Y3lL.jpg","type":"image\/jpeg"}],"twitter_card":"summary_large_image","twitter_misc":{"Price":"&euro;21.90","Availability":"Out of stock"},"schema":{"@context":"https:\/\/schema.org","@graph":[{"@type":"WebPage","@id":"https:\/\/www.facecorner.lv\/shop\/dr-althea-pure-grinding-cleansing-balm-50ml\/","url":"https:\/\/www.facecorner.lv\/shop\/dr-althea-pure-grinding-cleansing-balm-50ml\/","name":"Dr. Althea Pure Grinding Cleansing Balm 50ml - FACECORNER","isPartOf":{"@id":"https:\/\/www.facecorner.lv\/#website"},"primaryImageOfPage":{"@id":"https:\/\/www.facecorner.lv\/shop\/dr-althea-pure-grinding-cleansing-balm-50ml\/#primaryimage"},"image":{"@id":"https:\/\/www.facecorner.lv\/shop\/dr-althea-pure-grinding-cleansing-balm-50ml\/#primaryimage"},"thumbnailUrl":"https:\/\/www.facecorner.lv\/wp-content\/uploads\/2025\/02\/513JO93Y3lL.jpg","datePublished":"2025-02-15T10:07:05+00:00","dateModified":"2026-01-20T11:50:58+00:00","description":"Dr. Althea Pure Grinding Cleansing Balm\u00a0 ar minim\u0101listisku sast\u0101vu nodro\u0161ina maigu un delik\u0101tu att\u012br\u012b\u0161anu bez sausuma un kairin\u0101juma.","breadcrumb":{"@id":"https:\/\/www.facecorner.lv\/shop\/dr-althea-pure-grinding-cleansing-balm-50ml\/#breadcrumb"},"inLanguage":"en-US","potentialAction":[{"@type":"ReadAction","target":["https:\/\/www.facecorner.lv\/shop\/dr-althea-pure-grinding-cleansing-balm-50ml\/"]}]},{"@type":"ImageObject","inLanguage":"en-US","@id":"https:\/\/www.facecorner.lv\/shop\/dr-althea-pure-grinding-cleansing-balm-50ml\/#primaryimage","url":"https:\/\/www.facecorner.lv\/wp-content\/uploads\/2025\/02\/513JO93Y3lL.jpg","contentUrl":"https:\/\/www.facecorner.lv\/wp-content\/uploads\/2025\/02\/513JO93Y3lL.jpg","width":1080,"height":1080,"caption":"Version 1.0.0"},{"@type":"BreadcrumbList","@id":"https:\/\/www.facecorner.lv\/shop\/dr-althea-pure-grinding-cleansing-balm-50ml\/#breadcrumb","itemListElement":[{"@type":"ListItem","position":1,"name":"Home","item":"https:\/\/www.facecorner.lv\/"},{"@type":"ListItem","position":2,"name":"Veikals","item":"https:\/\/www.facecorner.lv\/shop\/"},{"@type":"ListItem","position":3,"name":"Dr. Althea Pure Grinding Cleansing Balm 50ml"}]},{"@type":"WebSite","@id":"https:\/\/www.facecorner.lv\/#website","url":"https:\/\/www.facecorner.lv\/","name":"Facecorner","description":"","publisher":{"@id":"https:\/\/www.facecorner.lv\/#organization"},"potentialAction":[{"@type":"SearchAction","target":{"@type":"EntryPoint","urlTemplate":"https:\/\/www.facecorner.lv\/?s={search_term_string}"},"query-input":{"@type":"PropertyValueSpecification","valueRequired":true,"valueName":"search_term_string"}}],"inLanguage":"en-US"},{"@type":"Organization","@id":"https:\/\/www.facecorner.lv\/#organization","name":"Facecorner","url":"https:\/\/www.facecorner.lv\/","logo":{"@type":"ImageObject","inLanguage":"en-US","@id":"https:\/\/www.facecorner.lv\/#\/schema\/logo\/image\/","url":"https:\/\/www.facecorner.lv\/wp-content\/uploads\/2024\/04\/fc-logo.jpg","contentUrl":"https:\/\/www.facecorner.lv\/wp-content\/uploads\/2024\/04\/fc-logo.jpg","width":174,"height":28,"caption":"Facecorner"},"image":{"@id":"https:\/\/www.facecorner.lv\/#\/schema\/logo\/image\/"},"sameAs":["https:\/\/www.facebook.com\/profile.php?id=100063824551839","https:\/\/www.instagram.com\/facecorner_shop\/"]}]},"product_price_amount":"21.90","product_price_currency":"EUR","og_availability":"out of stock","product_availability":"out of stock","product_condition":"new"},"_links":{"self":[{"href":"https:\/\/www.facecorner.lv\/en\/wp-json\/wp\/v2\/product\/23397","targetHints":{"allow":["GET"]}}],"collection":[{"href":"https:\/\/www.facecorner.lv\/en\/wp-json\/wp\/v2\/product"}],"about":[{"href":"https:\/\/www.facecorner.lv\/en\/wp-json\/wp\/v2\/types\/product"}],"replies":[{"embeddable":true,"href":"https:\/\/www.facecorner.lv\/en\/wp-json\/wp\/v2\/comments?post=23397"}],"wp:featuredmedia":[{"embeddable":true,"href":"https:\/\/www.facecorner.lv\/en\/wp-json\/wp\/v2\/media\/23398"}],"wp:attachment":[{"href":"https:\/\/www.facecorner.lv\/en\/wp-json\/wp\/v2\/media?parent=23397"}],"wp:term":[{"taxonomy":"product_brand","embeddable":true,"href":"https:\/\/www.facecorner.lv\/en\/wp-json\/wp\/v2\/product_brand?post=23397"},{"taxonomy":"product_cat","embeddable":true,"href":"https:\/\/www.facecorner.lv\/en\/wp-json\/wp\/v2\/product_cat?post=23397"},{"taxonomy":"product_tag","embeddable":true,"href":"https:\/\/www.facecorner.lv\/en\/wp-json\/wp\/v2\/product_tag?post=23397"},{"taxonomy":"berocket_brand","embeddable":true,"href":"https:\/\/www.facecorner.lv\/en\/wp-json\/wp\/v2\/berocket_brand?post=23397"}],"curies":[{"name":"wp","href":"https:\/\/api.w.org\/{rel}","templated":true}]}}