{"id":23381,"date":"2025-02-14T00:10:43","date_gmt":"2025-02-13T21:10:43","guid":{"rendered":"https:\/\/www.facecorner.lv\/?post_type=product&#038;p=23381"},"modified":"2026-01-06T16:31:19","modified_gmt":"2026-01-06T13:31:19","slug":"dr-althea-345-relief-cream-50ml","status":"publish","type":"product","link":"https:\/\/www.facecorner.lv\/en\/shop\/dr-althea-345-relief-cream-50ml\/","title":{"rendered":"Dr. Althea 345 Relief Cream 50ml"},"content":{"rendered":"<p><!--more-->Nomierino\u0161s kr\u0113ms ar resveratrolu Dr. Althea 345 Relief Cream ir mitrino\u0161s kr\u0113ms jut\u012bgai \u0101dai ar vieglu tekst\u016bru. Pa\u0101trina re\u0123ener\u0101cijas un atjauno\u0161an\u0101s procesus, stiprina aizsargbarjeru, neitraliz\u0113 vides faktoru negat\u012bvo ietekmi un uztur optim\u0101lu mitrin\u0101\u0161anas l\u012bmeni.<\/p>\n<p>Stimul\u0113 iekaisumu dz\u012b\u0161anu, samazina pinnes laukumu, samazina epidermas neaizsarg\u0101t\u012bbu pret agres\u012bvu vides faktoru ietekmi. Nomierina iekaisu\u0161o \u0101du un mazina niezi, dzi\u013ci mitrina, uzlabo sejas kr\u0101su un atgrie\u017e tai mirdzumu. L\u012bdzeklis ir vieglas \u017eelejas konsistences, \u0101tri ies\u016bcas un lieliski mitrina.<\/p>\n<p>Viena no kr\u0113ma galvenaj\u0101m sast\u0101vda\u013c\u0101m &#8211; resveratrols &#8211; ir sp\u0113c\u012bgs antioksidants un akt\u012bvi c\u012bn\u0101s pret br\u012bvajiem radik\u0101\u013ciem, kas veidojas negat\u012bvu vides faktoru izrais\u012bt\u0101 oksidat\u012bv\u0101 stresa rezult\u0101t\u0101.<\/p>\n<p><strong>KEY INGREDIENTS:<\/strong><\/p>\n<ul>\n<li>Niac\u012bnam\u012bds (vitam\u012bns B3) nov\u0113r\u0161 taukainu sp\u012bdumu, stiprina hidrolip\u012bdu barjeru, regul\u0113 sebuma aktivit\u0101ti un izl\u012bdzina \u0101das toni.<\/li>\n<li>Opuncijas stubl\u0101ja ekstrakts m\u012bkstina un mitrina, pal\u012bdz mazin\u0101t UV starojuma negat\u012bvo ietekmi, c\u012bn\u0101s pret kairin\u0101jumu un samazina jut\u012bgumu.<\/li>\n<li>Pantenols (vitam\u012bns B5) veicina mikroboj\u0101jumu dz\u012b\u0161anu, mazina kairin\u0101jumu, aps\u0101rtumu un niezi, nomierina un m\u012bkstina.<\/li>\n<li>Centella asiatica lapu ekstrakts mazina aps\u0101rtumu un kairin\u0101jumu, stiprina asinsvadu sieni\u0146as, samazina kuperozes ra\u0161anos, palielina elast\u012bbu.<\/li>\n<li>Houttuynia cordifolia ekstrakts nov\u0113r\u0161 iekaisumu, veicina mikroboj\u0101jumu dz\u012b\u0161anu, nomierina kairin\u0101jumu un samazina \u0101das reaktivit\u0101ti.<\/li>\n<li>Ceram\u012bdi pastiprina epidermas aizsargfunkcijas, nov\u0113r\u0161 mitruma zudumu un veicina \u0101das re\u0123ener\u0101ciju. Atbr\u012bvojas no sausuma, lob\u012b\u0161an\u0101s, noder aler\u0123isku izsitumu, ekz\u0113mas, psori\u0101zes \u0101rst\u0113\u0161an\u0101.<\/li>\n<li>Vakara pr\u012bmulas ekstrakts nomierina un izl\u012bdzina \u0101du, maigi balina. Tas nov\u0113r\u0161 aps\u0101rtumu un kairin\u0101jumu, stiprina asinsvadu sieni\u0146as un pal\u0113nina noveco\u0161an\u0101s procesus.<\/li>\n<\/ul>\n<p><strong>How to use:<\/strong> ar viegl\u0101m mas\u0101\u017eas kust\u012bb\u0101m uzkl\u0101t nepiecie\u0161amo kr\u0113ma daudzumu.<\/p>\n<p><strong>Ingredientes:<\/strong>: Water, Propanediol, Glycerin, Cyclohexasiloxane, 1,2 Hexanediol, Niacinamide,\u00a0Caprylic\/\u0421apric Triglyceride, Panthenol, Polyglycerin-3, Polyglyceryl-10 Stearate, Hydrogenated Poly(C6 14 Olefin), Hydrogenated Polydecene, Coptis Japonica Root Extract, Houttuynia Cordata Extract, Oenothera Biennis\u00a0\u00a0(Evening Primrose) Flower Extract, Lavandula Angustifolia (Lavender) Flower Extract, Centella Asiatica Leaf Extract,\u00a0Opuntia Ficus-Indica Stem Extract, Gardenia Florida Fruit Extract, Hibiscus Sabdariffa Flower Extract, Corallina Officinalis Extract, Sodium Hyaluronate, Dicaprylyl Carbonate, C14-22 Alcohols, Ammonium Acryloyldimethyltaurate\/VP Copolymer, Polydimethylsiloxane, C12-20 Alkyl Glucoside, Butylene Glycol, Acrylates\/C10-30 Alkyl Acrylate Crosspolymer, Ethylhexylglycerin, Polyquaternium-51, Tromethamine, Beta-Glucan, Resveratrol, Hydrolyzed Hyaluronic Acid, Tocopherol, Ceramide NP, Phenoxyethanol<\/p>","protected":false},"excerpt":{"rendered":"<p>Nomierino\u0161s kr\u0113ms ar resveratrolu un Dr Althea Resveratrol 345 Relief Cream mazina iekaisumu un aps\u0101rtumu, dzi\u013ci mitrina, nov\u0113r\u0161 sausumu, samazina p\u016bt\u012btes plankumus. Pa\u0101trina \u0101das re\u0123ener\u0101cijas un atjauno\u0161an\u0101s procesus, stiprina epidermu. Atjauno aizsargbarjeru, neitraliz\u0113 vides faktoru negat\u012bvo ietekmi uz \u0101du. Sast\u0101vs: resveratrols, niacinam\u012bds, opuncijas ekstrakts, pantenols, keram\u012bdi, hialuronsk\u0101be, hait\u016bnijas un centellas ekstrakti.<\/p>","protected":false},"featured_media":23382,"comment_status":"open","ping_status":"closed","template":"","meta":{"site-sidebar-layout":"default","site-content-layout":"","ast-site-content-layout":"default","site-content-style":"default","site-sidebar-style":"default","ast-global-header-display":"","ast-banner-title-visibility":"","ast-main-header-display":"","ast-hfb-above-header-display":"","ast-hfb-below-header-display":"","ast-hfb-mobile-header-display":"","site-post-title":"","ast-breadcrumbs-content":"","ast-featured-img":"","footer-sml-layout":"","theme-transparent-header-meta":"default","adv-header-id-meta":"","stick-header-meta":"","header-above-stick-meta":"","header-main-stick-meta":"","header-below-stick-meta":"","astra-migrate-meta-layouts":"set","ast-page-background-enabled":"default","ast-page-background-meta":{"desktop":{"background-color":"var(--ast-global-color-4)","background-image":"","background-repeat":"repeat","background-position":"center center","background-size":"auto","background-attachment":"scroll","background-type":"","background-media":"","overlay-type":"","overlay-color":"","overlay-opacity":"","overlay-gradient":""},"tablet":{"background-color":"","background-image":"","background-repeat":"repeat","background-position":"center center","background-size":"auto","background-attachment":"scroll","background-type":"","background-media":"","overlay-type":"","overlay-color":"","overlay-opacity":"","overlay-gradient":""},"mobile":{"background-color":"","background-image":"","background-repeat":"repeat","background-position":"center center","background-size":"auto","background-attachment":"scroll","background-type":"","background-media":"","overlay-type":"","overlay-color":"","overlay-opacity":"","overlay-gradient":""}},"ast-content-background-meta":{"desktop":{"background-color":"var(--ast-global-color-5)","background-image":"","background-repeat":"repeat","background-position":"center center","background-size":"auto","background-attachment":"scroll","background-type":"","background-media":"","overlay-type":"","overlay-color":"","overlay-opacity":"","overlay-gradient":""},"tablet":{"background-color":"var(--ast-global-color-5)","background-image":"","background-repeat":"repeat","background-position":"center center","background-size":"auto","background-attachment":"scroll","background-type":"","background-media":"","overlay-type":"","overlay-color":"","overlay-opacity":"","overlay-gradient":""},"mobile":{"background-color":"var(--ast-global-color-5)","background-image":"","background-repeat":"repeat","background-position":"center center","background-size":"auto","background-attachment":"scroll","background-type":"","background-media":"","overlay-type":"","overlay-color":"","overlay-opacity":"","overlay-gradient":""}}},"product_brand":[],"product_cat":[366,367,362],"product_tag":[],"berocket_brand":[597],"class_list":{"0":"post-23381","1":"product","2":"type-product","3":"status-publish","4":"has-post-thumbnail","6":"product_cat-mitrinoss","7":"product_cat-nomierinoss","8":"product_cat-sejas-krems","9":"berocket_brand-dr-althea","10":"desktop-align-left","11":"tablet-align-left","12":"mobile-align-left","14":"first","15":"outofstock","16":"taxable","17":"shipping-taxable","18":"purchasable","19":"product-type-simple","20":"add-to-wishlist-before_image"},"yoast_head":"<!-- This site is optimized with the Yoast SEO plugin v27.3 - https:\/\/yoast.com\/product\/yoast-seo-wordpress\/ -->\n<title>Dr. Althea 345 Relief Cream 50ml - FACECORNER<\/title>\n<meta name=\"description\" content=\"Nomierino\u0161s kr\u0113ms ar resveratrolu Dr. Althea 345 Relief Cream mazina iekaisumu un aps\u0101rtumu, dzi\u013ci mitrina, nov\u0113r\u0161 sausumu, samazina p\u016bt\u012btes plankumus.\" \/>\n<meta name=\"robots\" content=\"index, follow, max-snippet:-1, max-image-preview:large, max-video-preview:-1\" \/>\n<link rel=\"canonical\" href=\"https:\/\/www.facecorner.lv\/en\/shop\/dr-althea-345-relief-cream-50ml\/\" \/>\n<meta property=\"og:locale\" content=\"en_US\" \/>\n<meta property=\"og:type\" content=\"article\" \/>\n<meta property=\"og:title\" content=\"Dr. Althea 345 Relief Cream 50ml - FACECORNER\" \/>\n<meta property=\"og:description\" content=\"Nomierino\u0161s kr\u0113ms ar resveratrolu Dr. Althea 345 Relief Cream mazina iekaisumu un aps\u0101rtumu, dzi\u013ci mitrina, nov\u0113r\u0161 sausumu, samazina p\u016bt\u012btes plankumus.\" \/>\n<meta property=\"og:url\" content=\"https:\/\/www.facecorner.lv\/en\/shop\/dr-althea-345-relief-cream-50ml\/\" \/>\n<meta property=\"og:site_name\" content=\"FACECORNER\" \/>\n<meta property=\"article:publisher\" content=\"https:\/\/www.facebook.com\/profile.php?id=100063824551839\" \/>\n<meta property=\"article:modified_time\" content=\"2026-01-06T13:31:19+00:00\" \/>\n<meta property=\"og:image\" content=\"https:\/\/www.facecorner.lv\/wp-content\/uploads\/2025\/02\/Dr._Althea_Resveratrol_345_NA_Intensive_Repair_Cream.webp\" \/>\n\t<meta property=\"og:image:width\" content=\"950\" \/>\n\t<meta property=\"og:image:height\" content=\"950\" \/>\n\t<meta property=\"og:image:type\" content=\"image\/webp\" \/>\n<meta name=\"twitter:card\" content=\"summary_large_image\" \/>\n<meta name=\"twitter:label1\" content=\"Price\" \/>\n\t<meta name=\"twitter:data1\" content=\"&euro;24.90\" \/>\n\t<meta name=\"twitter:label2\" content=\"Availability\" \/>\n\t<meta name=\"twitter:data2\" content=\"Out of stock\" \/>\n<script type=\"application\/ld+json\" class=\"yoast-schema-graph\">{\"@context\":\"https:\\\/\\\/schema.org\",\"@graph\":[{\"@type\":\"WebPage\",\"@id\":\"https:\\\/\\\/www.facecorner.lv\\\/shop\\\/dr-althea-345-relief-cream-50ml\\\/\",\"url\":\"https:\\\/\\\/www.facecorner.lv\\\/shop\\\/dr-althea-345-relief-cream-50ml\\\/\",\"name\":\"Dr. Althea 345 Relief Cream 50ml - FACECORNER\",\"isPartOf\":{\"@id\":\"https:\\\/\\\/www.facecorner.lv\\\/#website\"},\"primaryImageOfPage\":{\"@id\":\"https:\\\/\\\/www.facecorner.lv\\\/shop\\\/dr-althea-345-relief-cream-50ml\\\/#primaryimage\"},\"image\":{\"@id\":\"https:\\\/\\\/www.facecorner.lv\\\/shop\\\/dr-althea-345-relief-cream-50ml\\\/#primaryimage\"},\"thumbnailUrl\":\"https:\\\/\\\/www.facecorner.lv\\\/wp-content\\\/uploads\\\/2025\\\/02\\\/Dr._Althea_Resveratrol_345_NA_Intensive_Repair_Cream.webp\",\"datePublished\":\"2025-02-13T21:10:43+00:00\",\"dateModified\":\"2026-01-06T13:31:19+00:00\",\"description\":\"Nomierino\u0161s kr\u0113ms ar resveratrolu Dr. Althea 345 Relief Cream mazina iekaisumu un aps\u0101rtumu, dzi\u013ci mitrina, nov\u0113r\u0161 sausumu, samazina p\u016bt\u012btes plankumus.\",\"breadcrumb\":{\"@id\":\"https:\\\/\\\/www.facecorner.lv\\\/shop\\\/dr-althea-345-relief-cream-50ml\\\/#breadcrumb\"},\"inLanguage\":\"en-US\",\"potentialAction\":[{\"@type\":\"ReadAction\",\"target\":[\"https:\\\/\\\/www.facecorner.lv\\\/shop\\\/dr-althea-345-relief-cream-50ml\\\/\"]}]},{\"@type\":\"ImageObject\",\"inLanguage\":\"en-US\",\"@id\":\"https:\\\/\\\/www.facecorner.lv\\\/shop\\\/dr-althea-345-relief-cream-50ml\\\/#primaryimage\",\"url\":\"https:\\\/\\\/www.facecorner.lv\\\/wp-content\\\/uploads\\\/2025\\\/02\\\/Dr._Althea_Resveratrol_345_NA_Intensive_Repair_Cream.webp\",\"contentUrl\":\"https:\\\/\\\/www.facecorner.lv\\\/wp-content\\\/uploads\\\/2025\\\/02\\\/Dr._Althea_Resveratrol_345_NA_Intensive_Repair_Cream.webp\",\"width\":950,\"height\":950,\"caption\":\"Nomierino\u0161s kr\u0113ms ar resveratrolu Dr. Althea 345 Relief Cream\"},{\"@type\":\"BreadcrumbList\",\"@id\":\"https:\\\/\\\/www.facecorner.lv\\\/shop\\\/dr-althea-345-relief-cream-50ml\\\/#breadcrumb\",\"itemListElement\":[{\"@type\":\"ListItem\",\"position\":1,\"name\":\"Home\",\"item\":\"https:\\\/\\\/www.facecorner.lv\\\/\"},{\"@type\":\"ListItem\",\"position\":2,\"name\":\"Veikals\",\"item\":\"https:\\\/\\\/www.facecorner.lv\\\/shop\\\/\"},{\"@type\":\"ListItem\",\"position\":3,\"name\":\"Dr. Althea 345 Relief Cream 50ml\"}]},{\"@type\":\"WebSite\",\"@id\":\"https:\\\/\\\/www.facecorner.lv\\\/#website\",\"url\":\"https:\\\/\\\/www.facecorner.lv\\\/\",\"name\":\"Facecorner\",\"description\":\"\",\"publisher\":{\"@id\":\"https:\\\/\\\/www.facecorner.lv\\\/#organization\"},\"potentialAction\":[{\"@type\":\"SearchAction\",\"target\":{\"@type\":\"EntryPoint\",\"urlTemplate\":\"https:\\\/\\\/www.facecorner.lv\\\/?s={search_term_string}\"},\"query-input\":{\"@type\":\"PropertyValueSpecification\",\"valueRequired\":true,\"valueName\":\"search_term_string\"}}],\"inLanguage\":\"en-US\"},{\"@type\":\"Organization\",\"@id\":\"https:\\\/\\\/www.facecorner.lv\\\/#organization\",\"name\":\"Facecorner\",\"url\":\"https:\\\/\\\/www.facecorner.lv\\\/\",\"logo\":{\"@type\":\"ImageObject\",\"inLanguage\":\"en-US\",\"@id\":\"https:\\\/\\\/www.facecorner.lv\\\/#\\\/schema\\\/logo\\\/image\\\/\",\"url\":\"https:\\\/\\\/www.facecorner.lv\\\/wp-content\\\/uploads\\\/2024\\\/04\\\/fc-logo.jpg\",\"contentUrl\":\"https:\\\/\\\/www.facecorner.lv\\\/wp-content\\\/uploads\\\/2024\\\/04\\\/fc-logo.jpg\",\"width\":174,\"height\":28,\"caption\":\"Facecorner\"},\"image\":{\"@id\":\"https:\\\/\\\/www.facecorner.lv\\\/#\\\/schema\\\/logo\\\/image\\\/\"},\"sameAs\":[\"https:\\\/\\\/www.facebook.com\\\/profile.php?id=100063824551839\",\"https:\\\/\\\/www.instagram.com\\\/facecorner_shop\\\/\"]}]}<\/script>\n<meta property=\"product:price:amount\" content=\"24.90\" \/>\n<meta property=\"product:price:currency\" content=\"EUR\" \/>\n<meta property=\"og:availability\" content=\"out of stock\" \/>\n<meta property=\"product:availability\" content=\"out of stock\" \/>\n<meta property=\"product:condition\" content=\"new\" \/>\n<!-- \/ Yoast SEO plugin. -->","yoast_head_json":{"title":"Dr. Althea 345 Relief Cream 50ml - FACECORNER","description":"Nomierino\u0161s kr\u0113ms ar resveratrolu Dr. Althea 345 Relief Cream mazina iekaisumu un aps\u0101rtumu, dzi\u013ci mitrina, nov\u0113r\u0161 sausumu, samazina p\u016bt\u012btes plankumus.","robots":{"index":"index","follow":"follow","max-snippet":"max-snippet:-1","max-image-preview":"max-image-preview:large","max-video-preview":"max-video-preview:-1"},"canonical":"https:\/\/www.facecorner.lv\/en\/shop\/dr-althea-345-relief-cream-50ml\/","og_locale":"en_US","og_type":"article","og_title":"Dr. Althea 345 Relief Cream 50ml - FACECORNER","og_description":"Nomierino\u0161s kr\u0113ms ar resveratrolu Dr. Althea 345 Relief Cream mazina iekaisumu un aps\u0101rtumu, dzi\u013ci mitrina, nov\u0113r\u0161 sausumu, samazina p\u016bt\u012btes plankumus.","og_url":"https:\/\/www.facecorner.lv\/en\/shop\/dr-althea-345-relief-cream-50ml\/","og_site_name":"FACECORNER","article_publisher":"https:\/\/www.facebook.com\/profile.php?id=100063824551839","article_modified_time":"2026-01-06T13:31:19+00:00","og_image":[{"width":950,"height":950,"url":"https:\/\/www.facecorner.lv\/wp-content\/uploads\/2025\/02\/Dr._Althea_Resveratrol_345_NA_Intensive_Repair_Cream.webp","type":"image\/webp"}],"twitter_card":"summary_large_image","twitter_misc":{"Price":"&euro;24.90","Availability":"Out of stock"},"schema":{"@context":"https:\/\/schema.org","@graph":[{"@type":"WebPage","@id":"https:\/\/www.facecorner.lv\/shop\/dr-althea-345-relief-cream-50ml\/","url":"https:\/\/www.facecorner.lv\/shop\/dr-althea-345-relief-cream-50ml\/","name":"Dr. Althea 345 Relief Cream 50ml - FACECORNER","isPartOf":{"@id":"https:\/\/www.facecorner.lv\/#website"},"primaryImageOfPage":{"@id":"https:\/\/www.facecorner.lv\/shop\/dr-althea-345-relief-cream-50ml\/#primaryimage"},"image":{"@id":"https:\/\/www.facecorner.lv\/shop\/dr-althea-345-relief-cream-50ml\/#primaryimage"},"thumbnailUrl":"https:\/\/www.facecorner.lv\/wp-content\/uploads\/2025\/02\/Dr._Althea_Resveratrol_345_NA_Intensive_Repair_Cream.webp","datePublished":"2025-02-13T21:10:43+00:00","dateModified":"2026-01-06T13:31:19+00:00","description":"Nomierino\u0161s kr\u0113ms ar resveratrolu Dr. Althea 345 Relief Cream mazina iekaisumu un aps\u0101rtumu, dzi\u013ci mitrina, nov\u0113r\u0161 sausumu, samazina p\u016bt\u012btes plankumus.","breadcrumb":{"@id":"https:\/\/www.facecorner.lv\/shop\/dr-althea-345-relief-cream-50ml\/#breadcrumb"},"inLanguage":"en-US","potentialAction":[{"@type":"ReadAction","target":["https:\/\/www.facecorner.lv\/shop\/dr-althea-345-relief-cream-50ml\/"]}]},{"@type":"ImageObject","inLanguage":"en-US","@id":"https:\/\/www.facecorner.lv\/shop\/dr-althea-345-relief-cream-50ml\/#primaryimage","url":"https:\/\/www.facecorner.lv\/wp-content\/uploads\/2025\/02\/Dr._Althea_Resveratrol_345_NA_Intensive_Repair_Cream.webp","contentUrl":"https:\/\/www.facecorner.lv\/wp-content\/uploads\/2025\/02\/Dr._Althea_Resveratrol_345_NA_Intensive_Repair_Cream.webp","width":950,"height":950,"caption":"Nomierino\u0161s kr\u0113ms ar resveratrolu Dr. Althea 345 Relief Cream"},{"@type":"BreadcrumbList","@id":"https:\/\/www.facecorner.lv\/shop\/dr-althea-345-relief-cream-50ml\/#breadcrumb","itemListElement":[{"@type":"ListItem","position":1,"name":"Home","item":"https:\/\/www.facecorner.lv\/"},{"@type":"ListItem","position":2,"name":"Veikals","item":"https:\/\/www.facecorner.lv\/shop\/"},{"@type":"ListItem","position":3,"name":"Dr. Althea 345 Relief Cream 50ml"}]},{"@type":"WebSite","@id":"https:\/\/www.facecorner.lv\/#website","url":"https:\/\/www.facecorner.lv\/","name":"Facecorner","description":"","publisher":{"@id":"https:\/\/www.facecorner.lv\/#organization"},"potentialAction":[{"@type":"SearchAction","target":{"@type":"EntryPoint","urlTemplate":"https:\/\/www.facecorner.lv\/?s={search_term_string}"},"query-input":{"@type":"PropertyValueSpecification","valueRequired":true,"valueName":"search_term_string"}}],"inLanguage":"en-US"},{"@type":"Organization","@id":"https:\/\/www.facecorner.lv\/#organization","name":"Facecorner","url":"https:\/\/www.facecorner.lv\/","logo":{"@type":"ImageObject","inLanguage":"en-US","@id":"https:\/\/www.facecorner.lv\/#\/schema\/logo\/image\/","url":"https:\/\/www.facecorner.lv\/wp-content\/uploads\/2024\/04\/fc-logo.jpg","contentUrl":"https:\/\/www.facecorner.lv\/wp-content\/uploads\/2024\/04\/fc-logo.jpg","width":174,"height":28,"caption":"Facecorner"},"image":{"@id":"https:\/\/www.facecorner.lv\/#\/schema\/logo\/image\/"},"sameAs":["https:\/\/www.facebook.com\/profile.php?id=100063824551839","https:\/\/www.instagram.com\/facecorner_shop\/"]}]},"product_price_amount":"24.90","product_price_currency":"EUR","og_availability":"out of stock","product_availability":"out of stock","product_condition":"new"},"_links":{"self":[{"href":"https:\/\/www.facecorner.lv\/en\/wp-json\/wp\/v2\/product\/23381","targetHints":{"allow":["GET"]}}],"collection":[{"href":"https:\/\/www.facecorner.lv\/en\/wp-json\/wp\/v2\/product"}],"about":[{"href":"https:\/\/www.facecorner.lv\/en\/wp-json\/wp\/v2\/types\/product"}],"replies":[{"embeddable":true,"href":"https:\/\/www.facecorner.lv\/en\/wp-json\/wp\/v2\/comments?post=23381"}],"wp:featuredmedia":[{"embeddable":true,"href":"https:\/\/www.facecorner.lv\/en\/wp-json\/wp\/v2\/media\/23382"}],"wp:attachment":[{"href":"https:\/\/www.facecorner.lv\/en\/wp-json\/wp\/v2\/media?parent=23381"}],"wp:term":[{"taxonomy":"product_brand","embeddable":true,"href":"https:\/\/www.facecorner.lv\/en\/wp-json\/wp\/v2\/product_brand?post=23381"},{"taxonomy":"product_cat","embeddable":true,"href":"https:\/\/www.facecorner.lv\/en\/wp-json\/wp\/v2\/product_cat?post=23381"},{"taxonomy":"product_tag","embeddable":true,"href":"https:\/\/www.facecorner.lv\/en\/wp-json\/wp\/v2\/product_tag?post=23381"},{"taxonomy":"berocket_brand","embeddable":true,"href":"https:\/\/www.facecorner.lv\/en\/wp-json\/wp\/v2\/berocket_brand?post=23381"}],"curies":[{"name":"wp","href":"https:\/\/api.w.org\/{rel}","templated":true}]}}