{"id":23196,"date":"2025-02-01T16:02:44","date_gmt":"2025-02-01T13:02:44","guid":{"rendered":"https:\/\/www.facecorner.lv\/?post_type=product&#038;p=23196"},"modified":"2026-03-06T11:46:39","modified_gmt":"2026-03-06T08:46:39","slug":"medi-peel-pretnovecosanas-esence-premium-golden-camelia-wrinkle-essence-50ml","status":"publish","type":"product","link":"https:\/\/www.facecorner.lv\/en\/shop\/medi-peel-pretnovecosanas-esence-premium-golden-camelia-wrinkle-essence-50ml\/","title":{"rendered":"Medi-Peel pretnoveco\u0161an\u0101s esence Premium Golden Camelia Wrinkle Essence 50ml"},"content":{"rendered":"<p>Medi-Peel Premium Golden Camelia Wrinkle Essence ir augst\u0101k\u0101s kvalit\u0101tes komplekss, kas \u012bpa\u0161i izstr\u0101d\u0101ts, lai uzlabotu \u0101das elast\u012bbu un mazin\u0101tu grumbas. Redzami samazina grumbas un s\u012bk\u0101s grumbi\u0146as, uzlabo \u0101das tvirtumu un elast\u012bbu, dzi\u013ci mitrina un uzlabo \u0101das mitrin\u0101\u0161anu, padara \u0101das tonusu vienm\u0113r\u012bg\u0101ku un mirdzo\u0161\u0101ku. Samazina noguruma paz\u012bmes un atjauno vesel\u012bgu \u0101das mirdzumu, stiprina \u0101das aizsargbarjeru, aizsarg\u0101 pret negat\u012bvo vides ietekmi, pal\u0113nina \u0101das noveco\u0161anos, mazina UV staru rad\u012bto kait\u0113jumu ietekmi, nomierina un mazina \u0101das kairin\u0101jumus.<\/p>\n<p><strong>It is a total care mask that tightens the skin.<\/strong><\/p>\n<ul>\n<li>Zelta kam\u0113lija &#8211; ekskluz\u012bvs komplekss, kas baro \u0101du un uzlabo \u0101das elast\u012bbu.<\/li>\n<li>Double Biome 150hours\u2122 &#8211; 150 stundas ferment\u0113ts komplekss satur unik\u0101las sast\u0101vda\u013cas, kas nomierina \u0101du un saglab\u0101 t\u0101s vesel\u012bbu.<\/li>\n<li>24K zelts &#8211; satur 15 miljon\u0101s da\u013cas t\u012bra zelta, kas kop\u0101 ar zelta pept\u012bdu un C vitam\u012bnu iev\u0113rojami uzlabo \u0101das elast\u012bbu.<\/li>\n<li>Smalki sk\u0101bek\u013ca burbul\u012b\u0161i &#8211; \u0101tri uzs\u016bcas, pie\u0161\u0137irot \u0101dai papildu elast\u012bbu un tvirtumu.<\/li>\n<\/ul>\n<p>Produkts ir iztur\u0113jis dermatolo\u0123iskos testus un pier\u0101d\u012bjis, ka ir dro\u0161s un hipoaler\u0123isks.<\/p>\n<p><strong>How to use:<\/strong> P\u0113c tonera lieto\u0161anas esenci 1-2 reizes sakratiet. Maigi uzkl\u0101jiet uz visas sejas. P\u0113c 10 sekund\u0113m, kad sk\u0101bek\u013ca burbul\u012b\u0161i pacelsies, viegli piesitiet sejai, lai tos uzs\u016bktu. Atliku\u0161os burbul\u012b\u0161us uzman\u012bgi absorb\u0113jiet, neslaukot tos.<\/p>\n<p><strong>Ingredientes:<\/strong> Purified water, glycerin, methylpropanediol, methylperfluoroisobutyl ether, caprylic acid triglyceride, methylperfluorobutyl ether, 1,2-hexanediol, sodium lauroylglutamate, polyglyceryl-3 distearate, ammonium acryloyldimethyltaurate \/ V-picopolymer, trilaureth-4 phosphate, cetearyl alcohol, alpha-bisabolol, Candida bombicola \/ fermented glucose product \/ methyl lepsitate, camellia seed oil (4.990 parts per million), myristic acid, acrylate crosspolymer \/ C10-30 alkyl acrylate, sorbitol oleate, tromethamine, butylene glycol, glyceryl stearate citrate, mica, titanium dioxide, ethylhexylglycerin, adenosine, hydrogenated lecithin , disodium EDTA, centella asiatica extract, fig extract, ceramide NP, gold (15 parts per million), tocopherol, tin oxide. , camellia leaf extract (1 ppm), sorbitol, propanediol, hydrogenated polyisobutene, collagen extract, fermentation filtrate of lactobacillus\/centella asiatica extract, polyglyceryl-10 laurate, hydrolyzed elastin, capryl glycol, xanthan gum, tripeptide. -1, Leuconostoc \/ unfermented filtrate, hydrolyzed hyaluronic acid, ascorbic acid, palmitoylpentapeptide-4, acetylhexapeptide-8, polypeptide alanine \/ histidine \/ lysine, copper HCL, copper tripeptide-1, palmitoyltripeptide-1, hexapeptide-11, hexapeptide-9, Glutathione, madecassic acid, Asiaticoside, hydrolyzed collagen, Peptide Nona-1, Asiatic acid, Zimo root extract, water-soluble collagen, collagen, collagen amino acid, hydrolyzed rosin collagen, water-soluble collagen crosspolymer, atelocollagen, hydrolyzed myristoyl potassium collagen, fragrance, red iron oxide.<\/p>","protected":false},"excerpt":{"rendered":"<p>Medi-Peel Premium Golden Camelia Wrinkle Essence ir augst\u0101k\u0101s kvalit\u0101tes komplekss, kas \u012bpa\u0161i izstr\u0101d\u0101ts, lai uzlabotu \u0101das elast\u012bbu un mazin\u0101tu grumbas. Redzami samazina grumbas un s\u012bk\u0101s grumbi\u0146as, uzlabo \u0101das tvirtumu un elast\u012bbu, dzi\u013ci mitrina un uzlabo \u0101das mitrin\u0101\u0161anu, padara \u0101das tonusu vienm\u0113r\u012bg\u0101ku un mirdzo\u0161\u0101ku. Samazina noguruma paz\u012bmes un atjauno vesel\u012bgu \u0101das mirdzumu, stiprina \u0101das aizsargbarjeru, aizsarg\u0101 pret negat\u012bvo vides ietekmi, pal\u0113nina \u0101das noveco\u0161anos, mazina UV staru rad\u012bto kait\u0113jumu ietekmi, nomierina un mazina \u0101das kairin\u0101jumus.<\/p>","protected":false},"featured_media":23197,"comment_status":"open","ping_status":"closed","template":"","meta":{"site-sidebar-layout":"default","site-content-layout":"","ast-site-content-layout":"default","site-content-style":"default","site-sidebar-style":"default","ast-global-header-display":"","ast-banner-title-visibility":"","ast-main-header-display":"","ast-hfb-above-header-display":"","ast-hfb-below-header-display":"","ast-hfb-mobile-header-display":"","site-post-title":"","ast-breadcrumbs-content":"","ast-featured-img":"","footer-sml-layout":"","theme-transparent-header-meta":"default","adv-header-id-meta":"","stick-header-meta":"","header-above-stick-meta":"","header-main-stick-meta":"","header-below-stick-meta":"","astra-migrate-meta-layouts":"set","ast-page-background-enabled":"default","ast-page-background-meta":{"desktop":{"background-color":"var(--ast-global-color-4)","background-image":"","background-repeat":"repeat","background-position":"center center","background-size":"auto","background-attachment":"scroll","background-type":"","background-media":"","overlay-type":"","overlay-color":"","overlay-opacity":"","overlay-gradient":""},"tablet":{"background-color":"","background-image":"","background-repeat":"repeat","background-position":"center center","background-size":"auto","background-attachment":"scroll","background-type":"","background-media":"","overlay-type":"","overlay-color":"","overlay-opacity":"","overlay-gradient":""},"mobile":{"background-color":"","background-image":"","background-repeat":"repeat","background-position":"center center","background-size":"auto","background-attachment":"scroll","background-type":"","background-media":"","overlay-type":"","overlay-color":"","overlay-opacity":"","overlay-gradient":""}},"ast-content-background-meta":{"desktop":{"background-color":"var(--ast-global-color-5)","background-image":"","background-repeat":"repeat","background-position":"center center","background-size":"auto","background-attachment":"scroll","background-type":"","background-media":"","overlay-type":"","overlay-color":"","overlay-opacity":"","overlay-gradient":""},"tablet":{"background-color":"var(--ast-global-color-5)","background-image":"","background-repeat":"repeat","background-position":"center center","background-size":"auto","background-attachment":"scroll","background-type":"","background-media":"","overlay-type":"","overlay-color":"","overlay-opacity":"","overlay-gradient":""},"mobile":{"background-color":"var(--ast-global-color-5)","background-image":"","background-repeat":"repeat","background-position":"center center","background-size":"auto","background-attachment":"scroll","background-type":"","background-media":"","overlay-type":"","overlay-color":"","overlay-opacity":"","overlay-gradient":""}}},"product_brand":[],"product_cat":[370,371,363],"product_tag":[],"berocket_brand":[583],"class_list":{"0":"post-23196","1":"product","2":"type-product","3":"status-publish","4":"has-post-thumbnail","6":"product_cat-adas-mirdzumam","7":"product_cat-anti-age","8":"product_cat-serumi","9":"berocket_brand-medi-peel","10":"desktop-align-left","11":"tablet-align-left","12":"mobile-align-left","14":"first","15":"outofstock","16":"taxable","17":"shipping-taxable","18":"purchasable","19":"product-type-simple","20":"add-to-wishlist-before_image"},"yoast_head":"<!-- This site is optimized with the Yoast SEO plugin v27.4 - https:\/\/yoast.com\/product\/yoast-seo-wordpress\/ -->\n<title>Medi-Peel pretnoveco\u0161an\u0101s esence Premium Golden Camelia Wrinkle Essence 50ml - FACECORNER<\/title>\n<meta name=\"description\" content=\"Medi-Peel Premium Golden Camelia Wrinkle Essence ir augst\u0101k\u0101s kvalit\u0101tes komplekss, kas \u012bpa\u0161i izstr\u0101d\u0101ts, lai uzlabotu \u0101das elast\u012bbu un mazin\u0101tu grumbas.\" \/>\n<meta name=\"robots\" content=\"index, follow, max-snippet:-1, max-image-preview:large, max-video-preview:-1\" \/>\n<link rel=\"canonical\" href=\"https:\/\/www.facecorner.lv\/en\/shop\/medi-peel-pretnovecosanas-esence-premium-golden-camelia-wrinkle-essence-50ml\/\" \/>\n<meta property=\"og:locale\" content=\"en_US\" \/>\n<meta property=\"og:type\" content=\"article\" \/>\n<meta property=\"og:title\" content=\"Medi-Peel pretnoveco\u0161an\u0101s esence Premium Golden Camelia Wrinkle Essence 50ml - FACECORNER\" \/>\n<meta property=\"og:description\" content=\"Medi-Peel Premium Golden Camelia Wrinkle Essence ir augst\u0101k\u0101s kvalit\u0101tes komplekss, kas \u012bpa\u0161i izstr\u0101d\u0101ts, lai uzlabotu \u0101das elast\u012bbu un mazin\u0101tu grumbas.\" \/>\n<meta property=\"og:url\" content=\"https:\/\/www.facecorner.lv\/en\/shop\/medi-peel-pretnovecosanas-esence-premium-golden-camelia-wrinkle-essence-50ml\/\" \/>\n<meta property=\"og:site_name\" content=\"FACECORNER\" \/>\n<meta property=\"article:publisher\" content=\"https:\/\/www.facebook.com\/profile.php?id=100063824551839\" \/>\n<meta property=\"article:modified_time\" content=\"2026-03-06T08:46:39+00:00\" \/>\n<meta property=\"og:image\" content=\"https:\/\/www.facecorner.lv\/wp-content\/uploads\/2025\/02\/medi-peel-premium-golden-camellia-wrinkle-essence2.jpg\" \/>\n\t<meta property=\"og:image:width\" content=\"1200\" \/>\n\t<meta property=\"og:image:height\" content=\"1200\" \/>\n\t<meta property=\"og:image:type\" content=\"image\/jpeg\" \/>\n<meta name=\"twitter:card\" content=\"summary_large_image\" \/>\n<meta name=\"twitter:label1\" content=\"Price\" \/>\n\t<meta name=\"twitter:data1\" content=\"&euro;41.90\" \/>\n\t<meta name=\"twitter:label2\" content=\"Availability\" \/>\n\t<meta name=\"twitter:data2\" content=\"Out of stock\" \/>\n<script type=\"application\/ld+json\" class=\"yoast-schema-graph\">{\"@context\":\"https:\\\/\\\/schema.org\",\"@graph\":[{\"@type\":\"WebPage\",\"@id\":\"https:\\\/\\\/www.facecorner.lv\\\/shop\\\/medi-peel-pretnovecosanas-esence-premium-golden-camelia-wrinkle-essence-50ml\\\/\",\"url\":\"https:\\\/\\\/www.facecorner.lv\\\/shop\\\/medi-peel-pretnovecosanas-esence-premium-golden-camelia-wrinkle-essence-50ml\\\/\",\"name\":\"Medi-Peel pretnoveco\u0161an\u0101s esence Premium Golden Camelia Wrinkle Essence 50ml - FACECORNER\",\"isPartOf\":{\"@id\":\"https:\\\/\\\/www.facecorner.lv\\\/#website\"},\"primaryImageOfPage\":{\"@id\":\"https:\\\/\\\/www.facecorner.lv\\\/shop\\\/medi-peel-pretnovecosanas-esence-premium-golden-camelia-wrinkle-essence-50ml\\\/#primaryimage\"},\"image\":{\"@id\":\"https:\\\/\\\/www.facecorner.lv\\\/shop\\\/medi-peel-pretnovecosanas-esence-premium-golden-camelia-wrinkle-essence-50ml\\\/#primaryimage\"},\"thumbnailUrl\":\"https:\\\/\\\/www.facecorner.lv\\\/wp-content\\\/uploads\\\/2025\\\/02\\\/medi-peel-premium-golden-camellia-wrinkle-essence2.jpg\",\"datePublished\":\"2025-02-01T13:02:44+00:00\",\"dateModified\":\"2026-03-06T08:46:39+00:00\",\"description\":\"Medi-Peel Premium Golden Camelia Wrinkle Essence ir augst\u0101k\u0101s kvalit\u0101tes komplekss, kas \u012bpa\u0161i izstr\u0101d\u0101ts, lai uzlabotu \u0101das elast\u012bbu un mazin\u0101tu grumbas.\",\"breadcrumb\":{\"@id\":\"https:\\\/\\\/www.facecorner.lv\\\/shop\\\/medi-peel-pretnovecosanas-esence-premium-golden-camelia-wrinkle-essence-50ml\\\/#breadcrumb\"},\"inLanguage\":\"en-US\",\"potentialAction\":[{\"@type\":\"ReadAction\",\"target\":[\"https:\\\/\\\/www.facecorner.lv\\\/shop\\\/medi-peel-pretnovecosanas-esence-premium-golden-camelia-wrinkle-essence-50ml\\\/\"]}]},{\"@type\":\"ImageObject\",\"inLanguage\":\"en-US\",\"@id\":\"https:\\\/\\\/www.facecorner.lv\\\/shop\\\/medi-peel-pretnovecosanas-esence-premium-golden-camelia-wrinkle-essence-50ml\\\/#primaryimage\",\"url\":\"https:\\\/\\\/www.facecorner.lv\\\/wp-content\\\/uploads\\\/2025\\\/02\\\/medi-peel-premium-golden-camellia-wrinkle-essence2.jpg\",\"contentUrl\":\"https:\\\/\\\/www.facecorner.lv\\\/wp-content\\\/uploads\\\/2025\\\/02\\\/medi-peel-premium-golden-camellia-wrinkle-essence2.jpg\",\"width\":1200,\"height\":1200,\"caption\":\"Medi-Peel Premium Golden Camelia Wrinkle Essence\"},{\"@type\":\"BreadcrumbList\",\"@id\":\"https:\\\/\\\/www.facecorner.lv\\\/shop\\\/medi-peel-pretnovecosanas-esence-premium-golden-camelia-wrinkle-essence-50ml\\\/#breadcrumb\",\"itemListElement\":[{\"@type\":\"ListItem\",\"position\":1,\"name\":\"Home\",\"item\":\"https:\\\/\\\/www.facecorner.lv\\\/\"},{\"@type\":\"ListItem\",\"position\":2,\"name\":\"Veikals\",\"item\":\"https:\\\/\\\/www.facecorner.lv\\\/shop\\\/\"},{\"@type\":\"ListItem\",\"position\":3,\"name\":\"Medi-Peel pretnoveco\u0161an\u0101s esence Premium Golden Camelia Wrinkle Essence 50ml\"}]},{\"@type\":\"WebSite\",\"@id\":\"https:\\\/\\\/www.facecorner.lv\\\/#website\",\"url\":\"https:\\\/\\\/www.facecorner.lv\\\/\",\"name\":\"Facecorner\",\"description\":\"\",\"publisher\":{\"@id\":\"https:\\\/\\\/www.facecorner.lv\\\/#organization\"},\"potentialAction\":[{\"@type\":\"SearchAction\",\"target\":{\"@type\":\"EntryPoint\",\"urlTemplate\":\"https:\\\/\\\/www.facecorner.lv\\\/?s={search_term_string}\"},\"query-input\":{\"@type\":\"PropertyValueSpecification\",\"valueRequired\":true,\"valueName\":\"search_term_string\"}}],\"inLanguage\":\"en-US\"},{\"@type\":\"Organization\",\"@id\":\"https:\\\/\\\/www.facecorner.lv\\\/#organization\",\"name\":\"Facecorner\",\"url\":\"https:\\\/\\\/www.facecorner.lv\\\/\",\"logo\":{\"@type\":\"ImageObject\",\"inLanguage\":\"en-US\",\"@id\":\"https:\\\/\\\/www.facecorner.lv\\\/#\\\/schema\\\/logo\\\/image\\\/\",\"url\":\"https:\\\/\\\/www.facecorner.lv\\\/wp-content\\\/uploads\\\/2024\\\/04\\\/fc-logo.jpg\",\"contentUrl\":\"https:\\\/\\\/www.facecorner.lv\\\/wp-content\\\/uploads\\\/2024\\\/04\\\/fc-logo.jpg\",\"width\":174,\"height\":28,\"caption\":\"Facecorner\"},\"image\":{\"@id\":\"https:\\\/\\\/www.facecorner.lv\\\/#\\\/schema\\\/logo\\\/image\\\/\"},\"sameAs\":[\"https:\\\/\\\/www.facebook.com\\\/profile.php?id=100063824551839\",\"https:\\\/\\\/www.instagram.com\\\/facecorner_shop\\\/\"]}]}<\/script>\n<meta property=\"product:price:amount\" content=\"41.90\" \/>\n<meta property=\"product:price:currency\" content=\"EUR\" \/>\n<meta property=\"og:availability\" content=\"out of stock\" \/>\n<meta property=\"product:availability\" content=\"out of stock\" \/>\n<meta property=\"product:condition\" content=\"new\" \/>\n<!-- \/ Yoast SEO plugin. -->","yoast_head_json":{"title":"Medi-Peel pretnoveco\u0161an\u0101s esence Premium Golden Camelia Wrinkle Essence 50ml - FACECORNER","description":"Medi-Peel Premium Golden Camelia Wrinkle Essence ir augst\u0101k\u0101s kvalit\u0101tes komplekss, kas \u012bpa\u0161i izstr\u0101d\u0101ts, lai uzlabotu \u0101das elast\u012bbu un mazin\u0101tu grumbas.","robots":{"index":"index","follow":"follow","max-snippet":"max-snippet:-1","max-image-preview":"max-image-preview:large","max-video-preview":"max-video-preview:-1"},"canonical":"https:\/\/www.facecorner.lv\/en\/shop\/medi-peel-pretnovecosanas-esence-premium-golden-camelia-wrinkle-essence-50ml\/","og_locale":"en_US","og_type":"article","og_title":"Medi-Peel pretnoveco\u0161an\u0101s esence Premium Golden Camelia Wrinkle Essence 50ml - FACECORNER","og_description":"Medi-Peel Premium Golden Camelia Wrinkle Essence ir augst\u0101k\u0101s kvalit\u0101tes komplekss, kas \u012bpa\u0161i izstr\u0101d\u0101ts, lai uzlabotu \u0101das elast\u012bbu un mazin\u0101tu grumbas.","og_url":"https:\/\/www.facecorner.lv\/en\/shop\/medi-peel-pretnovecosanas-esence-premium-golden-camelia-wrinkle-essence-50ml\/","og_site_name":"FACECORNER","article_publisher":"https:\/\/www.facebook.com\/profile.php?id=100063824551839","article_modified_time":"2026-03-06T08:46:39+00:00","og_image":[{"width":1200,"height":1200,"url":"https:\/\/www.facecorner.lv\/wp-content\/uploads\/2025\/02\/medi-peel-premium-golden-camellia-wrinkle-essence2.jpg","type":"image\/jpeg"}],"twitter_card":"summary_large_image","twitter_misc":{"Price":"&euro;41.90","Availability":"Out of stock"},"schema":{"@context":"https:\/\/schema.org","@graph":[{"@type":"WebPage","@id":"https:\/\/www.facecorner.lv\/shop\/medi-peel-pretnovecosanas-esence-premium-golden-camelia-wrinkle-essence-50ml\/","url":"https:\/\/www.facecorner.lv\/shop\/medi-peel-pretnovecosanas-esence-premium-golden-camelia-wrinkle-essence-50ml\/","name":"Medi-Peel pretnoveco\u0161an\u0101s esence Premium Golden Camelia Wrinkle Essence 50ml - FACECORNER","isPartOf":{"@id":"https:\/\/www.facecorner.lv\/#website"},"primaryImageOfPage":{"@id":"https:\/\/www.facecorner.lv\/shop\/medi-peel-pretnovecosanas-esence-premium-golden-camelia-wrinkle-essence-50ml\/#primaryimage"},"image":{"@id":"https:\/\/www.facecorner.lv\/shop\/medi-peel-pretnovecosanas-esence-premium-golden-camelia-wrinkle-essence-50ml\/#primaryimage"},"thumbnailUrl":"https:\/\/www.facecorner.lv\/wp-content\/uploads\/2025\/02\/medi-peel-premium-golden-camellia-wrinkle-essence2.jpg","datePublished":"2025-02-01T13:02:44+00:00","dateModified":"2026-03-06T08:46:39+00:00","description":"Medi-Peel Premium Golden Camelia Wrinkle Essence ir augst\u0101k\u0101s kvalit\u0101tes komplekss, kas \u012bpa\u0161i izstr\u0101d\u0101ts, lai uzlabotu \u0101das elast\u012bbu un mazin\u0101tu grumbas.","breadcrumb":{"@id":"https:\/\/www.facecorner.lv\/shop\/medi-peel-pretnovecosanas-esence-premium-golden-camelia-wrinkle-essence-50ml\/#breadcrumb"},"inLanguage":"en-US","potentialAction":[{"@type":"ReadAction","target":["https:\/\/www.facecorner.lv\/shop\/medi-peel-pretnovecosanas-esence-premium-golden-camelia-wrinkle-essence-50ml\/"]}]},{"@type":"ImageObject","inLanguage":"en-US","@id":"https:\/\/www.facecorner.lv\/shop\/medi-peel-pretnovecosanas-esence-premium-golden-camelia-wrinkle-essence-50ml\/#primaryimage","url":"https:\/\/www.facecorner.lv\/wp-content\/uploads\/2025\/02\/medi-peel-premium-golden-camellia-wrinkle-essence2.jpg","contentUrl":"https:\/\/www.facecorner.lv\/wp-content\/uploads\/2025\/02\/medi-peel-premium-golden-camellia-wrinkle-essence2.jpg","width":1200,"height":1200,"caption":"Medi-Peel Premium Golden Camelia Wrinkle Essence"},{"@type":"BreadcrumbList","@id":"https:\/\/www.facecorner.lv\/shop\/medi-peel-pretnovecosanas-esence-premium-golden-camelia-wrinkle-essence-50ml\/#breadcrumb","itemListElement":[{"@type":"ListItem","position":1,"name":"Home","item":"https:\/\/www.facecorner.lv\/"},{"@type":"ListItem","position":2,"name":"Veikals","item":"https:\/\/www.facecorner.lv\/shop\/"},{"@type":"ListItem","position":3,"name":"Medi-Peel pretnoveco\u0161an\u0101s esence Premium Golden Camelia Wrinkle Essence 50ml"}]},{"@type":"WebSite","@id":"https:\/\/www.facecorner.lv\/#website","url":"https:\/\/www.facecorner.lv\/","name":"Facecorner","description":"","publisher":{"@id":"https:\/\/www.facecorner.lv\/#organization"},"potentialAction":[{"@type":"SearchAction","target":{"@type":"EntryPoint","urlTemplate":"https:\/\/www.facecorner.lv\/?s={search_term_string}"},"query-input":{"@type":"PropertyValueSpecification","valueRequired":true,"valueName":"search_term_string"}}],"inLanguage":"en-US"},{"@type":"Organization","@id":"https:\/\/www.facecorner.lv\/#organization","name":"Facecorner","url":"https:\/\/www.facecorner.lv\/","logo":{"@type":"ImageObject","inLanguage":"en-US","@id":"https:\/\/www.facecorner.lv\/#\/schema\/logo\/image\/","url":"https:\/\/www.facecorner.lv\/wp-content\/uploads\/2024\/04\/fc-logo.jpg","contentUrl":"https:\/\/www.facecorner.lv\/wp-content\/uploads\/2024\/04\/fc-logo.jpg","width":174,"height":28,"caption":"Facecorner"},"image":{"@id":"https:\/\/www.facecorner.lv\/#\/schema\/logo\/image\/"},"sameAs":["https:\/\/www.facebook.com\/profile.php?id=100063824551839","https:\/\/www.instagram.com\/facecorner_shop\/"]}]},"product_price_amount":"41.90","product_price_currency":"EUR","og_availability":"out of stock","product_availability":"out of stock","product_condition":"new"},"_links":{"self":[{"href":"https:\/\/www.facecorner.lv\/en\/wp-json\/wp\/v2\/product\/23196","targetHints":{"allow":["GET"]}}],"collection":[{"href":"https:\/\/www.facecorner.lv\/en\/wp-json\/wp\/v2\/product"}],"about":[{"href":"https:\/\/www.facecorner.lv\/en\/wp-json\/wp\/v2\/types\/product"}],"replies":[{"embeddable":true,"href":"https:\/\/www.facecorner.lv\/en\/wp-json\/wp\/v2\/comments?post=23196"}],"wp:featuredmedia":[{"embeddable":true,"href":"https:\/\/www.facecorner.lv\/en\/wp-json\/wp\/v2\/media\/23197"}],"wp:attachment":[{"href":"https:\/\/www.facecorner.lv\/en\/wp-json\/wp\/v2\/media?parent=23196"}],"wp:term":[{"taxonomy":"product_brand","embeddable":true,"href":"https:\/\/www.facecorner.lv\/en\/wp-json\/wp\/v2\/product_brand?post=23196"},{"taxonomy":"product_cat","embeddable":true,"href":"https:\/\/www.facecorner.lv\/en\/wp-json\/wp\/v2\/product_cat?post=23196"},{"taxonomy":"product_tag","embeddable":true,"href":"https:\/\/www.facecorner.lv\/en\/wp-json\/wp\/v2\/product_tag?post=23196"},{"taxonomy":"berocket_brand","embeddable":true,"href":"https:\/\/www.facecorner.lv\/en\/wp-json\/wp\/v2\/berocket_brand?post=23196"}],"curies":[{"name":"wp","href":"https:\/\/api.w.org\/{rel}","templated":true}]}}