{"id":23193,"date":"2025-02-01T15:45:21","date_gmt":"2025-02-01T12:45:21","guid":{"rendered":"https:\/\/www.facecorner.lv\/?post_type=product&#038;p=23193"},"modified":"2025-08-22T03:09:03","modified_gmt":"2025-08-22T00:09:03","slug":"medi-peel-premium-golden-camellia-wrinkle-cream-krems-pret-grumbam-ar-kamelijas-ekstraktu-50ml","status":"publish","type":"product","link":"https:\/\/www.facecorner.lv\/en\/shop\/medi-peel-premium-golden-camellia-wrinkle-cream-krems-pret-grumbam-ar-kamelijas-ekstraktu-50ml\/","title":{"rendered":"MEDI-PEEL Premium Golden Camellia Wrinkle Cream kr\u0113ms pret grumb\u0101m ar kam\u0113lijas ekstraktu 50ml"},"content":{"rendered":"<p>MEDI-PEEL Premium Golden Camellia Wrinkle Cream ir \u012bpa\u0161i izstr\u0101d\u0101ts vecuma paz\u012bmju nov\u0113r\u0161anai, pal\u012bdz c\u012b\u0146\u0101 gan pret hronisku, gan foto noveco\u0161anos, redzami samazina grumbu dzi\u013cumu, savelk sejas ov\u0101lu un pie\u0161\u0137ir skaistu mirdzumu.<\/p>\n<p>Atjaunojo\u0161ais kr\u0113ms ar kam\u0113lijas ekstraktu ir \u012bpa\u0161i izstr\u0101d\u0101ts vecuma paz\u012bmju nov\u0113r\u0161anai, pal\u012bdz c\u012bn\u012bties gan pret hronisku, gan foto noveco\u0161anos, redzami samazina grumbu dzi\u013cumu, savelk sejas ov\u0101lu un pie\u0161\u0137ir skaistu mirdzumu.<\/p>\n<p>L\u012bdzeklis aktiviz\u0113 dabisko kolag\u0113na un elast\u012bna sint\u0113zi, uzlabo \u0101das turgoru, aktiviz\u0113 asinsriti un \u0161\u016bnu vielmai\u0146u, aizsarg\u0101 \u0161\u016bnas no boj\u0101\u0161an\u0101s un noveco\u0161an\u0101s br\u012bvo radik\u0101\u013cu ietekm\u0113, pateicoties antioksidantu &#8211; C vitam\u012bna (askorb\u012bnsk\u0101bes) un E vitam\u012bna (tokoferola) siner\u0123ijai.<\/p>\n<p>Produktam ir maiga tekst\u016bra, tas \u0101tri ies\u016bcas, neatst\u0101j lip\u012bgumu un, pateicoties gaismu atstarojo\u0161\u0101m da\u013ci\u0146\u0101m uz koloid\u0101l\u0101 zelta b\u0101zes, pie\u0161\u0137ir mirdzumu.<\/p>\n<ul>\n<li>Kam\u0113lijas lapu ekstrakts &#8211; bag\u0101tin\u0101ts ar daudziem vitam\u012bniem un mikroelementiem, tam piem\u012bt sp\u0113c\u012bgs antioksidantu potenci\u0101ls, tas nodro\u0161ina dzi\u013cu mitrin\u0101\u0161anu, pal\u012bdz uztur\u0113t audu elast\u012bbu un tvirtumu, nov\u0113r\u0161 \u013cenganumu un nov\u012b\u0161anu.<\/li>\n<li>9 pept\u012bdu komplekss &#8211; nodro\u0161ina sejas musku\u013cus atsl\u0101bino\u0161u, l\u012bdz\u012bgi k\u0101 botokss, iedarb\u012bbu, atbr\u012bvojoties no sejas grumbi\u0146\u0101m un nov\u0113r\u0161ot to ra\u0161anos, pa\u0101trina kolag\u0113na un elast\u012bna \u0161\u0137iedru veido\u0161anos, t\u0101d\u0113j\u0101di pasarg\u0101jot no priek\u0161laic\u012bgas noveco\u0161an\u0101s.<\/li>\n<li>Kolo\u012bdais zelts &#8211; ir akt\u012bvo komponentu vadonis dzi\u013ci \u0101d\u0101, atjauno starp\u0161\u016bnu matricu, pa\u0101trina vielmai\u0146as procesus un mikrocirkul\u0101ciju, izl\u012bdzina nevienm\u0113r\u012bgu \u0101das tonusu un pie\u0161\u0137ir tai skaistu mirdzumu.<\/li>\n<li>9 veidu kolag\u0113na komplekss &#8211; nov\u0113r\u0161 \u0101das \u013cenganuma un atsl\u0101buma ra\u0161anos, nepiecie\u0161ams turgora uztur\u0113\u0161anai, veicina sejas izteiksmes l\u012bniju izl\u012bdzin\u0101\u0161anu, nov\u0113r\u0161 audu ptozi un sejas ov\u0101la deform\u0101ciju, nodro\u0161ina ilgsto\u0161u mitrin\u0101\u0161anu.<\/li>\n<\/ul>\n<p><strong>How to use:<\/strong> K\u0101 p\u0113d\u0113jo kop\u0161anas soli uzkl\u0101jiet nelielu daudzumu kr\u0113ma un ar viegl\u0101m mas\u0101\u017eas kust\u012bb\u0101m izklied\u0113jiet, l\u012bdz tas piln\u012bb\u0101 ies\u016bcas.<\/p>\n<p><strong>Ingredientes:<\/strong> <span style=\"font-size: 16px;\">Water, Butylene Glycol, Pentaerythrityl Tetraethylhexanoate, Glycerin, Diisostearyl Malate, Hydrogenated Poly(C6-14 Olefin), Isostearyl Isostearate, 1,2-Hexanediol, Niacinamide, Phytosteryl\/Isostearyl\/Cetyl\/Stearyl\/Behenyl Dimer Dilinoleate, Hydrogenated Polydecene, Glyceryl Stearate, Cetearyl Alcohol, Dimethicone, Caprylic\/Capric Triglyceride, Bis-Diglyceryl Polyacyladipate-2, PEG-100 Stearate, Methyl Hydrogenated Rosinate, Butyrospermum Parkii (Shea) Butter, Candida Bombicola\/Glucose\/Methyl Rapeseedate Ferment, C10-18 Triglycerides, Camellia Japonica Seed Oil, Polyglyceryl-2 Stearate, Polyacrylate Crosspolymer-6, Polyacrylate-13, Psidium Guajava Leaf Extract, Rhus Succedanea Fruit Wax, Stearyl Alcohol, Hydrogenated Lecithin, Gardenia Florida Fruit Extract, Polyisobutene, Inulin Lauryl Carbamate, Lauryl Polyglyceryl-3 Polydimethylsiloxyethyl Dimethicone, Potassium Cetyl Phosphate, Sasa Quelpaertensis Extract, Dextrin, Mica, Ethylhexylglycerin, Opuntia Ficus-Indica Stem Extract, Titanium Dioxide (CI 77891), Adenosine, Dimethiconol, Polysorbate 20, Sorbitan Isostearate, Centella Asiatica Extract, Ficus Carica (Fig) Fruit Extract, Sodium Phytate, Lactobacillus\/Centella Asiatica Extract Ferment Filtrate, Sodium Acrylate\/Sodium Acryloyldimethyl Taurate Copolymer, Ceramide NP, Gold, Tocopherol, Propanediol, Sorbitol, Camellia Japonica Leaf Extract, Tin Oxide, Lauryl Glucoside, Caprylyl Glycol, Xanthan Gum, Hydrogenated Polyisobutene, Collagen Extract, Hydrolyzed Elastin, Madecassic Acid, Asiaticoside, Ascorbic Acid, Asiatic Acid, Leuconostoc\/Radish Root Ferment Filtrate, Glutathione, Polyglyceryl-10 Laurate, Hydrolyzed Hyaluronic Acid, Palmitoyl Pentapeptide-4, Tripeptide-1, Hydrolyzed Collagen, Anemarrhena Asphodeloides Root Extract, Soluble Collagen, Collagen, Collagen Amino Acids, Acetyl Hexapeptide-8, Alanine\/Histidine\/Lysine Polypeptide Copper HCl, Copper Tripeptide-1, Palmitoyl Tripeptide-1, Hexapeptide-11, Hexapeptide-9, Nonapeptide-1, Rosin Hydrolyzed Collagen, Soluble Collagen Crosspolymer, Atelocollagen, Potassium Myristoyl Hydrolyzed Collagen, Fragrance, Iron Oxide Red.<\/span><\/p>\n<div class=\"info_ext_block ordered-block char\"><\/div>","protected":false},"excerpt":{"rendered":"<p>MEDI-PEEL Premium Golden Camellia Wrinkle Cream ir \u012bpa\u0161i izstr\u0101d\u0101ts vecuma paz\u012bmju nov\u0113r\u0161anai, pal\u012bdz c\u012b\u0146\u0101 gan pret hronisku, gan foto noveco\u0161anos, redzami samazina grumbu dzi\u013cumu, savelk sejas ov\u0101lu un pie\u0161\u0137ir skaistu mirdzumu.<\/p>","protected":false},"featured_media":23194,"comment_status":"open","ping_status":"closed","template":"","meta":{"site-sidebar-layout":"default","site-content-layout":"","ast-site-content-layout":"default","site-content-style":"default","site-sidebar-style":"default","ast-global-header-display":"","ast-banner-title-visibility":"","ast-main-header-display":"","ast-hfb-above-header-display":"","ast-hfb-below-header-display":"","ast-hfb-mobile-header-display":"","site-post-title":"","ast-breadcrumbs-content":"","ast-featured-img":"","footer-sml-layout":"","theme-transparent-header-meta":"default","adv-header-id-meta":"","stick-header-meta":"","header-above-stick-meta":"","header-main-stick-meta":"","header-below-stick-meta":"","astra-migrate-meta-layouts":"set","ast-page-background-enabled":"default","ast-page-background-meta":{"desktop":{"background-color":"var(--ast-global-color-4)","background-image":"","background-repeat":"repeat","background-position":"center center","background-size":"auto","background-attachment":"scroll","background-type":"","background-media":"","overlay-type":"","overlay-color":"","overlay-opacity":"","overlay-gradient":""},"tablet":{"background-color":"","background-image":"","background-repeat":"repeat","background-position":"center center","background-size":"auto","background-attachment":"scroll","background-type":"","background-media":"","overlay-type":"","overlay-color":"","overlay-opacity":"","overlay-gradient":""},"mobile":{"background-color":"","background-image":"","background-repeat":"repeat","background-position":"center center","background-size":"auto","background-attachment":"scroll","background-type":"","background-media":"","overlay-type":"","overlay-color":"","overlay-opacity":"","overlay-gradient":""}},"ast-content-background-meta":{"desktop":{"background-color":"var(--ast-global-color-5)","background-image":"","background-repeat":"repeat","background-position":"center center","background-size":"auto","background-attachment":"scroll","background-type":"","background-media":"","overlay-type":"","overlay-color":"","overlay-opacity":"","overlay-gradient":""},"tablet":{"background-color":"var(--ast-global-color-5)","background-image":"","background-repeat":"repeat","background-position":"center center","background-size":"auto","background-attachment":"scroll","background-type":"","background-media":"","overlay-type":"","overlay-color":"","overlay-opacity":"","overlay-gradient":""},"mobile":{"background-color":"var(--ast-global-color-5)","background-image":"","background-repeat":"repeat","background-position":"center center","background-size":"auto","background-attachment":"scroll","background-type":"","background-media":"","overlay-type":"","overlay-color":"","overlay-opacity":"","overlay-gradient":""}}},"product_brand":[],"product_cat":[365,369,362],"product_tag":[],"berocket_brand":[583],"class_list":{"0":"post-23193","1":"product","2":"type-product","3":"status-publish","4":"has-post-thumbnail","6":"product_cat-barojoss","7":"product_cat-problematiskai-adai-sejas-krems","8":"product_cat-sejas-krems","9":"berocket_brand-medi-peel","10":"desktop-align-left","11":"tablet-align-left","12":"mobile-align-left","14":"first","15":"outofstock","16":"taxable","17":"shipping-taxable","18":"purchasable","19":"product-type-simple","20":"add-to-wishlist-before_image"},"yoast_head":"<!-- This site is optimized with the Yoast SEO plugin v27.3 - https:\/\/yoast.com\/product\/yoast-seo-wordpress\/ -->\n<title>MEDI-PEEL Premium Golden Camellia Wrinkle Cream kr\u0113ms pret grumb\u0101m ar kam\u0113lijas ekstraktu 50ml - FACECORNER<\/title>\n<meta name=\"description\" content=\"MEDI-PEEL Premium Golden Camellia Wrinkle Cream ir \u012bpa\u0161i izstr\u0101d\u0101ts vecuma paz\u012bmju nov\u0113r\u0161anai, pal\u012bdz c\u012b\u0146\u0101 gan pret hronisku, gan foto noveco\u0161anos\" \/>\n<meta name=\"robots\" content=\"index, follow, max-snippet:-1, max-image-preview:large, max-video-preview:-1\" \/>\n<link rel=\"canonical\" href=\"https:\/\/www.facecorner.lv\/en\/shop\/medi-peel-premium-golden-camellia-wrinkle-cream-krems-pret-grumbam-ar-kamelijas-ekstraktu-50ml\/\" \/>\n<meta property=\"og:locale\" content=\"en_US\" \/>\n<meta property=\"og:type\" content=\"article\" \/>\n<meta property=\"og:title\" content=\"MEDI-PEEL Premium Golden Camellia Wrinkle Cream kr\u0113ms pret grumb\u0101m ar kam\u0113lijas ekstraktu 50ml - FACECORNER\" \/>\n<meta property=\"og:description\" content=\"MEDI-PEEL Premium Golden Camellia Wrinkle Cream ir \u012bpa\u0161i izstr\u0101d\u0101ts vecuma paz\u012bmju nov\u0113r\u0161anai, pal\u012bdz c\u012b\u0146\u0101 gan pret hronisku, gan foto noveco\u0161anos\" \/>\n<meta property=\"og:url\" content=\"https:\/\/www.facecorner.lv\/en\/shop\/medi-peel-premium-golden-camellia-wrinkle-cream-krems-pret-grumbam-ar-kamelijas-ekstraktu-50ml\/\" \/>\n<meta property=\"og:site_name\" content=\"FACECORNER\" \/>\n<meta property=\"article:publisher\" content=\"https:\/\/www.facebook.com\/profile.php?id=100063824551839\" \/>\n<meta property=\"article:modified_time\" content=\"2025-08-22T00:09:03+00:00\" \/>\n<meta property=\"og:image\" content=\"https:\/\/www.facecorner.lv\/wp-content\/uploads\/2025\/02\/medi-peel_premium_golden_camellia_wrinkle_cream_50ml.jpg\" \/>\n\t<meta property=\"og:image:width\" content=\"900\" \/>\n\t<meta property=\"og:image:height\" content=\"900\" \/>\n\t<meta property=\"og:image:type\" content=\"image\/jpeg\" \/>\n<meta name=\"twitter:card\" content=\"summary_large_image\" \/>\n<meta name=\"twitter:label1\" content=\"Price\" \/>\n\t<meta name=\"twitter:data1\" content=\"&euro;41.00\" \/>\n\t<meta name=\"twitter:label2\" content=\"Availability\" \/>\n\t<meta name=\"twitter:data2\" content=\"Out of stock\" \/>\n<script type=\"application\/ld+json\" class=\"yoast-schema-graph\">{\"@context\":\"https:\\\/\\\/schema.org\",\"@graph\":[{\"@type\":\"WebPage\",\"@id\":\"https:\\\/\\\/www.facecorner.lv\\\/shop\\\/medi-peel-premium-golden-camellia-wrinkle-cream-krems-pret-grumbam-ar-kamelijas-ekstraktu-50ml\\\/\",\"url\":\"https:\\\/\\\/www.facecorner.lv\\\/shop\\\/medi-peel-premium-golden-camellia-wrinkle-cream-krems-pret-grumbam-ar-kamelijas-ekstraktu-50ml\\\/\",\"name\":\"MEDI-PEEL Premium Golden Camellia Wrinkle Cream kr\u0113ms pret grumb\u0101m ar kam\u0113lijas ekstraktu 50ml - FACECORNER\",\"isPartOf\":{\"@id\":\"https:\\\/\\\/www.facecorner.lv\\\/#website\"},\"primaryImageOfPage\":{\"@id\":\"https:\\\/\\\/www.facecorner.lv\\\/shop\\\/medi-peel-premium-golden-camellia-wrinkle-cream-krems-pret-grumbam-ar-kamelijas-ekstraktu-50ml\\\/#primaryimage\"},\"image\":{\"@id\":\"https:\\\/\\\/www.facecorner.lv\\\/shop\\\/medi-peel-premium-golden-camellia-wrinkle-cream-krems-pret-grumbam-ar-kamelijas-ekstraktu-50ml\\\/#primaryimage\"},\"thumbnailUrl\":\"https:\\\/\\\/www.facecorner.lv\\\/wp-content\\\/uploads\\\/2025\\\/02\\\/medi-peel_premium_golden_camellia_wrinkle_cream_50ml.jpg\",\"datePublished\":\"2025-02-01T12:45:21+00:00\",\"dateModified\":\"2025-08-22T00:09:03+00:00\",\"description\":\"MEDI-PEEL Premium Golden Camellia Wrinkle Cream ir \u012bpa\u0161i izstr\u0101d\u0101ts vecuma paz\u012bmju nov\u0113r\u0161anai, pal\u012bdz c\u012b\u0146\u0101 gan pret hronisku, gan foto noveco\u0161anos\",\"breadcrumb\":{\"@id\":\"https:\\\/\\\/www.facecorner.lv\\\/shop\\\/medi-peel-premium-golden-camellia-wrinkle-cream-krems-pret-grumbam-ar-kamelijas-ekstraktu-50ml\\\/#breadcrumb\"},\"inLanguage\":\"en-US\",\"potentialAction\":[{\"@type\":\"ReadAction\",\"target\":[\"https:\\\/\\\/www.facecorner.lv\\\/shop\\\/medi-peel-premium-golden-camellia-wrinkle-cream-krems-pret-grumbam-ar-kamelijas-ekstraktu-50ml\\\/\"]}]},{\"@type\":\"ImageObject\",\"inLanguage\":\"en-US\",\"@id\":\"https:\\\/\\\/www.facecorner.lv\\\/shop\\\/medi-peel-premium-golden-camellia-wrinkle-cream-krems-pret-grumbam-ar-kamelijas-ekstraktu-50ml\\\/#primaryimage\",\"url\":\"https:\\\/\\\/www.facecorner.lv\\\/wp-content\\\/uploads\\\/2025\\\/02\\\/medi-peel_premium_golden_camellia_wrinkle_cream_50ml.jpg\",\"contentUrl\":\"https:\\\/\\\/www.facecorner.lv\\\/wp-content\\\/uploads\\\/2025\\\/02\\\/medi-peel_premium_golden_camellia_wrinkle_cream_50ml.jpg\",\"width\":900,\"height\":900,\"caption\":\"MEDI-PEEL Premium Golden Camellia Wrinkle Cream\"},{\"@type\":\"BreadcrumbList\",\"@id\":\"https:\\\/\\\/www.facecorner.lv\\\/shop\\\/medi-peel-premium-golden-camellia-wrinkle-cream-krems-pret-grumbam-ar-kamelijas-ekstraktu-50ml\\\/#breadcrumb\",\"itemListElement\":[{\"@type\":\"ListItem\",\"position\":1,\"name\":\"Home\",\"item\":\"https:\\\/\\\/www.facecorner.lv\\\/\"},{\"@type\":\"ListItem\",\"position\":2,\"name\":\"Veikals\",\"item\":\"https:\\\/\\\/www.facecorner.lv\\\/shop\\\/\"},{\"@type\":\"ListItem\",\"position\":3,\"name\":\"MEDI-PEEL Premium Golden Camellia Wrinkle Cream kr\u0113ms pret grumb\u0101m ar kam\u0113lijas ekstraktu 50ml\"}]},{\"@type\":\"WebSite\",\"@id\":\"https:\\\/\\\/www.facecorner.lv\\\/#website\",\"url\":\"https:\\\/\\\/www.facecorner.lv\\\/\",\"name\":\"Facecorner\",\"description\":\"\",\"publisher\":{\"@id\":\"https:\\\/\\\/www.facecorner.lv\\\/#organization\"},\"potentialAction\":[{\"@type\":\"SearchAction\",\"target\":{\"@type\":\"EntryPoint\",\"urlTemplate\":\"https:\\\/\\\/www.facecorner.lv\\\/?s={search_term_string}\"},\"query-input\":{\"@type\":\"PropertyValueSpecification\",\"valueRequired\":true,\"valueName\":\"search_term_string\"}}],\"inLanguage\":\"en-US\"},{\"@type\":\"Organization\",\"@id\":\"https:\\\/\\\/www.facecorner.lv\\\/#organization\",\"name\":\"Facecorner\",\"url\":\"https:\\\/\\\/www.facecorner.lv\\\/\",\"logo\":{\"@type\":\"ImageObject\",\"inLanguage\":\"en-US\",\"@id\":\"https:\\\/\\\/www.facecorner.lv\\\/#\\\/schema\\\/logo\\\/image\\\/\",\"url\":\"https:\\\/\\\/www.facecorner.lv\\\/wp-content\\\/uploads\\\/2024\\\/04\\\/fc-logo.jpg\",\"contentUrl\":\"https:\\\/\\\/www.facecorner.lv\\\/wp-content\\\/uploads\\\/2024\\\/04\\\/fc-logo.jpg\",\"width\":174,\"height\":28,\"caption\":\"Facecorner\"},\"image\":{\"@id\":\"https:\\\/\\\/www.facecorner.lv\\\/#\\\/schema\\\/logo\\\/image\\\/\"},\"sameAs\":[\"https:\\\/\\\/www.facebook.com\\\/profile.php?id=100063824551839\",\"https:\\\/\\\/www.instagram.com\\\/facecorner_shop\\\/\"]}]}<\/script>\n<meta property=\"product:price:amount\" content=\"41.00\" \/>\n<meta property=\"product:price:currency\" content=\"EUR\" \/>\n<meta property=\"og:availability\" content=\"out of stock\" \/>\n<meta property=\"product:availability\" content=\"out of stock\" \/>\n<meta property=\"product:condition\" content=\"new\" \/>\n<!-- \/ Yoast SEO plugin. -->","yoast_head_json":{"title":"MEDI-PEEL Premium Golden Camellia Wrinkle Cream kr\u0113ms pret grumb\u0101m ar kam\u0113lijas ekstraktu 50ml - FACECORNER","description":"MEDI-PEEL Premium Golden Camellia Wrinkle Cream ir \u012bpa\u0161i izstr\u0101d\u0101ts vecuma paz\u012bmju nov\u0113r\u0161anai, pal\u012bdz c\u012b\u0146\u0101 gan pret hronisku, gan foto noveco\u0161anos","robots":{"index":"index","follow":"follow","max-snippet":"max-snippet:-1","max-image-preview":"max-image-preview:large","max-video-preview":"max-video-preview:-1"},"canonical":"https:\/\/www.facecorner.lv\/en\/shop\/medi-peel-premium-golden-camellia-wrinkle-cream-krems-pret-grumbam-ar-kamelijas-ekstraktu-50ml\/","og_locale":"en_US","og_type":"article","og_title":"MEDI-PEEL Premium Golden Camellia Wrinkle Cream kr\u0113ms pret grumb\u0101m ar kam\u0113lijas ekstraktu 50ml - FACECORNER","og_description":"MEDI-PEEL Premium Golden Camellia Wrinkle Cream ir \u012bpa\u0161i izstr\u0101d\u0101ts vecuma paz\u012bmju nov\u0113r\u0161anai, pal\u012bdz c\u012b\u0146\u0101 gan pret hronisku, gan foto noveco\u0161anos","og_url":"https:\/\/www.facecorner.lv\/en\/shop\/medi-peel-premium-golden-camellia-wrinkle-cream-krems-pret-grumbam-ar-kamelijas-ekstraktu-50ml\/","og_site_name":"FACECORNER","article_publisher":"https:\/\/www.facebook.com\/profile.php?id=100063824551839","article_modified_time":"2025-08-22T00:09:03+00:00","og_image":[{"width":900,"height":900,"url":"https:\/\/www.facecorner.lv\/wp-content\/uploads\/2025\/02\/medi-peel_premium_golden_camellia_wrinkle_cream_50ml.jpg","type":"image\/jpeg"}],"twitter_card":"summary_large_image","twitter_misc":{"Price":"&euro;41.00","Availability":"Out of stock"},"schema":{"@context":"https:\/\/schema.org","@graph":[{"@type":"WebPage","@id":"https:\/\/www.facecorner.lv\/shop\/medi-peel-premium-golden-camellia-wrinkle-cream-krems-pret-grumbam-ar-kamelijas-ekstraktu-50ml\/","url":"https:\/\/www.facecorner.lv\/shop\/medi-peel-premium-golden-camellia-wrinkle-cream-krems-pret-grumbam-ar-kamelijas-ekstraktu-50ml\/","name":"MEDI-PEEL Premium Golden Camellia Wrinkle Cream kr\u0113ms pret grumb\u0101m ar kam\u0113lijas ekstraktu 50ml - FACECORNER","isPartOf":{"@id":"https:\/\/www.facecorner.lv\/#website"},"primaryImageOfPage":{"@id":"https:\/\/www.facecorner.lv\/shop\/medi-peel-premium-golden-camellia-wrinkle-cream-krems-pret-grumbam-ar-kamelijas-ekstraktu-50ml\/#primaryimage"},"image":{"@id":"https:\/\/www.facecorner.lv\/shop\/medi-peel-premium-golden-camellia-wrinkle-cream-krems-pret-grumbam-ar-kamelijas-ekstraktu-50ml\/#primaryimage"},"thumbnailUrl":"https:\/\/www.facecorner.lv\/wp-content\/uploads\/2025\/02\/medi-peel_premium_golden_camellia_wrinkle_cream_50ml.jpg","datePublished":"2025-02-01T12:45:21+00:00","dateModified":"2025-08-22T00:09:03+00:00","description":"MEDI-PEEL Premium Golden Camellia Wrinkle Cream ir \u012bpa\u0161i izstr\u0101d\u0101ts vecuma paz\u012bmju nov\u0113r\u0161anai, pal\u012bdz c\u012b\u0146\u0101 gan pret hronisku, gan foto noveco\u0161anos","breadcrumb":{"@id":"https:\/\/www.facecorner.lv\/shop\/medi-peel-premium-golden-camellia-wrinkle-cream-krems-pret-grumbam-ar-kamelijas-ekstraktu-50ml\/#breadcrumb"},"inLanguage":"en-US","potentialAction":[{"@type":"ReadAction","target":["https:\/\/www.facecorner.lv\/shop\/medi-peel-premium-golden-camellia-wrinkle-cream-krems-pret-grumbam-ar-kamelijas-ekstraktu-50ml\/"]}]},{"@type":"ImageObject","inLanguage":"en-US","@id":"https:\/\/www.facecorner.lv\/shop\/medi-peel-premium-golden-camellia-wrinkle-cream-krems-pret-grumbam-ar-kamelijas-ekstraktu-50ml\/#primaryimage","url":"https:\/\/www.facecorner.lv\/wp-content\/uploads\/2025\/02\/medi-peel_premium_golden_camellia_wrinkle_cream_50ml.jpg","contentUrl":"https:\/\/www.facecorner.lv\/wp-content\/uploads\/2025\/02\/medi-peel_premium_golden_camellia_wrinkle_cream_50ml.jpg","width":900,"height":900,"caption":"MEDI-PEEL Premium Golden Camellia Wrinkle Cream"},{"@type":"BreadcrumbList","@id":"https:\/\/www.facecorner.lv\/shop\/medi-peel-premium-golden-camellia-wrinkle-cream-krems-pret-grumbam-ar-kamelijas-ekstraktu-50ml\/#breadcrumb","itemListElement":[{"@type":"ListItem","position":1,"name":"Home","item":"https:\/\/www.facecorner.lv\/"},{"@type":"ListItem","position":2,"name":"Veikals","item":"https:\/\/www.facecorner.lv\/shop\/"},{"@type":"ListItem","position":3,"name":"MEDI-PEEL Premium Golden Camellia Wrinkle Cream kr\u0113ms pret grumb\u0101m ar kam\u0113lijas ekstraktu 50ml"}]},{"@type":"WebSite","@id":"https:\/\/www.facecorner.lv\/#website","url":"https:\/\/www.facecorner.lv\/","name":"Facecorner","description":"","publisher":{"@id":"https:\/\/www.facecorner.lv\/#organization"},"potentialAction":[{"@type":"SearchAction","target":{"@type":"EntryPoint","urlTemplate":"https:\/\/www.facecorner.lv\/?s={search_term_string}"},"query-input":{"@type":"PropertyValueSpecification","valueRequired":true,"valueName":"search_term_string"}}],"inLanguage":"en-US"},{"@type":"Organization","@id":"https:\/\/www.facecorner.lv\/#organization","name":"Facecorner","url":"https:\/\/www.facecorner.lv\/","logo":{"@type":"ImageObject","inLanguage":"en-US","@id":"https:\/\/www.facecorner.lv\/#\/schema\/logo\/image\/","url":"https:\/\/www.facecorner.lv\/wp-content\/uploads\/2024\/04\/fc-logo.jpg","contentUrl":"https:\/\/www.facecorner.lv\/wp-content\/uploads\/2024\/04\/fc-logo.jpg","width":174,"height":28,"caption":"Facecorner"},"image":{"@id":"https:\/\/www.facecorner.lv\/#\/schema\/logo\/image\/"},"sameAs":["https:\/\/www.facebook.com\/profile.php?id=100063824551839","https:\/\/www.instagram.com\/facecorner_shop\/"]}]},"product_price_amount":"41.00","product_price_currency":"EUR","og_availability":"out of stock","product_availability":"out of stock","product_condition":"new"},"_links":{"self":[{"href":"https:\/\/www.facecorner.lv\/en\/wp-json\/wp\/v2\/product\/23193","targetHints":{"allow":["GET"]}}],"collection":[{"href":"https:\/\/www.facecorner.lv\/en\/wp-json\/wp\/v2\/product"}],"about":[{"href":"https:\/\/www.facecorner.lv\/en\/wp-json\/wp\/v2\/types\/product"}],"replies":[{"embeddable":true,"href":"https:\/\/www.facecorner.lv\/en\/wp-json\/wp\/v2\/comments?post=23193"}],"wp:featuredmedia":[{"embeddable":true,"href":"https:\/\/www.facecorner.lv\/en\/wp-json\/wp\/v2\/media\/23194"}],"wp:attachment":[{"href":"https:\/\/www.facecorner.lv\/en\/wp-json\/wp\/v2\/media?parent=23193"}],"wp:term":[{"taxonomy":"product_brand","embeddable":true,"href":"https:\/\/www.facecorner.lv\/en\/wp-json\/wp\/v2\/product_brand?post=23193"},{"taxonomy":"product_cat","embeddable":true,"href":"https:\/\/www.facecorner.lv\/en\/wp-json\/wp\/v2\/product_cat?post=23193"},{"taxonomy":"product_tag","embeddable":true,"href":"https:\/\/www.facecorner.lv\/en\/wp-json\/wp\/v2\/product_tag?post=23193"},{"taxonomy":"berocket_brand","embeddable":true,"href":"https:\/\/www.facecorner.lv\/en\/wp-json\/wp\/v2\/berocket_brand?post=23193"}],"curies":[{"name":"wp","href":"https:\/\/api.w.org\/{rel}","templated":true}]}}