{"id":23171,"date":"2025-01-30T16:16:05","date_gmt":"2025-01-30T13:16:05","guid":{"rendered":"https:\/\/www.facecorner.lv\/?post_type=product&#038;p=23171"},"modified":"2025-11-06T21:37:40","modified_gmt":"2025-11-06T18:37:40","slug":"medicube-super-cica-daily-quick-mask-nomierinosu-audu-masku-komplekts-ar-azijas-centellu-30-gab","status":"publish","type":"product","link":"https:\/\/www.facecorner.lv\/en\/shop\/medicube-super-cica-daily-quick-mask-nomierinosu-audu-masku-komplekts-ar-azijas-centellu-30-gab\/","title":{"rendered":"Medicube Super Cica Daily Quick Mask Nomierino\u0161u audu masku komplekts ar \u0100zijas centellu &#8211; 30 gab."},"content":{"rendered":"<p>Medicube Super Cica Daily Quick Mask audu masku komplekts ar nomierino\u0161\u0101m \u012bpa\u0161\u012bb\u0101m. T\u0101s var lietot katru dienu, lai \u0101tri nomierin\u0101tu jut\u012bgu \u0101du.<\/p>\n<p>Masku sast\u0101v\u0101 eso\u0161\u0101 esence satur alvejas un t\u0113jas koka lapu ekstraktus, kas siner\u0123iski iedarbojas, mitrinot, mazinot aps\u0101rtumu un veicinot \u0101das atjauno\u0161anos.<br \/>\nVienlaikus Centella asiatica ekstrakts un no t\u0101 ieg\u016bt\u0101s vielas pastiprina masku nomierino\u0161o un pretiekaisuma iedarb\u012bbu, savuk\u0101rt vair\u0101ki hialuronsk\u0101bes atvasin\u0101jumi izl\u012bdzina, m\u012bkstina un intens\u012bvi mitrina \u0101du.<\/p>\n<p>Komplekt\u0101 ir minipinceti\u0146\u0161, lai maskas var\u0113tu viegli iz\u0146emt no iepakojuma.<\/p>\n<p><strong>Bubble Pop Cleanser products fine, soft foam to cleanse away dead skin, sebum and makeup residue from your face, while hyaluronic acid moisturizes your skin.<\/strong><\/p>\n<ul>\n<li>Alvejas lapu ekstrakts &#8211; nomierina kairin\u0101jumu, mitrina.<\/li>\n<li>t\u0113jas koka lapu ekstrakts &#8211; tam piem\u012bt antioksidanta \u012bpa\u0161\u012bbas, veicina \u0101das re\u0123ener\u0101ciju,<\/li>\n<li>Centella asiatica lapu ekstrakts &#8211; antioksidants, nomierina \u0101du, mazina iekaisumu un re\u0123ener\u0113,<\/li>\n<li>hialuronsk\u0101be &#8211; dzi\u013ci mitrina, ilg\u0101k saglab\u0101 mitrumu epiderm\u0101, izl\u012bdzina.<\/li>\n<\/ul>\n<p><strong>How to use:<\/strong> iz\u0146emiet vienu masku no iepakojuma ar pinceti. Uzkl\u0101jiet uz att\u012br\u012btas un toniz\u0113tas sejas \u0101das, atst\u0101jiet uz 10-15 min. P\u0113c tam no\u0146emiet masku un iemas\u0113jiet atliku\u0161o esenci uz \u0101das, izvairoties no zonas ap ac\u012bm un l\u016bp\u0101m.<\/p>\n<p><strong>Ingredientes: <\/strong>Aqua, Methylpropanediol, Glycerin, Glycereth-26, Dipropylene Glycol, Butylene Glycol, Aloe Barbadensis Leaf Extract, Centella Asiatica Extract, Camellia Sinensis Leaf Extract, Melaleuca Alternifolia (Tea Tree) Leaf Extract, Albatrellus Confluens (Mushroom) Extract, Dipotassium Glycyrrhizate, Hydroxyethyl Urea, Propanediol, 1,2-Hexanediol, Polyglyceryl-10 Oleate, Sodium Hyaluronate, Pentylene Glycol, Sucrose, Madecassoside, Hydrolyzed Sodium Hyaluronate, Potassium Hyaluronate, Hyaluronic Acid, Hydroxypropyltrimonium Hyaluronate, Hydrolyzed Hyaluronic Acid, Sodium Hyaluronate Crosspolymer, Sodium Acetylated Hyaluronate, Melia Azadirachta Flower Extract, Mineral Salts, Asiatic Acid, Madecassic Acid, Asiaticoside, Melia Azadirachta Leaf Extract, Carbomer, Xanthan Gum, Hydroxyhacetophenone, Citric Acid, Arginine, Allantoin, Ethylhexylglycerin, Disodium EDTA<\/p>","protected":false},"excerpt":{"rendered":"<p>Medicube Super Cica Daily Quick Mask audu masku komplekts ar nomierino\u0161\u0101m \u012bpa\u0161\u012bb\u0101m. T\u0101s var lietot katru dienu, lai \u0101tri nomierin\u0101tu jut\u012bgu \u0101du.<\/p>","protected":false},"featured_media":23172,"comment_status":"open","ping_status":"closed","template":"","meta":{"site-sidebar-layout":"default","site-content-layout":"","ast-site-content-layout":"default","site-content-style":"default","site-sidebar-style":"default","ast-global-header-display":"","ast-banner-title-visibility":"","ast-main-header-display":"","ast-hfb-above-header-display":"","ast-hfb-below-header-display":"","ast-hfb-mobile-header-display":"","site-post-title":"","ast-breadcrumbs-content":"","ast-featured-img":"","footer-sml-layout":"","theme-transparent-header-meta":"default","adv-header-id-meta":"","stick-header-meta":"","header-above-stick-meta":"","header-main-stick-meta":"","header-below-stick-meta":"","astra-migrate-meta-layouts":"set","ast-page-background-enabled":"default","ast-page-background-meta":{"desktop":{"background-color":"var(--ast-global-color-4)","background-image":"","background-repeat":"repeat","background-position":"center center","background-size":"auto","background-attachment":"scroll","background-type":"","background-media":"","overlay-type":"","overlay-color":"","overlay-opacity":"","overlay-gradient":""},"tablet":{"background-color":"","background-image":"","background-repeat":"repeat","background-position":"center center","background-size":"auto","background-attachment":"scroll","background-type":"","background-media":"","overlay-type":"","overlay-color":"","overlay-opacity":"","overlay-gradient":""},"mobile":{"background-color":"","background-image":"","background-repeat":"repeat","background-position":"center center","background-size":"auto","background-attachment":"scroll","background-type":"","background-media":"","overlay-type":"","overlay-color":"","overlay-opacity":"","overlay-gradient":""}},"ast-content-background-meta":{"desktop":{"background-color":"var(--ast-global-color-5)","background-image":"","background-repeat":"repeat","background-position":"center center","background-size":"auto","background-attachment":"scroll","background-type":"","background-media":"","overlay-type":"","overlay-color":"","overlay-opacity":"","overlay-gradient":""},"tablet":{"background-color":"var(--ast-global-color-5)","background-image":"","background-repeat":"repeat","background-position":"center center","background-size":"auto","background-attachment":"scroll","background-type":"","background-media":"","overlay-type":"","overlay-color":"","overlay-opacity":"","overlay-gradient":""},"mobile":{"background-color":"var(--ast-global-color-5)","background-image":"","background-repeat":"repeat","background-position":"center center","background-size":"auto","background-attachment":"scroll","background-type":"","background-media":"","overlay-type":"","overlay-color":"","overlay-opacity":"","overlay-gradient":""}}},"product_brand":[],"product_cat":[324,315],"product_tag":[],"berocket_brand":[579],"class_list":{"0":"post-23171","1":"product","2":"type-product","3":"status-publish","4":"has-post-thumbnail","6":"product_cat-auduma","7":"product_cat-maskas","8":"berocket_brand-medicube","9":"desktop-align-left","10":"tablet-align-left","11":"mobile-align-left","13":"first","14":"outofstock","15":"taxable","16":"shipping-taxable","17":"purchasable","18":"product-type-simple","19":"add-to-wishlist-before_image"},"yoast_head":"<!-- This site is optimized with the Yoast SEO plugin v27.4 - https:\/\/yoast.com\/product\/yoast-seo-wordpress\/ -->\n<title>Medicube Super Cica Daily Quick Mask Nomierino\u0161u audu masku komplekts ar \u0100zijas centellu - 30 gab. - FACECORNER<\/title>\n<meta name=\"description\" content=\"Medicube Super Cica Daily Quick Mask audu masku komplekts ar nomierino\u0161\u0101m \u012bpa\u0161\u012bb\u0101m. T\u0101s var lietot katru dienu, lai \u0101tri nomierin\u0101tu jut\u012bgu \u0101du.\" \/>\n<meta name=\"robots\" content=\"index, follow, max-snippet:-1, max-image-preview:large, max-video-preview:-1\" \/>\n<link rel=\"canonical\" href=\"https:\/\/www.facecorner.lv\/en\/shop\/medicube-super-cica-daily-quick-mask-nomierinosu-audu-masku-komplekts-ar-azijas-centellu-30-gab\/\" \/>\n<meta property=\"og:locale\" content=\"en_US\" \/>\n<meta property=\"og:type\" content=\"article\" \/>\n<meta property=\"og:title\" content=\"Medicube Super Cica Daily Quick Mask Nomierino\u0161u audu masku komplekts ar \u0100zijas centellu - 30 gab. - FACECORNER\" \/>\n<meta property=\"og:description\" content=\"Medicube Super Cica Daily Quick Mask audu masku komplekts ar nomierino\u0161\u0101m \u012bpa\u0161\u012bb\u0101m. T\u0101s var lietot katru dienu, lai \u0101tri nomierin\u0101tu jut\u012bgu \u0101du.\" \/>\n<meta property=\"og:url\" content=\"https:\/\/www.facecorner.lv\/en\/shop\/medicube-super-cica-daily-quick-mask-nomierinosu-audu-masku-komplekts-ar-azijas-centellu-30-gab\/\" \/>\n<meta property=\"og:site_name\" content=\"FACECORNER\" \/>\n<meta property=\"article:publisher\" content=\"https:\/\/www.facebook.com\/profile.php?id=100063824551839\" \/>\n<meta property=\"article:modified_time\" content=\"2025-11-06T18:37:40+00:00\" \/>\n<meta property=\"og:image\" content=\"https:\/\/www.facecorner.lv\/wp-content\/uploads\/2025\/01\/717JTwTvLIL.jpg\" \/>\n\t<meta property=\"og:image:width\" content=\"2000\" \/>\n\t<meta property=\"og:image:height\" content=\"2000\" \/>\n\t<meta property=\"og:image:type\" content=\"image\/jpeg\" \/>\n<meta name=\"twitter:card\" content=\"summary_large_image\" \/>\n<meta name=\"twitter:label1\" content=\"Price\" \/>\n\t<meta name=\"twitter:data1\" content=\"&euro;29.90\" \/>\n\t<meta name=\"twitter:label2\" content=\"Availability\" \/>\n\t<meta name=\"twitter:data2\" content=\"Out of stock\" \/>\n<script type=\"application\/ld+json\" class=\"yoast-schema-graph\">{\"@context\":\"https:\\\/\\\/schema.org\",\"@graph\":[{\"@type\":\"WebPage\",\"@id\":\"https:\\\/\\\/www.facecorner.lv\\\/shop\\\/medicube-super-cica-daily-quick-mask-nomierinosu-audu-masku-komplekts-ar-azijas-centellu-30-gab\\\/\",\"url\":\"https:\\\/\\\/www.facecorner.lv\\\/shop\\\/medicube-super-cica-daily-quick-mask-nomierinosu-audu-masku-komplekts-ar-azijas-centellu-30-gab\\\/\",\"name\":\"Medicube Super Cica Daily Quick Mask Nomierino\u0161u audu masku komplekts ar \u0100zijas centellu - 30 gab. - FACECORNER\",\"isPartOf\":{\"@id\":\"https:\\\/\\\/www.facecorner.lv\\\/#website\"},\"primaryImageOfPage\":{\"@id\":\"https:\\\/\\\/www.facecorner.lv\\\/shop\\\/medicube-super-cica-daily-quick-mask-nomierinosu-audu-masku-komplekts-ar-azijas-centellu-30-gab\\\/#primaryimage\"},\"image\":{\"@id\":\"https:\\\/\\\/www.facecorner.lv\\\/shop\\\/medicube-super-cica-daily-quick-mask-nomierinosu-audu-masku-komplekts-ar-azijas-centellu-30-gab\\\/#primaryimage\"},\"thumbnailUrl\":\"https:\\\/\\\/www.facecorner.lv\\\/wp-content\\\/uploads\\\/2025\\\/01\\\/717JTwTvLIL.jpg\",\"datePublished\":\"2025-01-30T13:16:05+00:00\",\"dateModified\":\"2025-11-06T18:37:40+00:00\",\"description\":\"Medicube Super Cica Daily Quick Mask audu masku komplekts ar nomierino\u0161\u0101m \u012bpa\u0161\u012bb\u0101m. T\u0101s var lietot katru dienu, lai \u0101tri nomierin\u0101tu jut\u012bgu \u0101du.\",\"breadcrumb\":{\"@id\":\"https:\\\/\\\/www.facecorner.lv\\\/shop\\\/medicube-super-cica-daily-quick-mask-nomierinosu-audu-masku-komplekts-ar-azijas-centellu-30-gab\\\/#breadcrumb\"},\"inLanguage\":\"en-US\",\"potentialAction\":[{\"@type\":\"ReadAction\",\"target\":[\"https:\\\/\\\/www.facecorner.lv\\\/shop\\\/medicube-super-cica-daily-quick-mask-nomierinosu-audu-masku-komplekts-ar-azijas-centellu-30-gab\\\/\"]}]},{\"@type\":\"ImageObject\",\"inLanguage\":\"en-US\",\"@id\":\"https:\\\/\\\/www.facecorner.lv\\\/shop\\\/medicube-super-cica-daily-quick-mask-nomierinosu-audu-masku-komplekts-ar-azijas-centellu-30-gab\\\/#primaryimage\",\"url\":\"https:\\\/\\\/www.facecorner.lv\\\/wp-content\\\/uploads\\\/2025\\\/01\\\/717JTwTvLIL.jpg\",\"contentUrl\":\"https:\\\/\\\/www.facecorner.lv\\\/wp-content\\\/uploads\\\/2025\\\/01\\\/717JTwTvLIL.jpg\",\"width\":2000,\"height\":2000,\"caption\":\"Version 1.0.0\"},{\"@type\":\"BreadcrumbList\",\"@id\":\"https:\\\/\\\/www.facecorner.lv\\\/shop\\\/medicube-super-cica-daily-quick-mask-nomierinosu-audu-masku-komplekts-ar-azijas-centellu-30-gab\\\/#breadcrumb\",\"itemListElement\":[{\"@type\":\"ListItem\",\"position\":1,\"name\":\"Home\",\"item\":\"https:\\\/\\\/www.facecorner.lv\\\/\"},{\"@type\":\"ListItem\",\"position\":2,\"name\":\"Veikals\",\"item\":\"https:\\\/\\\/www.facecorner.lv\\\/shop\\\/\"},{\"@type\":\"ListItem\",\"position\":3,\"name\":\"Medicube Super Cica Daily Quick Mask Nomierino\u0161u audu masku komplekts ar \u0100zijas centellu &#8212; 30 gab.\"}]},{\"@type\":\"WebSite\",\"@id\":\"https:\\\/\\\/www.facecorner.lv\\\/#website\",\"url\":\"https:\\\/\\\/www.facecorner.lv\\\/\",\"name\":\"Facecorner\",\"description\":\"\",\"publisher\":{\"@id\":\"https:\\\/\\\/www.facecorner.lv\\\/#organization\"},\"potentialAction\":[{\"@type\":\"SearchAction\",\"target\":{\"@type\":\"EntryPoint\",\"urlTemplate\":\"https:\\\/\\\/www.facecorner.lv\\\/?s={search_term_string}\"},\"query-input\":{\"@type\":\"PropertyValueSpecification\",\"valueRequired\":true,\"valueName\":\"search_term_string\"}}],\"inLanguage\":\"en-US\"},{\"@type\":\"Organization\",\"@id\":\"https:\\\/\\\/www.facecorner.lv\\\/#organization\",\"name\":\"Facecorner\",\"url\":\"https:\\\/\\\/www.facecorner.lv\\\/\",\"logo\":{\"@type\":\"ImageObject\",\"inLanguage\":\"en-US\",\"@id\":\"https:\\\/\\\/www.facecorner.lv\\\/#\\\/schema\\\/logo\\\/image\\\/\",\"url\":\"https:\\\/\\\/www.facecorner.lv\\\/wp-content\\\/uploads\\\/2024\\\/04\\\/fc-logo.jpg\",\"contentUrl\":\"https:\\\/\\\/www.facecorner.lv\\\/wp-content\\\/uploads\\\/2024\\\/04\\\/fc-logo.jpg\",\"width\":174,\"height\":28,\"caption\":\"Facecorner\"},\"image\":{\"@id\":\"https:\\\/\\\/www.facecorner.lv\\\/#\\\/schema\\\/logo\\\/image\\\/\"},\"sameAs\":[\"https:\\\/\\\/www.facebook.com\\\/profile.php?id=100063824551839\",\"https:\\\/\\\/www.instagram.com\\\/facecorner_shop\\\/\"]}]}<\/script>\n<meta property=\"product:price:amount\" content=\"29.90\" \/>\n<meta property=\"product:price:currency\" content=\"EUR\" \/>\n<meta property=\"og:availability\" content=\"out of stock\" \/>\n<meta property=\"product:availability\" content=\"out of stock\" \/>\n<meta property=\"product:condition\" content=\"new\" \/>\n<!-- \/ Yoast SEO plugin. -->","yoast_head_json":{"title":"Medicube Super Cica Daily Quick Mask Nomierino\u0161u audu masku komplekts ar \u0100zijas centellu - 30 gab. - FACECORNER","description":"Medicube Super Cica Daily Quick Mask audu masku komplekts ar nomierino\u0161\u0101m \u012bpa\u0161\u012bb\u0101m. T\u0101s var lietot katru dienu, lai \u0101tri nomierin\u0101tu jut\u012bgu \u0101du.","robots":{"index":"index","follow":"follow","max-snippet":"max-snippet:-1","max-image-preview":"max-image-preview:large","max-video-preview":"max-video-preview:-1"},"canonical":"https:\/\/www.facecorner.lv\/en\/shop\/medicube-super-cica-daily-quick-mask-nomierinosu-audu-masku-komplekts-ar-azijas-centellu-30-gab\/","og_locale":"en_US","og_type":"article","og_title":"Medicube Super Cica Daily Quick Mask Nomierino\u0161u audu masku komplekts ar \u0100zijas centellu - 30 gab. - FACECORNER","og_description":"Medicube Super Cica Daily Quick Mask audu masku komplekts ar nomierino\u0161\u0101m \u012bpa\u0161\u012bb\u0101m. T\u0101s var lietot katru dienu, lai \u0101tri nomierin\u0101tu jut\u012bgu \u0101du.","og_url":"https:\/\/www.facecorner.lv\/en\/shop\/medicube-super-cica-daily-quick-mask-nomierinosu-audu-masku-komplekts-ar-azijas-centellu-30-gab\/","og_site_name":"FACECORNER","article_publisher":"https:\/\/www.facebook.com\/profile.php?id=100063824551839","article_modified_time":"2025-11-06T18:37:40+00:00","og_image":[{"width":2000,"height":2000,"url":"https:\/\/www.facecorner.lv\/wp-content\/uploads\/2025\/01\/717JTwTvLIL.jpg","type":"image\/jpeg"}],"twitter_card":"summary_large_image","twitter_misc":{"Price":"&euro;29.90","Availability":"Out of stock"},"schema":{"@context":"https:\/\/schema.org","@graph":[{"@type":"WebPage","@id":"https:\/\/www.facecorner.lv\/shop\/medicube-super-cica-daily-quick-mask-nomierinosu-audu-masku-komplekts-ar-azijas-centellu-30-gab\/","url":"https:\/\/www.facecorner.lv\/shop\/medicube-super-cica-daily-quick-mask-nomierinosu-audu-masku-komplekts-ar-azijas-centellu-30-gab\/","name":"Medicube Super Cica Daily Quick Mask Nomierino\u0161u audu masku komplekts ar \u0100zijas centellu - 30 gab. - FACECORNER","isPartOf":{"@id":"https:\/\/www.facecorner.lv\/#website"},"primaryImageOfPage":{"@id":"https:\/\/www.facecorner.lv\/shop\/medicube-super-cica-daily-quick-mask-nomierinosu-audu-masku-komplekts-ar-azijas-centellu-30-gab\/#primaryimage"},"image":{"@id":"https:\/\/www.facecorner.lv\/shop\/medicube-super-cica-daily-quick-mask-nomierinosu-audu-masku-komplekts-ar-azijas-centellu-30-gab\/#primaryimage"},"thumbnailUrl":"https:\/\/www.facecorner.lv\/wp-content\/uploads\/2025\/01\/717JTwTvLIL.jpg","datePublished":"2025-01-30T13:16:05+00:00","dateModified":"2025-11-06T18:37:40+00:00","description":"Medicube Super Cica Daily Quick Mask audu masku komplekts ar nomierino\u0161\u0101m \u012bpa\u0161\u012bb\u0101m. T\u0101s var lietot katru dienu, lai \u0101tri nomierin\u0101tu jut\u012bgu \u0101du.","breadcrumb":{"@id":"https:\/\/www.facecorner.lv\/shop\/medicube-super-cica-daily-quick-mask-nomierinosu-audu-masku-komplekts-ar-azijas-centellu-30-gab\/#breadcrumb"},"inLanguage":"en-US","potentialAction":[{"@type":"ReadAction","target":["https:\/\/www.facecorner.lv\/shop\/medicube-super-cica-daily-quick-mask-nomierinosu-audu-masku-komplekts-ar-azijas-centellu-30-gab\/"]}]},{"@type":"ImageObject","inLanguage":"en-US","@id":"https:\/\/www.facecorner.lv\/shop\/medicube-super-cica-daily-quick-mask-nomierinosu-audu-masku-komplekts-ar-azijas-centellu-30-gab\/#primaryimage","url":"https:\/\/www.facecorner.lv\/wp-content\/uploads\/2025\/01\/717JTwTvLIL.jpg","contentUrl":"https:\/\/www.facecorner.lv\/wp-content\/uploads\/2025\/01\/717JTwTvLIL.jpg","width":2000,"height":2000,"caption":"Version 1.0.0"},{"@type":"BreadcrumbList","@id":"https:\/\/www.facecorner.lv\/shop\/medicube-super-cica-daily-quick-mask-nomierinosu-audu-masku-komplekts-ar-azijas-centellu-30-gab\/#breadcrumb","itemListElement":[{"@type":"ListItem","position":1,"name":"Home","item":"https:\/\/www.facecorner.lv\/"},{"@type":"ListItem","position":2,"name":"Veikals","item":"https:\/\/www.facecorner.lv\/shop\/"},{"@type":"ListItem","position":3,"name":"Medicube Super Cica Daily Quick Mask Nomierino\u0161u audu masku komplekts ar \u0100zijas centellu &#8212; 30 gab."}]},{"@type":"WebSite","@id":"https:\/\/www.facecorner.lv\/#website","url":"https:\/\/www.facecorner.lv\/","name":"Facecorner","description":"","publisher":{"@id":"https:\/\/www.facecorner.lv\/#organization"},"potentialAction":[{"@type":"SearchAction","target":{"@type":"EntryPoint","urlTemplate":"https:\/\/www.facecorner.lv\/?s={search_term_string}"},"query-input":{"@type":"PropertyValueSpecification","valueRequired":true,"valueName":"search_term_string"}}],"inLanguage":"en-US"},{"@type":"Organization","@id":"https:\/\/www.facecorner.lv\/#organization","name":"Facecorner","url":"https:\/\/www.facecorner.lv\/","logo":{"@type":"ImageObject","inLanguage":"en-US","@id":"https:\/\/www.facecorner.lv\/#\/schema\/logo\/image\/","url":"https:\/\/www.facecorner.lv\/wp-content\/uploads\/2024\/04\/fc-logo.jpg","contentUrl":"https:\/\/www.facecorner.lv\/wp-content\/uploads\/2024\/04\/fc-logo.jpg","width":174,"height":28,"caption":"Facecorner"},"image":{"@id":"https:\/\/www.facecorner.lv\/#\/schema\/logo\/image\/"},"sameAs":["https:\/\/www.facebook.com\/profile.php?id=100063824551839","https:\/\/www.instagram.com\/facecorner_shop\/"]}]},"product_price_amount":"29.90","product_price_currency":"EUR","og_availability":"out of stock","product_availability":"out of stock","product_condition":"new"},"_links":{"self":[{"href":"https:\/\/www.facecorner.lv\/en\/wp-json\/wp\/v2\/product\/23171","targetHints":{"allow":["GET"]}}],"collection":[{"href":"https:\/\/www.facecorner.lv\/en\/wp-json\/wp\/v2\/product"}],"about":[{"href":"https:\/\/www.facecorner.lv\/en\/wp-json\/wp\/v2\/types\/product"}],"replies":[{"embeddable":true,"href":"https:\/\/www.facecorner.lv\/en\/wp-json\/wp\/v2\/comments?post=23171"}],"wp:featuredmedia":[{"embeddable":true,"href":"https:\/\/www.facecorner.lv\/en\/wp-json\/wp\/v2\/media\/23172"}],"wp:attachment":[{"href":"https:\/\/www.facecorner.lv\/en\/wp-json\/wp\/v2\/media?parent=23171"}],"wp:term":[{"taxonomy":"product_brand","embeddable":true,"href":"https:\/\/www.facecorner.lv\/en\/wp-json\/wp\/v2\/product_brand?post=23171"},{"taxonomy":"product_cat","embeddable":true,"href":"https:\/\/www.facecorner.lv\/en\/wp-json\/wp\/v2\/product_cat?post=23171"},{"taxonomy":"product_tag","embeddable":true,"href":"https:\/\/www.facecorner.lv\/en\/wp-json\/wp\/v2\/product_tag?post=23171"},{"taxonomy":"berocket_brand","embeddable":true,"href":"https:\/\/www.facecorner.lv\/en\/wp-json\/wp\/v2\/berocket_brand?post=23171"}],"curies":[{"name":"wp","href":"https:\/\/api.w.org\/{rel}","templated":true}]}}