{"id":23166,"date":"2025-01-30T15:57:51","date_gmt":"2025-01-30T12:57:51","guid":{"rendered":"https:\/\/www.facecorner.lv\/?post_type=product&#038;p=23166"},"modified":"2026-01-05T14:37:28","modified_gmt":"2026-01-05T11:37:28","slug":"celimax-dual-barrier-mild-gel-cleanser-ar-keramidu-kompleksu-200ml","status":"publish","type":"product","link":"https:\/\/www.facecorner.lv\/en\/shop\/celimax-dual-barrier-mild-gel-cleanser-ar-keramidu-kompleksu-200ml\/","title":{"rendered":"Celimax Dual Barrier Mild Gel Cleanser ar keram\u012bdu kompleksu 200ml"},"content":{"rendered":"<p>Celimax Dual Barrier Mild Gel Cleanser ar keram\u012bdu kompleksu maigi att\u012bra \u0101du, no\u0146em visus net\u012brumus, kosm\u0113tikas atlikumus un lieko sebumu. Tas netrauc\u0113 barjeras funkcijas un neboj\u0101 lip\u012bdu apvalku, neizraisa sausumu un sasprindzin\u0101jumu.<\/p>\n<p><strong>Satur augu virsmakt\u012bv\u0101s vielas, kas ir dro\u0161as pat paaugstin\u0101tas jut\u012bbas \u0101dai:<\/strong><\/p>\n<ul>\n<li>N\u0101trija kokoilglutam\u0101ts ir ieg\u016bts no kokosriekstu e\u013c\u013cas. Veido bag\u0101t\u012bgas putas un dzi\u013ci att\u012bra.<\/li>\n<li>Kokamidopropilbeta\u012bns tiek ieg\u016bts no kokosriekstu e\u013c\u013cas. Nomierina kairin\u0101jumu un stiprina \u0101das aizsargbarjeru.<\/li>\n<li>G\u0113la sabalans\u0113tais sast\u0101vs saglab\u0101 optim\u0101lu mitrin\u0101\u0161anas l\u012bmeni p\u0113c mazg\u0101\u0161anas. T\u0101 pH v\u0113rt\u012bba ir 5,20 \u00b1 0,50. Maigi sk\u0101ba formula atbalsta vesel\u012bgu mikrobiotu un neitraliz\u0113 teko\u0161a \u016bdens agres\u012bvo iedarb\u012bbu. Nesatur smar\u017evielas un \u0113terisk\u0101s e\u013c\u013cas.<\/li>\n<\/ul>\n<p><strong>Main active ingredients:<\/strong><\/p>\n<ul>\n<li>\u00a05 veidu keram\u012bdu komplekss atjauno epidermas sl\u0101\u0146a integrit\u0101ti, stiprina dabisko \u0101das barjeru, samazina jut\u012bbu pret \u0101r\u0113jiem kairin\u0101t\u0101jiem, nov\u0113r\u0161 lob\u012b\u0161anos un sausumu.<\/li>\n<li>C vitam\u012bns (askorb\u012bnsk\u0101be) sk\u0101b\u0101 form\u0101, tam piem\u012bt antioksidanta iedarb\u012bba, aizsarg\u0101 \u0161\u016bnas no br\u012bvajiem radik\u0101\u013ciem, kas pal\u0113nina noveco\u0161an\u0101s procesus, k\u0101 ar\u012b nov\u0113r\u0161 pigment\u0101cijas ra\u0161anos un izl\u012bdzina tonusu.<\/li>\n<li>Myrotamnus ekstrakts nov\u0113r\u0161 bl\u0101vu un piezem\u0113tu sejas toni, aktiviz\u0113 re\u0123ener\u0101ciju, nov\u0113r\u0161 sausumu un lob\u012b\u0161anos.<\/li>\n<li>Holester\u012bns un fitosfingoz\u012bns ir lip\u012bdi, kas veido \u0101das dabisko hidrolip\u012bdu apvalku. Tiem piem\u012bt pretiekaisuma iedarb\u012bba, tie pa\u0101trina dz\u012b\u0161anu.<\/li>\n<li>Beta\u012bns pie\u0161\u0137ir gludumu un maigumu, ilgsto\u0161i saglab\u0101 mitrumu, aizsarg\u0101 \u0161\u016bnu membr\u0101nas no boj\u0101\u0161an\u0101s, nov\u0113r\u0161 kairin\u0101juma paz\u012bmes.<\/li>\n<\/ul>\n<p>Piem\u0113rots sausai, norm\u0101lai un jut\u012bgai \u0101dai.<\/p>\n<p><strong>How to use:<\/strong> uzputo l\u012bdzekli plaukst\u0101s, uzkl\u0101j uz sejas, ap\u013cveida kust\u012bb\u0101m izkl\u0101j pa \u0101du un noskalojiet ar \u016bdeni.<\/p>\n<p><strong>Ingredientes:<\/strong> <span style=\"font-size: 16px;\">Water, Disodium Cocoamphodiacetate, Glycerin, Disodium Laureth Sulfosuccinate, Coco-betaine, Sodium Chloride, Sodium Methyl Cocoyl Taurate, Cocamide Methyl MEA, Acrylate Copolymer, Polyglyceryl-10 Lau Latex, Citric Acid, Hydroxyacetophenone, Caprylyl Glycol, Betaine, Coconut Acid, Xanthan Gum, Ethylhexylglycerin, Disodium EDTA, Hexylene Glycol, Sodium Citrate, 1,2- Hexanediol, Potassium Cocoyl Glycinate, Propanediol, Hydrogenated Lecithin, Cetearyl Alcohol, Stearic Acid, Myrothamnus Flavelifolia Leaf\/stem Extract, Ceramide NP, Ceramide NS, Ascorbic Acid , Phytosphingosine, Cholesterol, Ceramide AP, Ceramide AS, Ceramide EP<\/span><\/p>\n<div class=\"card__accordion-item js-accordion-item\">\n<div class=\"card__accordion-item__icon\"><\/div>\n<\/div>","protected":false},"excerpt":{"rendered":"<p>Celimax Dual Barrier Mild Gel Cleanser ar keram\u012bdu kompleksu\u00a0 maigi att\u012bra \u0101du, netrauc\u0113jot t\u0101s aizsargfunkcijas un neboj\u0101jot lip\u012bdu apvalku. Uz augu virsmakt\u012bvo vielu b\u0101zes izstr\u0101d\u0101tais l\u012bdzeklis no\u0146em visus net\u012brumus, kosm\u0113tikas atlikumus un lieko sebumu, neizraisa sausumu un sasprindzin\u0101jumu. T\u0101 sast\u0101v\u0101 ir C vitam\u012bns, keram\u012bdi, lip\u012bdi un mirotamnus ekstrakts.<\/p>","protected":false},"featured_media":23167,"comment_status":"open","ping_status":"closed","template":"","meta":{"site-sidebar-layout":"default","site-content-layout":"","ast-site-content-layout":"default","site-content-style":"default","site-sidebar-style":"default","ast-global-header-display":"","ast-banner-title-visibility":"","ast-main-header-display":"","ast-hfb-above-header-display":"","ast-hfb-below-header-display":"","ast-hfb-mobile-header-display":"","site-post-title":"","ast-breadcrumbs-content":"","ast-featured-img":"","footer-sml-layout":"","theme-transparent-header-meta":"default","adv-header-id-meta":"","stick-header-meta":"","header-above-stick-meta":"","header-main-stick-meta":"","header-below-stick-meta":"","astra-migrate-meta-layouts":"set","ast-page-background-enabled":"default","ast-page-background-meta":{"desktop":{"background-color":"var(--ast-global-color-4)","background-image":"","background-repeat":"repeat","background-position":"center center","background-size":"auto","background-attachment":"scroll","background-type":"","background-media":"","overlay-type":"","overlay-color":"","overlay-opacity":"","overlay-gradient":""},"tablet":{"background-color":"","background-image":"","background-repeat":"repeat","background-position":"center center","background-size":"auto","background-attachment":"scroll","background-type":"","background-media":"","overlay-type":"","overlay-color":"","overlay-opacity":"","overlay-gradient":""},"mobile":{"background-color":"","background-image":"","background-repeat":"repeat","background-position":"center center","background-size":"auto","background-attachment":"scroll","background-type":"","background-media":"","overlay-type":"","overlay-color":"","overlay-opacity":"","overlay-gradient":""}},"ast-content-background-meta":{"desktop":{"background-color":"var(--ast-global-color-5)","background-image":"","background-repeat":"repeat","background-position":"center center","background-size":"auto","background-attachment":"scroll","background-type":"","background-media":"","overlay-type":"","overlay-color":"","overlay-opacity":"","overlay-gradient":""},"tablet":{"background-color":"var(--ast-global-color-5)","background-image":"","background-repeat":"repeat","background-position":"center center","background-size":"auto","background-attachment":"scroll","background-type":"","background-media":"","overlay-type":"","overlay-color":"","overlay-opacity":"","overlay-gradient":""},"mobile":{"background-color":"var(--ast-global-color-5)","background-image":"","background-repeat":"repeat","background-position":"center center","background-size":"auto","background-attachment":"scroll","background-type":"","background-media":"","overlay-type":"","overlay-color":"","overlay-opacity":"","overlay-gradient":""}}},"product_brand":[],"product_cat":[511,310,311,313,317],"product_tag":[],"berocket_brand":[604],"class_list":{"0":"post-23166","1":"product","2":"type-product","3":"status-publish","4":"has-post-thumbnail","6":"product_cat-atlaides","7":"product_cat-attirisana","8":"product_cat-jutigai-adai-attirisana","9":"product_cat-problematiskai-adai-attirisana","10":"product_cat-sausai-adai-attirisana","11":"berocket_brand-celimax","12":"desktop-align-left","13":"tablet-align-left","14":"mobile-align-left","16":"first","17":"outofstock","18":"sale","19":"taxable","20":"shipping-taxable","21":"purchasable","22":"product-type-simple","23":"add-to-wishlist-before_image"},"yoast_head":"<!-- This site is optimized with the Yoast SEO plugin v27.3 - https:\/\/yoast.com\/product\/yoast-seo-wordpress\/ -->\n<title>Celimax Dual Barrier Mild Gel Cleanser ar keram\u012bdu kompleksu 200ml - FACECORNER<\/title>\n<meta name=\"description\" content=\"Celimax Dual Barrier Mild Gel Cleanser ar keram\u012bdu kompleksu\u00a0 maigi att\u012bra \u0101du, netrauc\u0113jot t\u0101s aizsargfunkcijas un neboj\u0101jot lip\u012bdu apvalku.\" \/>\n<meta name=\"robots\" content=\"index, follow, max-snippet:-1, max-image-preview:large, max-video-preview:-1\" \/>\n<link rel=\"canonical\" href=\"https:\/\/www.facecorner.lv\/en\/shop\/celimax-dual-barrier-mild-gel-cleanser-ar-keramidu-kompleksu-200ml\/\" \/>\n<meta property=\"og:locale\" content=\"en_US\" \/>\n<meta property=\"og:type\" content=\"article\" \/>\n<meta property=\"og:title\" content=\"Celimax Dual Barrier Mild Gel Cleanser ar keram\u012bdu kompleksu 200ml - FACECORNER\" \/>\n<meta property=\"og:description\" content=\"Celimax Dual Barrier Mild Gel Cleanser ar keram\u012bdu kompleksu\u00a0 maigi att\u012bra \u0101du, netrauc\u0113jot t\u0101s aizsargfunkcijas un neboj\u0101jot lip\u012bdu apvalku.\" \/>\n<meta property=\"og:url\" content=\"https:\/\/www.facecorner.lv\/en\/shop\/celimax-dual-barrier-mild-gel-cleanser-ar-keramidu-kompleksu-200ml\/\" \/>\n<meta property=\"og:site_name\" content=\"FACECORNER\" \/>\n<meta property=\"article:publisher\" content=\"https:\/\/www.facebook.com\/profile.php?id=100063824551839\" \/>\n<meta property=\"article:modified_time\" content=\"2026-01-05T11:37:28+00:00\" \/>\n<meta property=\"og:image\" content=\"https:\/\/www.facecorner.lv\/wp-content\/uploads\/2025\/01\/rus_pl_Celimax-Dual-Barrier-Mild-Gel-Cleanser-MIAGKII-GEL-DLIA-UMYVANIIA-LICA-200ml-17778_1.webp\" \/>\n\t<meta property=\"og:image:width\" content=\"1500\" \/>\n\t<meta property=\"og:image:height\" content=\"1500\" \/>\n\t<meta property=\"og:image:type\" content=\"image\/webp\" \/>\n<meta name=\"twitter:card\" content=\"summary_large_image\" \/>\n<meta name=\"twitter:label1\" content=\"Price\" \/>\n\t<meta name=\"twitter:data1\" content=\"&euro;19.90\" \/>\n\t<meta name=\"twitter:label2\" content=\"Availability\" \/>\n\t<meta name=\"twitter:data2\" content=\"Out of stock\" \/>\n<script type=\"application\/ld+json\" class=\"yoast-schema-graph\">{\"@context\":\"https:\\\/\\\/schema.org\",\"@graph\":[{\"@type\":\"WebPage\",\"@id\":\"https:\\\/\\\/www.facecorner.lv\\\/shop\\\/celimax-dual-barrier-mild-gel-cleanser-ar-keramidu-kompleksu-200ml\\\/\",\"url\":\"https:\\\/\\\/www.facecorner.lv\\\/shop\\\/celimax-dual-barrier-mild-gel-cleanser-ar-keramidu-kompleksu-200ml\\\/\",\"name\":\"Celimax Dual Barrier Mild Gel Cleanser ar keram\u012bdu kompleksu 200ml - FACECORNER\",\"isPartOf\":{\"@id\":\"https:\\\/\\\/www.facecorner.lv\\\/#website\"},\"primaryImageOfPage\":{\"@id\":\"https:\\\/\\\/www.facecorner.lv\\\/shop\\\/celimax-dual-barrier-mild-gel-cleanser-ar-keramidu-kompleksu-200ml\\\/#primaryimage\"},\"image\":{\"@id\":\"https:\\\/\\\/www.facecorner.lv\\\/shop\\\/celimax-dual-barrier-mild-gel-cleanser-ar-keramidu-kompleksu-200ml\\\/#primaryimage\"},\"thumbnailUrl\":\"https:\\\/\\\/www.facecorner.lv\\\/wp-content\\\/uploads\\\/2025\\\/01\\\/rus_pl_Celimax-Dual-Barrier-Mild-Gel-Cleanser-MIAGKII-GEL-DLIA-UMYVANIIA-LICA-200ml-17778_1.webp\",\"datePublished\":\"2025-01-30T12:57:51+00:00\",\"dateModified\":\"2026-01-05T11:37:28+00:00\",\"description\":\"Celimax Dual Barrier Mild Gel Cleanser ar keram\u012bdu kompleksu\u00a0 maigi att\u012bra \u0101du, netrauc\u0113jot t\u0101s aizsargfunkcijas un neboj\u0101jot lip\u012bdu apvalku.\",\"breadcrumb\":{\"@id\":\"https:\\\/\\\/www.facecorner.lv\\\/shop\\\/celimax-dual-barrier-mild-gel-cleanser-ar-keramidu-kompleksu-200ml\\\/#breadcrumb\"},\"inLanguage\":\"en-US\",\"potentialAction\":[{\"@type\":\"ReadAction\",\"target\":[\"https:\\\/\\\/www.facecorner.lv\\\/shop\\\/celimax-dual-barrier-mild-gel-cleanser-ar-keramidu-kompleksu-200ml\\\/\"]}]},{\"@type\":\"ImageObject\",\"inLanguage\":\"en-US\",\"@id\":\"https:\\\/\\\/www.facecorner.lv\\\/shop\\\/celimax-dual-barrier-mild-gel-cleanser-ar-keramidu-kompleksu-200ml\\\/#primaryimage\",\"url\":\"https:\\\/\\\/www.facecorner.lv\\\/wp-content\\\/uploads\\\/2025\\\/01\\\/rus_pl_Celimax-Dual-Barrier-Mild-Gel-Cleanser-MIAGKII-GEL-DLIA-UMYVANIIA-LICA-200ml-17778_1.webp\",\"contentUrl\":\"https:\\\/\\\/www.facecorner.lv\\\/wp-content\\\/uploads\\\/2025\\\/01\\\/rus_pl_Celimax-Dual-Barrier-Mild-Gel-Cleanser-MIAGKII-GEL-DLIA-UMYVANIIA-LICA-200ml-17778_1.webp\",\"width\":1500,\"height\":1500,\"caption\":\"Celimax Dual Barrier Mild Gel Cleanser ar keram\u012bdu kompleksu\"},{\"@type\":\"BreadcrumbList\",\"@id\":\"https:\\\/\\\/www.facecorner.lv\\\/shop\\\/celimax-dual-barrier-mild-gel-cleanser-ar-keramidu-kompleksu-200ml\\\/#breadcrumb\",\"itemListElement\":[{\"@type\":\"ListItem\",\"position\":1,\"name\":\"Home\",\"item\":\"https:\\\/\\\/www.facecorner.lv\\\/\"},{\"@type\":\"ListItem\",\"position\":2,\"name\":\"Veikals\",\"item\":\"https:\\\/\\\/www.facecorner.lv\\\/shop\\\/\"},{\"@type\":\"ListItem\",\"position\":3,\"name\":\"Celimax Dual Barrier Mild Gel Cleanser ar keram\u012bdu kompleksu 200ml\"}]},{\"@type\":\"WebSite\",\"@id\":\"https:\\\/\\\/www.facecorner.lv\\\/#website\",\"url\":\"https:\\\/\\\/www.facecorner.lv\\\/\",\"name\":\"Facecorner\",\"description\":\"\",\"publisher\":{\"@id\":\"https:\\\/\\\/www.facecorner.lv\\\/#organization\"},\"potentialAction\":[{\"@type\":\"SearchAction\",\"target\":{\"@type\":\"EntryPoint\",\"urlTemplate\":\"https:\\\/\\\/www.facecorner.lv\\\/?s={search_term_string}\"},\"query-input\":{\"@type\":\"PropertyValueSpecification\",\"valueRequired\":true,\"valueName\":\"search_term_string\"}}],\"inLanguage\":\"en-US\"},{\"@type\":\"Organization\",\"@id\":\"https:\\\/\\\/www.facecorner.lv\\\/#organization\",\"name\":\"Facecorner\",\"url\":\"https:\\\/\\\/www.facecorner.lv\\\/\",\"logo\":{\"@type\":\"ImageObject\",\"inLanguage\":\"en-US\",\"@id\":\"https:\\\/\\\/www.facecorner.lv\\\/#\\\/schema\\\/logo\\\/image\\\/\",\"url\":\"https:\\\/\\\/www.facecorner.lv\\\/wp-content\\\/uploads\\\/2024\\\/04\\\/fc-logo.jpg\",\"contentUrl\":\"https:\\\/\\\/www.facecorner.lv\\\/wp-content\\\/uploads\\\/2024\\\/04\\\/fc-logo.jpg\",\"width\":174,\"height\":28,\"caption\":\"Facecorner\"},\"image\":{\"@id\":\"https:\\\/\\\/www.facecorner.lv\\\/#\\\/schema\\\/logo\\\/image\\\/\"},\"sameAs\":[\"https:\\\/\\\/www.facebook.com\\\/profile.php?id=100063824551839\",\"https:\\\/\\\/www.instagram.com\\\/facecorner_shop\\\/\"]}]}<\/script>\n<meta property=\"product:price:amount\" content=\"19.90\" \/>\n<meta property=\"product:price:currency\" content=\"EUR\" \/>\n<meta property=\"og:availability\" content=\"out of stock\" \/>\n<meta property=\"product:availability\" content=\"out of stock\" \/>\n<meta property=\"product:condition\" content=\"new\" \/>\n<!-- \/ Yoast SEO plugin. -->","yoast_head_json":{"title":"Celimax Dual Barrier Mild Gel Cleanser ar keram\u012bdu kompleksu 200ml - FACECORNER","description":"Celimax Dual Barrier Mild Gel Cleanser ar keram\u012bdu kompleksu\u00a0 maigi att\u012bra \u0101du, netrauc\u0113jot t\u0101s aizsargfunkcijas un neboj\u0101jot lip\u012bdu apvalku.","robots":{"index":"index","follow":"follow","max-snippet":"max-snippet:-1","max-image-preview":"max-image-preview:large","max-video-preview":"max-video-preview:-1"},"canonical":"https:\/\/www.facecorner.lv\/en\/shop\/celimax-dual-barrier-mild-gel-cleanser-ar-keramidu-kompleksu-200ml\/","og_locale":"en_US","og_type":"article","og_title":"Celimax Dual Barrier Mild Gel Cleanser ar keram\u012bdu kompleksu 200ml - FACECORNER","og_description":"Celimax Dual Barrier Mild Gel Cleanser ar keram\u012bdu kompleksu\u00a0 maigi att\u012bra \u0101du, netrauc\u0113jot t\u0101s aizsargfunkcijas un neboj\u0101jot lip\u012bdu apvalku.","og_url":"https:\/\/www.facecorner.lv\/en\/shop\/celimax-dual-barrier-mild-gel-cleanser-ar-keramidu-kompleksu-200ml\/","og_site_name":"FACECORNER","article_publisher":"https:\/\/www.facebook.com\/profile.php?id=100063824551839","article_modified_time":"2026-01-05T11:37:28+00:00","og_image":[{"width":1500,"height":1500,"url":"https:\/\/www.facecorner.lv\/wp-content\/uploads\/2025\/01\/rus_pl_Celimax-Dual-Barrier-Mild-Gel-Cleanser-MIAGKII-GEL-DLIA-UMYVANIIA-LICA-200ml-17778_1.webp","type":"image\/webp"}],"twitter_card":"summary_large_image","twitter_misc":{"Price":"&euro;19.90","Availability":"Out of stock"},"schema":{"@context":"https:\/\/schema.org","@graph":[{"@type":"WebPage","@id":"https:\/\/www.facecorner.lv\/shop\/celimax-dual-barrier-mild-gel-cleanser-ar-keramidu-kompleksu-200ml\/","url":"https:\/\/www.facecorner.lv\/shop\/celimax-dual-barrier-mild-gel-cleanser-ar-keramidu-kompleksu-200ml\/","name":"Celimax Dual Barrier Mild Gel Cleanser ar keram\u012bdu kompleksu 200ml - FACECORNER","isPartOf":{"@id":"https:\/\/www.facecorner.lv\/#website"},"primaryImageOfPage":{"@id":"https:\/\/www.facecorner.lv\/shop\/celimax-dual-barrier-mild-gel-cleanser-ar-keramidu-kompleksu-200ml\/#primaryimage"},"image":{"@id":"https:\/\/www.facecorner.lv\/shop\/celimax-dual-barrier-mild-gel-cleanser-ar-keramidu-kompleksu-200ml\/#primaryimage"},"thumbnailUrl":"https:\/\/www.facecorner.lv\/wp-content\/uploads\/2025\/01\/rus_pl_Celimax-Dual-Barrier-Mild-Gel-Cleanser-MIAGKII-GEL-DLIA-UMYVANIIA-LICA-200ml-17778_1.webp","datePublished":"2025-01-30T12:57:51+00:00","dateModified":"2026-01-05T11:37:28+00:00","description":"Celimax Dual Barrier Mild Gel Cleanser ar keram\u012bdu kompleksu\u00a0 maigi att\u012bra \u0101du, netrauc\u0113jot t\u0101s aizsargfunkcijas un neboj\u0101jot lip\u012bdu apvalku.","breadcrumb":{"@id":"https:\/\/www.facecorner.lv\/shop\/celimax-dual-barrier-mild-gel-cleanser-ar-keramidu-kompleksu-200ml\/#breadcrumb"},"inLanguage":"en-US","potentialAction":[{"@type":"ReadAction","target":["https:\/\/www.facecorner.lv\/shop\/celimax-dual-barrier-mild-gel-cleanser-ar-keramidu-kompleksu-200ml\/"]}]},{"@type":"ImageObject","inLanguage":"en-US","@id":"https:\/\/www.facecorner.lv\/shop\/celimax-dual-barrier-mild-gel-cleanser-ar-keramidu-kompleksu-200ml\/#primaryimage","url":"https:\/\/www.facecorner.lv\/wp-content\/uploads\/2025\/01\/rus_pl_Celimax-Dual-Barrier-Mild-Gel-Cleanser-MIAGKII-GEL-DLIA-UMYVANIIA-LICA-200ml-17778_1.webp","contentUrl":"https:\/\/www.facecorner.lv\/wp-content\/uploads\/2025\/01\/rus_pl_Celimax-Dual-Barrier-Mild-Gel-Cleanser-MIAGKII-GEL-DLIA-UMYVANIIA-LICA-200ml-17778_1.webp","width":1500,"height":1500,"caption":"Celimax Dual Barrier Mild Gel Cleanser ar keram\u012bdu kompleksu"},{"@type":"BreadcrumbList","@id":"https:\/\/www.facecorner.lv\/shop\/celimax-dual-barrier-mild-gel-cleanser-ar-keramidu-kompleksu-200ml\/#breadcrumb","itemListElement":[{"@type":"ListItem","position":1,"name":"Home","item":"https:\/\/www.facecorner.lv\/"},{"@type":"ListItem","position":2,"name":"Veikals","item":"https:\/\/www.facecorner.lv\/shop\/"},{"@type":"ListItem","position":3,"name":"Celimax Dual Barrier Mild Gel Cleanser ar keram\u012bdu kompleksu 200ml"}]},{"@type":"WebSite","@id":"https:\/\/www.facecorner.lv\/#website","url":"https:\/\/www.facecorner.lv\/","name":"Facecorner","description":"","publisher":{"@id":"https:\/\/www.facecorner.lv\/#organization"},"potentialAction":[{"@type":"SearchAction","target":{"@type":"EntryPoint","urlTemplate":"https:\/\/www.facecorner.lv\/?s={search_term_string}"},"query-input":{"@type":"PropertyValueSpecification","valueRequired":true,"valueName":"search_term_string"}}],"inLanguage":"en-US"},{"@type":"Organization","@id":"https:\/\/www.facecorner.lv\/#organization","name":"Facecorner","url":"https:\/\/www.facecorner.lv\/","logo":{"@type":"ImageObject","inLanguage":"en-US","@id":"https:\/\/www.facecorner.lv\/#\/schema\/logo\/image\/","url":"https:\/\/www.facecorner.lv\/wp-content\/uploads\/2024\/04\/fc-logo.jpg","contentUrl":"https:\/\/www.facecorner.lv\/wp-content\/uploads\/2024\/04\/fc-logo.jpg","width":174,"height":28,"caption":"Facecorner"},"image":{"@id":"https:\/\/www.facecorner.lv\/#\/schema\/logo\/image\/"},"sameAs":["https:\/\/www.facebook.com\/profile.php?id=100063824551839","https:\/\/www.instagram.com\/facecorner_shop\/"]}]},"product_price_amount":"19.90","product_price_currency":"EUR","og_availability":"out of stock","product_availability":"out of stock","product_condition":"new"},"_links":{"self":[{"href":"https:\/\/www.facecorner.lv\/en\/wp-json\/wp\/v2\/product\/23166","targetHints":{"allow":["GET"]}}],"collection":[{"href":"https:\/\/www.facecorner.lv\/en\/wp-json\/wp\/v2\/product"}],"about":[{"href":"https:\/\/www.facecorner.lv\/en\/wp-json\/wp\/v2\/types\/product"}],"replies":[{"embeddable":true,"href":"https:\/\/www.facecorner.lv\/en\/wp-json\/wp\/v2\/comments?post=23166"}],"wp:featuredmedia":[{"embeddable":true,"href":"https:\/\/www.facecorner.lv\/en\/wp-json\/wp\/v2\/media\/23167"}],"wp:attachment":[{"href":"https:\/\/www.facecorner.lv\/en\/wp-json\/wp\/v2\/media?parent=23166"}],"wp:term":[{"taxonomy":"product_brand","embeddable":true,"href":"https:\/\/www.facecorner.lv\/en\/wp-json\/wp\/v2\/product_brand?post=23166"},{"taxonomy":"product_cat","embeddable":true,"href":"https:\/\/www.facecorner.lv\/en\/wp-json\/wp\/v2\/product_cat?post=23166"},{"taxonomy":"product_tag","embeddable":true,"href":"https:\/\/www.facecorner.lv\/en\/wp-json\/wp\/v2\/product_tag?post=23166"},{"taxonomy":"berocket_brand","embeddable":true,"href":"https:\/\/www.facecorner.lv\/en\/wp-json\/wp\/v2\/berocket_brand?post=23166"}],"curies":[{"name":"wp","href":"https:\/\/api.w.org\/{rel}","templated":true}]}}